{"id":655,"date":"2022-03-09T14:05:35","date_gmt":"2022-03-09T13:05:35","guid":{"rendered":"https:\/\/mills.no\/baerekraftrapport-2021\/?page_id=655"},"modified":"2024-02-07T09:17:15","modified_gmt":"2024-02-07T08:17:15","slug":"om-rapporten","status":"publish","type":"page","link":"https:\/\/mills.no\/baerekraftrapport-2021\/om-rapporten\/","title":{"rendered":"Om rapporten"},"content":{"rendered":"<div class=\"mills-block-featured alignwide alignwide wp-block-mills-block-featured\"><img loading=\"lazy\" decoding=\"async\" width=\"1920\" height=\"1280\" style=\"width:100%;height:100%;object-fit:cover\" src=\"https:\/\/mills.no\/content\/uploads\/sites\/16\/2022\/03\/Mills_Fasade-26.jpg\" class=\"wp-block-cover__image-background\" alt=\"Mills hovedkontorbygg fasade\" srcset=\"https:\/\/mills.no\/content\/uploads\/sites\/16\/2022\/03\/Mills_Fasade-26.jpg 1920w, https:\/\/mills.no\/content\/uploads\/sites\/16\/2022\/03\/Mills_Fasade-26-300x200.jpg 300w, https:\/\/mills.no\/content\/uploads\/sites\/16\/2022\/03\/Mills_Fasade-26-1024x683.jpg 1024w, https:\/\/mills.no\/content\/uploads\/sites\/16\/2022\/03\/Mills_Fasade-26-768x512.jpg 768w, https:\/\/mills.no\/content\/uploads\/sites\/16\/2022\/03\/Mills_Fasade-26-1536x1024.jpg 1536w, https:\/\/mills.no\/content\/uploads\/sites\/16\/2022\/03\/Mills_Fasade-26-80x53.jpg 80w\" sizes=\"auto, (max-width: 1920px) 100vw, 1920px\" \/><div class=\"wp-block-cover__inner-container\">\n<h1 class=\"has-text-align-center wp-block-post-title has-text-color has-neutral-1000-color\">Om rapporten<\/h1>\n\n<p class=\"t2-ingress has-text-align-center align wp-block-t2-ingress\">Mills har utarbeidet \u00e5rlige rapporter\u00a0som har omhandlet milj\u00f8, HMS og\u00a0sosialt ansvar siden 2004. Neste \u00e5rs\u00a0rapport er estimert ferdigstilt ved\u00a0utgangen av f\u00f8rste kvartal 2023.<\/p>\n<\/div><\/div>\n\n\n\t\t<div class=\"is-style-vertical-spacing alignwide is-section-text wp-block-mills-section\">\n\t\t\t<div class=\"wp-block-mills-section__inner aligncenter\">\n\t\t\t\t\n\n<h2 class=\"wp-block-heading\" id=\"h-rapporteringsperiode\">Rapporteringsperiode <\/h2>\n\n\n\n<p>Denne rapporten inneholder resultater fra kalender\u00e5ret 2021. Innholdet er utarbeidet gjennom bred involvering av organisasjonen og dokumentet behandles i ledergruppe og styre. \u200b<\/p>\n\n\n\n<h2 class=\"wp-block-heading\">GRI-standard<\/h2>\n\n\n\n<p>Vi f\u00f8lger relevante GRI-indikatorer&nbsp;i v\u00e5rt&nbsp;rapporteringsoppsett. En oversikt over&nbsp;hvilke punkter vi rapporterer p\u00e5, med&nbsp;sidehenvisning, <a href=\"https:\/\/mills.no\/baerekraftrapport-2021\/gri-indikatorer-i-rapporten\/\" target=\"_blank\" rel=\"noreferrer noopener\">finnes&nbsp;her.\u200b<\/a><\/p>\n\n\n\n<h2 class=\"wp-block-heading\">I redaksjonen<\/h2>\n\n\n\n<ul class=\"wp-block-list\"><li>Kjersti Johannessen&nbsp;\u200b<\/li><li>Grete Godtland Noem\u200b<\/li><li>Mona&nbsp;Brandsdal\u200b<\/li><li>Ida Henriksen&nbsp;\u200b<\/li><li>Emilie&nbsp;Olderskog&nbsp;\u200b<\/li><\/ul>\n\n\n\n<p>Takk&nbsp;til&nbsp;kolleger&nbsp;for&nbsp;bidrag&nbsp;i&nbsp;form&nbsp;av&nbsp;tekst&nbsp;og&nbsp;bilder.&nbsp;&nbsp;<\/p>\n\n\n\n<h2 class=\"wp-block-heading\">Kontaktpunkt<\/h2>\n\n\n\n<p>For sp\u00f8rsm\u00e5l om rapporten, ta gjerne&nbsp;kontakt med direkt\u00f8r for b\u00e6rekraft og&nbsp;samfunnskontakt, Emilie Olderskog&nbsp;<a href=\"mailto:emilie.olderskog@agra.no\" target=\"_blank\" rel=\"noreferrer noopener\">emilie.olderskog@agra.no<\/a><\/p>\n\n\n\t\t\t<\/div>\n\t\t<\/div>\n\n\n\t\t<div class=\"has-background has-background-3-background-color is-style-vertical-spacing alignfull is-section-text wp-block-mills-section has-background has-background-3-background-color\">\n\t\t\t<div class=\"wp-block-mills-section__inner alignwide\">\n\t\t\t\t\n\n<h2 class=\"has-text-align-center wp-block-heading\" id=\"h-mal-og-resultater-for-hovedomradene-i-var-baerekraftstrategi\">M\u00e5l og resultater for hovedomr\u00e5dene i v\u00e5r b\u00e6rekraftstrategi<\/h2>\n\n\n<ul class=\"t2-link-list has-8-items has-auto-columns is-style-three-cols wp-block-t2-link-list\">\n\t<li class=\"t2-link-list-item wp-block-t2-link-list-item\">\n\t\t<a\n\t\t\thref=\"https:\/\/mills.no\/baerekraftrapport-2021\/sunnere-produkter\/\"\n\t\t\tclass=\"t2-link-list-item__link t2-link-list__icon--left\"\n\t\t\t\t\t>\n\t\t\t<span class=\"t2-link-list-item__icon\"><span class=\"t2-link-list-item__icon-box\"><\/span><svg xmlns=\"http:\/\/www.w3.org\/2000\/svg\" viewBox=\"0 0 24 24\" height=\"24\" width=\"24\" class=\"t2-icon t2-icon-arrowforward\" aria-hidden=\"true\" focusable=\"false\"><path d=\"M11.3 19.3c-.2-.2-.3-.4-.3-.7 0-.3.1-.5.3-.7l4.9-4.9H5c-.3 0-.5-.1-.7-.3-.2-.2-.3-.4-.3-.7s.1-.5.3-.7c.2-.2.4-.3.7-.3h11.2l-4.9-4.9c-.2-.2-.3-.4-.3-.7 0-.3.1-.5.3-.7.2-.2.4-.3.7-.3s.5.1.7.3l6.6 6.6c.1.1.2.2.2.3 0 .1.1.3.1.4 0 .1 0 .3-.1.4 0 .1-.1.2-.2.3l-6.6 6.6c-.2.2-.4.3-.7.3s-.5-.1-.7-.3z\" fill=\"currentColor\" \/><\/svg><\/span>\t\t\t<div class=\"t2-link-list-item__content\">\n\n\t\t\t\t\n\t\t\t\t<span id=\"link-list-item-text\" class=\"t2-link-list-item__text\">\n\t\t\t\t\tSunnere produkter\t\t\t\t<\/span>\n\t\t\t\t<span id=\"link-list-item-description\" class=\"t2-link-list-item__description\">Vi tilbyr sunnere produkter fra planteriket og havet. <\/span>\t\t\t<\/div>\n\t\t<\/a>\n\t<\/li>\n\t\n\n\t<li class=\"t2-link-list-item wp-block-t2-link-list-item\">\n\t\t<a\n\t\t\thref=\"https:\/\/mills.no\/baerekraftrapport-2021\/trygg-mat\/\"\n\t\t\tclass=\"t2-link-list-item__link t2-link-list__icon--left\"\n\t\t\t\t\t>\n\t\t\t<span class=\"t2-link-list-item__icon\"><span class=\"t2-link-list-item__icon-box\"><\/span><svg xmlns=\"http:\/\/www.w3.org\/2000\/svg\" viewBox=\"0 0 24 24\" height=\"24\" width=\"24\" class=\"t2-icon t2-icon-arrowforward\" aria-hidden=\"true\" focusable=\"false\"><path d=\"M11.3 19.3c-.2-.2-.3-.4-.3-.7 0-.3.1-.5.3-.7l4.9-4.9H5c-.3 0-.5-.1-.7-.3-.2-.2-.3-.4-.3-.7s.1-.5.3-.7c.2-.2.4-.3.7-.3h11.2l-4.9-4.9c-.2-.2-.3-.4-.3-.7 0-.3.1-.5.3-.7.2-.2.4-.3.7-.3s.5.1.7.3l6.6 6.6c.1.1.2.2.2.3 0 .1.1.3.1.4 0 .1 0 .3-.1.4 0 .1-.1.2-.2.3l-6.6 6.6c-.2.2-.4.3-.7.3s-.5-.1-.7-.3z\" fill=\"currentColor\" \/><\/svg><\/span>\t\t\t<div class=\"t2-link-list-item__content\">\n\n\t\t\t\t\n\t\t\t\t<span id=\"link-list-item-text-1\" class=\"t2-link-list-item__text\">\n\t\t\t\t\tTrygg mat\t\t\t\t<\/span>\n\t\t\t\t<span id=\"link-list-item-description-1\" class=\"t2-link-list-item__description\">Alle v\u00e5re varer skal  produseres p\u00e5 en sikker m\u00e5te.<\/span>\t\t\t<\/div>\n\t\t<\/a>\n\t<\/li>\n\t\n\n\t<li class=\"t2-link-list-item wp-block-t2-link-list-item\">\n\t\t<a\n\t\t\thref=\"https:\/\/mills.no\/baerekraftrapport-2021\/ansvarlig-arbeidsgiver\/\"\n\t\t\tclass=\"t2-link-list-item__link t2-link-list__icon--left\"\n\t\t\t\t\t>\n\t\t\t<span class=\"t2-link-list-item__icon\"><span class=\"t2-link-list-item__icon-box\"><\/span><svg xmlns=\"http:\/\/www.w3.org\/2000\/svg\" viewBox=\"0 0 24 24\" height=\"24\" width=\"24\" class=\"t2-icon t2-icon-arrowforward\" aria-hidden=\"true\" focusable=\"false\"><path d=\"M11.3 19.3c-.2-.2-.3-.4-.3-.7 0-.3.1-.5.3-.7l4.9-4.9H5c-.3 0-.5-.1-.7-.3-.2-.2-.3-.4-.3-.7s.1-.5.3-.7c.2-.2.4-.3.7-.3h11.2l-4.9-4.9c-.2-.2-.3-.4-.3-.7 0-.3.1-.5.3-.7.2-.2.4-.3.7-.3s.5.1.7.3l6.6 6.6c.1.1.2.2.2.3 0 .1.1.3.1.4 0 .1 0 .3-.1.4 0 .1-.1.2-.2.3l-6.6 6.6c-.2.2-.4.3-.7.3s-.5-.1-.7-.3z\" fill=\"currentColor\" \/><\/svg><\/span>\t\t\t<div class=\"t2-link-list-item__content\">\n\n\t\t\t\t\n\t\t\t\t<span id=\"link-list-item-text-2\" class=\"t2-link-list-item__text\">\n\t\t\t\t\tAnsvarlig arbeidsgiver\t\t\t\t<\/span>\n\t\t\t\t<span id=\"link-list-item-description-2\" class=\"t2-link-list-item__description\">V\u00e5re medarbeidere skal ha en trygg arbeidsplass, hvor alle trives og opplever utvikling. <\/span>\t\t\t<\/div>\n\t\t<\/a>\n\t<\/li>\n\t\n\n\t<li class=\"t2-link-list-item wp-block-t2-link-list-item\">\n\t\t<a\n\t\t\thref=\"https:\/\/mills.no\/baerekraftrapport-2021\/etikk-og-miljo-i-leverandorkjeden\/\"\n\t\t\tclass=\"t2-link-list-item__link t2-link-list__icon--left\"\n\t\t\t\t\t>\n\t\t\t<span class=\"t2-link-list-item__icon\"><span class=\"t2-link-list-item__icon-box\"><\/span><svg xmlns=\"http:\/\/www.w3.org\/2000\/svg\" viewBox=\"0 0 24 24\" height=\"24\" width=\"24\" class=\"t2-icon t2-icon-arrowforward\" aria-hidden=\"true\" focusable=\"false\"><path d=\"M11.3 19.3c-.2-.2-.3-.4-.3-.7 0-.3.1-.5.3-.7l4.9-4.9H5c-.3 0-.5-.1-.7-.3-.2-.2-.3-.4-.3-.7s.1-.5.3-.7c.2-.2.4-.3.7-.3h11.2l-4.9-4.9c-.2-.2-.3-.4-.3-.7 0-.3.1-.5.3-.7.2-.2.4-.3.7-.3s.5.1.7.3l6.6 6.6c.1.1.2.2.2.3 0 .1.1.3.1.4 0 .1 0 .3-.1.4 0 .1-.1.2-.2.3l-6.6 6.6c-.2.2-.4.3-.7.3s-.5-.1-.7-.3z\" fill=\"currentColor\" \/><\/svg><\/span>\t\t\t<div class=\"t2-link-list-item__content\">\n\n\t\t\t\t\n\t\t\t\t<span id=\"link-list-item-text-3\" class=\"t2-link-list-item__text\">\n\t\t\t\t\tEtikk og milj\u00f8 i leverand\u00f8rkjeden\t\t\t\t<\/span>\n\t\t\t\t<span id=\"link-list-item-description-3\" class=\"t2-link-list-item__description\">Gjennom v\u00e5re mange leverand\u00f8rer p\u00e5virker vi arbeidere og lokalmilj\u00f8 i store deler av verden. Les mer. <\/span>\t\t\t<\/div>\n\t\t<\/a>\n\t<\/li>\n\t\n\n\t<li class=\"t2-link-list-item wp-block-t2-link-list-item\">\n\t\t<a\n\t\t\thref=\"https:\/\/mills.no\/baerekraftrapport-2021\/emballasje\/\"\n\t\t\tclass=\"t2-link-list-item__link t2-link-list__icon--left\"\n\t\t\t\t\t>\n\t\t\t<span class=\"t2-link-list-item__icon\"><span class=\"t2-link-list-item__icon-box\"><\/span><svg xmlns=\"http:\/\/www.w3.org\/2000\/svg\" viewBox=\"0 0 24 24\" height=\"24\" width=\"24\" class=\"t2-icon t2-icon-arrowforward\" aria-hidden=\"true\" focusable=\"false\"><path d=\"M11.3 19.3c-.2-.2-.3-.4-.3-.7 0-.3.1-.5.3-.7l4.9-4.9H5c-.3 0-.5-.1-.7-.3-.2-.2-.3-.4-.3-.7s.1-.5.3-.7c.2-.2.4-.3.7-.3h11.2l-4.9-4.9c-.2-.2-.3-.4-.3-.7 0-.3.1-.5.3-.7.2-.2.4-.3.7-.3s.5.1.7.3l6.6 6.6c.1.1.2.2.2.3 0 .1.1.3.1.4 0 .1 0 .3-.1.4 0 .1-.1.2-.2.3l-6.6 6.6c-.2.2-.4.3-.7.3s-.5-.1-.7-.3z\" fill=\"currentColor\" \/><\/svg><\/span>\t\t\t<div class=\"t2-link-list-item__content\">\n\n\t\t\t\t\n\t\t\t\t<span id=\"link-list-item-text-4\" class=\"t2-link-list-item__text\">\n\t\t\t\t\tEmballasje\t\t\t\t<\/span>\n\t\t\t\t<span id=\"link-list-item-description-4\" class=\"t2-link-list-item__description\">Mindre materialbruk og bytte til materialer som lar seg gjenvinne har stor p\u00e5virkning. \u200bLes mer. <\/span>\t\t\t<\/div>\n\t\t<\/a>\n\t<\/li>\n\t\n\n\t<li class=\"t2-link-list-item wp-block-t2-link-list-item\">\n\t\t<a\n\t\t\thref=\"https:\/\/mills.no\/baerekraftrapport-2021\/matsvinn\/\"\n\t\t\tclass=\"t2-link-list-item__link t2-link-list__icon--left\"\n\t\t\t\t\t>\n\t\t\t<span class=\"t2-link-list-item__icon\"><span class=\"t2-link-list-item__icon-box\"><\/span><svg xmlns=\"http:\/\/www.w3.org\/2000\/svg\" viewBox=\"0 0 24 24\" height=\"24\" width=\"24\" class=\"t2-icon t2-icon-arrowforward\" aria-hidden=\"true\" focusable=\"false\"><path d=\"M11.3 19.3c-.2-.2-.3-.4-.3-.7 0-.3.1-.5.3-.7l4.9-4.9H5c-.3 0-.5-.1-.7-.3-.2-.2-.3-.4-.3-.7s.1-.5.3-.7c.2-.2.4-.3.7-.3h11.2l-4.9-4.9c-.2-.2-.3-.4-.3-.7 0-.3.1-.5.3-.7.2-.2.4-.3.7-.3s.5.1.7.3l6.6 6.6c.1.1.2.2.2.3 0 .1.1.3.1.4 0 .1 0 .3-.1.4 0 .1-.1.2-.2.3l-6.6 6.6c-.2.2-.4.3-.7.3s-.5-.1-.7-.3z\" fill=\"currentColor\" \/><\/svg><\/span>\t\t\t<div class=\"t2-link-list-item__content\">\n\n\t\t\t\t\n\t\t\t\t<span id=\"link-list-item-text-5\" class=\"t2-link-list-item__text\">\n\t\t\t\t\tMatsvinn\t\t\t\t<\/span>\n\t\t\t\t<span id=\"link-list-item-description-5\" class=\"t2-link-list-item__description\">Vi gj\u00f8r alt for \u00e5 redusere matsvinn i egen produksjon.  <\/span>\t\t\t<\/div>\n\t\t<\/a>\n\t<\/li>\n\t\n\n\t<li class=\"t2-link-list-item wp-block-t2-link-list-item\">\n\t\t<a\n\t\t\thref=\"https:\/\/mills.no\/baerekraftrapport-2021\/klima-og-miljo\/\"\n\t\t\tclass=\"t2-link-list-item__link t2-link-list__icon--left\"\n\t\t\t\t\t>\n\t\t\t<span class=\"t2-link-list-item__icon\"><span class=\"t2-link-list-item__icon-box\"><\/span><svg xmlns=\"http:\/\/www.w3.org\/2000\/svg\" viewBox=\"0 0 24 24\" height=\"24\" width=\"24\" class=\"t2-icon t2-icon-arrowforward\" aria-hidden=\"true\" focusable=\"false\"><path d=\"M11.3 19.3c-.2-.2-.3-.4-.3-.7 0-.3.1-.5.3-.7l4.9-4.9H5c-.3 0-.5-.1-.7-.3-.2-.2-.3-.4-.3-.7s.1-.5.3-.7c.2-.2.4-.3.7-.3h11.2l-4.9-4.9c-.2-.2-.3-.4-.3-.7 0-.3.1-.5.3-.7.2-.2.4-.3.7-.3s.5.1.7.3l6.6 6.6c.1.1.2.2.2.3 0 .1.1.3.1.4 0 .1 0 .3-.1.4 0 .1-.1.2-.2.3l-6.6 6.6c-.2.2-.4.3-.7.3s-.5-.1-.7-.3z\" fill=\"currentColor\" \/><\/svg><\/span>\t\t\t<div class=\"t2-link-list-item__content\">\n\n\t\t\t\t\n\t\t\t\t<span id=\"link-list-item-text-6\" class=\"t2-link-list-item__text\">\n\t\t\t\t\tKlima og milj\u00f8\t\t\t\t<\/span>\n\t\t\t\t<span id=\"link-list-item-description-6\" class=\"t2-link-list-item__description\">Bruk av r\u00e5varer, emballasje, produksjon og transport har f\u00f8lger for klimaavtrykket. <\/span>\t\t\t<\/div>\n\t\t<\/a>\n\t<\/li>\n\t\n\n\t<li class=\"t2-link-list-item wp-block-t2-link-list-item\">\n\t\t<a\n\t\t\thref=\"https:\/\/mills.no\/baerekraftrapport-2021\/samarbeid\/\"\n\t\t\tclass=\"t2-link-list-item__link t2-link-list__icon--left\"\n\t\t\t\t\t>\n\t\t\t<span class=\"t2-link-list-item__icon\"><span class=\"t2-link-list-item__icon-box\"><\/span><svg xmlns=\"http:\/\/www.w3.org\/2000\/svg\" viewBox=\"0 0 24 24\" height=\"24\" width=\"24\" class=\"t2-icon t2-icon-arrowforward\" aria-hidden=\"true\" focusable=\"false\"><path d=\"M11.3 19.3c-.2-.2-.3-.4-.3-.7 0-.3.1-.5.3-.7l4.9-4.9H5c-.3 0-.5-.1-.7-.3-.2-.2-.3-.4-.3-.7s.1-.5.3-.7c.2-.2.4-.3.7-.3h11.2l-4.9-4.9c-.2-.2-.3-.4-.3-.7 0-.3.1-.5.3-.7.2-.2.4-.3.7-.3s.5.1.7.3l6.6 6.6c.1.1.2.2.2.3 0 .1.1.3.1.4 0 .1 0 .3-.1.4 0 .1-.1.2-.2.3l-6.6 6.6c-.2.2-.4.3-.7.3s-.5-.1-.7-.3z\" fill=\"currentColor\" \/><\/svg><\/span>\t\t\t<div class=\"t2-link-list-item__content\">\n\n\t\t\t\t\n\t\t\t\t<span id=\"link-list-item-text-7\" class=\"t2-link-list-item__text\">\n\t\t\t\t\tSamarbeid\t\t\t\t<\/span>\n\t\t\t\t<span id=\"link-list-item-description-7\" class=\"t2-link-list-item__description\">N\u00e6r dialog og smart samarbeid med v\u00e5re interessenter gj\u00f8r at vi n\u00e5r felles m\u00e5l raskere. <\/span>\t\t\t<\/div>\n\t\t<\/a>\n\t<\/li>\n\t\n<\/ul>\n\n\t\t\t<\/div>\n\t\t<\/div>","protected":false},"excerpt":{"rendered":"<p>Mills har utarbeidet \u00e5rlige rapporter\u00a0som har omhandlet milj\u00f8, HMS og\u00a0sosialt ansvar siden 2004. Neste \u00e5rs\u00a0rapport er estimert ferdigstilt ved\u00a0utgangen av&hellip;<\/p>\n","protected":false},"author":2,"featured_media":583,"parent":0,"menu_order":0,"comment_status":"closed","ping_status":"closed","template":"","meta":{"_searchwp_excluded":"","hide_post_title":false,"footnotes":""},"class_list":["post-655","page","type-page","status-publish","has-post-thumbnail","hentry"],"yoast_head":"<!-- This site is optimized with the Yoast SEO Premium plugin v26.9 (Yoast SEO v26.9) - https:\/\/yoast.com\/product\/yoast-seo-premium-wordpress\/ -->\n<title>Om rapporten - B\u00e6rekraftrapport 2021<\/title>\n<meta name=\"robots\" content=\"index, follow, max-snippet:-1, max-image-preview:large, max-video-preview:-1\" \/>\n<link rel=\"canonical\" href=\"https:\/\/mills.no\/baerekraftrapport-2021\/om-rapporten\/\" \/>\n<meta property=\"og:locale\" content=\"nb_NO\" \/>\n<meta property=\"og:type\" content=\"article\" \/>\n<meta property=\"og:title\" content=\"Om rapporten\" \/>\n<meta property=\"og:description\" content=\"Mills har utarbeidet \u00e5rlige rapporter\u00a0som har omhandlet milj\u00f8, HMS og\u00a0sosialt ansvar siden 2004. Neste \u00e5rs\u00a0rapport er estimert ferdigstilt ved\u00a0utgangen av&hellip;\" \/>\n<meta property=\"og:url\" content=\"https:\/\/mills.no\/baerekraftrapport-2021\/om-rapporten\/\" \/>\n<meta property=\"og:site_name\" content=\"B\u00e6rekraftrapport 2021\" \/>\n<meta property=\"article:modified_time\" content=\"2024-02-07T08:17:15+00:00\" \/>\n<meta property=\"og:image\" content=\"https:\/\/mills.no\/content\/uploads\/sites\/16\/2022\/03\/Mills_Fasade-26.jpg\" \/>\n\t<meta property=\"og:image:width\" content=\"1920\" \/>\n\t<meta property=\"og:image:height\" content=\"1280\" \/>\n\t<meta property=\"og:image:type\" content=\"image\/jpeg\" \/>\n<meta name=\"twitter:card\" content=\"summary_large_image\" \/>\n<meta name=\"twitter:label1\" content=\"Ansl. lesetid\" \/>\n\t<meta name=\"twitter:data1\" content=\"1 minutt\" \/>\n<script type=\"application\/ld+json\" class=\"yoast-schema-graph\">{\"@context\":\"https:\/\/schema.org\",\"@graph\":[{\"@type\":\"WebPage\",\"@id\":\"https:\/\/mills.no\/baerekraftrapport-2021\/om-rapporten\/\",\"url\":\"https:\/\/mills.no\/baerekraftrapport-2021\/om-rapporten\/\",\"name\":\"Om rapporten - B\u00e6rekraftrapport 2021\",\"isPartOf\":{\"@id\":\"https:\/\/mills.no\/baerekraftrapport-2021\/#website\"},\"primaryImageOfPage\":{\"@id\":\"https:\/\/mills.no\/baerekraftrapport-2021\/om-rapporten\/#primaryimage\"},\"image\":{\"@id\":\"https:\/\/mills.no\/baerekraftrapport-2021\/om-rapporten\/#primaryimage\"},\"thumbnailUrl\":\"https:\/\/mills.no\/content\/uploads\/sites\/16\/2022\/03\/Mills_Fasade-26.jpg\",\"datePublished\":\"2022-03-09T13:05:35+00:00\",\"dateModified\":\"2024-02-07T08:17:15+00:00\",\"breadcrumb\":{\"@id\":\"https:\/\/mills.no\/baerekraftrapport-2021\/om-rapporten\/#breadcrumb\"},\"inLanguage\":\"nb-NO\",\"potentialAction\":[{\"@type\":\"ReadAction\",\"target\":[\"https:\/\/mills.no\/baerekraftrapport-2021\/om-rapporten\/\"]}]},{\"@type\":\"ImageObject\",\"inLanguage\":\"nb-NO\",\"@id\":\"https:\/\/mills.no\/baerekraftrapport-2021\/om-rapporten\/#primaryimage\",\"url\":\"https:\/\/mills.no\/content\/uploads\/sites\/16\/2022\/03\/Mills_Fasade-26.jpg\",\"contentUrl\":\"https:\/\/mills.no\/content\/uploads\/sites\/16\/2022\/03\/Mills_Fasade-26.jpg\",\"width\":1920,\"height\":1280,\"caption\":\"Mills hovedkontorbygg fasade\"},{\"@type\":\"BreadcrumbList\",\"@id\":\"https:\/\/mills.no\/baerekraftrapport-2021\/om-rapporten\/#breadcrumb\",\"itemListElement\":[{\"@type\":\"ListItem\",\"position\":1,\"name\":\"Home\",\"item\":\"https:\/\/mills.no\/baerekraftrapport-2021\/\"},{\"@type\":\"ListItem\",\"position\":2,\"name\":\"Om rapporten\"}]},{\"@type\":\"WebSite\",\"@id\":\"https:\/\/mills.no\/baerekraftrapport-2021\/#website\",\"url\":\"https:\/\/mills.no\/baerekraftrapport-2021\/\",\"name\":\"B\u00e6rekraftrapport 2021\",\"description\":\"\",\"publisher\":{\"@id\":\"https:\/\/mills.no\/baerekraftrapport-2021\/#organization\"},\"potentialAction\":[{\"@type\":\"SearchAction\",\"target\":{\"@type\":\"EntryPoint\",\"urlTemplate\":\"https:\/\/mills.no\/baerekraftrapport-2021\/?s={search_term_string}\"},\"query-input\":{\"@type\":\"PropertyValueSpecification\",\"valueRequired\":true,\"valueName\":\"search_term_string\"}}],\"inLanguage\":\"nb-NO\"},{\"@type\":\"Organization\",\"@id\":\"https:\/\/mills.no\/baerekraftrapport-2021\/#organization\",\"name\":\"B\u00e6rekraftrapport 2021\",\"url\":\"https:\/\/mills.no\/baerekraftrapport-2021\/\",\"logo\":{\"@type\":\"ImageObject\",\"inLanguage\":\"nb-NO\",\"@id\":\"https:\/\/mills.no\/baerekraftrapport-2021\/#\/schema\/logo\/image\/\",\"url\":\"https:\/\/mills.no\/content\/uploads\/sites\/16\/2022\/03\/logo_mills_ramme.png\",\"contentUrl\":\"https:\/\/mills.no\/content\/uploads\/sites\/16\/2022\/03\/logo_mills_ramme.png\",\"width\":130,\"height\":72,\"caption\":\"B\u00e6rekraftrapport 2021\"},\"image\":{\"@id\":\"https:\/\/mills.no\/baerekraftrapport-2021\/#\/schema\/logo\/image\/\"}}]}<\/script>\n<!-- \/ Yoast SEO Premium plugin. -->","yoast_head_json":{"title":"Om rapporten - B\u00e6rekraftrapport 2021","robots":{"index":"index","follow":"follow","max-snippet":"max-snippet:-1","max-image-preview":"max-image-preview:large","max-video-preview":"max-video-preview:-1"},"canonical":"https:\/\/mills.no\/baerekraftrapport-2021\/om-rapporten\/","og_locale":"nb_NO","og_type":"article","og_title":"Om rapporten","og_description":"Mills har utarbeidet \u00e5rlige rapporter\u00a0som har omhandlet milj\u00f8, HMS og\u00a0sosialt ansvar siden 2004. Neste \u00e5rs\u00a0rapport er estimert ferdigstilt ved\u00a0utgangen av&hellip;","og_url":"https:\/\/mills.no\/baerekraftrapport-2021\/om-rapporten\/","og_site_name":"B\u00e6rekraftrapport 2021","article_modified_time":"2024-02-07T08:17:15+00:00","og_image":[{"width":1920,"height":1280,"url":"https:\/\/mills.no\/content\/uploads\/sites\/16\/2022\/03\/Mills_Fasade-26.jpg","type":"image\/jpeg"}],"twitter_card":"summary_large_image","twitter_misc":{"Ansl. lesetid":"1 minutt"},"schema":{"@context":"https:\/\/schema.org","@graph":[{"@type":"WebPage","@id":"https:\/\/mills.no\/baerekraftrapport-2021\/om-rapporten\/","url":"https:\/\/mills.no\/baerekraftrapport-2021\/om-rapporten\/","name":"Om rapporten - B\u00e6rekraftrapport 2021","isPartOf":{"@id":"https:\/\/mills.no\/baerekraftrapport-2021\/#website"},"primaryImageOfPage":{"@id":"https:\/\/mills.no\/baerekraftrapport-2021\/om-rapporten\/#primaryimage"},"image":{"@id":"https:\/\/mills.no\/baerekraftrapport-2021\/om-rapporten\/#primaryimage"},"thumbnailUrl":"https:\/\/mills.no\/content\/uploads\/sites\/16\/2022\/03\/Mills_Fasade-26.jpg","datePublished":"2022-03-09T13:05:35+00:00","dateModified":"2024-02-07T08:17:15+00:00","breadcrumb":{"@id":"https:\/\/mills.no\/baerekraftrapport-2021\/om-rapporten\/#breadcrumb"},"inLanguage":"nb-NO","potentialAction":[{"@type":"ReadAction","target":["https:\/\/mills.no\/baerekraftrapport-2021\/om-rapporten\/"]}]},{"@type":"ImageObject","inLanguage":"nb-NO","@id":"https:\/\/mills.no\/baerekraftrapport-2021\/om-rapporten\/#primaryimage","url":"https:\/\/mills.no\/content\/uploads\/sites\/16\/2022\/03\/Mills_Fasade-26.jpg","contentUrl":"https:\/\/mills.no\/content\/uploads\/sites\/16\/2022\/03\/Mills_Fasade-26.jpg","width":1920,"height":1280,"caption":"Mills hovedkontorbygg fasade"},{"@type":"BreadcrumbList","@id":"https:\/\/mills.no\/baerekraftrapport-2021\/om-rapporten\/#breadcrumb","itemListElement":[{"@type":"ListItem","position":1,"name":"Home","item":"https:\/\/mills.no\/baerekraftrapport-2021\/"},{"@type":"ListItem","position":2,"name":"Om rapporten"}]},{"@type":"WebSite","@id":"https:\/\/mills.no\/baerekraftrapport-2021\/#website","url":"https:\/\/mills.no\/baerekraftrapport-2021\/","name":"B\u00e6rekraftrapport 2021","description":"","publisher":{"@id":"https:\/\/mills.no\/baerekraftrapport-2021\/#organization"},"potentialAction":[{"@type":"SearchAction","target":{"@type":"EntryPoint","urlTemplate":"https:\/\/mills.no\/baerekraftrapport-2021\/?s={search_term_string}"},"query-input":{"@type":"PropertyValueSpecification","valueRequired":true,"valueName":"search_term_string"}}],"inLanguage":"nb-NO"},{"@type":"Organization","@id":"https:\/\/mills.no\/baerekraftrapport-2021\/#organization","name":"B\u00e6rekraftrapport 2021","url":"https:\/\/mills.no\/baerekraftrapport-2021\/","logo":{"@type":"ImageObject","inLanguage":"nb-NO","@id":"https:\/\/mills.no\/baerekraftrapport-2021\/#\/schema\/logo\/image\/","url":"https:\/\/mills.no\/content\/uploads\/sites\/16\/2022\/03\/logo_mills_ramme.png","contentUrl":"https:\/\/mills.no\/content\/uploads\/sites\/16\/2022\/03\/logo_mills_ramme.png","width":130,"height":72,"caption":"B\u00e6rekraftrapport 2021"},"image":{"@id":"https:\/\/mills.no\/baerekraftrapport-2021\/#\/schema\/logo\/image\/"}}]}},"_links":{"self":[{"href":"https:\/\/mills.no\/baerekraftrapport-2021\/wp-json\/wp\/v2\/pages\/655","targetHints":{"allow":["GET"]}}],"collection":[{"href":"https:\/\/mills.no\/baerekraftrapport-2021\/wp-json\/wp\/v2\/pages"}],"about":[{"href":"https:\/\/mills.no\/baerekraftrapport-2021\/wp-json\/wp\/v2\/types\/page"}],"author":[{"embeddable":true,"href":"https:\/\/mills.no\/baerekraftrapport-2021\/wp-json\/wp\/v2\/users\/2"}],"replies":[{"embeddable":true,"href":"https:\/\/mills.no\/baerekraftrapport-2021\/wp-json\/wp\/v2\/comments?post=655"}],"version-history":[{"count":8,"href":"https:\/\/mills.no\/baerekraftrapport-2021\/wp-json\/wp\/v2\/pages\/655\/revisions"}],"predecessor-version":[{"id":1248,"href":"https:\/\/mills.no\/baerekraftrapport-2021\/wp-json\/wp\/v2\/pages\/655\/revisions\/1248"}],"wp:featuredmedia":[{"embeddable":true,"href":"https:\/\/mills.no\/baerekraftrapport-2021\/wp-json\/wp\/v2\/media\/583"}],"wp:attachment":[{"href":"https:\/\/mills.no\/baerekraftrapport-2021\/wp-json\/wp\/v2\/media?parent=655"}],"curies":[{"name":"wp","href":"https:\/\/api.w.org\/{rel}","templated":true}]}}