{"id":23,"date":"2023-03-09T08:10:46","date_gmt":"2023-03-09T08:10:46","guid":{"rendered":"https:\/\/mills.no\/baerekraftrapport-2022\/?page_id=23"},"modified":"2024-02-07T08:17:24","modified_gmt":"2024-02-07T08:17:24","slug":"gri-indikatorer-i-rapporten","status":"publish","type":"page","link":"https:\/\/mills.no\/baerekraftrapport-2022\/gri-indikatorer-i-rapporten\/","title":{"rendered":"GRI-indikatorer i rapporten"},"content":{"rendered":"<div class=\"mills-block-featured alignwide alignwide wp-block-mills-block-featured\"><div class=\"wp-block-cover__inner-container\">\n<h1 class=\"has-text-align-center wp-block-post-title has-text-color has-neutral-1000-color\">GRI-indikatorer i rapporten<\/h1>\n\n<p class=\"t2-ingress has-text-align-center align wp-block-t2-ingress\"> Global Reporting Initiative (GRI) er en internasjonal organisasjon som har utarbeidet et anerkjent rammeverk for rapportering p\u00e5 b\u00e6rekraft.<\/p>\n<\/div><\/div>\n\n\n\t\t<div class=\"is-style-vertical-spacing alignwide is-section-text wp-block-mills-section\">\n\t\t\t<div class=\"wp-block-mills-section__inner aligncenter\">\n\t\t\t\t\n\n<p>GRI-rammeverket er utviklet etter forhandlinger mellom ulike grupper \u2013 n\u00e6ringsliv, fagbevegelse, organisasjoner og forskningsmilj\u00f8er. Norske myndigheter har i mange \u00e5r st\u00f8ttet GRIs arbeid med \u00e5 utvikle felles internasjonale standarder for samfunnsansvarsrapportering, og anbefaler rapportering etter GRI. Mills\u2019 rapport for 2022 benytter rammeverket til GRI\/G4 (Core). Tabellen nedenfor gir en oversikt over hvor i rapporten informasjon for de ulike rapporteringspunktene er \u00e5 finne.<\/p>\n\n\n\n<figure class=\"wp-block-table is-style-stripes\"><table><tbody><tr><td><\/td><td><strong>GRI-indikator<\/strong><\/td><td><strong>Forklaring<\/strong><\/td><td><strong>Henvisning<\/strong><\/td><\/tr><tr><td><strong>Arbeidsforhold<\/strong><\/td><td>102-41<\/td><td>Tariffavtaler <\/td><td><a href=\"https:\/\/mills.no\/baerekraftrapport-2021\/ansvarlig-arbeidsgiver\/\"><\/a><a href=\"https:\/\/mills.no\/baerekraftrapport-2022\/om-organisasjonen\/\">Om organisasjonen<\/a><\/td><\/tr><tr><td><strong>B\u00e6rekraftige leverand\u00f8rkjeder<\/strong><\/td><td>103-2<\/td><td>Hvordan konsernet jobber med temaet<\/td><td><a href=\"https:\/\/mills.no\/baerekraftrapport-2022\/etikk-og-miljo-i-leverandorkjeden\/\">Etikk og milj\u00f8 i leverand\u00f8rkjeden<\/a><\/td><\/tr><tr><td><strong>Dialog med interessenter<\/strong><\/td><td>102-12<\/td><td>Eksterne tiltak <\/td><td><a href=\"https:\/\/mills.no\/baerekraftrapport-2022\/samarbeid\/\">Samarbeid<\/a><\/td><\/tr><tr><td><\/td><td>102-13<\/td><td>Medlemskap av foreninger<\/td><td><a href=\"https:\/\/mills.no\/baerekraftrapport-2022\/samarbeid\/\">Samarbeid <\/a><\/td><\/tr><tr><td><\/td><td>102-29<\/td><td>Identifisere og styre \u00f8konomiske, milj\u00f8messige og sosial p\u00e5virkning<\/td><td><a href=\"https:\/\/mills.no\/baerekraftrapport-2022\/samarbeid\/\">Samarbeid<\/a> <\/td><\/tr><tr><td><\/td><td>102-37<\/td><td>Interessenters involvering i avl\u00f8nning<\/td><td><a href=\"https:\/\/mills.no\/baerekraftrapport-2021\/samarbeid\/\"><\/a><a href=\"https:\/\/mills.no\/baerekraftrapport-2022\/om-organisasjonen\/\">Om organisasjonen<\/a><\/td><\/tr><tr><td><strong>Eierstyring<\/strong><\/td><td>102-07<\/td><td>Organisasjonens st\u00f8rrelse<\/td><td><a href=\"https:\/\/mills.no\/baerekraftrapport-2022\/om-organisasjonen\/\">Om organisasjonen <\/a><\/td><\/tr><tr><td><strong>Mangfold og like muligheter<\/strong><\/td><td>405-1<\/td><td>Mangfold i styringsorganer og blant ansatte<\/td><td><a href=\"https:\/\/mills.no\/baerekraftrapport-2022\/ansvarlig-arbeidsgiver\/\">Ansvarlig arbeidsgiver<\/a>\/<br><a href=\"https:\/\/mills.no\/baerekraftrapport-2022\/ansvarlig-arbeidsgiver\/\">redegj\u00f8relsesplikten<\/a><\/td><\/tr><tr><td><\/td><td>405-2<\/td><td>Forholdet mellom grunnl\u00f8nn og godtgj\u00f8relse av kvinner i forhold til menn etter ansattkategori<\/td><td><a href=\"https:\/\/mills.no\/baerekraftrapport-2022\/ansvarlig-arbeidsgiver\/\">Ansvarlig arbeidsgiver<\/a>\/<br><a href=\"https:\/\/mills.no\/baerekraftrapport-2022\/ansvarlig-arbeidsgiver\/\">redegj\u00f8relsesplikten <\/a><\/td><\/tr><tr><td><\/td><td>403-9<\/td><td>Arbeidsrelaterte skader <\/td><td><a href=\"https:\/\/mills.no\/baerekraftrapport-2022\/ansvarlig-arbeidsgiver\/\"> Ansvarlig arbeidsgiver <\/a><\/td><\/tr><tr><td><strong>Om rapporten<\/strong><\/td><td>102-46<\/td><td>Rapportinnhold og avgrensninger<\/td><td><a href=\"https:\/\/mills.no\/baerekraftrapport-2022\/om-rapporten\/\">Om rapporten<\/a><\/td><\/tr><tr><td><\/td><td>102-49<\/td><td>Endringer i rapportering<\/td><td><a href=\"https:\/\/mills.no\/baerekraftrapport-2022\/om-rapporten\/\">Om rapporten <\/a><\/td><\/tr><tr><td><\/td><td>102-50<\/td><td>Rapporteringsperiode <\/td><td><a href=\"https:\/\/mills.no\/baerekraftrapport-2022\/om-rapporten\/\">Om rapporten <\/a><\/td><\/tr><tr><td><\/td><td>102-51<\/td><td>Dato for siste rapport <\/td><td><a href=\"https:\/\/mills.no\/baerekraftrapport-2022\/om-rapporten\/\">Om rapporten <\/a><\/td><\/tr><tr><td><\/td><td>102-52<\/td><td>Rapporteringssyklus<\/td><td><a href=\"https:\/\/mills.no\/baerekraftrapport-2022\/om-rapporten\/\">Om rapporten <\/a><\/td><\/tr><tr><td><\/td><td>102-53<\/td><td>Kontaktpunkt for sp\u00f8rsm\u00e5l ang\u00e5ende rapporten <\/td><td><a href=\"https:\/\/mills.no\/baerekraftrapport-2022\/om-rapporten\/\">Om rapporten <\/a><\/td><\/tr><tr><td><\/td><td>102-54<\/td><td>Rapportering i samsvar med GRI-standarder <\/td><td><a href=\"https:\/\/mills.no\/baerekraftrapport-2022\/gri-indikatorer-i-rapporten\/\">GRI-indikatorer i rapporten (this page)<\/a> <\/td><\/tr><tr><td><\/td><td>102-55<\/td><td>GRI index<\/td><td><a href=\"https:\/\/mills.no\/baerekraftrapport-2022\/gri-indikatorer-i-rapporten\/\">GRI-indikatorer i rapporten (this page)<\/a> <\/td><\/tr><tr><td><strong>Organisasjonen<\/strong><\/td><td>102-1<\/td><td>Organisasjonsnavn <\/td><td><a href=\"https:\/\/mills.no\/baerekraftrapport-2022\/om-organisasjonen\/\">Om organisasjonen<\/a><\/td><\/tr><tr><td><\/td><td>102-2<\/td><td>Aktiviteter, merkevarer, produkter og tjenester<\/td><td><a href=\"https:\/\/mills.no\/baerekraftrapport-2022\/om-organisasjonen\/\">Om organisasjonen<\/a> <\/td><\/tr><tr><td><\/td><td>102-3<\/td><td>Plassering av hovedkontor<\/td><td><a href=\"https:\/\/mills.no\/baerekraftrapport-2022\/om-organisasjonen\/\">Om organisasjonen<\/a> <\/td><\/tr><tr><td><\/td><td>102-4<\/td><td>Plassering av driftssteder <\/td><td><a href=\"https:\/\/mills.no\/baerekraftrapport-2022\/om-organisasjonen\/\">Om organisasjonen<\/a> <\/td><\/tr><tr><td><\/td><td>102-5<\/td><td>Eierskap og juridisk informasjon <\/td><td><a href=\"https:\/\/mills.no\/baerekraftrapport-2022\/om-organisasjonen\/\">Om organisasjonen<\/a> <\/td><\/tr><tr><td><\/td><td>102-8<\/td><td>Informasjon om ansatte og andre arbeidstakere <\/td><td><a href=\"https:\/\/mills.no\/baerekraftrapport-2022\/om-organisasjonen\/\">Om organisasjonen<\/a> <\/td><\/tr><tr><td> <strong>Prioriteringer<\/strong> <\/td><td>102-15<\/td><td>N\u00f8kkelp\u00e5virkning, risiko og muligheter<\/td><td><a href=\"https:\/\/mills.no\/baerekraftrapport-2022\/et-mer-baerekraftig-mills-status\/\">Et mer b\u00e6rekraftig Mills: Status<\/a> <\/td><\/tr><tr><td><\/td><td>102-20<\/td><td>Ledelsesansvar for \u00f8konomiske, milj\u00f8messige og sosiale temaer<\/td><td><a href=\"https:\/\/mills.no\/baerekraftrapport-2022\/et-mer-baerekraftig-mills-status\/\">Et mer b\u00e6rekraftig Mills: Status<\/a> <\/td><\/tr><tr><td><strong>Spesifikke tema<\/strong><\/td><td>302-4<\/td><td>Energiforbruk i organisasjonen<\/td><td><a href=\"https:\/\/mills.no\/baerekraftrapport-2022\/klima-og-miljo\/\">Klima og milj\u00f8<\/a> <\/td><\/tr><tr><td><\/td><td>303-5<\/td><td>Vannforbruk <\/td><td><a href=\"https:\/\/mills.no\/baerekraftrapport-2022\/klima-og-miljo\/\">Klima og milj\u00f8<\/a> <\/td><\/tr><tr><td><\/td><td>305-5<\/td><td>Reduksjon av CO2-utslipp <\/td><td><a href=\"https:\/\/mills.no\/baerekraftrapport-2022\/klima-og-miljo\/\">Klima og milj\u00f8<\/a> <\/td><\/tr><tr><td><\/td><td>306-2<\/td><td>Avfall, type <\/td><td><a href=\"https:\/\/mills.no\/baerekraftrapport-2022\/klima-og-miljo\/\">Klima og milj\u00f8<\/a><\/td><\/tr><tr><td>Tilrettelegger for sirkul\u00e6r \u00f8konomi <\/td><td>103-2<\/td><td>Hvordan konsernet jobber med temaet<\/td><td><a href=\"https:\/\/mills.no\/baerekraftrapport-2022\/emballasje\/\">Emballasje<\/a> <\/td><\/tr><\/tbody><\/table><\/figure>\n\n\n\t\t\t<\/div>\n\t\t<\/div>\n\n\n\t\t<div class=\"has-background has-background-3-background-color is-style-vertical-spacing is-style-horizontal-spacing alignfull is-section-text wp-block-mills-section has-background has-background-3-background-color\">\n\t\t\t<div class=\"wp-block-mills-section__inner alignwide\">\n\t\t\t\t\n\n<h2 class=\"has-text-align-center wp-block-heading\" id=\"h-hovedomradene-i-vart-baerekraftarbeid\">Hovedomr\u00e5dene i v\u00e5rt b\u00e6rekraftarbeid<\/h2>\n\n\n<ul class=\"t2-link-list has-8-items has-auto-columns is-style-three-cols wp-block-t2-link-list\">\n\t<li class=\"t2-link-list-item wp-block-t2-link-list-item\">\n\t\t<a\n\t\t\thref=\"https:\/\/mills.no\/baerekraftrapport-2022\/sunnere-produkter\/\"\n\t\t\tclass=\"t2-link-list-item__link t2-link-list__icon--left\"\n\t\t\t\t\t>\n\t\t\t<span class=\"t2-link-list-item__icon\"><span class=\"t2-link-list-item__icon-box\"><\/span><svg xmlns=\"http:\/\/www.w3.org\/2000\/svg\" viewBox=\"0 0 24 24\" height=\"24\" width=\"24\" class=\"t2-icon t2-icon-arrowforward\" aria-hidden=\"true\" focusable=\"false\"><path d=\"M11.3 19.3c-.2-.2-.3-.4-.3-.7 0-.3.1-.5.3-.7l4.9-4.9H5c-.3 0-.5-.1-.7-.3-.2-.2-.3-.4-.3-.7s.1-.5.3-.7c.2-.2.4-.3.7-.3h11.2l-4.9-4.9c-.2-.2-.3-.4-.3-.7 0-.3.1-.5.3-.7.2-.2.4-.3.7-.3s.5.1.7.3l6.6 6.6c.1.1.2.2.2.3 0 .1.1.3.1.4 0 .1 0 .3-.1.4 0 .1-.1.2-.2.3l-6.6 6.6c-.2.2-.4.3-.7.3s-.5-.1-.7-.3z\" fill=\"currentColor\" \/><\/svg><\/span>\t\t\t<div class=\"t2-link-list-item__content\">\n\n\t\t\t\t\n\t\t\t\t<span id=\"link-list-item-text\" class=\"t2-link-list-item__text\">\n\t\t\t\t\tSunnere produkter\t\t\t\t<\/span>\n\t\t\t\t<span id=\"link-list-item-description\" class=\"t2-link-list-item__description\">Vi tilbyr sunnere produkter fra planteriket og havet. <\/span>\t\t\t<\/div>\n\t\t<\/a>\n\t<\/li>\n\t\n\n\t<li class=\"t2-link-list-item wp-block-t2-link-list-item\">\n\t\t<a\n\t\t\thref=\"https:\/\/mills.no\/baerekraftrapport-2022\/trygg-mat\/\"\n\t\t\tclass=\"t2-link-list-item__link t2-link-list__icon--left\"\n\t\t\t\t\t>\n\t\t\t<span class=\"t2-link-list-item__icon\"><span class=\"t2-link-list-item__icon-box\"><\/span><svg xmlns=\"http:\/\/www.w3.org\/2000\/svg\" viewBox=\"0 0 24 24\" height=\"24\" width=\"24\" class=\"t2-icon t2-icon-arrowforward\" aria-hidden=\"true\" focusable=\"false\"><path d=\"M11.3 19.3c-.2-.2-.3-.4-.3-.7 0-.3.1-.5.3-.7l4.9-4.9H5c-.3 0-.5-.1-.7-.3-.2-.2-.3-.4-.3-.7s.1-.5.3-.7c.2-.2.4-.3.7-.3h11.2l-4.9-4.9c-.2-.2-.3-.4-.3-.7 0-.3.1-.5.3-.7.2-.2.4-.3.7-.3s.5.1.7.3l6.6 6.6c.1.1.2.2.2.3 0 .1.1.3.1.4 0 .1 0 .3-.1.4 0 .1-.1.2-.2.3l-6.6 6.6c-.2.2-.4.3-.7.3s-.5-.1-.7-.3z\" fill=\"currentColor\" \/><\/svg><\/span>\t\t\t<div class=\"t2-link-list-item__content\">\n\n\t\t\t\t\n\t\t\t\t<span id=\"link-list-item-text-1\" class=\"t2-link-list-item__text\">\n\t\t\t\t\tTrygg mat\t\t\t\t<\/span>\n\t\t\t\t<span id=\"link-list-item-description-1\" class=\"t2-link-list-item__description\">Alle v\u00e5re varer skal  produseres p\u00e5 en sikker m\u00e5te.<\/span>\t\t\t<\/div>\n\t\t<\/a>\n\t<\/li>\n\t\n\n\t<li class=\"t2-link-list-item wp-block-t2-link-list-item\">\n\t\t<a\n\t\t\thref=\"https:\/\/mills.no\/baerekraftrapport-2022\/ansvarlig-arbeidsgiver\/\"\n\t\t\tclass=\"t2-link-list-item__link t2-link-list__icon--left\"\n\t\t\t\t\t>\n\t\t\t<span class=\"t2-link-list-item__icon\"><span class=\"t2-link-list-item__icon-box\"><\/span><svg xmlns=\"http:\/\/www.w3.org\/2000\/svg\" viewBox=\"0 0 24 24\" height=\"24\" width=\"24\" class=\"t2-icon t2-icon-arrowforward\" aria-hidden=\"true\" focusable=\"false\"><path d=\"M11.3 19.3c-.2-.2-.3-.4-.3-.7 0-.3.1-.5.3-.7l4.9-4.9H5c-.3 0-.5-.1-.7-.3-.2-.2-.3-.4-.3-.7s.1-.5.3-.7c.2-.2.4-.3.7-.3h11.2l-4.9-4.9c-.2-.2-.3-.4-.3-.7 0-.3.1-.5.3-.7.2-.2.4-.3.7-.3s.5.1.7.3l6.6 6.6c.1.1.2.2.2.3 0 .1.1.3.1.4 0 .1 0 .3-.1.4 0 .1-.1.2-.2.3l-6.6 6.6c-.2.2-.4.3-.7.3s-.5-.1-.7-.3z\" fill=\"currentColor\" \/><\/svg><\/span>\t\t\t<div class=\"t2-link-list-item__content\">\n\n\t\t\t\t\n\t\t\t\t<span id=\"link-list-item-text-2\" class=\"t2-link-list-item__text\">\n\t\t\t\t\tAnsvarlig arbeidsgiver\t\t\t\t<\/span>\n\t\t\t\t<span id=\"link-list-item-description-2\" class=\"t2-link-list-item__description\">V\u00e5re medarbeidere skal ha en trygg arbeidsplass, hvor alle trives og opplever utvikling. <\/span>\t\t\t<\/div>\n\t\t<\/a>\n\t<\/li>\n\t\n\n\t<li class=\"t2-link-list-item wp-block-t2-link-list-item\">\n\t\t<a\n\t\t\thref=\"https:\/\/mills.no\/baerekraftrapport-2022\/etikk-og-miljo-i-leverandorkjeden\/\"\n\t\t\tclass=\"t2-link-list-item__link t2-link-list__icon--left\"\n\t\t\t\t\t>\n\t\t\t<span class=\"t2-link-list-item__icon\"><span class=\"t2-link-list-item__icon-box\"><\/span><svg xmlns=\"http:\/\/www.w3.org\/2000\/svg\" viewBox=\"0 0 24 24\" height=\"24\" width=\"24\" class=\"t2-icon t2-icon-arrowforward\" aria-hidden=\"true\" focusable=\"false\"><path d=\"M11.3 19.3c-.2-.2-.3-.4-.3-.7 0-.3.1-.5.3-.7l4.9-4.9H5c-.3 0-.5-.1-.7-.3-.2-.2-.3-.4-.3-.7s.1-.5.3-.7c.2-.2.4-.3.7-.3h11.2l-4.9-4.9c-.2-.2-.3-.4-.3-.7 0-.3.1-.5.3-.7.2-.2.4-.3.7-.3s.5.1.7.3l6.6 6.6c.1.1.2.2.2.3 0 .1.1.3.1.4 0 .1 0 .3-.1.4 0 .1-.1.2-.2.3l-6.6 6.6c-.2.2-.4.3-.7.3s-.5-.1-.7-.3z\" fill=\"currentColor\" \/><\/svg><\/span>\t\t\t<div class=\"t2-link-list-item__content\">\n\n\t\t\t\t\n\t\t\t\t<span id=\"link-list-item-text-3\" class=\"t2-link-list-item__text\">\n\t\t\t\t\tEtikk og milj\u00f8 i leverand\u00f8rkjeden\t\t\t\t<\/span>\n\t\t\t\t<span id=\"link-list-item-description-3\" class=\"t2-link-list-item__description\">Gjennom v\u00e5re mange leverand\u00f8rer p\u00e5virker vi arbeidere og lokalmilj\u00f8 i store deler av verden. Les mer. <\/span>\t\t\t<\/div>\n\t\t<\/a>\n\t<\/li>\n\t\n\n\t<li class=\"t2-link-list-item wp-block-t2-link-list-item\">\n\t\t<a\n\t\t\thref=\"https:\/\/mills.no\/baerekraftrapport-2022\/emballasje\/\"\n\t\t\tclass=\"t2-link-list-item__link t2-link-list__icon--left\"\n\t\t\t\t\t>\n\t\t\t<span class=\"t2-link-list-item__icon\"><span class=\"t2-link-list-item__icon-box\"><\/span><svg xmlns=\"http:\/\/www.w3.org\/2000\/svg\" viewBox=\"0 0 24 24\" height=\"24\" width=\"24\" class=\"t2-icon t2-icon-arrowforward\" aria-hidden=\"true\" focusable=\"false\"><path d=\"M11.3 19.3c-.2-.2-.3-.4-.3-.7 0-.3.1-.5.3-.7l4.9-4.9H5c-.3 0-.5-.1-.7-.3-.2-.2-.3-.4-.3-.7s.1-.5.3-.7c.2-.2.4-.3.7-.3h11.2l-4.9-4.9c-.2-.2-.3-.4-.3-.7 0-.3.1-.5.3-.7.2-.2.4-.3.7-.3s.5.1.7.3l6.6 6.6c.1.1.2.2.2.3 0 .1.1.3.1.4 0 .1 0 .3-.1.4 0 .1-.1.2-.2.3l-6.6 6.6c-.2.2-.4.3-.7.3s-.5-.1-.7-.3z\" fill=\"currentColor\" \/><\/svg><\/span>\t\t\t<div class=\"t2-link-list-item__content\">\n\n\t\t\t\t\n\t\t\t\t<span id=\"link-list-item-text-4\" class=\"t2-link-list-item__text\">\n\t\t\t\t\tEmballasje\t\t\t\t<\/span>\n\t\t\t\t<span id=\"link-list-item-description-4\" class=\"t2-link-list-item__description\">Mindre materialbruk og bytte til materialer som lar seg gjenvinne har stor p\u00e5virkning. \u200bLes mer. <\/span>\t\t\t<\/div>\n\t\t<\/a>\n\t<\/li>\n\t\n\n\t<li class=\"t2-link-list-item wp-block-t2-link-list-item\">\n\t\t<a\n\t\t\thref=\"https:\/\/mills.no\/baerekraftrapport-2022\/matsvinn\/\"\n\t\t\tclass=\"t2-link-list-item__link t2-link-list__icon--left\"\n\t\t\t\t\t>\n\t\t\t<span class=\"t2-link-list-item__icon\"><span class=\"t2-link-list-item__icon-box\"><\/span><svg xmlns=\"http:\/\/www.w3.org\/2000\/svg\" viewBox=\"0 0 24 24\" height=\"24\" width=\"24\" class=\"t2-icon t2-icon-arrowforward\" aria-hidden=\"true\" focusable=\"false\"><path d=\"M11.3 19.3c-.2-.2-.3-.4-.3-.7 0-.3.1-.5.3-.7l4.9-4.9H5c-.3 0-.5-.1-.7-.3-.2-.2-.3-.4-.3-.7s.1-.5.3-.7c.2-.2.4-.3.7-.3h11.2l-4.9-4.9c-.2-.2-.3-.4-.3-.7 0-.3.1-.5.3-.7.2-.2.4-.3.7-.3s.5.1.7.3l6.6 6.6c.1.1.2.2.2.3 0 .1.1.3.1.4 0 .1 0 .3-.1.4 0 .1-.1.2-.2.3l-6.6 6.6c-.2.2-.4.3-.7.3s-.5-.1-.7-.3z\" fill=\"currentColor\" \/><\/svg><\/span>\t\t\t<div class=\"t2-link-list-item__content\">\n\n\t\t\t\t\n\t\t\t\t<span id=\"link-list-item-text-5\" class=\"t2-link-list-item__text\">\n\t\t\t\t\tMatsvinn\t\t\t\t<\/span>\n\t\t\t\t<span id=\"link-list-item-description-5\" class=\"t2-link-list-item__description\">Vi gj\u00f8r alt for \u00e5 redusere matsvinn i egen produksjon.  <\/span>\t\t\t<\/div>\n\t\t<\/a>\n\t<\/li>\n\t\n\n\t<li class=\"t2-link-list-item wp-block-t2-link-list-item\">\n\t\t<a\n\t\t\thref=\"https:\/\/mills.no\/baerekraftrapport-2022\/klima-og-miljo\/\"\n\t\t\tclass=\"t2-link-list-item__link t2-link-list__icon--left\"\n\t\t\t\t\t>\n\t\t\t<span class=\"t2-link-list-item__icon\"><span class=\"t2-link-list-item__icon-box\"><\/span><svg xmlns=\"http:\/\/www.w3.org\/2000\/svg\" viewBox=\"0 0 24 24\" height=\"24\" width=\"24\" class=\"t2-icon t2-icon-arrowforward\" aria-hidden=\"true\" focusable=\"false\"><path d=\"M11.3 19.3c-.2-.2-.3-.4-.3-.7 0-.3.1-.5.3-.7l4.9-4.9H5c-.3 0-.5-.1-.7-.3-.2-.2-.3-.4-.3-.7s.1-.5.3-.7c.2-.2.4-.3.7-.3h11.2l-4.9-4.9c-.2-.2-.3-.4-.3-.7 0-.3.1-.5.3-.7.2-.2.4-.3.7-.3s.5.1.7.3l6.6 6.6c.1.1.2.2.2.3 0 .1.1.3.1.4 0 .1 0 .3-.1.4 0 .1-.1.2-.2.3l-6.6 6.6c-.2.2-.4.3-.7.3s-.5-.1-.7-.3z\" fill=\"currentColor\" \/><\/svg><\/span>\t\t\t<div class=\"t2-link-list-item__content\">\n\n\t\t\t\t\n\t\t\t\t<span id=\"link-list-item-text-6\" class=\"t2-link-list-item__text\">\n\t\t\t\t\tKlima og milj\u00f8\t\t\t\t<\/span>\n\t\t\t\t<span id=\"link-list-item-description-6\" class=\"t2-link-list-item__description\">Bruk av r\u00e5varer, emballasje, produksjon og transport p\u00e5virker klimaavtrykket. <\/span>\t\t\t<\/div>\n\t\t<\/a>\n\t<\/li>\n\t\n\n\t<li class=\"t2-link-list-item wp-block-t2-link-list-item\">\n\t\t<a\n\t\t\thref=\"https:\/\/mills.no\/baerekraftrapport-2022\/samarbeid\/\"\n\t\t\tclass=\"t2-link-list-item__link t2-link-list__icon--left\"\n\t\t\t\t\t>\n\t\t\t<span class=\"t2-link-list-item__icon\"><span class=\"t2-link-list-item__icon-box\"><\/span><svg xmlns=\"http:\/\/www.w3.org\/2000\/svg\" viewBox=\"0 0 24 24\" height=\"24\" width=\"24\" class=\"t2-icon t2-icon-arrowforward\" aria-hidden=\"true\" focusable=\"false\"><path d=\"M11.3 19.3c-.2-.2-.3-.4-.3-.7 0-.3.1-.5.3-.7l4.9-4.9H5c-.3 0-.5-.1-.7-.3-.2-.2-.3-.4-.3-.7s.1-.5.3-.7c.2-.2.4-.3.7-.3h11.2l-4.9-4.9c-.2-.2-.3-.4-.3-.7 0-.3.1-.5.3-.7.2-.2.4-.3.7-.3s.5.1.7.3l6.6 6.6c.1.1.2.2.2.3 0 .1.1.3.1.4 0 .1 0 .3-.1.4 0 .1-.1.2-.2.3l-6.6 6.6c-.2.2-.4.3-.7.3s-.5-.1-.7-.3z\" fill=\"currentColor\" \/><\/svg><\/span>\t\t\t<div class=\"t2-link-list-item__content\">\n\n\t\t\t\t\n\t\t\t\t<span id=\"link-list-item-text-7\" class=\"t2-link-list-item__text\">\n\t\t\t\t\tSamarbeid\t\t\t\t<\/span>\n\t\t\t\t<span id=\"link-list-item-description-7\" class=\"t2-link-list-item__description\">N\u00e6r dialog og smart samarbeid med v\u00e5re interessenter gj\u00f8r at vi n\u00e5r felles m\u00e5l raskere. <\/span>\t\t\t<\/div>\n\t\t<\/a>\n\t<\/li>\n\t\n<\/ul>\n\n\t\t\t<\/div>\n\t\t<\/div>","protected":false},"excerpt":{"rendered":"<p>Global Reporting Initiative (GRI) er en internasjonal organisasjon som har utarbeidet et anerkjent rammeverk for rapportering p\u00e5 b\u00e6rekraft.<\/p>\n","protected":false},"author":2,"featured_media":0,"parent":0,"menu_order":0,"comment_status":"closed","ping_status":"closed","template":"","meta":{"_searchwp_excluded":"","hide_post_title":false,"footnotes":""},"class_list":["post-23","page","type-page","status-publish","hentry"],"yoast_head":"<!-- This site is optimized with the Yoast SEO Premium plugin v26.9 (Yoast SEO v26.9) - https:\/\/yoast.com\/product\/yoast-seo-premium-wordpress\/ -->\n<title>GRI-indikatorer i rapporten - Baerekraftrapport 2022<\/title>\n<meta name=\"robots\" content=\"index, follow, max-snippet:-1, max-image-preview:large, max-video-preview:-1\" \/>\n<link rel=\"canonical\" href=\"https:\/\/mills.no\/baerekraftrapport-2022\/gri-indikatorer-i-rapporten\/\" \/>\n<meta property=\"og:locale\" content=\"nb_NO\" \/>\n<meta property=\"og:type\" content=\"article\" \/>\n<meta property=\"og:title\" content=\"GRI-indikatorer i rapporten\" \/>\n<meta property=\"og:description\" content=\"Global Reporting Initiative (GRI) er en internasjonal organisasjon som har utarbeidet et anerkjent rammeverk for rapportering p\u00e5 b\u00e6rekraft.\" \/>\n<meta property=\"og:url\" content=\"https:\/\/mills.no\/baerekraftrapport-2022\/gri-indikatorer-i-rapporten\/\" \/>\n<meta property=\"og:site_name\" content=\"Baerekraftrapport 2022\" \/>\n<meta property=\"article:modified_time\" content=\"2024-02-07T08:17:24+00:00\" \/>\n<meta name=\"twitter:card\" content=\"summary_large_image\" \/>\n<meta name=\"twitter:label1\" content=\"Ansl. lesetid\" \/>\n\t<meta name=\"twitter:data1\" content=\"2 minutter\" \/>\n<script type=\"application\/ld+json\" class=\"yoast-schema-graph\">{\"@context\":\"https:\/\/schema.org\",\"@graph\":[{\"@type\":\"WebPage\",\"@id\":\"https:\/\/mills.no\/baerekraftrapport-2022\/gri-indikatorer-i-rapporten\/\",\"url\":\"https:\/\/mills.no\/baerekraftrapport-2022\/gri-indikatorer-i-rapporten\/\",\"name\":\"GRI-indikatorer i rapporten - Baerekraftrapport 2022\",\"isPartOf\":{\"@id\":\"https:\/\/mills.no\/baerekraftrapport-2022\/#website\"},\"datePublished\":\"2023-03-09T08:10:46+00:00\",\"dateModified\":\"2024-02-07T08:17:24+00:00\",\"breadcrumb\":{\"@id\":\"https:\/\/mills.no\/baerekraftrapport-2022\/gri-indikatorer-i-rapporten\/#breadcrumb\"},\"inLanguage\":\"nb-NO\",\"potentialAction\":[{\"@type\":\"ReadAction\",\"target\":[\"https:\/\/mills.no\/baerekraftrapport-2022\/gri-indikatorer-i-rapporten\/\"]}]},{\"@type\":\"BreadcrumbList\",\"@id\":\"https:\/\/mills.no\/baerekraftrapport-2022\/gri-indikatorer-i-rapporten\/#breadcrumb\",\"itemListElement\":[{\"@type\":\"ListItem\",\"position\":1,\"name\":\"Home\",\"item\":\"https:\/\/mills.no\/baerekraftrapport-2022\/\"},{\"@type\":\"ListItem\",\"position\":2,\"name\":\"GRI-indikatorer i rapporten\"}]},{\"@type\":\"WebSite\",\"@id\":\"https:\/\/mills.no\/baerekraftrapport-2022\/#website\",\"url\":\"https:\/\/mills.no\/baerekraftrapport-2022\/\",\"name\":\"Baerekraftrapport 2022\",\"description\":\"\",\"publisher\":{\"@id\":\"https:\/\/mills.no\/baerekraftrapport-2022\/#organization\"},\"potentialAction\":[{\"@type\":\"SearchAction\",\"target\":{\"@type\":\"EntryPoint\",\"urlTemplate\":\"https:\/\/mills.no\/baerekraftrapport-2022\/?s={search_term_string}\"},\"query-input\":{\"@type\":\"PropertyValueSpecification\",\"valueRequired\":true,\"valueName\":\"search_term_string\"}}],\"inLanguage\":\"nb-NO\"},{\"@type\":\"Organization\",\"@id\":\"https:\/\/mills.no\/baerekraftrapport-2022\/#organization\",\"name\":\"Baerekraftrapport 2022\",\"url\":\"https:\/\/mills.no\/baerekraftrapport-2022\/\",\"logo\":{\"@type\":\"ImageObject\",\"inLanguage\":\"nb-NO\",\"@id\":\"https:\/\/mills.no\/baerekraftrapport-2022\/#\/schema\/logo\/image\/\",\"url\":\"https:\/\/mills.no\/content\/uploads\/sites\/18\/2023\/01\/logo_mills_ramme.png\",\"contentUrl\":\"https:\/\/mills.no\/content\/uploads\/sites\/18\/2023\/01\/logo_mills_ramme.png\",\"width\":130,\"height\":72,\"caption\":\"Baerekraftrapport 2022\"},\"image\":{\"@id\":\"https:\/\/mills.no\/baerekraftrapport-2022\/#\/schema\/logo\/image\/\"}}]}<\/script>\n<!-- \/ Yoast SEO Premium plugin. -->","yoast_head_json":{"title":"GRI-indikatorer i rapporten - Baerekraftrapport 2022","robots":{"index":"index","follow":"follow","max-snippet":"max-snippet:-1","max-image-preview":"max-image-preview:large","max-video-preview":"max-video-preview:-1"},"canonical":"https:\/\/mills.no\/baerekraftrapport-2022\/gri-indikatorer-i-rapporten\/","og_locale":"nb_NO","og_type":"article","og_title":"GRI-indikatorer i rapporten","og_description":"Global Reporting Initiative (GRI) er en internasjonal organisasjon som har utarbeidet et anerkjent rammeverk for rapportering p\u00e5 b\u00e6rekraft.","og_url":"https:\/\/mills.no\/baerekraftrapport-2022\/gri-indikatorer-i-rapporten\/","og_site_name":"Baerekraftrapport 2022","article_modified_time":"2024-02-07T08:17:24+00:00","twitter_card":"summary_large_image","twitter_misc":{"Ansl. lesetid":"2 minutter"},"schema":{"@context":"https:\/\/schema.org","@graph":[{"@type":"WebPage","@id":"https:\/\/mills.no\/baerekraftrapport-2022\/gri-indikatorer-i-rapporten\/","url":"https:\/\/mills.no\/baerekraftrapport-2022\/gri-indikatorer-i-rapporten\/","name":"GRI-indikatorer i rapporten - Baerekraftrapport 2022","isPartOf":{"@id":"https:\/\/mills.no\/baerekraftrapport-2022\/#website"},"datePublished":"2023-03-09T08:10:46+00:00","dateModified":"2024-02-07T08:17:24+00:00","breadcrumb":{"@id":"https:\/\/mills.no\/baerekraftrapport-2022\/gri-indikatorer-i-rapporten\/#breadcrumb"},"inLanguage":"nb-NO","potentialAction":[{"@type":"ReadAction","target":["https:\/\/mills.no\/baerekraftrapport-2022\/gri-indikatorer-i-rapporten\/"]}]},{"@type":"BreadcrumbList","@id":"https:\/\/mills.no\/baerekraftrapport-2022\/gri-indikatorer-i-rapporten\/#breadcrumb","itemListElement":[{"@type":"ListItem","position":1,"name":"Home","item":"https:\/\/mills.no\/baerekraftrapport-2022\/"},{"@type":"ListItem","position":2,"name":"GRI-indikatorer i rapporten"}]},{"@type":"WebSite","@id":"https:\/\/mills.no\/baerekraftrapport-2022\/#website","url":"https:\/\/mills.no\/baerekraftrapport-2022\/","name":"Baerekraftrapport 2022","description":"","publisher":{"@id":"https:\/\/mills.no\/baerekraftrapport-2022\/#organization"},"potentialAction":[{"@type":"SearchAction","target":{"@type":"EntryPoint","urlTemplate":"https:\/\/mills.no\/baerekraftrapport-2022\/?s={search_term_string}"},"query-input":{"@type":"PropertyValueSpecification","valueRequired":true,"valueName":"search_term_string"}}],"inLanguage":"nb-NO"},{"@type":"Organization","@id":"https:\/\/mills.no\/baerekraftrapport-2022\/#organization","name":"Baerekraftrapport 2022","url":"https:\/\/mills.no\/baerekraftrapport-2022\/","logo":{"@type":"ImageObject","inLanguage":"nb-NO","@id":"https:\/\/mills.no\/baerekraftrapport-2022\/#\/schema\/logo\/image\/","url":"https:\/\/mills.no\/content\/uploads\/sites\/18\/2023\/01\/logo_mills_ramme.png","contentUrl":"https:\/\/mills.no\/content\/uploads\/sites\/18\/2023\/01\/logo_mills_ramme.png","width":130,"height":72,"caption":"Baerekraftrapport 2022"},"image":{"@id":"https:\/\/mills.no\/baerekraftrapport-2022\/#\/schema\/logo\/image\/"}}]}},"_links":{"self":[{"href":"https:\/\/mills.no\/baerekraftrapport-2022\/wp-json\/wp\/v2\/pages\/23","targetHints":{"allow":["GET"]}}],"collection":[{"href":"https:\/\/mills.no\/baerekraftrapport-2022\/wp-json\/wp\/v2\/pages"}],"about":[{"href":"https:\/\/mills.no\/baerekraftrapport-2022\/wp-json\/wp\/v2\/types\/page"}],"author":[{"embeddable":true,"href":"https:\/\/mills.no\/baerekraftrapport-2022\/wp-json\/wp\/v2\/users\/2"}],"replies":[{"embeddable":true,"href":"https:\/\/mills.no\/baerekraftrapport-2022\/wp-json\/wp\/v2\/comments?post=23"}],"version-history":[{"count":19,"href":"https:\/\/mills.no\/baerekraftrapport-2022\/wp-json\/wp\/v2\/pages\/23\/revisions"}],"predecessor-version":[{"id":872,"href":"https:\/\/mills.no\/baerekraftrapport-2022\/wp-json\/wp\/v2\/pages\/23\/revisions\/872"}],"wp:attachment":[{"href":"https:\/\/mills.no\/baerekraftrapport-2022\/wp-json\/wp\/v2\/media?parent=23"}],"curies":[{"name":"wp","href":"https:\/\/api.w.org\/{rel}","templated":true}]}}