{"id":8,"date":"2023-01-10T13:09:32","date_gmt":"2023-01-10T13:09:32","guid":{"rendered":"https:\/\/mills.no\/baerekraftrapport-2022\/?page_id=8"},"modified":"2024-02-07T08:17:24","modified_gmt":"2024-02-07T08:17:24","slug":"om-organisasjonen","status":"publish","type":"page","link":"https:\/\/mills.no\/baerekraftrapport-2022\/om-organisasjonen\/","title":{"rendered":"Om organisasjonen"},"content":{"rendered":"<div class=\"mills-block-featured alignwide alignwide wp-block-mills-block-featured\"><img loading=\"lazy\" decoding=\"async\" width=\"1050\" height=\"700\" style=\"width:100%;height:100%;object-fit:cover\" src=\"https:\/\/mills.no\/content\/uploads\/sites\/18\/2023\/03\/0000oslo2.jpg\" class=\"wp-block-cover__image-background\" alt=\"\" srcset=\"https:\/\/mills.no\/content\/uploads\/sites\/18\/2023\/03\/0000oslo2.jpg 1050w, https:\/\/mills.no\/content\/uploads\/sites\/18\/2023\/03\/0000oslo2-300x200.jpg 300w, https:\/\/mills.no\/content\/uploads\/sites\/18\/2023\/03\/0000oslo2-1024x683.jpg 1024w, https:\/\/mills.no\/content\/uploads\/sites\/18\/2023\/03\/0000oslo2-768x512.jpg 768w, https:\/\/mills.no\/content\/uploads\/sites\/18\/2023\/03\/0000oslo2-80x53.jpg 80w\" sizes=\"auto, (max-width: 1050px) 100vw, 1050px\" \/><div class=\"wp-block-cover__inner-container\">\n<h1 class=\"has-text-align-center wp-block-post-title has-text-color has-neutral-1000-color\">Om organisasjonen<\/h1>\n\n\n<\/div><\/div>\n\n\n\t\t<div class=\"is-style-vertical-spacing aligncenter is-section-text wp-block-mills-section\">\n\t\t\t<div class=\"wp-block-mills-section__inner aligncenter\">\n\t\t\t\t\n\n<p>Vi produserer og markedsf\u00f8rer flere av landets mest kjente og kj\u00e6re matvarer under merkevarene Delikat, Mills, Vita hjertego\u2019, Soft Flora, \u200bOlivero, Plantego&#8217; og Melange. Vi har hovedkontor p\u00e5 Gr\u00fcnerl\u00f8kka i Oslo. 98 prosent av maten v\u00e5r produseres ved fabrikkene i Drammen og Fredrikstad. Vi har ogs\u00e5 en fiskeforedlingsfabrikk i Polen, som produserer sild. &nbsp;<br><br>Vi skaper sm\u00e5 og store \u00f8yeblikk av matglede hver dag! <\/p>\n\n\n\n\t\t<div class=\"has-background has-background-3-background-color is-style-vertical-spacing alignfull is-section-stats alignwide wp-block-mills-section has-text-color has-primary-color has-background has-background-3-background-color\">\n\t\t\t<div class=\"wp-block-mills-section__inner alignwide\">\n\t\t\t\t\n\n<h1 class=\"alignfull has-text-align-center wp-block-heading\" id=\"h-nokkeltall\">N\u00f8kkeltall<\/h1>\n\n\n<div class=\"t2-statistics has-1-blocks is-style-icons wp-block-t2-statistics\">\n\n\t\t<div class=\"t2-statistic-item is-style-people wp-block-t2-statistic-item\">\n\t\t\t\n\t\t\t<div class=\"t2-statistic-item__number-wrapper\">\n\t\t\t\t\n\t\t\t\t\n\t\t\t\t<span class=\"t2-statistic-item__number\" data-number=\"404\" data-duration=\"2500\">404<\/span><span><\/span>\n\t\t\t<\/div>\n\t\t\t<span class=\"t2-statistic-item__content t2-statistic-item__content--title-after\">Ansatte<\/span>\n\t\t<\/div>\n<\/div>\n\n<div class=\"t2-statistics has-1-blocks wp-block-t2-statistics\">\n\n\t\t<div class=\"t2-statistic-item is-style-building wp-block-t2-statistic-item\">\n\t\t\t\n\t\t\t<div class=\"t2-statistic-item__number-wrapper\">\n\t\t\t\t\n\t\t\t\t\n\t\t\t\t<span class=\"t2-statistic-item__number\" data-number=\"2313\" data-duration=\"2500\">2313<\/span><span><\/span>\n\t\t\t<\/div>\n\t\t\t<span class=\"t2-statistic-item__content t2-statistic-item__content--title-after\">millioner omsetning i 2022<\/span>\n\t\t<\/div>\n<\/div>\n\n\t\t\t<\/div>\n\t\t<\/div>\n\n\n<div style=\"height:30px\" aria-hidden=\"true\" class=\"wp-block-spacer\"><\/div>\n\n\n\n<h2 class=\"wp-block-heading\" id=\"h-eierstruktur\">Eierstruktur<\/h2>\n\n\n\n<p>Mills AS er 100 prosent eid av Agra Foods AS og er et datterselskap i <a href=\"https:\/\/agra.no\/\" target=\"_blank\" rel=\"noreferrer noopener\">Agra-konsernet<\/a>. Agra har ogs\u00e5 sitt hovedkontor p\u00e5 Gr\u00fcnerl\u00f8kka i Oslo. Produksjonen i 2021 har foreg\u00e5tt i konsernets elleve fabrikker, fordelt p\u00e5 fire land: Norge, Sverige, Danmark og Polen. <\/p>\n\n\n\n<h3 class=\"wp-block-heading\">Norge: <\/h3>\n\n\n\n<ul class=\"wp-block-list\"><li>Fredrikstad<\/li><li>Drammen<\/li><\/ul>\n\n\n\n<h3 class=\"wp-block-heading\">Sverige: <\/h3>\n\n\n\n<ul class=\"wp-block-list\"><li>Vidsel<\/li><li>Albyberg <\/li><li>Gotland <\/li><\/ul>\n\n\n\n<h3 class=\"wp-block-heading\">Danmark<\/h3>\n\n\n\n<ul class=\"wp-block-list\"><li>\u00c5rhus<\/li><li>Havns\u00f8<\/li><li>Roskilde<\/li><li>Langeland<\/li><li>Graasten<\/li><\/ul>\n\n\n\n<p><strong>Polen: <\/strong><\/p>\n\n\n\n<ul class=\"wp-block-list\"><li>Ko\u0142obrzeg<\/li><\/ul>\n\n\n\n<h2 class=\"wp-block-heading\">Organisering av b\u00e6rekraft<\/h2>\n\n\n\n<p>\u200bArbeidet for mer b\u00e6rekraftig drift er&nbsp;organisert som en konsernfunksjon i&nbsp;Agra, under konsernsjef Knut K. Heje&nbsp;og direkt\u00f8r for b\u00e6rekraft og&nbsp;samfunnskontakt&nbsp;Emilie Olderskog.&nbsp;Ansvaret for det operative arbeidet&nbsp;ligger hos ledergruppen i selskapene&nbsp;samt i relevante avdelinger.\u200b<\/p>\n\n\n\n<h2 class=\"wp-block-heading\">\u00d8konomisk omsetning<\/h2>\n\n\n\n<p>\u200bOmsetning 2022:&nbsp; 2 313 millioner<\/p>\n\n\n\n<h2 class=\"wp-block-heading\">Fagforeninger<\/h2>\n\n\n\n<p>\u200bV\u00e5r virksomhet er forpliktet til f\u00f8lgende avtaler:\u200b<\/p>\n\n\n\n<ul class=\"wp-block-list\"><li>Margarinoverenskomsten&nbsp;nr&nbsp;152\u200b<\/li><li>Mat- og drikkeoverenskomsten&nbsp;nr&nbsp;512\u200b<\/li><li>YS Salgsfunksjon\u00e6rer Negotia\u200b<\/li><li>Forbundet for Ledelse og Teknikk&nbsp;nr&nbsp;198\u200b<\/li><\/ul>\n\n\n\n<p>F\u00f8lgende fagforeninger er aktive i virksomheten:\u200b<\/p>\n\n\n\n<ul class=\"wp-block-list\"><li>NNN Fredrikstad og Drammen\u200b<\/li><li>FLT Fredrikstad\u200b<\/li><li>Negotia Ytre Salg<\/li><\/ul>\n\n\n\n<figure class=\"wp-block-image size-large\"><img loading=\"lazy\" decoding=\"async\" width=\"1024\" height=\"683\" src=\"https:\/\/mills.no\/content\/uploads\/sites\/18\/2023\/03\/0000fredrikstad-1024x683.jpg\" alt=\"\" class=\"wp-image-651\" srcset=\"https:\/\/mills.no\/content\/uploads\/sites\/18\/2023\/03\/0000fredrikstad-1024x683.jpg 1024w, https:\/\/mills.no\/content\/uploads\/sites\/18\/2023\/03\/0000fredrikstad-300x200.jpg 300w, https:\/\/mills.no\/content\/uploads\/sites\/18\/2023\/03\/0000fredrikstad-768x512.jpg 768w, https:\/\/mills.no\/content\/uploads\/sites\/18\/2023\/03\/0000fredrikstad-80x53.jpg 80w, https:\/\/mills.no\/content\/uploads\/sites\/18\/2023\/03\/0000fredrikstad.jpg 1050w\" sizes=\"auto, (max-width: 1024px) 100vw, 1024px\" \/><\/figure>\n\n\n\n<h2 class=\"wp-block-heading\">Informasjon om ansatte<\/h2>\n\n\n\n<p>\u200bMills har 404 ansatte.\u200b<\/p>\n\n\n\n<ul class=\"wp-block-list\"><li>62 prosent menn\u200b<\/li><li>38 prosent kvinner\u200b<\/li><\/ul>\n\n\n\n<h2 class=\"wp-block-heading\"><strong>B\u00e6rekraftstrategi<\/strong>\u200b<\/h2>\n\n\n\n<p>\u200bI&nbsp;l\u00f8pet av 2022 ble Mills\u2019&nbsp;b\u00e6rekraftstrategi revidert, med mer&nbsp;ambisi\u00f8se og konkrete m\u00e5lsetninger.&nbsp;Den nye strategien gjelder til og med&nbsp;2025. Prosessen var bredt forankret i&nbsp;ledelse og \u00f8vrig organisasjon.&nbsp;Strategien er vedtatt i selskapsledelsen,&nbsp;samt i konsernledelsen (Agra).&nbsp;<\/p>\n\n\n\t\t\t<\/div>\n\t\t<\/div>\n\n\n\t\t<div class=\"has-background has-background-3-background-color is-style-vertical-spacing is-style-horizontal-spacing alignfull is-section-text wp-block-mills-section has-background has-background-3-background-color\">\n\t\t\t<div class=\"wp-block-mills-section__inner alignwide\">\n\t\t\t\t\n\n<h2 class=\"has-text-align-center wp-block-heading\" id=\"h-hovedomradene-i-vart-baerekraftarbeid\">Hovedomr\u00e5dene i v\u00e5rt b\u00e6rekraftarbeid<\/h2>\n\n\n<ul class=\"t2-link-list has-8-items has-auto-columns is-style-three-cols wp-block-t2-link-list\">\n\t<li class=\"t2-link-list-item wp-block-t2-link-list-item\">\n\t\t<a\n\t\t\thref=\"https:\/\/mills.no\/baerekraftrapport-2022\/sunnere-produkter\/\"\n\t\t\tclass=\"t2-link-list-item__link t2-link-list__icon--left\"\n\t\t\t\t\t>\n\t\t\t<span class=\"t2-link-list-item__icon\"><span class=\"t2-link-list-item__icon-box\"><\/span><svg xmlns=\"http:\/\/www.w3.org\/2000\/svg\" viewBox=\"0 0 24 24\" height=\"24\" width=\"24\" class=\"t2-icon t2-icon-arrowforward\" aria-hidden=\"true\" focusable=\"false\"><path d=\"M11.3 19.3c-.2-.2-.3-.4-.3-.7 0-.3.1-.5.3-.7l4.9-4.9H5c-.3 0-.5-.1-.7-.3-.2-.2-.3-.4-.3-.7s.1-.5.3-.7c.2-.2.4-.3.7-.3h11.2l-4.9-4.9c-.2-.2-.3-.4-.3-.7 0-.3.1-.5.3-.7.2-.2.4-.3.7-.3s.5.1.7.3l6.6 6.6c.1.1.2.2.2.3 0 .1.1.3.1.4 0 .1 0 .3-.1.4 0 .1-.1.2-.2.3l-6.6 6.6c-.2.2-.4.3-.7.3s-.5-.1-.7-.3z\" fill=\"currentColor\" \/><\/svg><\/span>\t\t\t<div class=\"t2-link-list-item__content\">\n\n\t\t\t\t\n\t\t\t\t<span id=\"link-list-item-text\" class=\"t2-link-list-item__text\">\n\t\t\t\t\tSunnere produkter\t\t\t\t<\/span>\n\t\t\t\t<span id=\"link-list-item-description\" class=\"t2-link-list-item__description\">Vi tilbyr sunnere produkter fra planteriket og havet. <\/span>\t\t\t<\/div>\n\t\t<\/a>\n\t<\/li>\n\t\n\n\t<li class=\"t2-link-list-item wp-block-t2-link-list-item\">\n\t\t<a\n\t\t\thref=\"https:\/\/mills.no\/baerekraftrapport-2022\/trygg-mat\/\"\n\t\t\tclass=\"t2-link-list-item__link t2-link-list__icon--left\"\n\t\t\t\t\t>\n\t\t\t<span class=\"t2-link-list-item__icon\"><span class=\"t2-link-list-item__icon-box\"><\/span><svg xmlns=\"http:\/\/www.w3.org\/2000\/svg\" viewBox=\"0 0 24 24\" height=\"24\" width=\"24\" class=\"t2-icon t2-icon-arrowforward\" aria-hidden=\"true\" focusable=\"false\"><path d=\"M11.3 19.3c-.2-.2-.3-.4-.3-.7 0-.3.1-.5.3-.7l4.9-4.9H5c-.3 0-.5-.1-.7-.3-.2-.2-.3-.4-.3-.7s.1-.5.3-.7c.2-.2.4-.3.7-.3h11.2l-4.9-4.9c-.2-.2-.3-.4-.3-.7 0-.3.1-.5.3-.7.2-.2.4-.3.7-.3s.5.1.7.3l6.6 6.6c.1.1.2.2.2.3 0 .1.1.3.1.4 0 .1 0 .3-.1.4 0 .1-.1.2-.2.3l-6.6 6.6c-.2.2-.4.3-.7.3s-.5-.1-.7-.3z\" fill=\"currentColor\" \/><\/svg><\/span>\t\t\t<div class=\"t2-link-list-item__content\">\n\n\t\t\t\t\n\t\t\t\t<span id=\"link-list-item-text-1\" class=\"t2-link-list-item__text\">\n\t\t\t\t\tTrygg mat\t\t\t\t<\/span>\n\t\t\t\t<span id=\"link-list-item-description-1\" class=\"t2-link-list-item__description\">Alle v\u00e5re varer skal  produseres p\u00e5 en sikker m\u00e5te.<\/span>\t\t\t<\/div>\n\t\t<\/a>\n\t<\/li>\n\t\n\n\t<li class=\"t2-link-list-item wp-block-t2-link-list-item\">\n\t\t<a\n\t\t\thref=\"https:\/\/mills.no\/baerekraftrapport-2022\/ansvarlig-arbeidsgiver\/\"\n\t\t\tclass=\"t2-link-list-item__link t2-link-list__icon--left\"\n\t\t\t\t\t>\n\t\t\t<span class=\"t2-link-list-item__icon\"><span class=\"t2-link-list-item__icon-box\"><\/span><svg xmlns=\"http:\/\/www.w3.org\/2000\/svg\" viewBox=\"0 0 24 24\" height=\"24\" width=\"24\" class=\"t2-icon t2-icon-arrowforward\" aria-hidden=\"true\" focusable=\"false\"><path d=\"M11.3 19.3c-.2-.2-.3-.4-.3-.7 0-.3.1-.5.3-.7l4.9-4.9H5c-.3 0-.5-.1-.7-.3-.2-.2-.3-.4-.3-.7s.1-.5.3-.7c.2-.2.4-.3.7-.3h11.2l-4.9-4.9c-.2-.2-.3-.4-.3-.7 0-.3.1-.5.3-.7.2-.2.4-.3.7-.3s.5.1.7.3l6.6 6.6c.1.1.2.2.2.3 0 .1.1.3.1.4 0 .1 0 .3-.1.4 0 .1-.1.2-.2.3l-6.6 6.6c-.2.2-.4.3-.7.3s-.5-.1-.7-.3z\" fill=\"currentColor\" \/><\/svg><\/span>\t\t\t<div class=\"t2-link-list-item__content\">\n\n\t\t\t\t\n\t\t\t\t<span id=\"link-list-item-text-2\" class=\"t2-link-list-item__text\">\n\t\t\t\t\tAnsvarlig arbeidsgiver\t\t\t\t<\/span>\n\t\t\t\t<span id=\"link-list-item-description-2\" class=\"t2-link-list-item__description\">V\u00e5re medarbeidere skal ha en trygg arbeidsplass, hvor alle trives og opplever utvikling. <\/span>\t\t\t<\/div>\n\t\t<\/a>\n\t<\/li>\n\t\n\n\t<li class=\"t2-link-list-item wp-block-t2-link-list-item\">\n\t\t<a\n\t\t\thref=\"https:\/\/mills.no\/baerekraftrapport-2022\/etikk-og-miljo-i-leverandorkjeden\/\"\n\t\t\tclass=\"t2-link-list-item__link t2-link-list__icon--left\"\n\t\t\t\t\t>\n\t\t\t<span class=\"t2-link-list-item__icon\"><span class=\"t2-link-list-item__icon-box\"><\/span><svg xmlns=\"http:\/\/www.w3.org\/2000\/svg\" viewBox=\"0 0 24 24\" height=\"24\" width=\"24\" class=\"t2-icon t2-icon-arrowforward\" aria-hidden=\"true\" focusable=\"false\"><path d=\"M11.3 19.3c-.2-.2-.3-.4-.3-.7 0-.3.1-.5.3-.7l4.9-4.9H5c-.3 0-.5-.1-.7-.3-.2-.2-.3-.4-.3-.7s.1-.5.3-.7c.2-.2.4-.3.7-.3h11.2l-4.9-4.9c-.2-.2-.3-.4-.3-.7 0-.3.1-.5.3-.7.2-.2.4-.3.7-.3s.5.1.7.3l6.6 6.6c.1.1.2.2.2.3 0 .1.1.3.1.4 0 .1 0 .3-.1.4 0 .1-.1.2-.2.3l-6.6 6.6c-.2.2-.4.3-.7.3s-.5-.1-.7-.3z\" fill=\"currentColor\" \/><\/svg><\/span>\t\t\t<div class=\"t2-link-list-item__content\">\n\n\t\t\t\t\n\t\t\t\t<span id=\"link-list-item-text-3\" class=\"t2-link-list-item__text\">\n\t\t\t\t\tEtikk og milj\u00f8 i leverand\u00f8rkjeden\t\t\t\t<\/span>\n\t\t\t\t<span id=\"link-list-item-description-3\" class=\"t2-link-list-item__description\">Gjennom v\u00e5re mange leverand\u00f8rer p\u00e5virker vi arbeidere og lokalmilj\u00f8 i store deler av verden. Les mer. <\/span>\t\t\t<\/div>\n\t\t<\/a>\n\t<\/li>\n\t\n\n\t<li class=\"t2-link-list-item wp-block-t2-link-list-item\">\n\t\t<a\n\t\t\thref=\"https:\/\/mills.no\/baerekraftrapport-2022\/emballasje\/\"\n\t\t\tclass=\"t2-link-list-item__link t2-link-list__icon--left\"\n\t\t\t\t\t>\n\t\t\t<span class=\"t2-link-list-item__icon\"><span class=\"t2-link-list-item__icon-box\"><\/span><svg xmlns=\"http:\/\/www.w3.org\/2000\/svg\" viewBox=\"0 0 24 24\" height=\"24\" width=\"24\" class=\"t2-icon t2-icon-arrowforward\" aria-hidden=\"true\" focusable=\"false\"><path d=\"M11.3 19.3c-.2-.2-.3-.4-.3-.7 0-.3.1-.5.3-.7l4.9-4.9H5c-.3 0-.5-.1-.7-.3-.2-.2-.3-.4-.3-.7s.1-.5.3-.7c.2-.2.4-.3.7-.3h11.2l-4.9-4.9c-.2-.2-.3-.4-.3-.7 0-.3.1-.5.3-.7.2-.2.4-.3.7-.3s.5.1.7.3l6.6 6.6c.1.1.2.2.2.3 0 .1.1.3.1.4 0 .1 0 .3-.1.4 0 .1-.1.2-.2.3l-6.6 6.6c-.2.2-.4.3-.7.3s-.5-.1-.7-.3z\" fill=\"currentColor\" \/><\/svg><\/span>\t\t\t<div class=\"t2-link-list-item__content\">\n\n\t\t\t\t\n\t\t\t\t<span id=\"link-list-item-text-4\" class=\"t2-link-list-item__text\">\n\t\t\t\t\tEmballasje\t\t\t\t<\/span>\n\t\t\t\t<span id=\"link-list-item-description-4\" class=\"t2-link-list-item__description\">Mindre materialbruk og bytte til materialer som lar seg gjenvinne har stor p\u00e5virkning. \u200bLes mer. <\/span>\t\t\t<\/div>\n\t\t<\/a>\n\t<\/li>\n\t\n\n\t<li class=\"t2-link-list-item wp-block-t2-link-list-item\">\n\t\t<a\n\t\t\thref=\"https:\/\/mills.no\/baerekraftrapport-2022\/matsvinn\/\"\n\t\t\tclass=\"t2-link-list-item__link t2-link-list__icon--left\"\n\t\t\t\t\t>\n\t\t\t<span class=\"t2-link-list-item__icon\"><span class=\"t2-link-list-item__icon-box\"><\/span><svg xmlns=\"http:\/\/www.w3.org\/2000\/svg\" viewBox=\"0 0 24 24\" height=\"24\" width=\"24\" class=\"t2-icon t2-icon-arrowforward\" aria-hidden=\"true\" focusable=\"false\"><path d=\"M11.3 19.3c-.2-.2-.3-.4-.3-.7 0-.3.1-.5.3-.7l4.9-4.9H5c-.3 0-.5-.1-.7-.3-.2-.2-.3-.4-.3-.7s.1-.5.3-.7c.2-.2.4-.3.7-.3h11.2l-4.9-4.9c-.2-.2-.3-.4-.3-.7 0-.3.1-.5.3-.7.2-.2.4-.3.7-.3s.5.1.7.3l6.6 6.6c.1.1.2.2.2.3 0 .1.1.3.1.4 0 .1 0 .3-.1.4 0 .1-.1.2-.2.3l-6.6 6.6c-.2.2-.4.3-.7.3s-.5-.1-.7-.3z\" fill=\"currentColor\" \/><\/svg><\/span>\t\t\t<div class=\"t2-link-list-item__content\">\n\n\t\t\t\t\n\t\t\t\t<span id=\"link-list-item-text-5\" class=\"t2-link-list-item__text\">\n\t\t\t\t\tMatsvinn\t\t\t\t<\/span>\n\t\t\t\t<span id=\"link-list-item-description-5\" class=\"t2-link-list-item__description\">Vi gj\u00f8r alt for \u00e5 redusere matsvinn i egen produksjon.  <\/span>\t\t\t<\/div>\n\t\t<\/a>\n\t<\/li>\n\t\n\n\t<li class=\"t2-link-list-item wp-block-t2-link-list-item\">\n\t\t<a\n\t\t\thref=\"https:\/\/mills.no\/baerekraftrapport-2022\/klima-og-miljo\/\"\n\t\t\tclass=\"t2-link-list-item__link t2-link-list__icon--left\"\n\t\t\t\t\t>\n\t\t\t<span class=\"t2-link-list-item__icon\"><span class=\"t2-link-list-item__icon-box\"><\/span><svg xmlns=\"http:\/\/www.w3.org\/2000\/svg\" viewBox=\"0 0 24 24\" height=\"24\" width=\"24\" class=\"t2-icon t2-icon-arrowforward\" aria-hidden=\"true\" focusable=\"false\"><path d=\"M11.3 19.3c-.2-.2-.3-.4-.3-.7 0-.3.1-.5.3-.7l4.9-4.9H5c-.3 0-.5-.1-.7-.3-.2-.2-.3-.4-.3-.7s.1-.5.3-.7c.2-.2.4-.3.7-.3h11.2l-4.9-4.9c-.2-.2-.3-.4-.3-.7 0-.3.1-.5.3-.7.2-.2.4-.3.7-.3s.5.1.7.3l6.6 6.6c.1.1.2.2.2.3 0 .1.1.3.1.4 0 .1 0 .3-.1.4 0 .1-.1.2-.2.3l-6.6 6.6c-.2.2-.4.3-.7.3s-.5-.1-.7-.3z\" fill=\"currentColor\" \/><\/svg><\/span>\t\t\t<div class=\"t2-link-list-item__content\">\n\n\t\t\t\t\n\t\t\t\t<span id=\"link-list-item-text-6\" class=\"t2-link-list-item__text\">\n\t\t\t\t\tKlima og milj\u00f8\t\t\t\t<\/span>\n\t\t\t\t<span id=\"link-list-item-description-6\" class=\"t2-link-list-item__description\">Bruk av r\u00e5varer, emballasje, produksjon og transport p\u00e5virker klimaavtrykket. <\/span>\t\t\t<\/div>\n\t\t<\/a>\n\t<\/li>\n\t\n\n\t<li class=\"t2-link-list-item wp-block-t2-link-list-item\">\n\t\t<a\n\t\t\thref=\"https:\/\/mills.no\/baerekraftrapport-2022\/samarbeid\/\"\n\t\t\tclass=\"t2-link-list-item__link t2-link-list__icon--left\"\n\t\t\t\t\t>\n\t\t\t<span class=\"t2-link-list-item__icon\"><span class=\"t2-link-list-item__icon-box\"><\/span><svg xmlns=\"http:\/\/www.w3.org\/2000\/svg\" viewBox=\"0 0 24 24\" height=\"24\" width=\"24\" class=\"t2-icon t2-icon-arrowforward\" aria-hidden=\"true\" focusable=\"false\"><path d=\"M11.3 19.3c-.2-.2-.3-.4-.3-.7 0-.3.1-.5.3-.7l4.9-4.9H5c-.3 0-.5-.1-.7-.3-.2-.2-.3-.4-.3-.7s.1-.5.3-.7c.2-.2.4-.3.7-.3h11.2l-4.9-4.9c-.2-.2-.3-.4-.3-.7 0-.3.1-.5.3-.7.2-.2.4-.3.7-.3s.5.1.7.3l6.6 6.6c.1.1.2.2.2.3 0 .1.1.3.1.4 0 .1 0 .3-.1.4 0 .1-.1.2-.2.3l-6.6 6.6c-.2.2-.4.3-.7.3s-.5-.1-.7-.3z\" fill=\"currentColor\" \/><\/svg><\/span>\t\t\t<div class=\"t2-link-list-item__content\">\n\n\t\t\t\t\n\t\t\t\t<span id=\"link-list-item-text-7\" class=\"t2-link-list-item__text\">\n\t\t\t\t\tSamarbeid\t\t\t\t<\/span>\n\t\t\t\t<span id=\"link-list-item-description-7\" class=\"t2-link-list-item__description\">N\u00e6r dialog og smart samarbeid med v\u00e5re interessenter gj\u00f8r at vi n\u00e5r felles m\u00e5l raskere. <\/span>\t\t\t<\/div>\n\t\t<\/a>\n\t<\/li>\n\t\n<\/ul>\n\n\t\t\t<\/div>\n\t\t<\/div>","protected":false},"excerpt":{"rendered":"","protected":false},"author":1,"featured_media":650,"parent":0,"menu_order":0,"comment_status":"closed","ping_status":"closed","template":"","meta":{"_searchwp_excluded":"","hide_post_title":false,"footnotes":""},"class_list":["post-8","page","type-page","status-publish","has-post-thumbnail","hentry"],"yoast_head":"<!-- This site is optimized with the Yoast SEO Premium plugin v26.9 (Yoast SEO v26.9) - https:\/\/yoast.com\/product\/yoast-seo-premium-wordpress\/ -->\n<title>Om organisasjonen - Baerekraftrapport 2022<\/title>\n<meta name=\"robots\" content=\"index, follow, max-snippet:-1, max-image-preview:large, max-video-preview:-1\" \/>\n<link rel=\"canonical\" href=\"https:\/\/mills.no\/baerekraftrapport-2022\/om-organisasjonen\/\" \/>\n<meta property=\"og:locale\" content=\"nb_NO\" \/>\n<meta property=\"og:type\" content=\"article\" \/>\n<meta property=\"og:title\" content=\"Om organisasjonen\" \/>\n<meta property=\"og:url\" content=\"https:\/\/mills.no\/baerekraftrapport-2022\/om-organisasjonen\/\" \/>\n<meta property=\"og:site_name\" content=\"Baerekraftrapport 2022\" \/>\n<meta property=\"article:modified_time\" content=\"2024-02-07T08:17:24+00:00\" \/>\n<meta property=\"og:image\" content=\"https:\/\/mills.no\/content\/uploads\/sites\/18\/2023\/03\/0000oslo2.jpg\" \/>\n\t<meta property=\"og:image:width\" content=\"1050\" \/>\n\t<meta property=\"og:image:height\" content=\"700\" \/>\n\t<meta property=\"og:image:type\" content=\"image\/jpeg\" \/>\n<meta name=\"twitter:card\" content=\"summary_large_image\" \/>\n<meta name=\"twitter:label1\" content=\"Ansl. lesetid\" \/>\n\t<meta name=\"twitter:data1\" content=\"2 minutter\" \/>\n<script type=\"application\/ld+json\" class=\"yoast-schema-graph\">{\"@context\":\"https:\/\/schema.org\",\"@graph\":[{\"@type\":\"WebPage\",\"@id\":\"https:\/\/mills.no\/baerekraftrapport-2022\/om-organisasjonen\/\",\"url\":\"https:\/\/mills.no\/baerekraftrapport-2022\/om-organisasjonen\/\",\"name\":\"Om organisasjonen - Baerekraftrapport 2022\",\"isPartOf\":{\"@id\":\"https:\/\/mills.no\/baerekraftrapport-2022\/#website\"},\"primaryImageOfPage\":{\"@id\":\"https:\/\/mills.no\/baerekraftrapport-2022\/om-organisasjonen\/#primaryimage\"},\"image\":{\"@id\":\"https:\/\/mills.no\/baerekraftrapport-2022\/om-organisasjonen\/#primaryimage\"},\"thumbnailUrl\":\"https:\/\/mills.no\/content\/uploads\/sites\/18\/2023\/03\/0000oslo2.jpg\",\"datePublished\":\"2023-01-10T13:09:32+00:00\",\"dateModified\":\"2024-02-07T08:17:24+00:00\",\"breadcrumb\":{\"@id\":\"https:\/\/mills.no\/baerekraftrapport-2022\/om-organisasjonen\/#breadcrumb\"},\"inLanguage\":\"nb-NO\",\"potentialAction\":[{\"@type\":\"ReadAction\",\"target\":[\"https:\/\/mills.no\/baerekraftrapport-2022\/om-organisasjonen\/\"]}]},{\"@type\":\"ImageObject\",\"inLanguage\":\"nb-NO\",\"@id\":\"https:\/\/mills.no\/baerekraftrapport-2022\/om-organisasjonen\/#primaryimage\",\"url\":\"https:\/\/mills.no\/content\/uploads\/sites\/18\/2023\/03\/0000oslo2.jpg\",\"contentUrl\":\"https:\/\/mills.no\/content\/uploads\/sites\/18\/2023\/03\/0000oslo2.jpg\",\"width\":1050,\"height\":700},{\"@type\":\"BreadcrumbList\",\"@id\":\"https:\/\/mills.no\/baerekraftrapport-2022\/om-organisasjonen\/#breadcrumb\",\"itemListElement\":[{\"@type\":\"ListItem\",\"position\":1,\"name\":\"Home\",\"item\":\"https:\/\/mills.no\/baerekraftrapport-2022\/\"},{\"@type\":\"ListItem\",\"position\":2,\"name\":\"Om organisasjonen\"}]},{\"@type\":\"WebSite\",\"@id\":\"https:\/\/mills.no\/baerekraftrapport-2022\/#website\",\"url\":\"https:\/\/mills.no\/baerekraftrapport-2022\/\",\"name\":\"Baerekraftrapport 2022\",\"description\":\"\",\"publisher\":{\"@id\":\"https:\/\/mills.no\/baerekraftrapport-2022\/#organization\"},\"potentialAction\":[{\"@type\":\"SearchAction\",\"target\":{\"@type\":\"EntryPoint\",\"urlTemplate\":\"https:\/\/mills.no\/baerekraftrapport-2022\/?s={search_term_string}\"},\"query-input\":{\"@type\":\"PropertyValueSpecification\",\"valueRequired\":true,\"valueName\":\"search_term_string\"}}],\"inLanguage\":\"nb-NO\"},{\"@type\":\"Organization\",\"@id\":\"https:\/\/mills.no\/baerekraftrapport-2022\/#organization\",\"name\":\"Baerekraftrapport 2022\",\"url\":\"https:\/\/mills.no\/baerekraftrapport-2022\/\",\"logo\":{\"@type\":\"ImageObject\",\"inLanguage\":\"nb-NO\",\"@id\":\"https:\/\/mills.no\/baerekraftrapport-2022\/#\/schema\/logo\/image\/\",\"url\":\"https:\/\/mills.no\/content\/uploads\/sites\/18\/2023\/01\/logo_mills_ramme.png\",\"contentUrl\":\"https:\/\/mills.no\/content\/uploads\/sites\/18\/2023\/01\/logo_mills_ramme.png\",\"width\":130,\"height\":72,\"caption\":\"Baerekraftrapport 2022\"},\"image\":{\"@id\":\"https:\/\/mills.no\/baerekraftrapport-2022\/#\/schema\/logo\/image\/\"}}]}<\/script>\n<!-- \/ Yoast SEO Premium plugin. -->","yoast_head_json":{"title":"Om organisasjonen - Baerekraftrapport 2022","robots":{"index":"index","follow":"follow","max-snippet":"max-snippet:-1","max-image-preview":"max-image-preview:large","max-video-preview":"max-video-preview:-1"},"canonical":"https:\/\/mills.no\/baerekraftrapport-2022\/om-organisasjonen\/","og_locale":"nb_NO","og_type":"article","og_title":"Om organisasjonen","og_url":"https:\/\/mills.no\/baerekraftrapport-2022\/om-organisasjonen\/","og_site_name":"Baerekraftrapport 2022","article_modified_time":"2024-02-07T08:17:24+00:00","og_image":[{"width":1050,"height":700,"url":"https:\/\/mills.no\/content\/uploads\/sites\/18\/2023\/03\/0000oslo2.jpg","type":"image\/jpeg"}],"twitter_card":"summary_large_image","twitter_misc":{"Ansl. lesetid":"2 minutter"},"schema":{"@context":"https:\/\/schema.org","@graph":[{"@type":"WebPage","@id":"https:\/\/mills.no\/baerekraftrapport-2022\/om-organisasjonen\/","url":"https:\/\/mills.no\/baerekraftrapport-2022\/om-organisasjonen\/","name":"Om organisasjonen - Baerekraftrapport 2022","isPartOf":{"@id":"https:\/\/mills.no\/baerekraftrapport-2022\/#website"},"primaryImageOfPage":{"@id":"https:\/\/mills.no\/baerekraftrapport-2022\/om-organisasjonen\/#primaryimage"},"image":{"@id":"https:\/\/mills.no\/baerekraftrapport-2022\/om-organisasjonen\/#primaryimage"},"thumbnailUrl":"https:\/\/mills.no\/content\/uploads\/sites\/18\/2023\/03\/0000oslo2.jpg","datePublished":"2023-01-10T13:09:32+00:00","dateModified":"2024-02-07T08:17:24+00:00","breadcrumb":{"@id":"https:\/\/mills.no\/baerekraftrapport-2022\/om-organisasjonen\/#breadcrumb"},"inLanguage":"nb-NO","potentialAction":[{"@type":"ReadAction","target":["https:\/\/mills.no\/baerekraftrapport-2022\/om-organisasjonen\/"]}]},{"@type":"ImageObject","inLanguage":"nb-NO","@id":"https:\/\/mills.no\/baerekraftrapport-2022\/om-organisasjonen\/#primaryimage","url":"https:\/\/mills.no\/content\/uploads\/sites\/18\/2023\/03\/0000oslo2.jpg","contentUrl":"https:\/\/mills.no\/content\/uploads\/sites\/18\/2023\/03\/0000oslo2.jpg","width":1050,"height":700},{"@type":"BreadcrumbList","@id":"https:\/\/mills.no\/baerekraftrapport-2022\/om-organisasjonen\/#breadcrumb","itemListElement":[{"@type":"ListItem","position":1,"name":"Home","item":"https:\/\/mills.no\/baerekraftrapport-2022\/"},{"@type":"ListItem","position":2,"name":"Om organisasjonen"}]},{"@type":"WebSite","@id":"https:\/\/mills.no\/baerekraftrapport-2022\/#website","url":"https:\/\/mills.no\/baerekraftrapport-2022\/","name":"Baerekraftrapport 2022","description":"","publisher":{"@id":"https:\/\/mills.no\/baerekraftrapport-2022\/#organization"},"potentialAction":[{"@type":"SearchAction","target":{"@type":"EntryPoint","urlTemplate":"https:\/\/mills.no\/baerekraftrapport-2022\/?s={search_term_string}"},"query-input":{"@type":"PropertyValueSpecification","valueRequired":true,"valueName":"search_term_string"}}],"inLanguage":"nb-NO"},{"@type":"Organization","@id":"https:\/\/mills.no\/baerekraftrapport-2022\/#organization","name":"Baerekraftrapport 2022","url":"https:\/\/mills.no\/baerekraftrapport-2022\/","logo":{"@type":"ImageObject","inLanguage":"nb-NO","@id":"https:\/\/mills.no\/baerekraftrapport-2022\/#\/schema\/logo\/image\/","url":"https:\/\/mills.no\/content\/uploads\/sites\/18\/2023\/01\/logo_mills_ramme.png","contentUrl":"https:\/\/mills.no\/content\/uploads\/sites\/18\/2023\/01\/logo_mills_ramme.png","width":130,"height":72,"caption":"Baerekraftrapport 2022"},"image":{"@id":"https:\/\/mills.no\/baerekraftrapport-2022\/#\/schema\/logo\/image\/"}}]}},"_links":{"self":[{"href":"https:\/\/mills.no\/baerekraftrapport-2022\/wp-json\/wp\/v2\/pages\/8","targetHints":{"allow":["GET"]}}],"collection":[{"href":"https:\/\/mills.no\/baerekraftrapport-2022\/wp-json\/wp\/v2\/pages"}],"about":[{"href":"https:\/\/mills.no\/baerekraftrapport-2022\/wp-json\/wp\/v2\/types\/page"}],"author":[{"embeddable":true,"href":"https:\/\/mills.no\/baerekraftrapport-2022\/wp-json\/wp\/v2\/users\/1"}],"replies":[{"embeddable":true,"href":"https:\/\/mills.no\/baerekraftrapport-2022\/wp-json\/wp\/v2\/comments?post=8"}],"version-history":[{"count":13,"href":"https:\/\/mills.no\/baerekraftrapport-2022\/wp-json\/wp\/v2\/pages\/8\/revisions"}],"predecessor-version":[{"id":882,"href":"https:\/\/mills.no\/baerekraftrapport-2022\/wp-json\/wp\/v2\/pages\/8\/revisions\/882"}],"wp:featuredmedia":[{"embeddable":true,"href":"https:\/\/mills.no\/baerekraftrapport-2022\/wp-json\/wp\/v2\/media\/650"}],"wp:attachment":[{"href":"https:\/\/mills.no\/baerekraftrapport-2022\/wp-json\/wp\/v2\/media?parent=8"}],"curies":[{"name":"wp","href":"https:\/\/api.w.org\/{rel}","templated":true}]}}