{"id":216,"date":"2016-01-18T12:23:48","date_gmt":"2016-01-18T11:23:48","guid":{"rendered":"https:\/\/mills.no\/delikat\/delikat\/"},"modified":"2026-02-17T15:07:01","modified_gmt":"2026-02-17T14:07:01","slug":"delikat","status":"publish","type":"page","link":"https:\/\/mills.no\/delikat\/","title":{"rendered":"Delikat"},"content":{"rendered":"<div class=\"mills-block-featured alignfull alignfull wp-block-mills-block-featured\"><img loading=\"lazy\" decoding=\"async\" width=\"2048\" height=\"1365\" style=\"width:100%;height:100%;object-fit:cover\" src=\"https:\/\/mills.no\/content\/uploads\/sites\/4\/2022\/01\/delikatbagelNY.jpg\" class=\"wp-block-cover__image-background\" alt=\"bagel\" srcset=\"https:\/\/mills.no\/content\/uploads\/sites\/4\/2022\/01\/delikatbagelNY.jpg 2048w, https:\/\/mills.no\/content\/uploads\/sites\/4\/2022\/01\/delikatbagelNY-300x200.jpg 300w, https:\/\/mills.no\/content\/uploads\/sites\/4\/2022\/01\/delikatbagelNY-1024x683.jpg 1024w, https:\/\/mills.no\/content\/uploads\/sites\/4\/2022\/01\/delikatbagelNY-768x512.jpg 768w, https:\/\/mills.no\/content\/uploads\/sites\/4\/2022\/01\/delikatbagelNY-1536x1024.jpg 1536w, https:\/\/mills.no\/content\/uploads\/sites\/4\/2022\/01\/delikatbagelNY-80x53.jpg 80w\" sizes=\"auto, (max-width: 2048px) 100vw, 2048px\" \/><div class=\"wp-block-cover__inner-container\">\n<h1 class=\"has-text-align-center wp-block-post-title has-text-color has-neutral-1000-color\">Delikat<\/h1>\n<\/div><\/div>\n\n\n\t\t<div class=\"has-background has-neutral-50-background-color is-style-vertical-spacing is-style-horizontal-spacing alignwide wp-block-mills-section has-background has-neutral-50-background-color\">\n\t\t\t<div class=\"wp-block-mills-section__inner alignwide\">\n\t\t\t\t\n\n<h2 class=\"wp-block-heading has-text-align-center aligncenter\" id=\"h-produkter\">Produkter<\/h2>\n\n\n<div class=\"t2-featured-content-layout alignwide alignwide wp-block-t2-featured-content-layout\" role=\"list\">\n<div class=\"t2-featured-single-post t2-featured-content is-post-type-product brand-delikat allergen-fisk product_category-sild is-style-with-button wp-block-t2-featured-single-post\" role=\"listitem\"><a class=\"t2-post-link wp-block-t2-post-link\" href=\"https:\/\/mills.no\/delikat\/produkt\/delikat-tomatsild\/\">\n<figure style=\"--t2-focal-point: 50% 50%;\" class=\"t2-post-featured-image has-image-ratio-16-9 wp-block-t2-post-featured-image\"><img loading=\"lazy\" decoding=\"async\" width=\"500\" height=\"674\" src=\"https:\/\/mills.no\/content\/uploads\/2016\/01\/7036110008332.png\" class=\"attachment-medium-large size-medium-large wp-post-image\" alt=\"Delikat Tomatsild\" srcset=\"https:\/\/mills.no\/content\/uploads\/2016\/01\/7036110008332.png 500w, https:\/\/mills.no\/content\/uploads\/2016\/01\/7036110008332-223x300.png 223w, https:\/\/mills.no\/content\/uploads\/2016\/01\/7036110008332-59x80.png 59w\" sizes=\"auto, (max-width: 500px) 100vw, 500px\" \/><\/figure>\n\n<div class=\"wp-block-group alignfull is-layout-flow wp-block-group-is-layout-flow\">\n\t\n\t\t<div class=\"tax-product_label wp-block-mills-post-terms\">\n\t\t\t\n\t\t<\/div>\n\t<h2 class=\"t2-post-title wp-block-t2-post-title\">Delikat Tomatsild<\/h2>\n\t<div class=\"t2-post-excerpt wp-block-t2-post-excerpt\"><p>V\u00e5r klassiske tomatsild. Tomatsilden er en gammel favoritt og har v\u00e6rt en av v\u00e5re faste sildevarianter i mange \u00e5r. God&hellip;<\/p><\/div>\n<\/div>\n\n<\/a>\n<\/div>\n\n<div class=\"t2-featured-single-post t2-featured-content is-post-type-product brand-delikat allergen-fisk product_category-sild is-style-with-button wp-block-t2-featured-single-post\" role=\"listitem\"><a class=\"t2-post-link wp-block-t2-post-link\" href=\"https:\/\/mills.no\/delikat\/produkt\/julesild\/\">\n<figure style=\"--t2-focal-point: 50% 50%;\" class=\"t2-post-featured-image has-image-ratio-16-9 wp-block-t2-post-featured-image\"><img loading=\"lazy\" decoding=\"async\" width=\"500\" height=\"660\" src=\"https:\/\/mills.no\/content\/uploads\/2016\/01\/7036110008646.png\" class=\"attachment-medium-large size-medium-large wp-post-image\" alt=\"Delikat Julesild\" srcset=\"https:\/\/mills.no\/content\/uploads\/2016\/01\/7036110008646.png 500w, https:\/\/mills.no\/content\/uploads\/2016\/01\/7036110008646-227x300.png 227w, https:\/\/mills.no\/content\/uploads\/2016\/01\/7036110008646-61x80.png 61w\" sizes=\"auto, (max-width: 500px) 100vw, 500px\" \/><\/figure>\n\n<div class=\"wp-block-group alignfull is-layout-flow wp-block-group-is-layout-flow\">\n\t\n\t\t<div class=\"tax-product_label wp-block-mills-post-terms\">\n\t\t\t\n\t\t<\/div>\n\t<h2 class=\"t2-post-title wp-block-t2-post-title\">Delikat Julesild<\/h2>\n\t<div class=\"t2-post-excerpt wp-block-t2-post-excerpt\"><p>I julesilden er det smakfull kryddersild og deilige kryddersmaker som setter deg i den riktige julestemningen. Denne varianten er kun&hellip;<\/p><\/div>\n<\/div>\n\n<\/a>\n<\/div>\n\n<div class=\"t2-featured-single-post t2-featured-content is-post-type-product brand-delikat allergen-fisk allergen-sennep product_category-sild wp-block-t2-featured-single-post\" role=\"listitem\"><a class=\"t2-post-link wp-block-t2-post-link\" href=\"https:\/\/mills.no\/delikat\/produkt\/sennepsild\/\">\n<figure style=\"--t2-focal-point: 50% 50%;\" class=\"t2-post-featured-image has-image-ratio-16-9 wp-block-t2-post-featured-image\"><img loading=\"lazy\" decoding=\"async\" width=\"500\" height=\"660\" src=\"https:\/\/mills.no\/content\/uploads\/2016\/01\/7036110008622.png\" class=\"attachment-medium-large size-medium-large wp-post-image\" alt=\"Delikat Sennepsild\" srcset=\"https:\/\/mills.no\/content\/uploads\/2016\/01\/7036110008622.png 500w, https:\/\/mills.no\/content\/uploads\/2016\/01\/7036110008622-227x300.png 227w, https:\/\/mills.no\/content\/uploads\/2016\/01\/7036110008622-61x80.png 61w\" sizes=\"auto, (max-width: 500px) 100vw, 500px\" \/><\/figure>\n\n<div class=\"wp-block-group alignfull is-layout-flow wp-block-group-is-layout-flow\">\n\t\n\t\t<div class=\"tax-product_label wp-block-mills-post-terms\">\n\t\t\t\n\t\t<\/div>\n\t<h2 class=\"t2-post-title wp-block-t2-post-title\">Delikat Sennepsild<\/h2>\n\t<div class=\"t2-post-excerpt wp-block-t2-post-excerpt\"><p>Skal du ha et skikkelig sildebord kommer du ikke utenom klassikeren sennepsild. En deilig kremet konsistens som er rund og&hellip;<\/p><\/div>\n<\/div>\n\n<\/a>\n<\/div>\n<\/div>\n\n\n<div class=\"wp-block-buttons is-content-justification-center is-layout-flex wp-container-core-buttons-is-layout-16018d1d wp-block-buttons-is-layout-flex\">\n<div class=\"wp-block-button\"><a class=\"wp-block-button__link wp-element-button\" href=\"https:\/\/mills.no\/delikat\/produkter\/\">Se alle produkter fra Delikat<\/a><\/div>\n<\/div>\n\n\n\t\t\t<\/div>\n\t\t<\/div>\n\n\n<div class=\"wp-block-media-text alignwide has-media-on-the-right is-stacked-on-mobile is-image-fill-element has-neutral-1000-color has-neutral-0-background-color has-text-color has-background\"><div class=\"wp-block-media-text__content\">\n<div class=\"wp-block-group is-layout-flow wp-block-group-is-layout-flow\">\n<h2 class=\"wp-block-heading\" id=\"h-historien-om-delikat\">Historien om Delikat<\/h2>\n\n\n\n<p class=\"has-text-align-left\">Det hele startet med en dansk m\u00f8belsnekker p\u00e5 jakt etter noe som kunne spe p\u00e5 inntekten. En sommerdag i 1931 tok han med seg familien og kj\u00f8rte den lange veien fra Drammen til K\u00f8benhavn for \u00e5 l\u00e6re \u00e5 lage salater.<\/p>\n\n\n\n<p class=\"has-text-align-left\">&nbsp;<\/p>\n\n\n\n<div class=\"wp-block-button\"><a class=\"wp-block-button__link wp-element-button\" href=\"https:\/\/mills.no\/delikat\/?post_type=page&amp;p=214\">Les mer<\/a><\/div>\n\n\n\n<p><\/p>\n<\/div>\n<\/div><figure class=\"wp-block-media-text__media\"><img loading=\"lazy\" decoding=\"async\" width=\"345\" height=\"277\" src=\"https:\/\/mills.no\/content\/uploads\/sites\/4\/2022\/01\/Majonesproduksjon-fra-1956-e1504704322533.jpg\" alt=\"\" class=\"wp-image-271 size-full\" style=\"object-position:50% 50%\" srcset=\"https:\/\/mills.no\/content\/uploads\/sites\/4\/2022\/01\/Majonesproduksjon-fra-1956-e1504704322533.jpg 345w, https:\/\/mills.no\/content\/uploads\/sites\/4\/2022\/01\/Majonesproduksjon-fra-1956-e1504704322533-300x241.jpg 300w, https:\/\/mills.no\/content\/uploads\/sites\/4\/2022\/01\/Majonesproduksjon-fra-1956-e1504704322533-80x64.jpg 80w\" sizes=\"auto, (max-width: 345px) 100vw, 345px\" \/><\/figure><\/div>\n","protected":false},"excerpt":{"rendered":"<p>I Delikat har vi laget salater siden 1931. Fortsatt lages de i Drammen, slik de har gjort siden starten.<\/p>\n","protected":false},"author":2,"featured_media":186,"parent":0,"menu_order":5,"comment_status":"closed","ping_status":"closed","template":"","meta":{"_searchwp_excluded":"","hide_post_title":false,"footnotes":""},"class_list":["post-216","page","type-page","status-publish","has-post-thumbnail","hentry"],"yoast_head":"<!-- This site is optimized with the Yoast SEO Premium plugin v26.9 (Yoast SEO v26.9) - https:\/\/yoast.com\/product\/yoast-seo-premium-wordpress\/ -->\n<title>Delikat - Lettvinte og gode smaksopplevelser | Delikat<\/title>\n<meta name=\"description\" content=\"Fra Delikat f\u00e5r du klassisk potetsalat og sild i mange smaksvarianter.\" \/>\n<meta name=\"robots\" content=\"index, follow, max-snippet:-1, max-image-preview:large, max-video-preview:-1\" \/>\n<link rel=\"canonical\" href=\"https:\/\/mills.no\/delikat\/\" \/>\n<meta property=\"og:locale\" content=\"nb_NO\" \/>\n<meta property=\"og:type\" content=\"article\" \/>\n<meta property=\"og:title\" content=\"Delikat\" \/>\n<meta property=\"og:description\" content=\"Fra Delikat f\u00e5r du klassisk potetsalat og sild i mange smaksvarianter.\" \/>\n<meta property=\"og:url\" content=\"https:\/\/mills.no\/delikat\/\" \/>\n<meta property=\"og:site_name\" content=\"Delikat\" \/>\n<meta property=\"article:modified_time\" content=\"2026-02-17T14:07:01+00:00\" \/>\n<meta property=\"og:image\" content=\"https:\/\/mills.no\/content\/uploads\/sites\/4\/2017\/10\/kyllingsandwich_1920-focalcropped.jpg\" \/>\n\t<meta property=\"og:image:width\" content=\"1920\" \/>\n\t<meta property=\"og:image:height\" content=\"1280\" \/>\n\t<meta property=\"og:image:type\" content=\"image\/jpeg\" \/>\n<meta name=\"twitter:card\" content=\"summary_large_image\" \/>\n<meta name=\"twitter:label1\" content=\"Ansl. lesetid\" \/>\n\t<meta name=\"twitter:data1\" content=\"1 minutt\" \/>\n<script type=\"application\/ld+json\" class=\"yoast-schema-graph\">{\"@context\":\"https:\/\/schema.org\",\"@graph\":[{\"@type\":\"WebPage\",\"@id\":\"https:\/\/mills.no\/delikat\/\",\"url\":\"https:\/\/mills.no\/delikat\/\",\"name\":\"Delikat - Lettvinte og gode smaksopplevelser | Delikat\",\"isPartOf\":{\"@id\":\"https:\/\/mills.no\/delikat\/#website\"},\"primaryImageOfPage\":{\"@id\":\"https:\/\/mills.no\/delikat\/#primaryimage\"},\"image\":{\"@id\":\"https:\/\/mills.no\/delikat\/#primaryimage\"},\"thumbnailUrl\":\"https:\/\/mills.no\/content\/uploads\/sites\/4\/2017\/10\/kyllingsandwich_1920-focalcropped.jpg\",\"datePublished\":\"2016-01-18T11:23:48+00:00\",\"dateModified\":\"2026-02-17T14:07:01+00:00\",\"description\":\"Fra Delikat f\u00e5r du klassisk potetsalat og sild i mange smaksvarianter.\",\"breadcrumb\":{\"@id\":\"https:\/\/mills.no\/delikat\/#breadcrumb\"},\"inLanguage\":\"nb-NO\",\"potentialAction\":[{\"@type\":\"ReadAction\",\"target\":[\"https:\/\/mills.no\/delikat\/\"]}]},{\"@type\":\"ImageObject\",\"inLanguage\":\"nb-NO\",\"@id\":\"https:\/\/mills.no\/delikat\/#primaryimage\",\"url\":\"https:\/\/mills.no\/content\/uploads\/sites\/4\/2017\/10\/kyllingsandwich_1920-focalcropped.jpg\",\"contentUrl\":\"https:\/\/mills.no\/content\/uploads\/sites\/4\/2017\/10\/kyllingsandwich_1920-focalcropped.jpg\",\"width\":1920,\"height\":1280,\"caption\":\"Kyllingsandwich med curry\"},{\"@type\":\"BreadcrumbList\",\"@id\":\"https:\/\/mills.no\/delikat\/#breadcrumb\",\"itemListElement\":[{\"@type\":\"ListItem\",\"position\":1,\"name\":\"Home\",\"item\":\"https:\/\/mills.no\/delikat\/\"},{\"@type\":\"ListItem\",\"position\":2,\"name\":\"Delikat\"}]},{\"@type\":\"WebSite\",\"@id\":\"https:\/\/mills.no\/delikat\/#website\",\"url\":\"https:\/\/mills.no\/delikat\/\",\"name\":\"Delikat\",\"description\":\"For delikate situasjoner\",\"publisher\":{\"@id\":\"https:\/\/mills.no\/delikat\/#organization\"},\"potentialAction\":[{\"@type\":\"SearchAction\",\"target\":{\"@type\":\"EntryPoint\",\"urlTemplate\":\"https:\/\/mills.no\/delikat\/?s={search_term_string}\"},\"query-input\":{\"@type\":\"PropertyValueSpecification\",\"valueRequired\":true,\"valueName\":\"search_term_string\"}}],\"inLanguage\":\"nb-NO\"},{\"@type\":\"Organization\",\"@id\":\"https:\/\/mills.no\/delikat\/#organization\",\"name\":\"Delikat\",\"url\":\"https:\/\/mills.no\/delikat\/\",\"logo\":{\"@type\":\"ImageObject\",\"inLanguage\":\"nb-NO\",\"@id\":\"https:\/\/mills.no\/delikat\/#\/schema\/logo\/image\/\",\"url\":\"https:\/\/mills.no\/content\/uploads\/sites\/4\/2021\/11\/logo-delikat.svg\",\"contentUrl\":\"https:\/\/mills.no\/content\/uploads\/sites\/4\/2021\/11\/logo-delikat.svg\",\"caption\":\"Delikat\"},\"image\":{\"@id\":\"https:\/\/mills.no\/delikat\/#\/schema\/logo\/image\/\"}}]}<\/script>\n<!-- \/ Yoast SEO Premium plugin. -->","yoast_head_json":{"title":"Delikat - Lettvinte og gode smaksopplevelser | Delikat","description":"Fra Delikat f\u00e5r du klassisk potetsalat og sild i mange smaksvarianter.","robots":{"index":"index","follow":"follow","max-snippet":"max-snippet:-1","max-image-preview":"max-image-preview:large","max-video-preview":"max-video-preview:-1"},"canonical":"https:\/\/mills.no\/delikat\/","og_locale":"nb_NO","og_type":"article","og_title":"Delikat","og_description":"Fra Delikat f\u00e5r du klassisk potetsalat og sild i mange smaksvarianter.","og_url":"https:\/\/mills.no\/delikat\/","og_site_name":"Delikat","article_modified_time":"2026-02-17T14:07:01+00:00","og_image":[{"width":1920,"height":1280,"url":"https:\/\/mills.no\/content\/uploads\/sites\/4\/2017\/10\/kyllingsandwich_1920-focalcropped.jpg","type":"image\/jpeg"}],"twitter_card":"summary_large_image","twitter_misc":{"Ansl. lesetid":"1 minutt"},"schema":{"@context":"https:\/\/schema.org","@graph":[{"@type":"WebPage","@id":"https:\/\/mills.no\/delikat\/","url":"https:\/\/mills.no\/delikat\/","name":"Delikat - Lettvinte og gode smaksopplevelser | Delikat","isPartOf":{"@id":"https:\/\/mills.no\/delikat\/#website"},"primaryImageOfPage":{"@id":"https:\/\/mills.no\/delikat\/#primaryimage"},"image":{"@id":"https:\/\/mills.no\/delikat\/#primaryimage"},"thumbnailUrl":"https:\/\/mills.no\/content\/uploads\/sites\/4\/2017\/10\/kyllingsandwich_1920-focalcropped.jpg","datePublished":"2016-01-18T11:23:48+00:00","dateModified":"2026-02-17T14:07:01+00:00","description":"Fra Delikat f\u00e5r du klassisk potetsalat og sild i mange smaksvarianter.","breadcrumb":{"@id":"https:\/\/mills.no\/delikat\/#breadcrumb"},"inLanguage":"nb-NO","potentialAction":[{"@type":"ReadAction","target":["https:\/\/mills.no\/delikat\/"]}]},{"@type":"ImageObject","inLanguage":"nb-NO","@id":"https:\/\/mills.no\/delikat\/#primaryimage","url":"https:\/\/mills.no\/content\/uploads\/sites\/4\/2017\/10\/kyllingsandwich_1920-focalcropped.jpg","contentUrl":"https:\/\/mills.no\/content\/uploads\/sites\/4\/2017\/10\/kyllingsandwich_1920-focalcropped.jpg","width":1920,"height":1280,"caption":"Kyllingsandwich med curry"},{"@type":"BreadcrumbList","@id":"https:\/\/mills.no\/delikat\/#breadcrumb","itemListElement":[{"@type":"ListItem","position":1,"name":"Home","item":"https:\/\/mills.no\/delikat\/"},{"@type":"ListItem","position":2,"name":"Delikat"}]},{"@type":"WebSite","@id":"https:\/\/mills.no\/delikat\/#website","url":"https:\/\/mills.no\/delikat\/","name":"Delikat","description":"For delikate situasjoner","publisher":{"@id":"https:\/\/mills.no\/delikat\/#organization"},"potentialAction":[{"@type":"SearchAction","target":{"@type":"EntryPoint","urlTemplate":"https:\/\/mills.no\/delikat\/?s={search_term_string}"},"query-input":{"@type":"PropertyValueSpecification","valueRequired":true,"valueName":"search_term_string"}}],"inLanguage":"nb-NO"},{"@type":"Organization","@id":"https:\/\/mills.no\/delikat\/#organization","name":"Delikat","url":"https:\/\/mills.no\/delikat\/","logo":{"@type":"ImageObject","inLanguage":"nb-NO","@id":"https:\/\/mills.no\/delikat\/#\/schema\/logo\/image\/","url":"https:\/\/mills.no\/content\/uploads\/sites\/4\/2021\/11\/logo-delikat.svg","contentUrl":"https:\/\/mills.no\/content\/uploads\/sites\/4\/2021\/11\/logo-delikat.svg","caption":"Delikat"},"image":{"@id":"https:\/\/mills.no\/delikat\/#\/schema\/logo\/image\/"}}]}},"_links":{"self":[{"href":"https:\/\/mills.no\/delikat\/wp-json\/wp\/v2\/pages\/216","targetHints":{"allow":["GET"]}}],"collection":[{"href":"https:\/\/mills.no\/delikat\/wp-json\/wp\/v2\/pages"}],"about":[{"href":"https:\/\/mills.no\/delikat\/wp-json\/wp\/v2\/types\/page"}],"author":[{"embeddable":true,"href":"https:\/\/mills.no\/delikat\/wp-json\/wp\/v2\/users\/2"}],"replies":[{"embeddable":true,"href":"https:\/\/mills.no\/delikat\/wp-json\/wp\/v2\/comments?post=216"}],"version-history":[{"count":34,"href":"https:\/\/mills.no\/delikat\/wp-json\/wp\/v2\/pages\/216\/revisions"}],"predecessor-version":[{"id":624,"href":"https:\/\/mills.no\/delikat\/wp-json\/wp\/v2\/pages\/216\/revisions\/624"}],"wp:featuredmedia":[{"embeddable":true,"href":"https:\/\/mills.no\/delikat\/wp-json\/wp\/v2\/media\/186"}],"wp:attachment":[{"href":"https:\/\/mills.no\/delikat\/wp-json\/wp\/v2\/media?parent=216"}],"curies":[{"name":"wp","href":"https:\/\/api.w.org\/{rel}","templated":true}]}}