{"id":42315,"date":"2024-03-04T13:31:44","date_gmt":"2024-03-04T12:31:44","guid":{"rendered":"https:\/\/mills.no\/?post_type=product&#038;p=42315"},"modified":"2024-03-04T13:31:46","modified_gmt":"2024-03-04T12:31:46","slug":"spicy-kalkun","status":"publish","type":"product","link":"https:\/\/mills.no\/delikat\/produkt\/spicy-kalkun\/","title":{"rendered":"Delikat Spicy kalkun"},"content":{"rendered":"\n\t\t<div class=\"has-background has-secondary-background-color is-style-vertical-spacing alignwide is-section-text wp-block-mills-section has-background has-secondary-background-color\">\n\t\t\t<div class=\"wp-block-mills-section__inner aligncenter\">\n\t\t\t\t\n<h2 class=\"has-text-align-center wp-block-post-title\">Delikat Spicy kalkun<\/h2>\n\n<p class=\"t2-ingress has-text-align-center align wp-block-t2-ingress\">Kalkunsalat med chili, yoghurt, k\u00e5l og gulrot. Dette er salaten for deg som liker mye smak.<\/p>\n\n\t\t\t<\/div>\n\t\t<\/div>\n\n\n\t\t<div class=\"has-background has-neutral-0-background-color is-style-vertical-spacing is-style-horizontal-spacing alignwide is-section-text wp-block-mills-section has-background has-neutral-0-background-color\">\n\t\t\t<div class=\"wp-block-mills-section__inner aligncenter\">\n\t\t\t\t\n\n\n\n<p class=\"has-text-align-center\"><\/p>\n\n\n\t\t\t<\/div>\n\t\t<\/div>\n\n<div class=\"mills-block-food-labeling alignwide alignwide wp-block-mills-block-food-labeling\"><div class=\"left\"><section class=\"nutrients-section\"><header class\"nutrients-header\"><h3>N\u00e6ringsinnhold<\/h3><\/header><p class=\"nutrients-info\">100 gram gir.<\/p><div class=\"nutrients-list\"><div class=\"nutrient-item heading energy ENERGY_KJ\"><span>Energi<\/span><span>890 kJ (215 kcal)<\/span><\/div><div class=\"empty-item\"><span>&nbsp;<\/span><\/div><div class=\"nutrient-item heading fat FAT\"><span>Fett<\/span><span>19 g<\/span><\/div><div class=\"nutrient-sub\"><span>Hvorav<\/span><\/div><div class=\"nutrient-item fat FASAT\"><span>&#8211; Mettet fett<\/span><span>2 g<\/span><\/div><div class=\"nutrient-item fat FAMSCIS\"><span>&#8211; Enumettet fett<\/span><span>11 g<\/span><\/div><div class=\"nutrient-item fat FAPUCIS\"><span>&#8211; Flerumettet fett<\/span><span>5 g<\/span><\/div><div class=\"empty-item\"><span>&nbsp;<\/span><\/div><div class=\"nutrient-item heading carbs CHOAVL\"><span>Karbohydrater<\/span><span>6 g<\/span><\/div><div class=\"nutrient-sub\"><span>Hvorav<\/span><\/div><div class=\"nutrient-item carbs SUGAR-\"><span>&#8211; Sukkerarter<\/span><span>4 g<\/span><\/div><div class=\"empty-item\"><span>&nbsp;<\/span><\/div><div class=\"nutrient-item heading protein PRO-\"><span>Protein<\/span><span>5 g<\/span><\/div><div class=\"empty-item\"><span>&nbsp;<\/span><\/div><div class=\"nutrient-item heading salt SALTEQ\"><span>Salt<\/span><span>1.6 g<\/span><\/div><\/div><\/section><\/div><div class=\"right\"><section class=\"ingredients-section\"><header class=\"ingredients-header\"><h3>Ingredienser<\/h3><\/header><p class=\"ingredients-list\">Kalkunskinke (21 %) [ kalkun (17 %), potetstivelse, stabilisator (E450, E451), dekstrose (mais), antioksidant (E301)], gulrot (19 %), k\u00e5l (19 %), rapsolje, srirachasaus (chili (50 %), hvitl\u00f8kspulver, hvitl\u00f8ksolje, antioksidant (askorbinsyre)), vann, yoghurt naturell (6 %) [ helmelk, skummetmelkpulver, yoghurtkultur], eggeplomme, sukker, sennepsfr\u00f8, salt, eddik, krydder, krydderekstrakt, fortykningsmiddel (guarkjernemel, xantangummi), konserveringsmiddel (kaliumsorbat, natriumbenzoat), surhetsregulerende middel (sitronsyre, eplesyre, melkesyre), aroma<\/p><p class=\"ingredients-smallprint\"><small>Produktsammensetningen kan endres. Les derfor alltid ingredienslisten p\u00e5 emballasjen p\u00e5 produktet.<\/small><\/p><\/section>\n<section class=\"allergens-section contains\"><header class=\"allergens-header\"><h3>Allergener<\/h3><\/header><div class=\"wp-block-buttons\"><div class=\"wp-block-button is-style-outline AE\"><span class=\"wp-block-button__link\">Egg<i class=\"icon-IconAllergy-egg\"><\/i><\/span><\/div><div class=\"wp-block-button is-style-outline AM\"><span class=\"wp-block-button__link\">Melk<i class=\"icon-IconAllergy-milk\"><\/i><\/span><\/div><div class=\"wp-block-button is-style-outline BM\"><span class=\"wp-block-button__link\">Sennep<i class=\"icon-IconAllergy-mustard\"><\/i><\/span><\/div><\/div><\/section><\/div><\/div>","protected":false},"excerpt":{"rendered":"<p>Saftige reker fra kalde farvann kombinert med Mills ekte majones.<\/p>\n","protected":false},"featured_media":0,"menu_order":0,"template":"","meta":{"_searchwp_excluded":"","hide_post_title":false,"mills_central_gtin":"","footnotes":""},"brand":[],"allergen":[],"product_category":[],"product_label":[],"class_list":["post-42315","product","type-product","status-publish","hentry"],"yoast_head":"<!-- This site is optimized with the Yoast SEO Premium plugin v26.9 (Yoast SEO v26.9) - https:\/\/yoast.com\/product\/yoast-seo-premium-wordpress\/ -->\n<title>Delikat Spicy kalkun - Delikat<\/title>\n<meta name=\"robots\" content=\"index, follow, max-snippet:-1, max-image-preview:large, max-video-preview:-1\" \/>\n<link rel=\"canonical\" href=\"https:\/\/mills.no\/delikat\/produkt\/spicy-kalkun\/\" \/>\n<meta property=\"og:locale\" content=\"nb_NO\" \/>\n<meta property=\"og:type\" content=\"article\" \/>\n<meta property=\"og:title\" content=\"Delikat Spicy kalkun\" \/>\n<meta property=\"og:description\" content=\"Saftige reker fra kalde farvann kombinert med Mills ekte majones.\" \/>\n<meta property=\"og:url\" content=\"https:\/\/mills.no\/delikat\/produkt\/spicy-kalkun\/\" \/>\n<meta property=\"og:site_name\" content=\"Delikat\" \/>\n<meta property=\"article:modified_time\" content=\"2024-03-04T12:31:46+00:00\" \/>\n<meta name=\"twitter:card\" content=\"summary_large_image\" \/>\n<script type=\"application\/ld+json\" class=\"yoast-schema-graph\">{\"@context\":\"https:\/\/schema.org\",\"@graph\":[{\"@type\":\"WebPage\",\"@id\":\"https:\/\/mills.no\/delikat\/produkt\/spicy-kalkun\/\",\"url\":\"https:\/\/mills.no\/delikat\/produkt\/spicy-kalkun\/\",\"name\":\"Delikat Spicy kalkun - Delikat\",\"isPartOf\":{\"@id\":\"https:\/\/mills.no\/delikat\/#website\"},\"datePublished\":\"2024-03-04T12:31:44+00:00\",\"dateModified\":\"2024-03-04T12:31:46+00:00\",\"breadcrumb\":{\"@id\":\"https:\/\/mills.no\/delikat\/produkt\/spicy-kalkun\/#breadcrumb\"},\"inLanguage\":\"nb-NO\",\"potentialAction\":[{\"@type\":\"ReadAction\",\"target\":[\"https:\/\/mills.no\/delikat\/produkt\/spicy-kalkun\/\"]}]},{\"@type\":\"BreadcrumbList\",\"@id\":\"https:\/\/mills.no\/delikat\/produkt\/spicy-kalkun\/#breadcrumb\",\"itemListElement\":[{\"@type\":\"ListItem\",\"position\":1,\"name\":\"Home\",\"item\":\"https:\/\/mills.no\/delikat\/\"},{\"@type\":\"ListItem\",\"position\":2,\"name\":\"Produkter\",\"item\":\"https:\/\/mills.no\/delikat\/produkter\/\"},{\"@type\":\"ListItem\",\"position\":3,\"name\":\"Delikat Spicy kalkun\"}]},{\"@type\":\"WebSite\",\"@id\":\"https:\/\/mills.no\/delikat\/#website\",\"url\":\"https:\/\/mills.no\/delikat\/\",\"name\":\"Delikat\",\"description\":\"For delikate situasjoner\",\"publisher\":{\"@id\":\"https:\/\/mills.no\/delikat\/#organization\"},\"potentialAction\":[{\"@type\":\"SearchAction\",\"target\":{\"@type\":\"EntryPoint\",\"urlTemplate\":\"https:\/\/mills.no\/delikat\/?s={search_term_string}\"},\"query-input\":{\"@type\":\"PropertyValueSpecification\",\"valueRequired\":true,\"valueName\":\"search_term_string\"}}],\"inLanguage\":\"nb-NO\"},{\"@type\":\"Organization\",\"@id\":\"https:\/\/mills.no\/delikat\/#organization\",\"name\":\"Delikat\",\"url\":\"https:\/\/mills.no\/delikat\/\",\"logo\":{\"@type\":\"ImageObject\",\"inLanguage\":\"nb-NO\",\"@id\":\"https:\/\/mills.no\/delikat\/#\/schema\/logo\/image\/\",\"url\":\"https:\/\/mills.no\/content\/uploads\/sites\/4\/2021\/11\/logo-delikat.svg\",\"contentUrl\":\"https:\/\/mills.no\/content\/uploads\/sites\/4\/2021\/11\/logo-delikat.svg\",\"caption\":\"Delikat\"},\"image\":{\"@id\":\"https:\/\/mills.no\/delikat\/#\/schema\/logo\/image\/\"}}]}<\/script>\n<!-- \/ Yoast SEO Premium plugin. -->","yoast_head_json":{"title":"Delikat Spicy kalkun - Delikat","robots":{"index":"index","follow":"follow","max-snippet":"max-snippet:-1","max-image-preview":"max-image-preview:large","max-video-preview":"max-video-preview:-1"},"canonical":"https:\/\/mills.no\/delikat\/produkt\/spicy-kalkun\/","og_locale":"nb_NO","og_type":"article","og_title":"Delikat Spicy kalkun","og_description":"Saftige reker fra kalde farvann kombinert med Mills ekte majones.","og_url":"https:\/\/mills.no\/delikat\/produkt\/spicy-kalkun\/","og_site_name":"Delikat","article_modified_time":"2024-03-04T12:31:46+00:00","twitter_card":"summary_large_image","schema":{"@context":"https:\/\/schema.org","@graph":[{"@type":"WebPage","@id":"https:\/\/mills.no\/delikat\/produkt\/spicy-kalkun\/","url":"https:\/\/mills.no\/delikat\/produkt\/spicy-kalkun\/","name":"Delikat Spicy kalkun - Delikat","isPartOf":{"@id":"https:\/\/mills.no\/delikat\/#website"},"datePublished":"2024-03-04T12:31:44+00:00","dateModified":"2024-03-04T12:31:46+00:00","breadcrumb":{"@id":"https:\/\/mills.no\/delikat\/produkt\/spicy-kalkun\/#breadcrumb"},"inLanguage":"nb-NO","potentialAction":[{"@type":"ReadAction","target":["https:\/\/mills.no\/delikat\/produkt\/spicy-kalkun\/"]}]},{"@type":"BreadcrumbList","@id":"https:\/\/mills.no\/delikat\/produkt\/spicy-kalkun\/#breadcrumb","itemListElement":[{"@type":"ListItem","position":1,"name":"Home","item":"https:\/\/mills.no\/delikat\/"},{"@type":"ListItem","position":2,"name":"Produkter","item":"https:\/\/mills.no\/delikat\/produkter\/"},{"@type":"ListItem","position":3,"name":"Delikat Spicy kalkun"}]},{"@type":"WebSite","@id":"https:\/\/mills.no\/delikat\/#website","url":"https:\/\/mills.no\/delikat\/","name":"Delikat","description":"For delikate situasjoner","publisher":{"@id":"https:\/\/mills.no\/delikat\/#organization"},"potentialAction":[{"@type":"SearchAction","target":{"@type":"EntryPoint","urlTemplate":"https:\/\/mills.no\/delikat\/?s={search_term_string}"},"query-input":{"@type":"PropertyValueSpecification","valueRequired":true,"valueName":"search_term_string"}}],"inLanguage":"nb-NO"},{"@type":"Organization","@id":"https:\/\/mills.no\/delikat\/#organization","name":"Delikat","url":"https:\/\/mills.no\/delikat\/","logo":{"@type":"ImageObject","inLanguage":"nb-NO","@id":"https:\/\/mills.no\/delikat\/#\/schema\/logo\/image\/","url":"https:\/\/mills.no\/content\/uploads\/sites\/4\/2021\/11\/logo-delikat.svg","contentUrl":"https:\/\/mills.no\/content\/uploads\/sites\/4\/2021\/11\/logo-delikat.svg","caption":"Delikat"},"image":{"@id":"https:\/\/mills.no\/delikat\/#\/schema\/logo\/image\/"}}]}},"_links":{"self":[{"href":"https:\/\/mills.no\/delikat\/wp-json\/wp\/v2\/product\/42315","targetHints":{"allow":["GET"]}}],"collection":[{"href":"https:\/\/mills.no\/delikat\/wp-json\/wp\/v2\/product"}],"about":[{"href":"https:\/\/mills.no\/delikat\/wp-json\/wp\/v2\/types\/product"}],"version-history":[{"count":0,"href":"https:\/\/mills.no\/delikat\/wp-json\/wp\/v2\/product\/42315\/revisions"}],"wp:attachment":[{"href":"https:\/\/mills.no\/delikat\/wp-json\/wp\/v2\/media?parent=42315"}],"wp:term":[{"taxonomy":"brand","embeddable":true,"href":"https:\/\/mills.no\/delikat\/wp-json\/wp\/v2\/brand?post=42315"},{"taxonomy":"allergen","embeddable":true,"href":"https:\/\/mills.no\/delikat\/wp-json\/wp\/v2\/allergen?post=42315"},{"taxonomy":"product_category","embeddable":true,"href":"https:\/\/mills.no\/delikat\/wp-json\/wp\/v2\/product_category?post=42315"},{"taxonomy":"product_label","embeddable":true,"href":"https:\/\/mills.no\/delikat\/wp-json\/wp\/v2\/product_label?post=42315"}],"curies":[{"name":"wp","href":"https:\/\/api.w.org\/{rel}","templated":true}]}}