{"id":42967,"date":"2025-02-05T15:31:20","date_gmt":"2025-02-05T14:31:20","guid":{"rendered":"https:\/\/mills.no\/?post_type=product&#038;p=42967"},"modified":"2025-02-07T14:14:25","modified_gmt":"2025-02-07T13:14:25","slug":"spicy-egg-bacon","status":"publish","type":"product","link":"https:\/\/mills.no\/delikat\/produkt\/spicy-egg-bacon\/","title":{"rendered":"Delikat Egg &#038; Bacon"},"content":{"rendered":"\n\t\t<div class=\"has-background has-secondary-background-color is-style-vertical-spacing alignwide is-section-text wp-block-mills-section has-background has-secondary-background-color\">\n\t\t\t<div class=\"wp-block-mills-section__inner aligncenter\">\n\t\t\t\t\n<h2 class=\"has-text-align-center wp-block-post-title\">Delikat Egg &#038; Bacon<\/h2>\n\n<p class=\"t2-ingress has-text-align-center align wp-block-t2-ingress\">En fyldig lunsj med et spicy kick! N\u00e5r du trenger en rask og smakfull lunsj p\u00e5 farten, er Delikat Spicy Egg &amp; Bacon et perfekt valg! Denne p\u00e5leggssalaten kombinerer kremet eggesalat med spr\u00f8 baconbiter og et hint av srirachasaus, som gir en balansert varme og ekstra dybde i smaken.<\/p>\n\n\t\t\t<\/div>\n\t\t<\/div>\n\n\n\t\t<div class=\"has-background has-neutral-0-background-color is-style-vertical-spacing is-style-horizontal-spacing alignwide is-section-text wp-block-mills-section has-background has-neutral-0-background-color\">\n\t\t\t<div class=\"wp-block-mills-section__inner aligncenter\">\n\t\t\t\t\n\n\n\n<p class=\"has-text-align-center\">Med sin praktiske st\u00f8rrelse er den skreddersydd for deg som bruker matbutikken som jobbkantine og \u00f8nsker en enkel, men smakfull l\u00f8sning til lunsj. Pr\u00f8v den p\u00e5 br\u00f8d, knekkebr\u00f8d eller p\u00e5 en baguett \u2013 en klassisk kombinasjon med en moderne, spicy vri! Delikat Spicy Egg &amp; Bacon \u2013 lunsjfavoritten med ekstra smakstr\u00f8kk! Selges kun i COOP-butikker.<\/p>\n\n\n\t\t\t<\/div>\n\t\t<\/div>\n\n<div class=\"mills-block-food-labeling alignwide alignwide wp-block-mills-block-food-labeling\"><div class=\"left\"><section class=\"nutrients-section\"><header class\"nutrients-header\"><h3>N\u00e6ringsinnhold<\/h3><\/header><p class=\"nutrients-info\">100 gram gir.<\/p><div class=\"nutrients-list\"><div class=\"nutrient-item heading energy ENERGY_KJ\"><span>Energi<\/span><span>1435 kJ (350 kcal)<\/span><\/div><div class=\"empty-item\"><span>&nbsp;<\/span><\/div><div class=\"nutrient-item heading fat FAT\"><span>Fett<\/span><span>34 g<\/span><\/div><div class=\"nutrient-sub\"><span>Hvorav<\/span><\/div><div class=\"nutrient-item fat FASAT\"><span>&#8211; Mettet fett<\/span><span>4 g<\/span><\/div><div class=\"nutrient-item fat FAMSCIS\"><span>&#8211; Enumettet fett<\/span><span>20 g<\/span><\/div><div class=\"nutrient-item fat FAPUCIS\"><span>&#8211; Flerumettet fett<\/span><span>9 g<\/span><\/div><div class=\"empty-item\"><span>&nbsp;<\/span><\/div><div class=\"nutrient-item heading carbs CHOAVL\"><span>Karbohydrater<\/span><span>5 g<\/span><\/div><div class=\"nutrient-sub\"><span>Hvorav<\/span><\/div><div class=\"nutrient-item carbs SUGAR-\"><span>&#8211; Sukkerarter<\/span><span>3 g<\/span><\/div><div class=\"empty-item\"><span>&nbsp;<\/span><\/div><div class=\"nutrient-item heading protein PRO-\"><span>Protein<\/span><span>5 g<\/span><\/div><div class=\"empty-item\"><span>&nbsp;<\/span><\/div><div class=\"nutrient-item heading salt SALTEQ\"><span>Salt<\/span><span>1.5 g<\/span><\/div><\/div><\/section><\/div><div class=\"right\"><section class=\"ingredients-section\"><header class=\"ingredients-header\"><h3>Ingredienser<\/h3><\/header><p class=\"ingredients-list\">Rapsolje, bacon (16 %) [svinekj\u00f8tt (77 %), stabilisator E451 (i), maltodekstrin, gelatin fra svin, dekstrose (mais), antioksidant (askorbinsyre, natriumaskorbat, tokoferol), konserveringsmiddel (natriumnitritt), egg (16 %), vann, hvitbete, srirachasaus (chili (50 %), hvitl\u00f8kspulver, hvitl\u00f8ksolje, antioksidant (askorbinsyre)), eggeplomme, sukker, eddik, sennepsfr\u00f8, salt, fortykningsmidddel (guarkjernemel, xantangummi), konserveringsmiddel (kaliumsorbat, natriumbenzoat), surhetsregulerende middel (melkesyre, sitronsyre), krydder, aroma<\/p><p class=\"ingredients-smallprint\"><small>Produktsammensetningen kan endres. Les derfor alltid ingredienslisten p\u00e5 emballasjen p\u00e5 produktet.<\/small><\/p><\/section>\n<section class=\"allergens-section contains\"><header class=\"allergens-header\"><h3>Allergener<\/h3><\/header><div class=\"wp-block-buttons\"><div class=\"wp-block-button is-style-outline AE\"><span class=\"wp-block-button__link\">Egg<i class=\"icon-IconAllergy-egg\"><\/i><\/span><\/div><div class=\"wp-block-button is-style-outline BM\"><span class=\"wp-block-button__link\">Sennep<i class=\"icon-IconAllergy-mustard\"><\/i><\/span><\/div><\/div><\/section><\/div><\/div>","protected":false},"excerpt":{"rendered":"","protected":false},"featured_media":0,"menu_order":0,"template":"","meta":{"_searchwp_excluded":"","hide_post_title":false,"mills_central_gtin":"","footnotes":""},"brand":[],"allergen":[],"product_category":[],"product_label":[],"class_list":["post-42967","product","type-product","status-publish","hentry"],"yoast_head":"<!-- This site is optimized with the Yoast SEO Premium plugin v26.9 (Yoast SEO v26.9) - https:\/\/yoast.com\/product\/yoast-seo-premium-wordpress\/ -->\n<title>Delikat Egg &amp; Bacon - Delikat<\/title>\n<meta name=\"robots\" content=\"index, follow, max-snippet:-1, max-image-preview:large, max-video-preview:-1\" \/>\n<link rel=\"canonical\" href=\"https:\/\/mills.no\/delikat\/produkt\/spicy-egg-bacon\/\" \/>\n<meta property=\"og:locale\" content=\"nb_NO\" \/>\n<meta property=\"og:type\" content=\"article\" \/>\n<meta property=\"og:title\" content=\"Delikat Egg &amp; Bacon\" \/>\n<meta property=\"og:url\" content=\"https:\/\/mills.no\/delikat\/produkt\/spicy-egg-bacon\/\" \/>\n<meta property=\"og:site_name\" content=\"Delikat\" \/>\n<meta property=\"article:modified_time\" content=\"2025-02-07T13:14:25+00:00\" \/>\n<meta name=\"twitter:card\" content=\"summary_large_image\" \/>\n<script type=\"application\/ld+json\" class=\"yoast-schema-graph\">{\"@context\":\"https:\/\/schema.org\",\"@graph\":[{\"@type\":\"WebPage\",\"@id\":\"https:\/\/mills.no\/delikat\/produkt\/spicy-egg-bacon\/\",\"url\":\"https:\/\/mills.no\/delikat\/produkt\/spicy-egg-bacon\/\",\"name\":\"Delikat Egg & Bacon - Delikat\",\"isPartOf\":{\"@id\":\"https:\/\/mills.no\/delikat\/#website\"},\"datePublished\":\"2025-02-05T14:31:20+00:00\",\"dateModified\":\"2025-02-07T13:14:25+00:00\",\"breadcrumb\":{\"@id\":\"https:\/\/mills.no\/delikat\/produkt\/spicy-egg-bacon\/#breadcrumb\"},\"inLanguage\":\"nb-NO\",\"potentialAction\":[{\"@type\":\"ReadAction\",\"target\":[\"https:\/\/mills.no\/delikat\/produkt\/spicy-egg-bacon\/\"]}]},{\"@type\":\"BreadcrumbList\",\"@id\":\"https:\/\/mills.no\/delikat\/produkt\/spicy-egg-bacon\/#breadcrumb\",\"itemListElement\":[{\"@type\":\"ListItem\",\"position\":1,\"name\":\"Home\",\"item\":\"https:\/\/mills.no\/delikat\/\"},{\"@type\":\"ListItem\",\"position\":2,\"name\":\"Produkter\",\"item\":\"https:\/\/mills.no\/delikat\/produkter\/\"},{\"@type\":\"ListItem\",\"position\":3,\"name\":\"Delikat Egg &#038; Bacon\"}]},{\"@type\":\"WebSite\",\"@id\":\"https:\/\/mills.no\/delikat\/#website\",\"url\":\"https:\/\/mills.no\/delikat\/\",\"name\":\"Delikat\",\"description\":\"For delikate situasjoner\",\"publisher\":{\"@id\":\"https:\/\/mills.no\/delikat\/#organization\"},\"potentialAction\":[{\"@type\":\"SearchAction\",\"target\":{\"@type\":\"EntryPoint\",\"urlTemplate\":\"https:\/\/mills.no\/delikat\/?s={search_term_string}\"},\"query-input\":{\"@type\":\"PropertyValueSpecification\",\"valueRequired\":true,\"valueName\":\"search_term_string\"}}],\"inLanguage\":\"nb-NO\"},{\"@type\":\"Organization\",\"@id\":\"https:\/\/mills.no\/delikat\/#organization\",\"name\":\"Delikat\",\"url\":\"https:\/\/mills.no\/delikat\/\",\"logo\":{\"@type\":\"ImageObject\",\"inLanguage\":\"nb-NO\",\"@id\":\"https:\/\/mills.no\/delikat\/#\/schema\/logo\/image\/\",\"url\":\"https:\/\/mills.no\/content\/uploads\/sites\/4\/2021\/11\/logo-delikat.svg\",\"contentUrl\":\"https:\/\/mills.no\/content\/uploads\/sites\/4\/2021\/11\/logo-delikat.svg\",\"caption\":\"Delikat\"},\"image\":{\"@id\":\"https:\/\/mills.no\/delikat\/#\/schema\/logo\/image\/\"}}]}<\/script>\n<!-- \/ Yoast SEO Premium plugin. -->","yoast_head_json":{"title":"Delikat Egg & Bacon - Delikat","robots":{"index":"index","follow":"follow","max-snippet":"max-snippet:-1","max-image-preview":"max-image-preview:large","max-video-preview":"max-video-preview:-1"},"canonical":"https:\/\/mills.no\/delikat\/produkt\/spicy-egg-bacon\/","og_locale":"nb_NO","og_type":"article","og_title":"Delikat Egg & Bacon","og_url":"https:\/\/mills.no\/delikat\/produkt\/spicy-egg-bacon\/","og_site_name":"Delikat","article_modified_time":"2025-02-07T13:14:25+00:00","twitter_card":"summary_large_image","schema":{"@context":"https:\/\/schema.org","@graph":[{"@type":"WebPage","@id":"https:\/\/mills.no\/delikat\/produkt\/spicy-egg-bacon\/","url":"https:\/\/mills.no\/delikat\/produkt\/spicy-egg-bacon\/","name":"Delikat Egg & Bacon - Delikat","isPartOf":{"@id":"https:\/\/mills.no\/delikat\/#website"},"datePublished":"2025-02-05T14:31:20+00:00","dateModified":"2025-02-07T13:14:25+00:00","breadcrumb":{"@id":"https:\/\/mills.no\/delikat\/produkt\/spicy-egg-bacon\/#breadcrumb"},"inLanguage":"nb-NO","potentialAction":[{"@type":"ReadAction","target":["https:\/\/mills.no\/delikat\/produkt\/spicy-egg-bacon\/"]}]},{"@type":"BreadcrumbList","@id":"https:\/\/mills.no\/delikat\/produkt\/spicy-egg-bacon\/#breadcrumb","itemListElement":[{"@type":"ListItem","position":1,"name":"Home","item":"https:\/\/mills.no\/delikat\/"},{"@type":"ListItem","position":2,"name":"Produkter","item":"https:\/\/mills.no\/delikat\/produkter\/"},{"@type":"ListItem","position":3,"name":"Delikat Egg &#038; Bacon"}]},{"@type":"WebSite","@id":"https:\/\/mills.no\/delikat\/#website","url":"https:\/\/mills.no\/delikat\/","name":"Delikat","description":"For delikate situasjoner","publisher":{"@id":"https:\/\/mills.no\/delikat\/#organization"},"potentialAction":[{"@type":"SearchAction","target":{"@type":"EntryPoint","urlTemplate":"https:\/\/mills.no\/delikat\/?s={search_term_string}"},"query-input":{"@type":"PropertyValueSpecification","valueRequired":true,"valueName":"search_term_string"}}],"inLanguage":"nb-NO"},{"@type":"Organization","@id":"https:\/\/mills.no\/delikat\/#organization","name":"Delikat","url":"https:\/\/mills.no\/delikat\/","logo":{"@type":"ImageObject","inLanguage":"nb-NO","@id":"https:\/\/mills.no\/delikat\/#\/schema\/logo\/image\/","url":"https:\/\/mills.no\/content\/uploads\/sites\/4\/2021\/11\/logo-delikat.svg","contentUrl":"https:\/\/mills.no\/content\/uploads\/sites\/4\/2021\/11\/logo-delikat.svg","caption":"Delikat"},"image":{"@id":"https:\/\/mills.no\/delikat\/#\/schema\/logo\/image\/"}}]}},"_links":{"self":[{"href":"https:\/\/mills.no\/delikat\/wp-json\/wp\/v2\/product\/42967","targetHints":{"allow":["GET"]}}],"collection":[{"href":"https:\/\/mills.no\/delikat\/wp-json\/wp\/v2\/product"}],"about":[{"href":"https:\/\/mills.no\/delikat\/wp-json\/wp\/v2\/types\/product"}],"version-history":[{"count":0,"href":"https:\/\/mills.no\/delikat\/wp-json\/wp\/v2\/product\/42967\/revisions"}],"wp:attachment":[{"href":"https:\/\/mills.no\/delikat\/wp-json\/wp\/v2\/media?parent=42967"}],"wp:term":[{"taxonomy":"brand","embeddable":true,"href":"https:\/\/mills.no\/delikat\/wp-json\/wp\/v2\/brand?post=42967"},{"taxonomy":"allergen","embeddable":true,"href":"https:\/\/mills.no\/delikat\/wp-json\/wp\/v2\/allergen?post=42967"},{"taxonomy":"product_category","embeddable":true,"href":"https:\/\/mills.no\/delikat\/wp-json\/wp\/v2\/product_category?post=42967"},{"taxonomy":"product_label","embeddable":true,"href":"https:\/\/mills.no\/delikat\/wp-json\/wp\/v2\/product_label?post=42967"}],"curies":[{"name":"wp","href":"https:\/\/api.w.org\/{rel}","templated":true}]}}