{"id":43107,"date":"2025-05-02T09:01:23","date_gmt":"2025-05-02T07:01:23","guid":{"rendered":"https:\/\/mills.no\/?post_type=product&#038;p=43107"},"modified":"2025-05-05T09:58:24","modified_gmt":"2025-05-05T07:58:24","slug":"denja-rekesalat","status":"publish","type":"product","link":"https:\/\/mills.no\/denja\/produkt\/denja-rekesalat\/","title":{"rendered":"Denja Rekesalat"},"content":{"rendered":"\n\t\t<div class=\"has-background has-secondary-background-color is-style-vertical-spacing alignwide is-section-text wp-block-mills-section has-background has-secondary-background-color\">\n\t\t\t<div class=\"wp-block-mills-section__inner aligncenter\">\n\t\t\t\t\n<h2 class=\"has-text-align-center wp-block-post-title\">Denja Rekesalat<\/h2>\n\n<p class=\"t2-ingress has-text-align-center wp-block-t2-ingress\">Denja Rekesalat er en klassisk p\u00e5leggssalat laget med reker, kombinert med en kremet majonesbase. Den er frisk og rik p\u00e5 smak. Rekesalaten er perfekt til et godt gr\u00f8d og er en klassisk kombinasjon til grillp\u00f8lser.<\/p>\n\n\t\t\t<\/div>\n\t\t<\/div>\n\n\n\t\t<div class=\"has-background has-neutral-0-background-color is-style-vertical-spacing is-style-horizontal-spacing alignwide is-section-text wp-block-mills-section has-background has-neutral-0-background-color\">\n\t\t\t<div class=\"wp-block-mills-section__inner aligncenter\">\n\t\t\t\t\n\n\n\n<p class=\"has-text-align-center\">Denja rekesalat er tilgjengelig Meny og Spar<\/p>\n\n\n\t\t\t<\/div>\n\t\t<\/div>\n\n<div class=\"mills-block-food-labeling alignwide alignwide wp-block-mills-block-food-labeling\"><div class=\"left\"><section class=\"nutrients-section\"><header class\"nutrients-header\"><h3>N\u00e6ringsinnhold<\/h3><\/header><p class=\"nutrients-info\">100 gram gir.<\/p><div class=\"nutrients-list\"><div class=\"nutrient-item heading energy ENERGY_KJ\"><span>Energi<\/span><span>1310 kJ (320 kcal)<\/span><\/div><div class=\"empty-item\"><span>&nbsp;<\/span><\/div><div class=\"nutrient-item heading fat FAT\"><span>Fett<\/span><span>32 g<\/span><\/div><div class=\"nutrient-sub\"><span>Hvorav<\/span><\/div><div class=\"nutrient-item fat FASAT\"><span>&#8211; Mettet fett<\/span><span>2 g<\/span><\/div><div class=\"nutrient-item fat FAMSCIS\"><span>&#8211; Enumettet fett<\/span><span>19 g<\/span><\/div><div class=\"nutrient-item fat FAPUCIS\"><span>&#8211; Flerumettet fett<\/span><span>9 g<\/span><\/div><div class=\"empty-item\"><span>&nbsp;<\/span><\/div><div class=\"nutrient-item heading carbs CHOAVL\"><span>Karbohydrater<\/span><span>3 g<\/span><\/div><div class=\"nutrient-sub\"><span>Hvorav<\/span><\/div><div class=\"nutrient-item carbs SUGAR-\"><span>&#8211; Sukkerarter<\/span><span>2 g<\/span><\/div><div class=\"empty-item\"><span>&nbsp;<\/span><\/div><div class=\"nutrient-item heading protein PRO-\"><span>Protein<\/span><span>4 g<\/span><\/div><div class=\"empty-item\"><span>&nbsp;<\/span><\/div><div class=\"nutrient-item heading salt SALTEQ\"><span>Salt<\/span><span>0.8 g<\/span><\/div><\/div><\/section><\/div><div class=\"right\"><section class=\"ingredients-section\"><header class=\"ingredients-header\"><h3>Ingredienser<\/h3><\/header><p class=\"ingredients-list\">Rapsolje, reker (24%), hvitbete, vann, eggeplomme, sukker, eddik, salt, sennepsfr\u00f8, eple, fortykningsmidddel (guarkjernemel, xantangummi),\r\nkonserveringsmiddel (kaliumsorbat, natriumbenzoat), surhetsregulerende middel (sitronsyre, melkesyre), fargestoff (karmin), aroma, krydder, antioksidant (E385), dekstrose<\/p><p class=\"ingredients-smallprint\"><small>Produktsammensetningen kan endres. Les derfor alltid ingredienslisten p\u00e5 emballasjen p\u00e5 produktet.<\/small><\/p><\/section>\n<section class=\"allergens-section contains\"><header class=\"allergens-header\"><h3>Allergener<\/h3><\/header><div class=\"wp-block-buttons\"><div class=\"wp-block-button is-style-outline AC\"><span class=\"wp-block-button__link\">Skalldyr<i class=\"icon-IconAllergy-shellfish\"><\/i><\/span><\/div><div class=\"wp-block-button is-style-outline AE\"><span class=\"wp-block-button__link\">Egg<i class=\"icon-IconAllergy-egg\"><\/i><\/span><\/div><div class=\"wp-block-button is-style-outline BM\"><span class=\"wp-block-button__link\">Sennep<i class=\"icon-IconAllergy-mustard\"><\/i><\/span><\/div><\/div><\/section>\n<section class=\"allergens-section may-contain\"><header class=\"allergens-header\"><h3>Kan inneholde spor av<\/h3><\/header><div class=\"wp-block-buttons\"><div class=\"wp-block-button is-style-outline AF\"><span class=\"wp-block-button__link\">Fisk<i class=\"icon-IconAllergy-fish\"><\/i><\/span><\/div><div class=\"wp-block-button is-style-outline UM\"><span class=\"wp-block-button__link\">Bl\u00f8tdyr<i class=\"icon-IconAllergy-mouloces\"><\/i><\/span><\/div><\/div><\/section><\/div><\/div>","protected":false},"excerpt":{"rendered":"","protected":false},"featured_media":0,"menu_order":0,"template":"","meta":{"_searchwp_excluded":"","hide_post_title":false,"mills_central_gtin":"","footnotes":""},"brand":[],"allergen":[],"product_category":[],"product_label":[],"class_list":["post-43107","product","type-product","status-publish","hentry"],"yoast_head":"<!-- This site is optimized with the Yoast SEO Premium plugin v26.9 (Yoast SEO v26.9) - https:\/\/yoast.com\/product\/yoast-seo-premium-wordpress\/ -->\n<title>Denja Rekesalat - Denja<\/title>\n<meta name=\"robots\" content=\"noindex, follow, max-snippet:-1, max-image-preview:large, max-video-preview:-1\" \/>\n<meta property=\"og:locale\" content=\"nb_NO\" \/>\n<meta property=\"og:type\" content=\"article\" \/>\n<meta property=\"og:title\" content=\"Denja Rekesalat\" \/>\n<meta property=\"og:url\" content=\"https:\/\/mills.no\/denja\/produkt\/denja-rekesalat\/\" \/>\n<meta property=\"og:site_name\" content=\"Denja\" \/>\n<meta property=\"article:modified_time\" content=\"2025-05-05T07:58:24+00:00\" \/>\n<meta name=\"twitter:card\" content=\"summary_large_image\" \/>\n<script type=\"application\/ld+json\" class=\"yoast-schema-graph\">{\"@context\":\"https:\/\/schema.org\",\"@graph\":[{\"@type\":\"WebPage\",\"@id\":\"https:\/\/mills.no\/denja\/produkt\/denja-rekesalat\/\",\"url\":\"https:\/\/mills.no\/denja\/produkt\/denja-rekesalat\/\",\"name\":\"Denja Rekesalat - Denja\",\"isPartOf\":{\"@id\":\"https:\/\/mills.no\/denja\/#website\"},\"datePublished\":\"2025-05-02T07:01:23+00:00\",\"dateModified\":\"2025-05-05T07:58:24+00:00\",\"breadcrumb\":{\"@id\":\"https:\/\/mills.no\/denja\/produkt\/denja-rekesalat\/#breadcrumb\"},\"inLanguage\":\"nb-NO\",\"potentialAction\":[{\"@type\":\"ReadAction\",\"target\":[\"https:\/\/mills.no\/denja\/produkt\/denja-rekesalat\/\"]}]},{\"@type\":\"BreadcrumbList\",\"@id\":\"https:\/\/mills.no\/denja\/produkt\/denja-rekesalat\/#breadcrumb\",\"itemListElement\":[{\"@type\":\"ListItem\",\"position\":1,\"name\":\"Hjem\",\"item\":\"https:\/\/mills.no\/denja\/\"},{\"@type\":\"ListItem\",\"position\":2,\"name\":\"Produkter\",\"item\":\"https:\/\/mills.no\/denja\/produkter\/\"},{\"@type\":\"ListItem\",\"position\":3,\"name\":\"Denja Rekesalat\"}]},{\"@type\":\"WebSite\",\"@id\":\"https:\/\/mills.no\/denja\/#website\",\"url\":\"https:\/\/mills.no\/denja\/\",\"name\":\"Denja\",\"description\":\"Ikke den, ikke den, men denja\",\"publisher\":{\"@id\":\"https:\/\/mills.no\/denja\/#organization\"},\"potentialAction\":[{\"@type\":\"SearchAction\",\"target\":{\"@type\":\"EntryPoint\",\"urlTemplate\":\"https:\/\/mills.no\/denja\/?s={search_term_string}\"},\"query-input\":{\"@type\":\"PropertyValueSpecification\",\"valueRequired\":true,\"valueName\":\"search_term_string\"}}],\"inLanguage\":\"nb-NO\"},{\"@type\":\"Organization\",\"@id\":\"https:\/\/mills.no\/denja\/#organization\",\"name\":\"Denja\",\"url\":\"https:\/\/mills.no\/denja\/\",\"logo\":{\"@type\":\"ImageObject\",\"inLanguage\":\"nb-NO\",\"@id\":\"https:\/\/mills.no\/denja\/#\/schema\/logo\/image\/\",\"url\":\"https:\/\/mills.no\/content\/uploads\/sites\/23\/2025\/05\/eAsset-3.png\",\"contentUrl\":\"https:\/\/mills.no\/content\/uploads\/sites\/23\/2025\/05\/eAsset-3.png\",\"width\":329,\"height\":137,\"caption\":\"Denja \"},\"image\":{\"@id\":\"https:\/\/mills.no\/denja\/#\/schema\/logo\/image\/\"}}]}<\/script>\n<!-- \/ Yoast SEO Premium plugin. -->","yoast_head_json":{"title":"Denja Rekesalat - Denja","robots":{"index":"noindex","follow":"follow","max-snippet":"max-snippet:-1","max-image-preview":"max-image-preview:large","max-video-preview":"max-video-preview:-1"},"og_locale":"nb_NO","og_type":"article","og_title":"Denja Rekesalat","og_url":"https:\/\/mills.no\/denja\/produkt\/denja-rekesalat\/","og_site_name":"Denja","article_modified_time":"2025-05-05T07:58:24+00:00","twitter_card":"summary_large_image","schema":{"@context":"https:\/\/schema.org","@graph":[{"@type":"WebPage","@id":"https:\/\/mills.no\/denja\/produkt\/denja-rekesalat\/","url":"https:\/\/mills.no\/denja\/produkt\/denja-rekesalat\/","name":"Denja Rekesalat - Denja","isPartOf":{"@id":"https:\/\/mills.no\/denja\/#website"},"datePublished":"2025-05-02T07:01:23+00:00","dateModified":"2025-05-05T07:58:24+00:00","breadcrumb":{"@id":"https:\/\/mills.no\/denja\/produkt\/denja-rekesalat\/#breadcrumb"},"inLanguage":"nb-NO","potentialAction":[{"@type":"ReadAction","target":["https:\/\/mills.no\/denja\/produkt\/denja-rekesalat\/"]}]},{"@type":"BreadcrumbList","@id":"https:\/\/mills.no\/denja\/produkt\/denja-rekesalat\/#breadcrumb","itemListElement":[{"@type":"ListItem","position":1,"name":"Hjem","item":"https:\/\/mills.no\/denja\/"},{"@type":"ListItem","position":2,"name":"Produkter","item":"https:\/\/mills.no\/denja\/produkter\/"},{"@type":"ListItem","position":3,"name":"Denja Rekesalat"}]},{"@type":"WebSite","@id":"https:\/\/mills.no\/denja\/#website","url":"https:\/\/mills.no\/denja\/","name":"Denja","description":"Ikke den, ikke den, men denja","publisher":{"@id":"https:\/\/mills.no\/denja\/#organization"},"potentialAction":[{"@type":"SearchAction","target":{"@type":"EntryPoint","urlTemplate":"https:\/\/mills.no\/denja\/?s={search_term_string}"},"query-input":{"@type":"PropertyValueSpecification","valueRequired":true,"valueName":"search_term_string"}}],"inLanguage":"nb-NO"},{"@type":"Organization","@id":"https:\/\/mills.no\/denja\/#organization","name":"Denja","url":"https:\/\/mills.no\/denja\/","logo":{"@type":"ImageObject","inLanguage":"nb-NO","@id":"https:\/\/mills.no\/denja\/#\/schema\/logo\/image\/","url":"https:\/\/mills.no\/content\/uploads\/sites\/23\/2025\/05\/eAsset-3.png","contentUrl":"https:\/\/mills.no\/content\/uploads\/sites\/23\/2025\/05\/eAsset-3.png","width":329,"height":137,"caption":"Denja "},"image":{"@id":"https:\/\/mills.no\/denja\/#\/schema\/logo\/image\/"}}]}},"_links":{"self":[{"href":"https:\/\/mills.no\/denja\/wp-json\/wp\/v2\/product\/43107","targetHints":{"allow":["GET"]}}],"collection":[{"href":"https:\/\/mills.no\/denja\/wp-json\/wp\/v2\/product"}],"about":[{"href":"https:\/\/mills.no\/denja\/wp-json\/wp\/v2\/types\/product"}],"version-history":[{"count":0,"href":"https:\/\/mills.no\/denja\/wp-json\/wp\/v2\/product\/43107\/revisions"}],"wp:attachment":[{"href":"https:\/\/mills.no\/denja\/wp-json\/wp\/v2\/media?parent=43107"}],"wp:term":[{"taxonomy":"brand","embeddable":true,"href":"https:\/\/mills.no\/denja\/wp-json\/wp\/v2\/brand?post=43107"},{"taxonomy":"allergen","embeddable":true,"href":"https:\/\/mills.no\/denja\/wp-json\/wp\/v2\/allergen?post=43107"},{"taxonomy":"product_category","embeddable":true,"href":"https:\/\/mills.no\/denja\/wp-json\/wp\/v2\/product_category?post=43107"},{"taxonomy":"product_label","embeddable":true,"href":"https:\/\/mills.no\/denja\/wp-json\/wp\/v2\/product_label?post=43107"}],"curies":[{"name":"wp","href":"https:\/\/api.w.org\/{rel}","templated":true}]}}