{"id":43116,"date":"2025-05-05T09:52:14","date_gmt":"2025-05-05T07:52:14","guid":{"rendered":"https:\/\/mills.no\/?post_type=product&#038;p=43116"},"modified":"2025-05-05T12:28:12","modified_gmt":"2025-05-05T10:28:12","slug":"denja-crabsticksalat","status":"publish","type":"product","link":"https:\/\/mills.no\/denja\/produkt\/denja-crabsticksalat\/","title":{"rendered":"Denja Crabsticksalat"},"content":{"rendered":"\n\t\t<div class=\"has-background has-secondary-background-color is-style-vertical-spacing alignwide is-section-text wp-block-mills-section has-background has-secondary-background-color\">\n\t\t\t<div class=\"wp-block-mills-section__inner aligncenter\">\n\t\t\t\t\n<h2 class=\"has-text-align-center wp-block-post-title\">Denja Crabsticksalat<\/h2>\n\n<p class=\"t2-ingress has-text-align-center wp-block-t2-ingress\">Denja Crabsticksalat er en smakfull p\u00e5leggssalat laget med delikat crabstick og dill i en kremet majonesbase, som gir en mild og frisk sj\u00f8matopplevelse til br\u00f8dskiven.<\/p>\n\n\t\t\t<\/div>\n\t\t<\/div>\n\n\n\t\t<div class=\"has-background has-neutral-0-background-color is-style-vertical-spacing is-style-horizontal-spacing alignwide is-section-text wp-block-mills-section has-background has-neutral-0-background-color\">\n\t\t\t<div class=\"wp-block-mills-section__inner aligncenter\">\n\t\t\t\t\n\n\n\n<p class=\"has-text-align-center\">Denja rekesalat er tilgjengelig Meny og Spar<\/p>\n\n\n\t\t\t<\/div>\n\t\t<\/div>\n\n","protected":false},"excerpt":{"rendered":"","protected":false},"featured_media":0,"menu_order":0,"template":"","meta":{"_searchwp_excluded":"","hide_post_title":false,"mills_central_gtin":"","footnotes":""},"brand":[],"allergen":[],"product_category":[],"product_label":[],"class_list":["post-43116","product","type-product","status-publish","hentry"],"yoast_head":"<!-- This site is optimized with the Yoast SEO Premium plugin v26.9 (Yoast SEO v26.9) - https:\/\/yoast.com\/product\/yoast-seo-premium-wordpress\/ -->\n<title>Denja Crabsticksalat - Denja<\/title>\n<meta name=\"robots\" content=\"index, follow, max-snippet:-1, max-image-preview:large, max-video-preview:-1\" \/>\n<link rel=\"canonical\" href=\"https:\/\/mills.no\/denja\/produkt\/denja-crabsticksalat\/\" \/>\n<meta property=\"og:locale\" content=\"nb_NO\" \/>\n<meta property=\"og:type\" content=\"article\" \/>\n<meta property=\"og:title\" content=\"Denja Crabsticksalat\" \/>\n<meta property=\"og:url\" content=\"https:\/\/mills.no\/denja\/produkt\/denja-crabsticksalat\/\" \/>\n<meta property=\"og:site_name\" content=\"Denja\" \/>\n<meta property=\"article:modified_time\" content=\"2025-05-05T10:28:12+00:00\" \/>\n<meta name=\"twitter:card\" content=\"summary_large_image\" \/>\n<script type=\"application\/ld+json\" class=\"yoast-schema-graph\">{\"@context\":\"https:\/\/schema.org\",\"@graph\":[{\"@type\":\"WebPage\",\"@id\":\"https:\/\/mills.no\/denja\/produkt\/denja-crabsticksalat\/\",\"url\":\"https:\/\/mills.no\/denja\/produkt\/denja-crabsticksalat\/\",\"name\":\"Denja Crabsticksalat - Denja\",\"isPartOf\":{\"@id\":\"https:\/\/mills.no\/denja\/#website\"},\"datePublished\":\"2025-05-05T07:52:14+00:00\",\"dateModified\":\"2025-05-05T10:28:12+00:00\",\"breadcrumb\":{\"@id\":\"https:\/\/mills.no\/denja\/produkt\/denja-crabsticksalat\/#breadcrumb\"},\"inLanguage\":\"nb-NO\",\"potentialAction\":[{\"@type\":\"ReadAction\",\"target\":[\"https:\/\/mills.no\/denja\/produkt\/denja-crabsticksalat\/\"]}]},{\"@type\":\"BreadcrumbList\",\"@id\":\"https:\/\/mills.no\/denja\/produkt\/denja-crabsticksalat\/#breadcrumb\",\"itemListElement\":[{\"@type\":\"ListItem\",\"position\":1,\"name\":\"Hjem\",\"item\":\"https:\/\/mills.no\/denja\/\"},{\"@type\":\"ListItem\",\"position\":2,\"name\":\"Produkter\",\"item\":\"https:\/\/mills.no\/denja\/produkter\/\"},{\"@type\":\"ListItem\",\"position\":3,\"name\":\"Denja Crabsticksalat\"}]},{\"@type\":\"WebSite\",\"@id\":\"https:\/\/mills.no\/denja\/#website\",\"url\":\"https:\/\/mills.no\/denja\/\",\"name\":\"Denja\",\"description\":\"Ikke den, ikke den, men denja\",\"publisher\":{\"@id\":\"https:\/\/mills.no\/denja\/#organization\"},\"potentialAction\":[{\"@type\":\"SearchAction\",\"target\":{\"@type\":\"EntryPoint\",\"urlTemplate\":\"https:\/\/mills.no\/denja\/?s={search_term_string}\"},\"query-input\":{\"@type\":\"PropertyValueSpecification\",\"valueRequired\":true,\"valueName\":\"search_term_string\"}}],\"inLanguage\":\"nb-NO\"},{\"@type\":\"Organization\",\"@id\":\"https:\/\/mills.no\/denja\/#organization\",\"name\":\"Denja\",\"url\":\"https:\/\/mills.no\/denja\/\",\"logo\":{\"@type\":\"ImageObject\",\"inLanguage\":\"nb-NO\",\"@id\":\"https:\/\/mills.no\/denja\/#\/schema\/logo\/image\/\",\"url\":\"https:\/\/mills.no\/content\/uploads\/sites\/23\/2025\/05\/eAsset-3.png\",\"contentUrl\":\"https:\/\/mills.no\/content\/uploads\/sites\/23\/2025\/05\/eAsset-3.png\",\"width\":329,\"height\":137,\"caption\":\"Denja \"},\"image\":{\"@id\":\"https:\/\/mills.no\/denja\/#\/schema\/logo\/image\/\"}}]}<\/script>\n<!-- \/ Yoast SEO Premium plugin. -->","yoast_head_json":{"title":"Denja Crabsticksalat - Denja","robots":{"index":"index","follow":"follow","max-snippet":"max-snippet:-1","max-image-preview":"max-image-preview:large","max-video-preview":"max-video-preview:-1"},"canonical":"https:\/\/mills.no\/denja\/produkt\/denja-crabsticksalat\/","og_locale":"nb_NO","og_type":"article","og_title":"Denja Crabsticksalat","og_url":"https:\/\/mills.no\/denja\/produkt\/denja-crabsticksalat\/","og_site_name":"Denja","article_modified_time":"2025-05-05T10:28:12+00:00","twitter_card":"summary_large_image","schema":{"@context":"https:\/\/schema.org","@graph":[{"@type":"WebPage","@id":"https:\/\/mills.no\/denja\/produkt\/denja-crabsticksalat\/","url":"https:\/\/mills.no\/denja\/produkt\/denja-crabsticksalat\/","name":"Denja Crabsticksalat - Denja","isPartOf":{"@id":"https:\/\/mills.no\/denja\/#website"},"datePublished":"2025-05-05T07:52:14+00:00","dateModified":"2025-05-05T10:28:12+00:00","breadcrumb":{"@id":"https:\/\/mills.no\/denja\/produkt\/denja-crabsticksalat\/#breadcrumb"},"inLanguage":"nb-NO","potentialAction":[{"@type":"ReadAction","target":["https:\/\/mills.no\/denja\/produkt\/denja-crabsticksalat\/"]}]},{"@type":"BreadcrumbList","@id":"https:\/\/mills.no\/denja\/produkt\/denja-crabsticksalat\/#breadcrumb","itemListElement":[{"@type":"ListItem","position":1,"name":"Hjem","item":"https:\/\/mills.no\/denja\/"},{"@type":"ListItem","position":2,"name":"Produkter","item":"https:\/\/mills.no\/denja\/produkter\/"},{"@type":"ListItem","position":3,"name":"Denja Crabsticksalat"}]},{"@type":"WebSite","@id":"https:\/\/mills.no\/denja\/#website","url":"https:\/\/mills.no\/denja\/","name":"Denja","description":"Ikke den, ikke den, men denja","publisher":{"@id":"https:\/\/mills.no\/denja\/#organization"},"potentialAction":[{"@type":"SearchAction","target":{"@type":"EntryPoint","urlTemplate":"https:\/\/mills.no\/denja\/?s={search_term_string}"},"query-input":{"@type":"PropertyValueSpecification","valueRequired":true,"valueName":"search_term_string"}}],"inLanguage":"nb-NO"},{"@type":"Organization","@id":"https:\/\/mills.no\/denja\/#organization","name":"Denja","url":"https:\/\/mills.no\/denja\/","logo":{"@type":"ImageObject","inLanguage":"nb-NO","@id":"https:\/\/mills.no\/denja\/#\/schema\/logo\/image\/","url":"https:\/\/mills.no\/content\/uploads\/sites\/23\/2025\/05\/eAsset-3.png","contentUrl":"https:\/\/mills.no\/content\/uploads\/sites\/23\/2025\/05\/eAsset-3.png","width":329,"height":137,"caption":"Denja "},"image":{"@id":"https:\/\/mills.no\/denja\/#\/schema\/logo\/image\/"}}]}},"_links":{"self":[{"href":"https:\/\/mills.no\/denja\/wp-json\/wp\/v2\/product\/43116","targetHints":{"allow":["GET"]}}],"collection":[{"href":"https:\/\/mills.no\/denja\/wp-json\/wp\/v2\/product"}],"about":[{"href":"https:\/\/mills.no\/denja\/wp-json\/wp\/v2\/types\/product"}],"version-history":[{"count":0,"href":"https:\/\/mills.no\/denja\/wp-json\/wp\/v2\/product\/43116\/revisions"}],"wp:attachment":[{"href":"https:\/\/mills.no\/denja\/wp-json\/wp\/v2\/media?parent=43116"}],"wp:term":[{"taxonomy":"brand","embeddable":true,"href":"https:\/\/mills.no\/denja\/wp-json\/wp\/v2\/brand?post=43116"},{"taxonomy":"allergen","embeddable":true,"href":"https:\/\/mills.no\/denja\/wp-json\/wp\/v2\/allergen?post=43116"},{"taxonomy":"product_category","embeddable":true,"href":"https:\/\/mills.no\/denja\/wp-json\/wp\/v2\/product_category?post=43116"},{"taxonomy":"product_label","embeddable":true,"href":"https:\/\/mills.no\/denja\/wp-json\/wp\/v2\/product_label?post=43116"}],"curies":[{"name":"wp","href":"https:\/\/api.w.org\/{rel}","templated":true}]}}