{"id":202,"date":"2023-06-26T11:59:58","date_gmt":"2023-06-26T11:59:58","guid":{"rendered":"https:\/\/mills.no\/fetefakta\/?page_id=202"},"modified":"2024-02-07T08:17:33","modified_gmt":"2024-02-07T08:17:33","slug":"om-fetefakta","status":"publish","type":"page","link":"https:\/\/mills.no\/fetefakta\/om-fetefakta\/","title":{"rendered":"Hva er FeteFakta?"},"content":{"rendered":"<div class=\"mills-block-featured alignwide alignwide wp-block-mills-block-featured\"><img loading=\"lazy\" decoding=\"async\" width=\"8192\" height=\"5464\" style=\"width:100%;height:100%;object-fit:cover\" src=\"https:\/\/mills.no\/content\/uploads\/sites\/19\/2023\/08\/Skolestart_uten_pack_hoyde_5464x8192-e1691576949548.jpg\" class=\"wp-block-cover__image-background\" alt=\"\" srcset=\"https:\/\/mills.no\/content\/uploads\/sites\/19\/2023\/08\/Skolestart_uten_pack_hoyde_5464x8192-e1691576949548.jpg 8192w, https:\/\/mills.no\/content\/uploads\/sites\/19\/2023\/08\/Skolestart_uten_pack_hoyde_5464x8192-e1691576949548-300x200.jpg 300w, https:\/\/mills.no\/content\/uploads\/sites\/19\/2023\/08\/Skolestart_uten_pack_hoyde_5464x8192-e1691576949548-1024x683.jpg 1024w, https:\/\/mills.no\/content\/uploads\/sites\/19\/2023\/08\/Skolestart_uten_pack_hoyde_5464x8192-e1691576949548-768x512.jpg 768w, https:\/\/mills.no\/content\/uploads\/sites\/19\/2023\/08\/Skolestart_uten_pack_hoyde_5464x8192-e1691576949548-1536x1025.jpg 1536w, https:\/\/mills.no\/content\/uploads\/sites\/19\/2023\/08\/Skolestart_uten_pack_hoyde_5464x8192-e1691576949548-2048x1366.jpg 2048w, https:\/\/mills.no\/content\/uploads\/sites\/19\/2023\/08\/Skolestart_uten_pack_hoyde_5464x8192-e1691576949548-80x53.jpg 80w\" sizes=\"auto, (max-width: 8192px) 100vw, 8192px\" \/><div class=\"wp-block-cover__inner-container\">\n<h1 class=\"has-text-align-center wp-block-post-title has-text-color has-neutral-1000-color\">Hva er FeteFakta?<\/h1>\n\n<p class=\"t2-ingress has-text-align-center align wp-block-t2-ingress\"><strong>FeteFakta <\/strong>er et verkt\u00f8y for deg som underviser i Mat og helse p\u00e5 ungdomsskoletrinnet.<\/p>\n<\/div><\/div>\n\n\n\t\t<div class=\"has-background has-neutral-0-background-color is-style-vertical-spacing alignwide is-section-text wp-block-mills-section has-background has-neutral-0-background-color\">\n\t\t\t<div class=\"wp-block-mills-section__inner aligncenter\">\n\t\t\t\t\n\n<p><strong>FeteFakta<\/strong> best\u00e5r av fiks ferdige undervisningsopplegg fylt med inspirasjon, tips og triks, med m\u00e5l om \u00e5 bist\u00e5 i en hektisk hverdag og bidra til l\u00e6rerike \u00f8kter p\u00e5 skolekj\u00f8kkenet.<\/p>\n\n\n\n<p><strong>FeteFakta <\/strong>er utarbeidet med god faglig forankring av Helse- og Ern\u00e6ringsteamet i Mills AS. Mills AS f\u00f8lger helsemyndighetenes kostholdsanbefalinger. Disse er grundig dokumentert og bygger p\u00e5 nasjonal og internasjonal forskning p\u00e5 sammenhengen mellom kosthold og helse. Dette er et godt fundament for et kosthold som fremmer helse.<\/p>\n\n\n\n<p><strong>FeteFakta<\/strong> er basert p\u00e5 kompetansem\u00e5lene i l\u00e6replanen, med fokus p\u00e5 b\u00e6rekraft, mer fisk, mer plantebasert og rett fett.<\/p>\n\n\n\n<p>Vi i Mills brenner for matglede og h\u00e5per \u00e5 kunne inspirere til mer matlaging blant unge og bidra til gode matvaner.<\/p>\n\n\n\n<p>Mills AS er et norsk, familieeid selskap, og vi har v\u00e6rt til stede i norsk matvarebransje siden 1885 med flere kjente merkevarer og produkter. Felles for veldig mange av v\u00e5re produkter er r\u00e5varen rapsolje, og dermed n\u00e6ringsstoffet fett. Vi har opparbeidet oss stor kompetanse p\u00e5 fett, b\u00e5de med tanke p\u00e5 helse, men ogs\u00e5 hvordan fett b\u00f8r brukes i matlaging for best mulig resultat.<\/p>\n\n\n\t\t\t<\/div>\n\t\t<\/div>\n\n\n\t\t<div class=\"has-background has-primary-light-background-color is-style-vertical-spacing is-style-horizontal-spacing alignwide is-section-cards alignwide wp-block-mills-section has-background has-primary-light-background-color\">\n\t\t\t<div class=\"wp-block-mills-section__inner alignwide\">\n\t\t\t\t\n\n<h3 class=\"wp-block-heading\" id=\"h-relatert-innhold\">Relatert innhold<\/h3>\n\n\n<div class=\"t2-featured-content-layout alignwide alignwide wp-block-t2-featured-content-layout\" role=\"list\">\n<div class=\"t2-featured-single-post t2-featured-content is-post-type-page wp-block-t2-featured-single-post t2-featured-content-layout-col-12\" role=\"listitem\"><a class=\"t2-post-link wp-block-t2-post-link\" href=\"https:\/\/mills.no\/fetefakta\/hvordan-bruke-fetefakta\/\">\n<figure style=\"--t2-focal-point: 50% 50%;\" class=\"t2-post-featured-image has-image-ratio-16-9 wp-block-t2-post-featured-image\"><img loading=\"lazy\" decoding=\"async\" width=\"1920\" height=\"1280\" src=\"https:\/\/mills.no\/content\/uploads\/sites\/19\/2023\/07\/Hender-og-laptop.jpg\" class=\"attachment-medium-large size-medium-large wp-post-image\" alt=\"Hender som skriver p\u00e5 laptop\" srcset=\"https:\/\/mills.no\/content\/uploads\/sites\/19\/2023\/07\/Hender-og-laptop.jpg 1920w, https:\/\/mills.no\/content\/uploads\/sites\/19\/2023\/07\/Hender-og-laptop-300x200.jpg 300w, https:\/\/mills.no\/content\/uploads\/sites\/19\/2023\/07\/Hender-og-laptop-1024x683.jpg 1024w, https:\/\/mills.no\/content\/uploads\/sites\/19\/2023\/07\/Hender-og-laptop-768x512.jpg 768w, https:\/\/mills.no\/content\/uploads\/sites\/19\/2023\/07\/Hender-og-laptop-1536x1024.jpg 1536w, https:\/\/mills.no\/content\/uploads\/sites\/19\/2023\/07\/Hender-og-laptop-80x53.jpg 80w\" sizes=\"auto, (max-width: 1920px) 100vw, 1920px\" \/><\/figure>\n\n<div class=\"wp-block-group alignfull is-layout-flow wp-block-group-is-layout-flow\">\n\t<h2 class=\"t2-post-title wp-block-t2-post-title\">Hvordan bruke FeteFakta?<\/h2>\n\t<div class=\"t2-post-excerpt wp-block-t2-post-excerpt\"><p>Her finner du informasjon om hvordan vi har utarbeidet undervisningsoppleggene og hvordan de kan gjennomf\u00f8res.<\/p><\/div>\n\t\n\t<p class=\"wp-block-buttons is-content-justification-center\"><span class=\"wp-block-button is-style-arrow-right\"><span class=\"wp-block-button__link\">Mer om<\/span><\/span><\/p>\n\t\n<\/div>\n\n<\/a>\n<\/div>\n\n<div class=\"t2-featured-single-post t2-featured-content is-post-type-lectures lectures_theme-fett wp-block-t2-featured-single-post has-background has-neutral-0-background-color\" role=\"listitem\"><a class=\"t2-post-link wp-block-t2-post-link\" href=\"https:\/\/mills.no\/fetefakta\/undervisningsopplegg-for-mat-og-helse\/mester-pa-fett\/\"> \n<figure style=\"--t2-focal-point: 50% 50%;\" class=\"t2-post-featured-image has-image-ratio-16-9 wp-block-t2-post-featured-image\"><img loading=\"lazy\" decoding=\"async\" width=\"1920\" height=\"1280\" src=\"https:\/\/mills.no\/content\/uploads\/sites\/19\/2023\/07\/Illustrasjon-pa-fett.jpg\" class=\"attachment-medium-large size-medium-large wp-post-image\" alt=\"Sunt fett illustrert med r\u00e5varer\" srcset=\"https:\/\/mills.no\/content\/uploads\/sites\/19\/2023\/07\/Illustrasjon-pa-fett.jpg 1920w, https:\/\/mills.no\/content\/uploads\/sites\/19\/2023\/07\/Illustrasjon-pa-fett-300x200.jpg 300w, https:\/\/mills.no\/content\/uploads\/sites\/19\/2023\/07\/Illustrasjon-pa-fett-1024x683.jpg 1024w, https:\/\/mills.no\/content\/uploads\/sites\/19\/2023\/07\/Illustrasjon-pa-fett-768x512.jpg 768w, https:\/\/mills.no\/content\/uploads\/sites\/19\/2023\/07\/Illustrasjon-pa-fett-1536x1024.jpg 1536w, https:\/\/mills.no\/content\/uploads\/sites\/19\/2023\/07\/Illustrasjon-pa-fett-80x53.jpg 80w\" sizes=\"auto, (max-width: 1920px) 100vw, 1920px\" \/><\/figure>\n\n<div class=\"wp-block-group alignfull is-layout-flow wp-block-group-is-layout-flow\">\n\t<h2 class=\"t2-post-title wp-block-t2-post-title\">Grunnleggende om fett<\/h2>\n\t\n\t\t\t<div class=\"wp-block-mills-block-lecture-info\">\n\t\t\t\t<div class=\"mills-block-lectrue-info-item mills-block-lectrue-info-item--lectures_theme\">Fett<\/div>\n\t\t\t\t\n\t\t\t<\/div>\n\t<div class=\"t2-post-excerpt wp-block-t2-post-excerpt\"><p>I dette undervisningsopplegget dykker vi ned i n\u00e6ringsstoffet fett. Opplegget fokuserer hovedsakelig p\u00e5 teori, krydret med filmer og noen praktiske&hellip;<\/p><\/div>\n<\/div>\n\n<\/a>\n<\/div>\n\n<div class=\"t2-featured-single-post t2-featured-content is-post-type-lectures lectures_theme-fett wp-block-t2-featured-single-post has-background has-neutral-0-background-color\" role=\"listitem\"><a class=\"t2-post-link wp-block-t2-post-link\" href=\"https:\/\/mills.no\/fetefakta\/undervisningsopplegg-for-mat-og-helse\/fett-vett-regler\/\"> \n<figure style=\"--t2-focal-point: 50% 50%;\" class=\"t2-post-featured-image has-image-ratio-16-9 wp-block-t2-post-featured-image\"><img loading=\"lazy\" decoding=\"async\" width=\"1600\" height=\"1067\" src=\"https:\/\/mills.no\/content\/uploads\/sites\/19\/2023\/06\/Vafler-uten-vaffeljern.jpg\" class=\"attachment-medium-large size-medium-large wp-post-image\" alt=\"\" srcset=\"https:\/\/mills.no\/content\/uploads\/sites\/19\/2023\/06\/Vafler-uten-vaffeljern.jpg 1600w, https:\/\/mills.no\/content\/uploads\/sites\/19\/2023\/06\/Vafler-uten-vaffeljern-300x200.jpg 300w, https:\/\/mills.no\/content\/uploads\/sites\/19\/2023\/06\/Vafler-uten-vaffeljern-1024x683.jpg 1024w, https:\/\/mills.no\/content\/uploads\/sites\/19\/2023\/06\/Vafler-uten-vaffeljern-768x512.jpg 768w, https:\/\/mills.no\/content\/uploads\/sites\/19\/2023\/06\/Vafler-uten-vaffeljern-1536x1024.jpg 1536w, https:\/\/mills.no\/content\/uploads\/sites\/19\/2023\/06\/Vafler-uten-vaffeljern-80x53.jpg 80w\" sizes=\"auto, (max-width: 1600px) 100vw, 1600px\" \/><\/figure>\n\n<div class=\"wp-block-group alignfull is-layout-flow wp-block-group-is-layout-flow\">\n\t<h2 class=\"t2-post-title wp-block-t2-post-title\">L\u00e6r \u00e5 steke med ulike typer fett<\/h2>\n\t\n\t\t\t<div class=\"wp-block-mills-block-lecture-info\">\n\t\t\t\t<div class=\"mills-block-lectrue-info-item mills-block-lectrue-info-item--lectures_theme\">Fett<\/div>\n\t\t\t\t\n\t\t\t<\/div>\n\t<div class=\"t2-post-excerpt wp-block-t2-post-excerpt\"><p>I dette undervisningsopplegget skal elevene erfare hvilken type fett som egner seg til \u00e5 steke ulike r\u00e5varer i og med&hellip;<\/p><\/div>\n<\/div>\n\n<\/a>\n<\/div>\n\n<div class=\"t2-featured-single-post t2-featured-content is-post-type-lectures lectures_time-km1 lectures_time-km2 lectures_time-km6 lectures_time-km7 lectures_theme-baerekraft lectures_theme-baking wp-block-t2-featured-single-post has-background has-neutral-0-background-color\" role=\"listitem\"><a class=\"t2-post-link wp-block-t2-post-link\" href=\"https:\/\/mills.no\/fetefakta\/undervisningsopplegg-for-mat-og-helse\/laer-a-lage-cookies\/\"> \n<figure style=\"--t2-focal-point: 50% 50%;\" class=\"t2-post-featured-image has-image-ratio-16-9 wp-block-t2-post-featured-image\"><img loading=\"lazy\" decoding=\"async\" width=\"1600\" height=\"1067\" src=\"https:\/\/mills.no\/content\/uploads\/sites\/19\/2023\/06\/Cookies.jpg\" class=\"attachment-medium-large size-medium-large wp-post-image\" alt=\"Cookies\" srcset=\"https:\/\/mills.no\/content\/uploads\/sites\/19\/2023\/06\/Cookies.jpg 1600w, https:\/\/mills.no\/content\/uploads\/sites\/19\/2023\/06\/Cookies-300x200.jpg 300w, https:\/\/mills.no\/content\/uploads\/sites\/19\/2023\/06\/Cookies-1024x683.jpg 1024w, https:\/\/mills.no\/content\/uploads\/sites\/19\/2023\/06\/Cookies-768x512.jpg 768w, https:\/\/mills.no\/content\/uploads\/sites\/19\/2023\/06\/Cookies-1536x1024.jpg 1536w, https:\/\/mills.no\/content\/uploads\/sites\/19\/2023\/06\/Cookies-80x53.jpg 80w\" sizes=\"auto, (max-width: 1600px) 100vw, 1600px\" \/><\/figure>\n\n<div class=\"wp-block-group alignfull is-layout-flow wp-block-group-is-layout-flow\">\n\t<h2 class=\"t2-post-title wp-block-t2-post-title\">L\u00e6r \u00e5 lage cookies<\/h2>\n\t\n\t\t\t<div class=\"wp-block-mills-block-lecture-info\">\n\t\t\t\t<div class=\"mills-block-lectrue-info-item mills-block-lectrue-info-item--lectures_theme\">B\u00e6rekraft, Baking<\/div>\n\t\t\t\t<div class=\"mills-block-lectrue-info-item mills-block-lectrue-info-item--lectures_time\">KM1, KM2, KM6, KM7<\/div>\n\t\t\t<\/div>\n\t<div class=\"t2-post-excerpt wp-block-t2-post-excerpt\"><p>I dette undervisningsopplegget tester elevene \u00e5 lage cookies med ulike typer fett og l\u00e6rer hva som gir best resultat.<\/p><\/div>\n<\/div>\n\n<\/a>\n<\/div>\n<\/div>\n\n\t\t\t<\/div>\n\t\t<\/div>","protected":false},"excerpt":{"rendered":"<p>FeteFakta er et verkt\u00f8y for deg som underviser i Mat og helse p\u00e5 ungdomsskoletrinnet.<\/p>\n","protected":false},"author":12,"featured_media":587,"parent":0,"menu_order":0,"comment_status":"closed","ping_status":"closed","template":"","meta":{"_searchwp_excluded":"","hide_post_title":false,"footnotes":""},"class_list":["post-202","page","type-page","status-publish","has-post-thumbnail","hentry"],"yoast_head":"<!-- This site is optimized with the Yoast SEO Premium plugin v26.9 (Yoast SEO v26.9) - https:\/\/yoast.com\/product\/yoast-seo-premium-wordpress\/ -->\n<title>Hva er FeteFakta? - Fetafakta<\/title>\n<meta name=\"description\" content=\"FeteFakta er et verkt\u00f8y for deg som underviser i Mat og helse p\u00e5 ungdomsskoletrinnet, med m\u00e5l om \u00e5 bidra til l\u00e6rerike \u00f8kter p\u00e5 skolekj\u00f8kkenet.\" \/>\n<meta name=\"robots\" content=\"index, follow, max-snippet:-1, max-image-preview:large, max-video-preview:-1\" \/>\n<link rel=\"canonical\" href=\"https:\/\/mills.no\/fetefakta\/om-fetefakta\/\" \/>\n<meta property=\"og:locale\" content=\"nb_NO\" \/>\n<meta property=\"og:type\" content=\"article\" \/>\n<meta property=\"og:title\" content=\"Hva er FeteFakta?\" \/>\n<meta property=\"og:description\" content=\"FeteFakta er et verkt\u00f8y for deg som underviser i Mat og helse p\u00e5 ungdomsskoletrinnet, med m\u00e5l om \u00e5 bidra til l\u00e6rerike \u00f8kter p\u00e5 skolekj\u00f8kkenet.\" \/>\n<meta property=\"og:url\" content=\"https:\/\/mills.no\/fetefakta\/om-fetefakta\/\" \/>\n<meta property=\"og:site_name\" content=\"Fetafakta\" \/>\n<meta property=\"article:modified_time\" content=\"2024-02-07T08:17:33+00:00\" \/>\n<meta property=\"og:image\" content=\"https:\/\/mills.no\/content\/uploads\/sites\/19\/2023\/08\/Skolestart_uten_pack_hoyde_5464x8192-e1691576949548-1024x683.jpg\" \/>\n\t<meta property=\"og:image:width\" content=\"1024\" \/>\n\t<meta property=\"og:image:height\" content=\"683\" \/>\n\t<meta property=\"og:image:type\" content=\"image\/jpeg\" \/>\n<meta name=\"twitter:card\" content=\"summary_large_image\" \/>\n<meta name=\"twitter:label1\" content=\"Ansl. lesetid\" \/>\n\t<meta name=\"twitter:data1\" content=\"1 minutt\" \/>\n<script type=\"application\/ld+json\" class=\"yoast-schema-graph\">{\"@context\":\"https:\/\/schema.org\",\"@graph\":[{\"@type\":\"WebPage\",\"@id\":\"https:\/\/mills.no\/fetefakta\/om-fetefakta\/\",\"url\":\"https:\/\/mills.no\/fetefakta\/om-fetefakta\/\",\"name\":\"Hva er FeteFakta? - Fetafakta\",\"isPartOf\":{\"@id\":\"https:\/\/mills.no\/fetefakta\/#website\"},\"primaryImageOfPage\":{\"@id\":\"https:\/\/mills.no\/fetefakta\/om-fetefakta\/#primaryimage\"},\"image\":{\"@id\":\"https:\/\/mills.no\/fetefakta\/om-fetefakta\/#primaryimage\"},\"thumbnailUrl\":\"https:\/\/mills.no\/content\/uploads\/sites\/19\/2023\/08\/Skolestart_uten_pack_hoyde_5464x8192-e1691576949548.jpg\",\"datePublished\":\"2023-06-26T11:59:58+00:00\",\"dateModified\":\"2024-02-07T08:17:33+00:00\",\"description\":\"FeteFakta er et verkt\u00f8y for deg som underviser i Mat og helse p\u00e5 ungdomsskoletrinnet, med m\u00e5l om \u00e5 bidra til l\u00e6rerike \u00f8kter p\u00e5 skolekj\u00f8kkenet.\",\"breadcrumb\":{\"@id\":\"https:\/\/mills.no\/fetefakta\/om-fetefakta\/#breadcrumb\"},\"inLanguage\":\"nb-NO\",\"potentialAction\":[{\"@type\":\"ReadAction\",\"target\":[\"https:\/\/mills.no\/fetefakta\/om-fetefakta\/\"]}]},{\"@type\":\"ImageObject\",\"inLanguage\":\"nb-NO\",\"@id\":\"https:\/\/mills.no\/fetefakta\/om-fetefakta\/#primaryimage\",\"url\":\"https:\/\/mills.no\/content\/uploads\/sites\/19\/2023\/08\/Skolestart_uten_pack_hoyde_5464x8192-e1691576949548.jpg\",\"contentUrl\":\"https:\/\/mills.no\/content\/uploads\/sites\/19\/2023\/08\/Skolestart_uten_pack_hoyde_5464x8192-e1691576949548.jpg\",\"width\":8192,\"height\":5464},{\"@type\":\"BreadcrumbList\",\"@id\":\"https:\/\/mills.no\/fetefakta\/om-fetefakta\/#breadcrumb\",\"itemListElement\":[{\"@type\":\"ListItem\",\"position\":1,\"name\":\"Home\",\"item\":\"https:\/\/mills.no\/fetefakta\/\"},{\"@type\":\"ListItem\",\"position\":2,\"name\":\"Hva er FeteFakta?\"}]},{\"@type\":\"WebSite\",\"@id\":\"https:\/\/mills.no\/fetefakta\/#website\",\"url\":\"https:\/\/mills.no\/fetefakta\/\",\"name\":\"Fetafakta\",\"description\":\"Et undervisningsopplegg for mat og helse\",\"publisher\":{\"@id\":\"https:\/\/mills.no\/fetefakta\/#organization\"},\"potentialAction\":[{\"@type\":\"SearchAction\",\"target\":{\"@type\":\"EntryPoint\",\"urlTemplate\":\"https:\/\/mills.no\/fetefakta\/?s={search_term_string}\"},\"query-input\":{\"@type\":\"PropertyValueSpecification\",\"valueRequired\":true,\"valueName\":\"search_term_string\"}}],\"inLanguage\":\"nb-NO\"},{\"@type\":\"Organization\",\"@id\":\"https:\/\/mills.no\/fetefakta\/#organization\",\"name\":\"Fetafakta\",\"url\":\"https:\/\/mills.no\/fetefakta\/\",\"logo\":{\"@type\":\"ImageObject\",\"inLanguage\":\"nb-NO\",\"@id\":\"https:\/\/mills.no\/fetefakta\/#\/schema\/logo\/image\/\",\"url\":\"https:\/\/mills.no\/content\/uploads\/sites\/19\/2023\/04\/logo_white-1.svg\",\"contentUrl\":\"https:\/\/mills.no\/content\/uploads\/sites\/19\/2023\/04\/logo_white-1.svg\",\"caption\":\"Fetafakta\"},\"image\":{\"@id\":\"https:\/\/mills.no\/fetefakta\/#\/schema\/logo\/image\/\"}}]}<\/script>\n<!-- \/ Yoast SEO Premium plugin. -->","yoast_head_json":{"title":"Hva er FeteFakta? - Fetafakta","description":"FeteFakta er et verkt\u00f8y for deg som underviser i Mat og helse p\u00e5 ungdomsskoletrinnet, med m\u00e5l om \u00e5 bidra til l\u00e6rerike \u00f8kter p\u00e5 skolekj\u00f8kkenet.","robots":{"index":"index","follow":"follow","max-snippet":"max-snippet:-1","max-image-preview":"max-image-preview:large","max-video-preview":"max-video-preview:-1"},"canonical":"https:\/\/mills.no\/fetefakta\/om-fetefakta\/","og_locale":"nb_NO","og_type":"article","og_title":"Hva er FeteFakta?","og_description":"FeteFakta er et verkt\u00f8y for deg som underviser i Mat og helse p\u00e5 ungdomsskoletrinnet, med m\u00e5l om \u00e5 bidra til l\u00e6rerike \u00f8kter p\u00e5 skolekj\u00f8kkenet.","og_url":"https:\/\/mills.no\/fetefakta\/om-fetefakta\/","og_site_name":"Fetafakta","article_modified_time":"2024-02-07T08:17:33+00:00","og_image":[{"width":1024,"height":683,"url":"https:\/\/mills.no\/content\/uploads\/sites\/19\/2023\/08\/Skolestart_uten_pack_hoyde_5464x8192-e1691576949548-1024x683.jpg","type":"image\/jpeg"}],"twitter_card":"summary_large_image","twitter_misc":{"Ansl. lesetid":"1 minutt"},"schema":{"@context":"https:\/\/schema.org","@graph":[{"@type":"WebPage","@id":"https:\/\/mills.no\/fetefakta\/om-fetefakta\/","url":"https:\/\/mills.no\/fetefakta\/om-fetefakta\/","name":"Hva er FeteFakta? - Fetafakta","isPartOf":{"@id":"https:\/\/mills.no\/fetefakta\/#website"},"primaryImageOfPage":{"@id":"https:\/\/mills.no\/fetefakta\/om-fetefakta\/#primaryimage"},"image":{"@id":"https:\/\/mills.no\/fetefakta\/om-fetefakta\/#primaryimage"},"thumbnailUrl":"https:\/\/mills.no\/content\/uploads\/sites\/19\/2023\/08\/Skolestart_uten_pack_hoyde_5464x8192-e1691576949548.jpg","datePublished":"2023-06-26T11:59:58+00:00","dateModified":"2024-02-07T08:17:33+00:00","description":"FeteFakta er et verkt\u00f8y for deg som underviser i Mat og helse p\u00e5 ungdomsskoletrinnet, med m\u00e5l om \u00e5 bidra til l\u00e6rerike \u00f8kter p\u00e5 skolekj\u00f8kkenet.","breadcrumb":{"@id":"https:\/\/mills.no\/fetefakta\/om-fetefakta\/#breadcrumb"},"inLanguage":"nb-NO","potentialAction":[{"@type":"ReadAction","target":["https:\/\/mills.no\/fetefakta\/om-fetefakta\/"]}]},{"@type":"ImageObject","inLanguage":"nb-NO","@id":"https:\/\/mills.no\/fetefakta\/om-fetefakta\/#primaryimage","url":"https:\/\/mills.no\/content\/uploads\/sites\/19\/2023\/08\/Skolestart_uten_pack_hoyde_5464x8192-e1691576949548.jpg","contentUrl":"https:\/\/mills.no\/content\/uploads\/sites\/19\/2023\/08\/Skolestart_uten_pack_hoyde_5464x8192-e1691576949548.jpg","width":8192,"height":5464},{"@type":"BreadcrumbList","@id":"https:\/\/mills.no\/fetefakta\/om-fetefakta\/#breadcrumb","itemListElement":[{"@type":"ListItem","position":1,"name":"Home","item":"https:\/\/mills.no\/fetefakta\/"},{"@type":"ListItem","position":2,"name":"Hva er FeteFakta?"}]},{"@type":"WebSite","@id":"https:\/\/mills.no\/fetefakta\/#website","url":"https:\/\/mills.no\/fetefakta\/","name":"Fetafakta","description":"Et undervisningsopplegg for mat og helse","publisher":{"@id":"https:\/\/mills.no\/fetefakta\/#organization"},"potentialAction":[{"@type":"SearchAction","target":{"@type":"EntryPoint","urlTemplate":"https:\/\/mills.no\/fetefakta\/?s={search_term_string}"},"query-input":{"@type":"PropertyValueSpecification","valueRequired":true,"valueName":"search_term_string"}}],"inLanguage":"nb-NO"},{"@type":"Organization","@id":"https:\/\/mills.no\/fetefakta\/#organization","name":"Fetafakta","url":"https:\/\/mills.no\/fetefakta\/","logo":{"@type":"ImageObject","inLanguage":"nb-NO","@id":"https:\/\/mills.no\/fetefakta\/#\/schema\/logo\/image\/","url":"https:\/\/mills.no\/content\/uploads\/sites\/19\/2023\/04\/logo_white-1.svg","contentUrl":"https:\/\/mills.no\/content\/uploads\/sites\/19\/2023\/04\/logo_white-1.svg","caption":"Fetafakta"},"image":{"@id":"https:\/\/mills.no\/fetefakta\/#\/schema\/logo\/image\/"}}]}},"_links":{"self":[{"href":"https:\/\/mills.no\/fetefakta\/wp-json\/wp\/v2\/pages\/202","targetHints":{"allow":["GET"]}}],"collection":[{"href":"https:\/\/mills.no\/fetefakta\/wp-json\/wp\/v2\/pages"}],"about":[{"href":"https:\/\/mills.no\/fetefakta\/wp-json\/wp\/v2\/types\/page"}],"author":[{"embeddable":true,"href":"https:\/\/mills.no\/fetefakta\/wp-json\/wp\/v2\/users\/12"}],"replies":[{"embeddable":true,"href":"https:\/\/mills.no\/fetefakta\/wp-json\/wp\/v2\/comments?post=202"}],"version-history":[{"count":11,"href":"https:\/\/mills.no\/fetefakta\/wp-json\/wp\/v2\/pages\/202\/revisions"}],"predecessor-version":[{"id":1001,"href":"https:\/\/mills.no\/fetefakta\/wp-json\/wp\/v2\/pages\/202\/revisions\/1001"}],"wp:featuredmedia":[{"embeddable":true,"href":"https:\/\/mills.no\/fetefakta\/wp-json\/wp\/v2\/media\/587"}],"wp:attachment":[{"href":"https:\/\/mills.no\/fetefakta\/wp-json\/wp\/v2\/media?parent=202"}],"curies":[{"name":"wp","href":"https:\/\/api.w.org\/{rel}","templated":true}]}}