{"id":295,"date":"2023-07-06T10:52:44","date_gmt":"2023-07-06T10:52:44","guid":{"rendered":"https:\/\/mills.no\/fetefakta\/?page_id=295"},"modified":"2024-02-07T08:17:33","modified_gmt":"2024-02-07T08:17:33","slug":"hvordan-bruke-fetefakta","status":"publish","type":"page","link":"https:\/\/mills.no\/fetefakta\/hvordan-bruke-fetefakta\/","title":{"rendered":"Hvordan bruke FeteFakta?"},"content":{"rendered":"<div class=\"mills-block-featured alignwide alignwide wp-block-mills-block-featured\"><img loading=\"lazy\" decoding=\"async\" width=\"1920\" height=\"1280\" style=\"width:100%;height:100%;object-fit:cover\" src=\"https:\/\/mills.no\/content\/uploads\/sites\/19\/2023\/07\/Hender-og-laptop.jpg\" class=\"wp-block-cover__image-background\" alt=\"Hender som skriver p\u00e5 laptop\" srcset=\"https:\/\/mills.no\/content\/uploads\/sites\/19\/2023\/07\/Hender-og-laptop.jpg 1920w, https:\/\/mills.no\/content\/uploads\/sites\/19\/2023\/07\/Hender-og-laptop-300x200.jpg 300w, https:\/\/mills.no\/content\/uploads\/sites\/19\/2023\/07\/Hender-og-laptop-1024x683.jpg 1024w, https:\/\/mills.no\/content\/uploads\/sites\/19\/2023\/07\/Hender-og-laptop-768x512.jpg 768w, https:\/\/mills.no\/content\/uploads\/sites\/19\/2023\/07\/Hender-og-laptop-1536x1024.jpg 1536w, https:\/\/mills.no\/content\/uploads\/sites\/19\/2023\/07\/Hender-og-laptop-80x53.jpg 80w\" sizes=\"auto, (max-width: 1920px) 100vw, 1920px\" \/><div class=\"wp-block-cover__inner-container\">\n<h1 class=\"has-text-align-center wp-block-post-title has-text-color has-neutral-1000-color\">Hvordan bruke FeteFakta?<\/h1>\n\n<p class=\"t2-ingress has-text-align-center align wp-block-t2-ingress\">Her finner du informasjon om hvordan vi har utarbeidet undervisningsoppleggene og hvordan de kan gjennomf\u00f8res.<\/p>\n<\/div><\/div>\n\n\n\t\t<div class=\"has-background has-neutral-0-background-color is-style-vertical-spacing alignwide is-section-text wp-block-mills-section has-background has-neutral-0-background-color\">\n\t\t\t<div class=\"wp-block-mills-section__inner aligncenter\">\n\t\t\t\t\n\n<p>\u00c5 lage mat er g\u00f8y! Vi har etter beste evne funnet frem til temaer, aktiviteter og matretter som gj\u00f8r at undervisningen blir engasjerende og l\u00e6rerik. V\u00e5rt m\u00e5l er \u00e5 inspirere til mer matglede ved at elevene skal lage mat fra bunnen av, bli kjent med ulike r\u00e5varer, og oppleve mestring.<\/p>\n\n\n\n<p>Undervisningsoppleggene har ulike temaer som er valgt ut ifra kompetansem\u00e5lene i faget og kostholdsr\u00e5dene til helsemyndighetene. Det er enkelt \u00e5 s\u00f8ke seg frem til \u00f8nsket tema ved bruk av s\u00f8kefeltet p\u00e5 siden, eller temaknappene.<\/p>\n\n\n\n<figure class=\"wp-block-image size-large\"><img loading=\"lazy\" decoding=\"async\" width=\"1024\" height=\"420\" src=\"https:\/\/mills.no\/content\/uploads\/sites\/19\/2023\/07\/FeteFakta-kategori-1024x420.jpg\" alt=\"\" class=\"wp-image-297\" srcset=\"https:\/\/mills.no\/content\/uploads\/sites\/19\/2023\/07\/FeteFakta-kategori-1024x420.jpg 1024w, https:\/\/mills.no\/content\/uploads\/sites\/19\/2023\/07\/FeteFakta-kategori-300x123.jpg 300w, https:\/\/mills.no\/content\/uploads\/sites\/19\/2023\/07\/FeteFakta-kategori-768x315.jpg 768w, https:\/\/mills.no\/content\/uploads\/sites\/19\/2023\/07\/FeteFakta-kategori-80x33.jpg 80w, https:\/\/mills.no\/content\/uploads\/sites\/19\/2023\/07\/FeteFakta-kategori.jpg 1041w\" sizes=\"auto, (max-width: 1024px) 100vw, 1024px\" \/><\/figure>\n\n\n\n<p>Undervisningsoppleggene er bygget opp i tre deler:<\/p>\n\n\n\n<ol type=\"1\" class=\"is-style-list-bg-primary wp-block-list\"><li>Teori<\/li><li>Praktisk matlaging<\/li><li>Matglede og refleksjon<\/li><\/ol>\n\n\n\n<p>Balansen mellom teori og praksis vil variere noe, men Mat og helse er et praktisk fag, og det vil derfor alltid v\u00e6re forslag til flere relevante oppskrifter innenfor hvert undervisningsopplegg.<\/p>\n\n\n\n<p>Det skal v\u00e6re enkelt \u00e5 bruke FeteFakta, og undervisningsoppleggene kan gjennomf\u00f8res helt uavhengig av hverandre.<\/p>\n\n\n\n<p>Vi kan friste med undervisningsopplegg som kan inspirere til \u00e5 smake p\u00e5 nye retter med fisk, som kombinerer tacofredag med klimaavtrykk, som gj\u00f8r at det blir enklere \u00e5 spise gr\u00f8nnere, og som kan heve elevenes kunnskap om fett.<\/p>\n\n\n\n\t\t<div class=\"t2-factbox wp-block-t2-factbox has-background has-secondary-background-color\" id=\"t2-factbox\">\n\t\t\t<div class=\"t2-factbox__content\">\n\t\t\t\t<div class=\"t2-factbox__blocks t2-factbox__inner-container is-layout-flow\">\n\t\t\t\t\t\n\n<p>FeteFakta er en plattform i utvikling, og vi setter stor pris p\u00e5 tilbakemeldinger. S\u00e5 send oss gjerne en <a href=\"mailto:fetefakta@mills.no\"><strong>mail<\/strong> <\/a>med din opplevelse, om det er noe du savner eller \u00f8nsker mer av.<\/p>\n\n\n\t\t\t\t<\/div>\n\t\t\t\t\n\t\t\t<\/div>\n\t\t\t\n\t\t<\/div>\n\n\n<div class=\"wp-block-buttons is-layout-flex wp-block-buttons-is-layout-flex\">\n<div class=\"wp-block-button\"><a class=\"wp-block-button__link\" href=\"https:\/\/mills.no\/fetefakta\/undervisningsopplegg-for-mat-og-helse\/\">Se alle undervisningsopplegg her<\/a><\/div>\n<\/div>\n\n\n\t\t\t<\/div>\n\t\t<\/div>\n\n\n\t\t<div class=\"has-background has-primary-light-background-color is-style-vertical-spacing is-style-horizontal-spacing alignwide is-section-text wp-block-mills-section has-background has-primary-light-background-color\">\n\t\t\t<div class=\"wp-block-mills-section__inner alignwide\">\n\t\t\t\t\n\n<h3 class=\"wp-block-heading\" id=\"h-relatert-innhold\">Relatert innhold<\/h3>\n\n\n<div class=\"t2-featured-content-layout alignwide alignwide wp-block-t2-featured-content-layout\" role=\"list\">\n<div class=\"t2-featured-single-post t2-featured-content is-post-type-page wp-block-t2-featured-single-post t2-featured-content-layout-col-12\" role=\"listitem\"><a class=\"t2-post-link wp-block-t2-post-link\" href=\"https:\/\/mills.no\/fetefakta\/om-fetefakta\/\">\n<figure style=\"--t2-focal-point: 50% 50%;\" class=\"t2-post-featured-image has-image-ratio-16-9 wp-block-t2-post-featured-image\"><img loading=\"lazy\" decoding=\"async\" width=\"8192\" height=\"5464\" src=\"https:\/\/mills.no\/content\/uploads\/sites\/19\/2023\/08\/Skolestart_uten_pack_hoyde_5464x8192-e1691576949548.jpg\" class=\"attachment-medium-large size-medium-large wp-post-image\" alt=\"\" srcset=\"https:\/\/mills.no\/content\/uploads\/sites\/19\/2023\/08\/Skolestart_uten_pack_hoyde_5464x8192-e1691576949548.jpg 8192w, https:\/\/mills.no\/content\/uploads\/sites\/19\/2023\/08\/Skolestart_uten_pack_hoyde_5464x8192-e1691576949548-300x200.jpg 300w, https:\/\/mills.no\/content\/uploads\/sites\/19\/2023\/08\/Skolestart_uten_pack_hoyde_5464x8192-e1691576949548-1024x683.jpg 1024w, https:\/\/mills.no\/content\/uploads\/sites\/19\/2023\/08\/Skolestart_uten_pack_hoyde_5464x8192-e1691576949548-768x512.jpg 768w, https:\/\/mills.no\/content\/uploads\/sites\/19\/2023\/08\/Skolestart_uten_pack_hoyde_5464x8192-e1691576949548-1536x1025.jpg 1536w, https:\/\/mills.no\/content\/uploads\/sites\/19\/2023\/08\/Skolestart_uten_pack_hoyde_5464x8192-e1691576949548-2048x1366.jpg 2048w, https:\/\/mills.no\/content\/uploads\/sites\/19\/2023\/08\/Skolestart_uten_pack_hoyde_5464x8192-e1691576949548-80x53.jpg 80w\" sizes=\"auto, (max-width: 8192px) 100vw, 8192px\" \/><\/figure>\n\n<div class=\"wp-block-group alignfull is-layout-flow wp-block-group-is-layout-flow\">\n\t<h2 class=\"t2-post-title wp-block-t2-post-title\">Hva er FeteFakta?<\/h2>\n\t<div class=\"t2-post-excerpt wp-block-t2-post-excerpt\"><p>FeteFakta er et verkt\u00f8y for deg som underviser i Mat og helse p\u00e5 ungdomsskoletrinnet.<\/p><\/div>\n\t\n\t<p class=\"wp-block-buttons is-content-justification-center\"><span class=\"wp-block-button is-style-arrow-right\"><span class=\"wp-block-button__link\">Mer om<\/span><\/span><\/p>\n\t\n<\/div>\n\n<\/a>\n<\/div>\n\n<div class=\"t2-featured-single-post t2-featured-content is-post-type-lectures lectures_theme-fett wp-block-t2-featured-single-post has-background has-neutral-0-background-color\" role=\"listitem\"><a class=\"t2-post-link wp-block-t2-post-link\" href=\"https:\/\/mills.no\/fetefakta\/undervisningsopplegg-for-mat-og-helse\/mester-pa-fett\/\"> \n<figure style=\"--t2-focal-point: 50% 50%;\" class=\"t2-post-featured-image has-image-ratio-16-9 wp-block-t2-post-featured-image\"><img loading=\"lazy\" decoding=\"async\" width=\"1920\" height=\"1280\" src=\"https:\/\/mills.no\/content\/uploads\/sites\/19\/2023\/07\/Illustrasjon-pa-fett.jpg\" class=\"attachment-medium-large size-medium-large wp-post-image\" alt=\"Sunt fett illustrert med r\u00e5varer\" srcset=\"https:\/\/mills.no\/content\/uploads\/sites\/19\/2023\/07\/Illustrasjon-pa-fett.jpg 1920w, https:\/\/mills.no\/content\/uploads\/sites\/19\/2023\/07\/Illustrasjon-pa-fett-300x200.jpg 300w, https:\/\/mills.no\/content\/uploads\/sites\/19\/2023\/07\/Illustrasjon-pa-fett-1024x683.jpg 1024w, https:\/\/mills.no\/content\/uploads\/sites\/19\/2023\/07\/Illustrasjon-pa-fett-768x512.jpg 768w, https:\/\/mills.no\/content\/uploads\/sites\/19\/2023\/07\/Illustrasjon-pa-fett-1536x1024.jpg 1536w, https:\/\/mills.no\/content\/uploads\/sites\/19\/2023\/07\/Illustrasjon-pa-fett-80x53.jpg 80w\" sizes=\"auto, (max-width: 1920px) 100vw, 1920px\" \/><\/figure>\n\n<div class=\"wp-block-group alignfull is-layout-flow wp-block-group-is-layout-flow\">\n\t<h2 class=\"t2-post-title wp-block-t2-post-title\">Grunnleggende om fett<\/h2>\n\t\n\t\t\t<div class=\"wp-block-mills-block-lecture-info\">\n\t\t\t\t<div class=\"mills-block-lectrue-info-item mills-block-lectrue-info-item--lectures_theme\">Fett<\/div>\n\t\t\t\t\n\t\t\t<\/div>\n\t<div class=\"t2-post-excerpt wp-block-t2-post-excerpt\"><p>I dette undervisningsopplegget dykker vi ned i n\u00e6ringsstoffet fett. Opplegget fokuserer hovedsakelig p\u00e5 teori, krydret med filmer og noen praktiske&hellip;<\/p><\/div>\n<\/div>\n\n<\/a>\n<\/div>\n\n<div class=\"t2-featured-single-post t2-featured-content is-post-type-lectures lectures_theme-fett wp-block-t2-featured-single-post has-background has-neutral-0-background-color\" role=\"listitem\"><a class=\"t2-post-link wp-block-t2-post-link\" href=\"https:\/\/mills.no\/fetefakta\/undervisningsopplegg-for-mat-og-helse\/fett-vett-regler\/\"> \n<figure style=\"--t2-focal-point: 50% 50%;\" class=\"t2-post-featured-image has-image-ratio-16-9 wp-block-t2-post-featured-image\"><img loading=\"lazy\" decoding=\"async\" width=\"1600\" height=\"1067\" src=\"https:\/\/mills.no\/content\/uploads\/sites\/19\/2023\/06\/Vafler-uten-vaffeljern.jpg\" class=\"attachment-medium-large size-medium-large wp-post-image\" alt=\"\" srcset=\"https:\/\/mills.no\/content\/uploads\/sites\/19\/2023\/06\/Vafler-uten-vaffeljern.jpg 1600w, https:\/\/mills.no\/content\/uploads\/sites\/19\/2023\/06\/Vafler-uten-vaffeljern-300x200.jpg 300w, https:\/\/mills.no\/content\/uploads\/sites\/19\/2023\/06\/Vafler-uten-vaffeljern-1024x683.jpg 1024w, https:\/\/mills.no\/content\/uploads\/sites\/19\/2023\/06\/Vafler-uten-vaffeljern-768x512.jpg 768w, https:\/\/mills.no\/content\/uploads\/sites\/19\/2023\/06\/Vafler-uten-vaffeljern-1536x1024.jpg 1536w, https:\/\/mills.no\/content\/uploads\/sites\/19\/2023\/06\/Vafler-uten-vaffeljern-80x53.jpg 80w\" sizes=\"auto, (max-width: 1600px) 100vw, 1600px\" \/><\/figure>\n\n<div class=\"wp-block-group alignfull is-layout-flow wp-block-group-is-layout-flow\">\n\t<h2 class=\"t2-post-title wp-block-t2-post-title\">L\u00e6r \u00e5 steke med ulike typer fett<\/h2>\n\t\n\t\t\t<div class=\"wp-block-mills-block-lecture-info\">\n\t\t\t\t<div class=\"mills-block-lectrue-info-item mills-block-lectrue-info-item--lectures_theme\">Fett<\/div>\n\t\t\t\t\n\t\t\t<\/div>\n\t<div class=\"t2-post-excerpt wp-block-t2-post-excerpt\"><p>I dette undervisningsopplegget skal elevene erfare hvilken type fett som egner seg til \u00e5 steke ulike r\u00e5varer i og med&hellip;<\/p><\/div>\n<\/div>\n\n<\/a>\n<\/div>\n\n<div class=\"t2-featured-single-post t2-featured-content is-post-type-lectures lectures_time-km1 lectures_time-km2 lectures_time-km6 lectures_theme-baerekraft wp-block-t2-featured-single-post has-background has-neutral-0-background-color\" role=\"listitem\"><a class=\"t2-post-link wp-block-t2-post-link\" href=\"https:\/\/mills.no\/fetefakta\/undervisningsopplegg-for-mat-og-helse\/en-baerekraftig-taco\/\"> \n<figure style=\"--t2-focal-point: 50% 50%;\" class=\"t2-post-featured-image has-image-ratio-16-9 wp-block-t2-post-featured-image\"><img loading=\"lazy\" decoding=\"async\" width=\"2000\" height=\"1333\" src=\"https:\/\/mills.no\/content\/uploads\/sites\/19\/2023\/06\/Taco_ingredienser.jpg\" class=\"attachment-medium-large size-medium-large wp-post-image\" alt=\"Tacoingredienser\" srcset=\"https:\/\/mills.no\/content\/uploads\/sites\/19\/2023\/06\/Taco_ingredienser.jpg 2000w, https:\/\/mills.no\/content\/uploads\/sites\/19\/2023\/06\/Taco_ingredienser-300x200.jpg 300w, https:\/\/mills.no\/content\/uploads\/sites\/19\/2023\/06\/Taco_ingredienser-1024x682.jpg 1024w, https:\/\/mills.no\/content\/uploads\/sites\/19\/2023\/06\/Taco_ingredienser-768x512.jpg 768w, https:\/\/mills.no\/content\/uploads\/sites\/19\/2023\/06\/Taco_ingredienser-1536x1024.jpg 1536w, https:\/\/mills.no\/content\/uploads\/sites\/19\/2023\/06\/Taco_ingredienser-80x53.jpg 80w\" sizes=\"auto, (max-width: 2000px) 100vw, 2000px\" \/><\/figure>\n\n<div class=\"wp-block-group alignfull is-layout-flow wp-block-group-is-layout-flow\">\n\t<h2 class=\"t2-post-title wp-block-t2-post-title\">L\u00e6r \u00e5 lage en mer b\u00e6rekraftig taco<\/h2>\n\t\n\t\t\t<div class=\"wp-block-mills-block-lecture-info\">\n\t\t\t\t<div class=\"mills-block-lectrue-info-item mills-block-lectrue-info-item--lectures_theme\">B\u00e6rekraft<\/div>\n\t\t\t\t<div class=\"mills-block-lectrue-info-item mills-block-lectrue-info-item--lectures_time\">KM1, KM2, KM6<\/div>\n\t\t\t<\/div>\n\t<div class=\"t2-post-excerpt wp-block-t2-post-excerpt\"><p>I dette undervisningsopplegget ser vi p\u00e5 en av Norges mest spise middager, nemlig taco. Elevene skal bli kjent med hvilken&hellip;<\/p><\/div>\n<\/div>\n\n<\/a>\n<\/div>\n<\/div>\n\n\t\t\t<\/div>\n\t\t<\/div>","protected":false},"excerpt":{"rendered":"<p>Her finner du informasjon om hvordan vi har utarbeidet undervisningsoppleggene og hvordan de kan gjennomf\u00f8res.<\/p>\n","protected":false},"author":12,"featured_media":463,"parent":0,"menu_order":0,"comment_status":"closed","ping_status":"closed","template":"","meta":{"_searchwp_excluded":"","hide_post_title":false,"footnotes":""},"class_list":["post-295","page","type-page","status-publish","has-post-thumbnail","hentry"],"yoast_head":"<!-- This site is optimized with the Yoast SEO Premium plugin v26.9 (Yoast SEO v26.9) - https:\/\/yoast.com\/product\/yoast-seo-premium-wordpress\/ -->\n<title>Hvordan bruke FeteFakta? - Fetafakta<\/title>\n<meta name=\"robots\" content=\"index, follow, max-snippet:-1, max-image-preview:large, max-video-preview:-1\" \/>\n<link rel=\"canonical\" href=\"https:\/\/mills.no\/fetefakta\/hvordan-bruke-fetefakta\/\" \/>\n<meta property=\"og:locale\" content=\"nb_NO\" \/>\n<meta property=\"og:type\" content=\"article\" \/>\n<meta property=\"og:title\" content=\"Hvordan bruke FeteFakta?\" \/>\n<meta property=\"og:description\" content=\"Her finner du informasjon om hvordan vi har utarbeidet undervisningsoppleggene og hvordan de kan gjennomf\u00f8res.\" \/>\n<meta property=\"og:url\" content=\"https:\/\/mills.no\/fetefakta\/hvordan-bruke-fetefakta\/\" \/>\n<meta property=\"og:site_name\" content=\"Fetafakta\" \/>\n<meta property=\"article:modified_time\" content=\"2024-02-07T08:17:33+00:00\" \/>\n<meta property=\"og:image\" content=\"https:\/\/mills.no\/content\/uploads\/sites\/19\/2023\/07\/Hender-og-laptop.jpg\" \/>\n\t<meta property=\"og:image:width\" content=\"1920\" \/>\n\t<meta property=\"og:image:height\" content=\"1280\" \/>\n\t<meta property=\"og:image:type\" content=\"image\/jpeg\" \/>\n<meta name=\"twitter:card\" content=\"summary_large_image\" \/>\n<meta name=\"twitter:label1\" content=\"Ansl. lesetid\" \/>\n\t<meta name=\"twitter:data1\" content=\"2 minutter\" \/>\n<script type=\"application\/ld+json\" class=\"yoast-schema-graph\">{\"@context\":\"https:\/\/schema.org\",\"@graph\":[{\"@type\":\"WebPage\",\"@id\":\"https:\/\/mills.no\/fetefakta\/hvordan-bruke-fetefakta\/\",\"url\":\"https:\/\/mills.no\/fetefakta\/hvordan-bruke-fetefakta\/\",\"name\":\"Hvordan bruke FeteFakta? - Fetafakta\",\"isPartOf\":{\"@id\":\"https:\/\/mills.no\/fetefakta\/#website\"},\"primaryImageOfPage\":{\"@id\":\"https:\/\/mills.no\/fetefakta\/hvordan-bruke-fetefakta\/#primaryimage\"},\"image\":{\"@id\":\"https:\/\/mills.no\/fetefakta\/hvordan-bruke-fetefakta\/#primaryimage\"},\"thumbnailUrl\":\"https:\/\/mills.no\/content\/uploads\/sites\/19\/2023\/07\/Hender-og-laptop.jpg\",\"datePublished\":\"2023-07-06T10:52:44+00:00\",\"dateModified\":\"2024-02-07T08:17:33+00:00\",\"breadcrumb\":{\"@id\":\"https:\/\/mills.no\/fetefakta\/hvordan-bruke-fetefakta\/#breadcrumb\"},\"inLanguage\":\"nb-NO\",\"potentialAction\":[{\"@type\":\"ReadAction\",\"target\":[\"https:\/\/mills.no\/fetefakta\/hvordan-bruke-fetefakta\/\"]}]},{\"@type\":\"ImageObject\",\"inLanguage\":\"nb-NO\",\"@id\":\"https:\/\/mills.no\/fetefakta\/hvordan-bruke-fetefakta\/#primaryimage\",\"url\":\"https:\/\/mills.no\/content\/uploads\/sites\/19\/2023\/07\/Hender-og-laptop.jpg\",\"contentUrl\":\"https:\/\/mills.no\/content\/uploads\/sites\/19\/2023\/07\/Hender-og-laptop.jpg\",\"width\":1920,\"height\":1280,\"caption\":\"Hender som skriver p\u00e5 laptop\"},{\"@type\":\"BreadcrumbList\",\"@id\":\"https:\/\/mills.no\/fetefakta\/hvordan-bruke-fetefakta\/#breadcrumb\",\"itemListElement\":[{\"@type\":\"ListItem\",\"position\":1,\"name\":\"Home\",\"item\":\"https:\/\/mills.no\/fetefakta\/\"},{\"@type\":\"ListItem\",\"position\":2,\"name\":\"Hvordan bruke FeteFakta?\"}]},{\"@type\":\"WebSite\",\"@id\":\"https:\/\/mills.no\/fetefakta\/#website\",\"url\":\"https:\/\/mills.no\/fetefakta\/\",\"name\":\"Fetafakta\",\"description\":\"Et undervisningsopplegg for mat og helse\",\"publisher\":{\"@id\":\"https:\/\/mills.no\/fetefakta\/#organization\"},\"potentialAction\":[{\"@type\":\"SearchAction\",\"target\":{\"@type\":\"EntryPoint\",\"urlTemplate\":\"https:\/\/mills.no\/fetefakta\/?s={search_term_string}\"},\"query-input\":{\"@type\":\"PropertyValueSpecification\",\"valueRequired\":true,\"valueName\":\"search_term_string\"}}],\"inLanguage\":\"nb-NO\"},{\"@type\":\"Organization\",\"@id\":\"https:\/\/mills.no\/fetefakta\/#organization\",\"name\":\"Fetafakta\",\"url\":\"https:\/\/mills.no\/fetefakta\/\",\"logo\":{\"@type\":\"ImageObject\",\"inLanguage\":\"nb-NO\",\"@id\":\"https:\/\/mills.no\/fetefakta\/#\/schema\/logo\/image\/\",\"url\":\"https:\/\/mills.no\/content\/uploads\/sites\/19\/2023\/04\/logo_white-1.svg\",\"contentUrl\":\"https:\/\/mills.no\/content\/uploads\/sites\/19\/2023\/04\/logo_white-1.svg\",\"caption\":\"Fetafakta\"},\"image\":{\"@id\":\"https:\/\/mills.no\/fetefakta\/#\/schema\/logo\/image\/\"}}]}<\/script>\n<!-- \/ Yoast SEO Premium plugin. -->","yoast_head_json":{"title":"Hvordan bruke FeteFakta? - Fetafakta","robots":{"index":"index","follow":"follow","max-snippet":"max-snippet:-1","max-image-preview":"max-image-preview:large","max-video-preview":"max-video-preview:-1"},"canonical":"https:\/\/mills.no\/fetefakta\/hvordan-bruke-fetefakta\/","og_locale":"nb_NO","og_type":"article","og_title":"Hvordan bruke FeteFakta?","og_description":"Her finner du informasjon om hvordan vi har utarbeidet undervisningsoppleggene og hvordan de kan gjennomf\u00f8res.","og_url":"https:\/\/mills.no\/fetefakta\/hvordan-bruke-fetefakta\/","og_site_name":"Fetafakta","article_modified_time":"2024-02-07T08:17:33+00:00","og_image":[{"width":1920,"height":1280,"url":"https:\/\/mills.no\/content\/uploads\/sites\/19\/2023\/07\/Hender-og-laptop.jpg","type":"image\/jpeg"}],"twitter_card":"summary_large_image","twitter_misc":{"Ansl. lesetid":"2 minutter"},"schema":{"@context":"https:\/\/schema.org","@graph":[{"@type":"WebPage","@id":"https:\/\/mills.no\/fetefakta\/hvordan-bruke-fetefakta\/","url":"https:\/\/mills.no\/fetefakta\/hvordan-bruke-fetefakta\/","name":"Hvordan bruke FeteFakta? - Fetafakta","isPartOf":{"@id":"https:\/\/mills.no\/fetefakta\/#website"},"primaryImageOfPage":{"@id":"https:\/\/mills.no\/fetefakta\/hvordan-bruke-fetefakta\/#primaryimage"},"image":{"@id":"https:\/\/mills.no\/fetefakta\/hvordan-bruke-fetefakta\/#primaryimage"},"thumbnailUrl":"https:\/\/mills.no\/content\/uploads\/sites\/19\/2023\/07\/Hender-og-laptop.jpg","datePublished":"2023-07-06T10:52:44+00:00","dateModified":"2024-02-07T08:17:33+00:00","breadcrumb":{"@id":"https:\/\/mills.no\/fetefakta\/hvordan-bruke-fetefakta\/#breadcrumb"},"inLanguage":"nb-NO","potentialAction":[{"@type":"ReadAction","target":["https:\/\/mills.no\/fetefakta\/hvordan-bruke-fetefakta\/"]}]},{"@type":"ImageObject","inLanguage":"nb-NO","@id":"https:\/\/mills.no\/fetefakta\/hvordan-bruke-fetefakta\/#primaryimage","url":"https:\/\/mills.no\/content\/uploads\/sites\/19\/2023\/07\/Hender-og-laptop.jpg","contentUrl":"https:\/\/mills.no\/content\/uploads\/sites\/19\/2023\/07\/Hender-og-laptop.jpg","width":1920,"height":1280,"caption":"Hender som skriver p\u00e5 laptop"},{"@type":"BreadcrumbList","@id":"https:\/\/mills.no\/fetefakta\/hvordan-bruke-fetefakta\/#breadcrumb","itemListElement":[{"@type":"ListItem","position":1,"name":"Home","item":"https:\/\/mills.no\/fetefakta\/"},{"@type":"ListItem","position":2,"name":"Hvordan bruke FeteFakta?"}]},{"@type":"WebSite","@id":"https:\/\/mills.no\/fetefakta\/#website","url":"https:\/\/mills.no\/fetefakta\/","name":"Fetafakta","description":"Et undervisningsopplegg for mat og helse","publisher":{"@id":"https:\/\/mills.no\/fetefakta\/#organization"},"potentialAction":[{"@type":"SearchAction","target":{"@type":"EntryPoint","urlTemplate":"https:\/\/mills.no\/fetefakta\/?s={search_term_string}"},"query-input":{"@type":"PropertyValueSpecification","valueRequired":true,"valueName":"search_term_string"}}],"inLanguage":"nb-NO"},{"@type":"Organization","@id":"https:\/\/mills.no\/fetefakta\/#organization","name":"Fetafakta","url":"https:\/\/mills.no\/fetefakta\/","logo":{"@type":"ImageObject","inLanguage":"nb-NO","@id":"https:\/\/mills.no\/fetefakta\/#\/schema\/logo\/image\/","url":"https:\/\/mills.no\/content\/uploads\/sites\/19\/2023\/04\/logo_white-1.svg","contentUrl":"https:\/\/mills.no\/content\/uploads\/sites\/19\/2023\/04\/logo_white-1.svg","caption":"Fetafakta"},"image":{"@id":"https:\/\/mills.no\/fetefakta\/#\/schema\/logo\/image\/"}}]}},"_links":{"self":[{"href":"https:\/\/mills.no\/fetefakta\/wp-json\/wp\/v2\/pages\/295","targetHints":{"allow":["GET"]}}],"collection":[{"href":"https:\/\/mills.no\/fetefakta\/wp-json\/wp\/v2\/pages"}],"about":[{"href":"https:\/\/mills.no\/fetefakta\/wp-json\/wp\/v2\/types\/page"}],"author":[{"embeddable":true,"href":"https:\/\/mills.no\/fetefakta\/wp-json\/wp\/v2\/users\/12"}],"replies":[{"embeddable":true,"href":"https:\/\/mills.no\/fetefakta\/wp-json\/wp\/v2\/comments?post=295"}],"version-history":[{"count":9,"href":"https:\/\/mills.no\/fetefakta\/wp-json\/wp\/v2\/pages\/295\/revisions"}],"predecessor-version":[{"id":999,"href":"https:\/\/mills.no\/fetefakta\/wp-json\/wp\/v2\/pages\/295\/revisions\/999"}],"wp:featuredmedia":[{"embeddable":true,"href":"https:\/\/mills.no\/fetefakta\/wp-json\/wp\/v2\/media\/463"}],"wp:attachment":[{"href":"https:\/\/mills.no\/fetefakta\/wp-json\/wp\/v2\/media?parent=295"}],"curies":[{"name":"wp","href":"https:\/\/api.w.org\/{rel}","templated":true}]}}