{"id":46,"date":"2024-11-01T14:05:08","date_gmt":"2024-11-01T13:05:08","guid":{"rendered":"https:\/\/mills.no\/industri\/?page_id=46"},"modified":"2025-02-04T09:10:50","modified_gmt":"2025-02-04T08:10:50","slug":"mills-en-viktig-leverandor-for-industri","status":"publish","type":"page","link":"https:\/\/mills.no\/industri\/","title":{"rendered":"Kjente produkter til industri og bakeri"},"content":{"rendered":"\n\t\t<div class=\"has-background has-neutral-0-background-color is-style-vertical-spacing alignfull is-section-text wp-block-mills-section has-background has-neutral-0-background-color\">\n\t\t\t<div class=\"wp-block-mills-section__inner alignwide\">\n\t\t\t\t\n\n<div class=\"wp-block-media-text alignfull is-stacked-on-mobile is-image-fill has-secondary-background-color has-background\" style=\"grid-template-columns:41% auto\"><figure class=\"wp-block-media-text__media\" style=\"background-image:url(https:\/\/mills.no\/content\/uploads\/sites\/21\/2024\/11\/AdobeStock_297004128-1024x683.jpeg);background-position:53% 48%\"><img loading=\"lazy\" decoding=\"async\" width=\"1024\" height=\"683\" src=\"https:\/\/mills.no\/content\/uploads\/sites\/21\/2024\/11\/AdobeStock_297004128-1024x683.jpeg\" alt=\"rundstykker f\u00f8r baking\" class=\"wp-image-42 size-full\" srcset=\"https:\/\/mills.no\/content\/uploads\/sites\/21\/2024\/11\/AdobeStock_297004128-1024x683.jpeg 1024w, https:\/\/mills.no\/content\/uploads\/sites\/21\/2024\/11\/AdobeStock_297004128-300x200.jpeg 300w, https:\/\/mills.no\/content\/uploads\/sites\/21\/2024\/11\/AdobeStock_297004128-768x512.jpeg 768w, https:\/\/mills.no\/content\/uploads\/sites\/21\/2024\/11\/AdobeStock_297004128-1536x1024.jpeg 1536w, https:\/\/mills.no\/content\/uploads\/sites\/21\/2024\/11\/AdobeStock_297004128-2048x1365.jpeg 2048w, https:\/\/mills.no\/content\/uploads\/sites\/21\/2024\/11\/AdobeStock_297004128-80x53.jpeg 80w\" sizes=\"auto, (max-width: 1024px) 100vw, 1024px\" \/><\/figure><div class=\"wp-block-media-text__content\">\n<h1 class=\"wp-block-heading\" id=\"h-hvorfor-velge-mills-industri-amp-bakeri\"><strong>Hvorfor velge Mills Industri &amp; bakeri<\/strong>?<\/h1>\n\n\n\n<p>Mills har lang og solid erfaring som matvareprodusent. Helt siden 1885 har vi produsert margarin, og fra 1951 ble vi rimelig gode p\u00e5 majones ogs\u00e5. <\/p>\n\n\n\n<p>N\u00e5 kan vi tilby et bredt sortiment av b\u00e5de dressinger, majones, olje, matfett og potetsalat \u2013 for \u00e5 nevne noe. Alt produseres p\u00e5 fabrikkene v\u00e5re i Drammen og Fredrikstad.<\/p>\n\n\n\n<div class=\"wp-block-buttons is-layout-flex wp-block-buttons-is-layout-flex\">\n<div class=\"wp-block-button\"><a class=\"wp-block-button__link wp-element-button\" href=\"https:\/\/mills.no\/industri\/produkter\/\">Se alle produktene v\u00e5re her<\/a><\/div>\n\n\n\n<div class=\"wp-block-button\"><a class=\"wp-block-button__link wp-element-button\" href=\"https:\/\/mills.no\/industri\/om-oss\/\">Om Mills Industri &amp; bakeri<\/a><\/div>\n<\/div>\n<\/div><\/div>\n\n\n\t\t\t<\/div>\n\t\t<\/div>\n\n\n\t\t<div class=\"has-background has-primary-light-background-color is-style-vertical-spacing is-style-horizontal-spacing alignfull is-section-cards alignwide wp-block-mills-section has-background has-primary-light-background-color\">\n\t\t\t<div class=\"wp-block-mills-section__inner alignwide\">\n\t\t\t\t\n\n<h2 class=\"wp-block-heading has-text-align-center\" id=\"h-populaere-produkter\">Popul\u00e6re produkter<\/h2>\n\n\n<div class=\"t2-featured-content-layout alignwide alignwide wp-block-t2-featured-content-layout\" role=\"list\">\n<div class=\"t2-featured-single-post t2-featured-content is-post-type-product product_category-margarin-og-matfett wp-block-t2-featured-single-post\" role=\"listitem\"><a class=\"t2-post-link wp-block-t2-post-link\" href=\"https:\/\/mills.no\/industri\/produkt\/mills-bakemargarin\/\">\n<figure style=\"--t2-focal-point: 50% 50%;\" class=\"t2-post-featured-image has-image-ratio-16-9 wp-block-t2-post-featured-image\"><img loading=\"lazy\" decoding=\"async\" width=\"1144\" height=\"573\" src=\"https:\/\/mills.no\/content\/uploads\/sites\/21\/2024\/11\/margarin_5kg.png\" class=\"attachment-medium-large size-medium-large wp-post-image\" alt=\"margarin 5kg\" srcset=\"https:\/\/mills.no\/content\/uploads\/sites\/21\/2024\/11\/margarin_5kg.png 1144w, https:\/\/mills.no\/content\/uploads\/sites\/21\/2024\/11\/margarin_5kg-300x150.png 300w, https:\/\/mills.no\/content\/uploads\/sites\/21\/2024\/11\/margarin_5kg-1024x513.png 1024w, https:\/\/mills.no\/content\/uploads\/sites\/21\/2024\/11\/margarin_5kg-768x385.png 768w, https:\/\/mills.no\/content\/uploads\/sites\/21\/2024\/11\/margarin_5kg-80x40.png 80w\" sizes=\"auto, (max-width: 1144px) 100vw, 1144px\" \/><\/figure>\n\n<div class=\"wp-block-group alignfull is-layout-flow wp-block-group-is-layout-flow\">\n\t\n\t\t<div class=\"tax-product_label wp-block-mills-post-terms\">\n\t\t\t\n\t\t<\/div>\n\t<h2 class=\"t2-post-title wp-block-t2-post-title\">Mills Bakemargarin<\/h2>\n\t<div class=\"t2-post-excerpt wp-block-t2-post-excerpt\"><p>Klassikeren siden 1919. En unik sammensetning av planteoljer gj\u00f8r at Melange i folie egner seg sv\u00e6rt godt til all form&hellip;<\/p><\/div>\n<\/div>\n\n<\/a>\n<\/div>\n\n<div class=\"t2-featured-single-post t2-featured-content is-post-type-product product_category-olje wp-block-t2-featured-single-post\" role=\"listitem\"><a class=\"t2-post-link wp-block-t2-post-link\" href=\"https:\/\/mills.no\/industri\/produkt\/mills-rapsolje\/\">\n<figure style=\"--t2-focal-point: 50% 50%;\" class=\"t2-post-featured-image has-image-ratio-16-9 wp-block-t2-post-featured-image\"><img loading=\"lazy\" decoding=\"async\" width=\"464\" height=\"600\" src=\"https:\/\/mills.no\/content\/uploads\/sites\/21\/2024\/11\/7036110106366_G1N1_600px.png\" class=\"attachment-medium-large size-medium-large wp-post-image\" alt=\"mills rapsolje\" srcset=\"https:\/\/mills.no\/content\/uploads\/sites\/21\/2024\/11\/7036110106366_G1N1_600px.png 464w, https:\/\/mills.no\/content\/uploads\/sites\/21\/2024\/11\/7036110106366_G1N1_600px-232x300.png 232w, https:\/\/mills.no\/content\/uploads\/sites\/21\/2024\/11\/7036110106366_G1N1_600px-62x80.png 62w\" sizes=\"auto, (max-width: 464px) 100vw, 464px\" \/><\/figure>\n\n<div class=\"wp-block-group alignfull is-layout-flow wp-block-group-is-layout-flow\">\n\t\n\t\t<div class=\"tax-product_label wp-block-mills-post-terms\">\n\t\t\t\n\t\t<\/div>\n\t<h2 class=\"t2-post-title wp-block-t2-post-title\">Mills Rapsolje<\/h2>\n\t<div class=\"t2-post-excerpt wp-block-t2-post-excerpt\"><p>Mills Rapsolje er velegnet til all matlaging, og til steking p\u00e5 temperaturer inntil 170 grader.<\/p><\/div>\n<\/div>\n\n<\/a>\n<\/div>\n\n<div class=\"t2-featured-single-post t2-featured-content is-post-type-product allergen-egg product_category-majones-og-dressing wp-block-t2-featured-single-post\" role=\"listitem\"><a class=\"t2-post-link wp-block-t2-post-link\" href=\"https:\/\/mills.no\/industri\/produkt\/mills-ekte-majones\/\">\n<figure style=\"--t2-focal-point: 50% 50%;\" class=\"t2-post-featured-image has-image-ratio-16-9 wp-block-t2-post-featured-image\"><img loading=\"lazy\" decoding=\"async\" width=\"1024\" height=\"753\" src=\"https:\/\/mills.no\/content\/uploads\/sites\/21\/2024\/11\/7036110109398_G1NB_1200px-1024x753-1.png\" class=\"attachment-medium-large size-medium-large wp-post-image\" alt=\"Mills Ekte majones 9,5 kg i b\u00f8tte\" srcset=\"https:\/\/mills.no\/content\/uploads\/sites\/21\/2024\/11\/7036110109398_G1NB_1200px-1024x753-1.png 1024w, https:\/\/mills.no\/content\/uploads\/sites\/21\/2024\/11\/7036110109398_G1NB_1200px-1024x753-1-300x221.png 300w, https:\/\/mills.no\/content\/uploads\/sites\/21\/2024\/11\/7036110109398_G1NB_1200px-1024x753-1-768x565.png 768w, https:\/\/mills.no\/content\/uploads\/sites\/21\/2024\/11\/7036110109398_G1NB_1200px-1024x753-1-80x59.png 80w\" sizes=\"auto, (max-width: 1024px) 100vw, 1024px\" \/><\/figure>\n\n<div class=\"wp-block-group alignfull is-layout-flow wp-block-group-is-layout-flow\">\n\t\n\t\t<div class=\"tax-product_label wp-block-mills-post-terms\">\n\t\t\t\n\t\t<\/div>\n\t<h2 class=\"t2-post-title wp-block-t2-post-title\">Mills Ekte majones<\/h2>\n\t\n<\/div>\n\n<\/a>\n<\/div>\n<\/div>\n\n\n<div class=\"wp-block-buttons is-content-justification-center is-layout-flex wp-container-core-buttons-is-layout-16018d1d wp-block-buttons-is-layout-flex\">\n<div class=\"wp-block-button has-custom-width wp-block-button__width-50\"><a class=\"wp-block-button__link wp-element-button\" href=\"https:\/\/mills.no\/industri\/produkter\/\">Se alle produkter <\/a><\/div>\n<\/div>\n\n\n\t\t\t<\/div>\n\t\t<\/div>\n\n\n\t\t<div class=\"has-background has-neutral-0-background-color is-style-vertical-spacing alignfull is-section-text wp-block-mills-section has-background has-neutral-0-background-color\">\n\t\t\t<div class=\"wp-block-mills-section__inner alignwide\">\n\t\t\t\t\n\n<div class=\"wp-block-columns is-layout-flex wp-container-core-columns-is-layout-9d6595d7 wp-block-columns-is-layout-flex\">\n<div class=\"wp-block-column is-layout-flow wp-block-column-is-layout-flow\" style=\"flex-basis:33.33%\">\n<figure class=\"wp-block-image size-large is-resized is-style-rounded\"><img loading=\"lazy\" decoding=\"async\" width=\"3024\" height=\"3024\" src=\"https:\/\/mills.no\/content\/uploads\/sites\/21\/2024\/11\/IMG_7216-edited.jpg\" alt=\"Leif Arne Fardal\" class=\"wp-image-56\" style=\"width:384px;height:auto\" srcset=\"https:\/\/mills.no\/content\/uploads\/sites\/21\/2024\/11\/IMG_7216-edited.jpg 3024w, https:\/\/mills.no\/content\/uploads\/sites\/21\/2024\/11\/IMG_7216-edited-300x300.jpg 300w, https:\/\/mills.no\/content\/uploads\/sites\/21\/2024\/11\/IMG_7216-edited-1024x1024.jpg 1024w, https:\/\/mills.no\/content\/uploads\/sites\/21\/2024\/11\/IMG_7216-edited-150x150.jpg 150w, https:\/\/mills.no\/content\/uploads\/sites\/21\/2024\/11\/IMG_7216-edited-768x768.jpg 768w, https:\/\/mills.no\/content\/uploads\/sites\/21\/2024\/11\/IMG_7216-edited-1536x1536.jpg 1536w, https:\/\/mills.no\/content\/uploads\/sites\/21\/2024\/11\/IMG_7216-edited-2048x2048.jpg 2048w, https:\/\/mills.no\/content\/uploads\/sites\/21\/2024\/11\/IMG_7216-edited-80x80.jpg 80w\" sizes=\"auto, (max-width: 3024px) 100vw, 3024px\" \/><\/figure>\n<\/div>\n\n\n\n<div class=\"wp-block-column is-vertically-aligned-center is-layout-flow wp-block-column-is-layout-flow\" style=\"flex-basis:66.66%\">\n<h2 class=\"wp-block-heading\" id=\"h-vil-du-vite-mer\"><strong>Vil du vite mer? <\/strong><\/h2>\n\n\n\n<p>Lurer du p\u00e5 om vi kan levere produkter til din produksjon? Leif Arne Fardal er b\u00e5de en erfaren baker, og v\u00e5r nasjonale kundeansvarlige for industri og bakeri.<\/p>\n\n\n\n<p class=\"has-medium-font-size\"><strong>Tlf<\/strong>: <a href=\"tel:91776060\">91776060<\/a><\/p>\n\n\n\n<p class=\"has-medium-font-size\"><strong>\u200bE-post: <\/strong><a href=\"mailto:leif.arne.fardal@mills.no\u200b\">leif.arne.fardal@mills.no\u200b<\/a>  <\/p>\n<\/div>\n<\/div>\n\n\n\t\t\t<\/div>\n\t\t<\/div>","protected":false},"excerpt":{"rendered":"","protected":false},"author":2,"featured_media":0,"parent":0,"menu_order":0,"comment_status":"closed","ping_status":"closed","template":"","meta":{"_searchwp_excluded":"","hide_post_title":true,"footnotes":""},"class_list":["post-46","page","type-page","status-publish","hentry"],"yoast_head":"<!-- This site is optimized with the Yoast SEO Premium plugin v26.9 (Yoast SEO v26.9) - https:\/\/yoast.com\/product\/yoast-seo-premium-wordpress\/ -->\n<title>Kjente produkter til industri og bakeri - Mills Industri &amp; Bakeri<\/title>\n<meta name=\"robots\" content=\"index, follow, max-snippet:-1, max-image-preview:large, max-video-preview:-1\" \/>\n<link rel=\"canonical\" href=\"https:\/\/mills.no\/industri\/\" \/>\n<meta property=\"og:locale\" content=\"nb_NO\" \/>\n<meta property=\"og:type\" content=\"article\" \/>\n<meta property=\"og:title\" content=\"Kjente produkter til industri og bakeri\" \/>\n<meta property=\"og:url\" content=\"https:\/\/mills.no\/industri\/\" \/>\n<meta property=\"og:site_name\" content=\"Mills Industri &amp; Bakeri\" \/>\n<meta property=\"article:modified_time\" content=\"2025-02-04T08:10:50+00:00\" \/>\n<meta property=\"og:image\" content=\"https:\/\/mills.no\/content\/uploads\/sites\/21\/2024\/11\/AdobeStock_297004128-1024x683.jpeg\" \/>\n<meta name=\"twitter:card\" content=\"summary_large_image\" \/>\n<meta name=\"twitter:label1\" content=\"Ansl. lesetid\" \/>\n\t<meta name=\"twitter:data1\" content=\"1 minutt\" \/>\n<script type=\"application\/ld+json\" class=\"yoast-schema-graph\">{\"@context\":\"https:\/\/schema.org\",\"@graph\":[{\"@type\":\"WebPage\",\"@id\":\"https:\/\/mills.no\/industri\/\",\"url\":\"https:\/\/mills.no\/industri\/\",\"name\":\"Kjente produkter til industri og bakeri - Mills Industri &amp; Bakeri\",\"isPartOf\":{\"@id\":\"https:\/\/mills.no\/industri\/#website\"},\"primaryImageOfPage\":{\"@id\":\"https:\/\/mills.no\/industri\/#primaryimage\"},\"image\":{\"@id\":\"https:\/\/mills.no\/industri\/#primaryimage\"},\"thumbnailUrl\":\"https:\/\/mills.no\/content\/uploads\/sites\/21\/2024\/11\/AdobeStock_297004128-1024x683.jpeg\",\"datePublished\":\"2024-11-01T13:05:08+00:00\",\"dateModified\":\"2025-02-04T08:10:50+00:00\",\"breadcrumb\":{\"@id\":\"https:\/\/mills.no\/industri\/#breadcrumb\"},\"inLanguage\":\"nb-NO\",\"potentialAction\":[{\"@type\":\"ReadAction\",\"target\":[\"https:\/\/mills.no\/industri\/\"]}]},{\"@type\":\"ImageObject\",\"inLanguage\":\"nb-NO\",\"@id\":\"https:\/\/mills.no\/industri\/#primaryimage\",\"url\":\"https:\/\/mills.no\/content\/uploads\/sites\/21\/2024\/11\/AdobeStock_297004128-1024x683.jpeg\",\"contentUrl\":\"https:\/\/mills.no\/content\/uploads\/sites\/21\/2024\/11\/AdobeStock_297004128-1024x683.jpeg\"},{\"@type\":\"BreadcrumbList\",\"@id\":\"https:\/\/mills.no\/industri\/#breadcrumb\",\"itemListElement\":[{\"@type\":\"ListItem\",\"position\":1,\"name\":\"Hjem\",\"item\":\"https:\/\/mills.no\/industri\/\"},{\"@type\":\"ListItem\",\"position\":2,\"name\":\"Kjente produkter til industri og bakeri\"}]},{\"@type\":\"WebSite\",\"@id\":\"https:\/\/mills.no\/industri\/#website\",\"url\":\"https:\/\/mills.no\/industri\/\",\"name\":\"Mills Industri &amp; Bakeri\",\"description\":\"\",\"publisher\":{\"@id\":\"https:\/\/mills.no\/industri\/#organization\"},\"potentialAction\":[{\"@type\":\"SearchAction\",\"target\":{\"@type\":\"EntryPoint\",\"urlTemplate\":\"https:\/\/mills.no\/industri\/?s={search_term_string}\"},\"query-input\":{\"@type\":\"PropertyValueSpecification\",\"valueRequired\":true,\"valueName\":\"search_term_string\"}}],\"inLanguage\":\"nb-NO\"},{\"@type\":\"Organization\",\"@id\":\"https:\/\/mills.no\/industri\/#organization\",\"name\":\"Mills Industri &amp; Bakeri\",\"url\":\"https:\/\/mills.no\/industri\/\",\"logo\":{\"@type\":\"ImageObject\",\"inLanguage\":\"nb-NO\",\"@id\":\"https:\/\/mills.no\/industri\/#\/schema\/logo\/image\/\",\"url\":\"https:\/\/mills.no\/content\/uploads\/sites\/21\/2024\/10\/mills-industri-bakeri-logo-1.svg\",\"contentUrl\":\"https:\/\/mills.no\/content\/uploads\/sites\/21\/2024\/10\/mills-industri-bakeri-logo-1.svg\",\"caption\":\"Mills Industri &amp; Bakeri\"},\"image\":{\"@id\":\"https:\/\/mills.no\/industri\/#\/schema\/logo\/image\/\"}}]}<\/script>\n<!-- \/ Yoast SEO Premium plugin. -->","yoast_head_json":{"title":"Kjente produkter til industri og bakeri - Mills Industri &amp; Bakeri","robots":{"index":"index","follow":"follow","max-snippet":"max-snippet:-1","max-image-preview":"max-image-preview:large","max-video-preview":"max-video-preview:-1"},"canonical":"https:\/\/mills.no\/industri\/","og_locale":"nb_NO","og_type":"article","og_title":"Kjente produkter til industri og bakeri","og_url":"https:\/\/mills.no\/industri\/","og_site_name":"Mills Industri &amp; Bakeri","article_modified_time":"2025-02-04T08:10:50+00:00","og_image":[{"url":"https:\/\/mills.no\/content\/uploads\/sites\/21\/2024\/11\/AdobeStock_297004128-1024x683.jpeg","type":"","width":"","height":""}],"twitter_card":"summary_large_image","twitter_misc":{"Ansl. lesetid":"1 minutt"},"schema":{"@context":"https:\/\/schema.org","@graph":[{"@type":"WebPage","@id":"https:\/\/mills.no\/industri\/","url":"https:\/\/mills.no\/industri\/","name":"Kjente produkter til industri og bakeri - Mills Industri &amp; Bakeri","isPartOf":{"@id":"https:\/\/mills.no\/industri\/#website"},"primaryImageOfPage":{"@id":"https:\/\/mills.no\/industri\/#primaryimage"},"image":{"@id":"https:\/\/mills.no\/industri\/#primaryimage"},"thumbnailUrl":"https:\/\/mills.no\/content\/uploads\/sites\/21\/2024\/11\/AdobeStock_297004128-1024x683.jpeg","datePublished":"2024-11-01T13:05:08+00:00","dateModified":"2025-02-04T08:10:50+00:00","breadcrumb":{"@id":"https:\/\/mills.no\/industri\/#breadcrumb"},"inLanguage":"nb-NO","potentialAction":[{"@type":"ReadAction","target":["https:\/\/mills.no\/industri\/"]}]},{"@type":"ImageObject","inLanguage":"nb-NO","@id":"https:\/\/mills.no\/industri\/#primaryimage","url":"https:\/\/mills.no\/content\/uploads\/sites\/21\/2024\/11\/AdobeStock_297004128-1024x683.jpeg","contentUrl":"https:\/\/mills.no\/content\/uploads\/sites\/21\/2024\/11\/AdobeStock_297004128-1024x683.jpeg"},{"@type":"BreadcrumbList","@id":"https:\/\/mills.no\/industri\/#breadcrumb","itemListElement":[{"@type":"ListItem","position":1,"name":"Hjem","item":"https:\/\/mills.no\/industri\/"},{"@type":"ListItem","position":2,"name":"Kjente produkter til industri og bakeri"}]},{"@type":"WebSite","@id":"https:\/\/mills.no\/industri\/#website","url":"https:\/\/mills.no\/industri\/","name":"Mills Industri &amp; Bakeri","description":"","publisher":{"@id":"https:\/\/mills.no\/industri\/#organization"},"potentialAction":[{"@type":"SearchAction","target":{"@type":"EntryPoint","urlTemplate":"https:\/\/mills.no\/industri\/?s={search_term_string}"},"query-input":{"@type":"PropertyValueSpecification","valueRequired":true,"valueName":"search_term_string"}}],"inLanguage":"nb-NO"},{"@type":"Organization","@id":"https:\/\/mills.no\/industri\/#organization","name":"Mills Industri &amp; Bakeri","url":"https:\/\/mills.no\/industri\/","logo":{"@type":"ImageObject","inLanguage":"nb-NO","@id":"https:\/\/mills.no\/industri\/#\/schema\/logo\/image\/","url":"https:\/\/mills.no\/content\/uploads\/sites\/21\/2024\/10\/mills-industri-bakeri-logo-1.svg","contentUrl":"https:\/\/mills.no\/content\/uploads\/sites\/21\/2024\/10\/mills-industri-bakeri-logo-1.svg","caption":"Mills Industri &amp; Bakeri"},"image":{"@id":"https:\/\/mills.no\/industri\/#\/schema\/logo\/image\/"}}]}},"_links":{"self":[{"href":"https:\/\/mills.no\/industri\/wp-json\/wp\/v2\/pages\/46","targetHints":{"allow":["GET"]}}],"collection":[{"href":"https:\/\/mills.no\/industri\/wp-json\/wp\/v2\/pages"}],"about":[{"href":"https:\/\/mills.no\/industri\/wp-json\/wp\/v2\/types\/page"}],"author":[{"embeddable":true,"href":"https:\/\/mills.no\/industri\/wp-json\/wp\/v2\/users\/2"}],"replies":[{"embeddable":true,"href":"https:\/\/mills.no\/industri\/wp-json\/wp\/v2\/comments?post=46"}],"version-history":[{"count":19,"href":"https:\/\/mills.no\/industri\/wp-json\/wp\/v2\/pages\/46\/revisions"}],"predecessor-version":[{"id":207,"href":"https:\/\/mills.no\/industri\/wp-json\/wp\/v2\/pages\/46\/revisions\/207"}],"wp:attachment":[{"href":"https:\/\/mills.no\/industri\/wp-json\/wp\/v2\/media?parent=46"}],"curies":[{"name":"wp","href":"https:\/\/api.w.org\/{rel}","templated":true}]}}