{"id":154,"date":"2024-11-14T15:13:23","date_gmt":"2024-11-14T14:13:23","guid":{"rendered":"https:\/\/mills.no\/industri\/?post_type=product&#038;p=154"},"modified":"2025-01-08T11:21:19","modified_gmt":"2025-01-08T10:21:19","slug":"mills-peppermajones","status":"publish","type":"product","link":"https:\/\/mills.no\/industri\/produkt\/mills-peppermajones\/","title":{"rendered":"Mills Peppermajones"},"content":{"rendered":"\n\t\t<div class=\"has-background has-primary-light-background-color is-style-vertical-spacing alignwide is-section-text wp-block-mills-section has-background has-primary-light-background-color\">\n\t\t\t<div class=\"wp-block-mills-section__inner aligncenter\">\n\t\t\t\t\n\n<h1 class=\"wp-block-heading has-text-align-center\" id=\"h-mills-peppermajones\" style=\"font-style:normal;font-weight:700\"><strong>Mills Peppermajones<\/strong><\/h1>\n\n\n\n<p>Mills Peppermajones er laget p\u00e5 ekte majones med god smak av pepper. Denne peppermajonesen passer blant annet perfekt til krabbe, reker og annen sj\u00f8mat. Den er ogs\u00e5 ekstra god p\u00e5 burgeren, eller p\u00e5 br\u00f8dskiva med p\u00e5legg som skinke, ovnsbakt postei eller avokado.<\/p>\n\n\n\t\t\t<\/div>\n\t\t<\/div>\n\n\n\t\t<div class=\"has-background has-neutral-30-background-color is-style-vertical-spacing alignwide is-section-text wp-block-mills-section has-background has-neutral-30-background-color\">\n\t\t\t<div class=\"wp-block-mills-section__inner aligncenter\">\n\t\t\t\t\n\n<figure class=\"wp-block-image aligncenter size-full\"><img loading=\"lazy\" decoding=\"async\" width=\"227\" height=\"600\" src=\"https:\/\/mills.no\/content\/uploads\/sites\/21\/2024\/11\/7036110011837_G1N1_600px.png\" alt=\"Mills Peppermajones\" class=\"wp-image-147\" srcset=\"https:\/\/mills.no\/content\/uploads\/sites\/21\/2024\/11\/7036110011837_G1N1_600px.png 227w, https:\/\/mills.no\/content\/uploads\/sites\/21\/2024\/11\/7036110011837_G1N1_600px-114x300.png 114w, https:\/\/mills.no\/content\/uploads\/sites\/21\/2024\/11\/7036110011837_G1N1_600px-30x80.png 30w\" sizes=\"auto, (max-width: 227px) 100vw, 227px\" \/><\/figure>\n\n\n\n<p><\/p>\n\n\n\n<p><\/p>\n\n\n\n\t\t<div class=\"has-background has-secondary-background-color is-style-vertical-spacing is-style-horizontal-spacing aligncenter is-section-text wp-block-mills-section has-background has-secondary-background-color\">\n\t\t\t<div class=\"wp-block-mills-section__inner aligncenter\">\n\t\t\t\t\n\n<h3 class=\"wp-block-heading\" id=\"h-varenummer\"><strong>Varenummer:<\/strong><\/h3>\n\n\n\n<p><strong>Mills Peppermajones 5x900g:<\/strong> 142667<\/p>\n\n\n\t\t\t<\/div>\n\t\t<\/div>\n\n\t\t\t<\/div>\n\t\t<\/div>\n\n","protected":false},"excerpt":{"rendered":"<p>Mills Peppermajones er laget p\u00e5 ekte majones med god smak av pepper. Denne peppermajonesen passer blant annet perfekt til krabbe,&hellip;<\/p>\n","protected":false},"featured_media":147,"menu_order":0,"template":"","meta":{"_searchwp_excluded":"","hide_post_title":true,"mills_central_gtin":"07036110011837","footnotes":""},"brand":[],"allergen":[14],"product_category":[5],"product_label":[],"class_list":["post-154","product","type-product","status-publish","has-post-thumbnail","hentry","allergen-egg","product_category-majones-og-dressing"],"yoast_head":"<!-- This site is optimized with the Yoast SEO Premium plugin v26.9 (Yoast SEO v26.9) - https:\/\/yoast.com\/product\/yoast-seo-premium-wordpress\/ -->\n<title>Mills Peppermajones - Mills Industri &amp; Bakeri<\/title>\n<meta name=\"description\" content=\"Mills Peppermajones er laget p\u00e5 ekte majones med god smak av pepper. Denne peppermajonesen passer blant annet perfekt til krabbe, reker og annen sj\u00f8mat. Den er ogs\u00e5 ekstra god p\u00e5 burgeren, eller p\u00e5 br\u00f8dskiva med p\u00e5legg som skinke, ovnsbakt postei eller avokado.\" \/>\n<meta name=\"robots\" content=\"index, follow, max-snippet:-1, max-image-preview:large, max-video-preview:-1\" \/>\n<link rel=\"canonical\" href=\"https:\/\/mills.no\/industri\/produkt\/mills-peppermajones\/\" \/>\n<meta property=\"og:locale\" content=\"nb_NO\" \/>\n<meta property=\"og:type\" content=\"article\" \/>\n<meta property=\"og:title\" content=\"Mills Peppermajones\" \/>\n<meta property=\"og:description\" content=\"Mills Peppermajones er laget p\u00e5 ekte majones med god smak av pepper. Denne peppermajonesen passer blant annet perfekt til krabbe, reker og annen sj\u00f8mat. Den er ogs\u00e5 ekstra god p\u00e5 burgeren, eller p\u00e5 br\u00f8dskiva med p\u00e5legg som skinke, ovnsbakt postei eller avokado.\" \/>\n<meta property=\"og:url\" content=\"https:\/\/mills.no\/industri\/produkt\/mills-peppermajones\/\" \/>\n<meta property=\"og:site_name\" content=\"Mills Industri &amp; Bakeri\" \/>\n<meta property=\"article:modified_time\" content=\"2025-01-08T10:21:19+00:00\" \/>\n<meta property=\"og:image\" content=\"https:\/\/mills.no\/content\/uploads\/sites\/21\/2024\/11\/7036110011837_G1N1_600px.png\" \/>\n\t<meta property=\"og:image:width\" content=\"227\" \/>\n\t<meta property=\"og:image:height\" content=\"600\" \/>\n\t<meta property=\"og:image:type\" content=\"image\/png\" \/>\n<meta name=\"twitter:card\" content=\"summary_large_image\" \/>\n<meta name=\"twitter:label1\" content=\"Ansl. lesetid\" \/>\n\t<meta name=\"twitter:data1\" content=\"1 minutt\" \/>\n<script type=\"application\/ld+json\" class=\"yoast-schema-graph\">{\"@context\":\"https:\/\/schema.org\",\"@graph\":[{\"@type\":\"WebPage\",\"@id\":\"https:\/\/mills.no\/industri\/produkt\/mills-peppermajones\/\",\"url\":\"https:\/\/mills.no\/industri\/produkt\/mills-peppermajones\/\",\"name\":\"Mills Peppermajones - Mills Industri &amp; Bakeri\",\"isPartOf\":{\"@id\":\"https:\/\/mills.no\/industri\/#website\"},\"primaryImageOfPage\":{\"@id\":\"https:\/\/mills.no\/industri\/produkt\/mills-peppermajones\/#primaryimage\"},\"image\":{\"@id\":\"https:\/\/mills.no\/industri\/produkt\/mills-peppermajones\/#primaryimage\"},\"thumbnailUrl\":\"https:\/\/mills.no\/content\/uploads\/sites\/21\/2024\/11\/7036110011837_G1N1_600px.png\",\"datePublished\":\"2024-11-14T14:13:23+00:00\",\"dateModified\":\"2025-01-08T10:21:19+00:00\",\"description\":\"Mills Peppermajones er laget p\u00e5 ekte majones med god smak av pepper. Denne peppermajonesen passer blant annet perfekt til krabbe, reker og annen sj\u00f8mat. Den er ogs\u00e5 ekstra god p\u00e5 burgeren, eller p\u00e5 br\u00f8dskiva med p\u00e5legg som skinke, ovnsbakt postei eller avokado.\",\"breadcrumb\":{\"@id\":\"https:\/\/mills.no\/industri\/produkt\/mills-peppermajones\/#breadcrumb\"},\"inLanguage\":\"nb-NO\",\"potentialAction\":[{\"@type\":\"ReadAction\",\"target\":[\"https:\/\/mills.no\/industri\/produkt\/mills-peppermajones\/\"]}]},{\"@type\":\"ImageObject\",\"inLanguage\":\"nb-NO\",\"@id\":\"https:\/\/mills.no\/industri\/produkt\/mills-peppermajones\/#primaryimage\",\"url\":\"https:\/\/mills.no\/content\/uploads\/sites\/21\/2024\/11\/7036110011837_G1N1_600px.png\",\"contentUrl\":\"https:\/\/mills.no\/content\/uploads\/sites\/21\/2024\/11\/7036110011837_G1N1_600px.png\",\"width\":227,\"height\":600,\"caption\":\"Mills Peppermajones\"},{\"@type\":\"BreadcrumbList\",\"@id\":\"https:\/\/mills.no\/industri\/produkt\/mills-peppermajones\/#breadcrumb\",\"itemListElement\":[{\"@type\":\"ListItem\",\"position\":1,\"name\":\"Hjem\",\"item\":\"https:\/\/mills.no\/industri\/\"},{\"@type\":\"ListItem\",\"position\":2,\"name\":\"Produkter\",\"item\":\"https:\/\/mills.no\/industri\/produkter\/\"},{\"@type\":\"ListItem\",\"position\":3,\"name\":\"Mills Peppermajones\"}]},{\"@type\":\"WebSite\",\"@id\":\"https:\/\/mills.no\/industri\/#website\",\"url\":\"https:\/\/mills.no\/industri\/\",\"name\":\"Mills Industri &amp; Bakeri\",\"description\":\"\",\"publisher\":{\"@id\":\"https:\/\/mills.no\/industri\/#organization\"},\"potentialAction\":[{\"@type\":\"SearchAction\",\"target\":{\"@type\":\"EntryPoint\",\"urlTemplate\":\"https:\/\/mills.no\/industri\/?s={search_term_string}\"},\"query-input\":{\"@type\":\"PropertyValueSpecification\",\"valueRequired\":true,\"valueName\":\"search_term_string\"}}],\"inLanguage\":\"nb-NO\"},{\"@type\":\"Organization\",\"@id\":\"https:\/\/mills.no\/industri\/#organization\",\"name\":\"Mills Industri &amp; Bakeri\",\"url\":\"https:\/\/mills.no\/industri\/\",\"logo\":{\"@type\":\"ImageObject\",\"inLanguage\":\"nb-NO\",\"@id\":\"https:\/\/mills.no\/industri\/#\/schema\/logo\/image\/\",\"url\":\"https:\/\/mills.no\/content\/uploads\/sites\/21\/2024\/10\/mills-industri-bakeri-logo-1.svg\",\"contentUrl\":\"https:\/\/mills.no\/content\/uploads\/sites\/21\/2024\/10\/mills-industri-bakeri-logo-1.svg\",\"caption\":\"Mills Industri &amp; Bakeri\"},\"image\":{\"@id\":\"https:\/\/mills.no\/industri\/#\/schema\/logo\/image\/\"}}]}<\/script>\n<!-- \/ Yoast SEO Premium plugin. -->","yoast_head_json":{"title":"Mills Peppermajones - Mills Industri &amp; Bakeri","description":"Mills Peppermajones er laget p\u00e5 ekte majones med god smak av pepper. Denne peppermajonesen passer blant annet perfekt til krabbe, reker og annen sj\u00f8mat. Den er ogs\u00e5 ekstra god p\u00e5 burgeren, eller p\u00e5 br\u00f8dskiva med p\u00e5legg som skinke, ovnsbakt postei eller avokado.","robots":{"index":"index","follow":"follow","max-snippet":"max-snippet:-1","max-image-preview":"max-image-preview:large","max-video-preview":"max-video-preview:-1"},"canonical":"https:\/\/mills.no\/industri\/produkt\/mills-peppermajones\/","og_locale":"nb_NO","og_type":"article","og_title":"Mills Peppermajones","og_description":"Mills Peppermajones er laget p\u00e5 ekte majones med god smak av pepper. Denne peppermajonesen passer blant annet perfekt til krabbe, reker og annen sj\u00f8mat. Den er ogs\u00e5 ekstra god p\u00e5 burgeren, eller p\u00e5 br\u00f8dskiva med p\u00e5legg som skinke, ovnsbakt postei eller avokado.","og_url":"https:\/\/mills.no\/industri\/produkt\/mills-peppermajones\/","og_site_name":"Mills Industri &amp; Bakeri","article_modified_time":"2025-01-08T10:21:19+00:00","og_image":[{"width":227,"height":600,"url":"https:\/\/mills.no\/content\/uploads\/sites\/21\/2024\/11\/7036110011837_G1N1_600px.png","type":"image\/png"}],"twitter_card":"summary_large_image","twitter_misc":{"Ansl. lesetid":"1 minutt"},"schema":{"@context":"https:\/\/schema.org","@graph":[{"@type":"WebPage","@id":"https:\/\/mills.no\/industri\/produkt\/mills-peppermajones\/","url":"https:\/\/mills.no\/industri\/produkt\/mills-peppermajones\/","name":"Mills Peppermajones - Mills Industri &amp; Bakeri","isPartOf":{"@id":"https:\/\/mills.no\/industri\/#website"},"primaryImageOfPage":{"@id":"https:\/\/mills.no\/industri\/produkt\/mills-peppermajones\/#primaryimage"},"image":{"@id":"https:\/\/mills.no\/industri\/produkt\/mills-peppermajones\/#primaryimage"},"thumbnailUrl":"https:\/\/mills.no\/content\/uploads\/sites\/21\/2024\/11\/7036110011837_G1N1_600px.png","datePublished":"2024-11-14T14:13:23+00:00","dateModified":"2025-01-08T10:21:19+00:00","description":"Mills Peppermajones er laget p\u00e5 ekte majones med god smak av pepper. Denne peppermajonesen passer blant annet perfekt til krabbe, reker og annen sj\u00f8mat. Den er ogs\u00e5 ekstra god p\u00e5 burgeren, eller p\u00e5 br\u00f8dskiva med p\u00e5legg som skinke, ovnsbakt postei eller avokado.","breadcrumb":{"@id":"https:\/\/mills.no\/industri\/produkt\/mills-peppermajones\/#breadcrumb"},"inLanguage":"nb-NO","potentialAction":[{"@type":"ReadAction","target":["https:\/\/mills.no\/industri\/produkt\/mills-peppermajones\/"]}]},{"@type":"ImageObject","inLanguage":"nb-NO","@id":"https:\/\/mills.no\/industri\/produkt\/mills-peppermajones\/#primaryimage","url":"https:\/\/mills.no\/content\/uploads\/sites\/21\/2024\/11\/7036110011837_G1N1_600px.png","contentUrl":"https:\/\/mills.no\/content\/uploads\/sites\/21\/2024\/11\/7036110011837_G1N1_600px.png","width":227,"height":600,"caption":"Mills Peppermajones"},{"@type":"BreadcrumbList","@id":"https:\/\/mills.no\/industri\/produkt\/mills-peppermajones\/#breadcrumb","itemListElement":[{"@type":"ListItem","position":1,"name":"Hjem","item":"https:\/\/mills.no\/industri\/"},{"@type":"ListItem","position":2,"name":"Produkter","item":"https:\/\/mills.no\/industri\/produkter\/"},{"@type":"ListItem","position":3,"name":"Mills Peppermajones"}]},{"@type":"WebSite","@id":"https:\/\/mills.no\/industri\/#website","url":"https:\/\/mills.no\/industri\/","name":"Mills Industri &amp; Bakeri","description":"","publisher":{"@id":"https:\/\/mills.no\/industri\/#organization"},"potentialAction":[{"@type":"SearchAction","target":{"@type":"EntryPoint","urlTemplate":"https:\/\/mills.no\/industri\/?s={search_term_string}"},"query-input":{"@type":"PropertyValueSpecification","valueRequired":true,"valueName":"search_term_string"}}],"inLanguage":"nb-NO"},{"@type":"Organization","@id":"https:\/\/mills.no\/industri\/#organization","name":"Mills Industri &amp; Bakeri","url":"https:\/\/mills.no\/industri\/","logo":{"@type":"ImageObject","inLanguage":"nb-NO","@id":"https:\/\/mills.no\/industri\/#\/schema\/logo\/image\/","url":"https:\/\/mills.no\/content\/uploads\/sites\/21\/2024\/10\/mills-industri-bakeri-logo-1.svg","contentUrl":"https:\/\/mills.no\/content\/uploads\/sites\/21\/2024\/10\/mills-industri-bakeri-logo-1.svg","caption":"Mills Industri &amp; Bakeri"},"image":{"@id":"https:\/\/mills.no\/industri\/#\/schema\/logo\/image\/"}}]}},"_links":{"self":[{"href":"https:\/\/mills.no\/industri\/wp-json\/wp\/v2\/product\/154","targetHints":{"allow":["GET"]}}],"collection":[{"href":"https:\/\/mills.no\/industri\/wp-json\/wp\/v2\/product"}],"about":[{"href":"https:\/\/mills.no\/industri\/wp-json\/wp\/v2\/types\/product"}],"version-history":[{"count":1,"href":"https:\/\/mills.no\/industri\/wp-json\/wp\/v2\/product\/154\/revisions"}],"predecessor-version":[{"id":155,"href":"https:\/\/mills.no\/industri\/wp-json\/wp\/v2\/product\/154\/revisions\/155"}],"wp:featuredmedia":[{"embeddable":true,"href":"https:\/\/mills.no\/industri\/wp-json\/wp\/v2\/media\/147"}],"wp:attachment":[{"href":"https:\/\/mills.no\/industri\/wp-json\/wp\/v2\/media?parent=154"}],"wp:term":[{"taxonomy":"brand","embeddable":true,"href":"https:\/\/mills.no\/industri\/wp-json\/wp\/v2\/brand?post=154"},{"taxonomy":"allergen","embeddable":true,"href":"https:\/\/mills.no\/industri\/wp-json\/wp\/v2\/allergen?post=154"},{"taxonomy":"product_category","embeddable":true,"href":"https:\/\/mills.no\/industri\/wp-json\/wp\/v2\/product_category?post=154"},{"taxonomy":"product_label","embeddable":true,"href":"https:\/\/mills.no\/industri\/wp-json\/wp\/v2\/product_label?post=154"}],"curies":[{"name":"wp","href":"https:\/\/api.w.org\/{rel}","templated":true}]}}