{"id":156,"date":"2024-11-14T15:20:18","date_gmt":"2024-11-14T14:20:18","guid":{"rendered":"https:\/\/mills.no\/industri\/?post_type=product&#038;p=156"},"modified":"2025-01-08T11:21:18","modified_gmt":"2025-01-08T10:21:18","slug":"mills-srirachamajones","status":"publish","type":"product","link":"https:\/\/mills.no\/industri\/produkt\/mills-srirachamajones\/","title":{"rendered":"Mills Srirachamajones"},"content":{"rendered":"\n\t\t<div class=\"has-background has-primary-light-background-color is-style-vertical-spacing alignwide is-section-text wp-block-mills-section has-background has-primary-light-background-color\">\n\t\t\t<div class=\"wp-block-mills-section__inner aligncenter\">\n\t\t\t\t\n\n<h1 class=\"wp-block-heading has-text-align-center\" id=\"h-mills-srirachamajones\" style=\"font-style:normal;font-weight:700\"><strong>Mills Srirachamajones<\/strong><\/h1>\n\n\n\n<p>Mills ekte majones smaksatt med en av verdens mest popul\u00e6re chilisauser, nemlig srirachasaus.&nbsp; Dette er en sterk chilimajones som setter ekstra smak p\u00e5 maten.<\/p>\n\n\n\t\t\t<\/div>\n\t\t<\/div>\n\n\n\t\t<div class=\"has-background has-neutral-30-background-color is-style-vertical-spacing alignwide is-section-text wp-block-mills-section has-background has-neutral-30-background-color\">\n\t\t\t<div class=\"wp-block-mills-section__inner aligncenter\">\n\t\t\t\t\n\n<figure class=\"wp-block-image aligncenter size-full\"><img loading=\"lazy\" decoding=\"async\" width=\"227\" height=\"600\" src=\"https:\/\/mills.no\/content\/uploads\/sites\/21\/2024\/11\/7036110011820_G1NB_600px.png\" alt=\"Mills Srirachamajones\" class=\"wp-image-146\" srcset=\"https:\/\/mills.no\/content\/uploads\/sites\/21\/2024\/11\/7036110011820_G1NB_600px.png 227w, https:\/\/mills.no\/content\/uploads\/sites\/21\/2024\/11\/7036110011820_G1NB_600px-114x300.png 114w, https:\/\/mills.no\/content\/uploads\/sites\/21\/2024\/11\/7036110011820_G1NB_600px-30x80.png 30w\" sizes=\"auto, (max-width: 227px) 100vw, 227px\" \/><\/figure>\n\n\n\n<p><\/p>\n\n\n\n<p><\/p>\n\n\n\n\t\t<div class=\"has-background has-secondary-background-color is-style-vertical-spacing is-style-horizontal-spacing aligncenter is-section-text wp-block-mills-section has-background has-secondary-background-color\">\n\t\t\t<div class=\"wp-block-mills-section__inner aligncenter\">\n\t\t\t\t\n\n<h3 class=\"wp-block-heading\" id=\"h-varenummer\"><strong>Varenummer:<\/strong><\/h3>\n\n\n\n<p><strong>Mills Srirachamajones 5x900g:<\/strong> 148596<\/p>\n\n\n\t\t\t<\/div>\n\t\t<\/div>\n\n\t\t\t<\/div>\n\t\t<\/div>\n\n<div class=\"mills-block-food-labeling alignwide alignwide wp-block-mills-block-food-labeling\"><div class=\"left\"><section class=\"nutrients-section\"><header class\"nutrients-header\"><h3>N\u00e6ringsinnhold<\/h3><\/header><p class=\"nutrients-info\">100 gram gir.<\/p><div class=\"nutrients-list\"><div class=\"nutrient-item heading energy ENERGY_KJ\"><span>Energi<\/span><span>2640 kJ (640 kcal)<\/span><\/div><div class=\"empty-item\"><span>&nbsp;<\/span><\/div><div class=\"nutrient-item heading fat FAT\"><span>Fett<\/span><span>69 g<\/span><\/div><div class=\"nutrient-sub\"><span>Hvorav<\/span><\/div><div class=\"nutrient-item fat FASAT\"><span>&#8211; Mettet fett<\/span><span>4 g<\/span><\/div><div class=\"nutrient-item fat FAMSCIS\"><span>&#8211; Enumettet fett<\/span><span>42 g<\/span><\/div><div class=\"nutrient-item fat FAPUCIS\"><span>&#8211; Flerumettet fett<\/span><span>19 g<\/span><\/div><div class=\"empty-item\"><span>&nbsp;<\/span><\/div><div class=\"nutrient-item heading carbs CHOAVL\"><span>Karbohydrater<\/span><span>4 g<\/span><\/div><div class=\"nutrient-sub\"><span>Hvorav<\/span><\/div><div class=\"nutrient-item carbs SUGAR-\"><span>&#8211; Sukkerarter<\/span><span>4 g<\/span><\/div><div class=\"empty-item\"><span>&nbsp;<\/span><\/div><div class=\"nutrient-item heading protein PRO-\"><span>Protein<\/span><span>1 g<\/span><\/div><div class=\"empty-item\"><span>&nbsp;<\/span><\/div><div class=\"nutrient-item heading salt SALTEQ\"><span>Salt<\/span><span>1.6 g<\/span><\/div><\/div><\/section><\/div><div class=\"right\"><section class=\"ingredients-section\"><header class=\"ingredients-header\"><h3>Ingredienser<\/h3><\/header><p class=\"ingredients-list\">Rapsolje, vann, srirachasaus (11 %) (chili, hvitl\u00f8k, solsikkeolje, naturlig chiliekstrakt), eggeplomme ( 4 %, egg fra frittg\u00e5ende h\u00f8ner), eddik, sukker, salt, fortykningsmiddel (guarkjernemel, xantangummi), konserveringsmiddel (natriumbenzoat, kaliumsorbat), surhetsregulerende middel (sitronsyre), aroma, antioksidant ( E385), fargestoff (betakaroten)<\/p><p class=\"ingredients-smallprint\"><small>Produktsammensetningen kan endres. Les derfor alltid ingredienslisten p\u00e5 emballasjen p\u00e5 produktet.<\/small><\/p><\/section>\n<section class=\"allergens-section contains\"><header class=\"allergens-header\"><h3>Allergener<\/h3><\/header><div class=\"wp-block-buttons\"><div class=\"wp-block-button is-style-outline AE\"><span class=\"wp-block-button__link\">Egg<i class=\"icon-IconAllergy-egg\"><\/i><\/span><\/div><\/div><\/section><\/div><\/div>","protected":false},"excerpt":{"rendered":"<p>Mills Peppermajones er laget p\u00e5 ekte majones med god smak av pepper. Denne peppermajonesen passer blant annet perfekt til krabbe,&hellip;<\/p>\n","protected":false},"featured_media":147,"menu_order":0,"template":"","meta":{"_searchwp_excluded":"","hide_post_title":true,"mills_central_gtin":"07036110011820","footnotes":""},"brand":[],"allergen":[14],"product_category":[5],"product_label":[],"class_list":["post-156","product","type-product","status-publish","has-post-thumbnail","hentry","allergen-egg","product_category-majones-og-dressing"],"yoast_head":"<!-- This site is optimized with the Yoast SEO Premium plugin v26.9 (Yoast SEO v26.9) - https:\/\/yoast.com\/product\/yoast-seo-premium-wordpress\/ -->\n<title>Mills Srirachamajones - Mills Industri &amp; Bakeri<\/title>\n<meta name=\"description\" content=\"Mills ekte majones smaksatt med en av verdens mest popul\u00e6re chilisauser, nemlig srirachasaus. Dette er en sterk chilimajones som setter ekstra smak p\u00e5 maten.\" \/>\n<meta name=\"robots\" content=\"index, follow, max-snippet:-1, max-image-preview:large, max-video-preview:-1\" \/>\n<link rel=\"canonical\" href=\"https:\/\/mills.no\/industri\/produkt\/mills-srirachamajones\/\" \/>\n<meta property=\"og:locale\" content=\"nb_NO\" \/>\n<meta property=\"og:type\" content=\"article\" \/>\n<meta property=\"og:title\" content=\"Mills Srirachamajones\" \/>\n<meta property=\"og:description\" content=\"Mills ekte majones smaksatt med en av verdens mest popul\u00e6re chilisauser, nemlig srirachasaus. Dette er en sterk chilimajones som setter ekstra smak p\u00e5 maten.\" \/>\n<meta property=\"og:url\" content=\"https:\/\/mills.no\/industri\/produkt\/mills-srirachamajones\/\" \/>\n<meta property=\"og:site_name\" content=\"Mills Industri &amp; Bakeri\" \/>\n<meta property=\"article:modified_time\" content=\"2025-01-08T10:21:18+00:00\" \/>\n<meta property=\"og:image\" content=\"https:\/\/mills.no\/content\/uploads\/sites\/21\/2024\/11\/7036110011837_G1N1_600px.png\" \/>\n\t<meta property=\"og:image:width\" content=\"227\" \/>\n\t<meta property=\"og:image:height\" content=\"600\" \/>\n\t<meta property=\"og:image:type\" content=\"image\/png\" \/>\n<meta name=\"twitter:card\" content=\"summary_large_image\" \/>\n<meta name=\"twitter:label1\" content=\"Ansl. lesetid\" \/>\n\t<meta name=\"twitter:data1\" content=\"1 minutt\" \/>\n<script type=\"application\/ld+json\" class=\"yoast-schema-graph\">{\"@context\":\"https:\/\/schema.org\",\"@graph\":[{\"@type\":\"WebPage\",\"@id\":\"https:\/\/mills.no\/industri\/produkt\/mills-srirachamajones\/\",\"url\":\"https:\/\/mills.no\/industri\/produkt\/mills-srirachamajones\/\",\"name\":\"Mills Srirachamajones - Mills Industri &amp; Bakeri\",\"isPartOf\":{\"@id\":\"https:\/\/mills.no\/industri\/#website\"},\"primaryImageOfPage\":{\"@id\":\"https:\/\/mills.no\/industri\/produkt\/mills-srirachamajones\/#primaryimage\"},\"image\":{\"@id\":\"https:\/\/mills.no\/industri\/produkt\/mills-srirachamajones\/#primaryimage\"},\"thumbnailUrl\":\"https:\/\/mills.no\/content\/uploads\/sites\/21\/2024\/11\/7036110011837_G1N1_600px.png\",\"datePublished\":\"2024-11-14T14:20:18+00:00\",\"dateModified\":\"2025-01-08T10:21:18+00:00\",\"description\":\"Mills ekte majones smaksatt med en av verdens mest popul\u00e6re chilisauser, nemlig srirachasaus. Dette er en sterk chilimajones som setter ekstra smak p\u00e5 maten.\",\"breadcrumb\":{\"@id\":\"https:\/\/mills.no\/industri\/produkt\/mills-srirachamajones\/#breadcrumb\"},\"inLanguage\":\"nb-NO\",\"potentialAction\":[{\"@type\":\"ReadAction\",\"target\":[\"https:\/\/mills.no\/industri\/produkt\/mills-srirachamajones\/\"]}]},{\"@type\":\"ImageObject\",\"inLanguage\":\"nb-NO\",\"@id\":\"https:\/\/mills.no\/industri\/produkt\/mills-srirachamajones\/#primaryimage\",\"url\":\"https:\/\/mills.no\/content\/uploads\/sites\/21\/2024\/11\/7036110011837_G1N1_600px.png\",\"contentUrl\":\"https:\/\/mills.no\/content\/uploads\/sites\/21\/2024\/11\/7036110011837_G1N1_600px.png\",\"width\":227,\"height\":600,\"caption\":\"Mills Peppermajones\"},{\"@type\":\"BreadcrumbList\",\"@id\":\"https:\/\/mills.no\/industri\/produkt\/mills-srirachamajones\/#breadcrumb\",\"itemListElement\":[{\"@type\":\"ListItem\",\"position\":1,\"name\":\"Hjem\",\"item\":\"https:\/\/mills.no\/industri\/\"},{\"@type\":\"ListItem\",\"position\":2,\"name\":\"Produkter\",\"item\":\"https:\/\/mills.no\/industri\/produkter\/\"},{\"@type\":\"ListItem\",\"position\":3,\"name\":\"Mills Srirachamajones\"}]},{\"@type\":\"WebSite\",\"@id\":\"https:\/\/mills.no\/industri\/#website\",\"url\":\"https:\/\/mills.no\/industri\/\",\"name\":\"Mills Industri &amp; Bakeri\",\"description\":\"\",\"publisher\":{\"@id\":\"https:\/\/mills.no\/industri\/#organization\"},\"potentialAction\":[{\"@type\":\"SearchAction\",\"target\":{\"@type\":\"EntryPoint\",\"urlTemplate\":\"https:\/\/mills.no\/industri\/?s={search_term_string}\"},\"query-input\":{\"@type\":\"PropertyValueSpecification\",\"valueRequired\":true,\"valueName\":\"search_term_string\"}}],\"inLanguage\":\"nb-NO\"},{\"@type\":\"Organization\",\"@id\":\"https:\/\/mills.no\/industri\/#organization\",\"name\":\"Mills Industri &amp; Bakeri\",\"url\":\"https:\/\/mills.no\/industri\/\",\"logo\":{\"@type\":\"ImageObject\",\"inLanguage\":\"nb-NO\",\"@id\":\"https:\/\/mills.no\/industri\/#\/schema\/logo\/image\/\",\"url\":\"https:\/\/mills.no\/content\/uploads\/sites\/21\/2024\/10\/mills-industri-bakeri-logo-1.svg\",\"contentUrl\":\"https:\/\/mills.no\/content\/uploads\/sites\/21\/2024\/10\/mills-industri-bakeri-logo-1.svg\",\"caption\":\"Mills Industri &amp; Bakeri\"},\"image\":{\"@id\":\"https:\/\/mills.no\/industri\/#\/schema\/logo\/image\/\"}}]}<\/script>\n<!-- \/ Yoast SEO Premium plugin. -->","yoast_head_json":{"title":"Mills Srirachamajones - Mills Industri &amp; Bakeri","description":"Mills ekte majones smaksatt med en av verdens mest popul\u00e6re chilisauser, nemlig srirachasaus. Dette er en sterk chilimajones som setter ekstra smak p\u00e5 maten.","robots":{"index":"index","follow":"follow","max-snippet":"max-snippet:-1","max-image-preview":"max-image-preview:large","max-video-preview":"max-video-preview:-1"},"canonical":"https:\/\/mills.no\/industri\/produkt\/mills-srirachamajones\/","og_locale":"nb_NO","og_type":"article","og_title":"Mills Srirachamajones","og_description":"Mills ekte majones smaksatt med en av verdens mest popul\u00e6re chilisauser, nemlig srirachasaus. Dette er en sterk chilimajones som setter ekstra smak p\u00e5 maten.","og_url":"https:\/\/mills.no\/industri\/produkt\/mills-srirachamajones\/","og_site_name":"Mills Industri &amp; Bakeri","article_modified_time":"2025-01-08T10:21:18+00:00","og_image":[{"width":227,"height":600,"url":"https:\/\/mills.no\/content\/uploads\/sites\/21\/2024\/11\/7036110011837_G1N1_600px.png","type":"image\/png"}],"twitter_card":"summary_large_image","twitter_misc":{"Ansl. lesetid":"1 minutt"},"schema":{"@context":"https:\/\/schema.org","@graph":[{"@type":"WebPage","@id":"https:\/\/mills.no\/industri\/produkt\/mills-srirachamajones\/","url":"https:\/\/mills.no\/industri\/produkt\/mills-srirachamajones\/","name":"Mills Srirachamajones - Mills Industri &amp; Bakeri","isPartOf":{"@id":"https:\/\/mills.no\/industri\/#website"},"primaryImageOfPage":{"@id":"https:\/\/mills.no\/industri\/produkt\/mills-srirachamajones\/#primaryimage"},"image":{"@id":"https:\/\/mills.no\/industri\/produkt\/mills-srirachamajones\/#primaryimage"},"thumbnailUrl":"https:\/\/mills.no\/content\/uploads\/sites\/21\/2024\/11\/7036110011837_G1N1_600px.png","datePublished":"2024-11-14T14:20:18+00:00","dateModified":"2025-01-08T10:21:18+00:00","description":"Mills ekte majones smaksatt med en av verdens mest popul\u00e6re chilisauser, nemlig srirachasaus. Dette er en sterk chilimajones som setter ekstra smak p\u00e5 maten.","breadcrumb":{"@id":"https:\/\/mills.no\/industri\/produkt\/mills-srirachamajones\/#breadcrumb"},"inLanguage":"nb-NO","potentialAction":[{"@type":"ReadAction","target":["https:\/\/mills.no\/industri\/produkt\/mills-srirachamajones\/"]}]},{"@type":"ImageObject","inLanguage":"nb-NO","@id":"https:\/\/mills.no\/industri\/produkt\/mills-srirachamajones\/#primaryimage","url":"https:\/\/mills.no\/content\/uploads\/sites\/21\/2024\/11\/7036110011837_G1N1_600px.png","contentUrl":"https:\/\/mills.no\/content\/uploads\/sites\/21\/2024\/11\/7036110011837_G1N1_600px.png","width":227,"height":600,"caption":"Mills Peppermajones"},{"@type":"BreadcrumbList","@id":"https:\/\/mills.no\/industri\/produkt\/mills-srirachamajones\/#breadcrumb","itemListElement":[{"@type":"ListItem","position":1,"name":"Hjem","item":"https:\/\/mills.no\/industri\/"},{"@type":"ListItem","position":2,"name":"Produkter","item":"https:\/\/mills.no\/industri\/produkter\/"},{"@type":"ListItem","position":3,"name":"Mills Srirachamajones"}]},{"@type":"WebSite","@id":"https:\/\/mills.no\/industri\/#website","url":"https:\/\/mills.no\/industri\/","name":"Mills Industri &amp; Bakeri","description":"","publisher":{"@id":"https:\/\/mills.no\/industri\/#organization"},"potentialAction":[{"@type":"SearchAction","target":{"@type":"EntryPoint","urlTemplate":"https:\/\/mills.no\/industri\/?s={search_term_string}"},"query-input":{"@type":"PropertyValueSpecification","valueRequired":true,"valueName":"search_term_string"}}],"inLanguage":"nb-NO"},{"@type":"Organization","@id":"https:\/\/mills.no\/industri\/#organization","name":"Mills Industri &amp; Bakeri","url":"https:\/\/mills.no\/industri\/","logo":{"@type":"ImageObject","inLanguage":"nb-NO","@id":"https:\/\/mills.no\/industri\/#\/schema\/logo\/image\/","url":"https:\/\/mills.no\/content\/uploads\/sites\/21\/2024\/10\/mills-industri-bakeri-logo-1.svg","contentUrl":"https:\/\/mills.no\/content\/uploads\/sites\/21\/2024\/10\/mills-industri-bakeri-logo-1.svg","caption":"Mills Industri &amp; Bakeri"},"image":{"@id":"https:\/\/mills.no\/industri\/#\/schema\/logo\/image\/"}}]}},"_links":{"self":[{"href":"https:\/\/mills.no\/industri\/wp-json\/wp\/v2\/product\/156","targetHints":{"allow":["GET"]}}],"collection":[{"href":"https:\/\/mills.no\/industri\/wp-json\/wp\/v2\/product"}],"about":[{"href":"https:\/\/mills.no\/industri\/wp-json\/wp\/v2\/types\/product"}],"version-history":[{"count":2,"href":"https:\/\/mills.no\/industri\/wp-json\/wp\/v2\/product\/156\/revisions"}],"predecessor-version":[{"id":158,"href":"https:\/\/mills.no\/industri\/wp-json\/wp\/v2\/product\/156\/revisions\/158"}],"wp:featuredmedia":[{"embeddable":true,"href":"https:\/\/mills.no\/industri\/wp-json\/wp\/v2\/media\/147"}],"wp:attachment":[{"href":"https:\/\/mills.no\/industri\/wp-json\/wp\/v2\/media?parent=156"}],"wp:term":[{"taxonomy":"brand","embeddable":true,"href":"https:\/\/mills.no\/industri\/wp-json\/wp\/v2\/brand?post=156"},{"taxonomy":"allergen","embeddable":true,"href":"https:\/\/mills.no\/industri\/wp-json\/wp\/v2\/allergen?post=156"},{"taxonomy":"product_category","embeddable":true,"href":"https:\/\/mills.no\/industri\/wp-json\/wp\/v2\/product_category?post=156"},{"taxonomy":"product_label","embeddable":true,"href":"https:\/\/mills.no\/industri\/wp-json\/wp\/v2\/product_label?post=156"}],"curies":[{"name":"wp","href":"https:\/\/api.w.org\/{rel}","templated":true}]}}