{"id":25,"date":"2024-10-28T12:53:29","date_gmt":"2024-10-28T11:53:29","guid":{"rendered":"https:\/\/mills.no\/industri\/?post_type=product&#038;p=25"},"modified":"2025-01-08T11:21:29","modified_gmt":"2025-01-08T10:21:29","slug":"mills-no1","status":"publish","type":"product","link":"https:\/\/mills.no\/industri\/produkt\/mills-no1\/","title":{"rendered":"Mills No1"},"content":{"rendered":"\n\t\t<div class=\"has-background has-primary-light-background-color is-style-vertical-spacing alignwide is-section-text wp-block-mills-section has-background has-primary-light-background-color\">\n\t\t\t<div class=\"wp-block-mills-section__inner aligncenter\">\n\t\t\t\t\n\n<h1 class=\"wp-block-heading has-text-align-center\" id=\"h-mills-no1\" style=\"font-style:normal;font-weight:700\"><strong>Mills No1 <\/strong><\/h1>\n\n\n\n<p>Mills \u21161 har den samme gode smaken som tradisjonelt meierism\u00f8r, hele 40% lavere klimaavtrykk og 25% mindre mettet fett. Den fine blandingen av klaret sm\u00f8r, rapsolje og kjernemelk gj\u00f8r at du ikke trenger \u00e5 temperere No.1 f\u00f8r bruk.<\/p>\n\n\n\t\t\t<\/div>\n\t\t<\/div>\n\n\n\t\t<div class=\"has-background has-neutral-30-background-color is-style-vertical-spacing alignwide is-section-text wp-block-mills-section has-background has-neutral-30-background-color\">\n\t\t\t<div class=\"wp-block-mills-section__inner aligncenter\">\n\t\t\t\t\n\n<figure class=\"wp-block-image size-full\"><img loading=\"lazy\" decoding=\"async\" width=\"600\" height=\"332\" src=\"https:\/\/mills.no\/content\/uploads\/sites\/21\/2024\/10\/7036110210872_G1NB_600px.png\" alt=\"Mills no1 500 gram\" class=\"wp-image-26\" srcset=\"https:\/\/mills.no\/content\/uploads\/sites\/21\/2024\/10\/7036110210872_G1NB_600px.png 600w, https:\/\/mills.no\/content\/uploads\/sites\/21\/2024\/10\/7036110210872_G1NB_600px-300x166.png 300w, https:\/\/mills.no\/content\/uploads\/sites\/21\/2024\/10\/7036110210872_G1NB_600px-80x44.png 80w\" sizes=\"auto, (max-width: 600px) 100vw, 600px\" \/><\/figure>\n\n\n\n<p><\/p>\n\n\n\n<p><\/p>\n\n\n\n\t\t<div class=\"has-background has-secondary-background-color is-style-vertical-spacing is-style-horizontal-spacing aligncenter is-section-text wp-block-mills-section has-background has-secondary-background-color\">\n\t\t\t<div class=\"wp-block-mills-section__inner aligncenter\">\n\t\t\t\t\n\n<h3 class=\"wp-block-heading\" id=\"h-varenummer\"><strong>Varenummer:<\/strong><\/h3>\n\n\n\n<p><strong>Mills No1 18&#215;500 gram: <\/strong>149138<\/p>\n\n\n\n<p><strong>Mills No1 90&#215;5 kg:<\/strong> 149138<\/p>\n\n\n\t\t\t<\/div>\n\t\t<\/div>\n\n\t\t\t<\/div>\n\t\t<\/div>\n\n<div class=\"mills-block-food-labeling alignwide alignwide wp-block-mills-block-food-labeling\"><div class=\"left\"><section class=\"nutrients-section\"><header class\"nutrients-header\"><h3>N\u00e6ringsinnhold<\/h3><\/header><p class=\"nutrients-info\">100 gram gir.<\/p><div class=\"nutrients-list\"><div class=\"nutrient-item heading energy ENERGY_KJ\"><span>Energi<\/span><span>2690 kJ (720 kcal)<\/span><\/div><div class=\"empty-item\"><span>&nbsp;<\/span><\/div><div class=\"nutrient-item heading fat FAT\"><span>Fett<\/span><span>80 g<\/span><\/div><div class=\"nutrient-sub\"><span>Hvorav<\/span><\/div><div class=\"nutrient-item fat FASAT\"><span>&#8211; Mettet fett<\/span><span>39 g<\/span><\/div><div class=\"nutrient-item fat FAMSCIS\"><span>&#8211; Enumettet fett<\/span><span>27 g<\/span><\/div><div class=\"nutrient-item fat FAPUCIS\"><span>&#8211; Flerumettet fett<\/span><span>9 g<\/span><\/div><div class=\"empty-item\"><span>&nbsp;<\/span><\/div><div class=\"nutrient-item heading carbs CHOAVL\"><span>Karbohydrater<\/span><span>0.6 g<\/span><\/div><div class=\"nutrient-sub\"><span>Hvorav<\/span><\/div><div class=\"nutrient-item carbs SUGAR-\"><span>&#8211; Sukkerarter<\/span><span>0.6 g<\/span><\/div><div class=\"empty-item\"><span>&nbsp;<\/span><\/div><div class=\"nutrient-item heading protein PRO-\"><span>Protein<\/span><span>0.5 g<\/span><\/div><div class=\"empty-item\"><span>&nbsp;<\/span><\/div><div class=\"nutrient-item heading salt SALTEQ\"><span>Salt<\/span><span>1 g<\/span><\/div><div class=\"empty-item\"><span>&nbsp;<\/span><\/div><div class=\"nutrient-item heading vita \"><span>Vitamin A<\/span><span>900 \u00b5g<\/span><\/div><div class=\"nutrient-item vita \"><span>Vitamin D<\/span><span>10 \u00b5g<\/span><\/div><\/div><\/section><\/div><div class=\"right\"><section class=\"ingredients-section\"><header class=\"ingredients-header\"><h3>Ingredienser<\/h3><\/header><p class=\"ingredients-list\">Klaret sm\u00f8r (39 %) (fra fl\u00f8te\/sm\u00f8r) rapsolje (26 %), kjernemelk (13 %), kokosolje, fullherdet kokos- og rapsolje, vann, salt, emulgator (solsikkelecitin, monoglyserider av fettsyrer), naturlig sm\u00f8raroma, fargestoff (betakaroten), vitamin A, vitamin D<\/p><p class=\"ingredients-smallprint\"><small>Produktsammensetningen kan endres. Les derfor alltid ingredienslisten p\u00e5 emballasjen p\u00e5 produktet.<\/small><\/p><\/section>\n<section class=\"allergens-section contains\"><header class=\"allergens-header\"><h3>Allergener<\/h3><\/header><div class=\"wp-block-buttons\"><div class=\"wp-block-button is-style-outline AM\"><span class=\"wp-block-button__link\">Melk<i class=\"icon-IconAllergy-milk\"><\/i><\/span><\/div><\/div><\/section><\/div><\/div>","protected":false},"excerpt":{"rendered":"","protected":false},"featured_media":26,"menu_order":0,"template":"","meta":{"_searchwp_excluded":"","hide_post_title":true,"mills_central_gtin":"07036110210872","footnotes":""},"brand":[],"allergen":[22],"product_category":[3],"product_label":[],"class_list":["post-25","product","type-product","status-publish","has-post-thumbnail","hentry","allergen-melk","product_category-margarin-og-matfett"],"yoast_head":"<!-- This site is optimized with the Yoast SEO Premium plugin v26.9 (Yoast SEO v26.9) - https:\/\/yoast.com\/product\/yoast-seo-premium-wordpress\/ -->\n<title>Mills No1 - Mills Industri &amp; Bakeri<\/title>\n<meta name=\"robots\" content=\"index, follow, max-snippet:-1, max-image-preview:large, max-video-preview:-1\" \/>\n<link rel=\"canonical\" href=\"https:\/\/mills.no\/industri\/produkt\/mills-no1\/\" \/>\n<meta property=\"og:locale\" content=\"nb_NO\" \/>\n<meta property=\"og:type\" content=\"article\" \/>\n<meta property=\"og:title\" content=\"Mills No1\" \/>\n<meta property=\"og:url\" content=\"https:\/\/mills.no\/industri\/produkt\/mills-no1\/\" \/>\n<meta property=\"og:site_name\" content=\"Mills Industri &amp; Bakeri\" \/>\n<meta property=\"article:modified_time\" content=\"2025-01-08T10:21:29+00:00\" \/>\n<meta property=\"og:image\" content=\"https:\/\/mills.no\/content\/uploads\/sites\/21\/2024\/10\/7036110210872_G1NB_600px.png\" \/>\n\t<meta property=\"og:image:width\" content=\"600\" \/>\n\t<meta property=\"og:image:height\" content=\"332\" \/>\n\t<meta property=\"og:image:type\" content=\"image\/png\" \/>\n<meta name=\"twitter:card\" content=\"summary_large_image\" \/>\n<meta name=\"twitter:label1\" content=\"Ansl. lesetid\" \/>\n\t<meta name=\"twitter:data1\" content=\"1 minutt\" \/>\n<script type=\"application\/ld+json\" class=\"yoast-schema-graph\">{\"@context\":\"https:\/\/schema.org\",\"@graph\":[{\"@type\":\"WebPage\",\"@id\":\"https:\/\/mills.no\/industri\/produkt\/mills-no1\/\",\"url\":\"https:\/\/mills.no\/industri\/produkt\/mills-no1\/\",\"name\":\"Mills No1 - Mills Industri &amp; Bakeri\",\"isPartOf\":{\"@id\":\"https:\/\/mills.no\/industri\/#website\"},\"primaryImageOfPage\":{\"@id\":\"https:\/\/mills.no\/industri\/produkt\/mills-no1\/#primaryimage\"},\"image\":{\"@id\":\"https:\/\/mills.no\/industri\/produkt\/mills-no1\/#primaryimage\"},\"thumbnailUrl\":\"https:\/\/mills.no\/content\/uploads\/sites\/21\/2024\/10\/7036110210872_G1NB_600px.png\",\"datePublished\":\"2024-10-28T11:53:29+00:00\",\"dateModified\":\"2025-01-08T10:21:29+00:00\",\"breadcrumb\":{\"@id\":\"https:\/\/mills.no\/industri\/produkt\/mills-no1\/#breadcrumb\"},\"inLanguage\":\"nb-NO\",\"potentialAction\":[{\"@type\":\"ReadAction\",\"target\":[\"https:\/\/mills.no\/industri\/produkt\/mills-no1\/\"]}]},{\"@type\":\"ImageObject\",\"inLanguage\":\"nb-NO\",\"@id\":\"https:\/\/mills.no\/industri\/produkt\/mills-no1\/#primaryimage\",\"url\":\"https:\/\/mills.no\/content\/uploads\/sites\/21\/2024\/10\/7036110210872_G1NB_600px.png\",\"contentUrl\":\"https:\/\/mills.no\/content\/uploads\/sites\/21\/2024\/10\/7036110210872_G1NB_600px.png\",\"width\":600,\"height\":332,\"caption\":\"Mills no1 500 gram\"},{\"@type\":\"BreadcrumbList\",\"@id\":\"https:\/\/mills.no\/industri\/produkt\/mills-no1\/#breadcrumb\",\"itemListElement\":[{\"@type\":\"ListItem\",\"position\":1,\"name\":\"Hjem\",\"item\":\"https:\/\/mills.no\/industri\/\"},{\"@type\":\"ListItem\",\"position\":2,\"name\":\"Produkter\",\"item\":\"https:\/\/mills.no\/industri\/produkter\/\"},{\"@type\":\"ListItem\",\"position\":3,\"name\":\"Mills No1\"}]},{\"@type\":\"WebSite\",\"@id\":\"https:\/\/mills.no\/industri\/#website\",\"url\":\"https:\/\/mills.no\/industri\/\",\"name\":\"Mills Industri &amp; Bakeri\",\"description\":\"\",\"publisher\":{\"@id\":\"https:\/\/mills.no\/industri\/#organization\"},\"potentialAction\":[{\"@type\":\"SearchAction\",\"target\":{\"@type\":\"EntryPoint\",\"urlTemplate\":\"https:\/\/mills.no\/industri\/?s={search_term_string}\"},\"query-input\":{\"@type\":\"PropertyValueSpecification\",\"valueRequired\":true,\"valueName\":\"search_term_string\"}}],\"inLanguage\":\"nb-NO\"},{\"@type\":\"Organization\",\"@id\":\"https:\/\/mills.no\/industri\/#organization\",\"name\":\"Mills Industri &amp; Bakeri\",\"url\":\"https:\/\/mills.no\/industri\/\",\"logo\":{\"@type\":\"ImageObject\",\"inLanguage\":\"nb-NO\",\"@id\":\"https:\/\/mills.no\/industri\/#\/schema\/logo\/image\/\",\"url\":\"https:\/\/mills.no\/content\/uploads\/sites\/21\/2024\/10\/mills-industri-bakeri-logo-1.svg\",\"contentUrl\":\"https:\/\/mills.no\/content\/uploads\/sites\/21\/2024\/10\/mills-industri-bakeri-logo-1.svg\",\"caption\":\"Mills Industri &amp; Bakeri\"},\"image\":{\"@id\":\"https:\/\/mills.no\/industri\/#\/schema\/logo\/image\/\"}}]}<\/script>\n<!-- \/ Yoast SEO Premium plugin. -->","yoast_head_json":{"title":"Mills No1 - Mills Industri &amp; Bakeri","robots":{"index":"index","follow":"follow","max-snippet":"max-snippet:-1","max-image-preview":"max-image-preview:large","max-video-preview":"max-video-preview:-1"},"canonical":"https:\/\/mills.no\/industri\/produkt\/mills-no1\/","og_locale":"nb_NO","og_type":"article","og_title":"Mills No1","og_url":"https:\/\/mills.no\/industri\/produkt\/mills-no1\/","og_site_name":"Mills Industri &amp; Bakeri","article_modified_time":"2025-01-08T10:21:29+00:00","og_image":[{"width":600,"height":332,"url":"https:\/\/mills.no\/content\/uploads\/sites\/21\/2024\/10\/7036110210872_G1NB_600px.png","type":"image\/png"}],"twitter_card":"summary_large_image","twitter_misc":{"Ansl. lesetid":"1 minutt"},"schema":{"@context":"https:\/\/schema.org","@graph":[{"@type":"WebPage","@id":"https:\/\/mills.no\/industri\/produkt\/mills-no1\/","url":"https:\/\/mills.no\/industri\/produkt\/mills-no1\/","name":"Mills No1 - Mills Industri &amp; Bakeri","isPartOf":{"@id":"https:\/\/mills.no\/industri\/#website"},"primaryImageOfPage":{"@id":"https:\/\/mills.no\/industri\/produkt\/mills-no1\/#primaryimage"},"image":{"@id":"https:\/\/mills.no\/industri\/produkt\/mills-no1\/#primaryimage"},"thumbnailUrl":"https:\/\/mills.no\/content\/uploads\/sites\/21\/2024\/10\/7036110210872_G1NB_600px.png","datePublished":"2024-10-28T11:53:29+00:00","dateModified":"2025-01-08T10:21:29+00:00","breadcrumb":{"@id":"https:\/\/mills.no\/industri\/produkt\/mills-no1\/#breadcrumb"},"inLanguage":"nb-NO","potentialAction":[{"@type":"ReadAction","target":["https:\/\/mills.no\/industri\/produkt\/mills-no1\/"]}]},{"@type":"ImageObject","inLanguage":"nb-NO","@id":"https:\/\/mills.no\/industri\/produkt\/mills-no1\/#primaryimage","url":"https:\/\/mills.no\/content\/uploads\/sites\/21\/2024\/10\/7036110210872_G1NB_600px.png","contentUrl":"https:\/\/mills.no\/content\/uploads\/sites\/21\/2024\/10\/7036110210872_G1NB_600px.png","width":600,"height":332,"caption":"Mills no1 500 gram"},{"@type":"BreadcrumbList","@id":"https:\/\/mills.no\/industri\/produkt\/mills-no1\/#breadcrumb","itemListElement":[{"@type":"ListItem","position":1,"name":"Hjem","item":"https:\/\/mills.no\/industri\/"},{"@type":"ListItem","position":2,"name":"Produkter","item":"https:\/\/mills.no\/industri\/produkter\/"},{"@type":"ListItem","position":3,"name":"Mills No1"}]},{"@type":"WebSite","@id":"https:\/\/mills.no\/industri\/#website","url":"https:\/\/mills.no\/industri\/","name":"Mills Industri &amp; Bakeri","description":"","publisher":{"@id":"https:\/\/mills.no\/industri\/#organization"},"potentialAction":[{"@type":"SearchAction","target":{"@type":"EntryPoint","urlTemplate":"https:\/\/mills.no\/industri\/?s={search_term_string}"},"query-input":{"@type":"PropertyValueSpecification","valueRequired":true,"valueName":"search_term_string"}}],"inLanguage":"nb-NO"},{"@type":"Organization","@id":"https:\/\/mills.no\/industri\/#organization","name":"Mills Industri &amp; Bakeri","url":"https:\/\/mills.no\/industri\/","logo":{"@type":"ImageObject","inLanguage":"nb-NO","@id":"https:\/\/mills.no\/industri\/#\/schema\/logo\/image\/","url":"https:\/\/mills.no\/content\/uploads\/sites\/21\/2024\/10\/mills-industri-bakeri-logo-1.svg","contentUrl":"https:\/\/mills.no\/content\/uploads\/sites\/21\/2024\/10\/mills-industri-bakeri-logo-1.svg","caption":"Mills Industri &amp; Bakeri"},"image":{"@id":"https:\/\/mills.no\/industri\/#\/schema\/logo\/image\/"}}]}},"_links":{"self":[{"href":"https:\/\/mills.no\/industri\/wp-json\/wp\/v2\/product\/25","targetHints":{"allow":["GET"]}}],"collection":[{"href":"https:\/\/mills.no\/industri\/wp-json\/wp\/v2\/product"}],"about":[{"href":"https:\/\/mills.no\/industri\/wp-json\/wp\/v2\/types\/product"}],"version-history":[{"count":8,"href":"https:\/\/mills.no\/industri\/wp-json\/wp\/v2\/product\/25\/revisions"}],"predecessor-version":[{"id":35,"href":"https:\/\/mills.no\/industri\/wp-json\/wp\/v2\/product\/25\/revisions\/35"}],"wp:featuredmedia":[{"embeddable":true,"href":"https:\/\/mills.no\/industri\/wp-json\/wp\/v2\/media\/26"}],"wp:attachment":[{"href":"https:\/\/mills.no\/industri\/wp-json\/wp\/v2\/media?parent=25"}],"wp:term":[{"taxonomy":"brand","embeddable":true,"href":"https:\/\/mills.no\/industri\/wp-json\/wp\/v2\/brand?post=25"},{"taxonomy":"allergen","embeddable":true,"href":"https:\/\/mills.no\/industri\/wp-json\/wp\/v2\/allergen?post=25"},{"taxonomy":"product_category","embeddable":true,"href":"https:\/\/mills.no\/industri\/wp-json\/wp\/v2\/product_category?post=25"},{"taxonomy":"product_label","embeddable":true,"href":"https:\/\/mills.no\/industri\/wp-json\/wp\/v2\/product_label?post=25"}],"curies":[{"name":"wp","href":"https:\/\/api.w.org\/{rel}","templated":true}]}}