{"id":55,"date":"2016-02-26T10:33:04","date_gmt":"2016-02-26T09:33:35","guid":{"rendered":"https:\/\/mills.no\/lohmanders\/om-lohmanders\/"},"modified":"2024-02-07T09:16:54","modified_gmt":"2024-02-07T08:16:54","slug":"om-lohmanders","status":"publish","type":"page","link":"https:\/\/mills.no\/lohmanders\/om-lohmanders\/","title":{"rendered":"Om Lohmanders"},"content":{"rendered":"<div class=\"mills-block-featured alignwide alignwide wp-block-mills-block-featured\"><img loading=\"lazy\" decoding=\"async\" width=\"1920\" height=\"930\" style=\"width:100%;height:100%;object-fit:cover\" src=\"https:\/\/mills.no\/content\/uploads\/sites\/10\/2016\/02\/biff_barnaise_1920x930_acf_cropped_1920x930_acf_cropped.jpg\" class=\"wp-block-cover__image-background\" alt=\"\" srcset=\"https:\/\/mills.no\/content\/uploads\/sites\/10\/2016\/02\/biff_barnaise_1920x930_acf_cropped_1920x930_acf_cropped.jpg 1920w, https:\/\/mills.no\/content\/uploads\/sites\/10\/2016\/02\/biff_barnaise_1920x930_acf_cropped_1920x930_acf_cropped-300x145.jpg 300w, https:\/\/mills.no\/content\/uploads\/sites\/10\/2016\/02\/biff_barnaise_1920x930_acf_cropped_1920x930_acf_cropped-1024x496.jpg 1024w, https:\/\/mills.no\/content\/uploads\/sites\/10\/2016\/02\/biff_barnaise_1920x930_acf_cropped_1920x930_acf_cropped-768x372.jpg 768w, https:\/\/mills.no\/content\/uploads\/sites\/10\/2016\/02\/biff_barnaise_1920x930_acf_cropped_1920x930_acf_cropped-1536x744.jpg 1536w, https:\/\/mills.no\/content\/uploads\/sites\/10\/2016\/02\/biff_barnaise_1920x930_acf_cropped_1920x930_acf_cropped-80x39.jpg 80w\" sizes=\"auto, (max-width: 1920px) 100vw, 1920px\" \/><div class=\"wp-block-cover__inner-container\">\n<h1 class=\"has-text-align-center wp-block-post-title has-text-color has-neutral-1000-color\">Om Lohmanders<\/h1>\n<p class=\"t2-ingress has-text-align-center align wp-block-t2-ingress\">P\u00e5 en familiemiddag p\u00e5 midten av 70-tallet kom Bertil Lohmanders og Jan Knapo inn p\u00e5 ett av deres favorittemner: musikk og mat. Faktisk ble de s\u00e5 inspirerte at de bestemte seg for \u00e5 realisere en av deres st\u00f8rste dr\u00f8mmer \u2013 \u00e5 lage den perfekte sausen!\n<\/p>\n<div class=\"has-text-align-center mills-published-date wp-block-post-date has-text-color has-neutral-1000-color\"><time datetime=\"2016-02-26T10:33:04+01:00\">26. februar 2016<\/time><\/div>\n<\/div><\/div>\n\n\t\t<div class=\"has-background has-neutral-0-background-color is-style-vertical-spacing alignwide wp-block-mills-section has-background has-neutral-0-background-color\">\n\t\t\t<div class=\"wp-block-mills-section__inner aligncenter\">\n\t\t\t\t\n\n<p style=\"text-align:left;\">Sausene til Bertil Lohmander var s\u00e5 gode at flere begynte \u00e5 lure om ikke de kunne f\u00e5 kj\u00f8pe noen av hans sauser. Dette var starten p\u00e5 et eventyr, og siden 70-tallet har Bertil jobbet for \u00e5 lage de perfekte sausene. Aller mest opptatt har han v\u00e6rt av \u00e5 lage den perfekte bearnaisesausen.<\/p>\n\n<p style=\"text-align:left;\">Bearnaisen ble s\u00e5 popul\u00e6r at den etter hvert ble solgt til butikker. F\u00f8rst i beskjeden skala med et par tusen bokser, men bare fem \u00e5r senere var de oppe i over en million solgte. Lohmanders er i dag en folkefavoritt i Sverige, og n\u00e5 fortsetter eventyret i Norge.<\/p>\n\n\t\t\t<\/div>\n\t\t<\/div>","protected":false},"excerpt":{"rendered":"<p>P\u00e5 en familiemiddag p\u00e5 midten av 70-tallet kom Bertil Lohmanders og Jan Knapo inn p\u00e5 ett av deres favorittemner: musikk&hellip;<\/p>\n","protected":false},"author":1,"featured_media":56,"parent":0,"menu_order":0,"comment_status":"closed","ping_status":"closed","template":"","meta":{"_searchwp_excluded":"","hide_post_title":false,"footnotes":""},"class_list":["post-55","page","type-page","status-publish","has-post-thumbnail","hentry"],"yoast_head":"<!-- This site is optimized with the Yoast SEO Premium plugin v26.9 (Yoast SEO v26.9) - https:\/\/yoast.com\/product\/yoast-seo-premium-wordpress\/ -->\n<title>Historien om Lohmanders<\/title>\n<meta name=\"description\" content=\"Mange gode historier begynner med en god middag. Ogs\u00e5 historien om Lohmanders.\" \/>\n<meta name=\"robots\" content=\"index, follow, max-snippet:-1, max-image-preview:large, max-video-preview:-1\" \/>\n<link rel=\"canonical\" href=\"https:\/\/mills.no\/lohmanders\/om-lohmanders\/\" \/>\n<meta property=\"og:locale\" content=\"nb_NO\" \/>\n<meta property=\"og:type\" content=\"article\" \/>\n<meta property=\"og:title\" content=\"Om Lohmanders\" \/>\n<meta property=\"og:description\" content=\"Mange gode historier begynner med en god middag. Ogs\u00e5 historien om Lohmanders.\" \/>\n<meta property=\"og:url\" content=\"https:\/\/mills.no\/lohmanders\/om-lohmanders\/\" \/>\n<meta property=\"og:site_name\" content=\"Lohmanders\" \/>\n<meta property=\"article:modified_time\" content=\"2024-02-07T08:16:54+00:00\" \/>\n<meta property=\"og:image\" content=\"https:\/\/mills.no\/content\/uploads\/sites\/10\/2016\/02\/biff_barnaise_1920x930_acf_cropped_1920x930_acf_cropped.jpg\" \/>\n\t<meta property=\"og:image:width\" content=\"1920\" \/>\n\t<meta property=\"og:image:height\" content=\"930\" \/>\n\t<meta property=\"og:image:type\" content=\"image\/jpeg\" \/>\n<meta name=\"twitter:card\" content=\"summary_large_image\" \/>\n<meta name=\"twitter:label1\" content=\"Ansl. lesetid\" \/>\n\t<meta name=\"twitter:data1\" content=\"1 minutt\" \/>\n<script type=\"application\/ld+json\" class=\"yoast-schema-graph\">{\"@context\":\"https:\/\/schema.org\",\"@graph\":[{\"@type\":\"WebPage\",\"@id\":\"https:\/\/mills.no\/lohmanders\/om-lohmanders\/\",\"url\":\"https:\/\/mills.no\/lohmanders\/om-lohmanders\/\",\"name\":\"Historien om Lohmanders\",\"isPartOf\":{\"@id\":\"https:\/\/mills.no\/lohmanders\/#website\"},\"primaryImageOfPage\":{\"@id\":\"https:\/\/mills.no\/lohmanders\/om-lohmanders\/#primaryimage\"},\"image\":{\"@id\":\"https:\/\/mills.no\/lohmanders\/om-lohmanders\/#primaryimage\"},\"thumbnailUrl\":\"https:\/\/mills.no\/content\/uploads\/sites\/10\/2016\/02\/biff_barnaise_1920x930_acf_cropped_1920x930_acf_cropped.jpg\",\"datePublished\":\"2016-02-26T09:33:35+00:00\",\"dateModified\":\"2024-02-07T08:16:54+00:00\",\"description\":\"Mange gode historier begynner med en god middag. Ogs\u00e5 historien om Lohmanders.\",\"breadcrumb\":{\"@id\":\"https:\/\/mills.no\/lohmanders\/om-lohmanders\/#breadcrumb\"},\"inLanguage\":\"nb-NO\",\"potentialAction\":[{\"@type\":\"ReadAction\",\"target\":[\"https:\/\/mills.no\/lohmanders\/om-lohmanders\/\"]}]},{\"@type\":\"ImageObject\",\"inLanguage\":\"nb-NO\",\"@id\":\"https:\/\/mills.no\/lohmanders\/om-lohmanders\/#primaryimage\",\"url\":\"https:\/\/mills.no\/content\/uploads\/sites\/10\/2016\/02\/biff_barnaise_1920x930_acf_cropped_1920x930_acf_cropped.jpg\",\"contentUrl\":\"https:\/\/mills.no\/content\/uploads\/sites\/10\/2016\/02\/biff_barnaise_1920x930_acf_cropped_1920x930_acf_cropped.jpg\",\"width\":1920,\"height\":930},{\"@type\":\"BreadcrumbList\",\"@id\":\"https:\/\/mills.no\/lohmanders\/om-lohmanders\/#breadcrumb\",\"itemListElement\":[{\"@type\":\"ListItem\",\"position\":1,\"name\":\"Home\",\"item\":\"https:\/\/mills.no\/lohmanders\/\"},{\"@type\":\"ListItem\",\"position\":2,\"name\":\"Om Lohmanders\"}]},{\"@type\":\"WebSite\",\"@id\":\"https:\/\/mills.no\/lohmanders\/#website\",\"url\":\"https:\/\/mills.no\/lohmanders\/\",\"name\":\"Lohmanders\",\"description\":\"En serie smakfulle sauser\",\"publisher\":{\"@id\":\"https:\/\/mills.no\/lohmanders\/#organization\"},\"potentialAction\":[{\"@type\":\"SearchAction\",\"target\":{\"@type\":\"EntryPoint\",\"urlTemplate\":\"https:\/\/mills.no\/lohmanders\/?s={search_term_string}\"},\"query-input\":{\"@type\":\"PropertyValueSpecification\",\"valueRequired\":true,\"valueName\":\"search_term_string\"}}],\"inLanguage\":\"nb-NO\"},{\"@type\":\"Organization\",\"@id\":\"https:\/\/mills.no\/lohmanders\/#organization\",\"name\":\"Lohmanders\",\"url\":\"https:\/\/mills.no\/lohmanders\/\",\"logo\":{\"@type\":\"ImageObject\",\"inLanguage\":\"nb-NO\",\"@id\":\"https:\/\/mills.no\/lohmanders\/#\/schema\/logo\/image\/\",\"url\":\"https:\/\/mills.no\/content\/uploads\/sites\/10\/2022\/06\/Logo_Lohmanders_2022.svg\",\"contentUrl\":\"https:\/\/mills.no\/content\/uploads\/sites\/10\/2022\/06\/Logo_Lohmanders_2022.svg\",\"caption\":\"Lohmanders\"},\"image\":{\"@id\":\"https:\/\/mills.no\/lohmanders\/#\/schema\/logo\/image\/\"}}]}<\/script>\n<!-- \/ Yoast SEO Premium plugin. -->","yoast_head_json":{"title":"Historien om Lohmanders","description":"Mange gode historier begynner med en god middag. Ogs\u00e5 historien om Lohmanders.","robots":{"index":"index","follow":"follow","max-snippet":"max-snippet:-1","max-image-preview":"max-image-preview:large","max-video-preview":"max-video-preview:-1"},"canonical":"https:\/\/mills.no\/lohmanders\/om-lohmanders\/","og_locale":"nb_NO","og_type":"article","og_title":"Om Lohmanders","og_description":"Mange gode historier begynner med en god middag. Ogs\u00e5 historien om Lohmanders.","og_url":"https:\/\/mills.no\/lohmanders\/om-lohmanders\/","og_site_name":"Lohmanders","article_modified_time":"2024-02-07T08:16:54+00:00","og_image":[{"width":1920,"height":930,"url":"https:\/\/mills.no\/content\/uploads\/sites\/10\/2016\/02\/biff_barnaise_1920x930_acf_cropped_1920x930_acf_cropped.jpg","type":"image\/jpeg"}],"twitter_card":"summary_large_image","twitter_misc":{"Ansl. lesetid":"1 minutt"},"schema":{"@context":"https:\/\/schema.org","@graph":[{"@type":"WebPage","@id":"https:\/\/mills.no\/lohmanders\/om-lohmanders\/","url":"https:\/\/mills.no\/lohmanders\/om-lohmanders\/","name":"Historien om Lohmanders","isPartOf":{"@id":"https:\/\/mills.no\/lohmanders\/#website"},"primaryImageOfPage":{"@id":"https:\/\/mills.no\/lohmanders\/om-lohmanders\/#primaryimage"},"image":{"@id":"https:\/\/mills.no\/lohmanders\/om-lohmanders\/#primaryimage"},"thumbnailUrl":"https:\/\/mills.no\/content\/uploads\/sites\/10\/2016\/02\/biff_barnaise_1920x930_acf_cropped_1920x930_acf_cropped.jpg","datePublished":"2016-02-26T09:33:35+00:00","dateModified":"2024-02-07T08:16:54+00:00","description":"Mange gode historier begynner med en god middag. Ogs\u00e5 historien om Lohmanders.","breadcrumb":{"@id":"https:\/\/mills.no\/lohmanders\/om-lohmanders\/#breadcrumb"},"inLanguage":"nb-NO","potentialAction":[{"@type":"ReadAction","target":["https:\/\/mills.no\/lohmanders\/om-lohmanders\/"]}]},{"@type":"ImageObject","inLanguage":"nb-NO","@id":"https:\/\/mills.no\/lohmanders\/om-lohmanders\/#primaryimage","url":"https:\/\/mills.no\/content\/uploads\/sites\/10\/2016\/02\/biff_barnaise_1920x930_acf_cropped_1920x930_acf_cropped.jpg","contentUrl":"https:\/\/mills.no\/content\/uploads\/sites\/10\/2016\/02\/biff_barnaise_1920x930_acf_cropped_1920x930_acf_cropped.jpg","width":1920,"height":930},{"@type":"BreadcrumbList","@id":"https:\/\/mills.no\/lohmanders\/om-lohmanders\/#breadcrumb","itemListElement":[{"@type":"ListItem","position":1,"name":"Home","item":"https:\/\/mills.no\/lohmanders\/"},{"@type":"ListItem","position":2,"name":"Om Lohmanders"}]},{"@type":"WebSite","@id":"https:\/\/mills.no\/lohmanders\/#website","url":"https:\/\/mills.no\/lohmanders\/","name":"Lohmanders","description":"En serie smakfulle sauser","publisher":{"@id":"https:\/\/mills.no\/lohmanders\/#organization"},"potentialAction":[{"@type":"SearchAction","target":{"@type":"EntryPoint","urlTemplate":"https:\/\/mills.no\/lohmanders\/?s={search_term_string}"},"query-input":{"@type":"PropertyValueSpecification","valueRequired":true,"valueName":"search_term_string"}}],"inLanguage":"nb-NO"},{"@type":"Organization","@id":"https:\/\/mills.no\/lohmanders\/#organization","name":"Lohmanders","url":"https:\/\/mills.no\/lohmanders\/","logo":{"@type":"ImageObject","inLanguage":"nb-NO","@id":"https:\/\/mills.no\/lohmanders\/#\/schema\/logo\/image\/","url":"https:\/\/mills.no\/content\/uploads\/sites\/10\/2022\/06\/Logo_Lohmanders_2022.svg","contentUrl":"https:\/\/mills.no\/content\/uploads\/sites\/10\/2022\/06\/Logo_Lohmanders_2022.svg","caption":"Lohmanders"},"image":{"@id":"https:\/\/mills.no\/lohmanders\/#\/schema\/logo\/image\/"}}]}},"_links":{"self":[{"href":"https:\/\/mills.no\/lohmanders\/wp-json\/wp\/v2\/pages\/55","targetHints":{"allow":["GET"]}}],"collection":[{"href":"https:\/\/mills.no\/lohmanders\/wp-json\/wp\/v2\/pages"}],"about":[{"href":"https:\/\/mills.no\/lohmanders\/wp-json\/wp\/v2\/types\/page"}],"author":[{"embeddable":true,"href":"https:\/\/mills.no\/lohmanders\/wp-json\/wp\/v2\/users\/1"}],"replies":[{"embeddable":true,"href":"https:\/\/mills.no\/lohmanders\/wp-json\/wp\/v2\/comments?post=55"}],"version-history":[{"count":9,"href":"https:\/\/mills.no\/lohmanders\/wp-json\/wp\/v2\/pages\/55\/revisions"}],"predecessor-version":[{"id":121,"href":"https:\/\/mills.no\/lohmanders\/wp-json\/wp\/v2\/pages\/55\/revisions\/121"}],"wp:featuredmedia":[{"embeddable":true,"href":"https:\/\/mills.no\/lohmanders\/wp-json\/wp\/v2\/media\/56"}],"wp:attachment":[{"href":"https:\/\/mills.no\/lohmanders\/wp-json\/wp\/v2\/media?parent=55"}],"curies":[{"name":"wp","href":"https:\/\/api.w.org\/{rel}","templated":true}]}}