{"id":57,"date":"2016-02-26T10:32:04","date_gmt":"2016-02-26T09:32:45","guid":{"rendered":"https:\/\/mills.no\/lohmanders\/lohmanders\/"},"modified":"2024-02-07T09:16:54","modified_gmt":"2024-02-07T08:16:54","slug":"lohmanders","status":"publish","type":"page","link":"https:\/\/mills.no\/lohmanders\/","title":{"rendered":"Lohmanders"},"content":{"rendered":"<div class=\"mills-block-featured alignwide alignwide wp-block-mills-block-featured\"><img loading=\"lazy\" decoding=\"async\" width=\"1920\" height=\"1439\" style=\"width:100%;height:100%;object-fit:cover\" src=\"https:\/\/mills.no\/content\/uploads\/sites\/10\/2022\/06\/Lohmanders_Bernaise_biff_mais.jpg\" class=\"wp-block-cover__image-background\" alt=\"Lohmanders Bernaise med biff og mais\" srcset=\"https:\/\/mills.no\/content\/uploads\/sites\/10\/2022\/06\/Lohmanders_Bernaise_biff_mais.jpg 1920w, https:\/\/mills.no\/content\/uploads\/sites\/10\/2022\/06\/Lohmanders_Bernaise_biff_mais-300x225.jpg 300w, https:\/\/mills.no\/content\/uploads\/sites\/10\/2022\/06\/Lohmanders_Bernaise_biff_mais-1024x767.jpg 1024w, https:\/\/mills.no\/content\/uploads\/sites\/10\/2022\/06\/Lohmanders_Bernaise_biff_mais-768x576.jpg 768w, https:\/\/mills.no\/content\/uploads\/sites\/10\/2022\/06\/Lohmanders_Bernaise_biff_mais-1536x1151.jpg 1536w, https:\/\/mills.no\/content\/uploads\/sites\/10\/2022\/06\/Lohmanders_Bernaise_biff_mais-80x60.jpg 80w\" sizes=\"auto, (max-width: 1920px) 100vw, 1920px\" \/><div class=\"wp-block-cover__inner-container\">\n<h1 class=\"has-text-align-center wp-block-post-title has-text-color has-neutral-1000-color\">Lohmanders<\/h1>\n\n<p class=\"t2-ingress has-text-align-center align wp-block-t2-ingress\">Lohmanders er en sausfavoritt mange kjenner fra Sverige. N\u00e5 finnes den ogs\u00e5 i Norge. \n<\/p>\n<\/div><\/div>\n\n\n\t\t<div class=\"has-background has-neutral-50-background-color is-style-vertical-spacing is-style-horizontal-spacing alignwide wp-block-mills-section has-background has-neutral-50-background-color\">\n\t\t\t<div class=\"wp-block-mills-section__inner alignwide\">\n\t\t\t\t\n\n<h2 class=\"has-text-align-center aligncenter wp-block-heading\" id=\"h-vare-produkter\">V\u00e5re produkter<\/h2>\n\n\n<div class=\"t2-featured-content-layout alignwide alignwide wp-block-t2-featured-content-layout\" role=\"list\">\n<div class=\"t2-featured-single-post t2-featured-content is-post-type-product brand-lohmanders allergen-egg allergen-sennep product_category-middagstilbehor wp-block-t2-featured-single-post\" role=\"listitem\"><a class=\"t2-post-link wp-block-t2-post-link\" href=\"https:\/\/mills.no\/lohmanders\/produkt\/aioli-kremet\/\">\n<figure style=\"--t2-focal-point: 50% 50%;\" class=\"t2-post-featured-image has-image-ratio-16-9 wp-block-t2-post-featured-image\"><img loading=\"lazy\" decoding=\"async\" width=\"501\" height=\"500\" src=\"https:\/\/mills.no\/content\/uploads\/2016\/03\/Lohmanders_Aioli_Original_lokk.png\" class=\"attachment-medium-large size-medium-large wp-post-image\" alt=\"Lohmanders Aioli Original\" srcset=\"https:\/\/mills.no\/content\/uploads\/2016\/03\/Lohmanders_Aioli_Original_lokk.png 501w, https:\/\/mills.no\/content\/uploads\/2016\/03\/Lohmanders_Aioli_Original_lokk-300x300.png 300w, https:\/\/mills.no\/content\/uploads\/2016\/03\/Lohmanders_Aioli_Original_lokk-150x150.png 150w, https:\/\/mills.no\/content\/uploads\/2016\/03\/Lohmanders_Aioli_Original_lokk-80x80.png 80w\" sizes=\"auto, (max-width: 501px) 100vw, 501px\" \/><\/figure>\n\n<div class=\"wp-block-group alignfull is-layout-flow wp-block-group-is-layout-flow\">\n\t\n\t\t<div class=\"tax-product_label wp-block-mills-post-terms\">\n\t\t\t\n\t\t<\/div>\n\t<h2 class=\"t2-post-title wp-block-t2-post-title\">Lohmanders Aioli kremet<\/h2>\n\t<div class=\"t2-post-excerpt wp-block-t2-post-excerpt\"><p>Den kjente klassikeren. En kremet aioli med et kick av hvitl\u00f8k som du enkelt kan servere rett fra begeret. Passer&hellip;<\/p><\/div>\n<\/div>\n\n<\/a>\n<\/div>\n\n<div class=\"t2-featured-single-post t2-featured-content is-post-type-product brand-lohmanders allergen-egg product_category-middagstilbehor wp-block-t2-featured-single-post\" role=\"listitem\"><a class=\"t2-post-link wp-block-t2-post-link\" href=\"https:\/\/mills.no\/lohmanders\/produkt\/bearnaise-kremet\/\">\n<figure style=\"--t2-focal-point: 50% 50%;\" class=\"t2-post-featured-image has-image-ratio-16-9 wp-block-t2-post-featured-image\"><img loading=\"lazy\" decoding=\"async\" width=\"498\" height=\"500\" src=\"https:\/\/mills.no\/content\/uploads\/2016\/03\/Lohmanders_Bernaise_Original_lokk.png\" class=\"attachment-medium-large size-medium-large wp-post-image\" alt=\"Lohmanders Bernaise Original\" srcset=\"https:\/\/mills.no\/content\/uploads\/2016\/03\/Lohmanders_Bernaise_Original_lokk.png 498w, https:\/\/mills.no\/content\/uploads\/2016\/03\/Lohmanders_Bernaise_Original_lokk-300x300.png 300w, https:\/\/mills.no\/content\/uploads\/2016\/03\/Lohmanders_Bernaise_Original_lokk-150x150.png 150w, https:\/\/mills.no\/content\/uploads\/2016\/03\/Lohmanders_Bernaise_Original_lokk-80x80.png 80w\" sizes=\"auto, (max-width: 498px) 100vw, 498px\" \/><\/figure>\n\n<div class=\"wp-block-group alignfull is-layout-flow wp-block-group-is-layout-flow\">\n\t\n\t\t<div class=\"tax-product_label wp-block-mills-post-terms\">\n\t\t\t\n\t\t<\/div>\n\t<h2 class=\"t2-post-title wp-block-t2-post-title\">Lohmanders Bearnaise Original<\/h2>\n\t<div class=\"t2-post-excerpt wp-block-t2-post-excerpt\"><p>Bearnaise er kongen av saus, selve originalen blant Lohmanders sine sauser. En velsmakende og kremet bearnaise du enkelt kan servere&hellip;<\/p><\/div>\n<\/div>\n\n<\/a>\n<\/div>\n\n<div class=\"t2-featured-single-post t2-featured-content is-post-type-product brand-lohmanders allergen-egg product_category-middagstilbehor wp-block-t2-featured-single-post\" role=\"listitem\"><a class=\"t2-post-link wp-block-t2-post-link\" href=\"https:\/\/mills.no\/lohmanders\/produkt\/bernaise-hot\/\">\n<figure style=\"--t2-focal-point: 50% 50%;\" class=\"t2-post-featured-image has-image-ratio-16-9 wp-block-t2-post-featured-image\"><img loading=\"lazy\" decoding=\"async\" width=\"500\" height=\"500\" src=\"https:\/\/mills.no\/content\/uploads\/2016\/04\/Lohmanders_Bernaise_Hot_Chili_lokk.png\" class=\"attachment-medium-large size-medium-large wp-post-image\" alt=\"Lohmanders Bernaise Hot Chili Lokk\" srcset=\"https:\/\/mills.no\/content\/uploads\/2016\/04\/Lohmanders_Bernaise_Hot_Chili_lokk.png 500w, https:\/\/mills.no\/content\/uploads\/2016\/04\/Lohmanders_Bernaise_Hot_Chili_lokk-300x300.png 300w, https:\/\/mills.no\/content\/uploads\/2016\/04\/Lohmanders_Bernaise_Hot_Chili_lokk-150x150.png 150w, https:\/\/mills.no\/content\/uploads\/2016\/04\/Lohmanders_Bernaise_Hot_Chili_lokk-80x80.png 80w\" sizes=\"auto, (max-width: 500px) 100vw, 500px\" \/><\/figure>\n\n<div class=\"wp-block-group alignfull is-layout-flow wp-block-group-is-layout-flow\">\n\t\n\t\t<div class=\"tax-product_label wp-block-mills-post-terms\">\n\t\t\t\n\t\t<\/div>\n\t<h2 class=\"t2-post-title wp-block-t2-post-title\">Lohmanders Bernaise Hot<\/h2>\n\t<div class=\"t2-post-excerpt wp-block-t2-post-excerpt\"><p>Kongen av saus i het variant. En velsmakende og kremet bearnaise med en klype chilli som du enkelt kan servere&hellip;<\/p><\/div>\n<\/div>\n\n<\/a>\n<\/div>\n\n\n\n\n<\/div>\n\n\t\t\t<\/div>\n\t\t<\/div>\n\n\n<div class=\"wp-block-media-text alignwide has-media-on-the-right is-stacked-on-mobile is-image-fill has-neutral-1000-color has-neutral-0-background-color has-text-color has-background\"><figure class=\"wp-block-media-text__media\" style=\"background-image:url(https:\/\/mills.no\/content\/uploads\/sites\/10\/2022\/06\/Miljobilde_Lohmanders_nytt-design-1024x452.jpg);background-position:50% 50%\"><img loading=\"lazy\" decoding=\"async\" width=\"1024\" height=\"452\" src=\"https:\/\/mills.no\/content\/uploads\/sites\/10\/2022\/06\/Miljobilde_Lohmanders_nytt-design-1024x452.jpg\" alt=\"\" class=\"wp-image-110 size-full\" srcset=\"https:\/\/mills.no\/content\/uploads\/sites\/10\/2022\/06\/Miljobilde_Lohmanders_nytt-design-1024x452.jpg 1024w, https:\/\/mills.no\/content\/uploads\/sites\/10\/2022\/06\/Miljobilde_Lohmanders_nytt-design-300x132.jpg 300w, https:\/\/mills.no\/content\/uploads\/sites\/10\/2022\/06\/Miljobilde_Lohmanders_nytt-design-768x339.jpg 768w, https:\/\/mills.no\/content\/uploads\/sites\/10\/2022\/06\/Miljobilde_Lohmanders_nytt-design-1536x678.jpg 1536w, https:\/\/mills.no\/content\/uploads\/sites\/10\/2022\/06\/Miljobilde_Lohmanders_nytt-design-2048x904.jpg 2048w, https:\/\/mills.no\/content\/uploads\/sites\/10\/2022\/06\/Miljobilde_Lohmanders_nytt-design-80x35.jpg 80w\" sizes=\"auto, (max-width: 1024px) 100vw, 1024px\" \/><\/figure><div class=\"wp-block-media-text__content\">\n<div class=\"wp-block-group is-layout-flow wp-block-group-is-layout-flow\">\n<p class=\"has-text-align-left\">Lohmanders sauser er den enkleste m\u00e5ten \u00e5 gj\u00f8re et godt m\u00e5ltid enda bedre. Med Lohmanders kan du bruke tiden p\u00e5 \u00e5 grille den perfekte biffen uten \u00e5 m\u00e5tte bekymre seg for sausen. Eller du kan slappe av og sl\u00e5 av en prat med familie eller venner de siste minuttene f\u00f8r maten er ferdig uten \u00e5 m\u00e5tte henge over kasseroller og kjeler.<\/p>\n<\/div>\n<\/div><\/div>\n\n\n<div class=\"mills-block-featured alignwide wp-block-cover has-custom-content-position is-position-bottom-center alignwide wp-block-mills-block-featured\"><img loading=\"lazy\" decoding=\"async\" width=\"1920\" height=\"930\" style=\"width:100%;height:100%;object-fit:cover\" src=\"https:\/\/mills.no\/content\/uploads\/sites\/10\/2016\/02\/biff_barnaise_1920x930_acf_cropped_1920x930_acf_cropped.jpg\" class=\"wp-block-cover__image-background\" alt=\"\" srcset=\"https:\/\/mills.no\/content\/uploads\/sites\/10\/2016\/02\/biff_barnaise_1920x930_acf_cropped_1920x930_acf_cropped.jpg 1920w, https:\/\/mills.no\/content\/uploads\/sites\/10\/2016\/02\/biff_barnaise_1920x930_acf_cropped_1920x930_acf_cropped-300x145.jpg 300w, https:\/\/mills.no\/content\/uploads\/sites\/10\/2016\/02\/biff_barnaise_1920x930_acf_cropped_1920x930_acf_cropped-1024x496.jpg 1024w, https:\/\/mills.no\/content\/uploads\/sites\/10\/2016\/02\/biff_barnaise_1920x930_acf_cropped_1920x930_acf_cropped-768x372.jpg 768w, https:\/\/mills.no\/content\/uploads\/sites\/10\/2016\/02\/biff_barnaise_1920x930_acf_cropped_1920x930_acf_cropped-1536x744.jpg 1536w, https:\/\/mills.no\/content\/uploads\/sites\/10\/2016\/02\/biff_barnaise_1920x930_acf_cropped_1920x930_acf_cropped-80x39.jpg 80w\" sizes=\"auto, (max-width: 1920px) 100vw, 1920px\" \/><div class=\"wp-block-cover__inner-container\">\n\n<h2 class=\"has-text-align-center wp-block-heading\" id=\"h-det-hele-startet-pa-midten-av-70-tallet\">Det hele startet p\u00e5 midten av 70-tallet<\/h2>\n\n\n\n<p class=\"has-text-align-center\">Bertil Lohmander, som er utdannet slakter, \u00e5pner noen sm\u00e5 restauranter i Sverige. Bertil har alltid etterstrebet \u00e5 lage de beste sausene, og disse ble s\u00e5 gode at kundene \u00f8nsket \u00e5 kj\u00f8pe med seg sausene hjem. Det var da Berti hoppet i det ogl tok halve kj\u00f8kkenet p\u00e5 den ene restauranten sin og satte opp en liten fyllemaskin han hadde laget selv. Sausene kj\u00f8rte han selv ut til butikker i n\u00e6romr\u00e5det. Mye har skjedd siden den gang. I dag er Lohmanders en folkefavoritt i Sverige. Endelig har turen kommet til Norge. Det er bare \u00e5 glede seg!<\/p>\n\n<\/div><\/div>","protected":false},"excerpt":{"rendered":"<p>Lohmanders er en sausfavoritt mange kjenner fra Sverige. N\u00e5 finnes den ogs\u00e5 i Norge.<\/p>\n","protected":false},"author":2,"featured_media":59,"parent":0,"menu_order":11,"comment_status":"closed","ping_status":"closed","template":"","meta":{"_searchwp_excluded":"","hide_post_title":false,"footnotes":""},"class_list":["post-57","page","type-page","status-publish","has-post-thumbnail","hentry"],"yoast_head":"<!-- This site is optimized with the Yoast SEO Premium plugin v26.9 (Yoast SEO v26.9) - https:\/\/yoast.com\/product\/yoast-seo-premium-wordpress\/ -->\n<title>Lohmanders | Mills AS<\/title>\n<meta name=\"description\" content=\"Lohmanders er en serie spennende smaker utviklet av matentusiasten Bertil Lohmander og som kan serveres rett fra begeret, gjerne romtemperert.\" \/>\n<meta name=\"robots\" content=\"index, follow, max-snippet:-1, max-image-preview:large, max-video-preview:-1\" \/>\n<link rel=\"canonical\" href=\"https:\/\/mills.no\/lohmanders\/\" \/>\n<meta property=\"og:locale\" content=\"nb_NO\" \/>\n<meta property=\"og:type\" content=\"article\" \/>\n<meta property=\"og:title\" content=\"Lohmanders\" \/>\n<meta property=\"og:description\" content=\"Lohmanders er en serie spennende smaker utviklet av matentusiasten Bertil Lohmander og som kan serveres rett fra begeret, gjerne romtemperert.\" \/>\n<meta property=\"og:url\" content=\"https:\/\/mills.no\/lohmanders\/\" \/>\n<meta property=\"og:site_name\" content=\"Lohmanders\" \/>\n<meta property=\"article:modified_time\" content=\"2024-02-07T08:16:54+00:00\" \/>\n<meta property=\"og:image\" content=\"https:\/\/mills.no\/content\/uploads\/sites\/10\/2016\/02\/aioli_chilli_02_1920x930_acf_cropped.jpg\" \/>\n\t<meta property=\"og:image:width\" content=\"1920\" \/>\n\t<meta property=\"og:image:height\" content=\"930\" \/>\n\t<meta property=\"og:image:type\" content=\"image\/jpeg\" \/>\n<meta name=\"twitter:card\" content=\"summary_large_image\" \/>\n<meta name=\"twitter:label1\" content=\"Ansl. lesetid\" \/>\n\t<meta name=\"twitter:data1\" content=\"2 minutter\" \/>\n<script type=\"application\/ld+json\" class=\"yoast-schema-graph\">{\"@context\":\"https:\/\/schema.org\",\"@graph\":[{\"@type\":\"WebPage\",\"@id\":\"https:\/\/mills.no\/lohmanders\/\",\"url\":\"https:\/\/mills.no\/lohmanders\/\",\"name\":\"Lohmanders | Mills AS\",\"isPartOf\":{\"@id\":\"https:\/\/mills.no\/lohmanders\/#website\"},\"primaryImageOfPage\":{\"@id\":\"https:\/\/mills.no\/lohmanders\/#primaryimage\"},\"image\":{\"@id\":\"https:\/\/mills.no\/lohmanders\/#primaryimage\"},\"thumbnailUrl\":\"https:\/\/mills.no\/content\/uploads\/sites\/10\/2016\/02\/aioli_chilli_02_1920x930_acf_cropped.jpg\",\"datePublished\":\"2016-02-26T09:32:45+00:00\",\"dateModified\":\"2024-02-07T08:16:54+00:00\",\"description\":\"Lohmanders er en serie spennende smaker utviklet av matentusiasten Bertil Lohmander og som kan serveres rett fra begeret, gjerne romtemperert.\",\"breadcrumb\":{\"@id\":\"https:\/\/mills.no\/lohmanders\/#breadcrumb\"},\"inLanguage\":\"nb-NO\",\"potentialAction\":[{\"@type\":\"ReadAction\",\"target\":[\"https:\/\/mills.no\/lohmanders\/\"]}]},{\"@type\":\"ImageObject\",\"inLanguage\":\"nb-NO\",\"@id\":\"https:\/\/mills.no\/lohmanders\/#primaryimage\",\"url\":\"https:\/\/mills.no\/content\/uploads\/sites\/10\/2016\/02\/aioli_chilli_02_1920x930_acf_cropped.jpg\",\"contentUrl\":\"https:\/\/mills.no\/content\/uploads\/sites\/10\/2016\/02\/aioli_chilli_02_1920x930_acf_cropped.jpg\",\"width\":1920,\"height\":930,\"caption\":\"Lohmanders Aioli Chili\"},{\"@type\":\"BreadcrumbList\",\"@id\":\"https:\/\/mills.no\/lohmanders\/#breadcrumb\",\"itemListElement\":[{\"@type\":\"ListItem\",\"position\":1,\"name\":\"Home\",\"item\":\"https:\/\/mills.no\/lohmanders\/\"},{\"@type\":\"ListItem\",\"position\":2,\"name\":\"Lohmanders\"}]},{\"@type\":\"WebSite\",\"@id\":\"https:\/\/mills.no\/lohmanders\/#website\",\"url\":\"https:\/\/mills.no\/lohmanders\/\",\"name\":\"Lohmanders\",\"description\":\"En serie smakfulle sauser\",\"publisher\":{\"@id\":\"https:\/\/mills.no\/lohmanders\/#organization\"},\"potentialAction\":[{\"@type\":\"SearchAction\",\"target\":{\"@type\":\"EntryPoint\",\"urlTemplate\":\"https:\/\/mills.no\/lohmanders\/?s={search_term_string}\"},\"query-input\":{\"@type\":\"PropertyValueSpecification\",\"valueRequired\":true,\"valueName\":\"search_term_string\"}}],\"inLanguage\":\"nb-NO\"},{\"@type\":\"Organization\",\"@id\":\"https:\/\/mills.no\/lohmanders\/#organization\",\"name\":\"Lohmanders\",\"url\":\"https:\/\/mills.no\/lohmanders\/\",\"logo\":{\"@type\":\"ImageObject\",\"inLanguage\":\"nb-NO\",\"@id\":\"https:\/\/mills.no\/lohmanders\/#\/schema\/logo\/image\/\",\"url\":\"https:\/\/mills.no\/content\/uploads\/sites\/10\/2022\/06\/Logo_Lohmanders_2022.svg\",\"contentUrl\":\"https:\/\/mills.no\/content\/uploads\/sites\/10\/2022\/06\/Logo_Lohmanders_2022.svg\",\"caption\":\"Lohmanders\"},\"image\":{\"@id\":\"https:\/\/mills.no\/lohmanders\/#\/schema\/logo\/image\/\"}}]}<\/script>\n<!-- \/ Yoast SEO Premium plugin. -->","yoast_head_json":{"title":"Lohmanders | Mills AS","description":"Lohmanders er en serie spennende smaker utviklet av matentusiasten Bertil Lohmander og som kan serveres rett fra begeret, gjerne romtemperert.","robots":{"index":"index","follow":"follow","max-snippet":"max-snippet:-1","max-image-preview":"max-image-preview:large","max-video-preview":"max-video-preview:-1"},"canonical":"https:\/\/mills.no\/lohmanders\/","og_locale":"nb_NO","og_type":"article","og_title":"Lohmanders","og_description":"Lohmanders er en serie spennende smaker utviklet av matentusiasten Bertil Lohmander og som kan serveres rett fra begeret, gjerne romtemperert.","og_url":"https:\/\/mills.no\/lohmanders\/","og_site_name":"Lohmanders","article_modified_time":"2024-02-07T08:16:54+00:00","og_image":[{"width":1920,"height":930,"url":"https:\/\/mills.no\/content\/uploads\/sites\/10\/2016\/02\/aioli_chilli_02_1920x930_acf_cropped.jpg","type":"image\/jpeg"}],"twitter_card":"summary_large_image","twitter_misc":{"Ansl. lesetid":"2 minutter"},"schema":{"@context":"https:\/\/schema.org","@graph":[{"@type":"WebPage","@id":"https:\/\/mills.no\/lohmanders\/","url":"https:\/\/mills.no\/lohmanders\/","name":"Lohmanders | Mills AS","isPartOf":{"@id":"https:\/\/mills.no\/lohmanders\/#website"},"primaryImageOfPage":{"@id":"https:\/\/mills.no\/lohmanders\/#primaryimage"},"image":{"@id":"https:\/\/mills.no\/lohmanders\/#primaryimage"},"thumbnailUrl":"https:\/\/mills.no\/content\/uploads\/sites\/10\/2016\/02\/aioli_chilli_02_1920x930_acf_cropped.jpg","datePublished":"2016-02-26T09:32:45+00:00","dateModified":"2024-02-07T08:16:54+00:00","description":"Lohmanders er en serie spennende smaker utviklet av matentusiasten Bertil Lohmander og som kan serveres rett fra begeret, gjerne romtemperert.","breadcrumb":{"@id":"https:\/\/mills.no\/lohmanders\/#breadcrumb"},"inLanguage":"nb-NO","potentialAction":[{"@type":"ReadAction","target":["https:\/\/mills.no\/lohmanders\/"]}]},{"@type":"ImageObject","inLanguage":"nb-NO","@id":"https:\/\/mills.no\/lohmanders\/#primaryimage","url":"https:\/\/mills.no\/content\/uploads\/sites\/10\/2016\/02\/aioli_chilli_02_1920x930_acf_cropped.jpg","contentUrl":"https:\/\/mills.no\/content\/uploads\/sites\/10\/2016\/02\/aioli_chilli_02_1920x930_acf_cropped.jpg","width":1920,"height":930,"caption":"Lohmanders Aioli Chili"},{"@type":"BreadcrumbList","@id":"https:\/\/mills.no\/lohmanders\/#breadcrumb","itemListElement":[{"@type":"ListItem","position":1,"name":"Home","item":"https:\/\/mills.no\/lohmanders\/"},{"@type":"ListItem","position":2,"name":"Lohmanders"}]},{"@type":"WebSite","@id":"https:\/\/mills.no\/lohmanders\/#website","url":"https:\/\/mills.no\/lohmanders\/","name":"Lohmanders","description":"En serie smakfulle sauser","publisher":{"@id":"https:\/\/mills.no\/lohmanders\/#organization"},"potentialAction":[{"@type":"SearchAction","target":{"@type":"EntryPoint","urlTemplate":"https:\/\/mills.no\/lohmanders\/?s={search_term_string}"},"query-input":{"@type":"PropertyValueSpecification","valueRequired":true,"valueName":"search_term_string"}}],"inLanguage":"nb-NO"},{"@type":"Organization","@id":"https:\/\/mills.no\/lohmanders\/#organization","name":"Lohmanders","url":"https:\/\/mills.no\/lohmanders\/","logo":{"@type":"ImageObject","inLanguage":"nb-NO","@id":"https:\/\/mills.no\/lohmanders\/#\/schema\/logo\/image\/","url":"https:\/\/mills.no\/content\/uploads\/sites\/10\/2022\/06\/Logo_Lohmanders_2022.svg","contentUrl":"https:\/\/mills.no\/content\/uploads\/sites\/10\/2022\/06\/Logo_Lohmanders_2022.svg","caption":"Lohmanders"},"image":{"@id":"https:\/\/mills.no\/lohmanders\/#\/schema\/logo\/image\/"}}]}},"_links":{"self":[{"href":"https:\/\/mills.no\/lohmanders\/wp-json\/wp\/v2\/pages\/57","targetHints":{"allow":["GET"]}}],"collection":[{"href":"https:\/\/mills.no\/lohmanders\/wp-json\/wp\/v2\/pages"}],"about":[{"href":"https:\/\/mills.no\/lohmanders\/wp-json\/wp\/v2\/types\/page"}],"author":[{"embeddable":true,"href":"https:\/\/mills.no\/lohmanders\/wp-json\/wp\/v2\/users\/2"}],"replies":[{"embeddable":true,"href":"https:\/\/mills.no\/lohmanders\/wp-json\/wp\/v2\/comments?post=57"}],"version-history":[{"count":12,"href":"https:\/\/mills.no\/lohmanders\/wp-json\/wp\/v2\/pages\/57\/revisions"}],"predecessor-version":[{"id":122,"href":"https:\/\/mills.no\/lohmanders\/wp-json\/wp\/v2\/pages\/57\/revisions\/122"}],"wp:featuredmedia":[{"embeddable":true,"href":"https:\/\/mills.no\/lohmanders\/wp-json\/wp\/v2\/media\/59"}],"wp:attachment":[{"href":"https:\/\/mills.no\/lohmanders\/wp-json\/wp\/v2\/media?parent=57"}],"curies":[{"name":"wp","href":"https:\/\/api.w.org\/{rel}","templated":true}]}}