{"id":32987,"date":"2016-03-30T18:12:38","date_gmt":"2016-03-30T16:12:38","guid":{"rendered":"https:\/\/mills.no\/produkt\/lohmanders-bearnaise-kremet\/"},"modified":"2024-02-07T09:13:17","modified_gmt":"2024-02-07T08:13:17","slug":"bearnaise-kremet","status":"publish","type":"product","link":"https:\/\/mills.no\/lohmanders\/produkt\/bearnaise-kremet\/","title":{"rendered":"Lohmanders Bearnaise Original"},"content":{"rendered":"<div class=\"mills-block-featured alignwide alignwide wp-block-mills-block-featured\"><div class=\"wp-block-cover__inner-container\">\n<h1 class=\"has-text-align-center wp-block-post-title has-text-color has-neutral-1000-color\">Lohmanders Bearnaise Original<\/h1>\n\n<p class=\"t2-ingress has-text-align-center align wp-block-t2-ingress\">Bearnaise er kongen av saus, selve originalen blant Lohmanders sine sauser. En velsmakende og kremet bearnaise du enkelt kan servere rett fra begeret. Den kan varmes lett f\u00f8r servering, men vi anbefaler \u00e5 servere den romtemperert. Super til biff eller laks. Gj\u00f8r seg ogs\u00e5 som pizzadressing. <\/p>\n<\/div><\/div>\n\n\n\t\t<div class=\"has-background has-neutral-0-background-color is-style-vertical-spacing is-style-horizontal-spacing alignwide wp-block-mills-section has-background has-neutral-0-background-color\">\n\t\t\t<div class=\"wp-block-mills-section__inner aligncenter\">\n\t\t\t\t\n\n<div class=\"wp-block-image\"><figure class=\"aligncenter size-full\"><img decoding=\"async\" src=\"https:\/\/mills.no\/content\/uploads\/2022\/06\/Lohmanders_Bernaise_Original_600.png\" alt=\"\" class=\"wp-image-39241\"\/><\/figure><\/div>\n\n\n\t\t\t<\/div>\n\t\t<\/div>\n\n","protected":false},"excerpt":{"rendered":"<p>Bearnaise er kongen av saus, selve originalen blant Lohmanders sine sauser. En velsmakende og kremet bearnaise du enkelt kan servere&hellip;<\/p>\n","protected":false},"featured_media":0,"menu_order":47,"template":"","meta":{"_searchwp_excluded":"","hide_post_title":false,"mills_central_gtin":"","footnotes":""},"brand":[],"allergen":[],"product_category":[],"product_label":[],"class_list":["post-32987","product","type-product","status-publish","hentry"],"yoast_head":"<!-- This site is optimized with the Yoast SEO Premium plugin v26.9 (Yoast SEO v26.9) - https:\/\/yoast.com\/product\/yoast-seo-premium-wordpress\/ -->\n<title>Lohmanders Bearnaise Original - Lohmanders<\/title>\n<meta name=\"robots\" content=\"index, follow, max-snippet:-1, max-image-preview:large, max-video-preview:-1\" \/>\n<link rel=\"canonical\" href=\"https:\/\/mills.no\/lohmanders\/produkt\/bearnaise-kremet\/\" \/>\n<meta property=\"og:locale\" content=\"nb_NO\" \/>\n<meta property=\"og:type\" content=\"article\" \/>\n<meta property=\"og:title\" content=\"Lohmanders Bearnaise Original\" \/>\n<meta property=\"og:description\" content=\"Bearnaise er kongen av saus, selve originalen blant Lohmanders sine sauser. En velsmakende og kremet bearnaise du enkelt kan servere&hellip;\" \/>\n<meta property=\"og:url\" content=\"https:\/\/mills.no\/lohmanders\/produkt\/bearnaise-kremet\/\" \/>\n<meta property=\"og:site_name\" content=\"Lohmanders\" \/>\n<meta property=\"article:modified_time\" content=\"2024-02-07T08:13:17+00:00\" \/>\n<meta property=\"og:image\" content=\"https:\/\/mills.no\/content\/uploads\/2022\/06\/Lohmanders_Bernaise_Original_600.png\" \/>\n<meta name=\"twitter:card\" content=\"summary_large_image\" \/>\n<script type=\"application\/ld+json\" class=\"yoast-schema-graph\">{\"@context\":\"https:\/\/schema.org\",\"@graph\":[{\"@type\":\"WebPage\",\"@id\":\"https:\/\/mills.no\/lohmanders\/produkt\/bearnaise-kremet\/\",\"url\":\"https:\/\/mills.no\/lohmanders\/produkt\/bearnaise-kremet\/\",\"name\":\"Lohmanders Bearnaise Original - Lohmanders\",\"isPartOf\":{\"@id\":\"https:\/\/mills.no\/lohmanders\/#website\"},\"primaryImageOfPage\":{\"@id\":\"https:\/\/mills.no\/lohmanders\/produkt\/bearnaise-kremet\/#primaryimage\"},\"image\":{\"@id\":\"https:\/\/mills.no\/lohmanders\/produkt\/bearnaise-kremet\/#primaryimage\"},\"thumbnailUrl\":\"https:\/\/mills.no\/content\/uploads\/2022\/06\/Lohmanders_Bernaise_Original_600.png\",\"datePublished\":\"2016-03-30T16:12:38+00:00\",\"dateModified\":\"2024-02-07T08:13:17+00:00\",\"breadcrumb\":{\"@id\":\"https:\/\/mills.no\/lohmanders\/produkt\/bearnaise-kremet\/#breadcrumb\"},\"inLanguage\":\"nb-NO\",\"potentialAction\":[{\"@type\":\"ReadAction\",\"target\":[\"https:\/\/mills.no\/lohmanders\/produkt\/bearnaise-kremet\/\"]}]},{\"@type\":\"ImageObject\",\"inLanguage\":\"nb-NO\",\"@id\":\"https:\/\/mills.no\/lohmanders\/produkt\/bearnaise-kremet\/#primaryimage\",\"url\":\"https:\/\/mills.no\/content\/uploads\/2022\/06\/Lohmanders_Bernaise_Original_600.png\",\"contentUrl\":\"https:\/\/mills.no\/content\/uploads\/2022\/06\/Lohmanders_Bernaise_Original_600.png\"},{\"@type\":\"BreadcrumbList\",\"@id\":\"https:\/\/mills.no\/lohmanders\/produkt\/bearnaise-kremet\/#breadcrumb\",\"itemListElement\":[{\"@type\":\"ListItem\",\"position\":1,\"name\":\"Home\",\"item\":\"https:\/\/mills.no\/lohmanders\/\"},{\"@type\":\"ListItem\",\"position\":2,\"name\":\"Produkter\",\"item\":\"https:\/\/mills.no\/lohmanders\/produkter\/\"},{\"@type\":\"ListItem\",\"position\":3,\"name\":\"Lohmanders Bearnaise Original\"}]},{\"@type\":\"WebSite\",\"@id\":\"https:\/\/mills.no\/lohmanders\/#website\",\"url\":\"https:\/\/mills.no\/lohmanders\/\",\"name\":\"Lohmanders\",\"description\":\"En serie smakfulle sauser\",\"publisher\":{\"@id\":\"https:\/\/mills.no\/lohmanders\/#organization\"},\"potentialAction\":[{\"@type\":\"SearchAction\",\"target\":{\"@type\":\"EntryPoint\",\"urlTemplate\":\"https:\/\/mills.no\/lohmanders\/?s={search_term_string}\"},\"query-input\":{\"@type\":\"PropertyValueSpecification\",\"valueRequired\":true,\"valueName\":\"search_term_string\"}}],\"inLanguage\":\"nb-NO\"},{\"@type\":\"Organization\",\"@id\":\"https:\/\/mills.no\/lohmanders\/#organization\",\"name\":\"Lohmanders\",\"url\":\"https:\/\/mills.no\/lohmanders\/\",\"logo\":{\"@type\":\"ImageObject\",\"inLanguage\":\"nb-NO\",\"@id\":\"https:\/\/mills.no\/lohmanders\/#\/schema\/logo\/image\/\",\"url\":\"https:\/\/mills.no\/content\/uploads\/sites\/10\/2022\/06\/Logo_Lohmanders_2022.svg\",\"contentUrl\":\"https:\/\/mills.no\/content\/uploads\/sites\/10\/2022\/06\/Logo_Lohmanders_2022.svg\",\"caption\":\"Lohmanders\"},\"image\":{\"@id\":\"https:\/\/mills.no\/lohmanders\/#\/schema\/logo\/image\/\"}}]}<\/script>\n<!-- \/ Yoast SEO Premium plugin. -->","yoast_head_json":{"title":"Lohmanders Bearnaise Original - Lohmanders","robots":{"index":"index","follow":"follow","max-snippet":"max-snippet:-1","max-image-preview":"max-image-preview:large","max-video-preview":"max-video-preview:-1"},"canonical":"https:\/\/mills.no\/lohmanders\/produkt\/bearnaise-kremet\/","og_locale":"nb_NO","og_type":"article","og_title":"Lohmanders Bearnaise Original","og_description":"Bearnaise er kongen av saus, selve originalen blant Lohmanders sine sauser. En velsmakende og kremet bearnaise du enkelt kan servere&hellip;","og_url":"https:\/\/mills.no\/lohmanders\/produkt\/bearnaise-kremet\/","og_site_name":"Lohmanders","article_modified_time":"2024-02-07T08:13:17+00:00","og_image":[{"url":"https:\/\/mills.no\/content\/uploads\/2022\/06\/Lohmanders_Bernaise_Original_600.png","type":"","width":"","height":""}],"twitter_card":"summary_large_image","schema":{"@context":"https:\/\/schema.org","@graph":[{"@type":"WebPage","@id":"https:\/\/mills.no\/lohmanders\/produkt\/bearnaise-kremet\/","url":"https:\/\/mills.no\/lohmanders\/produkt\/bearnaise-kremet\/","name":"Lohmanders Bearnaise Original - Lohmanders","isPartOf":{"@id":"https:\/\/mills.no\/lohmanders\/#website"},"primaryImageOfPage":{"@id":"https:\/\/mills.no\/lohmanders\/produkt\/bearnaise-kremet\/#primaryimage"},"image":{"@id":"https:\/\/mills.no\/lohmanders\/produkt\/bearnaise-kremet\/#primaryimage"},"thumbnailUrl":"https:\/\/mills.no\/content\/uploads\/2022\/06\/Lohmanders_Bernaise_Original_600.png","datePublished":"2016-03-30T16:12:38+00:00","dateModified":"2024-02-07T08:13:17+00:00","breadcrumb":{"@id":"https:\/\/mills.no\/lohmanders\/produkt\/bearnaise-kremet\/#breadcrumb"},"inLanguage":"nb-NO","potentialAction":[{"@type":"ReadAction","target":["https:\/\/mills.no\/lohmanders\/produkt\/bearnaise-kremet\/"]}]},{"@type":"ImageObject","inLanguage":"nb-NO","@id":"https:\/\/mills.no\/lohmanders\/produkt\/bearnaise-kremet\/#primaryimage","url":"https:\/\/mills.no\/content\/uploads\/2022\/06\/Lohmanders_Bernaise_Original_600.png","contentUrl":"https:\/\/mills.no\/content\/uploads\/2022\/06\/Lohmanders_Bernaise_Original_600.png"},{"@type":"BreadcrumbList","@id":"https:\/\/mills.no\/lohmanders\/produkt\/bearnaise-kremet\/#breadcrumb","itemListElement":[{"@type":"ListItem","position":1,"name":"Home","item":"https:\/\/mills.no\/lohmanders\/"},{"@type":"ListItem","position":2,"name":"Produkter","item":"https:\/\/mills.no\/lohmanders\/produkter\/"},{"@type":"ListItem","position":3,"name":"Lohmanders Bearnaise Original"}]},{"@type":"WebSite","@id":"https:\/\/mills.no\/lohmanders\/#website","url":"https:\/\/mills.no\/lohmanders\/","name":"Lohmanders","description":"En serie smakfulle sauser","publisher":{"@id":"https:\/\/mills.no\/lohmanders\/#organization"},"potentialAction":[{"@type":"SearchAction","target":{"@type":"EntryPoint","urlTemplate":"https:\/\/mills.no\/lohmanders\/?s={search_term_string}"},"query-input":{"@type":"PropertyValueSpecification","valueRequired":true,"valueName":"search_term_string"}}],"inLanguage":"nb-NO"},{"@type":"Organization","@id":"https:\/\/mills.no\/lohmanders\/#organization","name":"Lohmanders","url":"https:\/\/mills.no\/lohmanders\/","logo":{"@type":"ImageObject","inLanguage":"nb-NO","@id":"https:\/\/mills.no\/lohmanders\/#\/schema\/logo\/image\/","url":"https:\/\/mills.no\/content\/uploads\/sites\/10\/2022\/06\/Logo_Lohmanders_2022.svg","contentUrl":"https:\/\/mills.no\/content\/uploads\/sites\/10\/2022\/06\/Logo_Lohmanders_2022.svg","caption":"Lohmanders"},"image":{"@id":"https:\/\/mills.no\/lohmanders\/#\/schema\/logo\/image\/"}}]}},"_links":{"self":[{"href":"https:\/\/mills.no\/lohmanders\/wp-json\/wp\/v2\/product\/32987","targetHints":{"allow":["GET"]}}],"collection":[{"href":"https:\/\/mills.no\/lohmanders\/wp-json\/wp\/v2\/product"}],"about":[{"href":"https:\/\/mills.no\/lohmanders\/wp-json\/wp\/v2\/types\/product"}],"version-history":[{"count":0,"href":"https:\/\/mills.no\/lohmanders\/wp-json\/wp\/v2\/product\/32987\/revisions"}],"wp:attachment":[{"href":"https:\/\/mills.no\/lohmanders\/wp-json\/wp\/v2\/media?parent=32987"}],"wp:term":[{"taxonomy":"brand","embeddable":true,"href":"https:\/\/mills.no\/lohmanders\/wp-json\/wp\/v2\/brand?post=32987"},{"taxonomy":"allergen","embeddable":true,"href":"https:\/\/mills.no\/lohmanders\/wp-json\/wp\/v2\/allergen?post=32987"},{"taxonomy":"product_category","embeddable":true,"href":"https:\/\/mills.no\/lohmanders\/wp-json\/wp\/v2\/product_category?post=32987"},{"taxonomy":"product_label","embeddable":true,"href":"https:\/\/mills.no\/lohmanders\/wp-json\/wp\/v2\/product_label?post=32987"}],"curies":[{"name":"wp","href":"https:\/\/api.w.org\/{rel}","templated":true}]}}