{"id":1591,"date":"2016-06-10T13:03:51","date_gmt":"2016-06-10T11:03:51","guid":{"rendered":"https:\/\/mills.no\/melange\/ida-for-melange\/"},"modified":"2024-02-07T09:15:52","modified_gmt":"2024-02-07T08:15:52","slug":"ida-for-melange","status":"publish","type":"page","link":"https:\/\/mills.no\/melange\/ida-for-melange\/","title":{"rendered":"Ida for Melange"},"content":{"rendered":"<div class=\"mills-block-featured alignwide alignwide wp-block-mills-block-featured\"><img loading=\"lazy\" decoding=\"async\" width=\"1918\" height=\"1079\" style=\"width:100%;height:100%;object-fit:cover\" src=\"https:\/\/mills.no\/content\/uploads\/sites\/3\/2016\/06\/Skjermbilde-2016-06-07-kl.-13.37.54.png\" class=\"wp-block-cover__image-background\" alt=\"\" srcset=\"https:\/\/mills.no\/content\/uploads\/sites\/3\/2016\/06\/Skjermbilde-2016-06-07-kl.-13.37.54.png 1918w, https:\/\/mills.no\/content\/uploads\/sites\/3\/2016\/06\/Skjermbilde-2016-06-07-kl.-13.37.54-300x169.png 300w, https:\/\/mills.no\/content\/uploads\/sites\/3\/2016\/06\/Skjermbilde-2016-06-07-kl.-13.37.54-1024x576.png 1024w, https:\/\/mills.no\/content\/uploads\/sites\/3\/2016\/06\/Skjermbilde-2016-06-07-kl.-13.37.54-768x432.png 768w, https:\/\/mills.no\/content\/uploads\/sites\/3\/2016\/06\/Skjermbilde-2016-06-07-kl.-13.37.54-1536x864.png 1536w, https:\/\/mills.no\/content\/uploads\/sites\/3\/2016\/06\/Skjermbilde-2016-06-07-kl.-13.37.54-80x45.png 80w\" sizes=\"auto, (max-width: 1918px) 100vw, 1918px\" \/><div class=\"wp-block-cover__inner-container\">\n<h1 class=\"has-text-align-center wp-block-post-title has-text-color has-neutral-1000-color\">Ida for Melange<\/h1>\n\n<p class=\"t2-ingress has-text-align-center align wp-block-t2-ingress\">Melange har inng\u00e5tt et samarbeid med matblogger Ida Gran &#8211; Jansen. Ida stakk av med seieren i Tv3- programmet Hele Norge baker i 2013, og har siden den gang gitt ut flere kokeb\u00f8ker, hatt sitt eget matlagingsprogram og startet en popul\u00e6r matblogg. Vi i Melange elsker hvordan Ida inspirerer b\u00e5de gamle og unge til \u00e5 ha det g\u00f8y med baking og matlaging, og er sv\u00e6rt stolte av samarbeidet. Her kan dere se resultatet; fristende oppskrifter og masse gode tips og inspirasjon. \n<\/p>\n\n<div class=\"has-text-align-center mills-published-date wp-block-post-date has-text-color has-neutral-1000-color\"><time datetime=\"2016-06-10T13:03:51+02:00\">10. juni 2016<\/time><\/div>\n<\/div><\/div>\n\n\n\t\t<div class=\"has-background has-neutral-50-background-color is-style-vertical-spacing is-style-horizontal-spacing alignwide wp-block-mills-section has-background has-neutral-50-background-color\">\n\t\t\t<div class=\"wp-block-mills-section__inner alignwide\">\n\t\t\t\t\n\n<h2 class=\"has-text-align-center aligncenter wp-block-heading\" id=\"h-idas-oppskrifter\">Idas oppskrifter<\/h2>\n\n\n<div class=\"t2-featured-content-layout alignwide alignwide wp-block-t2-featured-content-layout\" role=\"list\">\n<div class=\"t2-featured-single-post t2-featured-content is-post-type-recipe brand-melange recipe_category-middag wp-block-t2-featured-single-post\" role=\"listitem\"><a class=\"t2-post-link wp-block-t2-post-link\" href=\"https:\/\/mills.no\/melange\/oppskrift\/hamburger-karamellisert-lok-ost-bacon-spicy-aioli\/\">\n<figure style=\"--t2-focal-point: 50% 50%;\" class=\"t2-post-featured-image has-image-ratio-16-9 wp-block-t2-post-featured-image\"><img loading=\"lazy\" decoding=\"async\" width=\"1920\" height=\"1440\" src=\"https:\/\/mills.no\/content\/uploads\/2016\/05\/Burger_1920x1440.jpg\" class=\"attachment-medium-large size-medium-large wp-post-image\" alt=\"Hamburger med karamellisert l\u00f8k, bacon og spicy aioli. Foto.\" srcset=\"https:\/\/mills.no\/content\/uploads\/2016\/05\/Burger_1920x1440.jpg 1920w, https:\/\/mills.no\/content\/uploads\/2016\/05\/Burger_1920x1440-300x225.jpg 300w, https:\/\/mills.no\/content\/uploads\/2016\/05\/Burger_1920x1440-1024x768.jpg 1024w, https:\/\/mills.no\/content\/uploads\/2016\/05\/Burger_1920x1440-768x576.jpg 768w, https:\/\/mills.no\/content\/uploads\/2016\/05\/Burger_1920x1440-1536x1152.jpg 1536w, https:\/\/mills.no\/content\/uploads\/2016\/05\/Burger_1920x1440-80x60.jpg 80w\" sizes=\"auto, (max-width: 1920px) 100vw, 1920px\" \/><\/figure>\n\n<div class=\"wp-block-group alignfull is-layout-flow wp-block-group-is-layout-flow\">\n\t<h2 class=\"t2-post-title wp-block-t2-post-title\">Hamburger med karamellisert l\u00f8k, ost, bacon og spicy aioli<\/h2>\n\t<div class=\"t2-post-excerpt wp-block-t2-post-excerpt\"><p>Her finner du den ultimate hamburgeroppskriften. Med brie, karamellisert l\u00f8k, spicy aioli og bacon blir disse smaksbombene garantert en vinner.<\/p><\/div>\n\t\n\t\t<div class=\"wp-block-mills-block-recipe-info\">\n\t\t\t<div class=\"mills-block-recipe-info-item mills-block-recipe-info-item--difficulty\">Middels<\/div>\n\t\t\t<div class=\"mills-block-recipe-info-item mills-block-recipe-info-item--time\">45 min<\/div>\n\t\t<\/div>\n<\/div>\n\n<\/a>\n<\/div>\n\n\n\n\n\n\n\n\n<\/div>\n\n\t\t\t<\/div>\n\t\t<\/div>\n\n\n\t\t<div class=\"has-background has-neutral-0-background-color is-style-vertical-spacing alignwide wp-block-mills-section has-background has-neutral-0-background-color\">\n\t\t\t<div class=\"wp-block-mills-section__inner aligncenter\">\n\t\t\t\t\n\n<figure class=\"wp-block-embed is-type-rich is-provider-embed-handler wp-block-embed-embed-handler wp-embed-aspect-16-9 wp-has-aspect-ratio\"><div class=\"wp-block-embed__wrapper\">\nhttps:\/\/www.youtube.com\/watch?v=frYxVNfRSyY\n<\/div><\/figure>\n\n\n\t\t\t<\/div>\n\t\t<\/div>\n\n\n<figure class=\"wp-block-image alignwide\"><img loading=\"lazy\" decoding=\"async\" width=\"1282\" height=\"677\" src=\"https:\/\/mills.no\/content\/uploads\/sites\/3\/2022\/01\/Skjermbilde-2016-06-07-kl.-13.47.28.png\" alt=\"\" class=\"wp-image-2187\" srcset=\"https:\/\/mills.no\/content\/uploads\/sites\/3\/2022\/01\/Skjermbilde-2016-06-07-kl.-13.47.28.png 1282w, https:\/\/mills.no\/content\/uploads\/sites\/3\/2022\/01\/Skjermbilde-2016-06-07-kl.-13.47.28-300x158.png 300w, https:\/\/mills.no\/content\/uploads\/sites\/3\/2022\/01\/Skjermbilde-2016-06-07-kl.-13.47.28-1024x541.png 1024w, https:\/\/mills.no\/content\/uploads\/sites\/3\/2022\/01\/Skjermbilde-2016-06-07-kl.-13.47.28-768x406.png 768w, https:\/\/mills.no\/content\/uploads\/sites\/3\/2022\/01\/Skjermbilde-2016-06-07-kl.-13.47.28-80x42.png 80w\" sizes=\"auto, (max-width: 1282px) 100vw, 1282px\" \/><\/figure>\n\n\n\n\t\t<div class=\"has-background has-neutral-0-background-color is-style-vertical-spacing alignwide wp-block-mills-section has-background has-neutral-0-background-color\">\n\t\t\t<div class=\"wp-block-mills-section__inner aligncenter\">\n\t\t\t\t\n\n<figure class=\"wp-block-embed is-type-rich is-provider-embed-handler wp-block-embed-embed-handler wp-embed-aspect-16-9 wp-has-aspect-ratio\"><div class=\"wp-block-embed__wrapper\">\nhttps:\/\/www.youtube.com\/watch?v=F9fhPoYeZoQ\n<\/div><\/figure>\n\n\n\t\t\t<\/div>\n\t\t<\/div>\n\n\n<figure class=\"wp-block-image alignwide\"><img loading=\"lazy\" decoding=\"async\" width=\"1281\" height=\"677\" src=\"https:\/\/mills.no\/content\/uploads\/sites\/3\/2022\/01\/Skjermbilde-2016-06-07-kl.-13.58.28.png\" alt=\"\" class=\"wp-image-2188\" srcset=\"https:\/\/mills.no\/content\/uploads\/sites\/3\/2022\/01\/Skjermbilde-2016-06-07-kl.-13.58.28.png 1281w, https:\/\/mills.no\/content\/uploads\/sites\/3\/2022\/01\/Skjermbilde-2016-06-07-kl.-13.58.28-300x159.png 300w, https:\/\/mills.no\/content\/uploads\/sites\/3\/2022\/01\/Skjermbilde-2016-06-07-kl.-13.58.28-1024x541.png 1024w, https:\/\/mills.no\/content\/uploads\/sites\/3\/2022\/01\/Skjermbilde-2016-06-07-kl.-13.58.28-768x406.png 768w, https:\/\/mills.no\/content\/uploads\/sites\/3\/2022\/01\/Skjermbilde-2016-06-07-kl.-13.58.28-80x42.png 80w\" sizes=\"auto, (max-width: 1281px) 100vw, 1281px\" \/><\/figure>\n\n\n\n\t\t<div class=\"has-background has-neutral-0-background-color is-style-vertical-spacing alignwide wp-block-mills-section has-background has-neutral-0-background-color\">\n\t\t\t<div class=\"wp-block-mills-section__inner aligncenter\">\n\t\t\t\t\n\n<figure class=\"wp-block-embed is-type-rich is-provider-embed-handler wp-block-embed-embed-handler wp-embed-aspect-16-9 wp-has-aspect-ratio\"><div class=\"wp-block-embed__wrapper\">\nhttps:\/\/www.youtube.com\/watch?v=umTTSyfajoE\n<\/div><\/figure>\n\n\n\t\t\t<\/div>\n\t\t<\/div>\n\n\n<figure class=\"wp-block-image alignwide\"><img loading=\"lazy\" decoding=\"async\" width=\"1283\" height=\"679\" src=\"https:\/\/mills.no\/content\/uploads\/sites\/3\/2022\/01\/Skjermbilde-2016-06-07-kl.-13.59.18.png\" alt=\"\" class=\"wp-image-2189\" srcset=\"https:\/\/mills.no\/content\/uploads\/sites\/3\/2022\/01\/Skjermbilde-2016-06-07-kl.-13.59.18.png 1283w, https:\/\/mills.no\/content\/uploads\/sites\/3\/2022\/01\/Skjermbilde-2016-06-07-kl.-13.59.18-300x159.png 300w, https:\/\/mills.no\/content\/uploads\/sites\/3\/2022\/01\/Skjermbilde-2016-06-07-kl.-13.59.18-1024x542.png 1024w, https:\/\/mills.no\/content\/uploads\/sites\/3\/2022\/01\/Skjermbilde-2016-06-07-kl.-13.59.18-768x406.png 768w, https:\/\/mills.no\/content\/uploads\/sites\/3\/2022\/01\/Skjermbilde-2016-06-07-kl.-13.59.18-80x42.png 80w\" sizes=\"auto, (max-width: 1283px) 100vw, 1283px\" \/><\/figure>\n","protected":false},"excerpt":{"rendered":"<p>Melange har inng\u00e5tt et samarbeid med matblogger Ida Gran &#8211; Jansen. Ida stakk av med seieren i Tv3- programmet Hele&hellip;<\/p>\n","protected":false},"author":2,"featured_media":1592,"parent":0,"menu_order":8,"comment_status":"closed","ping_status":"closed","template":"","meta":{"_searchwp_excluded":"","hide_post_title":false,"footnotes":""},"class_list":["post-1591","page","type-page","status-publish","has-post-thumbnail","hentry"],"yoast_head":"<!-- This site is optimized with the Yoast SEO Premium plugin v26.9 (Yoast SEO v26.9) - https:\/\/yoast.com\/product\/yoast-seo-premium-wordpress\/ -->\n<title>Ida Gran-Jansen | Melange<\/title>\n<meta name=\"description\" content=\"Melange har inng\u00e5tt et samarbeid med matblogger Ida Gran - Jansen. P\u00e5 v\u00e5re sider finner du massevis av inspirerende oppskrifter og tips.\" \/>\n<meta name=\"robots\" content=\"index, follow, max-snippet:-1, max-image-preview:large, max-video-preview:-1\" \/>\n<link rel=\"canonical\" href=\"https:\/\/mills.no\/melange\/ida-for-melange\/\" \/>\n<meta property=\"og:locale\" content=\"nb_NO\" \/>\n<meta property=\"og:type\" content=\"article\" \/>\n<meta property=\"og:title\" content=\"Ida for Melange\" \/>\n<meta property=\"og:description\" content=\"Melange har inng\u00e5tt et samarbeid med matblogger Ida Gran - Jansen. P\u00e5 v\u00e5re sider finner du massevis av inspirerende oppskrifter og tips.\" \/>\n<meta property=\"og:url\" content=\"https:\/\/mills.no\/melange\/ida-for-melange\/\" \/>\n<meta property=\"og:site_name\" content=\"Melange\" \/>\n<meta property=\"article:modified_time\" content=\"2024-02-07T08:15:52+00:00\" \/>\n<meta property=\"og:image\" content=\"https:\/\/mills.no\/content\/uploads\/sites\/3\/2016\/06\/Skjermbilde-2016-06-07-kl.-13.37.54.png\" \/>\n\t<meta property=\"og:image:width\" content=\"1918\" \/>\n\t<meta property=\"og:image:height\" content=\"1079\" \/>\n\t<meta property=\"og:image:type\" content=\"image\/png\" \/>\n<meta name=\"twitter:card\" content=\"summary_large_image\" \/>\n<meta name=\"twitter:label1\" content=\"Ansl. lesetid\" \/>\n\t<meta name=\"twitter:data1\" content=\"1 minutt\" \/>\n<script type=\"application\/ld+json\" class=\"yoast-schema-graph\">{\"@context\":\"https:\/\/schema.org\",\"@graph\":[{\"@type\":\"WebPage\",\"@id\":\"https:\/\/mills.no\/melange\/ida-for-melange\/\",\"url\":\"https:\/\/mills.no\/melange\/ida-for-melange\/\",\"name\":\"Ida Gran-Jansen | Melange\",\"isPartOf\":{\"@id\":\"https:\/\/mills.no\/melange\/#website\"},\"primaryImageOfPage\":{\"@id\":\"https:\/\/mills.no\/melange\/ida-for-melange\/#primaryimage\"},\"image\":{\"@id\":\"https:\/\/mills.no\/melange\/ida-for-melange\/#primaryimage\"},\"thumbnailUrl\":\"https:\/\/mills.no\/content\/uploads\/sites\/3\/2016\/06\/Skjermbilde-2016-06-07-kl.-13.37.54.png\",\"datePublished\":\"2016-06-10T11:03:51+00:00\",\"dateModified\":\"2024-02-07T08:15:52+00:00\",\"description\":\"Melange har inng\u00e5tt et samarbeid med matblogger Ida Gran - Jansen. P\u00e5 v\u00e5re sider finner du massevis av inspirerende oppskrifter og tips.\",\"breadcrumb\":{\"@id\":\"https:\/\/mills.no\/melange\/ida-for-melange\/#breadcrumb\"},\"inLanguage\":\"nb-NO\",\"potentialAction\":[{\"@type\":\"ReadAction\",\"target\":[\"https:\/\/mills.no\/melange\/ida-for-melange\/\"]}]},{\"@type\":\"ImageObject\",\"inLanguage\":\"nb-NO\",\"@id\":\"https:\/\/mills.no\/melange\/ida-for-melange\/#primaryimage\",\"url\":\"https:\/\/mills.no\/content\/uploads\/sites\/3\/2016\/06\/Skjermbilde-2016-06-07-kl.-13.37.54.png\",\"contentUrl\":\"https:\/\/mills.no\/content\/uploads\/sites\/3\/2016\/06\/Skjermbilde-2016-06-07-kl.-13.37.54.png\",\"width\":1918,\"height\":1079},{\"@type\":\"BreadcrumbList\",\"@id\":\"https:\/\/mills.no\/melange\/ida-for-melange\/#breadcrumb\",\"itemListElement\":[{\"@type\":\"ListItem\",\"position\":1,\"name\":\"Home\",\"item\":\"https:\/\/mills.no\/melange\/\"},{\"@type\":\"ListItem\",\"position\":2,\"name\":\"Ida for Melange\"}]},{\"@type\":\"WebSite\",\"@id\":\"https:\/\/mills.no\/melange\/#website\",\"url\":\"https:\/\/mills.no\/melange\/\",\"name\":\"Melange\",\"description\":\"Litt lettere \u00e5 lykkes\",\"publisher\":{\"@id\":\"https:\/\/mills.no\/melange\/#organization\"},\"potentialAction\":[{\"@type\":\"SearchAction\",\"target\":{\"@type\":\"EntryPoint\",\"urlTemplate\":\"https:\/\/mills.no\/melange\/?s={search_term_string}\"},\"query-input\":{\"@type\":\"PropertyValueSpecification\",\"valueRequired\":true,\"valueName\":\"search_term_string\"}}],\"inLanguage\":\"nb-NO\"},{\"@type\":\"Organization\",\"@id\":\"https:\/\/mills.no\/melange\/#organization\",\"name\":\"Melange\",\"url\":\"https:\/\/mills.no\/melange\/\",\"logo\":{\"@type\":\"ImageObject\",\"inLanguage\":\"nb-NO\",\"@id\":\"https:\/\/mills.no\/melange\/#\/schema\/logo\/image\/\",\"url\":\"https:\/\/mills.no\/content\/uploads\/sites\/3\/2021\/11\/logo-melange.svg\",\"contentUrl\":\"https:\/\/mills.no\/content\/uploads\/sites\/3\/2021\/11\/logo-melange.svg\",\"caption\":\"Melange\"},\"image\":{\"@id\":\"https:\/\/mills.no\/melange\/#\/schema\/logo\/image\/\"}}]}<\/script>\n<!-- \/ Yoast SEO Premium plugin. -->","yoast_head_json":{"title":"Ida Gran-Jansen | Melange","description":"Melange har inng\u00e5tt et samarbeid med matblogger Ida Gran - Jansen. P\u00e5 v\u00e5re sider finner du massevis av inspirerende oppskrifter og tips.","robots":{"index":"index","follow":"follow","max-snippet":"max-snippet:-1","max-image-preview":"max-image-preview:large","max-video-preview":"max-video-preview:-1"},"canonical":"https:\/\/mills.no\/melange\/ida-for-melange\/","og_locale":"nb_NO","og_type":"article","og_title":"Ida for Melange","og_description":"Melange har inng\u00e5tt et samarbeid med matblogger Ida Gran - Jansen. P\u00e5 v\u00e5re sider finner du massevis av inspirerende oppskrifter og tips.","og_url":"https:\/\/mills.no\/melange\/ida-for-melange\/","og_site_name":"Melange","article_modified_time":"2024-02-07T08:15:52+00:00","og_image":[{"width":1918,"height":1079,"url":"https:\/\/mills.no\/content\/uploads\/sites\/3\/2016\/06\/Skjermbilde-2016-06-07-kl.-13.37.54.png","type":"image\/png"}],"twitter_card":"summary_large_image","twitter_misc":{"Ansl. lesetid":"1 minutt"},"schema":{"@context":"https:\/\/schema.org","@graph":[{"@type":"WebPage","@id":"https:\/\/mills.no\/melange\/ida-for-melange\/","url":"https:\/\/mills.no\/melange\/ida-for-melange\/","name":"Ida Gran-Jansen | Melange","isPartOf":{"@id":"https:\/\/mills.no\/melange\/#website"},"primaryImageOfPage":{"@id":"https:\/\/mills.no\/melange\/ida-for-melange\/#primaryimage"},"image":{"@id":"https:\/\/mills.no\/melange\/ida-for-melange\/#primaryimage"},"thumbnailUrl":"https:\/\/mills.no\/content\/uploads\/sites\/3\/2016\/06\/Skjermbilde-2016-06-07-kl.-13.37.54.png","datePublished":"2016-06-10T11:03:51+00:00","dateModified":"2024-02-07T08:15:52+00:00","description":"Melange har inng\u00e5tt et samarbeid med matblogger Ida Gran - Jansen. P\u00e5 v\u00e5re sider finner du massevis av inspirerende oppskrifter og tips.","breadcrumb":{"@id":"https:\/\/mills.no\/melange\/ida-for-melange\/#breadcrumb"},"inLanguage":"nb-NO","potentialAction":[{"@type":"ReadAction","target":["https:\/\/mills.no\/melange\/ida-for-melange\/"]}]},{"@type":"ImageObject","inLanguage":"nb-NO","@id":"https:\/\/mills.no\/melange\/ida-for-melange\/#primaryimage","url":"https:\/\/mills.no\/content\/uploads\/sites\/3\/2016\/06\/Skjermbilde-2016-06-07-kl.-13.37.54.png","contentUrl":"https:\/\/mills.no\/content\/uploads\/sites\/3\/2016\/06\/Skjermbilde-2016-06-07-kl.-13.37.54.png","width":1918,"height":1079},{"@type":"BreadcrumbList","@id":"https:\/\/mills.no\/melange\/ida-for-melange\/#breadcrumb","itemListElement":[{"@type":"ListItem","position":1,"name":"Home","item":"https:\/\/mills.no\/melange\/"},{"@type":"ListItem","position":2,"name":"Ida for Melange"}]},{"@type":"WebSite","@id":"https:\/\/mills.no\/melange\/#website","url":"https:\/\/mills.no\/melange\/","name":"Melange","description":"Litt lettere \u00e5 lykkes","publisher":{"@id":"https:\/\/mills.no\/melange\/#organization"},"potentialAction":[{"@type":"SearchAction","target":{"@type":"EntryPoint","urlTemplate":"https:\/\/mills.no\/melange\/?s={search_term_string}"},"query-input":{"@type":"PropertyValueSpecification","valueRequired":true,"valueName":"search_term_string"}}],"inLanguage":"nb-NO"},{"@type":"Organization","@id":"https:\/\/mills.no\/melange\/#organization","name":"Melange","url":"https:\/\/mills.no\/melange\/","logo":{"@type":"ImageObject","inLanguage":"nb-NO","@id":"https:\/\/mills.no\/melange\/#\/schema\/logo\/image\/","url":"https:\/\/mills.no\/content\/uploads\/sites\/3\/2021\/11\/logo-melange.svg","contentUrl":"https:\/\/mills.no\/content\/uploads\/sites\/3\/2021\/11\/logo-melange.svg","caption":"Melange"},"image":{"@id":"https:\/\/mills.no\/melange\/#\/schema\/logo\/image\/"}}]}},"_links":{"self":[{"href":"https:\/\/mills.no\/melange\/wp-json\/wp\/v2\/pages\/1591","targetHints":{"allow":["GET"]}}],"collection":[{"href":"https:\/\/mills.no\/melange\/wp-json\/wp\/v2\/pages"}],"about":[{"href":"https:\/\/mills.no\/melange\/wp-json\/wp\/v2\/types\/page"}],"author":[{"embeddable":true,"href":"https:\/\/mills.no\/melange\/wp-json\/wp\/v2\/users\/2"}],"replies":[{"embeddable":true,"href":"https:\/\/mills.no\/melange\/wp-json\/wp\/v2\/comments?post=1591"}],"version-history":[{"count":12,"href":"https:\/\/mills.no\/melange\/wp-json\/wp\/v2\/pages\/1591\/revisions"}],"predecessor-version":[{"id":4377,"href":"https:\/\/mills.no\/melange\/wp-json\/wp\/v2\/pages\/1591\/revisions\/4377"}],"wp:featuredmedia":[{"embeddable":true,"href":"https:\/\/mills.no\/melange\/wp-json\/wp\/v2\/media\/1592"}],"wp:attachment":[{"href":"https:\/\/mills.no\/melange\/wp-json\/wp\/v2\/media?parent=1591"}],"curies":[{"name":"wp","href":"https:\/\/api.w.org\/{rel}","templated":true}]}}