{"id":1605,"date":"2016-03-11T09:28:49","date_gmt":"2016-03-11T08:28:49","guid":{"rendered":"https:\/\/mills.no\/melange\/om-melange\/"},"modified":"2024-01-09T14:48:29","modified_gmt":"2024-01-09T13:48:29","slug":"om-melange","status":"publish","type":"page","link":"https:\/\/mills.no\/melange\/om-melange\/","title":{"rendered":"Om Melange"},"content":{"rendered":"<div class=\"mills-block-featured alignwide alignwide wp-block-mills-block-featured\"><img loading=\"lazy\" decoding=\"async\" width=\"1920\" height=\"930\" style=\"width:100%;height:100%;object-fit:cover\" src=\"https:\/\/mills.no\/content\/uploads\/sites\/3\/2016\/03\/Dame.jpg\" class=\"wp-block-cover__image-background\" alt=\"\" srcset=\"https:\/\/mills.no\/content\/uploads\/sites\/3\/2016\/03\/Dame.jpg 1920w, https:\/\/mills.no\/content\/uploads\/sites\/3\/2016\/03\/Dame-300x145.jpg 300w, https:\/\/mills.no\/content\/uploads\/sites\/3\/2016\/03\/Dame-1024x496.jpg 1024w, https:\/\/mills.no\/content\/uploads\/sites\/3\/2016\/03\/Dame-768x372.jpg 768w, https:\/\/mills.no\/content\/uploads\/sites\/3\/2016\/03\/Dame-1536x744.jpg 1536w, https:\/\/mills.no\/content\/uploads\/sites\/3\/2016\/03\/Dame-80x39.jpg 80w\" sizes=\"auto, (max-width: 1920px) 100vw, 1920px\" \/><div class=\"wp-block-cover__inner-container\">\n<h1 class=\"has-text-align-center wp-block-post-title has-text-color has-neutral-1000-color\">Om Melange<\/h1>\n<\/div><\/div>\n\n\n\t\t<div class=\"has-background has-neutral-0-background-color is-style-vertical-spacing alignwide wp-block-mills-section has-background has-neutral-0-background-color\">\n\t\t\t<div class=\"wp-block-mills-section__inner aligncenter\">\n\t\t\t\t\n\n<div class=\"wp-block-group alignfull card-info is-layout-flow wp-block-group-is-layout-flow\">\n<h2 class=\"wp-block-t2-post-title t2-post-title wp-block-heading\" id=\"h-melange-sin-historie\">Melange sin historie<\/h2>\n\n\n\n<p class=\"has-text-align-left\">I 1919 s\u00e5 folkefavoritten Melange dagens lys for aller f\u00f8rste gang p\u00e5 Gr\u00fcnerl\u00f8kka i Oslo. Navnet Melange er fransk og betyr blanding. Det er fordi Melange er en blanding av vegetabilske oljer fra nordisk raps. Opp gjennom \u00e5rene har Melange vokst seg inn til \u00e5 bli en sentral del av nordmenns steke- og bakevaner, og det sies at annenhver husstand i Norge har Melange i kj\u00f8leskapet. Over 100 \u00e5r etter sin lansering har Melange fortsatt posisjonen som Norges mest kj\u00f8pte margarin. Det er vi fryktelig stolte av!<\/p>\n<\/div>\n\n\n\t\t\t<\/div>\n\t\t<\/div>\n\n\n\t\t<div class=\"has-background has-neutral-50-background-color is-style-vertical-spacing is-style-horizontal-spacing alignwide wp-block-mills-section has-background has-neutral-50-background-color\">\n\t\t\t<div class=\"wp-block-mills-section__inner alignwide\">\n\t\t\t\t\n\n<h2 class=\"has-text-align-center aligncenter wp-block-heading\" id=\"h-bilder-av-melange-gjennom-arene\">Bilder av Melange gjennom \u00e5rene<\/h2>\n\n\n\n<figure class=\"wp-block-gallery columns-3 is-cropped wp-block-gallery-1 is-layout-flex wp-block-gallery-is-layout-flex\"><ul class=\"blocks-gallery-grid\"><li class=\"blocks-gallery-item\"><figure><img loading=\"lazy\" decoding=\"async\" width=\"219\" height=\"270\" src=\"https:\/\/mills.no\/content\/uploads\/sites\/3\/2022\/02\/Melangekua-palmer.png\" alt=\"\" data-id=\"3592\" data-link=\"https:\/\/mills.no\/melange\/melange\/om-melange\/melangekua-palmer\/\" class=\"wp-image-3592\" srcset=\"https:\/\/mills.no\/content\/uploads\/sites\/3\/2022\/02\/Melangekua-palmer.png 219w, https:\/\/mills.no\/content\/uploads\/sites\/3\/2022\/02\/Melangekua-palmer-65x80.png 65w\" sizes=\"auto, (max-width: 219px) 100vw, 219px\" \/><\/figure><\/li><li class=\"blocks-gallery-item\"><figure><img loading=\"lazy\" decoding=\"async\" width=\"650\" height=\"714\" src=\"https:\/\/mills.no\/content\/uploads\/sites\/3\/2022\/02\/Hva-reiser-de-i.jpg\" alt=\"\" data-id=\"3589\" data-link=\"https:\/\/mills.no\/melange\/melange\/om-melange\/hva-reiser-de-i\/\" class=\"wp-image-3589\" srcset=\"https:\/\/mills.no\/content\/uploads\/sites\/3\/2022\/02\/Hva-reiser-de-i.jpg 650w, https:\/\/mills.no\/content\/uploads\/sites\/3\/2022\/02\/Hva-reiser-de-i-273x300.jpg 273w, https:\/\/mills.no\/content\/uploads\/sites\/3\/2022\/02\/Hva-reiser-de-i-73x80.jpg 73w\" sizes=\"auto, (max-width: 650px) 100vw, 650px\" \/><\/figure><\/li><li class=\"blocks-gallery-item\"><figure><img loading=\"lazy\" decoding=\"async\" width=\"650\" height=\"489\" src=\"https:\/\/mills.no\/content\/uploads\/sites\/3\/2022\/02\/Fabrik.png\" alt=\"\" data-id=\"3585\" data-link=\"https:\/\/mills.no\/melange\/melange\/om-melange\/fabrik\/\" class=\"wp-image-3585\" srcset=\"https:\/\/mills.no\/content\/uploads\/sites\/3\/2022\/02\/Fabrik.png 650w, https:\/\/mills.no\/content\/uploads\/sites\/3\/2022\/02\/Fabrik-300x226.png 300w, https:\/\/mills.no\/content\/uploads\/sites\/3\/2022\/02\/Fabrik-80x60.png 80w\" sizes=\"auto, (max-width: 650px) 100vw, 650px\" \/><\/figure><\/li><li class=\"blocks-gallery-item\"><figure><img loading=\"lazy\" decoding=\"async\" width=\"650\" height=\"745\" src=\"https:\/\/mills.no\/content\/uploads\/sites\/3\/2022\/02\/Melange-pakning.jpg\" alt=\"\" data-id=\"3594\" data-link=\"https:\/\/mills.no\/melange\/melange\/om-melange\/melange-pakning\/\" class=\"wp-image-3594\" srcset=\"https:\/\/mills.no\/content\/uploads\/sites\/3\/2022\/02\/Melange-pakning.jpg 650w, https:\/\/mills.no\/content\/uploads\/sites\/3\/2022\/02\/Melange-pakning-262x300.jpg 262w, https:\/\/mills.no\/content\/uploads\/sites\/3\/2022\/02\/Melange-pakning-70x80.jpg 70w\" sizes=\"auto, (max-width: 650px) 100vw, 650px\" \/><\/figure><\/li><li class=\"blocks-gallery-item\"><figure><img loading=\"lazy\" decoding=\"async\" width=\"564\" height=\"1024\" src=\"https:\/\/mills.no\/content\/uploads\/sites\/3\/2022\/02\/Margarinen-med-mersmak-564x1024.jpg\" alt=\"\" data-id=\"3590\" data-link=\"https:\/\/mills.no\/melange\/melange\/om-melange\/margarinen-med-mersmak\/\" class=\"wp-image-3590\" srcset=\"https:\/\/mills.no\/content\/uploads\/sites\/3\/2022\/02\/Margarinen-med-mersmak-564x1024.jpg 564w, https:\/\/mills.no\/content\/uploads\/sites\/3\/2022\/02\/Margarinen-med-mersmak-165x300.jpg 165w, https:\/\/mills.no\/content\/uploads\/sites\/3\/2022\/02\/Margarinen-med-mersmak-44x80.jpg 44w, https:\/\/mills.no\/content\/uploads\/sites\/3\/2022\/02\/Margarinen-med-mersmak.jpg 650w\" sizes=\"auto, (max-width: 564px) 100vw, 564px\" \/><\/figure><\/li><li class=\"blocks-gallery-item\"><figure><img loading=\"lazy\" decoding=\"async\" width=\"468\" height=\"1024\" src=\"https:\/\/mills.no\/content\/uploads\/sites\/3\/2022\/02\/Melangekua-468x1024.jpg\" alt=\"\" data-id=\"3593\" data-link=\"https:\/\/mills.no\/melange\/melange\/om-melange\/melangekua\/\" class=\"wp-image-3593\" srcset=\"https:\/\/mills.no\/content\/uploads\/sites\/3\/2022\/02\/Melangekua-468x1024.jpg 468w, https:\/\/mills.no\/content\/uploads\/sites\/3\/2022\/02\/Melangekua-137x300.jpg 137w, https:\/\/mills.no\/content\/uploads\/sites\/3\/2022\/02\/Melangekua-37x80.jpg 37w, https:\/\/mills.no\/content\/uploads\/sites\/3\/2022\/02\/Melangekua.jpg 650w\" sizes=\"auto, (max-width: 468px) 100vw, 468px\" \/><\/figure><\/li><li class=\"blocks-gallery-item\"><figure><img loading=\"lazy\" decoding=\"async\" width=\"650\" height=\"686\" src=\"https:\/\/mills.no\/content\/uploads\/sites\/3\/2022\/02\/Reklame-Melange.png\" alt=\"\" data-id=\"3597\" data-link=\"https:\/\/mills.no\/melange\/melange\/om-melange\/reklame-melange\/\" class=\"wp-image-3597\" srcset=\"https:\/\/mills.no\/content\/uploads\/sites\/3\/2022\/02\/Reklame-Melange.png 650w, https:\/\/mills.no\/content\/uploads\/sites\/3\/2022\/02\/Reklame-Melange-284x300.png 284w, https:\/\/mills.no\/content\/uploads\/sites\/3\/2022\/02\/Reklame-Melange-76x80.png 76w\" sizes=\"auto, (max-width: 650px) 100vw, 650px\" \/><\/figure><\/li><li class=\"blocks-gallery-item\"><figure><img loading=\"lazy\" decoding=\"async\" width=\"650\" height=\"670\" src=\"https:\/\/mills.no\/content\/uploads\/sites\/3\/2022\/02\/Reklame-slank-og-elegant.png\" alt=\"\" data-id=\"3598\" data-link=\"https:\/\/mills.no\/melange\/melange\/om-melange\/reklame-slank-og-elegant\/\" class=\"wp-image-3598\" srcset=\"https:\/\/mills.no\/content\/uploads\/sites\/3\/2022\/02\/Reklame-slank-og-elegant.png 650w, https:\/\/mills.no\/content\/uploads\/sites\/3\/2022\/02\/Reklame-slank-og-elegant-291x300.png 291w, https:\/\/mills.no\/content\/uploads\/sites\/3\/2022\/02\/Reklame-slank-og-elegant-78x80.png 78w\" sizes=\"auto, (max-width: 650px) 100vw, 650px\" \/><\/figure><\/li><li class=\"blocks-gallery-item\"><figure><img loading=\"lazy\" decoding=\"async\" width=\"506\" height=\"796\" src=\"https:\/\/mills.no\/content\/uploads\/sites\/3\/2022\/02\/Fabrikk.png\" alt=\"\" data-id=\"3586\" data-link=\"https:\/\/mills.no\/melange\/melange\/om-melange\/fabrikk\/\" class=\"wp-image-3586\" srcset=\"https:\/\/mills.no\/content\/uploads\/sites\/3\/2022\/02\/Fabrikk.png 506w, https:\/\/mills.no\/content\/uploads\/sites\/3\/2022\/02\/Fabrikk-191x300.png 191w, https:\/\/mills.no\/content\/uploads\/sites\/3\/2022\/02\/Fabrikk-51x80.png 51w\" sizes=\"auto, (max-width: 506px) 100vw, 506px\" \/><\/figure><\/li><li class=\"blocks-gallery-item\"><figure><img loading=\"lazy\" decoding=\"async\" width=\"650\" height=\"446\" src=\"https:\/\/mills.no\/content\/uploads\/sites\/3\/2022\/02\/husmorskolen-vega-melange.jpg\" alt=\"\" data-id=\"3588\" data-link=\"https:\/\/mills.no\/melange\/melange\/om-melange\/husmorskolen-vega-melange\/\" class=\"wp-image-3588\" srcset=\"https:\/\/mills.no\/content\/uploads\/sites\/3\/2022\/02\/husmorskolen-vega-melange.jpg 650w, https:\/\/mills.no\/content\/uploads\/sites\/3\/2022\/02\/husmorskolen-vega-melange-300x206.jpg 300w, https:\/\/mills.no\/content\/uploads\/sites\/3\/2022\/02\/husmorskolen-vega-melange-80x55.jpg 80w\" sizes=\"auto, (max-width: 650px) 100vw, 650px\" \/><\/figure><\/li><li class=\"blocks-gallery-item\"><figure><img loading=\"lazy\" decoding=\"async\" width=\"650\" height=\"461\" src=\"https:\/\/mills.no\/content\/uploads\/sites\/3\/2022\/02\/Husmorskolen-Agra.png\" alt=\"\" data-id=\"3587\" data-link=\"https:\/\/mills.no\/melange\/melange\/om-melange\/husmorskolen-agra\/\" class=\"wp-image-3587\" srcset=\"https:\/\/mills.no\/content\/uploads\/sites\/3\/2022\/02\/Husmorskolen-Agra.png 650w, https:\/\/mills.no\/content\/uploads\/sites\/3\/2022\/02\/Husmorskolen-Agra-300x213.png 300w, https:\/\/mills.no\/content\/uploads\/sites\/3\/2022\/02\/Husmorskolen-Agra-80x57.png 80w\" sizes=\"auto, (max-width: 650px) 100vw, 650px\" \/><\/figure><\/li><li class=\"blocks-gallery-item\"><figure><img loading=\"lazy\" decoding=\"async\" width=\"650\" height=\"489\" src=\"https:\/\/mills.no\/content\/uploads\/sites\/3\/2022\/02\/Melange-Agra-2.png\" alt=\"\" data-id=\"3591\" data-link=\"https:\/\/mills.no\/melange\/melange\/om-melange\/melange-agra-2\/\" class=\"wp-image-3591\" srcset=\"https:\/\/mills.no\/content\/uploads\/sites\/3\/2022\/02\/Melange-Agra-2.png 650w, https:\/\/mills.no\/content\/uploads\/sites\/3\/2022\/02\/Melange-Agra-2-300x226.png 300w, https:\/\/mills.no\/content\/uploads\/sites\/3\/2022\/02\/Melange-Agra-2-80x60.png 80w\" sizes=\"auto, (max-width: 650px) 100vw, 650px\" \/><\/figure><\/li><li class=\"blocks-gallery-item\"><figure><img loading=\"lazy\" decoding=\"async\" width=\"650\" height=\"488\" src=\"https:\/\/mills.no\/content\/uploads\/sites\/3\/2022\/02\/messebilde.jpg\" alt=\"\" data-id=\"3595\" data-link=\"https:\/\/mills.no\/melange\/melange\/om-melange\/messebilde\/\" class=\"wp-image-3595\" srcset=\"https:\/\/mills.no\/content\/uploads\/sites\/3\/2022\/02\/messebilde.jpg 650w, https:\/\/mills.no\/content\/uploads\/sites\/3\/2022\/02\/messebilde-300x225.jpg 300w, https:\/\/mills.no\/content\/uploads\/sites\/3\/2022\/02\/messebilde-80x60.jpg 80w\" sizes=\"auto, (max-width: 650px) 100vw, 650px\" \/><\/figure><\/li><li class=\"blocks-gallery-item\"><figure><img loading=\"lazy\" decoding=\"async\" width=\"650\" height=\"489\" src=\"https:\/\/mills.no\/content\/uploads\/sites\/3\/2022\/02\/messebilde2.jpg\" alt=\"\" data-id=\"3596\" data-link=\"https:\/\/mills.no\/melange\/melange\/om-melange\/messebilde2\/\" class=\"wp-image-3596\" srcset=\"https:\/\/mills.no\/content\/uploads\/sites\/3\/2022\/02\/messebilde2.jpg 650w, https:\/\/mills.no\/content\/uploads\/sites\/3\/2022\/02\/messebilde2-300x226.jpg 300w, https:\/\/mills.no\/content\/uploads\/sites\/3\/2022\/02\/messebilde2-80x60.jpg 80w\" sizes=\"auto, (max-width: 650px) 100vw, 650px\" \/><\/figure><\/li><li class=\"blocks-gallery-item\"><figure><img loading=\"lazy\" decoding=\"async\" width=\"650\" height=\"426\" src=\"https:\/\/mills.no\/content\/uploads\/sites\/3\/2022\/02\/Melange-bod.png\" alt=\"\" data-id=\"3600\" data-full-url=\"https:\/\/mills.no\/content\/uploads\/sites\/3\/2022\/02\/Melange-bod.png\" data-link=\"https:\/\/mills.no\/melange\/melange\/om-melange\/melange-bod\/\" class=\"wp-image-3600\" srcset=\"https:\/\/mills.no\/content\/uploads\/sites\/3\/2022\/02\/Melange-bod.png 650w, https:\/\/mills.no\/content\/uploads\/sites\/3\/2022\/02\/Melange-bod-300x197.png 300w, https:\/\/mills.no\/content\/uploads\/sites\/3\/2022\/02\/Melange-bod-80x52.png 80w\" sizes=\"auto, (max-width: 650px) 100vw, 650px\" \/><\/figure><\/li><li class=\"blocks-gallery-item\"><figure><img loading=\"lazy\" decoding=\"async\" width=\"650\" height=\"428\" src=\"https:\/\/mills.no\/content\/uploads\/sites\/3\/2022\/02\/Melange-bil.png\" alt=\"\" data-id=\"3599\" data-link=\"https:\/\/mills.no\/melange\/melange\/om-melange\/melange-bil\/\" class=\"wp-image-3599\" srcset=\"https:\/\/mills.no\/content\/uploads\/sites\/3\/2022\/02\/Melange-bil.png 650w, https:\/\/mills.no\/content\/uploads\/sites\/3\/2022\/02\/Melange-bil-300x198.png 300w, https:\/\/mills.no\/content\/uploads\/sites\/3\/2022\/02\/Melange-bil-80x53.png 80w\" sizes=\"auto, (max-width: 650px) 100vw, 650px\" \/><\/figure><\/li><\/ul><\/figure>\n\n\n\t\t\t<\/div>\n\t\t<\/div>","protected":false},"excerpt":{"rendered":"<p>Dersom du har sp\u00f8rsm\u00e5l, synspunkter eller en klage knyttet til v\u00e5re produkter eller nettstedet, fyll ut skjemaet edenfor. Vi behandler\u2026<\/p>\n","protected":false},"author":3,"featured_media":1606,"parent":0,"menu_order":12,"comment_status":"closed","ping_status":"closed","template":"","meta":{"_searchwp_excluded":"","hide_post_title":false,"footnotes":""},"class_list":["post-1605","page","type-page","status-publish","has-post-thumbnail","hentry"],"yoast_head":"<!-- This site is optimized with the Yoast SEO Premium plugin v26.9 (Yoast SEO v26.9) - https:\/\/yoast.com\/product\/yoast-seo-premium-wordpress\/ -->\n<title>Om Melange - Melange<\/title>\n<meta name=\"description\" content=\"Navnet Melange er faktisk fransk og betyr blanding. Det er fordi Melange er en blanding av vegetabilske oljer fra nordisk raps.\" \/>\n<meta name=\"robots\" content=\"index, follow, max-snippet:-1, max-image-preview:large, max-video-preview:-1\" \/>\n<link rel=\"canonical\" href=\"https:\/\/mills.no\/melange\/om-melange\/\" \/>\n<meta property=\"og:locale\" content=\"nb_NO\" \/>\n<meta property=\"og:type\" content=\"article\" \/>\n<meta property=\"og:title\" content=\"Om Melange\" \/>\n<meta property=\"og:description\" content=\"Navnet Melange er faktisk fransk og betyr blanding. Det er fordi Melange er en blanding av vegetabilske oljer fra nordisk raps.\" \/>\n<meta property=\"og:url\" content=\"https:\/\/mills.no\/melange\/om-melange\/\" \/>\n<meta property=\"og:site_name\" content=\"Melange\" \/>\n<meta property=\"article:modified_time\" content=\"2024-01-09T13:48:29+00:00\" \/>\n<meta property=\"og:image\" content=\"https:\/\/mills.no\/content\/uploads\/sites\/3\/2016\/03\/Dame.jpg\" \/>\n\t<meta property=\"og:image:width\" content=\"1920\" \/>\n\t<meta property=\"og:image:height\" content=\"930\" \/>\n\t<meta property=\"og:image:type\" content=\"image\/jpeg\" \/>\n<meta name=\"twitter:card\" content=\"summary_large_image\" \/>\n<meta name=\"twitter:label1\" content=\"Ansl. lesetid\" \/>\n\t<meta name=\"twitter:data1\" content=\"4 minutter\" \/>\n<script type=\"application\/ld+json\" class=\"yoast-schema-graph\">{\"@context\":\"https:\/\/schema.org\",\"@graph\":[{\"@type\":\"WebPage\",\"@id\":\"https:\/\/mills.no\/melange\/om-melange\/\",\"url\":\"https:\/\/mills.no\/melange\/om-melange\/\",\"name\":\"Om Melange - Melange\",\"isPartOf\":{\"@id\":\"https:\/\/mills.no\/melange\/#website\"},\"primaryImageOfPage\":{\"@id\":\"https:\/\/mills.no\/melange\/om-melange\/#primaryimage\"},\"image\":{\"@id\":\"https:\/\/mills.no\/melange\/om-melange\/#primaryimage\"},\"thumbnailUrl\":\"https:\/\/mills.no\/content\/uploads\/sites\/3\/2016\/03\/Dame.jpg\",\"datePublished\":\"2016-03-11T08:28:49+00:00\",\"dateModified\":\"2024-01-09T13:48:29+00:00\",\"description\":\"Navnet Melange er faktisk fransk og betyr blanding. Det er fordi Melange er en blanding av vegetabilske oljer fra nordisk raps.\",\"breadcrumb\":{\"@id\":\"https:\/\/mills.no\/melange\/om-melange\/#breadcrumb\"},\"inLanguage\":\"nb-NO\",\"potentialAction\":[{\"@type\":\"ReadAction\",\"target\":[\"https:\/\/mills.no\/melange\/om-melange\/\"]}]},{\"@type\":\"ImageObject\",\"inLanguage\":\"nb-NO\",\"@id\":\"https:\/\/mills.no\/melange\/om-melange\/#primaryimage\",\"url\":\"https:\/\/mills.no\/content\/uploads\/sites\/3\/2016\/03\/Dame.jpg\",\"contentUrl\":\"https:\/\/mills.no\/content\/uploads\/sites\/3\/2016\/03\/Dame.jpg\",\"width\":1920,\"height\":930},{\"@type\":\"BreadcrumbList\",\"@id\":\"https:\/\/mills.no\/melange\/om-melange\/#breadcrumb\",\"itemListElement\":[{\"@type\":\"ListItem\",\"position\":1,\"name\":\"Home\",\"item\":\"https:\/\/mills.no\/melange\/\"},{\"@type\":\"ListItem\",\"position\":2,\"name\":\"Om Melange\"}]},{\"@type\":\"WebSite\",\"@id\":\"https:\/\/mills.no\/melange\/#website\",\"url\":\"https:\/\/mills.no\/melange\/\",\"name\":\"Melange\",\"description\":\"Litt lettere \u00e5 lykkes\",\"publisher\":{\"@id\":\"https:\/\/mills.no\/melange\/#organization\"},\"potentialAction\":[{\"@type\":\"SearchAction\",\"target\":{\"@type\":\"EntryPoint\",\"urlTemplate\":\"https:\/\/mills.no\/melange\/?s={search_term_string}\"},\"query-input\":{\"@type\":\"PropertyValueSpecification\",\"valueRequired\":true,\"valueName\":\"search_term_string\"}}],\"inLanguage\":\"nb-NO\"},{\"@type\":\"Organization\",\"@id\":\"https:\/\/mills.no\/melange\/#organization\",\"name\":\"Melange\",\"url\":\"https:\/\/mills.no\/melange\/\",\"logo\":{\"@type\":\"ImageObject\",\"inLanguage\":\"nb-NO\",\"@id\":\"https:\/\/mills.no\/melange\/#\/schema\/logo\/image\/\",\"url\":\"https:\/\/mills.no\/content\/uploads\/sites\/3\/2021\/11\/logo-melange.svg\",\"contentUrl\":\"https:\/\/mills.no\/content\/uploads\/sites\/3\/2021\/11\/logo-melange.svg\",\"caption\":\"Melange\"},\"image\":{\"@id\":\"https:\/\/mills.no\/melange\/#\/schema\/logo\/image\/\"}}]}<\/script>\n<!-- \/ Yoast SEO Premium plugin. -->","yoast_head_json":{"title":"Om Melange - Melange","description":"Navnet Melange er faktisk fransk og betyr blanding. Det er fordi Melange er en blanding av vegetabilske oljer fra nordisk raps.","robots":{"index":"index","follow":"follow","max-snippet":"max-snippet:-1","max-image-preview":"max-image-preview:large","max-video-preview":"max-video-preview:-1"},"canonical":"https:\/\/mills.no\/melange\/om-melange\/","og_locale":"nb_NO","og_type":"article","og_title":"Om Melange","og_description":"Navnet Melange er faktisk fransk og betyr blanding. Det er fordi Melange er en blanding av vegetabilske oljer fra nordisk raps.","og_url":"https:\/\/mills.no\/melange\/om-melange\/","og_site_name":"Melange","article_modified_time":"2024-01-09T13:48:29+00:00","og_image":[{"width":1920,"height":930,"url":"https:\/\/mills.no\/content\/uploads\/sites\/3\/2016\/03\/Dame.jpg","type":"image\/jpeg"}],"twitter_card":"summary_large_image","twitter_misc":{"Ansl. lesetid":"4 minutter"},"schema":{"@context":"https:\/\/schema.org","@graph":[{"@type":"WebPage","@id":"https:\/\/mills.no\/melange\/om-melange\/","url":"https:\/\/mills.no\/melange\/om-melange\/","name":"Om Melange - Melange","isPartOf":{"@id":"https:\/\/mills.no\/melange\/#website"},"primaryImageOfPage":{"@id":"https:\/\/mills.no\/melange\/om-melange\/#primaryimage"},"image":{"@id":"https:\/\/mills.no\/melange\/om-melange\/#primaryimage"},"thumbnailUrl":"https:\/\/mills.no\/content\/uploads\/sites\/3\/2016\/03\/Dame.jpg","datePublished":"2016-03-11T08:28:49+00:00","dateModified":"2024-01-09T13:48:29+00:00","description":"Navnet Melange er faktisk fransk og betyr blanding. Det er fordi Melange er en blanding av vegetabilske oljer fra nordisk raps.","breadcrumb":{"@id":"https:\/\/mills.no\/melange\/om-melange\/#breadcrumb"},"inLanguage":"nb-NO","potentialAction":[{"@type":"ReadAction","target":["https:\/\/mills.no\/melange\/om-melange\/"]}]},{"@type":"ImageObject","inLanguage":"nb-NO","@id":"https:\/\/mills.no\/melange\/om-melange\/#primaryimage","url":"https:\/\/mills.no\/content\/uploads\/sites\/3\/2016\/03\/Dame.jpg","contentUrl":"https:\/\/mills.no\/content\/uploads\/sites\/3\/2016\/03\/Dame.jpg","width":1920,"height":930},{"@type":"BreadcrumbList","@id":"https:\/\/mills.no\/melange\/om-melange\/#breadcrumb","itemListElement":[{"@type":"ListItem","position":1,"name":"Home","item":"https:\/\/mills.no\/melange\/"},{"@type":"ListItem","position":2,"name":"Om Melange"}]},{"@type":"WebSite","@id":"https:\/\/mills.no\/melange\/#website","url":"https:\/\/mills.no\/melange\/","name":"Melange","description":"Litt lettere \u00e5 lykkes","publisher":{"@id":"https:\/\/mills.no\/melange\/#organization"},"potentialAction":[{"@type":"SearchAction","target":{"@type":"EntryPoint","urlTemplate":"https:\/\/mills.no\/melange\/?s={search_term_string}"},"query-input":{"@type":"PropertyValueSpecification","valueRequired":true,"valueName":"search_term_string"}}],"inLanguage":"nb-NO"},{"@type":"Organization","@id":"https:\/\/mills.no\/melange\/#organization","name":"Melange","url":"https:\/\/mills.no\/melange\/","logo":{"@type":"ImageObject","inLanguage":"nb-NO","@id":"https:\/\/mills.no\/melange\/#\/schema\/logo\/image\/","url":"https:\/\/mills.no\/content\/uploads\/sites\/3\/2021\/11\/logo-melange.svg","contentUrl":"https:\/\/mills.no\/content\/uploads\/sites\/3\/2021\/11\/logo-melange.svg","caption":"Melange"},"image":{"@id":"https:\/\/mills.no\/melange\/#\/schema\/logo\/image\/"}}]}},"_links":{"self":[{"href":"https:\/\/mills.no\/melange\/wp-json\/wp\/v2\/pages\/1605","targetHints":{"allow":["GET"]}}],"collection":[{"href":"https:\/\/mills.no\/melange\/wp-json\/wp\/v2\/pages"}],"about":[{"href":"https:\/\/mills.no\/melange\/wp-json\/wp\/v2\/types\/page"}],"author":[{"embeddable":true,"href":"https:\/\/mills.no\/melange\/wp-json\/wp\/v2\/users\/3"}],"replies":[{"embeddable":true,"href":"https:\/\/mills.no\/melange\/wp-json\/wp\/v2\/comments?post=1605"}],"version-history":[{"count":7,"href":"https:\/\/mills.no\/melange\/wp-json\/wp\/v2\/pages\/1605\/revisions"}],"predecessor-version":[{"id":4234,"href":"https:\/\/mills.no\/melange\/wp-json\/wp\/v2\/pages\/1605\/revisions\/4234"}],"wp:featuredmedia":[{"embeddable":true,"href":"https:\/\/mills.no\/melange\/wp-json\/wp\/v2\/media\/1606"}],"wp:attachment":[{"href":"https:\/\/mills.no\/melange\/wp-json\/wp\/v2\/media?parent=1605"}],"curies":[{"name":"wp","href":"https:\/\/api.w.org\/{rel}","templated":true}]}}