{"id":1607,"date":"2016-03-11T09:17:53","date_gmt":"2016-03-11T08:17:53","guid":{"rendered":"https:\/\/mills.no\/melange\/steketemperatur\/"},"modified":"2024-02-07T09:15:52","modified_gmt":"2024-02-07T08:15:52","slug":"steketemperatur","status":"publish","type":"page","link":"https:\/\/mills.no\/melange\/tips\/steketemperatur\/","title":{"rendered":"Steketemperatur"},"content":{"rendered":"<div class=\"mills-block-featured alignwide alignwide wp-block-mills-block-featured\"><img loading=\"lazy\" decoding=\"async\" width=\"1920\" height=\"930\" style=\"width:100%;height:100%;object-fit:cover\" src=\"https:\/\/mills.no\/content\/uploads\/sites\/3\/2016\/03\/egg.png\" class=\"wp-block-cover__image-background\" alt=\"\" srcset=\"https:\/\/mills.no\/content\/uploads\/sites\/3\/2016\/03\/egg.png 1920w, https:\/\/mills.no\/content\/uploads\/sites\/3\/2016\/03\/egg-300x145.png 300w, https:\/\/mills.no\/content\/uploads\/sites\/3\/2016\/03\/egg-1024x496.png 1024w, https:\/\/mills.no\/content\/uploads\/sites\/3\/2016\/03\/egg-768x372.png 768w, https:\/\/mills.no\/content\/uploads\/sites\/3\/2016\/03\/egg-1536x744.png 1536w, https:\/\/mills.no\/content\/uploads\/sites\/3\/2016\/03\/egg-80x39.png 80w\" sizes=\"auto, (max-width: 1920px) 100vw, 1920px\" \/><div class=\"wp-block-cover__inner-container\">\n<h1 class=\"has-text-align-center wp-block-post-title has-text-color has-neutral-1000-color\">Steketemperatur<\/h1>\n\n\n\n<div class=\"has-text-align-center mills-published-date wp-block-post-date has-text-color has-neutral-1000-color\"><time datetime=\"2016-03-11T09:17:53+01:00\">11. mars 2016<\/time><\/div>\n<\/div><\/div>\n\n\n\t\t<div class=\"has-background has-neutral-0-background-color is-style-vertical-spacing alignwide wp-block-mills-section has-background has-neutral-0-background-color\">\n\t\t\t<div class=\"wp-block-mills-section__inner aligncenter\">\n\t\t\t\t\n\n<div class=\"wp-block-group alignfull card-info is-layout-flow wp-block-group-is-layout-flow\">\n<p class=\"has-text-align-left\">Melange har \u00abinnebygde\u00bb temperatursignal i de faste stoffene, som faller til bunnen og brunes. Dette gj\u00f8r at du hele tiden kan se hvor varm stekepannen er, noe som gj\u00f8r det enkelt \u00e5 regulere styrken p\u00e5 platen i forhold til hva du steker.<\/p>\n<\/div>\n\n\n\t\t\t<\/div>\n\t\t<\/div>\n\n\n<div class=\"wp-block-media-text alignwide is-stacked-on-mobile is-image-fill has-neutral-1000-color has-neutral-0-background-color has-text-color has-background\"><figure class=\"wp-block-media-text__media\" style=\"background-image:url(https:\/\/mills.no\/content\/uploads\/sites\/3\/2022\/01\/140grader.png);background-position:50% 50%\"><img loading=\"lazy\" decoding=\"async\" width=\"500\" height=\"500\" src=\"https:\/\/mills.no\/content\/uploads\/sites\/3\/2022\/01\/140grader.png\" alt=\"\" class=\"wp-image-2205 size-full\" srcset=\"https:\/\/mills.no\/content\/uploads\/sites\/3\/2022\/01\/140grader.png 500w, https:\/\/mills.no\/content\/uploads\/sites\/3\/2022\/01\/140grader-300x300.png 300w, https:\/\/mills.no\/content\/uploads\/sites\/3\/2022\/01\/140grader-150x150.png 150w, https:\/\/mills.no\/content\/uploads\/sites\/3\/2022\/01\/140grader-80x80.png 80w\" sizes=\"auto, (max-width: 500px) 100vw, 500px\" \/><\/figure><div class=\"wp-block-media-text__content\">\n<h2 class=\"wp-block-heading\" id=\"h-steking-ved-140-grader\">Steking ved 140 grader<\/h2>\n\n\n\n<div class=\"wp-block-group is-layout-flow wp-block-group-is-layout-flow\"><p class=\"t2-ingress wp-block-t2-ingress\">Melange smelter ved cirka 30 grader. Ved 100 grader begynner margarinen \u00e5 skumme, og vannet fordamper. N\u00e5r vannet er borte stiger temperaturen raskt.<\/p>\n\n\n<p class=\"has-text-align-left\"><strong>Dette er velegnet til steking ved 140 grader<\/strong><br> \u2013 Omelett<br> \u2013 Speilegget<\/p>\n<\/div>\n<\/div><\/div>\n\n\n\n<div class=\"wp-block-media-text alignwide is-stacked-on-mobile is-image-fill has-neutral-1000-color has-neutral-0-background-color has-text-color has-background\"><figure class=\"wp-block-media-text__media\" style=\"background-image:url(https:\/\/mills.no\/content\/uploads\/sites\/3\/2022\/01\/160grader.png);background-position:50% 50%\"><img loading=\"lazy\" decoding=\"async\" width=\"500\" height=\"500\" src=\"https:\/\/mills.no\/content\/uploads\/sites\/3\/2022\/01\/160grader.png\" alt=\"Melange 160 grader\" class=\"wp-image-2206 size-full\" srcset=\"https:\/\/mills.no\/content\/uploads\/sites\/3\/2022\/01\/160grader.png 500w, https:\/\/mills.no\/content\/uploads\/sites\/3\/2022\/01\/160grader-300x300.png 300w, https:\/\/mills.no\/content\/uploads\/sites\/3\/2022\/01\/160grader-150x150.png 150w, https:\/\/mills.no\/content\/uploads\/sites\/3\/2022\/01\/160grader-80x80.png 80w\" sizes=\"auto, (max-width: 500px) 100vw, 500px\" \/><\/figure><div class=\"wp-block-media-text__content\">\n<h2 class=\"wp-block-heading\" id=\"h-steking-ved-160-grader\">Steking ved 160 grader<\/h2>\n\n\n\n<div class=\"wp-block-group is-layout-flow wp-block-group-is-layout-flow\"><p class=\"t2-ingress wp-block-t2-ingress\">Ved 160 grader er bunnfallet lysebrunt. Ved denne temperaturen er det best \u00e5 steke fisk.<\/p>\n\n\n<p class=\"has-text-align-left\"><strong>Disse typer kj\u00f8tt er velegnet til steking ved 160 grader:<br> <\/strong> \u2013 Fisk<br> \u2013 Kalkun<br> \u2013 Panert kj\u00f8tt<\/p>\n<\/div>\n<\/div><\/div>\n\n\n\n<div class=\"wp-block-media-text alignwide is-stacked-on-mobile is-image-fill has-neutral-1000-color has-neutral-0-background-color has-text-color has-background\"><figure class=\"wp-block-media-text__media\" style=\"background-image:url(https:\/\/mills.no\/content\/uploads\/sites\/3\/2022\/01\/180grader.png);background-position:50% 50%\"><img loading=\"lazy\" decoding=\"async\" width=\"500\" height=\"500\" src=\"https:\/\/mills.no\/content\/uploads\/sites\/3\/2022\/01\/180grader.png\" alt=\"\" class=\"wp-image-2207 size-full\" srcset=\"https:\/\/mills.no\/content\/uploads\/sites\/3\/2022\/01\/180grader.png 500w, https:\/\/mills.no\/content\/uploads\/sites\/3\/2022\/01\/180grader-300x300.png 300w, https:\/\/mills.no\/content\/uploads\/sites\/3\/2022\/01\/180grader-150x150.png 150w, https:\/\/mills.no\/content\/uploads\/sites\/3\/2022\/01\/180grader-80x80.png 80w\" sizes=\"auto, (max-width: 500px) 100vw, 500px\" \/><\/figure><div class=\"wp-block-media-text__content\">\n<h2 class=\"wp-block-heading\" id=\"h-steking-ved-180-grader\">Steking ved 180 grader<\/h2>\n\n\n\n<div class=\"wp-block-group is-layout-flow wp-block-group-is-layout-flow\"><p class=\"t2-ingress wp-block-t2-ingress\">N\u00e5r bunnfallet er m\u00f8rkebrunt har Melange en temperatur p\u00e5 180 grader. Dette er en temperatur for kj\u00f8tt som skal stekes raskt.<\/p>\n\n\n<p>En biff som skal ha god bruning, men v\u00e6re lite stekt inni, stekes ved denne temperaturen. Dette er den maksimale steketemperatur.<\/p>\n\n\n\n<p class=\"has-text-align-left\"><strong>Disse typene kj\u00f8tt er velegnet til steking ved 180 grader:<br> <\/strong>\u2013 Raskt stekt kj\u00f8tt<br> \u2013 Biff<br> \u2013 Kylling<\/p>\n<\/div>\n<\/div><\/div>\n\n\n\n\t\t<div class=\"has-background has-neutral-0-background-color is-style-vertical-spacing is-style-horizontal-spacing alignwide is-section-cards alignwide wp-block-mills-section has-background has-neutral-0-background-color\">\n\t\t\t<div class=\"wp-block-mills-section__inner alignwide\">\n\t\t\t\t\n\n<h2 class=\"has-text-align-center wp-block-heading\" id=\"h-relatert-innhold\">Relatert innhold<\/h2>\n\n\n<div class=\"t2-featured-content-layout alignwide alignwide wp-block-t2-featured-content-layout\" role=\"list\">\n<div class=\"t2-featured-single-post t2-featured-content is-post-type-page wp-block-t2-featured-single-post\" role=\"listitem\"><a class=\"t2-post-link wp-block-t2-post-link\" href=\"https:\/\/mills.no\/melange\/tips\/steketips\/\">\n<figure style=\"--t2-focal-point: 50% 50%;\" class=\"t2-post-featured-image has-image-ratio-16-9 wp-block-t2-post-featured-image\"><img loading=\"lazy\" decoding=\"async\" width=\"1920\" height=\"1200\" src=\"https:\/\/mills.no\/content\/uploads\/sites\/3\/2017\/06\/Saftig-biff.jpg\" class=\"attachment-medium-large size-medium-large wp-post-image\" alt=\"Saftig biff p\u00e5 trefj\u00f8l med tomater og ruccola salat. Foto.\" srcset=\"https:\/\/mills.no\/content\/uploads\/sites\/3\/2017\/06\/Saftig-biff.jpg 1920w, https:\/\/mills.no\/content\/uploads\/sites\/3\/2017\/06\/Saftig-biff-300x188.jpg 300w, https:\/\/mills.no\/content\/uploads\/sites\/3\/2017\/06\/Saftig-biff-1024x640.jpg 1024w, https:\/\/mills.no\/content\/uploads\/sites\/3\/2017\/06\/Saftig-biff-768x480.jpg 768w, https:\/\/mills.no\/content\/uploads\/sites\/3\/2017\/06\/Saftig-biff-1536x960.jpg 1536w, https:\/\/mills.no\/content\/uploads\/sites\/3\/2017\/06\/Saftig-biff-80x50.jpg 80w\" sizes=\"auto, (max-width: 1920px) 100vw, 1920px\" \/><\/figure>\n\n<div class=\"wp-block-group alignfull is-layout-flow wp-block-group-is-layout-flow\">\n\t<h2 class=\"t2-post-title wp-block-t2-post-title\">Steketips<\/h2>\n\t<div class=\"t2-post-excerpt wp-block-t2-post-excerpt\"><p>Et godt m\u00e5ltid beh\u00f8ver ikke v\u00e6re vanskelig \u2013 alt som kreves er gode r\u00e5varer og riktig tilberedning. Her finner du&hellip;<\/p><\/div>\n\t\n\t<p class=\"wp-block-buttons is-content-justification-center\"><span class=\"wp-block-button is-style-arrow-right\"><span class=\"wp-block-button__link\">Mer om<\/span><\/span><\/p>\n\t\n<\/div>\n\n<\/a>\n<\/div>\n\n<div class=\"t2-featured-single-post t2-featured-content is-post-type-page wp-block-t2-featured-single-post\" role=\"listitem\"><a class=\"t2-post-link wp-block-t2-post-link\" href=\"https:\/\/mills.no\/melange\/tips\/middagstips\/\">\n<figure style=\"--t2-focal-point: 50% 50%;\" class=\"t2-post-featured-image has-image-ratio-16-9 wp-block-t2-post-featured-image\"><img loading=\"lazy\" decoding=\"async\" width=\"1600\" height=\"1067\" src=\"https:\/\/mills.no\/content\/uploads\/sites\/3\/2018\/07\/Stekt-kylling-med-sC3B8tpotet.jpg\" class=\"attachment-medium-large size-medium-large wp-post-image\" alt=\"Stekt kyllingfilet med s\u00f8tpotetpure og spinat\" srcset=\"https:\/\/mills.no\/content\/uploads\/sites\/3\/2018\/07\/Stekt-kylling-med-sC3B8tpotet.jpg 1600w, https:\/\/mills.no\/content\/uploads\/sites\/3\/2018\/07\/Stekt-kylling-med-sC3B8tpotet-300x200.jpg 300w, https:\/\/mills.no\/content\/uploads\/sites\/3\/2018\/07\/Stekt-kylling-med-sC3B8tpotet-1024x683.jpg 1024w, https:\/\/mills.no\/content\/uploads\/sites\/3\/2018\/07\/Stekt-kylling-med-sC3B8tpotet-768x512.jpg 768w, https:\/\/mills.no\/content\/uploads\/sites\/3\/2018\/07\/Stekt-kylling-med-sC3B8tpotet-1536x1024.jpg 1536w, https:\/\/mills.no\/content\/uploads\/sites\/3\/2018\/07\/Stekt-kylling-med-sC3B8tpotet-80x53.jpg 80w\" sizes=\"auto, (max-width: 1600px) 100vw, 1600px\" \/><\/figure>\n\n<div class=\"wp-block-group alignfull is-layout-flow wp-block-group-is-layout-flow\">\n\t<h2 class=\"t2-post-title wp-block-t2-post-title\">Middagstips<\/h2>\n\t<div class=\"t2-post-excerpt wp-block-t2-post-excerpt\"><p>Det er ikke alltid like lett \u00e5 finne p\u00e5 hva man skal ha til middag. Her finner du inspirasjon til&hellip;<\/p><\/div>\n\t\n\t<p class=\"wp-block-buttons is-content-justification-center\"><span class=\"wp-block-button is-style-arrow-right\"><span class=\"wp-block-button__link\">Mer om<\/span><\/span><\/p>\n\t\n<\/div>\n\n<\/a>\n<\/div>\n\n<div class=\"t2-featured-single-post t2-featured-content is-post-type-page wp-block-t2-featured-single-post\" role=\"listitem\"><a class=\"t2-post-link wp-block-t2-post-link\" href=\"https:\/\/mills.no\/melange\/tips\/baketips\/\">\n<figure style=\"--t2-focal-point: 50% 50%;\" class=\"t2-post-featured-image has-image-ratio-16-9 wp-block-t2-post-featured-image\"><img loading=\"lazy\" decoding=\"async\" width=\"1920\" height=\"930\" src=\"https:\/\/mills.no\/content\/uploads\/sites\/3\/2018\/07\/luftig_bakeverk.jpg\" class=\"attachment-medium-large size-medium-large wp-post-image\" alt=\"Luftige bakeverk\" srcset=\"https:\/\/mills.no\/content\/uploads\/sites\/3\/2018\/07\/luftig_bakeverk.jpg 1920w, https:\/\/mills.no\/content\/uploads\/sites\/3\/2018\/07\/luftig_bakeverk-300x145.jpg 300w, https:\/\/mills.no\/content\/uploads\/sites\/3\/2018\/07\/luftig_bakeverk-1024x496.jpg 1024w, https:\/\/mills.no\/content\/uploads\/sites\/3\/2018\/07\/luftig_bakeverk-768x372.jpg 768w, https:\/\/mills.no\/content\/uploads\/sites\/3\/2018\/07\/luftig_bakeverk-1536x744.jpg 1536w, https:\/\/mills.no\/content\/uploads\/sites\/3\/2018\/07\/luftig_bakeverk-80x39.jpg 80w\" sizes=\"auto, (max-width: 1920px) 100vw, 1920px\" \/><\/figure>\n\n<div class=\"wp-block-group alignfull is-layout-flow wp-block-group-is-layout-flow\">\n\t<h2 class=\"t2-post-title wp-block-t2-post-title\">Baketips<\/h2>\n\t<div class=\"t2-post-excerpt wp-block-t2-post-excerpt\"><p>Uansett om du skal bake boller, sjokoladekake eller glutenfrie bakverk, s\u00e5 finnes det tips som gj\u00f8r bakingen enklere og sikrer&hellip;<\/p><\/div>\n\t\n\t<p class=\"wp-block-buttons is-content-justification-center\"><span class=\"wp-block-button is-style-arrow-right\"><span class=\"wp-block-button__link\">Mer om<\/span><\/span><\/p>\n\t\n<\/div>\n\n<\/a>\n<\/div>\n<\/div>\n\n\t\t\t<\/div>\n\t\t<\/div>","protected":false},"excerpt":{"rendered":"","protected":false},"author":3,"featured_media":1609,"parent":1600,"menu_order":3,"comment_status":"closed","ping_status":"closed","template":"","meta":{"_searchwp_excluded":"","hide_post_title":false,"footnotes":""},"class_list":["post-1607","page","type-page","status-publish","has-post-thumbnail","hentry"],"yoast_head":"<!-- This site is optimized with the Yoast SEO Premium plugin v26.9 (Yoast SEO v26.9) - https:\/\/yoast.com\/product\/yoast-seo-premium-wordpress\/ -->\n<title>Steketemperatur - Melange<\/title>\n<meta name=\"description\" content=\"Vanskelig \u00e5 finne rett steketemperatur? Melange har innebygd temperatursignal som gj\u00f8r det lettere \u00e5 f\u00e5 et perfekt stekeresultat.\" \/>\n<meta name=\"robots\" content=\"index, follow, max-snippet:-1, max-image-preview:large, max-video-preview:-1\" \/>\n<link rel=\"canonical\" href=\"https:\/\/mills.no\/melange\/tips\/steketemperatur\/\" \/>\n<meta property=\"og:locale\" content=\"nb_NO\" \/>\n<meta property=\"og:type\" content=\"article\" \/>\n<meta property=\"og:title\" content=\"Steketemperatur\" \/>\n<meta property=\"og:description\" content=\"Vanskelig \u00e5 finne rett steketemperatur? Melange har innebygd temperatursignal som gj\u00f8r det lettere \u00e5 f\u00e5 et perfekt stekeresultat.\" \/>\n<meta property=\"og:url\" content=\"https:\/\/mills.no\/melange\/tips\/steketemperatur\/\" \/>\n<meta property=\"og:site_name\" content=\"Melange\" \/>\n<meta property=\"article:modified_time\" content=\"2024-02-07T08:15:52+00:00\" \/>\n<meta property=\"og:image\" content=\"https:\/\/mills.no\/content\/uploads\/sites\/3\/2016\/03\/egg.png\" \/>\n\t<meta property=\"og:image:width\" content=\"1920\" \/>\n\t<meta property=\"og:image:height\" content=\"930\" \/>\n\t<meta property=\"og:image:type\" content=\"image\/png\" \/>\n<meta name=\"twitter:card\" content=\"summary_large_image\" \/>\n<meta name=\"twitter:label1\" content=\"Ansl. lesetid\" \/>\n\t<meta name=\"twitter:data1\" content=\"2 minutter\" \/>\n<script type=\"application\/ld+json\" class=\"yoast-schema-graph\">{\"@context\":\"https:\/\/schema.org\",\"@graph\":[{\"@type\":\"WebPage\",\"@id\":\"https:\/\/mills.no\/melange\/tips\/steketemperatur\/\",\"url\":\"https:\/\/mills.no\/melange\/tips\/steketemperatur\/\",\"name\":\"Steketemperatur - Melange\",\"isPartOf\":{\"@id\":\"https:\/\/mills.no\/melange\/#website\"},\"primaryImageOfPage\":{\"@id\":\"https:\/\/mills.no\/melange\/tips\/steketemperatur\/#primaryimage\"},\"image\":{\"@id\":\"https:\/\/mills.no\/melange\/tips\/steketemperatur\/#primaryimage\"},\"thumbnailUrl\":\"https:\/\/mills.no\/content\/uploads\/sites\/3\/2016\/03\/egg.png\",\"datePublished\":\"2016-03-11T08:17:53+00:00\",\"dateModified\":\"2024-02-07T08:15:52+00:00\",\"description\":\"Vanskelig \u00e5 finne rett steketemperatur? Melange har innebygd temperatursignal som gj\u00f8r det lettere \u00e5 f\u00e5 et perfekt stekeresultat.\",\"breadcrumb\":{\"@id\":\"https:\/\/mills.no\/melange\/tips\/steketemperatur\/#breadcrumb\"},\"inLanguage\":\"nb-NO\",\"potentialAction\":[{\"@type\":\"ReadAction\",\"target\":[\"https:\/\/mills.no\/melange\/tips\/steketemperatur\/\"]}]},{\"@type\":\"ImageObject\",\"inLanguage\":\"nb-NO\",\"@id\":\"https:\/\/mills.no\/melange\/tips\/steketemperatur\/#primaryimage\",\"url\":\"https:\/\/mills.no\/content\/uploads\/sites\/3\/2016\/03\/egg.png\",\"contentUrl\":\"https:\/\/mills.no\/content\/uploads\/sites\/3\/2016\/03\/egg.png\",\"width\":1920,\"height\":930},{\"@type\":\"BreadcrumbList\",\"@id\":\"https:\/\/mills.no\/melange\/tips\/steketemperatur\/#breadcrumb\",\"itemListElement\":[{\"@type\":\"ListItem\",\"position\":1,\"name\":\"Home\",\"item\":\"https:\/\/mills.no\/melange\/\"},{\"@type\":\"ListItem\",\"position\":2,\"name\":\"Tips\",\"item\":\"https:\/\/mills.no\/melange\/tips\/\"},{\"@type\":\"ListItem\",\"position\":3,\"name\":\"Steketemperatur\"}]},{\"@type\":\"WebSite\",\"@id\":\"https:\/\/mills.no\/melange\/#website\",\"url\":\"https:\/\/mills.no\/melange\/\",\"name\":\"Melange\",\"description\":\"Litt lettere \u00e5 lykkes\",\"publisher\":{\"@id\":\"https:\/\/mills.no\/melange\/#organization\"},\"potentialAction\":[{\"@type\":\"SearchAction\",\"target\":{\"@type\":\"EntryPoint\",\"urlTemplate\":\"https:\/\/mills.no\/melange\/?s={search_term_string}\"},\"query-input\":{\"@type\":\"PropertyValueSpecification\",\"valueRequired\":true,\"valueName\":\"search_term_string\"}}],\"inLanguage\":\"nb-NO\"},{\"@type\":\"Organization\",\"@id\":\"https:\/\/mills.no\/melange\/#organization\",\"name\":\"Melange\",\"url\":\"https:\/\/mills.no\/melange\/\",\"logo\":{\"@type\":\"ImageObject\",\"inLanguage\":\"nb-NO\",\"@id\":\"https:\/\/mills.no\/melange\/#\/schema\/logo\/image\/\",\"url\":\"https:\/\/mills.no\/content\/uploads\/sites\/3\/2021\/11\/logo-melange.svg\",\"contentUrl\":\"https:\/\/mills.no\/content\/uploads\/sites\/3\/2021\/11\/logo-melange.svg\",\"caption\":\"Melange\"},\"image\":{\"@id\":\"https:\/\/mills.no\/melange\/#\/schema\/logo\/image\/\"}}]}<\/script>\n<!-- \/ Yoast SEO Premium plugin. -->","yoast_head_json":{"title":"Steketemperatur - Melange","description":"Vanskelig \u00e5 finne rett steketemperatur? Melange har innebygd temperatursignal som gj\u00f8r det lettere \u00e5 f\u00e5 et perfekt stekeresultat.","robots":{"index":"index","follow":"follow","max-snippet":"max-snippet:-1","max-image-preview":"max-image-preview:large","max-video-preview":"max-video-preview:-1"},"canonical":"https:\/\/mills.no\/melange\/tips\/steketemperatur\/","og_locale":"nb_NO","og_type":"article","og_title":"Steketemperatur","og_description":"Vanskelig \u00e5 finne rett steketemperatur? Melange har innebygd temperatursignal som gj\u00f8r det lettere \u00e5 f\u00e5 et perfekt stekeresultat.","og_url":"https:\/\/mills.no\/melange\/tips\/steketemperatur\/","og_site_name":"Melange","article_modified_time":"2024-02-07T08:15:52+00:00","og_image":[{"width":1920,"height":930,"url":"https:\/\/mills.no\/content\/uploads\/sites\/3\/2016\/03\/egg.png","type":"image\/png"}],"twitter_card":"summary_large_image","twitter_misc":{"Ansl. lesetid":"2 minutter"},"schema":{"@context":"https:\/\/schema.org","@graph":[{"@type":"WebPage","@id":"https:\/\/mills.no\/melange\/tips\/steketemperatur\/","url":"https:\/\/mills.no\/melange\/tips\/steketemperatur\/","name":"Steketemperatur - Melange","isPartOf":{"@id":"https:\/\/mills.no\/melange\/#website"},"primaryImageOfPage":{"@id":"https:\/\/mills.no\/melange\/tips\/steketemperatur\/#primaryimage"},"image":{"@id":"https:\/\/mills.no\/melange\/tips\/steketemperatur\/#primaryimage"},"thumbnailUrl":"https:\/\/mills.no\/content\/uploads\/sites\/3\/2016\/03\/egg.png","datePublished":"2016-03-11T08:17:53+00:00","dateModified":"2024-02-07T08:15:52+00:00","description":"Vanskelig \u00e5 finne rett steketemperatur? Melange har innebygd temperatursignal som gj\u00f8r det lettere \u00e5 f\u00e5 et perfekt stekeresultat.","breadcrumb":{"@id":"https:\/\/mills.no\/melange\/tips\/steketemperatur\/#breadcrumb"},"inLanguage":"nb-NO","potentialAction":[{"@type":"ReadAction","target":["https:\/\/mills.no\/melange\/tips\/steketemperatur\/"]}]},{"@type":"ImageObject","inLanguage":"nb-NO","@id":"https:\/\/mills.no\/melange\/tips\/steketemperatur\/#primaryimage","url":"https:\/\/mills.no\/content\/uploads\/sites\/3\/2016\/03\/egg.png","contentUrl":"https:\/\/mills.no\/content\/uploads\/sites\/3\/2016\/03\/egg.png","width":1920,"height":930},{"@type":"BreadcrumbList","@id":"https:\/\/mills.no\/melange\/tips\/steketemperatur\/#breadcrumb","itemListElement":[{"@type":"ListItem","position":1,"name":"Home","item":"https:\/\/mills.no\/melange\/"},{"@type":"ListItem","position":2,"name":"Tips","item":"https:\/\/mills.no\/melange\/tips\/"},{"@type":"ListItem","position":3,"name":"Steketemperatur"}]},{"@type":"WebSite","@id":"https:\/\/mills.no\/melange\/#website","url":"https:\/\/mills.no\/melange\/","name":"Melange","description":"Litt lettere \u00e5 lykkes","publisher":{"@id":"https:\/\/mills.no\/melange\/#organization"},"potentialAction":[{"@type":"SearchAction","target":{"@type":"EntryPoint","urlTemplate":"https:\/\/mills.no\/melange\/?s={search_term_string}"},"query-input":{"@type":"PropertyValueSpecification","valueRequired":true,"valueName":"search_term_string"}}],"inLanguage":"nb-NO"},{"@type":"Organization","@id":"https:\/\/mills.no\/melange\/#organization","name":"Melange","url":"https:\/\/mills.no\/melange\/","logo":{"@type":"ImageObject","inLanguage":"nb-NO","@id":"https:\/\/mills.no\/melange\/#\/schema\/logo\/image\/","url":"https:\/\/mills.no\/content\/uploads\/sites\/3\/2021\/11\/logo-melange.svg","contentUrl":"https:\/\/mills.no\/content\/uploads\/sites\/3\/2021\/11\/logo-melange.svg","caption":"Melange"},"image":{"@id":"https:\/\/mills.no\/melange\/#\/schema\/logo\/image\/"}}]}},"_links":{"self":[{"href":"https:\/\/mills.no\/melange\/wp-json\/wp\/v2\/pages\/1607","targetHints":{"allow":["GET"]}}],"collection":[{"href":"https:\/\/mills.no\/melange\/wp-json\/wp\/v2\/pages"}],"about":[{"href":"https:\/\/mills.no\/melange\/wp-json\/wp\/v2\/types\/page"}],"author":[{"embeddable":true,"href":"https:\/\/mills.no\/melange\/wp-json\/wp\/v2\/users\/3"}],"replies":[{"embeddable":true,"href":"https:\/\/mills.no\/melange\/wp-json\/wp\/v2\/comments?post=1607"}],"version-history":[{"count":9,"href":"https:\/\/mills.no\/melange\/wp-json\/wp\/v2\/pages\/1607\/revisions"}],"predecessor-version":[{"id":4381,"href":"https:\/\/mills.no\/melange\/wp-json\/wp\/v2\/pages\/1607\/revisions\/4381"}],"up":[{"embeddable":true,"href":"https:\/\/mills.no\/melange\/wp-json\/wp\/v2\/pages\/1600"}],"wp:featuredmedia":[{"embeddable":true,"href":"https:\/\/mills.no\/melange\/wp-json\/wp\/v2\/media\/1609"}],"wp:attachment":[{"href":"https:\/\/mills.no\/melange\/wp-json\/wp\/v2\/media?parent=1607"}],"curies":[{"name":"wp","href":"https:\/\/api.w.org\/{rel}","templated":true}]}}