{"id":1613,"date":"2016-03-10T17:36:03","date_gmt":"2016-03-10T16:36:03","guid":{"rendered":"https:\/\/mills.no\/melange\/historie\/"},"modified":"2024-02-07T09:15:52","modified_gmt":"2024-02-07T08:15:52","slug":"melange-historie","status":"publish","type":"page","link":"https:\/\/mills.no\/melange\/melange-historie\/","title":{"rendered":"Historie"},"content":{"rendered":"<div class=\"mills-block-featured alignwide alignwide wp-block-mills-block-featured\"><img loading=\"lazy\" decoding=\"async\" width=\"1920\" height=\"930\" style=\"width:100%;height:100%;object-fit:cover\" src=\"https:\/\/mills.no\/content\/uploads\/sites\/3\/2016\/03\/historie.png\" class=\"wp-block-cover__image-background\" alt=\"\" srcset=\"https:\/\/mills.no\/content\/uploads\/sites\/3\/2016\/03\/historie.png 1920w, https:\/\/mills.no\/content\/uploads\/sites\/3\/2016\/03\/historie-300x145.png 300w, https:\/\/mills.no\/content\/uploads\/sites\/3\/2016\/03\/historie-1024x496.png 1024w, https:\/\/mills.no\/content\/uploads\/sites\/3\/2016\/03\/historie-768x372.png 768w, https:\/\/mills.no\/content\/uploads\/sites\/3\/2016\/03\/historie-1536x744.png 1536w, https:\/\/mills.no\/content\/uploads\/sites\/3\/2016\/03\/historie-80x39.png 80w\" sizes=\"auto, (max-width: 1920px) 100vw, 1920px\" \/><div class=\"wp-block-cover__inner-container\">\n<h1 class=\"has-text-align-center wp-block-post-title has-text-color has-neutral-1000-color\">Historie<\/h1>\n\n<div class=\"has-text-align-center mills-published-date wp-block-post-date has-text-color has-neutral-1000-color\"><time datetime=\"2016-03-10T17:36:03+01:00\">10. mars 2016<\/time><\/div>\n<\/div><\/div>\n\n\t\t<div class=\"has-background has-neutral-0-background-color is-style-vertical-spacing alignwide wp-block-mills-section has-background has-neutral-0-background-color\">\n\t\t\t<div class=\"wp-block-mills-section__inner aligncenter\">\n\t\t\t\t\n\n<div class=\"card-info alignfull wp-block-group is-layout-flow wp-block-group-is-layout-flow\">\n<h2 class=\"wp-block-t2-post-title t2-post-title wp-block-heading\">Steke &#8211; og bakeeksperten siden 1919<\/h2>\n\n<p style=\"text-align:left;\">I 1919 oppfant Agra \u201d Melange-metoden\u201d som gikk ut p\u00e5 \u00e5 fremstille margarin p\u00e5 en m\u00e5te som gjorde den helt uten egensmak. Melange betyr blanding p\u00e5 fransk og ble navnet p\u00e5 det nye margarinmerket. Opp gjennom \u00e5rene er Melange blitt forbedret en rekke ganger og best\u00e5r i dag av ren vegetabilsk margarin, helt uten transfettsyrer. Melange har v\u00e6rt det mest kj\u00f8pte merket i kategorien i flere generasjoner og 90 \u00e5r etter lanseringen holder den fortsatt posisjonen som Norges mest kj\u00f8pte merke.<\/p>\n\n<p style=\"text-align:left;\">\u201d Melange blev anvendt paa hele den siste ferd, og den beste anbefaling jeg kan gi. Deres produkt er, at samtlige medlemmer trodde de spiste meierism\u00f8r.\u201d<br \/> Roald Amundsen, 1925<\/p>\n<\/div>\n\n<figure class=\"wp-block-image\"><img loading=\"lazy\" decoding=\"async\" width=\"219\" height=\"270\" src=\"https:\/\/mills.no\/content\/uploads\/sites\/3\/2022\/01\/source.png\" alt=\"\" class=\"wp-image-2213\" srcset=\"https:\/\/mills.no\/content\/uploads\/sites\/3\/2022\/01\/source.png 219w, https:\/\/mills.no\/content\/uploads\/sites\/3\/2022\/01\/source-65x80.png 65w\" sizes=\"auto, (max-width: 219px) 100vw, 219px\" \/><\/figure>\n\n\t\t\t<\/div>\n\t\t<\/div>","protected":false},"excerpt":{"rendered":"","protected":false},"author":1,"featured_media":1614,"parent":0,"menu_order":14,"comment_status":"closed","ping_status":"closed","template":"","meta":{"_searchwp_excluded":"","hide_post_title":false,"footnotes":""},"class_list":["post-1613","page","type-page","status-publish","has-post-thumbnail","hentry"],"yoast_head":"<!-- This site is optimized with the Yoast SEO Premium plugin v26.9 (Yoast SEO v26.9) - https:\/\/yoast.com\/product\/yoast-seo-premium-wordpress\/ -->\n<title>Historie - Melange<\/title>\n<meta name=\"description\" content=\"Melange er steke - og bakeeksperten siden 1919. Agra oppfant &quot;Melange-metoden&quot; som gikk ut p\u00e5 \u00e5 fremstille margarin p\u00e5 en ny m\u00e5te.\" \/>\n<meta name=\"robots\" content=\"index, follow, max-snippet:-1, max-image-preview:large, max-video-preview:-1\" \/>\n<link rel=\"canonical\" href=\"https:\/\/mills.no\/melange\/melange-historie\/\" \/>\n<meta property=\"og:locale\" content=\"nb_NO\" \/>\n<meta property=\"og:type\" content=\"article\" \/>\n<meta property=\"og:title\" content=\"Historie\" \/>\n<meta property=\"og:description\" content=\"Melange er steke - og bakeeksperten siden 1919. Agra oppfant &quot;Melange-metoden&quot; som gikk ut p\u00e5 \u00e5 fremstille margarin p\u00e5 en ny m\u00e5te.\" \/>\n<meta property=\"og:url\" content=\"https:\/\/mills.no\/melange\/melange-historie\/\" \/>\n<meta property=\"og:site_name\" content=\"Melange\" \/>\n<meta property=\"article:modified_time\" content=\"2024-02-07T08:15:52+00:00\" \/>\n<meta property=\"og:image\" content=\"https:\/\/mills.no\/content\/uploads\/sites\/3\/2016\/03\/historie.png\" \/>\n\t<meta property=\"og:image:width\" content=\"1920\" \/>\n\t<meta property=\"og:image:height\" content=\"930\" \/>\n\t<meta property=\"og:image:type\" content=\"image\/png\" \/>\n<meta name=\"twitter:card\" content=\"summary_large_image\" \/>\n<meta name=\"twitter:label1\" content=\"Ansl. lesetid\" \/>\n\t<meta name=\"twitter:data1\" content=\"1 minutt\" \/>\n<script type=\"application\/ld+json\" class=\"yoast-schema-graph\">{\"@context\":\"https:\/\/schema.org\",\"@graph\":[{\"@type\":\"WebPage\",\"@id\":\"https:\/\/mills.no\/melange\/melange-historie\/\",\"url\":\"https:\/\/mills.no\/melange\/melange-historie\/\",\"name\":\"Historie - Melange\",\"isPartOf\":{\"@id\":\"https:\/\/mills.no\/melange\/#website\"},\"primaryImageOfPage\":{\"@id\":\"https:\/\/mills.no\/melange\/melange-historie\/#primaryimage\"},\"image\":{\"@id\":\"https:\/\/mills.no\/melange\/melange-historie\/#primaryimage\"},\"thumbnailUrl\":\"https:\/\/mills.no\/content\/uploads\/sites\/3\/2016\/03\/historie.png\",\"datePublished\":\"2016-03-10T16:36:03+00:00\",\"dateModified\":\"2024-02-07T08:15:52+00:00\",\"description\":\"Melange er steke - og bakeeksperten siden 1919. Agra oppfant \\\"Melange-metoden\\\" som gikk ut p\u00e5 \u00e5 fremstille margarin p\u00e5 en ny m\u00e5te.\",\"breadcrumb\":{\"@id\":\"https:\/\/mills.no\/melange\/melange-historie\/#breadcrumb\"},\"inLanguage\":\"nb-NO\",\"potentialAction\":[{\"@type\":\"ReadAction\",\"target\":[\"https:\/\/mills.no\/melange\/melange-historie\/\"]}]},{\"@type\":\"ImageObject\",\"inLanguage\":\"nb-NO\",\"@id\":\"https:\/\/mills.no\/melange\/melange-historie\/#primaryimage\",\"url\":\"https:\/\/mills.no\/content\/uploads\/sites\/3\/2016\/03\/historie.png\",\"contentUrl\":\"https:\/\/mills.no\/content\/uploads\/sites\/3\/2016\/03\/historie.png\",\"width\":1920,\"height\":930},{\"@type\":\"BreadcrumbList\",\"@id\":\"https:\/\/mills.no\/melange\/melange-historie\/#breadcrumb\",\"itemListElement\":[{\"@type\":\"ListItem\",\"position\":1,\"name\":\"Home\",\"item\":\"https:\/\/mills.no\/melange\/\"},{\"@type\":\"ListItem\",\"position\":2,\"name\":\"Historie\"}]},{\"@type\":\"WebSite\",\"@id\":\"https:\/\/mills.no\/melange\/#website\",\"url\":\"https:\/\/mills.no\/melange\/\",\"name\":\"Melange\",\"description\":\"Litt lettere \u00e5 lykkes\",\"publisher\":{\"@id\":\"https:\/\/mills.no\/melange\/#organization\"},\"potentialAction\":[{\"@type\":\"SearchAction\",\"target\":{\"@type\":\"EntryPoint\",\"urlTemplate\":\"https:\/\/mills.no\/melange\/?s={search_term_string}\"},\"query-input\":{\"@type\":\"PropertyValueSpecification\",\"valueRequired\":true,\"valueName\":\"search_term_string\"}}],\"inLanguage\":\"nb-NO\"},{\"@type\":\"Organization\",\"@id\":\"https:\/\/mills.no\/melange\/#organization\",\"name\":\"Melange\",\"url\":\"https:\/\/mills.no\/melange\/\",\"logo\":{\"@type\":\"ImageObject\",\"inLanguage\":\"nb-NO\",\"@id\":\"https:\/\/mills.no\/melange\/#\/schema\/logo\/image\/\",\"url\":\"https:\/\/mills.no\/content\/uploads\/sites\/3\/2021\/11\/logo-melange.svg\",\"contentUrl\":\"https:\/\/mills.no\/content\/uploads\/sites\/3\/2021\/11\/logo-melange.svg\",\"caption\":\"Melange\"},\"image\":{\"@id\":\"https:\/\/mills.no\/melange\/#\/schema\/logo\/image\/\"}}]}<\/script>\n<!-- \/ Yoast SEO Premium plugin. -->","yoast_head_json":{"title":"Historie - Melange","description":"Melange er steke - og bakeeksperten siden 1919. Agra oppfant \"Melange-metoden\" som gikk ut p\u00e5 \u00e5 fremstille margarin p\u00e5 en ny m\u00e5te.","robots":{"index":"index","follow":"follow","max-snippet":"max-snippet:-1","max-image-preview":"max-image-preview:large","max-video-preview":"max-video-preview:-1"},"canonical":"https:\/\/mills.no\/melange\/melange-historie\/","og_locale":"nb_NO","og_type":"article","og_title":"Historie","og_description":"Melange er steke - og bakeeksperten siden 1919. Agra oppfant \"Melange-metoden\" som gikk ut p\u00e5 \u00e5 fremstille margarin p\u00e5 en ny m\u00e5te.","og_url":"https:\/\/mills.no\/melange\/melange-historie\/","og_site_name":"Melange","article_modified_time":"2024-02-07T08:15:52+00:00","og_image":[{"width":1920,"height":930,"url":"https:\/\/mills.no\/content\/uploads\/sites\/3\/2016\/03\/historie.png","type":"image\/png"}],"twitter_card":"summary_large_image","twitter_misc":{"Ansl. lesetid":"1 minutt"},"schema":{"@context":"https:\/\/schema.org","@graph":[{"@type":"WebPage","@id":"https:\/\/mills.no\/melange\/melange-historie\/","url":"https:\/\/mills.no\/melange\/melange-historie\/","name":"Historie - Melange","isPartOf":{"@id":"https:\/\/mills.no\/melange\/#website"},"primaryImageOfPage":{"@id":"https:\/\/mills.no\/melange\/melange-historie\/#primaryimage"},"image":{"@id":"https:\/\/mills.no\/melange\/melange-historie\/#primaryimage"},"thumbnailUrl":"https:\/\/mills.no\/content\/uploads\/sites\/3\/2016\/03\/historie.png","datePublished":"2016-03-10T16:36:03+00:00","dateModified":"2024-02-07T08:15:52+00:00","description":"Melange er steke - og bakeeksperten siden 1919. Agra oppfant \"Melange-metoden\" som gikk ut p\u00e5 \u00e5 fremstille margarin p\u00e5 en ny m\u00e5te.","breadcrumb":{"@id":"https:\/\/mills.no\/melange\/melange-historie\/#breadcrumb"},"inLanguage":"nb-NO","potentialAction":[{"@type":"ReadAction","target":["https:\/\/mills.no\/melange\/melange-historie\/"]}]},{"@type":"ImageObject","inLanguage":"nb-NO","@id":"https:\/\/mills.no\/melange\/melange-historie\/#primaryimage","url":"https:\/\/mills.no\/content\/uploads\/sites\/3\/2016\/03\/historie.png","contentUrl":"https:\/\/mills.no\/content\/uploads\/sites\/3\/2016\/03\/historie.png","width":1920,"height":930},{"@type":"BreadcrumbList","@id":"https:\/\/mills.no\/melange\/melange-historie\/#breadcrumb","itemListElement":[{"@type":"ListItem","position":1,"name":"Home","item":"https:\/\/mills.no\/melange\/"},{"@type":"ListItem","position":2,"name":"Historie"}]},{"@type":"WebSite","@id":"https:\/\/mills.no\/melange\/#website","url":"https:\/\/mills.no\/melange\/","name":"Melange","description":"Litt lettere \u00e5 lykkes","publisher":{"@id":"https:\/\/mills.no\/melange\/#organization"},"potentialAction":[{"@type":"SearchAction","target":{"@type":"EntryPoint","urlTemplate":"https:\/\/mills.no\/melange\/?s={search_term_string}"},"query-input":{"@type":"PropertyValueSpecification","valueRequired":true,"valueName":"search_term_string"}}],"inLanguage":"nb-NO"},{"@type":"Organization","@id":"https:\/\/mills.no\/melange\/#organization","name":"Melange","url":"https:\/\/mills.no\/melange\/","logo":{"@type":"ImageObject","inLanguage":"nb-NO","@id":"https:\/\/mills.no\/melange\/#\/schema\/logo\/image\/","url":"https:\/\/mills.no\/content\/uploads\/sites\/3\/2021\/11\/logo-melange.svg","contentUrl":"https:\/\/mills.no\/content\/uploads\/sites\/3\/2021\/11\/logo-melange.svg","caption":"Melange"},"image":{"@id":"https:\/\/mills.no\/melange\/#\/schema\/logo\/image\/"}}]}},"_links":{"self":[{"href":"https:\/\/mills.no\/melange\/wp-json\/wp\/v2\/pages\/1613","targetHints":{"allow":["GET"]}}],"collection":[{"href":"https:\/\/mills.no\/melange\/wp-json\/wp\/v2\/pages"}],"about":[{"href":"https:\/\/mills.no\/melange\/wp-json\/wp\/v2\/types\/page"}],"author":[{"embeddable":true,"href":"https:\/\/mills.no\/melange\/wp-json\/wp\/v2\/users\/1"}],"replies":[{"embeddable":true,"href":"https:\/\/mills.no\/melange\/wp-json\/wp\/v2\/comments?post=1613"}],"version-history":[{"count":6,"href":"https:\/\/mills.no\/melange\/wp-json\/wp\/v2\/pages\/1613\/revisions"}],"predecessor-version":[{"id":4383,"href":"https:\/\/mills.no\/melange\/wp-json\/wp\/v2\/pages\/1613\/revisions\/4383"}],"wp:featuredmedia":[{"embeddable":true,"href":"https:\/\/mills.no\/melange\/wp-json\/wp\/v2\/media\/1614"}],"wp:attachment":[{"href":"https:\/\/mills.no\/melange\/wp-json\/wp\/v2\/media?parent=1613"}],"curies":[{"name":"wp","href":"https:\/\/api.w.org\/{rel}","templated":true}]}}