{"id":33059,"date":"2016-01-21T08:50:40","date_gmt":"2016-01-21T07:50:40","guid":{"rendered":"https:\/\/mills.no\/produkt\/flytende-melange\/"},"modified":"2024-02-27T08:41:54","modified_gmt":"2024-02-27T07:41:54","slug":"flytende-melange-original","status":"publish","type":"product","link":"https:\/\/mills.no\/melange\/produkt\/flytende-melange-original\/","title":{"rendered":"Flytende Melange"},"content":{"rendered":"<div class=\"mills-block-featured alignwide alignwide wp-block-mills-block-featured\"><div class=\"wp-block-cover__inner-container\">\n<h1 class=\"has-text-align-center wp-block-post-title has-text-color has-neutral-1000-color\">Flytende Melange<\/h1>\n\n<p class=\"t2-ingress has-text-align-center align wp-block-t2-ingress\">Her f\u00e5r du Melanges gode stekeegenskaper og oljens flytende konsistens i en praktisk flaske som gj\u00f8r det lett \u00e5 dosere. Passer perfekt til steking og baking der Melange skal smeltes. \n<\/p>\n<\/div><\/div>\n\n\n\t\t<div class=\"has-background has-neutral-0-background-color is-style-vertical-spacing is-style-horizontal-spacing alignwide wp-block-mills-section has-background has-neutral-0-background-color\">\n\t\t\t<div class=\"wp-block-mills-section__inner aligncenter\">\n\t\t\t\t\n\n<figure class=\"wp-block-image aligncenter size-full\"><img decoding=\"async\" src=\"https:\/\/mills.no\/content\/uploads\/2024\/02\/flytende_melange_original.png\" alt=\"Flytende Melange Original\" class=\"wp-image-42293\"\/><figcaption class=\"wp-element-caption\">Flytende Melange Original<\/figcaption><\/figure>\n\n\n\t\t\t<\/div>\n\t\t<\/div>\n\n<div class=\"mills-block-food-labeling alignwide alignwide wp-block-mills-block-food-labeling\"><div class=\"left\"><section class=\"nutrients-section\"><header class\"nutrients-header\"><h3>N\u00e6ringsinnhold<\/h3><\/header><p class=\"nutrients-info\">100 gram gir.<\/p><div class=\"nutrients-list\"><div class=\"nutrient-item heading energy ENERGY_KJ\"><span>Energi<\/span><span>2960 kJ (720 kcal)<\/span><\/div><div class=\"empty-item\"><span>&nbsp;<\/span><\/div><div class=\"nutrient-item heading fat FAT\"><span>Fett<\/span><span>80 g<\/span><\/div><div class=\"nutrient-sub\"><span>Hvorav<\/span><\/div><div class=\"nutrient-item fat FASAT\"><span>&#8211; Mettet fett<\/span><span>7 g<\/span><\/div><div class=\"nutrient-item fat FAMSCIS\"><span>&#8211; Enumettet fett<\/span><span>47 g<\/span><\/div><div class=\"nutrient-item fat FAPUCIS\"><span>&#8211; Flerumettet fett<\/span><span>21 g<\/span><\/div><div class=\"empty-item\"><span>&nbsp;<\/span><\/div><div class=\"nutrient-item heading carbs CHOAVL\"><span>Karbohydrater<\/span><span>0.5 g<\/span><\/div><div class=\"nutrient-sub\"><span>Hvorav<\/span><\/div><div class=\"nutrient-item carbs SUGAR-\"><span>&#8211; Sukkerarter<\/span><span>0.5 g<\/span><\/div><div class=\"empty-item\"><span>&nbsp;<\/span><\/div><div class=\"nutrient-item heading protein PRO-\"><span>Protein<\/span><span>0.5 g<\/span><\/div><div class=\"empty-item\"><span>&nbsp;<\/span><\/div><div class=\"nutrient-item heading salt SALTEQ\"><span>Salt<\/span><span>1 g<\/span><\/div><div class=\"empty-item\"><span>&nbsp;<\/span><\/div><div class=\"nutrient-item heading vita \"><span>Vitamin A<\/span><span>900 \u00b5g<\/span><\/div><div class=\"nutrient-item vita \"><span>Vitamin D<\/span><span>10 \u00b5g<\/span><\/div><div class=\"nutrient-item vita \"><span>Vitamin E<\/span><span>19 mg<\/span><\/div><\/div><\/section><\/div><div class=\"right\"><section class=\"ingredients-section\"><header class=\"ingredients-header\"><h3>Ingredienser<\/h3><\/header><p class=\"ingredients-list\">Rapsolje (78 %), vann, skummet melk (4 %), fullherdet rapsolje, salt, emulgator (soyalecitin), konserveringsmiddel (kaliumsorbat), surhetsregulerende middel (melkesyre), vitamin A, vitamin D, fargestoff (betakaroten), aroma, stabiliseringsmiddel (nitrogen)<\/p><p class=\"ingredients-smallprint\"><small>Produktsammensetningen kan endres. Les derfor alltid ingredienslisten p\u00e5 emballasjen p\u00e5 produktet.<\/small><\/p><\/section>\n<section class=\"allergens-section contains\"><header class=\"allergens-header\"><h3>Allergener<\/h3><\/header><div class=\"wp-block-buttons\"><div class=\"wp-block-button is-style-outline AY\"><span class=\"wp-block-button__link\">Soyab\u00f8nner<i class=\"icon-IconAllergy-soy\"><\/i><\/span><\/div><div class=\"wp-block-button is-style-outline AM\"><span class=\"wp-block-button__link\">Melk<i class=\"icon-IconAllergy-milk\"><\/i><\/span><\/div><\/div><\/section><\/div><\/div>","protected":false},"excerpt":{"rendered":"<p>Her f\u00e5r du Melanges gode stekeegenskaper og oljens flytende konsistens i en praktisk flaske som gj\u00f8r det lett \u00e5 dosere.&hellip;<\/p>\n","protected":false},"featured_media":0,"menu_order":109,"template":"","meta":{"_searchwp_excluded":"","hide_post_title":false,"mills_central_gtin":"","footnotes":""},"brand":[],"allergen":[],"product_category":[],"product_label":[],"class_list":["post-33059","product","type-product","status-publish","hentry"],"yoast_head":"<!-- This site is optimized with the Yoast SEO Premium plugin v26.9 (Yoast SEO v26.9) - https:\/\/yoast.com\/product\/yoast-seo-premium-wordpress\/ -->\n<title>Flytende Melange - Melange<\/title>\n<meta name=\"robots\" content=\"index, follow, max-snippet:-1, max-image-preview:large, max-video-preview:-1\" \/>\n<link rel=\"canonical\" href=\"https:\/\/mills.no\/melange\/produkt\/flytende-melange-original\/\" \/>\n<meta property=\"og:locale\" content=\"nb_NO\" \/>\n<meta property=\"og:type\" content=\"article\" \/>\n<meta property=\"og:title\" content=\"Flytende Melange\" \/>\n<meta property=\"og:description\" content=\"Her f\u00e5r du Melanges gode stekeegenskaper og oljens flytende konsistens i en praktisk flaske som gj\u00f8r det lett \u00e5 dosere.&hellip;\" \/>\n<meta property=\"og:url\" content=\"https:\/\/mills.no\/melange\/produkt\/flytende-melange-original\/\" \/>\n<meta property=\"og:site_name\" content=\"Melange\" \/>\n<meta property=\"article:modified_time\" content=\"2024-02-27T07:41:54+00:00\" \/>\n<meta property=\"og:image\" content=\"https:\/\/mills.no\/content\/uploads\/2024\/02\/flytende_melange_original.png\" \/>\n<meta name=\"twitter:card\" content=\"summary_large_image\" \/>\n<script type=\"application\/ld+json\" class=\"yoast-schema-graph\">{\"@context\":\"https:\/\/schema.org\",\"@graph\":[{\"@type\":\"WebPage\",\"@id\":\"https:\/\/mills.no\/melange\/produkt\/flytende-melange-original\/\",\"url\":\"https:\/\/mills.no\/melange\/produkt\/flytende-melange-original\/\",\"name\":\"Flytende Melange - Melange\",\"isPartOf\":{\"@id\":\"https:\/\/mills.no\/melange\/#website\"},\"primaryImageOfPage\":{\"@id\":\"https:\/\/mills.no\/melange\/produkt\/flytende-melange-original\/#primaryimage\"},\"image\":{\"@id\":\"https:\/\/mills.no\/melange\/produkt\/flytende-melange-original\/#primaryimage\"},\"thumbnailUrl\":\"https:\/\/mills.no\/content\/uploads\/2024\/02\/flytende_melange_original.png\",\"datePublished\":\"2016-01-21T07:50:40+00:00\",\"dateModified\":\"2024-02-27T07:41:54+00:00\",\"breadcrumb\":{\"@id\":\"https:\/\/mills.no\/melange\/produkt\/flytende-melange-original\/#breadcrumb\"},\"inLanguage\":\"nb-NO\",\"potentialAction\":[{\"@type\":\"ReadAction\",\"target\":[\"https:\/\/mills.no\/melange\/produkt\/flytende-melange-original\/\"]}]},{\"@type\":\"ImageObject\",\"inLanguage\":\"nb-NO\",\"@id\":\"https:\/\/mills.no\/melange\/produkt\/flytende-melange-original\/#primaryimage\",\"url\":\"https:\/\/mills.no\/content\/uploads\/2024\/02\/flytende_melange_original.png\",\"contentUrl\":\"https:\/\/mills.no\/content\/uploads\/2024\/02\/flytende_melange_original.png\"},{\"@type\":\"BreadcrumbList\",\"@id\":\"https:\/\/mills.no\/melange\/produkt\/flytende-melange-original\/#breadcrumb\",\"itemListElement\":[{\"@type\":\"ListItem\",\"position\":1,\"name\":\"Home\",\"item\":\"https:\/\/mills.no\/melange\/\"},{\"@type\":\"ListItem\",\"position\":2,\"name\":\"Produkter\",\"item\":\"https:\/\/mills.no\/melange\/produkter\/\"},{\"@type\":\"ListItem\",\"position\":3,\"name\":\"Flytende Melange\"}]},{\"@type\":\"WebSite\",\"@id\":\"https:\/\/mills.no\/melange\/#website\",\"url\":\"https:\/\/mills.no\/melange\/\",\"name\":\"Melange\",\"description\":\"Litt lettere \u00e5 lykkes\",\"publisher\":{\"@id\":\"https:\/\/mills.no\/melange\/#organization\"},\"potentialAction\":[{\"@type\":\"SearchAction\",\"target\":{\"@type\":\"EntryPoint\",\"urlTemplate\":\"https:\/\/mills.no\/melange\/?s={search_term_string}\"},\"query-input\":{\"@type\":\"PropertyValueSpecification\",\"valueRequired\":true,\"valueName\":\"search_term_string\"}}],\"inLanguage\":\"nb-NO\"},{\"@type\":\"Organization\",\"@id\":\"https:\/\/mills.no\/melange\/#organization\",\"name\":\"Melange\",\"url\":\"https:\/\/mills.no\/melange\/\",\"logo\":{\"@type\":\"ImageObject\",\"inLanguage\":\"nb-NO\",\"@id\":\"https:\/\/mills.no\/melange\/#\/schema\/logo\/image\/\",\"url\":\"https:\/\/mills.no\/content\/uploads\/sites\/3\/2021\/11\/logo-melange.svg\",\"contentUrl\":\"https:\/\/mills.no\/content\/uploads\/sites\/3\/2021\/11\/logo-melange.svg\",\"caption\":\"Melange\"},\"image\":{\"@id\":\"https:\/\/mills.no\/melange\/#\/schema\/logo\/image\/\"}}]}<\/script>\n<!-- \/ Yoast SEO Premium plugin. -->","yoast_head_json":{"title":"Flytende Melange - Melange","robots":{"index":"index","follow":"follow","max-snippet":"max-snippet:-1","max-image-preview":"max-image-preview:large","max-video-preview":"max-video-preview:-1"},"canonical":"https:\/\/mills.no\/melange\/produkt\/flytende-melange-original\/","og_locale":"nb_NO","og_type":"article","og_title":"Flytende Melange","og_description":"Her f\u00e5r du Melanges gode stekeegenskaper og oljens flytende konsistens i en praktisk flaske som gj\u00f8r det lett \u00e5 dosere.&hellip;","og_url":"https:\/\/mills.no\/melange\/produkt\/flytende-melange-original\/","og_site_name":"Melange","article_modified_time":"2024-02-27T07:41:54+00:00","og_image":[{"url":"https:\/\/mills.no\/content\/uploads\/2024\/02\/flytende_melange_original.png","type":"","width":"","height":""}],"twitter_card":"summary_large_image","schema":{"@context":"https:\/\/schema.org","@graph":[{"@type":"WebPage","@id":"https:\/\/mills.no\/melange\/produkt\/flytende-melange-original\/","url":"https:\/\/mills.no\/melange\/produkt\/flytende-melange-original\/","name":"Flytende Melange - Melange","isPartOf":{"@id":"https:\/\/mills.no\/melange\/#website"},"primaryImageOfPage":{"@id":"https:\/\/mills.no\/melange\/produkt\/flytende-melange-original\/#primaryimage"},"image":{"@id":"https:\/\/mills.no\/melange\/produkt\/flytende-melange-original\/#primaryimage"},"thumbnailUrl":"https:\/\/mills.no\/content\/uploads\/2024\/02\/flytende_melange_original.png","datePublished":"2016-01-21T07:50:40+00:00","dateModified":"2024-02-27T07:41:54+00:00","breadcrumb":{"@id":"https:\/\/mills.no\/melange\/produkt\/flytende-melange-original\/#breadcrumb"},"inLanguage":"nb-NO","potentialAction":[{"@type":"ReadAction","target":["https:\/\/mills.no\/melange\/produkt\/flytende-melange-original\/"]}]},{"@type":"ImageObject","inLanguage":"nb-NO","@id":"https:\/\/mills.no\/melange\/produkt\/flytende-melange-original\/#primaryimage","url":"https:\/\/mills.no\/content\/uploads\/2024\/02\/flytende_melange_original.png","contentUrl":"https:\/\/mills.no\/content\/uploads\/2024\/02\/flytende_melange_original.png"},{"@type":"BreadcrumbList","@id":"https:\/\/mills.no\/melange\/produkt\/flytende-melange-original\/#breadcrumb","itemListElement":[{"@type":"ListItem","position":1,"name":"Home","item":"https:\/\/mills.no\/melange\/"},{"@type":"ListItem","position":2,"name":"Produkter","item":"https:\/\/mills.no\/melange\/produkter\/"},{"@type":"ListItem","position":3,"name":"Flytende Melange"}]},{"@type":"WebSite","@id":"https:\/\/mills.no\/melange\/#website","url":"https:\/\/mills.no\/melange\/","name":"Melange","description":"Litt lettere \u00e5 lykkes","publisher":{"@id":"https:\/\/mills.no\/melange\/#organization"},"potentialAction":[{"@type":"SearchAction","target":{"@type":"EntryPoint","urlTemplate":"https:\/\/mills.no\/melange\/?s={search_term_string}"},"query-input":{"@type":"PropertyValueSpecification","valueRequired":true,"valueName":"search_term_string"}}],"inLanguage":"nb-NO"},{"@type":"Organization","@id":"https:\/\/mills.no\/melange\/#organization","name":"Melange","url":"https:\/\/mills.no\/melange\/","logo":{"@type":"ImageObject","inLanguage":"nb-NO","@id":"https:\/\/mills.no\/melange\/#\/schema\/logo\/image\/","url":"https:\/\/mills.no\/content\/uploads\/sites\/3\/2021\/11\/logo-melange.svg","contentUrl":"https:\/\/mills.no\/content\/uploads\/sites\/3\/2021\/11\/logo-melange.svg","caption":"Melange"},"image":{"@id":"https:\/\/mills.no\/melange\/#\/schema\/logo\/image\/"}}]}},"_links":{"self":[{"href":"https:\/\/mills.no\/melange\/wp-json\/wp\/v2\/product\/33059","targetHints":{"allow":["GET"]}}],"collection":[{"href":"https:\/\/mills.no\/melange\/wp-json\/wp\/v2\/product"}],"about":[{"href":"https:\/\/mills.no\/melange\/wp-json\/wp\/v2\/types\/product"}],"version-history":[{"count":0,"href":"https:\/\/mills.no\/melange\/wp-json\/wp\/v2\/product\/33059\/revisions"}],"wp:attachment":[{"href":"https:\/\/mills.no\/melange\/wp-json\/wp\/v2\/media?parent=33059"}],"wp:term":[{"taxonomy":"brand","embeddable":true,"href":"https:\/\/mills.no\/melange\/wp-json\/wp\/v2\/brand?post=33059"},{"taxonomy":"allergen","embeddable":true,"href":"https:\/\/mills.no\/melange\/wp-json\/wp\/v2\/allergen?post=33059"},{"taxonomy":"product_category","embeddable":true,"href":"https:\/\/mills.no\/melange\/wp-json\/wp\/v2\/product_category?post=33059"},{"taxonomy":"product_label","embeddable":true,"href":"https:\/\/mills.no\/melange\/wp-json\/wp\/v2\/product_label?post=33059"}],"curies":[{"name":"wp","href":"https:\/\/api.w.org\/{rel}","templated":true}]}}