{"id":33063,"date":"2016-01-21T08:50:40","date_gmt":"2016-01-21T07:50:40","guid":{"rendered":"https:\/\/mills.no\/produkt\/melange-uten-melk-salt-og-soya\/"},"modified":"2024-02-07T09:13:57","modified_gmt":"2024-02-07T08:13:57","slug":"melange-melkefri-vegansk","status":"publish","type":"product","link":"https:\/\/mills.no\/melange\/produkt\/melange-melkefri-vegansk\/","title":{"rendered":"Melange melkefri og vegansk"},"content":{"rendered":"<div class=\"mills-block-featured alignwide alignwide wp-block-mills-block-featured\"><div class=\"wp-block-cover__inner-container\">\n<h1 class=\"has-text-align-center wp-block-post-title has-text-color has-neutral-1000-color\">Melange melkefri og vegansk<\/h1>\n\n<p class=\"t2-ingress has-text-align-center align wp-block-t2-ingress\">Dette er Melange-varianten for\u00a0dem som \u00f8nsker et melkefritt og vegansk alternativ, som f\u00f8lger et vegansk kosthold, eller som har intoleranse eller er allergisk mot melk, laktose og soya. Produktet er basert p\u00e5 rapsolje og er velegnet til steking og baking. <\/p>\n<\/div><\/div>\n\n\n\t\t<div class=\"has-background has-neutral-0-background-color is-style-vertical-spacing is-style-horizontal-spacing alignwide wp-block-mills-section has-background has-neutral-0-background-color\">\n\t\t\t<div class=\"wp-block-mills-section__inner aligncenter\">\n\t\t\t\t\n\n<div class=\"wp-block-image\"><figure class=\"aligncenter size-full\"><img decoding=\"async\" src=\"https:\/\/mills.no\/content\/uploads\/2016\/01\/Melange_melkefri_vegansk.png\" alt=\"Melange melkefri og vegansk\" class=\"wp-image-39728\"\/><\/figure><\/div>\n\n\n\t\t\t<\/div>\n\t\t<\/div>\n\n","protected":false},"excerpt":{"rendered":"<p>Dette er Melange-varianten for\u00a0dem som \u00f8nsker et melkefritt og vegansk alternativ, som f\u00f8lger et vegansk kosthold, eller som har intoleranse&hellip;<\/p>\n","protected":false},"featured_media":0,"menu_order":0,"template":"","meta":{"_searchwp_excluded":"","hide_post_title":false,"mills_central_gtin":"","footnotes":""},"brand":[],"allergen":[],"product_category":[],"product_label":[],"class_list":["post-33063","product","type-product","status-publish","hentry"],"yoast_head":"<!-- This site is optimized with the Yoast SEO Premium plugin v26.9 (Yoast SEO v26.9) - https:\/\/yoast.com\/product\/yoast-seo-premium-wordpress\/ -->\n<title>Melange melkefri og vegansk - Melange<\/title>\n<meta name=\"robots\" content=\"index, follow, max-snippet:-1, max-image-preview:large, max-video-preview:-1\" \/>\n<link rel=\"canonical\" href=\"https:\/\/mills.no\/melange\/produkt\/melange-melkefri-vegansk\/\" \/>\n<meta property=\"og:locale\" content=\"nb_NO\" \/>\n<meta property=\"og:type\" content=\"article\" \/>\n<meta property=\"og:title\" content=\"Melange melkefri og vegansk\" \/>\n<meta property=\"og:description\" content=\"Dette er Melange-varianten for\u00a0dem som \u00f8nsker et melkefritt og vegansk alternativ, som f\u00f8lger et vegansk kosthold, eller som har intoleranse&hellip;\" \/>\n<meta property=\"og:url\" content=\"https:\/\/mills.no\/melange\/produkt\/melange-melkefri-vegansk\/\" \/>\n<meta property=\"og:site_name\" content=\"Melange\" \/>\n<meta property=\"article:modified_time\" content=\"2024-02-07T08:13:57+00:00\" \/>\n<meta property=\"og:image\" content=\"https:\/\/mills.no\/content\/uploads\/2016\/01\/Melange_melkefri_vegansk.png\" \/>\n<meta name=\"twitter:card\" content=\"summary_large_image\" \/>\n<script type=\"application\/ld+json\" class=\"yoast-schema-graph\">{\"@context\":\"https:\/\/schema.org\",\"@graph\":[{\"@type\":\"WebPage\",\"@id\":\"https:\/\/mills.no\/melange\/produkt\/melange-melkefri-vegansk\/\",\"url\":\"https:\/\/mills.no\/melange\/produkt\/melange-melkefri-vegansk\/\",\"name\":\"Melange melkefri og vegansk - Melange\",\"isPartOf\":{\"@id\":\"https:\/\/mills.no\/melange\/#website\"},\"primaryImageOfPage\":{\"@id\":\"https:\/\/mills.no\/melange\/produkt\/melange-melkefri-vegansk\/#primaryimage\"},\"image\":{\"@id\":\"https:\/\/mills.no\/melange\/produkt\/melange-melkefri-vegansk\/#primaryimage\"},\"thumbnailUrl\":\"https:\/\/mills.no\/content\/uploads\/2016\/01\/Melange_melkefri_vegansk.png\",\"datePublished\":\"2016-01-21T07:50:40+00:00\",\"dateModified\":\"2024-02-07T08:13:57+00:00\",\"breadcrumb\":{\"@id\":\"https:\/\/mills.no\/melange\/produkt\/melange-melkefri-vegansk\/#breadcrumb\"},\"inLanguage\":\"nb-NO\",\"potentialAction\":[{\"@type\":\"ReadAction\",\"target\":[\"https:\/\/mills.no\/melange\/produkt\/melange-melkefri-vegansk\/\"]}]},{\"@type\":\"ImageObject\",\"inLanguage\":\"nb-NO\",\"@id\":\"https:\/\/mills.no\/melange\/produkt\/melange-melkefri-vegansk\/#primaryimage\",\"url\":\"https:\/\/mills.no\/content\/uploads\/2016\/01\/Melange_melkefri_vegansk.png\",\"contentUrl\":\"https:\/\/mills.no\/content\/uploads\/2016\/01\/Melange_melkefri_vegansk.png\"},{\"@type\":\"BreadcrumbList\",\"@id\":\"https:\/\/mills.no\/melange\/produkt\/melange-melkefri-vegansk\/#breadcrumb\",\"itemListElement\":[{\"@type\":\"ListItem\",\"position\":1,\"name\":\"Home\",\"item\":\"https:\/\/mills.no\/melange\/\"},{\"@type\":\"ListItem\",\"position\":2,\"name\":\"Produkter\",\"item\":\"https:\/\/mills.no\/melange\/produkter\/\"},{\"@type\":\"ListItem\",\"position\":3,\"name\":\"Melange melkefri og vegansk\"}]},{\"@type\":\"WebSite\",\"@id\":\"https:\/\/mills.no\/melange\/#website\",\"url\":\"https:\/\/mills.no\/melange\/\",\"name\":\"Melange\",\"description\":\"Litt lettere \u00e5 lykkes\",\"publisher\":{\"@id\":\"https:\/\/mills.no\/melange\/#organization\"},\"potentialAction\":[{\"@type\":\"SearchAction\",\"target\":{\"@type\":\"EntryPoint\",\"urlTemplate\":\"https:\/\/mills.no\/melange\/?s={search_term_string}\"},\"query-input\":{\"@type\":\"PropertyValueSpecification\",\"valueRequired\":true,\"valueName\":\"search_term_string\"}}],\"inLanguage\":\"nb-NO\"},{\"@type\":\"Organization\",\"@id\":\"https:\/\/mills.no\/melange\/#organization\",\"name\":\"Melange\",\"url\":\"https:\/\/mills.no\/melange\/\",\"logo\":{\"@type\":\"ImageObject\",\"inLanguage\":\"nb-NO\",\"@id\":\"https:\/\/mills.no\/melange\/#\/schema\/logo\/image\/\",\"url\":\"https:\/\/mills.no\/content\/uploads\/sites\/3\/2021\/11\/logo-melange.svg\",\"contentUrl\":\"https:\/\/mills.no\/content\/uploads\/sites\/3\/2021\/11\/logo-melange.svg\",\"caption\":\"Melange\"},\"image\":{\"@id\":\"https:\/\/mills.no\/melange\/#\/schema\/logo\/image\/\"}}]}<\/script>\n<!-- \/ Yoast SEO Premium plugin. -->","yoast_head_json":{"title":"Melange melkefri og vegansk - Melange","robots":{"index":"index","follow":"follow","max-snippet":"max-snippet:-1","max-image-preview":"max-image-preview:large","max-video-preview":"max-video-preview:-1"},"canonical":"https:\/\/mills.no\/melange\/produkt\/melange-melkefri-vegansk\/","og_locale":"nb_NO","og_type":"article","og_title":"Melange melkefri og vegansk","og_description":"Dette er Melange-varianten for\u00a0dem som \u00f8nsker et melkefritt og vegansk alternativ, som f\u00f8lger et vegansk kosthold, eller som har intoleranse&hellip;","og_url":"https:\/\/mills.no\/melange\/produkt\/melange-melkefri-vegansk\/","og_site_name":"Melange","article_modified_time":"2024-02-07T08:13:57+00:00","og_image":[{"url":"https:\/\/mills.no\/content\/uploads\/2016\/01\/Melange_melkefri_vegansk.png","type":"","width":"","height":""}],"twitter_card":"summary_large_image","schema":{"@context":"https:\/\/schema.org","@graph":[{"@type":"WebPage","@id":"https:\/\/mills.no\/melange\/produkt\/melange-melkefri-vegansk\/","url":"https:\/\/mills.no\/melange\/produkt\/melange-melkefri-vegansk\/","name":"Melange melkefri og vegansk - Melange","isPartOf":{"@id":"https:\/\/mills.no\/melange\/#website"},"primaryImageOfPage":{"@id":"https:\/\/mills.no\/melange\/produkt\/melange-melkefri-vegansk\/#primaryimage"},"image":{"@id":"https:\/\/mills.no\/melange\/produkt\/melange-melkefri-vegansk\/#primaryimage"},"thumbnailUrl":"https:\/\/mills.no\/content\/uploads\/2016\/01\/Melange_melkefri_vegansk.png","datePublished":"2016-01-21T07:50:40+00:00","dateModified":"2024-02-07T08:13:57+00:00","breadcrumb":{"@id":"https:\/\/mills.no\/melange\/produkt\/melange-melkefri-vegansk\/#breadcrumb"},"inLanguage":"nb-NO","potentialAction":[{"@type":"ReadAction","target":["https:\/\/mills.no\/melange\/produkt\/melange-melkefri-vegansk\/"]}]},{"@type":"ImageObject","inLanguage":"nb-NO","@id":"https:\/\/mills.no\/melange\/produkt\/melange-melkefri-vegansk\/#primaryimage","url":"https:\/\/mills.no\/content\/uploads\/2016\/01\/Melange_melkefri_vegansk.png","contentUrl":"https:\/\/mills.no\/content\/uploads\/2016\/01\/Melange_melkefri_vegansk.png"},{"@type":"BreadcrumbList","@id":"https:\/\/mills.no\/melange\/produkt\/melange-melkefri-vegansk\/#breadcrumb","itemListElement":[{"@type":"ListItem","position":1,"name":"Home","item":"https:\/\/mills.no\/melange\/"},{"@type":"ListItem","position":2,"name":"Produkter","item":"https:\/\/mills.no\/melange\/produkter\/"},{"@type":"ListItem","position":3,"name":"Melange melkefri og vegansk"}]},{"@type":"WebSite","@id":"https:\/\/mills.no\/melange\/#website","url":"https:\/\/mills.no\/melange\/","name":"Melange","description":"Litt lettere \u00e5 lykkes","publisher":{"@id":"https:\/\/mills.no\/melange\/#organization"},"potentialAction":[{"@type":"SearchAction","target":{"@type":"EntryPoint","urlTemplate":"https:\/\/mills.no\/melange\/?s={search_term_string}"},"query-input":{"@type":"PropertyValueSpecification","valueRequired":true,"valueName":"search_term_string"}}],"inLanguage":"nb-NO"},{"@type":"Organization","@id":"https:\/\/mills.no\/melange\/#organization","name":"Melange","url":"https:\/\/mills.no\/melange\/","logo":{"@type":"ImageObject","inLanguage":"nb-NO","@id":"https:\/\/mills.no\/melange\/#\/schema\/logo\/image\/","url":"https:\/\/mills.no\/content\/uploads\/sites\/3\/2021\/11\/logo-melange.svg","contentUrl":"https:\/\/mills.no\/content\/uploads\/sites\/3\/2021\/11\/logo-melange.svg","caption":"Melange"},"image":{"@id":"https:\/\/mills.no\/melange\/#\/schema\/logo\/image\/"}}]}},"_links":{"self":[{"href":"https:\/\/mills.no\/melange\/wp-json\/wp\/v2\/product\/33063","targetHints":{"allow":["GET"]}}],"collection":[{"href":"https:\/\/mills.no\/melange\/wp-json\/wp\/v2\/product"}],"about":[{"href":"https:\/\/mills.no\/melange\/wp-json\/wp\/v2\/types\/product"}],"version-history":[{"count":0,"href":"https:\/\/mills.no\/melange\/wp-json\/wp\/v2\/product\/33063\/revisions"}],"wp:attachment":[{"href":"https:\/\/mills.no\/melange\/wp-json\/wp\/v2\/media?parent=33063"}],"wp:term":[{"taxonomy":"brand","embeddable":true,"href":"https:\/\/mills.no\/melange\/wp-json\/wp\/v2\/brand?post=33063"},{"taxonomy":"allergen","embeddable":true,"href":"https:\/\/mills.no\/melange\/wp-json\/wp\/v2\/allergen?post=33063"},{"taxonomy":"product_category","embeddable":true,"href":"https:\/\/mills.no\/melange\/wp-json\/wp\/v2\/product_category?post=33063"},{"taxonomy":"product_label","embeddable":true,"href":"https:\/\/mills.no\/melange\/wp-json\/wp\/v2\/product_label?post=33063"}],"curies":[{"name":"wp","href":"https:\/\/api.w.org\/{rel}","templated":true}]}}