{"id":2,"date":"2021-11-03T14:41:18","date_gmt":"2021-11-03T14:41:18","guid":{"rendered":"https:\/\/mills.no\/mills\/?page_id=2"},"modified":"2024-02-07T09:15:30","modified_gmt":"2024-02-07T08:15:30","slug":"side-ikke-funnet","status":"publish","type":"page","link":"https:\/\/mills.no\/mills\/side-ikke-funnet\/","title":{"rendered":"Side ikke funnet"},"content":{"rendered":"<div class=\"mills-block-featured alignwide alignwide wp-block-mills-block-featured\"><img loading=\"lazy\" decoding=\"async\" width=\"1920\" height=\"1080\" style=\"width:100%;height:100%;object-fit:cover\" src=\"https:\/\/mills.no\/content\/uploads\/sites\/2\/2022\/02\/404-side-rod.png\" class=\"wp-block-cover__image-background\" alt=\"tallene 404 med triste \u00f8yne og plaster\" srcset=\"https:\/\/mills.no\/content\/uploads\/sites\/2\/2022\/02\/404-side-rod.png 1920w, https:\/\/mills.no\/content\/uploads\/sites\/2\/2022\/02\/404-side-rod-300x169.png 300w, https:\/\/mills.no\/content\/uploads\/sites\/2\/2022\/02\/404-side-rod-1024x576.png 1024w, https:\/\/mills.no\/content\/uploads\/sites\/2\/2022\/02\/404-side-rod-768x432.png 768w, https:\/\/mills.no\/content\/uploads\/sites\/2\/2022\/02\/404-side-rod-1536x864.png 1536w, https:\/\/mills.no\/content\/uploads\/sites\/2\/2022\/02\/404-side-rod-80x45.png 80w\" sizes=\"auto, (max-width: 1920px) 100vw, 1920px\" \/><div class=\"wp-block-cover__inner-container\">\n<h1 class=\"has-text-align-center wp-block-post-title has-text-color has-neutral-1000-color\">Side ikke funnet<\/h1>\n\n<p class=\"t2-ingress has-text-align-center align wp-block-t2-ingress\"><strong>Oisann! <\/strong>Siden finnes ikke.<\/p>\n\n\n<p><strong><a href=\"https:\/\/mills.no\/mills\/\">Trykk her for \u00e5 g\u00e5 tilbake til forsiden<\/a><\/strong> eller pr\u00f8v \u00e5 s\u00f8ke etter det du lette etter. <\/p>\n\n<\/div><\/div>\n\n\n\t\t<div class=\"has-background has-secondary-background-color is-style-vertical-spacing is-style-horizontal-spacing alignwide is-section-text wp-block-mills-section has-background has-secondary-background-color\">\n\t\t\t<div class=\"wp-block-mills-section__inner aligncenter\">\n\t\t\t\t\n<form role=\"search\" method=\"get\" action=\"https:\/\/mills.no\/mills\/\" class=\"wp-block-search__button-outside wp-block-search__text-button wp-block-search\"    ><label class=\"wp-block-search__label screen-reader-text\" for=\"wp-block-search__input-1\" >S\u00f8k<\/label><div class=\"wp-block-search__inside-wrapper \" ><input class=\"wp-block-search__input\" id=\"wp-block-search__input-1\" placeholder=\"S\u00f8k etter...\" value=\"\" type=\"search\" name=\"s\" required \/><button aria-label=\"S\u00f8k\" class=\"wp-block-search__button wp-element-button\" type=\"submit\" >S\u00f8k<\/button><\/div><\/form>\n\n\t\t\t<\/div>\n\t\t<\/div>\n\n\n\t\t<div class=\"has-background has-neutral-0-background-color is-style-vertical-spacing is-style-horizontal-spacing alignwide is-section-cards alignwide wp-block-mills-section has-background has-neutral-0-background-color\">\n\t\t\t<div class=\"wp-block-mills-section__inner alignwide\">\n\t\t\t\t\n\n<h2 class=\"has-text-align-center wp-block-heading\" id=\"h-mye-brukte-sider\">Mye brukte sider<\/h2>\n\n\n<div class=\"t2-featured-content-layout alignwide alignwide wp-block-t2-featured-content-layout\" role=\"list\">\n<div class=\"t2-featured-single-post t2-featured-content is-post-type-page wp-block-t2-featured-single-post\" role=\"listitem\"><a class=\"t2-post-link wp-block-t2-post-link\" href=\"https:\/\/mills.no\/mills\/produkter\/\">\n<figure style=\"--t2-focal-point: 50% 50%;\" class=\"t2-post-featured-image has-image-ratio-16-9 wp-block-t2-post-featured-image\"><img loading=\"lazy\" decoding=\"async\" width=\"1920\" height=\"1281\" src=\"https:\/\/mills.no\/content\/uploads\/sites\/2\/2023\/08\/Frokostbord_pack_1920x1080.jpg\" class=\"attachment-medium-large size-medium-large wp-post-image\" alt=\"Frokostbord Mills\" srcset=\"https:\/\/mills.no\/content\/uploads\/sites\/2\/2023\/08\/Frokostbord_pack_1920x1080.jpg 1920w, https:\/\/mills.no\/content\/uploads\/sites\/2\/2023\/08\/Frokostbord_pack_1920x1080-300x200.jpg 300w, https:\/\/mills.no\/content\/uploads\/sites\/2\/2023\/08\/Frokostbord_pack_1920x1080-1024x683.jpg 1024w, https:\/\/mills.no\/content\/uploads\/sites\/2\/2023\/08\/Frokostbord_pack_1920x1080-768x512.jpg 768w, https:\/\/mills.no\/content\/uploads\/sites\/2\/2023\/08\/Frokostbord_pack_1920x1080-1536x1025.jpg 1536w, https:\/\/mills.no\/content\/uploads\/sites\/2\/2023\/08\/Frokostbord_pack_1920x1080-80x53.jpg 80w\" sizes=\"auto, (max-width: 1920px) 100vw, 1920px\" \/><\/figure>\n\n<div class=\"wp-block-group alignfull is-layout-flow wp-block-group-is-layout-flow\">\n\t<h2 class=\"t2-post-title wp-block-t2-post-title\">Produkter<\/h2>\n\t\n\t\n\t<p class=\"wp-block-buttons is-content-justification-center\"><span class=\"wp-block-button is-style-arrow-right\"><span class=\"wp-block-button__link\">Mer om<\/span><\/span><\/p>\n\t\n<\/div>\n\n<\/a>\n<\/div>\n\n<div class=\"t2-featured-single-post t2-featured-content is-post-type-page wp-block-t2-featured-single-post\" role=\"listitem\"><a class=\"t2-post-link wp-block-t2-post-link\" href=\"https:\/\/mills.no\/mills\/oppskrifter\/\">\n<figure style=\"--t2-focal-point: 50% 50%;\" class=\"t2-post-featured-image has-image-ratio-16-9 wp-block-t2-post-featured-image\"><img loading=\"lazy\" decoding=\"async\" width=\"1920\" height=\"1142\" src=\"https:\/\/mills.no\/content\/uploads\/sites\/2\/2016\/02\/Kremet-pastasalat-med-sitronkylling.jpg\" class=\"attachment-medium-large size-medium-large wp-post-image\" alt=\"Kremet pastasalat med sitronkylling. Foto.\" srcset=\"https:\/\/mills.no\/content\/uploads\/sites\/2\/2016\/02\/Kremet-pastasalat-med-sitronkylling.jpg 1920w, https:\/\/mills.no\/content\/uploads\/sites\/2\/2016\/02\/Kremet-pastasalat-med-sitronkylling-300x178.jpg 300w, https:\/\/mills.no\/content\/uploads\/sites\/2\/2016\/02\/Kremet-pastasalat-med-sitronkylling-1024x609.jpg 1024w, https:\/\/mills.no\/content\/uploads\/sites\/2\/2016\/02\/Kremet-pastasalat-med-sitronkylling-768x457.jpg 768w, https:\/\/mills.no\/content\/uploads\/sites\/2\/2016\/02\/Kremet-pastasalat-med-sitronkylling-1536x914.jpg 1536w, https:\/\/mills.no\/content\/uploads\/sites\/2\/2016\/02\/Kremet-pastasalat-med-sitronkylling-80x48.jpg 80w\" sizes=\"auto, (max-width: 1920px) 100vw, 1920px\" \/><\/figure>\n\n<div class=\"wp-block-group alignfull is-layout-flow wp-block-group-is-layout-flow\">\n\t<h2 class=\"t2-post-title wp-block-t2-post-title\">Oppskrifter<\/h2>\n\t\n\t\n\t<p class=\"wp-block-buttons is-content-justification-center\"><span class=\"wp-block-button is-style-arrow-right\"><span class=\"wp-block-button__link\">Mer om<\/span><\/span><\/p>\n\t\n<\/div>\n\n<\/a>\n<\/div>\n\n<div class=\"t2-featured-single-post t2-featured-content is-post-type-page wp-block-t2-featured-single-post\" role=\"listitem\"><a class=\"t2-post-link wp-block-t2-post-link\" href=\"https:\/\/mills.no\/mills\/om-mills\/\">\n<figure style=\"--t2-focal-point: 50% 50%;\" class=\"t2-post-featured-image has-image-ratio-16-9 wp-block-t2-post-featured-image\"><img loading=\"lazy\" decoding=\"async\" width=\"1920\" height=\"1200\" src=\"https:\/\/mills.no\/content\/uploads\/sites\/2\/2016\/02\/Mills-toppbilde.jpg\" class=\"attachment-medium-large size-medium-large wp-post-image\" alt=\"Frokostbord med produkter fra Mills. Foto.\" srcset=\"https:\/\/mills.no\/content\/uploads\/sites\/2\/2016\/02\/Mills-toppbilde.jpg 1920w, https:\/\/mills.no\/content\/uploads\/sites\/2\/2016\/02\/Mills-toppbilde-300x188.jpg 300w, https:\/\/mills.no\/content\/uploads\/sites\/2\/2016\/02\/Mills-toppbilde-1024x640.jpg 1024w, https:\/\/mills.no\/content\/uploads\/sites\/2\/2016\/02\/Mills-toppbilde-768x480.jpg 768w, https:\/\/mills.no\/content\/uploads\/sites\/2\/2016\/02\/Mills-toppbilde-1536x960.jpg 1536w, https:\/\/mills.no\/content\/uploads\/sites\/2\/2016\/02\/Mills-toppbilde-80x50.jpg 80w\" sizes=\"auto, (max-width: 1920px) 100vw, 1920px\" \/><\/figure>\n\n<div class=\"wp-block-group alignfull is-layout-flow wp-block-group-is-layout-flow\">\n\t<h2 class=\"t2-post-title wp-block-t2-post-title\">Om Mills<\/h2>\n\t<div class=\"t2-post-excerpt wp-block-t2-post-excerpt\"><p>Vi i Mills er matentusiaster som hver eneste dag legger all v\u00e5r lidenskap og kunnskap i \u00e5 lage de aller&hellip;<\/p><\/div>\n\t\n\t<p class=\"wp-block-buttons is-content-justification-center\"><span class=\"wp-block-button is-style-arrow-right\"><span class=\"wp-block-button__link\">Mer om<\/span><\/span><\/p>\n\t\n<\/div>\n\n<\/a>\n<\/div>\n<\/div>\n\n\t\t\t<\/div>\n\t\t<\/div>","protected":false},"excerpt":{"rendered":"<p>Oisann! Siden finnes ikke.<\/p>\n","protected":false},"author":1,"featured_media":1528,"parent":0,"menu_order":0,"comment_status":"closed","ping_status":"open","template":"","meta":{"_searchwp_excluded":"","hide_post_title":false,"footnotes":""},"class_list":["post-2","page","type-page","status-publish","has-post-thumbnail","hentry"],"yoast_head":"<!-- This site is optimized with the Yoast SEO Premium plugin v26.9 (Yoast SEO v26.9) - https:\/\/yoast.com\/product\/yoast-seo-premium-wordpress\/ -->\n<title>Side ikke funnet - Mills<\/title>\n<meta name=\"robots\" content=\"index, follow, max-snippet:-1, max-image-preview:large, max-video-preview:-1\" \/>\n<link rel=\"canonical\" href=\"https:\/\/mills.no\/mills\/side-ikke-funnet\/\" \/>\n<meta property=\"og:locale\" content=\"nb_NO\" \/>\n<meta property=\"og:type\" content=\"article\" \/>\n<meta property=\"og:title\" content=\"Side ikke funnet\" \/>\n<meta property=\"og:description\" content=\"Oisann! Siden finnes ikke.\" \/>\n<meta property=\"og:url\" content=\"https:\/\/mills.no\/mills\/side-ikke-funnet\/\" \/>\n<meta property=\"og:site_name\" content=\"Mills\" \/>\n<meta property=\"article:modified_time\" content=\"2024-02-07T08:15:30+00:00\" \/>\n<meta property=\"og:image\" content=\"https:\/\/mills.no\/content\/uploads\/sites\/2\/2022\/02\/404-side-rod.png\" \/>\n\t<meta property=\"og:image:width\" content=\"1920\" \/>\n\t<meta property=\"og:image:height\" content=\"1080\" \/>\n\t<meta property=\"og:image:type\" content=\"image\/png\" \/>\n<meta name=\"twitter:card\" content=\"summary_large_image\" \/>\n<meta name=\"twitter:label1\" content=\"Ansl. lesetid\" \/>\n\t<meta name=\"twitter:data1\" content=\"1 minutt\" \/>\n<script type=\"application\/ld+json\" class=\"yoast-schema-graph\">{\"@context\":\"https:\/\/schema.org\",\"@graph\":[{\"@type\":\"WebPage\",\"@id\":\"https:\/\/mills.no\/mills\/side-ikke-funnet\/\",\"url\":\"https:\/\/mills.no\/mills\/side-ikke-funnet\/\",\"name\":\"Side ikke funnet - Mills\",\"isPartOf\":{\"@id\":\"https:\/\/mills.no\/mills\/#website\"},\"primaryImageOfPage\":{\"@id\":\"https:\/\/mills.no\/mills\/side-ikke-funnet\/#primaryimage\"},\"image\":{\"@id\":\"https:\/\/mills.no\/mills\/side-ikke-funnet\/#primaryimage\"},\"thumbnailUrl\":\"https:\/\/mills.no\/content\/uploads\/sites\/2\/2022\/02\/404-side-rod.png\",\"datePublished\":\"2021-11-03T14:41:18+00:00\",\"dateModified\":\"2024-02-07T08:15:30+00:00\",\"breadcrumb\":{\"@id\":\"https:\/\/mills.no\/mills\/side-ikke-funnet\/#breadcrumb\"},\"inLanguage\":\"nb-NO\",\"potentialAction\":[{\"@type\":\"ReadAction\",\"target\":[\"https:\/\/mills.no\/mills\/side-ikke-funnet\/\"]}]},{\"@type\":\"ImageObject\",\"inLanguage\":\"nb-NO\",\"@id\":\"https:\/\/mills.no\/mills\/side-ikke-funnet\/#primaryimage\",\"url\":\"https:\/\/mills.no\/content\/uploads\/sites\/2\/2022\/02\/404-side-rod.png\",\"contentUrl\":\"https:\/\/mills.no\/content\/uploads\/sites\/2\/2022\/02\/404-side-rod.png\",\"width\":1920,\"height\":1080,\"caption\":\"tallene 404 med triste \u00f8yne og plaster\"},{\"@type\":\"BreadcrumbList\",\"@id\":\"https:\/\/mills.no\/mills\/side-ikke-funnet\/#breadcrumb\",\"itemListElement\":[{\"@type\":\"ListItem\",\"position\":1,\"name\":\"Home\",\"item\":\"https:\/\/mills.no\/mills\/\"},{\"@type\":\"ListItem\",\"position\":2,\"name\":\"Side ikke funnet\"}]},{\"@type\":\"WebSite\",\"@id\":\"https:\/\/mills.no\/mills\/#website\",\"url\":\"https:\/\/mills.no\/mills\/\",\"name\":\"Mills\",\"description\":\"Smaken p\u00e5 det gode liv siden 1951\",\"publisher\":{\"@id\":\"https:\/\/mills.no\/mills\/#organization\"},\"potentialAction\":[{\"@type\":\"SearchAction\",\"target\":{\"@type\":\"EntryPoint\",\"urlTemplate\":\"https:\/\/mills.no\/mills\/?s={search_term_string}\"},\"query-input\":{\"@type\":\"PropertyValueSpecification\",\"valueRequired\":true,\"valueName\":\"search_term_string\"}}],\"inLanguage\":\"nb-NO\"},{\"@type\":\"Organization\",\"@id\":\"https:\/\/mills.no\/mills\/#organization\",\"name\":\"Mills\",\"url\":\"https:\/\/mills.no\/mills\/\",\"logo\":{\"@type\":\"ImageObject\",\"inLanguage\":\"nb-NO\",\"@id\":\"https:\/\/mills.no\/mills\/#\/schema\/logo\/image\/\",\"url\":\"https:\/\/mills.no\/content\/uploads\/sites\/2\/2022\/06\/Mills-logo-farger.svg\",\"contentUrl\":\"https:\/\/mills.no\/content\/uploads\/sites\/2\/2022\/06\/Mills-logo-farger.svg\",\"caption\":\"Mills\"},\"image\":{\"@id\":\"https:\/\/mills.no\/mills\/#\/schema\/logo\/image\/\"}}]}<\/script>\n<!-- \/ Yoast SEO Premium plugin. -->","yoast_head_json":{"title":"Side ikke funnet - Mills","robots":{"index":"index","follow":"follow","max-snippet":"max-snippet:-1","max-image-preview":"max-image-preview:large","max-video-preview":"max-video-preview:-1"},"canonical":"https:\/\/mills.no\/mills\/side-ikke-funnet\/","og_locale":"nb_NO","og_type":"article","og_title":"Side ikke funnet","og_description":"Oisann! Siden finnes ikke.","og_url":"https:\/\/mills.no\/mills\/side-ikke-funnet\/","og_site_name":"Mills","article_modified_time":"2024-02-07T08:15:30+00:00","og_image":[{"width":1920,"height":1080,"url":"https:\/\/mills.no\/content\/uploads\/sites\/2\/2022\/02\/404-side-rod.png","type":"image\/png"}],"twitter_card":"summary_large_image","twitter_misc":{"Ansl. lesetid":"1 minutt"},"schema":{"@context":"https:\/\/schema.org","@graph":[{"@type":"WebPage","@id":"https:\/\/mills.no\/mills\/side-ikke-funnet\/","url":"https:\/\/mills.no\/mills\/side-ikke-funnet\/","name":"Side ikke funnet - Mills","isPartOf":{"@id":"https:\/\/mills.no\/mills\/#website"},"primaryImageOfPage":{"@id":"https:\/\/mills.no\/mills\/side-ikke-funnet\/#primaryimage"},"image":{"@id":"https:\/\/mills.no\/mills\/side-ikke-funnet\/#primaryimage"},"thumbnailUrl":"https:\/\/mills.no\/content\/uploads\/sites\/2\/2022\/02\/404-side-rod.png","datePublished":"2021-11-03T14:41:18+00:00","dateModified":"2024-02-07T08:15:30+00:00","breadcrumb":{"@id":"https:\/\/mills.no\/mills\/side-ikke-funnet\/#breadcrumb"},"inLanguage":"nb-NO","potentialAction":[{"@type":"ReadAction","target":["https:\/\/mills.no\/mills\/side-ikke-funnet\/"]}]},{"@type":"ImageObject","inLanguage":"nb-NO","@id":"https:\/\/mills.no\/mills\/side-ikke-funnet\/#primaryimage","url":"https:\/\/mills.no\/content\/uploads\/sites\/2\/2022\/02\/404-side-rod.png","contentUrl":"https:\/\/mills.no\/content\/uploads\/sites\/2\/2022\/02\/404-side-rod.png","width":1920,"height":1080,"caption":"tallene 404 med triste \u00f8yne og plaster"},{"@type":"BreadcrumbList","@id":"https:\/\/mills.no\/mills\/side-ikke-funnet\/#breadcrumb","itemListElement":[{"@type":"ListItem","position":1,"name":"Home","item":"https:\/\/mills.no\/mills\/"},{"@type":"ListItem","position":2,"name":"Side ikke funnet"}]},{"@type":"WebSite","@id":"https:\/\/mills.no\/mills\/#website","url":"https:\/\/mills.no\/mills\/","name":"Mills","description":"Smaken p\u00e5 det gode liv siden 1951","publisher":{"@id":"https:\/\/mills.no\/mills\/#organization"},"potentialAction":[{"@type":"SearchAction","target":{"@type":"EntryPoint","urlTemplate":"https:\/\/mills.no\/mills\/?s={search_term_string}"},"query-input":{"@type":"PropertyValueSpecification","valueRequired":true,"valueName":"search_term_string"}}],"inLanguage":"nb-NO"},{"@type":"Organization","@id":"https:\/\/mills.no\/mills\/#organization","name":"Mills","url":"https:\/\/mills.no\/mills\/","logo":{"@type":"ImageObject","inLanguage":"nb-NO","@id":"https:\/\/mills.no\/mills\/#\/schema\/logo\/image\/","url":"https:\/\/mills.no\/content\/uploads\/sites\/2\/2022\/06\/Mills-logo-farger.svg","contentUrl":"https:\/\/mills.no\/content\/uploads\/sites\/2\/2022\/06\/Mills-logo-farger.svg","caption":"Mills"},"image":{"@id":"https:\/\/mills.no\/mills\/#\/schema\/logo\/image\/"}}]}},"_links":{"self":[{"href":"https:\/\/mills.no\/mills\/wp-json\/wp\/v2\/pages\/2","targetHints":{"allow":["GET"]}}],"collection":[{"href":"https:\/\/mills.no\/mills\/wp-json\/wp\/v2\/pages"}],"about":[{"href":"https:\/\/mills.no\/mills\/wp-json\/wp\/v2\/types\/page"}],"author":[{"embeddable":true,"href":"https:\/\/mills.no\/mills\/wp-json\/wp\/v2\/users\/1"}],"replies":[{"embeddable":true,"href":"https:\/\/mills.no\/mills\/wp-json\/wp\/v2\/comments?post=2"}],"version-history":[{"count":2,"href":"https:\/\/mills.no\/mills\/wp-json\/wp\/v2\/pages\/2\/revisions"}],"predecessor-version":[{"id":1827,"href":"https:\/\/mills.no\/mills\/wp-json\/wp\/v2\/pages\/2\/revisions\/1827"}],"wp:featuredmedia":[{"embeddable":true,"href":"https:\/\/mills.no\/mills\/wp-json\/wp\/v2\/media\/1528"}],"wp:attachment":[{"href":"https:\/\/mills.no\/mills\/wp-json\/wp\/v2\/media?parent=2"}],"curies":[{"name":"wp","href":"https:\/\/api.w.org\/{rel}","templated":true}]}}