{"id":641,"date":"2016-03-13T11:46:07","date_gmt":"2016-03-13T10:46:07","guid":{"rendered":"https:\/\/mills.no\/mills\/mills-flotegratinerte-poteter\/"},"modified":"2024-02-07T09:15:32","modified_gmt":"2024-02-07T08:15:32","slug":"mills-flotegratinerte-poteter","status":"publish","type":"page","link":"https:\/\/mills.no\/mills\/produkter\/mills-flotegratinerte-poteter\/","title":{"rendered":"Mills Fl\u00f8tegratinerte poteter"},"content":{"rendered":"<div class=\"mills-block-featured alignwide alignwide wp-block-mills-block-featured\"><img loading=\"lazy\" decoding=\"async\" width=\"1920\" height=\"1280\" style=\"width:100%;height:100%;object-fit:cover\" src=\"https:\/\/mills.no\/content\/uploads\/sites\/2\/2022\/10\/Mills_Flotegratinerte-poteter_1920x1280.jpg\" class=\"wp-block-cover__image-background\" alt=\"Mills Fl\u00f8tegratinerte Poteter med ost\" srcset=\"https:\/\/mills.no\/content\/uploads\/sites\/2\/2022\/10\/Mills_Flotegratinerte-poteter_1920x1280.jpg 1920w, https:\/\/mills.no\/content\/uploads\/sites\/2\/2022\/10\/Mills_Flotegratinerte-poteter_1920x1280-300x200.jpg 300w, https:\/\/mills.no\/content\/uploads\/sites\/2\/2022\/10\/Mills_Flotegratinerte-poteter_1920x1280-1024x683.jpg 1024w, https:\/\/mills.no\/content\/uploads\/sites\/2\/2022\/10\/Mills_Flotegratinerte-poteter_1920x1280-768x512.jpg 768w, https:\/\/mills.no\/content\/uploads\/sites\/2\/2022\/10\/Mills_Flotegratinerte-poteter_1920x1280-1536x1024.jpg 1536w, https:\/\/mills.no\/content\/uploads\/sites\/2\/2022\/10\/Mills_Flotegratinerte-poteter_1920x1280-80x53.jpg 80w\" sizes=\"auto, (max-width: 1920px) 100vw, 1920px\" \/><div class=\"wp-block-cover__inner-container\">\n<h1 class=\"has-text-align-center wp-block-post-title has-text-color has-neutral-1000-color\">Mills Fl\u00f8tegratinerte poteter<\/h1>\n\n<p class=\"t2-ingress has-text-align-center align wp-block-t2-ingress\">I Mills potetprodukter benyttes kun f\u00f8rsteklasses r\u00e5varer. Mills har lange tradisjoner som leverand\u00f8r av potetprodukter til middagsbruk. B\u00e5de innen potetmos og fl\u00f8tegratinerte poteter er vi landets st\u00f8rste leverand\u00f8r med de mest popul\u00e6re produktene. Produktene har bred distribusjon og finnes i de aller fleste butikker rundt i Norge.\n<\/p>\n\n<div class=\"has-text-align-center mills-published-date wp-block-post-date has-text-color has-neutral-1000-color\"><time datetime=\"2016-03-13T11:46:07+01:00\">13. mars 2016<\/time><\/div>\n<\/div><\/div>\n\n\n\t\t<div class=\"has-background has-neutral-50-background-color is-style-vertical-spacing is-style-horizontal-spacing alignwide wp-block-mills-section has-background has-neutral-50-background-color\">\n\t\t\t<div class=\"wp-block-mills-section__inner alignwide\">\n\t\t\t\t\n\n<h2 class=\"has-text-align-center aligncenter wp-block-heading\" id=\"h-produkter\">Produkter<\/h2>\n\n\n<div class=\"t2-featured-content-layout alignwide alignwide wp-block-t2-featured-content-layout\" role=\"list\">\n<div class=\"t2-featured-single-post t2-featured-content is-post-type-product brand-mills allergen-melk allergen-sulfitt product_category-middagstilbehor wp-block-t2-featured-single-post\" role=\"listitem\"><a class=\"t2-post-link wp-block-t2-post-link\" href=\"https:\/\/mills.no\/mills\/produkt\/flotegrat-potet-most\/\">\n<figure style=\"--t2-focal-point: 50% 50%;\" class=\"t2-post-featured-image has-image-ratio-16-9 wp-block-t2-post-featured-image\"><img loading=\"lazy\" decoding=\"async\" width=\"804\" height=\"1000\" src=\"https:\/\/mills.no\/content\/uploads\/2022\/09\/Mills_Flotegratinerte_poteter.png\" class=\"attachment-medium-large size-medium-large wp-post-image\" alt=\"Pose med Mills Fl\u00f8tegratinerte Poteter\" srcset=\"https:\/\/mills.no\/content\/uploads\/2022\/09\/Mills_Flotegratinerte_poteter.png 804w, https:\/\/mills.no\/content\/uploads\/2022\/09\/Mills_Flotegratinerte_poteter-241x300.png 241w, https:\/\/mills.no\/content\/uploads\/2022\/09\/Mills_Flotegratinerte_poteter-768x955.png 768w, https:\/\/mills.no\/content\/uploads\/2022\/09\/Mills_Flotegratinerte_poteter-64x80.png 64w\" sizes=\"auto, (max-width: 804px) 100vw, 804px\" \/><\/figure>\n\n<div class=\"wp-block-group alignfull is-layout-flow wp-block-group-is-layout-flow\">\n\t\n\t\t<div class=\"tax-product_label wp-block-mills-post-terms\">\n\t\t\t\n\t\t<\/div>\n\t<h2 class=\"t2-post-title wp-block-t2-post-title\">Mills Fl\u00f8tegratinerte Poteter med ost<\/h2>\n\t<div class=\"t2-post-excerpt wp-block-t2-post-excerpt\"><p>Mills Fl\u00f8tegratinerte Poteter med ost er spesielt godt til spekemat, kylling, skinkestek, svinefilet og koteletter, men er ogs\u00e5 et smakfullt&hellip;<\/p><\/div>\n<\/div>\n\n<\/a>\n<\/div>\n<\/div>\n\n\t\t\t<\/div>\n\t\t<\/div>\n\n\n<figure class=\"wp-block-image alignwide\"><img loading=\"lazy\" decoding=\"async\" width=\"1920\" height=\"1112\" src=\"https:\/\/mills.no\/content\/uploads\/sites\/2\/2022\/01\/flC3B8tegratinerte5.jpg\" alt=\"\" class=\"wp-image-900\" srcset=\"https:\/\/mills.no\/content\/uploads\/sites\/2\/2022\/01\/flC3B8tegratinerte5.jpg 1920w, https:\/\/mills.no\/content\/uploads\/sites\/2\/2022\/01\/flC3B8tegratinerte5-300x174.jpg 300w, https:\/\/mills.no\/content\/uploads\/sites\/2\/2022\/01\/flC3B8tegratinerte5-1024x593.jpg 1024w, https:\/\/mills.no\/content\/uploads\/sites\/2\/2022\/01\/flC3B8tegratinerte5-768x445.jpg 768w, https:\/\/mills.no\/content\/uploads\/sites\/2\/2022\/01\/flC3B8tegratinerte5-1536x890.jpg 1536w, https:\/\/mills.no\/content\/uploads\/sites\/2\/2022\/01\/flC3B8tegratinerte5-80x46.jpg 80w\" sizes=\"auto, (max-width: 1920px) 100vw, 1920px\" \/><\/figure>\n","protected":false},"excerpt":{"rendered":"<p>I Mills potetprodukter benyttes kun f\u00f8rsteklasses r\u00e5varer. Mills har lange tradisjoner som leverand\u00f8r av potetprodukter til middagsbruk. B\u00e5de innen potetmos&hellip;<\/p>\n","protected":false},"author":3,"featured_media":1696,"parent":680,"menu_order":0,"comment_status":"closed","ping_status":"closed","template":"","meta":{"_searchwp_excluded":"","hide_post_title":false,"footnotes":""},"class_list":["post-641","page","type-page","status-publish","has-post-thumbnail","hentry"],"yoast_head":"<!-- This site is optimized with the Yoast SEO Premium plugin v26.9 (Yoast SEO v26.9) - https:\/\/yoast.com\/product\/yoast-seo-premium-wordpress\/ -->\n<title>Mills Fl\u00f8tegratinerte poteter - Mills<\/title>\n<meta name=\"robots\" content=\"index, follow, max-snippet:-1, max-image-preview:large, max-video-preview:-1\" \/>\n<link rel=\"canonical\" href=\"https:\/\/mills.no\/mills\/produkter\/mills-flotegratinerte-poteter\/\" \/>\n<meta property=\"og:locale\" content=\"nb_NO\" \/>\n<meta property=\"og:type\" content=\"article\" \/>\n<meta property=\"og:title\" content=\"Mills Fl\u00f8tegratinerte poteter\" \/>\n<meta property=\"og:description\" content=\"I Mills potetprodukter benyttes kun f\u00f8rsteklasses r\u00e5varer. Mills har lange tradisjoner som leverand\u00f8r av potetprodukter til middagsbruk. B\u00e5de innen potetmos&hellip;\" \/>\n<meta property=\"og:url\" content=\"https:\/\/mills.no\/mills\/produkter\/mills-flotegratinerte-poteter\/\" \/>\n<meta property=\"og:site_name\" content=\"Mills\" \/>\n<meta property=\"article:modified_time\" content=\"2024-02-07T08:15:32+00:00\" \/>\n<meta property=\"og:image\" content=\"https:\/\/mills.no\/content\/uploads\/sites\/2\/2022\/10\/Mills_Flotegratinerte-poteter_1920x1280.jpg\" \/>\n\t<meta property=\"og:image:width\" content=\"1920\" \/>\n\t<meta property=\"og:image:height\" content=\"1280\" \/>\n\t<meta property=\"og:image:type\" content=\"image\/jpeg\" \/>\n<meta name=\"twitter:card\" content=\"summary_large_image\" \/>\n<meta name=\"twitter:label1\" content=\"Ansl. lesetid\" \/>\n\t<meta name=\"twitter:data1\" content=\"1 minutt\" \/>\n<script type=\"application\/ld+json\" class=\"yoast-schema-graph\">{\"@context\":\"https:\/\/schema.org\",\"@graph\":[{\"@type\":\"WebPage\",\"@id\":\"https:\/\/mills.no\/mills\/produkter\/mills-flotegratinerte-poteter\/\",\"url\":\"https:\/\/mills.no\/mills\/produkter\/mills-flotegratinerte-poteter\/\",\"name\":\"Mills Fl\u00f8tegratinerte poteter - Mills\",\"isPartOf\":{\"@id\":\"https:\/\/mills.no\/mills\/#website\"},\"primaryImageOfPage\":{\"@id\":\"https:\/\/mills.no\/mills\/produkter\/mills-flotegratinerte-poteter\/#primaryimage\"},\"image\":{\"@id\":\"https:\/\/mills.no\/mills\/produkter\/mills-flotegratinerte-poteter\/#primaryimage\"},\"thumbnailUrl\":\"https:\/\/mills.no\/content\/uploads\/sites\/2\/2022\/10\/Mills_Flotegratinerte-poteter_1920x1280.jpg\",\"datePublished\":\"2016-03-13T10:46:07+00:00\",\"dateModified\":\"2024-02-07T08:15:32+00:00\",\"breadcrumb\":{\"@id\":\"https:\/\/mills.no\/mills\/produkter\/mills-flotegratinerte-poteter\/#breadcrumb\"},\"inLanguage\":\"nb-NO\",\"potentialAction\":[{\"@type\":\"ReadAction\",\"target\":[\"https:\/\/mills.no\/mills\/produkter\/mills-flotegratinerte-poteter\/\"]}]},{\"@type\":\"ImageObject\",\"inLanguage\":\"nb-NO\",\"@id\":\"https:\/\/mills.no\/mills\/produkter\/mills-flotegratinerte-poteter\/#primaryimage\",\"url\":\"https:\/\/mills.no\/content\/uploads\/sites\/2\/2022\/10\/Mills_Flotegratinerte-poteter_1920x1280.jpg\",\"contentUrl\":\"https:\/\/mills.no\/content\/uploads\/sites\/2\/2022\/10\/Mills_Flotegratinerte-poteter_1920x1280.jpg\",\"width\":1920,\"height\":1280,\"caption\":\"Mills Fl\u00f8tegratinerte Poteter med ost\"},{\"@type\":\"BreadcrumbList\",\"@id\":\"https:\/\/mills.no\/mills\/produkter\/mills-flotegratinerte-poteter\/#breadcrumb\",\"itemListElement\":[{\"@type\":\"ListItem\",\"position\":1,\"name\":\"Home\",\"item\":\"https:\/\/mills.no\/mills\/\"},{\"@type\":\"ListItem\",\"position\":2,\"name\":\"Produkter\",\"item\":\"https:\/\/mills.no\/mills\/produkter\/\"},{\"@type\":\"ListItem\",\"position\":3,\"name\":\"Mills Fl\u00f8tegratinerte poteter\"}]},{\"@type\":\"WebSite\",\"@id\":\"https:\/\/mills.no\/mills\/#website\",\"url\":\"https:\/\/mills.no\/mills\/\",\"name\":\"Mills\",\"description\":\"Smaken p\u00e5 det gode liv siden 1951\",\"publisher\":{\"@id\":\"https:\/\/mills.no\/mills\/#organization\"},\"potentialAction\":[{\"@type\":\"SearchAction\",\"target\":{\"@type\":\"EntryPoint\",\"urlTemplate\":\"https:\/\/mills.no\/mills\/?s={search_term_string}\"},\"query-input\":{\"@type\":\"PropertyValueSpecification\",\"valueRequired\":true,\"valueName\":\"search_term_string\"}}],\"inLanguage\":\"nb-NO\"},{\"@type\":\"Organization\",\"@id\":\"https:\/\/mills.no\/mills\/#organization\",\"name\":\"Mills\",\"url\":\"https:\/\/mills.no\/mills\/\",\"logo\":{\"@type\":\"ImageObject\",\"inLanguage\":\"nb-NO\",\"@id\":\"https:\/\/mills.no\/mills\/#\/schema\/logo\/image\/\",\"url\":\"https:\/\/mills.no\/content\/uploads\/sites\/2\/2022\/06\/Mills-logo-farger.svg\",\"contentUrl\":\"https:\/\/mills.no\/content\/uploads\/sites\/2\/2022\/06\/Mills-logo-farger.svg\",\"caption\":\"Mills\"},\"image\":{\"@id\":\"https:\/\/mills.no\/mills\/#\/schema\/logo\/image\/\"}}]}<\/script>\n<!-- \/ Yoast SEO Premium plugin. -->","yoast_head_json":{"title":"Mills Fl\u00f8tegratinerte poteter - Mills","robots":{"index":"index","follow":"follow","max-snippet":"max-snippet:-1","max-image-preview":"max-image-preview:large","max-video-preview":"max-video-preview:-1"},"canonical":"https:\/\/mills.no\/mills\/produkter\/mills-flotegratinerte-poteter\/","og_locale":"nb_NO","og_type":"article","og_title":"Mills Fl\u00f8tegratinerte poteter","og_description":"I Mills potetprodukter benyttes kun f\u00f8rsteklasses r\u00e5varer. Mills har lange tradisjoner som leverand\u00f8r av potetprodukter til middagsbruk. B\u00e5de innen potetmos&hellip;","og_url":"https:\/\/mills.no\/mills\/produkter\/mills-flotegratinerte-poteter\/","og_site_name":"Mills","article_modified_time":"2024-02-07T08:15:32+00:00","og_image":[{"width":1920,"height":1280,"url":"https:\/\/mills.no\/content\/uploads\/sites\/2\/2022\/10\/Mills_Flotegratinerte-poteter_1920x1280.jpg","type":"image\/jpeg"}],"twitter_card":"summary_large_image","twitter_misc":{"Ansl. lesetid":"1 minutt"},"schema":{"@context":"https:\/\/schema.org","@graph":[{"@type":"WebPage","@id":"https:\/\/mills.no\/mills\/produkter\/mills-flotegratinerte-poteter\/","url":"https:\/\/mills.no\/mills\/produkter\/mills-flotegratinerte-poteter\/","name":"Mills Fl\u00f8tegratinerte poteter - Mills","isPartOf":{"@id":"https:\/\/mills.no\/mills\/#website"},"primaryImageOfPage":{"@id":"https:\/\/mills.no\/mills\/produkter\/mills-flotegratinerte-poteter\/#primaryimage"},"image":{"@id":"https:\/\/mills.no\/mills\/produkter\/mills-flotegratinerte-poteter\/#primaryimage"},"thumbnailUrl":"https:\/\/mills.no\/content\/uploads\/sites\/2\/2022\/10\/Mills_Flotegratinerte-poteter_1920x1280.jpg","datePublished":"2016-03-13T10:46:07+00:00","dateModified":"2024-02-07T08:15:32+00:00","breadcrumb":{"@id":"https:\/\/mills.no\/mills\/produkter\/mills-flotegratinerte-poteter\/#breadcrumb"},"inLanguage":"nb-NO","potentialAction":[{"@type":"ReadAction","target":["https:\/\/mills.no\/mills\/produkter\/mills-flotegratinerte-poteter\/"]}]},{"@type":"ImageObject","inLanguage":"nb-NO","@id":"https:\/\/mills.no\/mills\/produkter\/mills-flotegratinerte-poteter\/#primaryimage","url":"https:\/\/mills.no\/content\/uploads\/sites\/2\/2022\/10\/Mills_Flotegratinerte-poteter_1920x1280.jpg","contentUrl":"https:\/\/mills.no\/content\/uploads\/sites\/2\/2022\/10\/Mills_Flotegratinerte-poteter_1920x1280.jpg","width":1920,"height":1280,"caption":"Mills Fl\u00f8tegratinerte Poteter med ost"},{"@type":"BreadcrumbList","@id":"https:\/\/mills.no\/mills\/produkter\/mills-flotegratinerte-poteter\/#breadcrumb","itemListElement":[{"@type":"ListItem","position":1,"name":"Home","item":"https:\/\/mills.no\/mills\/"},{"@type":"ListItem","position":2,"name":"Produkter","item":"https:\/\/mills.no\/mills\/produkter\/"},{"@type":"ListItem","position":3,"name":"Mills Fl\u00f8tegratinerte poteter"}]},{"@type":"WebSite","@id":"https:\/\/mills.no\/mills\/#website","url":"https:\/\/mills.no\/mills\/","name":"Mills","description":"Smaken p\u00e5 det gode liv siden 1951","publisher":{"@id":"https:\/\/mills.no\/mills\/#organization"},"potentialAction":[{"@type":"SearchAction","target":{"@type":"EntryPoint","urlTemplate":"https:\/\/mills.no\/mills\/?s={search_term_string}"},"query-input":{"@type":"PropertyValueSpecification","valueRequired":true,"valueName":"search_term_string"}}],"inLanguage":"nb-NO"},{"@type":"Organization","@id":"https:\/\/mills.no\/mills\/#organization","name":"Mills","url":"https:\/\/mills.no\/mills\/","logo":{"@type":"ImageObject","inLanguage":"nb-NO","@id":"https:\/\/mills.no\/mills\/#\/schema\/logo\/image\/","url":"https:\/\/mills.no\/content\/uploads\/sites\/2\/2022\/06\/Mills-logo-farger.svg","contentUrl":"https:\/\/mills.no\/content\/uploads\/sites\/2\/2022\/06\/Mills-logo-farger.svg","caption":"Mills"},"image":{"@id":"https:\/\/mills.no\/mills\/#\/schema\/logo\/image\/"}}]}},"_links":{"self":[{"href":"https:\/\/mills.no\/mills\/wp-json\/wp\/v2\/pages\/641","targetHints":{"allow":["GET"]}}],"collection":[{"href":"https:\/\/mills.no\/mills\/wp-json\/wp\/v2\/pages"}],"about":[{"href":"https:\/\/mills.no\/mills\/wp-json\/wp\/v2\/types\/page"}],"author":[{"embeddable":true,"href":"https:\/\/mills.no\/mills\/wp-json\/wp\/v2\/users\/3"}],"replies":[{"embeddable":true,"href":"https:\/\/mills.no\/mills\/wp-json\/wp\/v2\/comments?post=641"}],"version-history":[{"count":11,"href":"https:\/\/mills.no\/mills\/wp-json\/wp\/v2\/pages\/641\/revisions"}],"predecessor-version":[{"id":1880,"href":"https:\/\/mills.no\/mills\/wp-json\/wp\/v2\/pages\/641\/revisions\/1880"}],"up":[{"embeddable":true,"href":"https:\/\/mills.no\/mills\/wp-json\/wp\/v2\/pages\/680"}],"wp:featuredmedia":[{"embeddable":true,"href":"https:\/\/mills.no\/mills\/wp-json\/wp\/v2\/media\/1696"}],"wp:attachment":[{"href":"https:\/\/mills.no\/mills\/wp-json\/wp\/v2\/media?parent=641"}],"curies":[{"name":"wp","href":"https:\/\/api.w.org\/{rel}","templated":true}]}}