{"id":649,"date":"2016-03-12T15:57:35","date_gmt":"2016-03-12T14:57:35","guid":{"rendered":"https:\/\/mills.no\/mills\/mills-potetmos-og-stappe\/"},"modified":"2024-02-07T09:15:32","modified_gmt":"2024-02-07T08:15:32","slug":"mills-potetmos-stappe","status":"publish","type":"page","link":"https:\/\/mills.no\/mills\/produkter\/mills-potetmos-stappe\/","title":{"rendered":"Mills potetmos og -stappe"},"content":{"rendered":"<div class=\"mills-block-featured alignwide alignwide wp-block-mills-block-featured\"><img loading=\"lazy\" decoding=\"async\" width=\"1920\" height=\"1281\" style=\"width:100%;height:100%;object-fit:cover\" src=\"https:\/\/mills.no\/content\/uploads\/sites\/2\/2022\/12\/Mills_Potetmos-samlebilde_bredde_1920x1280.jpg\" class=\"wp-block-cover__image-background\" alt=\"Mills Potetmos og Fl\u00f8tegratinerte poteter\" srcset=\"https:\/\/mills.no\/content\/uploads\/sites\/2\/2022\/12\/Mills_Potetmos-samlebilde_bredde_1920x1280.jpg 1920w, https:\/\/mills.no\/content\/uploads\/sites\/2\/2022\/12\/Mills_Potetmos-samlebilde_bredde_1920x1280-300x200.jpg 300w, https:\/\/mills.no\/content\/uploads\/sites\/2\/2022\/12\/Mills_Potetmos-samlebilde_bredde_1920x1280-1024x683.jpg 1024w, https:\/\/mills.no\/content\/uploads\/sites\/2\/2022\/12\/Mills_Potetmos-samlebilde_bredde_1920x1280-768x512.jpg 768w, https:\/\/mills.no\/content\/uploads\/sites\/2\/2022\/12\/Mills_Potetmos-samlebilde_bredde_1920x1280-1536x1025.jpg 1536w, https:\/\/mills.no\/content\/uploads\/sites\/2\/2022\/12\/Mills_Potetmos-samlebilde_bredde_1920x1280-80x53.jpg 80w\" sizes=\"auto, (max-width: 1920px) 100vw, 1920px\" \/><div class=\"wp-block-cover__inner-container\">\n<h1 class=\"has-text-align-center wp-block-post-title has-text-color has-neutral-1000-color\">Mills potetmos og -stappe<\/h1>\n\n<p class=\"t2-ingress has-text-align-center align wp-block-t2-ingress\">Mange \u00f8nsker seg et alternativ til den popul\u00e6re potetmosen \u2013 en real potetstappe som gir den gode hjemmelagde f\u00f8lelsen. Derfor har vi laget en  potetstappe med grovere struktur, sm\u00e5 potetbiter og mer potetsmak. Og best av alt &#8211; den er kun laget av norske r\u00e5varer.\n<\/p>\n\n<div class=\"has-text-align-center mills-published-date wp-block-post-date has-text-color has-neutral-1000-color\"><time datetime=\"2016-03-12T15:57:35+01:00\">12. mars 2016<\/time><\/div>\n<\/div><\/div>\n\n\n\t\t<div class=\"has-background has-neutral-50-background-color is-style-vertical-spacing is-style-horizontal-spacing alignwide wp-block-mills-section has-background has-neutral-50-background-color\">\n\t\t\t<div class=\"wp-block-mills-section__inner alignwide\">\n\t\t\t\t\n<div class=\"t2-featured-content-layout alignwide alignwide wp-block-t2-featured-content-layout\" role=\"list\">\n\n\n<div class=\"t2-featured-single-post t2-featured-content is-post-type-product brand-mills allergen-melk-spor allergen-sulfitt product_category-middagstilbehor wp-block-t2-featured-single-post\" role=\"listitem\"><a class=\"t2-post-link wp-block-t2-post-link\" href=\"https:\/\/mills.no\/mills\/produkt\/original-potetmos\/\">\n<figure style=\"--t2-focal-point: 50% 50%;\" class=\"t2-post-featured-image has-image-ratio-16-9 wp-block-t2-post-featured-image\"><img loading=\"lazy\" decoding=\"async\" width=\"703\" height=\"1000\" src=\"https:\/\/mills.no\/content\/uploads\/2022\/09\/Mills_Original_Potetmos.png\" class=\"attachment-medium-large size-medium-large wp-post-image\" alt=\"Pose med Mills Original Potetmos\" srcset=\"https:\/\/mills.no\/content\/uploads\/2022\/09\/Mills_Original_Potetmos.png 703w, https:\/\/mills.no\/content\/uploads\/2022\/09\/Mills_Original_Potetmos-211x300.png 211w, https:\/\/mills.no\/content\/uploads\/2022\/09\/Mills_Original_Potetmos-56x80.png 56w\" sizes=\"auto, (max-width: 703px) 100vw, 703px\" \/><\/figure>\n\n<div class=\"wp-block-group alignfull is-layout-flow wp-block-group-is-layout-flow\">\n\t\n\t\t<div class=\"tax-product_label wp-block-mills-post-terms\">\n\t\t\t\n\t\t<\/div>\n\t<h2 class=\"t2-post-title wp-block-t2-post-title\">Mills Original Potetmos<\/h2>\n\t<div class=\"t2-post-excerpt wp-block-t2-post-excerpt\"><p>Mills Original Potetmos er ern\u00e6ringsmessig sett sv\u00e6rt lik den kokte poteten. Mills Potetmos er rask \u00e5 tilberede og kvaliteten sikrer&hellip;<\/p><\/div>\n<\/div>\n\n<\/a>\n<\/div>\n\n\n\n<div class=\"t2-featured-single-post t2-featured-content is-post-type-product brand-mills allergen-melk-spor allergen-sulfitt product_category-middagstilbehor wp-block-t2-featured-single-post\" role=\"listitem\"><a class=\"t2-post-link wp-block-t2-post-link\" href=\"https:\/\/mills.no\/mills\/produkt\/potetmos-mgresslok\/\">\n<figure style=\"--t2-focal-point: 50% 50%;\" class=\"t2-post-featured-image has-image-ratio-16-9 wp-block-t2-post-featured-image\"><img loading=\"lazy\" decoding=\"async\" width=\"706\" height=\"1000\" src=\"https:\/\/mills.no\/content\/uploads\/2022\/09\/Mills_Potetmos_med_gresslok.png\" class=\"attachment-medium-large size-medium-large wp-post-image\" alt=\"Pose med Mills Potetmos med gressl\u00f8k\" srcset=\"https:\/\/mills.no\/content\/uploads\/2022\/09\/Mills_Potetmos_med_gresslok.png 706w, https:\/\/mills.no\/content\/uploads\/2022\/09\/Mills_Potetmos_med_gresslok-212x300.png 212w, https:\/\/mills.no\/content\/uploads\/2022\/09\/Mills_Potetmos_med_gresslok-56x80.png 56w\" sizes=\"auto, (max-width: 706px) 100vw, 706px\" \/><\/figure>\n\n<div class=\"wp-block-group alignfull is-layout-flow wp-block-group-is-layout-flow\">\n\t\n\t\t<div class=\"tax-product_label wp-block-mills-post-terms\">\n\t\t\t\n\t\t<\/div>\n\t<h2 class=\"t2-post-title wp-block-t2-post-title\">Mills Potetmos med gressl\u00f8k<\/h2>\n\t<div class=\"t2-post-excerpt wp-block-t2-post-excerpt\"><p>I Mills Potetmos med gressl\u00f8k har vi tilsatt gressl\u00f8kringer som gir en god smak p\u00e5 mosen.<\/p><\/div>\n<\/div>\n\n<\/a>\n<\/div>\n<\/div>\n\n\t\t\t<\/div>\n\t\t<\/div>\n\n\n<figure class=\"wp-block-image alignwide\"><img loading=\"lazy\" decoding=\"async\" width=\"1920\" height=\"930\" src=\"https:\/\/mills.no\/content\/uploads\/sites\/2\/2022\/01\/potetmos_salt_pepper_br_1920x930_acf_cropped.jpg\" alt=\"\" class=\"wp-image-908\" srcset=\"https:\/\/mills.no\/content\/uploads\/sites\/2\/2022\/01\/potetmos_salt_pepper_br_1920x930_acf_cropped.jpg 1920w, https:\/\/mills.no\/content\/uploads\/sites\/2\/2022\/01\/potetmos_salt_pepper_br_1920x930_acf_cropped-300x145.jpg 300w, https:\/\/mills.no\/content\/uploads\/sites\/2\/2022\/01\/potetmos_salt_pepper_br_1920x930_acf_cropped-1024x496.jpg 1024w, https:\/\/mills.no\/content\/uploads\/sites\/2\/2022\/01\/potetmos_salt_pepper_br_1920x930_acf_cropped-768x372.jpg 768w, https:\/\/mills.no\/content\/uploads\/sites\/2\/2022\/01\/potetmos_salt_pepper_br_1920x930_acf_cropped-1536x744.jpg 1536w, https:\/\/mills.no\/content\/uploads\/sites\/2\/2022\/01\/potetmos_salt_pepper_br_1920x930_acf_cropped-80x39.jpg 80w\" sizes=\"auto, (max-width: 1920px) 100vw, 1920px\" \/><\/figure>\n","protected":false},"excerpt":{"rendered":"<p>Mange \u00f8nsker seg et alternativ til den popul\u00e6re potetmosen \u2013 en real potetstappe som gir den gode hjemmelagde f\u00f8lelsen. Derfor&hellip;<\/p>\n","protected":false},"author":3,"featured_media":1711,"parent":680,"menu_order":5,"comment_status":"closed","ping_status":"closed","template":"","meta":{"_searchwp_excluded":"","hide_post_title":false,"footnotes":""},"class_list":["post-649","page","type-page","status-publish","has-post-thumbnail","hentry"],"yoast_head":"<!-- This site is optimized with the Yoast SEO Premium plugin v26.9 (Yoast SEO v26.9) - https:\/\/yoast.com\/product\/yoast-seo-premium-wordpress\/ -->\n<title>Mills potetmos og -stappe - Mills<\/title>\n<meta name=\"robots\" content=\"index, follow, max-snippet:-1, max-image-preview:large, max-video-preview:-1\" \/>\n<link rel=\"canonical\" href=\"https:\/\/mills.no\/mills\/produkter\/mills-potetmos-stappe\/\" \/>\n<meta property=\"og:locale\" content=\"nb_NO\" \/>\n<meta property=\"og:type\" content=\"article\" \/>\n<meta property=\"og:title\" content=\"Mills potetmos og -stappe\" \/>\n<meta property=\"og:description\" content=\"Mange \u00f8nsker seg et alternativ til den popul\u00e6re potetmosen \u2013 en real potetstappe som gir den gode hjemmelagde f\u00f8lelsen. Derfor&hellip;\" \/>\n<meta property=\"og:url\" content=\"https:\/\/mills.no\/mills\/produkter\/mills-potetmos-stappe\/\" \/>\n<meta property=\"og:site_name\" content=\"Mills\" \/>\n<meta property=\"article:modified_time\" content=\"2024-02-07T08:15:32+00:00\" \/>\n<meta property=\"og:image\" content=\"https:\/\/mills.no\/content\/uploads\/sites\/2\/2022\/12\/Mills_Potetmos-samlebilde_bredde_1920x1280.jpg\" \/>\n\t<meta property=\"og:image:width\" content=\"1920\" \/>\n\t<meta property=\"og:image:height\" content=\"1281\" \/>\n\t<meta property=\"og:image:type\" content=\"image\/jpeg\" \/>\n<meta name=\"twitter:card\" content=\"summary_large_image\" \/>\n<meta name=\"twitter:label1\" content=\"Ansl. lesetid\" \/>\n\t<meta name=\"twitter:data1\" content=\"1 minutt\" \/>\n<script type=\"application\/ld+json\" class=\"yoast-schema-graph\">{\"@context\":\"https:\/\/schema.org\",\"@graph\":[{\"@type\":\"WebPage\",\"@id\":\"https:\/\/mills.no\/mills\/produkter\/mills-potetmos-stappe\/\",\"url\":\"https:\/\/mills.no\/mills\/produkter\/mills-potetmos-stappe\/\",\"name\":\"Mills potetmos og -stappe - Mills\",\"isPartOf\":{\"@id\":\"https:\/\/mills.no\/mills\/#website\"},\"primaryImageOfPage\":{\"@id\":\"https:\/\/mills.no\/mills\/produkter\/mills-potetmos-stappe\/#primaryimage\"},\"image\":{\"@id\":\"https:\/\/mills.no\/mills\/produkter\/mills-potetmos-stappe\/#primaryimage\"},\"thumbnailUrl\":\"https:\/\/mills.no\/content\/uploads\/sites\/2\/2022\/12\/Mills_Potetmos-samlebilde_bredde_1920x1280.jpg\",\"datePublished\":\"2016-03-12T14:57:35+00:00\",\"dateModified\":\"2024-02-07T08:15:32+00:00\",\"breadcrumb\":{\"@id\":\"https:\/\/mills.no\/mills\/produkter\/mills-potetmos-stappe\/#breadcrumb\"},\"inLanguage\":\"nb-NO\",\"potentialAction\":[{\"@type\":\"ReadAction\",\"target\":[\"https:\/\/mills.no\/mills\/produkter\/mills-potetmos-stappe\/\"]}]},{\"@type\":\"ImageObject\",\"inLanguage\":\"nb-NO\",\"@id\":\"https:\/\/mills.no\/mills\/produkter\/mills-potetmos-stappe\/#primaryimage\",\"url\":\"https:\/\/mills.no\/content\/uploads\/sites\/2\/2022\/12\/Mills_Potetmos-samlebilde_bredde_1920x1280.jpg\",\"contentUrl\":\"https:\/\/mills.no\/content\/uploads\/sites\/2\/2022\/12\/Mills_Potetmos-samlebilde_bredde_1920x1280.jpg\",\"width\":1920,\"height\":1281,\"caption\":\"Mills Potetmos og Fl\u00f8tegratinerte poteter\"},{\"@type\":\"BreadcrumbList\",\"@id\":\"https:\/\/mills.no\/mills\/produkter\/mills-potetmos-stappe\/#breadcrumb\",\"itemListElement\":[{\"@type\":\"ListItem\",\"position\":1,\"name\":\"Home\",\"item\":\"https:\/\/mills.no\/mills\/\"},{\"@type\":\"ListItem\",\"position\":2,\"name\":\"Produkter\",\"item\":\"https:\/\/mills.no\/mills\/produkter\/\"},{\"@type\":\"ListItem\",\"position\":3,\"name\":\"Mills potetmos og -stappe\"}]},{\"@type\":\"WebSite\",\"@id\":\"https:\/\/mills.no\/mills\/#website\",\"url\":\"https:\/\/mills.no\/mills\/\",\"name\":\"Mills\",\"description\":\"Smaken p\u00e5 det gode liv siden 1951\",\"publisher\":{\"@id\":\"https:\/\/mills.no\/mills\/#organization\"},\"potentialAction\":[{\"@type\":\"SearchAction\",\"target\":{\"@type\":\"EntryPoint\",\"urlTemplate\":\"https:\/\/mills.no\/mills\/?s={search_term_string}\"},\"query-input\":{\"@type\":\"PropertyValueSpecification\",\"valueRequired\":true,\"valueName\":\"search_term_string\"}}],\"inLanguage\":\"nb-NO\"},{\"@type\":\"Organization\",\"@id\":\"https:\/\/mills.no\/mills\/#organization\",\"name\":\"Mills\",\"url\":\"https:\/\/mills.no\/mills\/\",\"logo\":{\"@type\":\"ImageObject\",\"inLanguage\":\"nb-NO\",\"@id\":\"https:\/\/mills.no\/mills\/#\/schema\/logo\/image\/\",\"url\":\"https:\/\/mills.no\/content\/uploads\/sites\/2\/2022\/06\/Mills-logo-farger.svg\",\"contentUrl\":\"https:\/\/mills.no\/content\/uploads\/sites\/2\/2022\/06\/Mills-logo-farger.svg\",\"caption\":\"Mills\"},\"image\":{\"@id\":\"https:\/\/mills.no\/mills\/#\/schema\/logo\/image\/\"}}]}<\/script>\n<!-- \/ Yoast SEO Premium plugin. -->","yoast_head_json":{"title":"Mills potetmos og -stappe - Mills","robots":{"index":"index","follow":"follow","max-snippet":"max-snippet:-1","max-image-preview":"max-image-preview:large","max-video-preview":"max-video-preview:-1"},"canonical":"https:\/\/mills.no\/mills\/produkter\/mills-potetmos-stappe\/","og_locale":"nb_NO","og_type":"article","og_title":"Mills potetmos og -stappe","og_description":"Mange \u00f8nsker seg et alternativ til den popul\u00e6re potetmosen \u2013 en real potetstappe som gir den gode hjemmelagde f\u00f8lelsen. Derfor&hellip;","og_url":"https:\/\/mills.no\/mills\/produkter\/mills-potetmos-stappe\/","og_site_name":"Mills","article_modified_time":"2024-02-07T08:15:32+00:00","og_image":[{"width":1920,"height":1281,"url":"https:\/\/mills.no\/content\/uploads\/sites\/2\/2022\/12\/Mills_Potetmos-samlebilde_bredde_1920x1280.jpg","type":"image\/jpeg"}],"twitter_card":"summary_large_image","twitter_misc":{"Ansl. lesetid":"1 minutt"},"schema":{"@context":"https:\/\/schema.org","@graph":[{"@type":"WebPage","@id":"https:\/\/mills.no\/mills\/produkter\/mills-potetmos-stappe\/","url":"https:\/\/mills.no\/mills\/produkter\/mills-potetmos-stappe\/","name":"Mills potetmos og -stappe - Mills","isPartOf":{"@id":"https:\/\/mills.no\/mills\/#website"},"primaryImageOfPage":{"@id":"https:\/\/mills.no\/mills\/produkter\/mills-potetmos-stappe\/#primaryimage"},"image":{"@id":"https:\/\/mills.no\/mills\/produkter\/mills-potetmos-stappe\/#primaryimage"},"thumbnailUrl":"https:\/\/mills.no\/content\/uploads\/sites\/2\/2022\/12\/Mills_Potetmos-samlebilde_bredde_1920x1280.jpg","datePublished":"2016-03-12T14:57:35+00:00","dateModified":"2024-02-07T08:15:32+00:00","breadcrumb":{"@id":"https:\/\/mills.no\/mills\/produkter\/mills-potetmos-stappe\/#breadcrumb"},"inLanguage":"nb-NO","potentialAction":[{"@type":"ReadAction","target":["https:\/\/mills.no\/mills\/produkter\/mills-potetmos-stappe\/"]}]},{"@type":"ImageObject","inLanguage":"nb-NO","@id":"https:\/\/mills.no\/mills\/produkter\/mills-potetmos-stappe\/#primaryimage","url":"https:\/\/mills.no\/content\/uploads\/sites\/2\/2022\/12\/Mills_Potetmos-samlebilde_bredde_1920x1280.jpg","contentUrl":"https:\/\/mills.no\/content\/uploads\/sites\/2\/2022\/12\/Mills_Potetmos-samlebilde_bredde_1920x1280.jpg","width":1920,"height":1281,"caption":"Mills Potetmos og Fl\u00f8tegratinerte poteter"},{"@type":"BreadcrumbList","@id":"https:\/\/mills.no\/mills\/produkter\/mills-potetmos-stappe\/#breadcrumb","itemListElement":[{"@type":"ListItem","position":1,"name":"Home","item":"https:\/\/mills.no\/mills\/"},{"@type":"ListItem","position":2,"name":"Produkter","item":"https:\/\/mills.no\/mills\/produkter\/"},{"@type":"ListItem","position":3,"name":"Mills potetmos og -stappe"}]},{"@type":"WebSite","@id":"https:\/\/mills.no\/mills\/#website","url":"https:\/\/mills.no\/mills\/","name":"Mills","description":"Smaken p\u00e5 det gode liv siden 1951","publisher":{"@id":"https:\/\/mills.no\/mills\/#organization"},"potentialAction":[{"@type":"SearchAction","target":{"@type":"EntryPoint","urlTemplate":"https:\/\/mills.no\/mills\/?s={search_term_string}"},"query-input":{"@type":"PropertyValueSpecification","valueRequired":true,"valueName":"search_term_string"}}],"inLanguage":"nb-NO"},{"@type":"Organization","@id":"https:\/\/mills.no\/mills\/#organization","name":"Mills","url":"https:\/\/mills.no\/mills\/","logo":{"@type":"ImageObject","inLanguage":"nb-NO","@id":"https:\/\/mills.no\/mills\/#\/schema\/logo\/image\/","url":"https:\/\/mills.no\/content\/uploads\/sites\/2\/2022\/06\/Mills-logo-farger.svg","contentUrl":"https:\/\/mills.no\/content\/uploads\/sites\/2\/2022\/06\/Mills-logo-farger.svg","caption":"Mills"},"image":{"@id":"https:\/\/mills.no\/mills\/#\/schema\/logo\/image\/"}}]}},"_links":{"self":[{"href":"https:\/\/mills.no\/mills\/wp-json\/wp\/v2\/pages\/649","targetHints":{"allow":["GET"]}}],"collection":[{"href":"https:\/\/mills.no\/mills\/wp-json\/wp\/v2\/pages"}],"about":[{"href":"https:\/\/mills.no\/mills\/wp-json\/wp\/v2\/types\/page"}],"author":[{"embeddable":true,"href":"https:\/\/mills.no\/mills\/wp-json\/wp\/v2\/users\/3"}],"replies":[{"embeddable":true,"href":"https:\/\/mills.no\/mills\/wp-json\/wp\/v2\/comments?post=649"}],"version-history":[{"count":11,"href":"https:\/\/mills.no\/mills\/wp-json\/wp\/v2\/pages\/649\/revisions"}],"predecessor-version":[{"id":1883,"href":"https:\/\/mills.no\/mills\/wp-json\/wp\/v2\/pages\/649\/revisions\/1883"}],"up":[{"embeddable":true,"href":"https:\/\/mills.no\/mills\/wp-json\/wp\/v2\/pages\/680"}],"wp:featuredmedia":[{"embeddable":true,"href":"https:\/\/mills.no\/mills\/wp-json\/wp\/v2\/media\/1711"}],"wp:attachment":[{"href":"https:\/\/mills.no\/mills\/wp-json\/wp\/v2\/media?parent=649"}],"curies":[{"name":"wp","href":"https:\/\/api.w.org\/{rel}","templated":true}]}}