{"id":651,"date":"2016-03-12T13:02:44","date_gmt":"2016-03-12T12:02:44","guid":{"rendered":"https:\/\/mills.no\/mills\/gjor-hver-dag-til-en-liten-fest\/"},"modified":"2024-02-07T09:15:32","modified_gmt":"2024-02-07T08:15:32","slug":"gjor-dag-liten-fest","status":"publish","type":"page","link":"https:\/\/mills.no\/mills\/produkter\/mills-remulade\/gjor-dag-liten-fest\/","title":{"rendered":"Gj\u00f8r hver dag til en liten fest"},"content":{"rendered":"<div class=\"mills-block-featured alignwide alignwide wp-block-mills-block-featured\"><img loading=\"lazy\" decoding=\"async\" width=\"1920\" height=\"930\" style=\"width:100%;height:100%;object-fit:cover\" src=\"https:\/\/mills.no\/content\/uploads\/sites\/2\/2016\/03\/remulade_ekte_1920x930_acf_cropped.jpg\" class=\"wp-block-cover__image-background\" alt=\"Roastbiff med Mills ekte remulade\" srcset=\"https:\/\/mills.no\/content\/uploads\/sites\/2\/2016\/03\/remulade_ekte_1920x930_acf_cropped.jpg 1920w, https:\/\/mills.no\/content\/uploads\/sites\/2\/2016\/03\/remulade_ekte_1920x930_acf_cropped-300x145.jpg 300w, https:\/\/mills.no\/content\/uploads\/sites\/2\/2016\/03\/remulade_ekte_1920x930_acf_cropped-1024x496.jpg 1024w, https:\/\/mills.no\/content\/uploads\/sites\/2\/2016\/03\/remulade_ekte_1920x930_acf_cropped-768x372.jpg 768w, https:\/\/mills.no\/content\/uploads\/sites\/2\/2016\/03\/remulade_ekte_1920x930_acf_cropped-1536x744.jpg 1536w, https:\/\/mills.no\/content\/uploads\/sites\/2\/2016\/03\/remulade_ekte_1920x930_acf_cropped-80x39.jpg 80w\" sizes=\"auto, (max-width: 1920px) 100vw, 1920px\" \/><div class=\"wp-block-cover__inner-container\">\n<h1 class=\"has-text-align-center wp-block-post-title has-text-color has-neutral-1000-color\">Gj\u00f8r hver dag til en liten fest<\/h1>\n\n<p class=\"t2-ingress has-text-align-center align wp-block-t2-ingress\">I en hektisk hverdag kan en liten d\u00e6sj remulade gj\u00f8re middagen litt mer fristende og smakfull.\n<\/p>\n<\/div><\/div>\n\n\n\t\t<div class=\"has-background has-neutral-0-background-color is-style-vertical-spacing is-style-horizontal-spacing alignwide is-section-text wp-block-mills-section has-background has-neutral-0-background-color\">\n\t\t\t<div class=\"wp-block-mills-section__inner aligncenter\">\n\t\t\t\t\n\n<p class=\"has-text-align-left\">Mills remulade ble lansert s\u00e5 tidlig som i 1965. Mills majones og Mills kaviar var da blitt folkekj\u00e6re produkter. Remulade finnes i flere varianter og typer, og brukes ulikt i forskjellige land. I Belgia spiser man ofte remulade til pommes frittes, mens p\u00e5 Island brukes remulade gjerne som topping p\u00e5 p\u00f8lse sammen med ketchup, sennep og r\u00e5 l\u00f8k.<\/p>\n\n\n\n<p class=\"has-text-align-left\">I Norge h\u00f8rer remulade og roastbiff sammen som.. remulade og roasbiff! Og det er noe vi alle er vokst opp med. Mills remulade passer ogs\u00e5 utmerket til panert eller stekt fisk. I en hektisk hverdag kan en liten d\u00e6sj remulade gj\u00f8re middagen litt mer smakfull.<\/p>\n\n\n\n<p class=\"has-text-align-left\">Vil du pr\u00f8ve \u00e5 lage din egen remulade? Se oppskrift lenger ned.<\/p>\n\n\n\t\t\t<\/div>\n\t\t<\/div>\n\n\n<div class=\"wp-block-media-text alignwide is-stacked-on-mobile is-image-fill has-neutral-1000-color has-neutral-0-background-color has-text-color has-background\"><figure class=\"wp-block-media-text__media\" style=\"background-image:url(https:\/\/mills.no\/content\/uploads\/sites\/2\/2022\/01\/mills_remulade_fest-1.jpg);background-position:50% 50%\"><img loading=\"lazy\" decoding=\"async\" width=\"1920\" height=\"1269\" src=\"https:\/\/mills.no\/content\/uploads\/sites\/2\/2022\/01\/mills_remulade_fest-1.jpg\" alt=\"\" class=\"wp-image-910 size-full\" srcset=\"https:\/\/mills.no\/content\/uploads\/sites\/2\/2022\/01\/mills_remulade_fest-1.jpg 1920w, https:\/\/mills.no\/content\/uploads\/sites\/2\/2022\/01\/mills_remulade_fest-1-300x198.jpg 300w, https:\/\/mills.no\/content\/uploads\/sites\/2\/2022\/01\/mills_remulade_fest-1-1024x677.jpg 1024w, https:\/\/mills.no\/content\/uploads\/sites\/2\/2022\/01\/mills_remulade_fest-1-768x508.jpg 768w, https:\/\/mills.no\/content\/uploads\/sites\/2\/2022\/01\/mills_remulade_fest-1-1536x1015.jpg 1536w, https:\/\/mills.no\/content\/uploads\/sites\/2\/2022\/01\/mills_remulade_fest-1-80x53.jpg 80w\" sizes=\"auto, (max-width: 1920px) 100vw, 1920px\" \/><\/figure><div class=\"wp-block-media-text__content\">\n<h2 class=\"wp-block-heading\" id=\"h-hjemmelaget-remulade\">Hjemmelaget remulade<\/h2>\n\n\n\n<div class=\"wp-block-group is-layout-flow wp-block-group-is-layout-flow\">\n<p class=\"has-text-align-left\">Dette er oppskrift p\u00e5 ekte remulade slik den ble servert p\u00e5 50-tallet. En saus som passer like godt til kj\u00f8tt som til fisk. Spesielt god til stekt fisk og roastbiff.<\/p>\n\n\n\n<p class=\"has-text-align-left\"><strong>4-6 porsjoner<\/strong><br> 1 pose Mills majones<br> 1 \u00bd dl kremfl\u00f8te, pisket<br> 4 ss sylteagurk, finhakket<br> 3 ss persille, finhakket<br> 3 ss kapers<br> 1 ss sitronsaft eller<br> 2 ss agurklake<\/p>\n\n\n\n<p class=\"has-text-align-left\"><strong>Slik gj\u00f8r du:<\/strong><br> Visp kremen stiv og bland den med majonesen sammen med de \u00f8vrige ingrediensene. La sausen st\u00e5 litt f\u00f8r den smakes til og serveres.<\/p>\n<\/div>\n<\/div><\/div>\n","protected":false},"excerpt":{"rendered":"<p>I en hektisk hverdag kan en liten d\u00e6sj remulade gj\u00f8re middagen litt mer fristende og smakfull.<\/p>\n","protected":false},"author":2,"featured_media":652,"parent":653,"menu_order":0,"comment_status":"closed","ping_status":"closed","template":"","meta":{"_searchwp_excluded":"","hide_post_title":false,"footnotes":""},"class_list":["post-651","page","type-page","status-publish","has-post-thumbnail","hentry"],"yoast_head":"<!-- This site is optimized with the Yoast SEO Premium plugin v26.9 (Yoast SEO v26.9) - https:\/\/yoast.com\/product\/yoast-seo-premium-wordpress\/ -->\n<title>Gj\u00f8r hver dag til en liten fest - Mills<\/title>\n<meta name=\"robots\" content=\"index, follow, max-snippet:-1, max-image-preview:large, max-video-preview:-1\" \/>\n<link rel=\"canonical\" href=\"https:\/\/mills.no\/mills\/produkter\/mills-remulade\/gjor-dag-liten-fest\/\" \/>\n<meta property=\"og:locale\" content=\"nb_NO\" \/>\n<meta property=\"og:type\" content=\"article\" \/>\n<meta property=\"og:title\" content=\"Gj\u00f8r hver dag til en liten fest\" \/>\n<meta property=\"og:description\" content=\"I en hektisk hverdag kan en liten d\u00e6sj remulade gj\u00f8re middagen litt mer fristende og smakfull.\" \/>\n<meta property=\"og:url\" content=\"https:\/\/mills.no\/mills\/produkter\/mills-remulade\/gjor-dag-liten-fest\/\" \/>\n<meta property=\"og:site_name\" content=\"Mills\" \/>\n<meta property=\"article:modified_time\" content=\"2024-02-07T08:15:32+00:00\" \/>\n<meta property=\"og:image\" content=\"https:\/\/mills.no\/content\/uploads\/sites\/2\/2016\/03\/remulade_ekte_1920x930_acf_cropped.jpg\" \/>\n\t<meta property=\"og:image:width\" content=\"1920\" \/>\n\t<meta property=\"og:image:height\" content=\"930\" \/>\n\t<meta property=\"og:image:type\" content=\"image\/jpeg\" \/>\n<meta name=\"twitter:card\" content=\"summary_large_image\" \/>\n<meta name=\"twitter:label1\" content=\"Ansl. lesetid\" \/>\n\t<meta name=\"twitter:data1\" content=\"2 minutter\" \/>\n<script type=\"application\/ld+json\" class=\"yoast-schema-graph\">{\"@context\":\"https:\/\/schema.org\",\"@graph\":[{\"@type\":\"WebPage\",\"@id\":\"https:\/\/mills.no\/mills\/produkter\/mills-remulade\/gjor-dag-liten-fest\/\",\"url\":\"https:\/\/mills.no\/mills\/produkter\/mills-remulade\/gjor-dag-liten-fest\/\",\"name\":\"Gj\u00f8r hver dag til en liten fest - Mills\",\"isPartOf\":{\"@id\":\"https:\/\/mills.no\/mills\/#website\"},\"primaryImageOfPage\":{\"@id\":\"https:\/\/mills.no\/mills\/produkter\/mills-remulade\/gjor-dag-liten-fest\/#primaryimage\"},\"image\":{\"@id\":\"https:\/\/mills.no\/mills\/produkter\/mills-remulade\/gjor-dag-liten-fest\/#primaryimage\"},\"thumbnailUrl\":\"https:\/\/mills.no\/content\/uploads\/sites\/2\/2016\/03\/remulade_ekte_1920x930_acf_cropped.jpg\",\"datePublished\":\"2016-03-12T12:02:44+00:00\",\"dateModified\":\"2024-02-07T08:15:32+00:00\",\"breadcrumb\":{\"@id\":\"https:\/\/mills.no\/mills\/produkter\/mills-remulade\/gjor-dag-liten-fest\/#breadcrumb\"},\"inLanguage\":\"nb-NO\",\"potentialAction\":[{\"@type\":\"ReadAction\",\"target\":[\"https:\/\/mills.no\/mills\/produkter\/mills-remulade\/gjor-dag-liten-fest\/\"]}]},{\"@type\":\"ImageObject\",\"inLanguage\":\"nb-NO\",\"@id\":\"https:\/\/mills.no\/mills\/produkter\/mills-remulade\/gjor-dag-liten-fest\/#primaryimage\",\"url\":\"https:\/\/mills.no\/content\/uploads\/sites\/2\/2016\/03\/remulade_ekte_1920x930_acf_cropped.jpg\",\"contentUrl\":\"https:\/\/mills.no\/content\/uploads\/sites\/2\/2016\/03\/remulade_ekte_1920x930_acf_cropped.jpg\",\"width\":1920,\"height\":930,\"caption\":\"Roastbiff med Mills ekte remulade\"},{\"@type\":\"BreadcrumbList\",\"@id\":\"https:\/\/mills.no\/mills\/produkter\/mills-remulade\/gjor-dag-liten-fest\/#breadcrumb\",\"itemListElement\":[{\"@type\":\"ListItem\",\"position\":1,\"name\":\"Home\",\"item\":\"https:\/\/mills.no\/mills\/\"},{\"@type\":\"ListItem\",\"position\":2,\"name\":\"Produkter\",\"item\":\"https:\/\/mills.no\/mills\/produkter\/\"},{\"@type\":\"ListItem\",\"position\":3,\"name\":\"Mills Remulade\",\"item\":\"https:\/\/mills.no\/mills\/produkter\/mills-remulade\/\"},{\"@type\":\"ListItem\",\"position\":4,\"name\":\"Gj\u00f8r hver dag til en liten fest\"}]},{\"@type\":\"WebSite\",\"@id\":\"https:\/\/mills.no\/mills\/#website\",\"url\":\"https:\/\/mills.no\/mills\/\",\"name\":\"Mills\",\"description\":\"Smaken p\u00e5 det gode liv siden 1951\",\"publisher\":{\"@id\":\"https:\/\/mills.no\/mills\/#organization\"},\"potentialAction\":[{\"@type\":\"SearchAction\",\"target\":{\"@type\":\"EntryPoint\",\"urlTemplate\":\"https:\/\/mills.no\/mills\/?s={search_term_string}\"},\"query-input\":{\"@type\":\"PropertyValueSpecification\",\"valueRequired\":true,\"valueName\":\"search_term_string\"}}],\"inLanguage\":\"nb-NO\"},{\"@type\":\"Organization\",\"@id\":\"https:\/\/mills.no\/mills\/#organization\",\"name\":\"Mills\",\"url\":\"https:\/\/mills.no\/mills\/\",\"logo\":{\"@type\":\"ImageObject\",\"inLanguage\":\"nb-NO\",\"@id\":\"https:\/\/mills.no\/mills\/#\/schema\/logo\/image\/\",\"url\":\"https:\/\/mills.no\/content\/uploads\/sites\/2\/2022\/06\/Mills-logo-farger.svg\",\"contentUrl\":\"https:\/\/mills.no\/content\/uploads\/sites\/2\/2022\/06\/Mills-logo-farger.svg\",\"caption\":\"Mills\"},\"image\":{\"@id\":\"https:\/\/mills.no\/mills\/#\/schema\/logo\/image\/\"}}]}<\/script>\n<!-- \/ Yoast SEO Premium plugin. -->","yoast_head_json":{"title":"Gj\u00f8r hver dag til en liten fest - Mills","robots":{"index":"index","follow":"follow","max-snippet":"max-snippet:-1","max-image-preview":"max-image-preview:large","max-video-preview":"max-video-preview:-1"},"canonical":"https:\/\/mills.no\/mills\/produkter\/mills-remulade\/gjor-dag-liten-fest\/","og_locale":"nb_NO","og_type":"article","og_title":"Gj\u00f8r hver dag til en liten fest","og_description":"I en hektisk hverdag kan en liten d\u00e6sj remulade gj\u00f8re middagen litt mer fristende og smakfull.","og_url":"https:\/\/mills.no\/mills\/produkter\/mills-remulade\/gjor-dag-liten-fest\/","og_site_name":"Mills","article_modified_time":"2024-02-07T08:15:32+00:00","og_image":[{"width":1920,"height":930,"url":"https:\/\/mills.no\/content\/uploads\/sites\/2\/2016\/03\/remulade_ekte_1920x930_acf_cropped.jpg","type":"image\/jpeg"}],"twitter_card":"summary_large_image","twitter_misc":{"Ansl. lesetid":"2 minutter"},"schema":{"@context":"https:\/\/schema.org","@graph":[{"@type":"WebPage","@id":"https:\/\/mills.no\/mills\/produkter\/mills-remulade\/gjor-dag-liten-fest\/","url":"https:\/\/mills.no\/mills\/produkter\/mills-remulade\/gjor-dag-liten-fest\/","name":"Gj\u00f8r hver dag til en liten fest - Mills","isPartOf":{"@id":"https:\/\/mills.no\/mills\/#website"},"primaryImageOfPage":{"@id":"https:\/\/mills.no\/mills\/produkter\/mills-remulade\/gjor-dag-liten-fest\/#primaryimage"},"image":{"@id":"https:\/\/mills.no\/mills\/produkter\/mills-remulade\/gjor-dag-liten-fest\/#primaryimage"},"thumbnailUrl":"https:\/\/mills.no\/content\/uploads\/sites\/2\/2016\/03\/remulade_ekte_1920x930_acf_cropped.jpg","datePublished":"2016-03-12T12:02:44+00:00","dateModified":"2024-02-07T08:15:32+00:00","breadcrumb":{"@id":"https:\/\/mills.no\/mills\/produkter\/mills-remulade\/gjor-dag-liten-fest\/#breadcrumb"},"inLanguage":"nb-NO","potentialAction":[{"@type":"ReadAction","target":["https:\/\/mills.no\/mills\/produkter\/mills-remulade\/gjor-dag-liten-fest\/"]}]},{"@type":"ImageObject","inLanguage":"nb-NO","@id":"https:\/\/mills.no\/mills\/produkter\/mills-remulade\/gjor-dag-liten-fest\/#primaryimage","url":"https:\/\/mills.no\/content\/uploads\/sites\/2\/2016\/03\/remulade_ekte_1920x930_acf_cropped.jpg","contentUrl":"https:\/\/mills.no\/content\/uploads\/sites\/2\/2016\/03\/remulade_ekte_1920x930_acf_cropped.jpg","width":1920,"height":930,"caption":"Roastbiff med Mills ekte remulade"},{"@type":"BreadcrumbList","@id":"https:\/\/mills.no\/mills\/produkter\/mills-remulade\/gjor-dag-liten-fest\/#breadcrumb","itemListElement":[{"@type":"ListItem","position":1,"name":"Home","item":"https:\/\/mills.no\/mills\/"},{"@type":"ListItem","position":2,"name":"Produkter","item":"https:\/\/mills.no\/mills\/produkter\/"},{"@type":"ListItem","position":3,"name":"Mills Remulade","item":"https:\/\/mills.no\/mills\/produkter\/mills-remulade\/"},{"@type":"ListItem","position":4,"name":"Gj\u00f8r hver dag til en liten fest"}]},{"@type":"WebSite","@id":"https:\/\/mills.no\/mills\/#website","url":"https:\/\/mills.no\/mills\/","name":"Mills","description":"Smaken p\u00e5 det gode liv siden 1951","publisher":{"@id":"https:\/\/mills.no\/mills\/#organization"},"potentialAction":[{"@type":"SearchAction","target":{"@type":"EntryPoint","urlTemplate":"https:\/\/mills.no\/mills\/?s={search_term_string}"},"query-input":{"@type":"PropertyValueSpecification","valueRequired":true,"valueName":"search_term_string"}}],"inLanguage":"nb-NO"},{"@type":"Organization","@id":"https:\/\/mills.no\/mills\/#organization","name":"Mills","url":"https:\/\/mills.no\/mills\/","logo":{"@type":"ImageObject","inLanguage":"nb-NO","@id":"https:\/\/mills.no\/mills\/#\/schema\/logo\/image\/","url":"https:\/\/mills.no\/content\/uploads\/sites\/2\/2022\/06\/Mills-logo-farger.svg","contentUrl":"https:\/\/mills.no\/content\/uploads\/sites\/2\/2022\/06\/Mills-logo-farger.svg","caption":"Mills"},"image":{"@id":"https:\/\/mills.no\/mills\/#\/schema\/logo\/image\/"}}]}},"_links":{"self":[{"href":"https:\/\/mills.no\/mills\/wp-json\/wp\/v2\/pages\/651","targetHints":{"allow":["GET"]}}],"collection":[{"href":"https:\/\/mills.no\/mills\/wp-json\/wp\/v2\/pages"}],"about":[{"href":"https:\/\/mills.no\/mills\/wp-json\/wp\/v2\/types\/page"}],"author":[{"embeddable":true,"href":"https:\/\/mills.no\/mills\/wp-json\/wp\/v2\/users\/2"}],"replies":[{"embeddable":true,"href":"https:\/\/mills.no\/mills\/wp-json\/wp\/v2\/comments?post=651"}],"version-history":[{"count":10,"href":"https:\/\/mills.no\/mills\/wp-json\/wp\/v2\/pages\/651\/revisions"}],"predecessor-version":[{"id":1884,"href":"https:\/\/mills.no\/mills\/wp-json\/wp\/v2\/pages\/651\/revisions\/1884"}],"up":[{"embeddable":true,"href":"https:\/\/mills.no\/mills\/wp-json\/wp\/v2\/pages\/653"}],"wp:featuredmedia":[{"embeddable":true,"href":"https:\/\/mills.no\/mills\/wp-json\/wp\/v2\/media\/652"}],"wp:attachment":[{"href":"https:\/\/mills.no\/mills\/wp-json\/wp\/v2\/media?parent=651"}],"curies":[{"name":"wp","href":"https:\/\/api.w.org\/{rel}","templated":true}]}}