{"id":660,"date":"2016-03-11T16:25:28","date_gmt":"2016-03-11T15:25:28","guid":{"rendered":"https:\/\/mills.no\/mills\/peanut-butter\/"},"modified":"2025-02-07T14:51:03","modified_gmt":"2025-02-07T13:51:03","slug":"peanut-butter","status":"publish","type":"page","link":"https:\/\/mills.no\/mills\/produkter\/peanut-butter\/","title":{"rendered":"Peanut Butter"},"content":{"rendered":"<div class=\"mills-block-featured alignwide alignwide wp-block-mills-block-featured\"><img loading=\"lazy\" decoding=\"async\" width=\"1920\" height=\"1281\" style=\"width:100%;height:100%;object-fit:cover\" src=\"https:\/\/mills.no\/content\/uploads\/sites\/2\/2022\/09\/Mills_Peanut_Butter.jpg\" class=\"wp-block-cover__image-background\" alt=\"Glass med Mills Peanut Butter og skiver med Mills Peanut Butter\" srcset=\"https:\/\/mills.no\/content\/uploads\/sites\/2\/2022\/09\/Mills_Peanut_Butter.jpg 1920w, https:\/\/mills.no\/content\/uploads\/sites\/2\/2022\/09\/Mills_Peanut_Butter-300x200.jpg 300w, https:\/\/mills.no\/content\/uploads\/sites\/2\/2022\/09\/Mills_Peanut_Butter-1024x683.jpg 1024w, https:\/\/mills.no\/content\/uploads\/sites\/2\/2022\/09\/Mills_Peanut_Butter-768x512.jpg 768w, https:\/\/mills.no\/content\/uploads\/sites\/2\/2022\/09\/Mills_Peanut_Butter-1536x1025.jpg 1536w, https:\/\/mills.no\/content\/uploads\/sites\/2\/2022\/09\/Mills_Peanut_Butter-80x53.jpg 80w\" sizes=\"auto, (max-width: 1920px) 100vw, 1920px\" \/><div class=\"wp-block-cover__inner-container\">\n<h1 class=\"has-text-align-center wp-block-post-title has-text-color has-neutral-1000-color\">Peanut Butter<\/h1>\n\n<p class=\"t2-ingress has-text-align-center align wp-block-t2-ingress\">Mills Peanut Butter er et naturlig kosep\u00e5legg, rikt p\u00e5 n\u00f8tter som smaker godt og gir energi. Mange bruker peanut butter direkte p\u00e5 br\u00f8dskiven som p\u00e5legg, men det har ogs\u00e5 mange andre bruksomr\u00e5dene i matlaging. Vi foresl\u00e5r pean\u00f8ttkake \u2013 eller hva med cup cakes, cookies og smoothies? Mulighetene er uendelige!\n<\/p>\n<\/div><\/div>\n\n\n\t\t<div class=\"has-background has-neutral-50-background-color is-style-vertical-spacing is-style-horizontal-spacing alignwide wp-block-mills-section has-background has-neutral-50-background-color\">\n\t\t\t<div class=\"wp-block-mills-section__inner alignwide\">\n\t\t\t\t\n<div class=\"t2-featured-content-layout alignwide alignwide wp-block-t2-featured-content-layout\" role=\"list\">\n<div class=\"t2-featured-single-post t2-featured-content is-post-type-product brand-mills allergen-notter-spor allergen-peanotter product_category-palegg wp-block-t2-featured-single-post\" role=\"listitem\"><a class=\"t2-post-link wp-block-t2-post-link\" href=\"https:\/\/mills.no\/mills\/produkt\/peanutbutter\/\">\n<figure style=\"--t2-focal-point: 50% 50%;\" class=\"t2-post-featured-image has-image-ratio-16-9 wp-block-t2-post-featured-image\"><img loading=\"lazy\" decoding=\"async\" width=\"379\" height=\"536\" src=\"https:\/\/mills.no\/content\/uploads\/2022\/05\/Mills_Peanut_Butter.png\" class=\"attachment-medium-large size-medium-large wp-post-image\" alt=\"Mills Peanut Butter\" srcset=\"https:\/\/mills.no\/content\/uploads\/2022\/05\/Mills_Peanut_Butter.png 379w, https:\/\/mills.no\/content\/uploads\/2022\/05\/Mills_Peanut_Butter-212x300.png 212w, https:\/\/mills.no\/content\/uploads\/2022\/05\/Mills_Peanut_Butter-57x80.png 57w\" sizes=\"auto, (max-width: 379px) 100vw, 379px\" \/><\/figure>\n\n<div class=\"wp-block-group alignfull is-layout-flow wp-block-group-is-layout-flow\">\n\t\n\t\t<div class=\"tax-product_label wp-block-mills-post-terms\">\n\t\t\t\n\t\t<\/div>\n\t<h2 class=\"t2-post-title wp-block-t2-post-title\">Mills Peanut Butter<\/h2>\n\t<div class=\"t2-post-excerpt wp-block-t2-post-excerpt\"><p>Mills Peanut Butter er et naturlig kosep\u00e5legg, rikt p\u00e5 n\u00f8tter som smaker godt og gir energi.<\/p><\/div>\n<\/div>\n\n<\/a>\n<\/div>\n\n<div class=\"t2-featured-single-post t2-featured-content is-post-type-product brand-mills allergen-notter-spor allergen-peanotter product_category-palegg wp-block-t2-featured-single-post\" role=\"listitem\"><a class=\"t2-post-link wp-block-t2-post-link\" href=\"https:\/\/mills.no\/mills\/produkt\/peanut-butter-creamy\/\">\n<figure style=\"--t2-focal-point: 50% 50%;\" class=\"t2-post-featured-image has-image-ratio-16-9 wp-block-t2-post-featured-image\"><img loading=\"lazy\" decoding=\"async\" width=\"400\" height=\"600\" src=\"https:\/\/mills.no\/content\/uploads\/2025\/02\/7036110211763_A1N1_600px.png\" class=\"attachment-medium-large size-medium-large wp-post-image\" alt=\"Mills Peanut Butter Creamy\" srcset=\"https:\/\/mills.no\/content\/uploads\/2025\/02\/7036110211763_A1N1_600px.png 400w, https:\/\/mills.no\/content\/uploads\/2025\/02\/7036110211763_A1N1_600px-200x300.png 200w, https:\/\/mills.no\/content\/uploads\/2025\/02\/7036110211763_A1N1_600px-53x80.png 53w\" sizes=\"auto, (max-width: 400px) 100vw, 400px\" \/><\/figure>\n\n<div class=\"wp-block-group alignfull is-layout-flow wp-block-group-is-layout-flow\">\n\t\n\t\t<div class=\"tax-product_label wp-block-mills-post-terms\">\n\t\t\t\n\t\t<\/div>\n\t<h2 class=\"t2-post-title wp-block-t2-post-title\">Mills Peanut Butter Creamy<\/h2>\n\t\n<\/div>\n\n<\/a>\n<\/div>\n\n<div class=\"t2-featured-single-post t2-featured-content is-post-type-product brand-mills allergen-notter-spor allergen-peanotter product_category-palegg wp-block-t2-featured-single-post\" role=\"listitem\"><a class=\"t2-post-link wp-block-t2-post-link\" href=\"https:\/\/mills.no\/mills\/produkt\/peanut-butter-sott-salt\/\">\n<figure style=\"--t2-focal-point: 50% 50%;\" class=\"t2-post-featured-image has-image-ratio-16-9 wp-block-t2-post-featured-image\"><img loading=\"lazy\" decoding=\"async\" width=\"400\" height=\"600\" src=\"https:\/\/mills.no\/content\/uploads\/2025\/02\/7036110212340_A1N1_600px.png\" class=\"attachment-medium-large size-medium-large wp-post-image\" alt=\"Mills Peanut Butter S\u00f8tt og Salt\" srcset=\"https:\/\/mills.no\/content\/uploads\/2025\/02\/7036110212340_A1N1_600px.png 400w, https:\/\/mills.no\/content\/uploads\/2025\/02\/7036110212340_A1N1_600px-200x300.png 200w, https:\/\/mills.no\/content\/uploads\/2025\/02\/7036110212340_A1N1_600px-53x80.png 53w\" sizes=\"auto, (max-width: 400px) 100vw, 400px\" \/><\/figure>\n\n<div class=\"wp-block-group alignfull is-layout-flow wp-block-group-is-layout-flow\">\n\t\n\t\t<div class=\"tax-product_label wp-block-mills-post-terms\">\n\t\t\t\n\t\t<\/div>\n\t<h2 class=\"t2-post-title wp-block-t2-post-title\">Mills Peanut Butter S\u00f8tt og salt<\/h2>\n\t\n<\/div>\n\n<\/a>\n<\/div>\n<\/div>\n\n\t\t\t<\/div>\n\t\t<\/div>\n\n\n<div class=\"wp-block-media-text alignwide is-stacked-on-mobile is-image-fill has-neutral-1000-color has-neutral-0-background-color has-text-color has-background\"><figure class=\"wp-block-media-text__media\" style=\"background-image:url(https:\/\/mills.no\/content\/uploads\/sites\/2\/2022\/01\/Sjokoladefondant-med-peanC3B8ttsmC3B8r.jpg);background-position:50% 50%\"><img loading=\"lazy\" decoding=\"async\" width=\"1920\" height=\"1200\" src=\"https:\/\/mills.no\/content\/uploads\/sites\/2\/2022\/01\/Sjokoladefondant-med-peanC3B8ttsmC3B8r.jpg\" alt=\"\" class=\"wp-image-917 size-full\" srcset=\"https:\/\/mills.no\/content\/uploads\/sites\/2\/2022\/01\/Sjokoladefondant-med-peanC3B8ttsmC3B8r.jpg 1920w, https:\/\/mills.no\/content\/uploads\/sites\/2\/2022\/01\/Sjokoladefondant-med-peanC3B8ttsmC3B8r-300x188.jpg 300w, https:\/\/mills.no\/content\/uploads\/sites\/2\/2022\/01\/Sjokoladefondant-med-peanC3B8ttsmC3B8r-1024x640.jpg 1024w, https:\/\/mills.no\/content\/uploads\/sites\/2\/2022\/01\/Sjokoladefondant-med-peanC3B8ttsmC3B8r-768x480.jpg 768w, https:\/\/mills.no\/content\/uploads\/sites\/2\/2022\/01\/Sjokoladefondant-med-peanC3B8ttsmC3B8r-1536x960.jpg 1536w, https:\/\/mills.no\/content\/uploads\/sites\/2\/2022\/01\/Sjokoladefondant-med-peanC3B8ttsmC3B8r-80x50.jpg 80w\" sizes=\"auto, (max-width: 1920px) 100vw, 1920px\" \/><\/figure><div class=\"wp-block-media-text__content\">\n<h2 class=\"wp-block-heading\" id=\"h-7-grunner-til-a-elske-peanottsmor\">7 grunner til \u00e5 elske pean\u00f8ttsm\u00f8r<\/h2>\n\n\n\n<div class=\"wp-block-group is-layout-flow wp-block-group-is-layout-flow\">\n<p class=\"has-text-align-left\">Smaken i seg selv er jo god nok grunn til \u00e5 elske pean\u00f8ttsm\u00f8r, men vi gir deg likevel 7 andre grunner.<\/p>\n\n\n\n<div class=\"wp-block-button\"><a class=\"wp-block-button__link wp-element-button\" href=\"https:\/\/mills.no\/mills\/?post_type=post&amp;p=546\">Les mer her<\/a><\/div>\n<\/div>\n<\/div><\/div>\n","protected":false},"excerpt":{"rendered":"<p>Mills Peanut Butter er et naturlig kosep\u00e5legg, rikt p\u00e5 n\u00f8tter som smaker godt og gir energi. Mange bruker peanut butter&hellip;<\/p>\n","protected":false},"author":2,"featured_media":1653,"parent":680,"menu_order":6,"comment_status":"closed","ping_status":"closed","template":"","meta":{"_searchwp_excluded":"","hide_post_title":false,"footnotes":""},"class_list":["post-660","page","type-page","status-publish","has-post-thumbnail","hentry"],"yoast_head":"<!-- This site is optimized with the Yoast SEO Premium plugin v26.9 (Yoast SEO v26.9) - https:\/\/yoast.com\/product\/yoast-seo-premium-wordpress\/ -->\n<title>Mills Peanut Butter<\/title>\n<meta name=\"description\" content=\"Mills Peanut Butter er et pean\u00f8ttsm\u00f8r med 89 % pean\u00f8tter. Det smaker godt og gir energi, og kan brukes p\u00e5 b\u00e5de br\u00f8dskiven og i matlaging.\" \/>\n<meta name=\"robots\" content=\"index, follow, max-snippet:-1, max-image-preview:large, max-video-preview:-1\" \/>\n<link rel=\"canonical\" href=\"https:\/\/mills.no\/mills\/produkter\/peanut-butter\/\" \/>\n<meta property=\"og:locale\" content=\"nb_NO\" \/>\n<meta property=\"og:type\" content=\"article\" \/>\n<meta property=\"og:title\" content=\"Peanut Butter\" \/>\n<meta property=\"og:description\" content=\"Mills Peanut Butter er et pean\u00f8ttsm\u00f8r med 89 % pean\u00f8tter. Det smaker godt og gir energi, og kan brukes p\u00e5 b\u00e5de br\u00f8dskiven og i matlaging.\" \/>\n<meta property=\"og:url\" content=\"https:\/\/mills.no\/mills\/produkter\/peanut-butter\/\" \/>\n<meta property=\"og:site_name\" content=\"Mills\" \/>\n<meta property=\"article:modified_time\" content=\"2025-02-07T13:51:03+00:00\" \/>\n<meta property=\"og:image\" content=\"https:\/\/mills.no\/content\/uploads\/sites\/2\/2022\/09\/Mills_Peanut_Butter.jpg\" \/>\n\t<meta property=\"og:image:width\" content=\"1920\" \/>\n\t<meta property=\"og:image:height\" content=\"1281\" \/>\n\t<meta property=\"og:image:type\" content=\"image\/jpeg\" \/>\n<meta name=\"twitter:card\" content=\"summary_large_image\" \/>\n<meta name=\"twitter:label1\" content=\"Ansl. lesetid\" \/>\n\t<meta name=\"twitter:data1\" content=\"1 minutt\" \/>\n<script type=\"application\/ld+json\" class=\"yoast-schema-graph\">{\"@context\":\"https:\/\/schema.org\",\"@graph\":[{\"@type\":\"WebPage\",\"@id\":\"https:\/\/mills.no\/mills\/produkter\/peanut-butter\/\",\"url\":\"https:\/\/mills.no\/mills\/produkter\/peanut-butter\/\",\"name\":\"Mills Peanut Butter\",\"isPartOf\":{\"@id\":\"https:\/\/mills.no\/mills\/#website\"},\"primaryImageOfPage\":{\"@id\":\"https:\/\/mills.no\/mills\/produkter\/peanut-butter\/#primaryimage\"},\"image\":{\"@id\":\"https:\/\/mills.no\/mills\/produkter\/peanut-butter\/#primaryimage\"},\"thumbnailUrl\":\"https:\/\/mills.no\/content\/uploads\/sites\/2\/2022\/09\/Mills_Peanut_Butter.jpg\",\"datePublished\":\"2016-03-11T15:25:28+00:00\",\"dateModified\":\"2025-02-07T13:51:03+00:00\",\"description\":\"Mills Peanut Butter er et pean\u00f8ttsm\u00f8r med 89 % pean\u00f8tter. Det smaker godt og gir energi, og kan brukes p\u00e5 b\u00e5de br\u00f8dskiven og i matlaging.\",\"breadcrumb\":{\"@id\":\"https:\/\/mills.no\/mills\/produkter\/peanut-butter\/#breadcrumb\"},\"inLanguage\":\"nb-NO\",\"potentialAction\":[{\"@type\":\"ReadAction\",\"target\":[\"https:\/\/mills.no\/mills\/produkter\/peanut-butter\/\"]}]},{\"@type\":\"ImageObject\",\"inLanguage\":\"nb-NO\",\"@id\":\"https:\/\/mills.no\/mills\/produkter\/peanut-butter\/#primaryimage\",\"url\":\"https:\/\/mills.no\/content\/uploads\/sites\/2\/2022\/09\/Mills_Peanut_Butter.jpg\",\"contentUrl\":\"https:\/\/mills.no\/content\/uploads\/sites\/2\/2022\/09\/Mills_Peanut_Butter.jpg\",\"width\":1920,\"height\":1281,\"caption\":\"Glass med Mills Peanut Butter og skiver med Mills Peanut Butter\"},{\"@type\":\"BreadcrumbList\",\"@id\":\"https:\/\/mills.no\/mills\/produkter\/peanut-butter\/#breadcrumb\",\"itemListElement\":[{\"@type\":\"ListItem\",\"position\":1,\"name\":\"Home\",\"item\":\"https:\/\/mills.no\/mills\/\"},{\"@type\":\"ListItem\",\"position\":2,\"name\":\"Produkter\",\"item\":\"https:\/\/mills.no\/mills\/produkter\/\"},{\"@type\":\"ListItem\",\"position\":3,\"name\":\"Peanut Butter\"}]},{\"@type\":\"WebSite\",\"@id\":\"https:\/\/mills.no\/mills\/#website\",\"url\":\"https:\/\/mills.no\/mills\/\",\"name\":\"Mills\",\"description\":\"Smaken p\u00e5 det gode liv siden 1951\",\"publisher\":{\"@id\":\"https:\/\/mills.no\/mills\/#organization\"},\"potentialAction\":[{\"@type\":\"SearchAction\",\"target\":{\"@type\":\"EntryPoint\",\"urlTemplate\":\"https:\/\/mills.no\/mills\/?s={search_term_string}\"},\"query-input\":{\"@type\":\"PropertyValueSpecification\",\"valueRequired\":true,\"valueName\":\"search_term_string\"}}],\"inLanguage\":\"nb-NO\"},{\"@type\":\"Organization\",\"@id\":\"https:\/\/mills.no\/mills\/#organization\",\"name\":\"Mills\",\"url\":\"https:\/\/mills.no\/mills\/\",\"logo\":{\"@type\":\"ImageObject\",\"inLanguage\":\"nb-NO\",\"@id\":\"https:\/\/mills.no\/mills\/#\/schema\/logo\/image\/\",\"url\":\"https:\/\/mills.no\/content\/uploads\/sites\/2\/2022\/06\/Mills-logo-farger.svg\",\"contentUrl\":\"https:\/\/mills.no\/content\/uploads\/sites\/2\/2022\/06\/Mills-logo-farger.svg\",\"caption\":\"Mills\"},\"image\":{\"@id\":\"https:\/\/mills.no\/mills\/#\/schema\/logo\/image\/\"}}]}<\/script>\n<!-- \/ Yoast SEO Premium plugin. -->","yoast_head_json":{"title":"Mills Peanut Butter","description":"Mills Peanut Butter er et pean\u00f8ttsm\u00f8r med 89 % pean\u00f8tter. Det smaker godt og gir energi, og kan brukes p\u00e5 b\u00e5de br\u00f8dskiven og i matlaging.","robots":{"index":"index","follow":"follow","max-snippet":"max-snippet:-1","max-image-preview":"max-image-preview:large","max-video-preview":"max-video-preview:-1"},"canonical":"https:\/\/mills.no\/mills\/produkter\/peanut-butter\/","og_locale":"nb_NO","og_type":"article","og_title":"Peanut Butter","og_description":"Mills Peanut Butter er et pean\u00f8ttsm\u00f8r med 89 % pean\u00f8tter. Det smaker godt og gir energi, og kan brukes p\u00e5 b\u00e5de br\u00f8dskiven og i matlaging.","og_url":"https:\/\/mills.no\/mills\/produkter\/peanut-butter\/","og_site_name":"Mills","article_modified_time":"2025-02-07T13:51:03+00:00","og_image":[{"width":1920,"height":1281,"url":"https:\/\/mills.no\/content\/uploads\/sites\/2\/2022\/09\/Mills_Peanut_Butter.jpg","type":"image\/jpeg"}],"twitter_card":"summary_large_image","twitter_misc":{"Ansl. lesetid":"1 minutt"},"schema":{"@context":"https:\/\/schema.org","@graph":[{"@type":"WebPage","@id":"https:\/\/mills.no\/mills\/produkter\/peanut-butter\/","url":"https:\/\/mills.no\/mills\/produkter\/peanut-butter\/","name":"Mills Peanut Butter","isPartOf":{"@id":"https:\/\/mills.no\/mills\/#website"},"primaryImageOfPage":{"@id":"https:\/\/mills.no\/mills\/produkter\/peanut-butter\/#primaryimage"},"image":{"@id":"https:\/\/mills.no\/mills\/produkter\/peanut-butter\/#primaryimage"},"thumbnailUrl":"https:\/\/mills.no\/content\/uploads\/sites\/2\/2022\/09\/Mills_Peanut_Butter.jpg","datePublished":"2016-03-11T15:25:28+00:00","dateModified":"2025-02-07T13:51:03+00:00","description":"Mills Peanut Butter er et pean\u00f8ttsm\u00f8r med 89 % pean\u00f8tter. Det smaker godt og gir energi, og kan brukes p\u00e5 b\u00e5de br\u00f8dskiven og i matlaging.","breadcrumb":{"@id":"https:\/\/mills.no\/mills\/produkter\/peanut-butter\/#breadcrumb"},"inLanguage":"nb-NO","potentialAction":[{"@type":"ReadAction","target":["https:\/\/mills.no\/mills\/produkter\/peanut-butter\/"]}]},{"@type":"ImageObject","inLanguage":"nb-NO","@id":"https:\/\/mills.no\/mills\/produkter\/peanut-butter\/#primaryimage","url":"https:\/\/mills.no\/content\/uploads\/sites\/2\/2022\/09\/Mills_Peanut_Butter.jpg","contentUrl":"https:\/\/mills.no\/content\/uploads\/sites\/2\/2022\/09\/Mills_Peanut_Butter.jpg","width":1920,"height":1281,"caption":"Glass med Mills Peanut Butter og skiver med Mills Peanut Butter"},{"@type":"BreadcrumbList","@id":"https:\/\/mills.no\/mills\/produkter\/peanut-butter\/#breadcrumb","itemListElement":[{"@type":"ListItem","position":1,"name":"Home","item":"https:\/\/mills.no\/mills\/"},{"@type":"ListItem","position":2,"name":"Produkter","item":"https:\/\/mills.no\/mills\/produkter\/"},{"@type":"ListItem","position":3,"name":"Peanut Butter"}]},{"@type":"WebSite","@id":"https:\/\/mills.no\/mills\/#website","url":"https:\/\/mills.no\/mills\/","name":"Mills","description":"Smaken p\u00e5 det gode liv siden 1951","publisher":{"@id":"https:\/\/mills.no\/mills\/#organization"},"potentialAction":[{"@type":"SearchAction","target":{"@type":"EntryPoint","urlTemplate":"https:\/\/mills.no\/mills\/?s={search_term_string}"},"query-input":{"@type":"PropertyValueSpecification","valueRequired":true,"valueName":"search_term_string"}}],"inLanguage":"nb-NO"},{"@type":"Organization","@id":"https:\/\/mills.no\/mills\/#organization","name":"Mills","url":"https:\/\/mills.no\/mills\/","logo":{"@type":"ImageObject","inLanguage":"nb-NO","@id":"https:\/\/mills.no\/mills\/#\/schema\/logo\/image\/","url":"https:\/\/mills.no\/content\/uploads\/sites\/2\/2022\/06\/Mills-logo-farger.svg","contentUrl":"https:\/\/mills.no\/content\/uploads\/sites\/2\/2022\/06\/Mills-logo-farger.svg","caption":"Mills"},"image":{"@id":"https:\/\/mills.no\/mills\/#\/schema\/logo\/image\/"}}]}},"_links":{"self":[{"href":"https:\/\/mills.no\/mills\/wp-json\/wp\/v2\/pages\/660","targetHints":{"allow":["GET"]}}],"collection":[{"href":"https:\/\/mills.no\/mills\/wp-json\/wp\/v2\/pages"}],"about":[{"href":"https:\/\/mills.no\/mills\/wp-json\/wp\/v2\/types\/page"}],"author":[{"embeddable":true,"href":"https:\/\/mills.no\/mills\/wp-json\/wp\/v2\/users\/2"}],"replies":[{"embeddable":true,"href":"https:\/\/mills.no\/mills\/wp-json\/wp\/v2\/comments?post=660"}],"version-history":[{"count":12,"href":"https:\/\/mills.no\/mills\/wp-json\/wp\/v2\/pages\/660\/revisions"}],"predecessor-version":[{"id":2026,"href":"https:\/\/mills.no\/mills\/wp-json\/wp\/v2\/pages\/660\/revisions\/2026"}],"up":[{"embeddable":true,"href":"https:\/\/mills.no\/mills\/wp-json\/wp\/v2\/pages\/680"}],"wp:featuredmedia":[{"embeddable":true,"href":"https:\/\/mills.no\/mills\/wp-json\/wp\/v2\/media\/1653"}],"wp:attachment":[{"href":"https:\/\/mills.no\/mills\/wp-json\/wp\/v2\/media?parent=660"}],"curies":[{"name":"wp","href":"https:\/\/api.w.org\/{rel}","templated":true}]}}