{"id":665,"date":"2016-03-11T15:26:37","date_gmt":"2016-03-11T14:26:37","guid":{"rendered":"https:\/\/mills.no\/mills\/nyhet-polarkaviar\/"},"modified":"2024-02-07T09:15:33","modified_gmt":"2024-02-07T08:15:33","slug":"nyhet-polarkaviar","status":"publish","type":"page","link":"https:\/\/mills.no\/mills\/produkter\/kaviar\/nyhet-polarkaviar\/","title":{"rendered":"Nyhet! Polarkaviar"},"content":{"rendered":"<div class=\"mills-block-featured alignwide alignwide wp-block-mills-block-featured\"><img loading=\"lazy\" decoding=\"async\" width=\"1920\" height=\"930\" style=\"width:100%;height:100%;object-fit:cover\" src=\"https:\/\/mills.no\/content\/uploads\/sites\/2\/2016\/03\/Polarkaviar_1920x930_acf_cropped.jpg\" class=\"wp-block-cover__image-background\" alt=\"Mills Polarkaviar med egg og br\u00f8d\" srcset=\"https:\/\/mills.no\/content\/uploads\/sites\/2\/2016\/03\/Polarkaviar_1920x930_acf_cropped.jpg 1920w, https:\/\/mills.no\/content\/uploads\/sites\/2\/2016\/03\/Polarkaviar_1920x930_acf_cropped-300x145.jpg 300w, https:\/\/mills.no\/content\/uploads\/sites\/2\/2016\/03\/Polarkaviar_1920x930_acf_cropped-1024x496.jpg 1024w, https:\/\/mills.no\/content\/uploads\/sites\/2\/2016\/03\/Polarkaviar_1920x930_acf_cropped-768x372.jpg 768w, https:\/\/mills.no\/content\/uploads\/sites\/2\/2016\/03\/Polarkaviar_1920x930_acf_cropped-1536x744.jpg 1536w, https:\/\/mills.no\/content\/uploads\/sites\/2\/2016\/03\/Polarkaviar_1920x930_acf_cropped-80x39.jpg 80w\" sizes=\"auto, (max-width: 1920px) 100vw, 1920px\" \/><div class=\"wp-block-cover__inner-container\">\n<h1 class=\"has-text-align-center wp-block-post-title has-text-color has-neutral-1000-color\">Nyhet! Polarkaviar<\/h1>\n<p class=\"t2-ingress has-text-align-center align wp-block-t2-ingress\">Enda mer Omega-3, og enda sunnere kaviar! Den samme gode smaken, perfekt for hele familien.\n<\/p>\n<div class=\"has-text-align-center mills-published-date wp-block-post-date has-text-color has-neutral-1000-color\"><time datetime=\"2016-03-11T15:26:37+01:00\">11. mars 2016<\/time><\/div>\n<\/div><\/div>\n\n\t\t<div class=\"has-background has-neutral-0-background-color is-style-vertical-spacing alignwide wp-block-mills-section has-background has-neutral-0-background-color\">\n\t\t\t<div class=\"wp-block-mills-section__inner aligncenter\">\n\t\t\t\t\n\n<div class=\"card-info alignfull wp-block-group is-layout-flow wp-block-group-is-layout-flow\">\n<p style=\"text-align:left;\">Fra polare farvann har vi hentet r\u00e5varer som gj\u00f8r at nyheten Mills Polarkaviar er rik p\u00e5 Omega-3. Kun to skiver med Polarkaviar er faktisk nok til \u00e5 dekke ditt dagsbehov for omega 3. I tillegg inneholder den mindre sukker og salt. Dette gj\u00f8r Polarkaviar til den sunneste kaviaren du finner p\u00e5 markedet, faktisk s\u00e5 sunn at den fikk terningkast 5 i VG.<\/p>\n\n<p style=\"text-align:left;\">Og best av alt: den gode kaviarsmaken vi kjenner fra Mills kaviar er den samme.<\/p>\n<\/div>\n\n\t\t\t<\/div>\n\t\t<\/div>\n\n\t\t<div class=\"has-background has-neutral-0-background-color is-style-vertical-spacing alignwide wp-block-mills-section has-background has-neutral-0-background-color\">\n\t\t\t<div class=\"wp-block-mills-section__inner aligncenter\">\n\t\t\t\t\n\n<figure class=\"wp-block-embed is-type-rich is-provider-embed-handler wp-block-embed-embed-handler wp-embed-aspect-16-9 wp-has-aspect-ratio\"><div class=\"wp-block-embed__wrapper\">\n<iframe loading=\"lazy\" title=\"Mills Polarkaviar\" width=\"500\" height=\"281\" src=\"https:\/\/www.youtube.com\/embed\/RBmvBhhyfKc?feature=oembed\" frameborder=\"0\" allow=\"accelerometer; autoplay; clipboard-write; encrypted-media; gyroscope; picture-in-picture; web-share\" referrerpolicy=\"strict-origin-when-cross-origin\" allowfullscreen><\/iframe>\n<\/div><\/figure>\n\n\t\t\t<\/div>\n\t\t<\/div>\n\n<figure class=\"wp-block-image alignwide\"><img loading=\"lazy\" decoding=\"async\" width=\"1920\" height=\"930\" src=\"https:\/\/mills.no\/content\/uploads\/sites\/2\/2022\/01\/polarkaviar-garn.jpg\" alt=\"\" class=\"wp-image-923\" srcset=\"https:\/\/mills.no\/content\/uploads\/sites\/2\/2022\/01\/polarkaviar-garn.jpg 1920w, https:\/\/mills.no\/content\/uploads\/sites\/2\/2022\/01\/polarkaviar-garn-300x145.jpg 300w, https:\/\/mills.no\/content\/uploads\/sites\/2\/2022\/01\/polarkaviar-garn-1024x496.jpg 1024w, https:\/\/mills.no\/content\/uploads\/sites\/2\/2022\/01\/polarkaviar-garn-768x372.jpg 768w, https:\/\/mills.no\/content\/uploads\/sites\/2\/2022\/01\/polarkaviar-garn-1536x744.jpg 1536w, https:\/\/mills.no\/content\/uploads\/sites\/2\/2022\/01\/polarkaviar-garn-80x39.jpg 80w\" sizes=\"auto, (max-width: 1920px) 100vw, 1920px\" \/><\/figure>\n\n\t\t<div class=\"has-background has-neutral-50-background-color is-style-vertical-spacing is-style-horizontal-spacing alignwide wp-block-mills-section has-background has-neutral-50-background-color\">\n\t\t\t<div class=\"wp-block-mills-section__inner alignwide\">\n\t\t\t\t\n<div class=\"t2-featured-content-layout alignwide alignwide wp-block-t2-featured-content-layout\" role=\"list\">\n<div class=\"t2-featured-content is-external-card wp-block-mills-external-card t2-featured-content-layout-col-6\">\n\t\t\t\n\n<div class=\"wp-block-t2-post-link t2-post-link wp-block-group is-layout-flow wp-block-group-is-layout-flow\">\n<figure class=\"wp-block-image\"><img loading=\"lazy\" decoding=\"async\" width=\"1920\" height=\"930\" src=\"https:\/\/mills.no\/content\/uploads\/sites\/2\/2022\/01\/Lofoten_1920x930_acf_cropped.jpg\" alt=\"\" class=\"wp-image-879\" srcset=\"https:\/\/mills.no\/content\/uploads\/sites\/2\/2022\/01\/Lofoten_1920x930_acf_cropped.jpg 1920w, https:\/\/mills.no\/content\/uploads\/sites\/2\/2022\/01\/Lofoten_1920x930_acf_cropped-300x145.jpg 300w, https:\/\/mills.no\/content\/uploads\/sites\/2\/2022\/01\/Lofoten_1920x930_acf_cropped-1024x496.jpg 1024w, https:\/\/mills.no\/content\/uploads\/sites\/2\/2022\/01\/Lofoten_1920x930_acf_cropped-768x372.jpg 768w, https:\/\/mills.no\/content\/uploads\/sites\/2\/2022\/01\/Lofoten_1920x930_acf_cropped-1536x744.jpg 1536w, https:\/\/mills.no\/content\/uploads\/sites\/2\/2022\/01\/Lofoten_1920x930_acf_cropped-80x39.jpg 80w\" sizes=\"auto, (max-width: 1920px) 100vw, 1920px\" \/><\/figure>\n\n<div class=\"card-info alignfull wp-block-group is-layout-flow wp-block-group-is-layout-flow\">\n<h2 class=\"wp-block-t2-post-title t2-post-title wp-block-heading\">Mills Kaviar \u2013 hemmeligheten ligger i r\u00f8ken<\/h2>\n\n<p>N\u00e5r du \u00e5pner en tube Mills kaviar s\u00e5 er det enden p\u00e5 en lang reise som startet dypt nede i de kalde b\u00f8lgene utenfor Nord-Norge over et \u00e5r tidligere.\n<\/p>\n\n<div class=\"wp-block-button\"><a class=\"wp-block-button__link\" href=\"https:\/\/mills.no\/mills\/?post_type=page&#038;p=637\">Les mer<\/a><\/div>\n<\/div>\n<\/div>\n\n\t\t<\/div>\n<div class=\"t2-featured-content is-external-card wp-block-mills-external-card t2-featured-content-layout-col-6\">\n\t\t\t\n\n<div class=\"wp-block-t2-post-link t2-post-link wp-block-group is-layout-flow wp-block-group-is-layout-flow\">\n<figure class=\"wp-block-image\"><img loading=\"lazy\" decoding=\"async\" width=\"1920\" height=\"930\" src=\"https:\/\/mills.no\/content\/uploads\/sites\/2\/2016\/03\/Polarkaviar_1920x930_acf_cropped.jpg\" alt=\"\" class=\"wp-image-666\" srcset=\"https:\/\/mills.no\/content\/uploads\/sites\/2\/2016\/03\/Polarkaviar_1920x930_acf_cropped.jpg 1920w, https:\/\/mills.no\/content\/uploads\/sites\/2\/2016\/03\/Polarkaviar_1920x930_acf_cropped-300x145.jpg 300w, https:\/\/mills.no\/content\/uploads\/sites\/2\/2016\/03\/Polarkaviar_1920x930_acf_cropped-1024x496.jpg 1024w, https:\/\/mills.no\/content\/uploads\/sites\/2\/2016\/03\/Polarkaviar_1920x930_acf_cropped-768x372.jpg 768w, https:\/\/mills.no\/content\/uploads\/sites\/2\/2016\/03\/Polarkaviar_1920x930_acf_cropped-1536x744.jpg 1536w, https:\/\/mills.no\/content\/uploads\/sites\/2\/2016\/03\/Polarkaviar_1920x930_acf_cropped-80x39.jpg 80w\" sizes=\"auto, (max-width: 1920px) 100vw, 1920px\" \/><\/figure>\n\n<div class=\"card-info alignfull wp-block-group is-layout-flow wp-block-group-is-layout-flow\">\n<h2 class=\"wp-block-t2-post-title t2-post-title wp-block-heading\">Er kaviar sunt?<\/h2>\n\n<p>Den nye Polarkaviaren inneholder ekstra mye av de marine omega-3 fettsyrene.\n<\/p>\n\n<div class=\"wp-block-button\"><a class=\"wp-block-button__link\" href=\"https:\/\/mills.no\/faq\/er-kaviar-sunt\/\">Les mer<\/a><\/div>\n<\/div>\n<\/div>\n\n\t\t<\/div>\n<\/div>\n\n\t\t\t<\/div>\n\t\t<\/div>","protected":false},"excerpt":{"rendered":"<p>Enda mer Omega-3, og enda sunnere kaviar! Den samme gode smaken, perfekt for hele familien.<\/p>\n","protected":false},"author":0,"featured_media":666,"parent":672,"menu_order":2,"comment_status":"closed","ping_status":"closed","template":"","meta":{"_searchwp_excluded":"","hide_post_title":false,"footnotes":""},"class_list":["post-665","page","type-page","status-publish","has-post-thumbnail","hentry"],"yoast_head":"<!-- This site is optimized with the Yoast SEO Premium plugin v26.9 (Yoast SEO v26.9) - https:\/\/yoast.com\/product\/yoast-seo-premium-wordpress\/ -->\n<title>Nyhet! Polarkaviar - Mills<\/title>\n<meta name=\"robots\" content=\"index, follow, max-snippet:-1, max-image-preview:large, max-video-preview:-1\" \/>\n<link rel=\"canonical\" href=\"https:\/\/mills.no\/mills\/produkter\/kaviar\/nyhet-polarkaviar\/\" \/>\n<meta property=\"og:locale\" content=\"nb_NO\" \/>\n<meta property=\"og:type\" content=\"article\" \/>\n<meta property=\"og:title\" content=\"Nyhet! Polarkaviar\" \/>\n<meta property=\"og:description\" content=\"Enda mer Omega-3, og enda sunnere kaviar! Den samme gode smaken, perfekt for hele familien.\" \/>\n<meta property=\"og:url\" content=\"https:\/\/mills.no\/mills\/produkter\/kaviar\/nyhet-polarkaviar\/\" \/>\n<meta property=\"og:site_name\" content=\"Mills\" \/>\n<meta property=\"article:modified_time\" content=\"2024-02-07T08:15:33+00:00\" \/>\n<meta property=\"og:image\" content=\"https:\/\/mills.no\/content\/uploads\/sites\/2\/2016\/03\/Polarkaviar_1920x930_acf_cropped.jpg\" \/>\n\t<meta property=\"og:image:width\" content=\"1920\" \/>\n\t<meta property=\"og:image:height\" content=\"930\" \/>\n\t<meta property=\"og:image:type\" content=\"image\/jpeg\" \/>\n<meta name=\"twitter:card\" content=\"summary_large_image\" \/>\n<meta name=\"twitter:label1\" content=\"Ansl. lesetid\" \/>\n\t<meta name=\"twitter:data1\" content=\"1 minutt\" \/>\n<script type=\"application\/ld+json\" class=\"yoast-schema-graph\">{\"@context\":\"https:\/\/schema.org\",\"@graph\":[{\"@type\":\"WebPage\",\"@id\":\"https:\/\/mills.no\/mills\/produkter\/kaviar\/nyhet-polarkaviar\/\",\"url\":\"https:\/\/mills.no\/mills\/produkter\/kaviar\/nyhet-polarkaviar\/\",\"name\":\"Nyhet! Polarkaviar - Mills\",\"isPartOf\":{\"@id\":\"https:\/\/mills.no\/mills\/#website\"},\"primaryImageOfPage\":{\"@id\":\"https:\/\/mills.no\/mills\/produkter\/kaviar\/nyhet-polarkaviar\/#primaryimage\"},\"image\":{\"@id\":\"https:\/\/mills.no\/mills\/produkter\/kaviar\/nyhet-polarkaviar\/#primaryimage\"},\"thumbnailUrl\":\"https:\/\/mills.no\/content\/uploads\/sites\/2\/2016\/03\/Polarkaviar_1920x930_acf_cropped.jpg\",\"datePublished\":\"2016-03-11T14:26:37+00:00\",\"dateModified\":\"2024-02-07T08:15:33+00:00\",\"breadcrumb\":{\"@id\":\"https:\/\/mills.no\/mills\/produkter\/kaviar\/nyhet-polarkaviar\/#breadcrumb\"},\"inLanguage\":\"nb-NO\",\"potentialAction\":[{\"@type\":\"ReadAction\",\"target\":[\"https:\/\/mills.no\/mills\/produkter\/kaviar\/nyhet-polarkaviar\/\"]}]},{\"@type\":\"ImageObject\",\"inLanguage\":\"nb-NO\",\"@id\":\"https:\/\/mills.no\/mills\/produkter\/kaviar\/nyhet-polarkaviar\/#primaryimage\",\"url\":\"https:\/\/mills.no\/content\/uploads\/sites\/2\/2016\/03\/Polarkaviar_1920x930_acf_cropped.jpg\",\"contentUrl\":\"https:\/\/mills.no\/content\/uploads\/sites\/2\/2016\/03\/Polarkaviar_1920x930_acf_cropped.jpg\",\"width\":1920,\"height\":930,\"caption\":\"Mills Polarkaviar med egg og br\u00f8d\"},{\"@type\":\"BreadcrumbList\",\"@id\":\"https:\/\/mills.no\/mills\/produkter\/kaviar\/nyhet-polarkaviar\/#breadcrumb\",\"itemListElement\":[{\"@type\":\"ListItem\",\"position\":1,\"name\":\"Home\",\"item\":\"https:\/\/mills.no\/mills\/\"},{\"@type\":\"ListItem\",\"position\":2,\"name\":\"Produkter\",\"item\":\"https:\/\/mills.no\/mills\/produkter\/\"},{\"@type\":\"ListItem\",\"position\":3,\"name\":\"Mills Kaviar\",\"item\":\"https:\/\/mills.no\/mills\/produkter\/kaviar\/\"},{\"@type\":\"ListItem\",\"position\":4,\"name\":\"Nyhet! Polarkaviar\"}]},{\"@type\":\"WebSite\",\"@id\":\"https:\/\/mills.no\/mills\/#website\",\"url\":\"https:\/\/mills.no\/mills\/\",\"name\":\"Mills\",\"description\":\"Smaken p\u00e5 det gode liv siden 1951\",\"publisher\":{\"@id\":\"https:\/\/mills.no\/mills\/#organization\"},\"potentialAction\":[{\"@type\":\"SearchAction\",\"target\":{\"@type\":\"EntryPoint\",\"urlTemplate\":\"https:\/\/mills.no\/mills\/?s={search_term_string}\"},\"query-input\":{\"@type\":\"PropertyValueSpecification\",\"valueRequired\":true,\"valueName\":\"search_term_string\"}}],\"inLanguage\":\"nb-NO\"},{\"@type\":\"Organization\",\"@id\":\"https:\/\/mills.no\/mills\/#organization\",\"name\":\"Mills\",\"url\":\"https:\/\/mills.no\/mills\/\",\"logo\":{\"@type\":\"ImageObject\",\"inLanguage\":\"nb-NO\",\"@id\":\"https:\/\/mills.no\/mills\/#\/schema\/logo\/image\/\",\"url\":\"https:\/\/mills.no\/content\/uploads\/sites\/2\/2022\/06\/Mills-logo-farger.svg\",\"contentUrl\":\"https:\/\/mills.no\/content\/uploads\/sites\/2\/2022\/06\/Mills-logo-farger.svg\",\"caption\":\"Mills\"},\"image\":{\"@id\":\"https:\/\/mills.no\/mills\/#\/schema\/logo\/image\/\"}}]}<\/script>\n<!-- \/ Yoast SEO Premium plugin. -->","yoast_head_json":{"title":"Nyhet! Polarkaviar - Mills","robots":{"index":"index","follow":"follow","max-snippet":"max-snippet:-1","max-image-preview":"max-image-preview:large","max-video-preview":"max-video-preview:-1"},"canonical":"https:\/\/mills.no\/mills\/produkter\/kaviar\/nyhet-polarkaviar\/","og_locale":"nb_NO","og_type":"article","og_title":"Nyhet! Polarkaviar","og_description":"Enda mer Omega-3, og enda sunnere kaviar! Den samme gode smaken, perfekt for hele familien.","og_url":"https:\/\/mills.no\/mills\/produkter\/kaviar\/nyhet-polarkaviar\/","og_site_name":"Mills","article_modified_time":"2024-02-07T08:15:33+00:00","og_image":[{"width":1920,"height":930,"url":"https:\/\/mills.no\/content\/uploads\/sites\/2\/2016\/03\/Polarkaviar_1920x930_acf_cropped.jpg","type":"image\/jpeg"}],"twitter_card":"summary_large_image","twitter_misc":{"Ansl. lesetid":"1 minutt"},"schema":{"@context":"https:\/\/schema.org","@graph":[{"@type":"WebPage","@id":"https:\/\/mills.no\/mills\/produkter\/kaviar\/nyhet-polarkaviar\/","url":"https:\/\/mills.no\/mills\/produkter\/kaviar\/nyhet-polarkaviar\/","name":"Nyhet! Polarkaviar - Mills","isPartOf":{"@id":"https:\/\/mills.no\/mills\/#website"},"primaryImageOfPage":{"@id":"https:\/\/mills.no\/mills\/produkter\/kaviar\/nyhet-polarkaviar\/#primaryimage"},"image":{"@id":"https:\/\/mills.no\/mills\/produkter\/kaviar\/nyhet-polarkaviar\/#primaryimage"},"thumbnailUrl":"https:\/\/mills.no\/content\/uploads\/sites\/2\/2016\/03\/Polarkaviar_1920x930_acf_cropped.jpg","datePublished":"2016-03-11T14:26:37+00:00","dateModified":"2024-02-07T08:15:33+00:00","breadcrumb":{"@id":"https:\/\/mills.no\/mills\/produkter\/kaviar\/nyhet-polarkaviar\/#breadcrumb"},"inLanguage":"nb-NO","potentialAction":[{"@type":"ReadAction","target":["https:\/\/mills.no\/mills\/produkter\/kaviar\/nyhet-polarkaviar\/"]}]},{"@type":"ImageObject","inLanguage":"nb-NO","@id":"https:\/\/mills.no\/mills\/produkter\/kaviar\/nyhet-polarkaviar\/#primaryimage","url":"https:\/\/mills.no\/content\/uploads\/sites\/2\/2016\/03\/Polarkaviar_1920x930_acf_cropped.jpg","contentUrl":"https:\/\/mills.no\/content\/uploads\/sites\/2\/2016\/03\/Polarkaviar_1920x930_acf_cropped.jpg","width":1920,"height":930,"caption":"Mills Polarkaviar med egg og br\u00f8d"},{"@type":"BreadcrumbList","@id":"https:\/\/mills.no\/mills\/produkter\/kaviar\/nyhet-polarkaviar\/#breadcrumb","itemListElement":[{"@type":"ListItem","position":1,"name":"Home","item":"https:\/\/mills.no\/mills\/"},{"@type":"ListItem","position":2,"name":"Produkter","item":"https:\/\/mills.no\/mills\/produkter\/"},{"@type":"ListItem","position":3,"name":"Mills Kaviar","item":"https:\/\/mills.no\/mills\/produkter\/kaviar\/"},{"@type":"ListItem","position":4,"name":"Nyhet! Polarkaviar"}]},{"@type":"WebSite","@id":"https:\/\/mills.no\/mills\/#website","url":"https:\/\/mills.no\/mills\/","name":"Mills","description":"Smaken p\u00e5 det gode liv siden 1951","publisher":{"@id":"https:\/\/mills.no\/mills\/#organization"},"potentialAction":[{"@type":"SearchAction","target":{"@type":"EntryPoint","urlTemplate":"https:\/\/mills.no\/mills\/?s={search_term_string}"},"query-input":{"@type":"PropertyValueSpecification","valueRequired":true,"valueName":"search_term_string"}}],"inLanguage":"nb-NO"},{"@type":"Organization","@id":"https:\/\/mills.no\/mills\/#organization","name":"Mills","url":"https:\/\/mills.no\/mills\/","logo":{"@type":"ImageObject","inLanguage":"nb-NO","@id":"https:\/\/mills.no\/mills\/#\/schema\/logo\/image\/","url":"https:\/\/mills.no\/content\/uploads\/sites\/2\/2022\/06\/Mills-logo-farger.svg","contentUrl":"https:\/\/mills.no\/content\/uploads\/sites\/2\/2022\/06\/Mills-logo-farger.svg","caption":"Mills"},"image":{"@id":"https:\/\/mills.no\/mills\/#\/schema\/logo\/image\/"}}]}},"_links":{"self":[{"href":"https:\/\/mills.no\/mills\/wp-json\/wp\/v2\/pages\/665","targetHints":{"allow":["GET"]}}],"collection":[{"href":"https:\/\/mills.no\/mills\/wp-json\/wp\/v2\/pages"}],"about":[{"href":"https:\/\/mills.no\/mills\/wp-json\/wp\/v2\/types\/page"}],"replies":[{"embeddable":true,"href":"https:\/\/mills.no\/mills\/wp-json\/wp\/v2\/comments?post=665"}],"version-history":[{"count":9,"href":"https:\/\/mills.no\/mills\/wp-json\/wp\/v2\/pages\/665\/revisions"}],"predecessor-version":[{"id":1888,"href":"https:\/\/mills.no\/mills\/wp-json\/wp\/v2\/pages\/665\/revisions\/1888"}],"up":[{"embeddable":true,"href":"https:\/\/mills.no\/mills\/wp-json\/wp\/v2\/pages\/672"}],"wp:featuredmedia":[{"embeddable":true,"href":"https:\/\/mills.no\/mills\/wp-json\/wp\/v2\/media\/666"}],"wp:attachment":[{"href":"https:\/\/mills.no\/mills\/wp-json\/wp\/v2\/media?parent=665"}],"curies":[{"name":"wp","href":"https:\/\/api.w.org\/{rel}","templated":true}]}}