{"id":672,"date":"2016-02-21T08:44:53","date_gmt":"2016-02-21T07:44:53","guid":{"rendered":"https:\/\/mills.no\/mills\/mills-kaviar\/"},"modified":"2024-02-07T09:15:33","modified_gmt":"2024-02-07T08:15:33","slug":"kaviar","status":"publish","type":"page","link":"https:\/\/mills.no\/mills\/produkter\/kaviar\/","title":{"rendered":"Mills Kaviar"},"content":{"rendered":"<div class=\"mills-block-featured alignwide alignwide wp-block-mills-block-featured\"><img loading=\"lazy\" decoding=\"async\" width=\"1920\" height=\"1280\" style=\"width:100%;height:100%;object-fit:cover\" src=\"https:\/\/mills.no\/content\/uploads\/sites\/2\/2022\/09\/Mills_Kaviar_samlebilde.jpg\" class=\"wp-block-cover__image-background\" alt=\"Tuber med Mills Kaviar, Mills Kaviarmix og Mills Polarkaviar og knekkebr\u00f8d og br\u00f8dskiver\" srcset=\"https:\/\/mills.no\/content\/uploads\/sites\/2\/2022\/09\/Mills_Kaviar_samlebilde.jpg 1920w, https:\/\/mills.no\/content\/uploads\/sites\/2\/2022\/09\/Mills_Kaviar_samlebilde-300x200.jpg 300w, https:\/\/mills.no\/content\/uploads\/sites\/2\/2022\/09\/Mills_Kaviar_samlebilde-1024x683.jpg 1024w, https:\/\/mills.no\/content\/uploads\/sites\/2\/2022\/09\/Mills_Kaviar_samlebilde-768x512.jpg 768w, https:\/\/mills.no\/content\/uploads\/sites\/2\/2022\/09\/Mills_Kaviar_samlebilde-1536x1024.jpg 1536w, https:\/\/mills.no\/content\/uploads\/sites\/2\/2022\/09\/Mills_Kaviar_samlebilde-80x53.jpg 80w\" sizes=\"auto, (max-width: 1920px) 100vw, 1920px\" \/><div class=\"wp-block-cover__inner-container\">\n<h1 class=\"has-text-align-center wp-block-post-title has-text-color has-neutral-1000-color\">Mills Kaviar<\/h1>\n\n<p class=\"t2-ingress has-text-align-center align wp-block-t2-ingress\">N\u00e5r du \u00e5pner en tube Mills kaviar s\u00e5 er det enden p\u00e5 en lang reise som startet dypt nede i de kalde b\u00f8lgene utenfor Nord-Norge over et \u00e5r tidligere.  \n<\/p>\n<\/div><\/div>\n\n\n\t\t<div class=\"has-background has-neutral-50-background-color is-style-vertical-spacing is-style-horizontal-spacing alignwide wp-block-mills-section has-background has-neutral-50-background-color\">\n\t\t\t<div class=\"wp-block-mills-section__inner alignwide\">\n\t\t\t\t\n\n<h2 class=\"has-text-align-center aligncenter wp-block-heading\" id=\"h-produkter\">Produkter<\/h2>\n\n\n<div class=\"t2-featured-content-layout alignwide alignwide wp-block-t2-featured-content-layout\" role=\"list\">\n<div class=\"t2-featured-single-post t2-featured-content is-post-type-product brand-mills allergen-fisk product_category-palegg wp-block-t2-featured-single-post\" role=\"listitem\"><a class=\"t2-post-link wp-block-t2-post-link\" href=\"https:\/\/mills.no\/mills\/produkt\/original-kaviar\/\">\n<figure style=\"--t2-focal-point: 50% 50%;\" class=\"t2-post-featured-image has-image-ratio-16-9 wp-block-t2-post-featured-image\"><img loading=\"lazy\" decoding=\"async\" width=\"2048\" height=\"649\" src=\"https:\/\/mills.no\/content\/uploads\/2023\/11\/Mills-Original-kaviar.png\" class=\"attachment-medium-large size-medium-large wp-post-image\" alt=\"Mills Original kaviar\" srcset=\"https:\/\/mills.no\/content\/uploads\/2023\/11\/Mills-Original-kaviar.png 2048w, https:\/\/mills.no\/content\/uploads\/2023\/11\/Mills-Original-kaviar-300x95.png 300w, https:\/\/mills.no\/content\/uploads\/2023\/11\/Mills-Original-kaviar-1024x325.png 1024w, https:\/\/mills.no\/content\/uploads\/2023\/11\/Mills-Original-kaviar-768x243.png 768w, https:\/\/mills.no\/content\/uploads\/2023\/11\/Mills-Original-kaviar-1536x487.png 1536w, https:\/\/mills.no\/content\/uploads\/2023\/11\/Mills-Original-kaviar-80x25.png 80w\" sizes=\"auto, (max-width: 2048px) 100vw, 2048px\" \/><\/figure>\n\n<div class=\"wp-block-group alignfull is-layout-flow wp-block-group-is-layout-flow\">\n\t\n\t\t<div class=\"tax-product_label wp-block-mills-post-terms\">\n\t\t\t\n\t\t<\/div>\n\t<h2 class=\"t2-post-title wp-block-t2-post-title\">Mills Original kaviar<\/h2>\n\t<div class=\"t2-post-excerpt wp-block-t2-post-excerpt\"><p>Mills kaviar er et tradisjonsrikt p\u00e5legg som generasjoner av nordmenn har hatt p\u00e5 br\u00f8dskivene gjennom oppveksten \u2013 og senere i&hellip;<\/p><\/div>\n<\/div>\n\n<\/a>\n<\/div>\n\n<div class=\"t2-featured-single-post t2-featured-content is-post-type-product brand-mills allergen-egg allergen-fisk product_category-palegg wp-block-t2-featured-single-post\" role=\"listitem\"><a class=\"t2-post-link wp-block-t2-post-link\" href=\"https:\/\/mills.no\/mills\/produkt\/kaviarmix\/\">\n<figure style=\"--t2-focal-point: 50% 50%;\" class=\"t2-post-featured-image has-image-ratio-16-9 wp-block-t2-post-featured-image\"><img loading=\"lazy\" decoding=\"async\" width=\"2048\" height=\"649\" src=\"https:\/\/mills.no\/content\/uploads\/2016\/01\/Kaviar-png.png\" class=\"attachment-medium-large size-medium-large wp-post-image\" alt=\"Tube med Mills Mild Kaviarmix\" srcset=\"https:\/\/mills.no\/content\/uploads\/2016\/01\/Kaviar-png.png 2048w, https:\/\/mills.no\/content\/uploads\/2016\/01\/Kaviar-png-300x95.png 300w, https:\/\/mills.no\/content\/uploads\/2016\/01\/Kaviar-png-1024x325.png 1024w, https:\/\/mills.no\/content\/uploads\/2016\/01\/Kaviar-png-768x243.png 768w, https:\/\/mills.no\/content\/uploads\/2016\/01\/Kaviar-png-1536x487.png 1536w, https:\/\/mills.no\/content\/uploads\/2016\/01\/Kaviar-png-80x25.png 80w\" sizes=\"auto, (max-width: 2048px) 100vw, 2048px\" \/><\/figure>\n\n<div class=\"wp-block-group alignfull is-layout-flow wp-block-group-is-layout-flow\">\n\t\n\t\t<div class=\"tax-product_label wp-block-mills-post-terms\">\n\t\t\t\n\t\t<\/div>\n\t<h2 class=\"t2-post-title wp-block-t2-post-title\">Mills Kaviarmix<\/h2>\n\t<div class=\"t2-post-excerpt wp-block-t2-post-excerpt\"><p>Mills kaviar er et tradisjonsrikt p\u00e5legg som generasjoner av nordmenn har hatt p\u00e5 br\u00f8dskivene gjennom oppveksten \u2013 og senere i&hellip;<\/p><\/div>\n<\/div>\n\n<\/a>\n<\/div>\n\n<div class=\"t2-featured-single-post t2-featured-content is-post-type-product brand-mills allergen-fisk product_category-palegg wp-block-t2-featured-single-post\" role=\"listitem\"><a class=\"t2-post-link wp-block-t2-post-link\" href=\"https:\/\/mills.no\/mills\/produkt\/mills-polarkaviar\/\">\n<figure style=\"--t2-focal-point: 50% 50%;\" class=\"t2-post-featured-image has-image-ratio-16-9 wp-block-t2-post-featured-image\"><img loading=\"lazy\" decoding=\"async\" width=\"2048\" height=\"649\" src=\"https:\/\/mills.no\/content\/uploads\/2016\/03\/Mills-Polar-kaviar.png\" class=\"attachment-medium-large size-medium-large wp-post-image\" alt=\"Mills Polarkaviar\" srcset=\"https:\/\/mills.no\/content\/uploads\/2016\/03\/Mills-Polar-kaviar.png 2048w, https:\/\/mills.no\/content\/uploads\/2016\/03\/Mills-Polar-kaviar-300x95.png 300w, https:\/\/mills.no\/content\/uploads\/2016\/03\/Mills-Polar-kaviar-1024x325.png 1024w, https:\/\/mills.no\/content\/uploads\/2016\/03\/Mills-Polar-kaviar-768x243.png 768w, https:\/\/mills.no\/content\/uploads\/2016\/03\/Mills-Polar-kaviar-1536x487.png 1536w, https:\/\/mills.no\/content\/uploads\/2016\/03\/Mills-Polar-kaviar-80x25.png 80w\" sizes=\"auto, (max-width: 2048px) 100vw, 2048px\" \/><\/figure>\n\n<div class=\"wp-block-group alignfull is-layout-flow wp-block-group-is-layout-flow\">\n\t\n\t\t<div class=\"tax-product_label wp-block-mills-post-terms\">\n\t\t\t\n\t\t<\/div>\n\t<h2 class=\"t2-post-title wp-block-t2-post-title\">Mills Polarkaviar<\/h2>\n\t<div class=\"t2-post-excerpt wp-block-t2-post-excerpt\"><p>Fra rene polare farvann har vi hentet r\u00e5varer som gj\u00f8r at Mills Polarkaviar er rik p\u00e5 Omega-3.<\/p><\/div>\n<\/div>\n\n<\/a>\n<\/div>\n<\/div>\n\n\t\t\t<\/div>\n\t\t<\/div>\n\n\n<div class=\"wp-block-media-text alignwide is-stacked-on-mobile is-image-fill has-neutral-1000-color has-neutral-0-background-color has-text-color has-background\"><figure class=\"wp-block-media-text__media\" style=\"background-image:url(https:\/\/mills.no\/content\/uploads\/sites\/2\/2017\/03\/Kokt-egg-frokostbord.jpg);background-position:50% 50%\"><img loading=\"lazy\" decoding=\"async\" width=\"1920\" height=\"1280\" src=\"https:\/\/mills.no\/content\/uploads\/sites\/2\/2017\/03\/Kokt-egg-frokostbord.jpg\" alt=\"\" class=\"wp-image-602 size-full\" srcset=\"https:\/\/mills.no\/content\/uploads\/sites\/2\/2017\/03\/Kokt-egg-frokostbord.jpg 1920w, https:\/\/mills.no\/content\/uploads\/sites\/2\/2017\/03\/Kokt-egg-frokostbord-300x200.jpg 300w, https:\/\/mills.no\/content\/uploads\/sites\/2\/2017\/03\/Kokt-egg-frokostbord-1024x683.jpg 1024w, https:\/\/mills.no\/content\/uploads\/sites\/2\/2017\/03\/Kokt-egg-frokostbord-768x512.jpg 768w, https:\/\/mills.no\/content\/uploads\/sites\/2\/2017\/03\/Kokt-egg-frokostbord-1536x1024.jpg 1536w, https:\/\/mills.no\/content\/uploads\/sites\/2\/2017\/03\/Kokt-egg-frokostbord-80x53.jpg 80w\" sizes=\"auto, (max-width: 1920px) 100vw, 1920px\" \/><\/figure><div class=\"wp-block-media-text__content\">\n<div class=\"wp-block-group is-layout-flow wp-block-group-is-layout-flow\">\n<h2 class=\"has-text-align-center wp-block-heading\" id=\"h-slik-far-du-perfekt-kokte-egg-hver-gang\">Slik f\u00e5r du perfekt kokte egg &#8211; hver gang!<\/h2>\n\n\n<p class=\"t2-ingress wp-block-t2-ingress\">Kaviar og egg er en perfekt kombinasjon! F\u00f8lg den enkle guiden og du trenger aldri mer ergre deg over for bl\u00f8te eller harde egg.n<\/p>\n\n\n<div class=\"wp-block-button\"><a class=\"wp-block-button__link\" href=\"https:\/\/mills.no\/mills\/?post_type=post&amp;p=601\">Les tipsene her<\/a><\/div>\n<\/div>\n<\/div><\/div>\n\n\n\n\t\t<div class=\"has-background has-neutral-50-background-color is-style-vertical-spacing is-style-horizontal-spacing alignwide wp-block-mills-section has-background has-neutral-50-background-color\">\n\t\t\t<div class=\"wp-block-mills-section__inner alignwide\">\n\t\t\t\t\n<div class=\"t2-featured-content-layout alignwide alignwide wp-block-t2-featured-content-layout\" role=\"list\">\n<div class=\"t2-featured-content is-external-card wp-block-mills-external-card t2-featured-content-layout-col-6\">\n\t\t\t\n\n<div class=\"wp-block-group wp-block-t2-post-link t2-post-link is-layout-flow wp-block-group-is-layout-flow\">\n<figure class=\"wp-block-image\"><img loading=\"lazy\" decoding=\"async\" width=\"1920\" height=\"1280\" src=\"https:\/\/mills.no\/content\/uploads\/sites\/2\/2022\/01\/cloud-eggs-med-kavair.jpg\" alt=\"\" class=\"wp-image-931\" srcset=\"https:\/\/mills.no\/content\/uploads\/sites\/2\/2022\/01\/cloud-eggs-med-kavair.jpg 1920w, https:\/\/mills.no\/content\/uploads\/sites\/2\/2022\/01\/cloud-eggs-med-kavair-300x200.jpg 300w, https:\/\/mills.no\/content\/uploads\/sites\/2\/2022\/01\/cloud-eggs-med-kavair-1024x683.jpg 1024w, https:\/\/mills.no\/content\/uploads\/sites\/2\/2022\/01\/cloud-eggs-med-kavair-768x512.jpg 768w, https:\/\/mills.no\/content\/uploads\/sites\/2\/2022\/01\/cloud-eggs-med-kavair-1536x1024.jpg 1536w, https:\/\/mills.no\/content\/uploads\/sites\/2\/2022\/01\/cloud-eggs-med-kavair-80x53.jpg 80w\" sizes=\"auto, (max-width: 1920px) 100vw, 1920px\" \/><\/figure>\n\n\n\n<div class=\"wp-block-group alignfull card-info is-layout-flow wp-block-group-is-layout-flow\">\n<h2 class=\"wp-block-t2-post-title t2-post-title wp-block-heading\" id=\"h-prov-cloud-eggs\">Pr\u00f8v &laquo;cloud eggs&raquo;<\/h2>\n\n\n\n<p>Trendfrokosten med en solgul eggeplomme omgitt av luftige skyer har faktisk blitt laget helt siden 1600-tallet, da bedre kjent som franske Oeufs \u00e0 la Neige, eller egg i sn\u00f8.\n<\/p>\n\n\n\n<div class=\"wp-block-button\"><a class=\"wp-block-button__link\" href=\"https:\/\/mills.no\/mills\/oppskrift\/cloud-eggs\/\">Se oppskriften p\u00e5 cloud eggs her<\/a><\/div>\n<\/div>\n<\/div>\n\n\n\t\t<\/div>\n\n<div class=\"t2-featured-content is-external-card wp-block-mills-external-card t2-featured-content-layout-col-6\">\n\t\t\t\n\n<div class=\"wp-block-group wp-block-t2-post-link t2-post-link is-layout-flow wp-block-group-is-layout-flow\">\n<figure class=\"wp-block-image\"><img loading=\"lazy\" decoding=\"async\" width=\"1600\" height=\"1023\" src=\"https:\/\/mills.no\/content\/uploads\/sites\/2\/2022\/01\/PC3A5leggssalat-med-egg-og-kaviar.jpg\" alt=\"\" class=\"wp-image-702\" srcset=\"https:\/\/mills.no\/content\/uploads\/sites\/2\/2022\/01\/PC3A5leggssalat-med-egg-og-kaviar.jpg 1600w, https:\/\/mills.no\/content\/uploads\/sites\/2\/2022\/01\/PC3A5leggssalat-med-egg-og-kaviar-300x192.jpg 300w, https:\/\/mills.no\/content\/uploads\/sites\/2\/2022\/01\/PC3A5leggssalat-med-egg-og-kaviar-1024x655.jpg 1024w, https:\/\/mills.no\/content\/uploads\/sites\/2\/2022\/01\/PC3A5leggssalat-med-egg-og-kaviar-768x491.jpg 768w, https:\/\/mills.no\/content\/uploads\/sites\/2\/2022\/01\/PC3A5leggssalat-med-egg-og-kaviar-1536x982.jpg 1536w, https:\/\/mills.no\/content\/uploads\/sites\/2\/2022\/01\/PC3A5leggssalat-med-egg-og-kaviar-80x51.jpg 80w\" sizes=\"auto, (max-width: 1600px) 100vw, 1600px\" \/><\/figure>\n\n\n\n<div class=\"wp-block-group alignfull card-info is-layout-flow wp-block-group-is-layout-flow\">\n<h2 class=\"wp-block-t2-post-title t2-post-title wp-block-heading\" id=\"h-hjemmelaget-eggesalat-med-kaviar\">Hjemmelaget eggesalat med kaviar<\/h2>\n\n\n\n<p>I denne p\u00e5leggsalaten har vi sl\u00e5tt sammen to klassikere som ofte finner veien til samme br\u00f8dskive, nemlig egg og kaviar. Dette er en frisk eggesalat, som blir ekstra god med den salte og r\u00f8ykte smaken fra kaviaren.\n<\/p>\n\n\n\n<div class=\"wp-block-button\"><a class=\"wp-block-button__link\" href=\"https:\/\/mills.no\/oppskrift\/mills\/eggesalat-med-kaviar\/\">Se oppskriften p\u00e5 eggesalat her<\/a><\/div>\n<\/div>\n<\/div>\n\n\n\t\t<\/div>\n<\/div>\n\n\t\t\t<\/div>\n\t\t<\/div>","protected":false},"excerpt":{"rendered":"<p>N\u00e5r du \u00e5pner en tube Mills kaviar s\u00e5 er det enden p\u00e5 en lang reise som startet dypt nede i&hellip;<\/p>\n","protected":false},"author":2,"featured_media":1656,"parent":680,"menu_order":7,"comment_status":"closed","ping_status":"closed","template":"","meta":{"_searchwp_excluded":"","hide_post_title":false,"footnotes":""},"class_list":["post-672","page","type-page","status-publish","has-post-thumbnail","hentry"],"yoast_head":"<!-- This site is optimized with the Yoast SEO Premium plugin v26.9 (Yoast SEO v26.9) - https:\/\/yoast.com\/product\/yoast-seo-premium-wordpress\/ -->\n<title>Mills Kaviar \u2013 hemmeligheten ligger i r\u00f8ken<\/title>\n<meta name=\"description\" content=\"N\u00e5r du \u00e5pner en tube Mills kaviar s\u00e5 er det enden p\u00e5 en lang reise som startet dypt nede i de kalde b\u00f8lgene utenfor Nord-Norge over et \u00e5r tidligere.\" \/>\n<meta name=\"robots\" content=\"index, follow, max-snippet:-1, max-image-preview:large, max-video-preview:-1\" \/>\n<link rel=\"canonical\" href=\"https:\/\/mills.no\/mills\/produkter\/kaviar\/\" \/>\n<meta property=\"og:locale\" content=\"nb_NO\" \/>\n<meta property=\"og:type\" content=\"article\" \/>\n<meta property=\"og:title\" content=\"Mills Kaviar\" \/>\n<meta property=\"og:description\" content=\"N\u00e5r du \u00e5pner en tube Mills kaviar s\u00e5 er det enden p\u00e5 en lang reise som startet dypt nede i de kalde b\u00f8lgene utenfor Nord-Norge over et \u00e5r tidligere.\" \/>\n<meta property=\"og:url\" content=\"https:\/\/mills.no\/mills\/produkter\/kaviar\/\" \/>\n<meta property=\"og:site_name\" content=\"Mills\" \/>\n<meta property=\"article:modified_time\" content=\"2024-02-07T08:15:33+00:00\" \/>\n<meta property=\"og:image\" content=\"https:\/\/mills.no\/content\/uploads\/sites\/2\/2022\/09\/Mills_Kaviar_samlebilde.jpg\" \/>\n\t<meta property=\"og:image:width\" content=\"1920\" \/>\n\t<meta property=\"og:image:height\" content=\"1280\" \/>\n\t<meta property=\"og:image:type\" content=\"image\/jpeg\" \/>\n<meta name=\"twitter:card\" content=\"summary_large_image\" \/>\n<meta name=\"twitter:label1\" content=\"Ansl. lesetid\" \/>\n\t<meta name=\"twitter:data1\" content=\"2 minutter\" \/>\n<script type=\"application\/ld+json\" class=\"yoast-schema-graph\">{\"@context\":\"https:\/\/schema.org\",\"@graph\":[{\"@type\":\"WebPage\",\"@id\":\"https:\/\/mills.no\/mills\/produkter\/kaviar\/\",\"url\":\"https:\/\/mills.no\/mills\/produkter\/kaviar\/\",\"name\":\"Mills Kaviar \u2013 hemmeligheten ligger i r\u00f8ken\",\"isPartOf\":{\"@id\":\"https:\/\/mills.no\/mills\/#website\"},\"primaryImageOfPage\":{\"@id\":\"https:\/\/mills.no\/mills\/produkter\/kaviar\/#primaryimage\"},\"image\":{\"@id\":\"https:\/\/mills.no\/mills\/produkter\/kaviar\/#primaryimage\"},\"thumbnailUrl\":\"https:\/\/mills.no\/content\/uploads\/sites\/2\/2022\/09\/Mills_Kaviar_samlebilde.jpg\",\"datePublished\":\"2016-02-21T07:44:53+00:00\",\"dateModified\":\"2024-02-07T08:15:33+00:00\",\"description\":\"N\u00e5r du \u00e5pner en tube Mills kaviar s\u00e5 er det enden p\u00e5 en lang reise som startet dypt nede i de kalde b\u00f8lgene utenfor Nord-Norge over et \u00e5r tidligere.\",\"breadcrumb\":{\"@id\":\"https:\/\/mills.no\/mills\/produkter\/kaviar\/#breadcrumb\"},\"inLanguage\":\"nb-NO\",\"potentialAction\":[{\"@type\":\"ReadAction\",\"target\":[\"https:\/\/mills.no\/mills\/produkter\/kaviar\/\"]}]},{\"@type\":\"ImageObject\",\"inLanguage\":\"nb-NO\",\"@id\":\"https:\/\/mills.no\/mills\/produkter\/kaviar\/#primaryimage\",\"url\":\"https:\/\/mills.no\/content\/uploads\/sites\/2\/2022\/09\/Mills_Kaviar_samlebilde.jpg\",\"contentUrl\":\"https:\/\/mills.no\/content\/uploads\/sites\/2\/2022\/09\/Mills_Kaviar_samlebilde.jpg\",\"width\":1920,\"height\":1280,\"caption\":\"Tuber med Mills Kaviar, Mills Kaviarmix og Mills Polarkaviar og knekkebr\u00f8d og br\u00f8dskiver\"},{\"@type\":\"BreadcrumbList\",\"@id\":\"https:\/\/mills.no\/mills\/produkter\/kaviar\/#breadcrumb\",\"itemListElement\":[{\"@type\":\"ListItem\",\"position\":1,\"name\":\"Home\",\"item\":\"https:\/\/mills.no\/mills\/\"},{\"@type\":\"ListItem\",\"position\":2,\"name\":\"Produkter\",\"item\":\"https:\/\/mills.no\/mills\/produkter\/\"},{\"@type\":\"ListItem\",\"position\":3,\"name\":\"Mills Kaviar\"}]},{\"@type\":\"WebSite\",\"@id\":\"https:\/\/mills.no\/mills\/#website\",\"url\":\"https:\/\/mills.no\/mills\/\",\"name\":\"Mills\",\"description\":\"Smaken p\u00e5 det gode liv siden 1951\",\"publisher\":{\"@id\":\"https:\/\/mills.no\/mills\/#organization\"},\"potentialAction\":[{\"@type\":\"SearchAction\",\"target\":{\"@type\":\"EntryPoint\",\"urlTemplate\":\"https:\/\/mills.no\/mills\/?s={search_term_string}\"},\"query-input\":{\"@type\":\"PropertyValueSpecification\",\"valueRequired\":true,\"valueName\":\"search_term_string\"}}],\"inLanguage\":\"nb-NO\"},{\"@type\":\"Organization\",\"@id\":\"https:\/\/mills.no\/mills\/#organization\",\"name\":\"Mills\",\"url\":\"https:\/\/mills.no\/mills\/\",\"logo\":{\"@type\":\"ImageObject\",\"inLanguage\":\"nb-NO\",\"@id\":\"https:\/\/mills.no\/mills\/#\/schema\/logo\/image\/\",\"url\":\"https:\/\/mills.no\/content\/uploads\/sites\/2\/2022\/06\/Mills-logo-farger.svg\",\"contentUrl\":\"https:\/\/mills.no\/content\/uploads\/sites\/2\/2022\/06\/Mills-logo-farger.svg\",\"caption\":\"Mills\"},\"image\":{\"@id\":\"https:\/\/mills.no\/mills\/#\/schema\/logo\/image\/\"}}]}<\/script>\n<!-- \/ Yoast SEO Premium plugin. -->","yoast_head_json":{"title":"Mills Kaviar \u2013 hemmeligheten ligger i r\u00f8ken","description":"N\u00e5r du \u00e5pner en tube Mills kaviar s\u00e5 er det enden p\u00e5 en lang reise som startet dypt nede i de kalde b\u00f8lgene utenfor Nord-Norge over et \u00e5r tidligere.","robots":{"index":"index","follow":"follow","max-snippet":"max-snippet:-1","max-image-preview":"max-image-preview:large","max-video-preview":"max-video-preview:-1"},"canonical":"https:\/\/mills.no\/mills\/produkter\/kaviar\/","og_locale":"nb_NO","og_type":"article","og_title":"Mills Kaviar","og_description":"N\u00e5r du \u00e5pner en tube Mills kaviar s\u00e5 er det enden p\u00e5 en lang reise som startet dypt nede i de kalde b\u00f8lgene utenfor Nord-Norge over et \u00e5r tidligere.","og_url":"https:\/\/mills.no\/mills\/produkter\/kaviar\/","og_site_name":"Mills","article_modified_time":"2024-02-07T08:15:33+00:00","og_image":[{"width":1920,"height":1280,"url":"https:\/\/mills.no\/content\/uploads\/sites\/2\/2022\/09\/Mills_Kaviar_samlebilde.jpg","type":"image\/jpeg"}],"twitter_card":"summary_large_image","twitter_misc":{"Ansl. lesetid":"2 minutter"},"schema":{"@context":"https:\/\/schema.org","@graph":[{"@type":"WebPage","@id":"https:\/\/mills.no\/mills\/produkter\/kaviar\/","url":"https:\/\/mills.no\/mills\/produkter\/kaviar\/","name":"Mills Kaviar \u2013 hemmeligheten ligger i r\u00f8ken","isPartOf":{"@id":"https:\/\/mills.no\/mills\/#website"},"primaryImageOfPage":{"@id":"https:\/\/mills.no\/mills\/produkter\/kaviar\/#primaryimage"},"image":{"@id":"https:\/\/mills.no\/mills\/produkter\/kaviar\/#primaryimage"},"thumbnailUrl":"https:\/\/mills.no\/content\/uploads\/sites\/2\/2022\/09\/Mills_Kaviar_samlebilde.jpg","datePublished":"2016-02-21T07:44:53+00:00","dateModified":"2024-02-07T08:15:33+00:00","description":"N\u00e5r du \u00e5pner en tube Mills kaviar s\u00e5 er det enden p\u00e5 en lang reise som startet dypt nede i de kalde b\u00f8lgene utenfor Nord-Norge over et \u00e5r tidligere.","breadcrumb":{"@id":"https:\/\/mills.no\/mills\/produkter\/kaviar\/#breadcrumb"},"inLanguage":"nb-NO","potentialAction":[{"@type":"ReadAction","target":["https:\/\/mills.no\/mills\/produkter\/kaviar\/"]}]},{"@type":"ImageObject","inLanguage":"nb-NO","@id":"https:\/\/mills.no\/mills\/produkter\/kaviar\/#primaryimage","url":"https:\/\/mills.no\/content\/uploads\/sites\/2\/2022\/09\/Mills_Kaviar_samlebilde.jpg","contentUrl":"https:\/\/mills.no\/content\/uploads\/sites\/2\/2022\/09\/Mills_Kaviar_samlebilde.jpg","width":1920,"height":1280,"caption":"Tuber med Mills Kaviar, Mills Kaviarmix og Mills Polarkaviar og knekkebr\u00f8d og br\u00f8dskiver"},{"@type":"BreadcrumbList","@id":"https:\/\/mills.no\/mills\/produkter\/kaviar\/#breadcrumb","itemListElement":[{"@type":"ListItem","position":1,"name":"Home","item":"https:\/\/mills.no\/mills\/"},{"@type":"ListItem","position":2,"name":"Produkter","item":"https:\/\/mills.no\/mills\/produkter\/"},{"@type":"ListItem","position":3,"name":"Mills Kaviar"}]},{"@type":"WebSite","@id":"https:\/\/mills.no\/mills\/#website","url":"https:\/\/mills.no\/mills\/","name":"Mills","description":"Smaken p\u00e5 det gode liv siden 1951","publisher":{"@id":"https:\/\/mills.no\/mills\/#organization"},"potentialAction":[{"@type":"SearchAction","target":{"@type":"EntryPoint","urlTemplate":"https:\/\/mills.no\/mills\/?s={search_term_string}"},"query-input":{"@type":"PropertyValueSpecification","valueRequired":true,"valueName":"search_term_string"}}],"inLanguage":"nb-NO"},{"@type":"Organization","@id":"https:\/\/mills.no\/mills\/#organization","name":"Mills","url":"https:\/\/mills.no\/mills\/","logo":{"@type":"ImageObject","inLanguage":"nb-NO","@id":"https:\/\/mills.no\/mills\/#\/schema\/logo\/image\/","url":"https:\/\/mills.no\/content\/uploads\/sites\/2\/2022\/06\/Mills-logo-farger.svg","contentUrl":"https:\/\/mills.no\/content\/uploads\/sites\/2\/2022\/06\/Mills-logo-farger.svg","caption":"Mills"},"image":{"@id":"https:\/\/mills.no\/mills\/#\/schema\/logo\/image\/"}}]}},"_links":{"self":[{"href":"https:\/\/mills.no\/mills\/wp-json\/wp\/v2\/pages\/672","targetHints":{"allow":["GET"]}}],"collection":[{"href":"https:\/\/mills.no\/mills\/wp-json\/wp\/v2\/pages"}],"about":[{"href":"https:\/\/mills.no\/mills\/wp-json\/wp\/v2\/types\/page"}],"author":[{"embeddable":true,"href":"https:\/\/mills.no\/mills\/wp-json\/wp\/v2\/users\/2"}],"replies":[{"embeddable":true,"href":"https:\/\/mills.no\/mills\/wp-json\/wp\/v2\/comments?post=672"}],"version-history":[{"count":13,"href":"https:\/\/mills.no\/mills\/wp-json\/wp\/v2\/pages\/672\/revisions"}],"predecessor-version":[{"id":1892,"href":"https:\/\/mills.no\/mills\/wp-json\/wp\/v2\/pages\/672\/revisions\/1892"}],"up":[{"embeddable":true,"href":"https:\/\/mills.no\/mills\/wp-json\/wp\/v2\/pages\/680"}],"wp:featuredmedia":[{"embeddable":true,"href":"https:\/\/mills.no\/mills\/wp-json\/wp\/v2\/media\/1656"}],"wp:attachment":[{"href":"https:\/\/mills.no\/mills\/wp-json\/wp\/v2\/media?parent=672"}],"curies":[{"name":"wp","href":"https:\/\/api.w.org\/{rel}","templated":true}]}}