{"id":32993,"date":"2016-03-12T12:48:44","date_gmt":"2016-03-12T11:48:44","guid":{"rendered":"https:\/\/mills.no\/produkt\/mills-polarkaviar\/"},"modified":"2024-02-07T09:13:28","modified_gmt":"2024-02-07T08:13:28","slug":"mills-polarkaviar","status":"publish","type":"product","link":"https:\/\/mills.no\/mills\/produkt\/mills-polarkaviar\/","title":{"rendered":"Mills Polarkaviar"},"content":{"rendered":"<div class=\"mills-block-featured alignwide alignwide wp-block-mills-block-featured\"><div class=\"wp-block-cover__inner-container\">\n<h1 class=\"has-text-align-center wp-block-post-title has-text-color has-neutral-1000-color\">Mills Polarkaviar<\/h1>\n\n<p class=\"t2-ingress has-text-align-center align wp-block-t2-ingress\">Fra rene polare farvann har vi hentet r\u00e5varer som gj\u00f8r at Mills Polarkaviar er rik p\u00e5 Omega-3. \n<\/p>\n<\/div><\/div>\n\n\n\t\t<div class=\"has-background has-neutral-0-background-color is-style-vertical-spacing is-style-horizontal-spacing alignwide wp-block-mills-section has-background has-neutral-0-background-color\">\n\t\t\t<div class=\"wp-block-mills-section__inner aligncenter\">\n\t\t\t\t\n\n<div class=\"wp-block-image\"><figure class=\"aligncenter size-large\"><img decoding=\"async\" src=\"https:\/\/mills.no\/content\/uploads\/2016\/03\/Mills-Polar-kaviar-1024x325.png\" alt=\"Mills Polarkaviar\" class=\"wp-image-40733\"\/><\/figure><\/div>\n\n\n\n<p>Mills Polarkaviar er laget med torskerogn, rapsolje og smaksn\u00f8ytral torskeolje, noe som inneb\u00e6rer at produktet har et h\u00f8yt innhold av umettet fett, deriblant omega-3. Kroppen produserer ikke Omega-3 selv, noe som gj\u00f8r at vi er avhengig av \u00e5 f\u00e5 i oss nok gjennom mat eller kosttilskudd. <\/p>\n\n\n\n<p>Kun to skiver med Polarkaviar er nok for \u00e5 dekke dagsbehovet ditt for omega-3. <\/p>\n\n\n\n<p>Polarkaviar er mild og god p\u00e5 smak noe som gj\u00f8r den popul\u00e6r blant de minste. Den inneholder ogs\u00e5 mindre salt og sukker enn vanlig kaviar, og kan v\u00e6re et godt hjelpemiddel for \u00e5 sikre at barna f\u00e5r i seg nok omega-3.<\/p>\n\n\n\t\t\t<\/div>\n\t\t<\/div>\n\n\n<div class=\"wp-block-cover alignwide has-custom-content-position is-position-center-right mills-did-you-know\"><img decoding=\"async\" class=\"wp-block-cover__image-background wp-image-36759\" alt=\"\" src=\"https:\/\/mills.no\/content\/uploads\/2022\/01\/polarkaviar-hero.jpg\" data-object-fit=\"cover\"\/><div class=\"wp-block-cover__inner-container is-layout-flow wp-block-cover-is-layout-flow\">\n<h3 class=\"has-text-align-center aligncenter wp-block-heading\" id=\"h-visste-du-at\">Visste du at?<\/h3>\n\n\n\n<p class=\"has-text-align-center\">Visste du at Mills Polarkaviar inneholder 50 % mer omega-3, og likevel har den samme gode kaviarsmaken?<\/p>\n<\/div><\/div>\n\n\n","protected":false},"excerpt":{"rendered":"<p>Fra rene polare farvann har vi hentet r\u00e5varer som gj\u00f8r at Mills Polarkaviar er rik p\u00e5 Omega-3.<\/p>\n","protected":false},"featured_media":0,"menu_order":121,"template":"","meta":{"_searchwp_excluded":"","hide_post_title":false,"mills_central_gtin":"","footnotes":""},"brand":[],"allergen":[],"product_category":[],"product_label":[],"class_list":["post-32993","product","type-product","status-publish","hentry"],"yoast_head":"<!-- This site is optimized with the Yoast SEO Premium plugin v26.9 (Yoast SEO v26.9) - https:\/\/yoast.com\/product\/yoast-seo-premium-wordpress\/ -->\n<title>Mills Polarkaviar - Mills<\/title>\n<meta name=\"robots\" content=\"index, follow, max-snippet:-1, max-image-preview:large, max-video-preview:-1\" \/>\n<link rel=\"canonical\" href=\"https:\/\/mills.no\/mills\/produkt\/mills-polarkaviar\/\" \/>\n<meta property=\"og:locale\" content=\"nb_NO\" \/>\n<meta property=\"og:type\" content=\"article\" \/>\n<meta property=\"og:title\" content=\"Mills Polarkaviar\" \/>\n<meta property=\"og:description\" content=\"Fra rene polare farvann har vi hentet r\u00e5varer som gj\u00f8r at Mills Polarkaviar er rik p\u00e5 Omega-3.\" \/>\n<meta property=\"og:url\" content=\"https:\/\/mills.no\/mills\/produkt\/mills-polarkaviar\/\" \/>\n<meta property=\"og:site_name\" content=\"Mills\" \/>\n<meta property=\"article:modified_time\" content=\"2024-02-07T08:13:28+00:00\" \/>\n<meta property=\"og:image\" content=\"https:\/\/mills.no\/content\/uploads\/2016\/03\/Mills-Polar-kaviar-1024x325.png\" \/>\n<meta name=\"twitter:card\" content=\"summary_large_image\" \/>\n<meta name=\"twitter:label1\" content=\"Ansl. lesetid\" \/>\n\t<meta name=\"twitter:data1\" content=\"1 minutt\" \/>\n<script type=\"application\/ld+json\" class=\"yoast-schema-graph\">{\"@context\":\"https:\/\/schema.org\",\"@graph\":[{\"@type\":\"WebPage\",\"@id\":\"https:\/\/mills.no\/mills\/produkt\/mills-polarkaviar\/\",\"url\":\"https:\/\/mills.no\/mills\/produkt\/mills-polarkaviar\/\",\"name\":\"Mills Polarkaviar - Mills\",\"isPartOf\":{\"@id\":\"https:\/\/mills.no\/mills\/#website\"},\"primaryImageOfPage\":{\"@id\":\"https:\/\/mills.no\/mills\/produkt\/mills-polarkaviar\/#primaryimage\"},\"image\":{\"@id\":\"https:\/\/mills.no\/mills\/produkt\/mills-polarkaviar\/#primaryimage\"},\"thumbnailUrl\":\"https:\/\/mills.no\/content\/uploads\/2016\/03\/Mills-Polar-kaviar-1024x325.png\",\"datePublished\":\"2016-03-12T11:48:44+00:00\",\"dateModified\":\"2024-02-07T08:13:28+00:00\",\"breadcrumb\":{\"@id\":\"https:\/\/mills.no\/mills\/produkt\/mills-polarkaviar\/#breadcrumb\"},\"inLanguage\":\"nb-NO\",\"potentialAction\":[{\"@type\":\"ReadAction\",\"target\":[\"https:\/\/mills.no\/mills\/produkt\/mills-polarkaviar\/\"]}]},{\"@type\":\"ImageObject\",\"inLanguage\":\"nb-NO\",\"@id\":\"https:\/\/mills.no\/mills\/produkt\/mills-polarkaviar\/#primaryimage\",\"url\":\"https:\/\/mills.no\/content\/uploads\/2016\/03\/Mills-Polar-kaviar-1024x325.png\",\"contentUrl\":\"https:\/\/mills.no\/content\/uploads\/2016\/03\/Mills-Polar-kaviar-1024x325.png\"},{\"@type\":\"BreadcrumbList\",\"@id\":\"https:\/\/mills.no\/mills\/produkt\/mills-polarkaviar\/#breadcrumb\",\"itemListElement\":[{\"@type\":\"ListItem\",\"position\":1,\"name\":\"Home\",\"item\":\"https:\/\/mills.no\/mills\/\"},{\"@type\":\"ListItem\",\"position\":2,\"name\":\"Produkter\",\"item\":\"https:\/\/mills.no\/mills\/produkter\/\"},{\"@type\":\"ListItem\",\"position\":3,\"name\":\"Mills Polarkaviar\"}]},{\"@type\":\"WebSite\",\"@id\":\"https:\/\/mills.no\/mills\/#website\",\"url\":\"https:\/\/mills.no\/mills\/\",\"name\":\"Mills\",\"description\":\"Smaken p\u00e5 det gode liv siden 1951\",\"publisher\":{\"@id\":\"https:\/\/mills.no\/mills\/#organization\"},\"potentialAction\":[{\"@type\":\"SearchAction\",\"target\":{\"@type\":\"EntryPoint\",\"urlTemplate\":\"https:\/\/mills.no\/mills\/?s={search_term_string}\"},\"query-input\":{\"@type\":\"PropertyValueSpecification\",\"valueRequired\":true,\"valueName\":\"search_term_string\"}}],\"inLanguage\":\"nb-NO\"},{\"@type\":\"Organization\",\"@id\":\"https:\/\/mills.no\/mills\/#organization\",\"name\":\"Mills\",\"url\":\"https:\/\/mills.no\/mills\/\",\"logo\":{\"@type\":\"ImageObject\",\"inLanguage\":\"nb-NO\",\"@id\":\"https:\/\/mills.no\/mills\/#\/schema\/logo\/image\/\",\"url\":\"https:\/\/mills.no\/content\/uploads\/sites\/2\/2022\/06\/Mills-logo-farger.svg\",\"contentUrl\":\"https:\/\/mills.no\/content\/uploads\/sites\/2\/2022\/06\/Mills-logo-farger.svg\",\"caption\":\"Mills\"},\"image\":{\"@id\":\"https:\/\/mills.no\/mills\/#\/schema\/logo\/image\/\"}}]}<\/script>\n<!-- \/ Yoast SEO Premium plugin. -->","yoast_head_json":{"title":"Mills Polarkaviar - Mills","robots":{"index":"index","follow":"follow","max-snippet":"max-snippet:-1","max-image-preview":"max-image-preview:large","max-video-preview":"max-video-preview:-1"},"canonical":"https:\/\/mills.no\/mills\/produkt\/mills-polarkaviar\/","og_locale":"nb_NO","og_type":"article","og_title":"Mills Polarkaviar","og_description":"Fra rene polare farvann har vi hentet r\u00e5varer som gj\u00f8r at Mills Polarkaviar er rik p\u00e5 Omega-3.","og_url":"https:\/\/mills.no\/mills\/produkt\/mills-polarkaviar\/","og_site_name":"Mills","article_modified_time":"2024-02-07T08:13:28+00:00","og_image":[{"url":"https:\/\/mills.no\/content\/uploads\/2016\/03\/Mills-Polar-kaviar-1024x325.png","type":"","width":"","height":""}],"twitter_card":"summary_large_image","twitter_misc":{"Ansl. lesetid":"1 minutt"},"schema":{"@context":"https:\/\/schema.org","@graph":[{"@type":"WebPage","@id":"https:\/\/mills.no\/mills\/produkt\/mills-polarkaviar\/","url":"https:\/\/mills.no\/mills\/produkt\/mills-polarkaviar\/","name":"Mills Polarkaviar - Mills","isPartOf":{"@id":"https:\/\/mills.no\/mills\/#website"},"primaryImageOfPage":{"@id":"https:\/\/mills.no\/mills\/produkt\/mills-polarkaviar\/#primaryimage"},"image":{"@id":"https:\/\/mills.no\/mills\/produkt\/mills-polarkaviar\/#primaryimage"},"thumbnailUrl":"https:\/\/mills.no\/content\/uploads\/2016\/03\/Mills-Polar-kaviar-1024x325.png","datePublished":"2016-03-12T11:48:44+00:00","dateModified":"2024-02-07T08:13:28+00:00","breadcrumb":{"@id":"https:\/\/mills.no\/mills\/produkt\/mills-polarkaviar\/#breadcrumb"},"inLanguage":"nb-NO","potentialAction":[{"@type":"ReadAction","target":["https:\/\/mills.no\/mills\/produkt\/mills-polarkaviar\/"]}]},{"@type":"ImageObject","inLanguage":"nb-NO","@id":"https:\/\/mills.no\/mills\/produkt\/mills-polarkaviar\/#primaryimage","url":"https:\/\/mills.no\/content\/uploads\/2016\/03\/Mills-Polar-kaviar-1024x325.png","contentUrl":"https:\/\/mills.no\/content\/uploads\/2016\/03\/Mills-Polar-kaviar-1024x325.png"},{"@type":"BreadcrumbList","@id":"https:\/\/mills.no\/mills\/produkt\/mills-polarkaviar\/#breadcrumb","itemListElement":[{"@type":"ListItem","position":1,"name":"Home","item":"https:\/\/mills.no\/mills\/"},{"@type":"ListItem","position":2,"name":"Produkter","item":"https:\/\/mills.no\/mills\/produkter\/"},{"@type":"ListItem","position":3,"name":"Mills Polarkaviar"}]},{"@type":"WebSite","@id":"https:\/\/mills.no\/mills\/#website","url":"https:\/\/mills.no\/mills\/","name":"Mills","description":"Smaken p\u00e5 det gode liv siden 1951","publisher":{"@id":"https:\/\/mills.no\/mills\/#organization"},"potentialAction":[{"@type":"SearchAction","target":{"@type":"EntryPoint","urlTemplate":"https:\/\/mills.no\/mills\/?s={search_term_string}"},"query-input":{"@type":"PropertyValueSpecification","valueRequired":true,"valueName":"search_term_string"}}],"inLanguage":"nb-NO"},{"@type":"Organization","@id":"https:\/\/mills.no\/mills\/#organization","name":"Mills","url":"https:\/\/mills.no\/mills\/","logo":{"@type":"ImageObject","inLanguage":"nb-NO","@id":"https:\/\/mills.no\/mills\/#\/schema\/logo\/image\/","url":"https:\/\/mills.no\/content\/uploads\/sites\/2\/2022\/06\/Mills-logo-farger.svg","contentUrl":"https:\/\/mills.no\/content\/uploads\/sites\/2\/2022\/06\/Mills-logo-farger.svg","caption":"Mills"},"image":{"@id":"https:\/\/mills.no\/mills\/#\/schema\/logo\/image\/"}}]}},"_links":{"self":[{"href":"https:\/\/mills.no\/mills\/wp-json\/wp\/v2\/product\/32993","targetHints":{"allow":["GET"]}}],"collection":[{"href":"https:\/\/mills.no\/mills\/wp-json\/wp\/v2\/product"}],"about":[{"href":"https:\/\/mills.no\/mills\/wp-json\/wp\/v2\/types\/product"}],"version-history":[{"count":0,"href":"https:\/\/mills.no\/mills\/wp-json\/wp\/v2\/product\/32993\/revisions"}],"wp:attachment":[{"href":"https:\/\/mills.no\/mills\/wp-json\/wp\/v2\/media?parent=32993"}],"wp:term":[{"taxonomy":"brand","embeddable":true,"href":"https:\/\/mills.no\/mills\/wp-json\/wp\/v2\/brand?post=32993"},{"taxonomy":"allergen","embeddable":true,"href":"https:\/\/mills.no\/mills\/wp-json\/wp\/v2\/allergen?post=32993"},{"taxonomy":"product_category","embeddable":true,"href":"https:\/\/mills.no\/mills\/wp-json\/wp\/v2\/product_category?post=32993"},{"taxonomy":"product_label","embeddable":true,"href":"https:\/\/mills.no\/mills\/wp-json\/wp\/v2\/product_label?post=32993"}],"curies":[{"name":"wp","href":"https:\/\/api.w.org\/{rel}","templated":true}]}}