{"id":33027,"date":"2016-01-21T08:50:46","date_gmt":"2016-01-21T07:50:46","guid":{"rendered":"https:\/\/mills.no\/produkt\/mills-hvitloksmajones\/"},"modified":"2024-11-15T11:53:37","modified_gmt":"2024-11-15T10:53:37","slug":"hvitloksmajones","status":"publish","type":"product","link":"https:\/\/mills.no\/mills\/produkt\/hvitloksmajones\/","title":{"rendered":"Mills Hvitl\u00f8ksmajones"},"content":{"rendered":"<div class=\"mills-block-featured alignwide alignwide wp-block-mills-block-featured\"><div class=\"wp-block-cover__inner-container\">\n<h1 class=\"has-text-align-center wp-block-post-title has-text-color has-neutral-1000-color\">Mills Hvitl\u00f8ksmajones<\/h1>\n\n<p class=\"t2-ingress has-text-align-center align wp-block-t2-ingress\">Mills Hvitl\u00f8ksmajones er kjempegod i salater, p\u00e5 burgere og p\u00e5 sm\u00f8rbr\u00f8d med godt p\u00e5legg. Hvitl\u00f8ksmajonesen smaker ogs\u00e5 fantastisk som dipp til pommes frites, potetb\u00e5ter eller andre gr\u00f8nnsaker.<\/p>\n<\/div><\/div>\n\n\n\t\t<div class=\"has-background has-neutral-0-background-color is-style-vertical-spacing is-style-horizontal-spacing alignwide wp-block-mills-section has-background has-neutral-0-background-color\">\n\t\t\t<div class=\"wp-block-mills-section__inner aligncenter\">\n\t\t\t\t\n\n<figure class=\"wp-block-image aligncenter size-large\"><img decoding=\"async\" src=\"https:\/\/mills.no\/content\/uploads\/2022\/08\/Mills_hvitloksmajones-576x1024.png\" alt=\"\" class=\"wp-image-39373\"\/><\/figure>\n\n\n\t\t\t<\/div>\n\t\t<\/div>\n\n\n<div class=\"wp-block-cover alignwide is-light has-custom-content-position is-position-center-right mills-did-you-know\"><span aria-hidden=\"true\" class=\"wp-block-cover__background has-background-dim-0 has-background-dim\"><\/span><img decoding=\"async\" class=\"wp-block-cover__image-background wp-image-36816\" alt=\"\" src=\"https:\/\/mills.no\/content\/uploads\/2022\/01\/smaksmajones-1.jpg\" data-object-fit=\"cover\"\/><div class=\"wp-block-cover__inner-container is-layout-flow wp-block-cover-is-layout-flow\">\n<h3 class=\"wp-block-heading has-text-align-center aligncenter\" id=\"h-visste-du-at\">Visste du at?<\/h3>\n\n\n\n<p class=\"has-text-align-center\">Mills majones ble lansert i 1952. Ett glass kostet da 1,80 kr?<\/p>\n<\/div><\/div>\n\n\n<div class=\"mills-block-food-labeling alignwide alignwide wp-block-mills-block-food-labeling\"><div class=\"left\"><section class=\"nutrients-section\"><header class\"nutrients-header\"><h3>N\u00e6ringsinnhold<\/h3><\/header><p class=\"nutrients-info\">100 gram gir.<\/p><div class=\"nutrients-list\"><div class=\"nutrient-item heading energy ENERGY_KJ\"><span>Energi<\/span><span>2860 kJ (695 kcal)<\/span><\/div><div class=\"empty-item\"><span>&nbsp;<\/span><\/div><div class=\"nutrient-item heading fat FAT\"><span>Fett<\/span><span>75 g<\/span><\/div><div class=\"nutrient-sub\"><span>Hvorav<\/span><\/div><div class=\"nutrient-item fat FASAT\"><span>&#8211; Mettet fett<\/span><span>5 g<\/span><\/div><div class=\"nutrient-item fat FAMSCIS\"><span>&#8211; Enumettet fett<\/span><span>46 g<\/span><\/div><div class=\"nutrient-item fat FAPUCIS\"><span>&#8211; Flerumettet fett<\/span><span>20 g<\/span><\/div><div class=\"empty-item\"><span>&nbsp;<\/span><\/div><div class=\"nutrient-item heading carbs CHOAVL\"><span>Karbohydrater<\/span><span>4 g<\/span><\/div><div class=\"nutrient-sub\"><span>Hvorav<\/span><\/div><div class=\"nutrient-item carbs SUGAR-\"><span>&#8211; Sukkerarter<\/span><span>3 g<\/span><\/div><div class=\"empty-item\"><span>&nbsp;<\/span><\/div><div class=\"nutrient-item heading protein PRO-\"><span>Protein<\/span><span>1 g<\/span><\/div><div class=\"empty-item\"><span>&nbsp;<\/span><\/div><div class=\"nutrient-item heading salt SALTEQ\"><span>Salt<\/span><span>0.7 g<\/span><\/div><\/div><\/section><\/div><div class=\"right\"><section class=\"ingredients-section\"><header class=\"ingredients-header\"><h3>Ingredienser<\/h3><\/header><p class=\"ingredients-list\">Rapsolje, vann, eggeplomme (5 %, egg fra frittg\u00e5ende h\u00f8ner), hvitl\u00f8ksbiter (2 %), eddik, sukker, salt, fortykningsmiddel (guarkjernemel, xantangummi), konserveringsmiddel (kaliumsorbat, natriumbenzoat), surhetsregulerende middel (sitronsyre), aroma, antioksidant (E 385), fargestoff (betakaroten)<\/p><p class=\"ingredients-smallprint\"><small>Produktsammensetningen kan endres. Les derfor alltid ingredienslisten p\u00e5 emballasjen p\u00e5 produktet.<\/small><\/p><\/section>\n<section class=\"allergens-section contains\"><header class=\"allergens-header\"><h3>Allergener<\/h3><\/header><div class=\"wp-block-buttons\"><div class=\"wp-block-button is-style-outline AE\"><span class=\"wp-block-button__link\">Egg<i class=\"icon-IconAllergy-egg\"><\/i><\/span><\/div><\/div><\/section><\/div><\/div>","protected":false},"excerpt":{"rendered":"<p>Mills Hvitl\u00f8ksmajones er kjempegod i salater, p\u00e5 burgere og p\u00e5 sm\u00f8rbr\u00f8d med godt p\u00e5legg. Hvitl\u00f8ksmajonesen smaker ogs\u00e5 fantastisk som dipp&hellip;<\/p>\n","protected":false},"featured_media":0,"menu_order":135,"template":"","meta":{"_searchwp_excluded":"","hide_post_title":false,"mills_central_gtin":"","footnotes":""},"brand":[],"allergen":[],"product_category":[],"product_label":[],"class_list":["post-33027","product","type-product","status-publish","hentry"],"yoast_head":"<!-- This site is optimized with the Yoast SEO Premium plugin v26.9 (Yoast SEO v26.9) - https:\/\/yoast.com\/product\/yoast-seo-premium-wordpress\/ -->\n<title>Mills Hvitl\u00f8ksmajones - Mills<\/title>\n<meta name=\"robots\" content=\"index, follow, max-snippet:-1, max-image-preview:large, max-video-preview:-1\" \/>\n<link rel=\"canonical\" href=\"https:\/\/mills.no\/mills\/produkt\/hvitloksmajones\/\" \/>\n<meta property=\"og:locale\" content=\"nb_NO\" \/>\n<meta property=\"og:type\" content=\"article\" \/>\n<meta property=\"og:title\" content=\"Mills Hvitl\u00f8ksmajones\" \/>\n<meta property=\"og:description\" content=\"Mills Hvitl\u00f8ksmajones er kjempegod i salater, p\u00e5 burgere og p\u00e5 sm\u00f8rbr\u00f8d med godt p\u00e5legg. Hvitl\u00f8ksmajonesen smaker ogs\u00e5 fantastisk som dipp&hellip;\" \/>\n<meta property=\"og:url\" content=\"https:\/\/mills.no\/mills\/produkt\/hvitloksmajones\/\" \/>\n<meta property=\"og:site_name\" content=\"Mills\" \/>\n<meta property=\"article:modified_time\" content=\"2024-11-15T10:53:37+00:00\" \/>\n<meta property=\"og:image\" content=\"https:\/\/mills.no\/content\/uploads\/2022\/08\/Mills_hvitloksmajones-576x1024.png\" \/>\n<meta name=\"twitter:card\" content=\"summary_large_image\" \/>\n<script type=\"application\/ld+json\" class=\"yoast-schema-graph\">{\"@context\":\"https:\/\/schema.org\",\"@graph\":[{\"@type\":\"WebPage\",\"@id\":\"https:\/\/mills.no\/mills\/produkt\/hvitloksmajones\/\",\"url\":\"https:\/\/mills.no\/mills\/produkt\/hvitloksmajones\/\",\"name\":\"Mills Hvitl\u00f8ksmajones - Mills\",\"isPartOf\":{\"@id\":\"https:\/\/mills.no\/mills\/#website\"},\"primaryImageOfPage\":{\"@id\":\"https:\/\/mills.no\/mills\/produkt\/hvitloksmajones\/#primaryimage\"},\"image\":{\"@id\":\"https:\/\/mills.no\/mills\/produkt\/hvitloksmajones\/#primaryimage\"},\"thumbnailUrl\":\"https:\/\/mills.no\/content\/uploads\/2022\/08\/Mills_hvitloksmajones-576x1024.png\",\"datePublished\":\"2016-01-21T07:50:46+00:00\",\"dateModified\":\"2024-11-15T10:53:37+00:00\",\"breadcrumb\":{\"@id\":\"https:\/\/mills.no\/mills\/produkt\/hvitloksmajones\/#breadcrumb\"},\"inLanguage\":\"nb-NO\",\"potentialAction\":[{\"@type\":\"ReadAction\",\"target\":[\"https:\/\/mills.no\/mills\/produkt\/hvitloksmajones\/\"]}]},{\"@type\":\"ImageObject\",\"inLanguage\":\"nb-NO\",\"@id\":\"https:\/\/mills.no\/mills\/produkt\/hvitloksmajones\/#primaryimage\",\"url\":\"https:\/\/mills.no\/content\/uploads\/2022\/08\/Mills_hvitloksmajones-576x1024.png\",\"contentUrl\":\"https:\/\/mills.no\/content\/uploads\/2022\/08\/Mills_hvitloksmajones-576x1024.png\"},{\"@type\":\"BreadcrumbList\",\"@id\":\"https:\/\/mills.no\/mills\/produkt\/hvitloksmajones\/#breadcrumb\",\"itemListElement\":[{\"@type\":\"ListItem\",\"position\":1,\"name\":\"Home\",\"item\":\"https:\/\/mills.no\/mills\/\"},{\"@type\":\"ListItem\",\"position\":2,\"name\":\"Produkter\",\"item\":\"https:\/\/mills.no\/mills\/produkter\/\"},{\"@type\":\"ListItem\",\"position\":3,\"name\":\"Mills Hvitl\u00f8ksmajones\"}]},{\"@type\":\"WebSite\",\"@id\":\"https:\/\/mills.no\/mills\/#website\",\"url\":\"https:\/\/mills.no\/mills\/\",\"name\":\"Mills\",\"description\":\"Smaken p\u00e5 det gode liv siden 1951\",\"publisher\":{\"@id\":\"https:\/\/mills.no\/mills\/#organization\"},\"potentialAction\":[{\"@type\":\"SearchAction\",\"target\":{\"@type\":\"EntryPoint\",\"urlTemplate\":\"https:\/\/mills.no\/mills\/?s={search_term_string}\"},\"query-input\":{\"@type\":\"PropertyValueSpecification\",\"valueRequired\":true,\"valueName\":\"search_term_string\"}}],\"inLanguage\":\"nb-NO\"},{\"@type\":\"Organization\",\"@id\":\"https:\/\/mills.no\/mills\/#organization\",\"name\":\"Mills\",\"url\":\"https:\/\/mills.no\/mills\/\",\"logo\":{\"@type\":\"ImageObject\",\"inLanguage\":\"nb-NO\",\"@id\":\"https:\/\/mills.no\/mills\/#\/schema\/logo\/image\/\",\"url\":\"https:\/\/mills.no\/content\/uploads\/sites\/2\/2022\/06\/Mills-logo-farger.svg\",\"contentUrl\":\"https:\/\/mills.no\/content\/uploads\/sites\/2\/2022\/06\/Mills-logo-farger.svg\",\"caption\":\"Mills\"},\"image\":{\"@id\":\"https:\/\/mills.no\/mills\/#\/schema\/logo\/image\/\"}}]}<\/script>\n<!-- \/ Yoast SEO Premium plugin. -->","yoast_head_json":{"title":"Mills Hvitl\u00f8ksmajones - Mills","robots":{"index":"index","follow":"follow","max-snippet":"max-snippet:-1","max-image-preview":"max-image-preview:large","max-video-preview":"max-video-preview:-1"},"canonical":"https:\/\/mills.no\/mills\/produkt\/hvitloksmajones\/","og_locale":"nb_NO","og_type":"article","og_title":"Mills Hvitl\u00f8ksmajones","og_description":"Mills Hvitl\u00f8ksmajones er kjempegod i salater, p\u00e5 burgere og p\u00e5 sm\u00f8rbr\u00f8d med godt p\u00e5legg. Hvitl\u00f8ksmajonesen smaker ogs\u00e5 fantastisk som dipp&hellip;","og_url":"https:\/\/mills.no\/mills\/produkt\/hvitloksmajones\/","og_site_name":"Mills","article_modified_time":"2024-11-15T10:53:37+00:00","og_image":[{"url":"https:\/\/mills.no\/content\/uploads\/2022\/08\/Mills_hvitloksmajones-576x1024.png","type":"","width":"","height":""}],"twitter_card":"summary_large_image","schema":{"@context":"https:\/\/schema.org","@graph":[{"@type":"WebPage","@id":"https:\/\/mills.no\/mills\/produkt\/hvitloksmajones\/","url":"https:\/\/mills.no\/mills\/produkt\/hvitloksmajones\/","name":"Mills Hvitl\u00f8ksmajones - Mills","isPartOf":{"@id":"https:\/\/mills.no\/mills\/#website"},"primaryImageOfPage":{"@id":"https:\/\/mills.no\/mills\/produkt\/hvitloksmajones\/#primaryimage"},"image":{"@id":"https:\/\/mills.no\/mills\/produkt\/hvitloksmajones\/#primaryimage"},"thumbnailUrl":"https:\/\/mills.no\/content\/uploads\/2022\/08\/Mills_hvitloksmajones-576x1024.png","datePublished":"2016-01-21T07:50:46+00:00","dateModified":"2024-11-15T10:53:37+00:00","breadcrumb":{"@id":"https:\/\/mills.no\/mills\/produkt\/hvitloksmajones\/#breadcrumb"},"inLanguage":"nb-NO","potentialAction":[{"@type":"ReadAction","target":["https:\/\/mills.no\/mills\/produkt\/hvitloksmajones\/"]}]},{"@type":"ImageObject","inLanguage":"nb-NO","@id":"https:\/\/mills.no\/mills\/produkt\/hvitloksmajones\/#primaryimage","url":"https:\/\/mills.no\/content\/uploads\/2022\/08\/Mills_hvitloksmajones-576x1024.png","contentUrl":"https:\/\/mills.no\/content\/uploads\/2022\/08\/Mills_hvitloksmajones-576x1024.png"},{"@type":"BreadcrumbList","@id":"https:\/\/mills.no\/mills\/produkt\/hvitloksmajones\/#breadcrumb","itemListElement":[{"@type":"ListItem","position":1,"name":"Home","item":"https:\/\/mills.no\/mills\/"},{"@type":"ListItem","position":2,"name":"Produkter","item":"https:\/\/mills.no\/mills\/produkter\/"},{"@type":"ListItem","position":3,"name":"Mills Hvitl\u00f8ksmajones"}]},{"@type":"WebSite","@id":"https:\/\/mills.no\/mills\/#website","url":"https:\/\/mills.no\/mills\/","name":"Mills","description":"Smaken p\u00e5 det gode liv siden 1951","publisher":{"@id":"https:\/\/mills.no\/mills\/#organization"},"potentialAction":[{"@type":"SearchAction","target":{"@type":"EntryPoint","urlTemplate":"https:\/\/mills.no\/mills\/?s={search_term_string}"},"query-input":{"@type":"PropertyValueSpecification","valueRequired":true,"valueName":"search_term_string"}}],"inLanguage":"nb-NO"},{"@type":"Organization","@id":"https:\/\/mills.no\/mills\/#organization","name":"Mills","url":"https:\/\/mills.no\/mills\/","logo":{"@type":"ImageObject","inLanguage":"nb-NO","@id":"https:\/\/mills.no\/mills\/#\/schema\/logo\/image\/","url":"https:\/\/mills.no\/content\/uploads\/sites\/2\/2022\/06\/Mills-logo-farger.svg","contentUrl":"https:\/\/mills.no\/content\/uploads\/sites\/2\/2022\/06\/Mills-logo-farger.svg","caption":"Mills"},"image":{"@id":"https:\/\/mills.no\/mills\/#\/schema\/logo\/image\/"}}]}},"_links":{"self":[{"href":"https:\/\/mills.no\/mills\/wp-json\/wp\/v2\/product\/33027","targetHints":{"allow":["GET"]}}],"collection":[{"href":"https:\/\/mills.no\/mills\/wp-json\/wp\/v2\/product"}],"about":[{"href":"https:\/\/mills.no\/mills\/wp-json\/wp\/v2\/types\/product"}],"version-history":[{"count":0,"href":"https:\/\/mills.no\/mills\/wp-json\/wp\/v2\/product\/33027\/revisions"}],"wp:attachment":[{"href":"https:\/\/mills.no\/mills\/wp-json\/wp\/v2\/media?parent=33027"}],"wp:term":[{"taxonomy":"brand","embeddable":true,"href":"https:\/\/mills.no\/mills\/wp-json\/wp\/v2\/brand?post=33027"},{"taxonomy":"allergen","embeddable":true,"href":"https:\/\/mills.no\/mills\/wp-json\/wp\/v2\/allergen?post=33027"},{"taxonomy":"product_category","embeddable":true,"href":"https:\/\/mills.no\/mills\/wp-json\/wp\/v2\/product_category?post=33027"},{"taxonomy":"product_label","embeddable":true,"href":"https:\/\/mills.no\/mills\/wp-json\/wp\/v2\/product_label?post=33027"}],"curies":[{"name":"wp","href":"https:\/\/api.w.org\/{rel}","templated":true}]}}