{"id":33033,"date":"2016-01-21T08:50:46","date_gmt":"2016-01-21T07:50:46","guid":{"rendered":"https:\/\/mills.no\/produkt\/mills-original-kaviar\/"},"modified":"2026-02-19T13:42:35","modified_gmt":"2026-02-19T12:42:35","slug":"original-kaviar","status":"publish","type":"product","link":"https:\/\/mills.no\/mills\/produkt\/original-kaviar\/","title":{"rendered":"Mills Original kaviar"},"content":{"rendered":"<div class=\"mills-block-featured alignwide alignwide wp-block-mills-block-featured\"><div class=\"wp-block-cover__inner-container\">\n<h1 class=\"has-text-align-center wp-block-post-title has-text-color has-neutral-1000-color\">Mills Original kaviar<\/h1>\n\n<p class=\"t2-ingress has-text-align-center align wp-block-t2-ingress\">Mills kaviar er et tradisjonsrikt p\u00e5legg som generasjoner av nordmenn har hatt p\u00e5 br\u00f8dskivene gjennom oppveksten \u2013 og senere i livet! Mills har den originale kaviaren som ble lansert allerede i 1952. \n<\/p>\n<\/div><\/div>\n\n\n\t\t<div class=\"has-background has-neutral-0-background-color is-style-vertical-spacing is-style-horizontal-spacing alignwide wp-block-mills-section has-background has-neutral-0-background-color\">\n\t\t\t<div class=\"wp-block-mills-section__inner aligncenter\">\n\t\t\t\t\n\n<figure class=\"wp-block-image aligncenter size-large\"><img decoding=\"async\" src=\"https:\/\/mills.no\/content\/uploads\/2023\/11\/Mills-Original-kaviar-1024x325.png\" alt=\"Mills Original kaviar\" class=\"wp-image-40735\"\/><\/figure>\n\n\n\n<p>Den originale kaviaren fra Mills har p\u00e5 mange m\u00e5ter satt en standard for hvordan kaviar skal smake. Fremstilt av f\u00f8rsteklasses rogn fra skrei fra Norskehavet, modnet og lettr\u00f8kt i r\u00f8yken fra b\u00f8k, gir Mills kaviar en rik og spennende smaksopplevelse for b\u00e5de sm\u00e5 og store. Enten som hovedrolleinnhaver p\u00e5 en real br\u00f8dskive, eller som en spennende smakshever til andre p\u00e5legg \u00e5 skiva \u2013 som for eksempel egg eller ost.<\/p>\n\n\n\t\t\t<\/div>\n\t\t<\/div>\n\n","protected":false},"excerpt":{"rendered":"<p>Mills kaviar er et tradisjonsrikt p\u00e5legg som generasjoner av nordmenn har hatt p\u00e5 br\u00f8dskivene gjennom oppveksten \u2013 og senere i&hellip;<\/p>\n","protected":false},"featured_media":0,"menu_order":131,"template":"","meta":{"_searchwp_excluded":"","hide_post_title":false,"mills_central_gtin":"","footnotes":""},"brand":[],"allergen":[],"product_category":[],"product_label":[],"class_list":["post-33033","product","type-product","status-publish","hentry"],"yoast_head":"<!-- This site is optimized with the Yoast SEO Premium plugin v26.9 (Yoast SEO v26.9) - https:\/\/yoast.com\/product\/yoast-seo-premium-wordpress\/ -->\n<title>Mills Original kaviar - Mills<\/title>\n<meta name=\"robots\" content=\"index, follow, max-snippet:-1, max-image-preview:large, max-video-preview:-1\" \/>\n<link rel=\"canonical\" href=\"https:\/\/mills.no\/mills\/produkt\/original-kaviar\/\" \/>\n<meta property=\"og:locale\" content=\"nb_NO\" \/>\n<meta property=\"og:type\" content=\"article\" \/>\n<meta property=\"og:title\" content=\"Mills Original kaviar\" \/>\n<meta property=\"og:description\" content=\"Mills kaviar er et tradisjonsrikt p\u00e5legg som generasjoner av nordmenn har hatt p\u00e5 br\u00f8dskivene gjennom oppveksten \u2013 og senere i&hellip;\" \/>\n<meta property=\"og:url\" content=\"https:\/\/mills.no\/mills\/produkt\/original-kaviar\/\" \/>\n<meta property=\"og:site_name\" content=\"Mills\" \/>\n<meta property=\"article:modified_time\" content=\"2026-02-19T12:42:35+00:00\" \/>\n<meta property=\"og:image\" content=\"https:\/\/mills.no\/content\/uploads\/2023\/11\/Mills-Original-kaviar-1024x325.png\" \/>\n<meta name=\"twitter:card\" content=\"summary_large_image\" \/>\n<script type=\"application\/ld+json\" class=\"yoast-schema-graph\">{\"@context\":\"https:\/\/schema.org\",\"@graph\":[{\"@type\":\"WebPage\",\"@id\":\"https:\/\/mills.no\/mills\/produkt\/original-kaviar\/\",\"url\":\"https:\/\/mills.no\/mills\/produkt\/original-kaviar\/\",\"name\":\"Mills Original kaviar - Mills\",\"isPartOf\":{\"@id\":\"https:\/\/mills.no\/mills\/#website\"},\"primaryImageOfPage\":{\"@id\":\"https:\/\/mills.no\/mills\/produkt\/original-kaviar\/#primaryimage\"},\"image\":{\"@id\":\"https:\/\/mills.no\/mills\/produkt\/original-kaviar\/#primaryimage\"},\"thumbnailUrl\":\"https:\/\/mills.no\/content\/uploads\/2023\/11\/Mills-Original-kaviar-1024x325.png\",\"datePublished\":\"2016-01-21T07:50:46+00:00\",\"dateModified\":\"2026-02-19T12:42:35+00:00\",\"breadcrumb\":{\"@id\":\"https:\/\/mills.no\/mills\/produkt\/original-kaviar\/#breadcrumb\"},\"inLanguage\":\"nb-NO\",\"potentialAction\":[{\"@type\":\"ReadAction\",\"target\":[\"https:\/\/mills.no\/mills\/produkt\/original-kaviar\/\"]}]},{\"@type\":\"ImageObject\",\"inLanguage\":\"nb-NO\",\"@id\":\"https:\/\/mills.no\/mills\/produkt\/original-kaviar\/#primaryimage\",\"url\":\"https:\/\/mills.no\/content\/uploads\/2023\/11\/Mills-Original-kaviar-1024x325.png\",\"contentUrl\":\"https:\/\/mills.no\/content\/uploads\/2023\/11\/Mills-Original-kaviar-1024x325.png\"},{\"@type\":\"BreadcrumbList\",\"@id\":\"https:\/\/mills.no\/mills\/produkt\/original-kaviar\/#breadcrumb\",\"itemListElement\":[{\"@type\":\"ListItem\",\"position\":1,\"name\":\"Home\",\"item\":\"https:\/\/mills.no\/mills\/\"},{\"@type\":\"ListItem\",\"position\":2,\"name\":\"Produkter\",\"item\":\"https:\/\/mills.no\/mills\/produkter\/\"},{\"@type\":\"ListItem\",\"position\":3,\"name\":\"Mills Original kaviar\"}]},{\"@type\":\"WebSite\",\"@id\":\"https:\/\/mills.no\/mills\/#website\",\"url\":\"https:\/\/mills.no\/mills\/\",\"name\":\"Mills\",\"description\":\"Smaken p\u00e5 det gode liv siden 1951\",\"publisher\":{\"@id\":\"https:\/\/mills.no\/mills\/#organization\"},\"potentialAction\":[{\"@type\":\"SearchAction\",\"target\":{\"@type\":\"EntryPoint\",\"urlTemplate\":\"https:\/\/mills.no\/mills\/?s={search_term_string}\"},\"query-input\":{\"@type\":\"PropertyValueSpecification\",\"valueRequired\":true,\"valueName\":\"search_term_string\"}}],\"inLanguage\":\"nb-NO\"},{\"@type\":\"Organization\",\"@id\":\"https:\/\/mills.no\/mills\/#organization\",\"name\":\"Mills\",\"url\":\"https:\/\/mills.no\/mills\/\",\"logo\":{\"@type\":\"ImageObject\",\"inLanguage\":\"nb-NO\",\"@id\":\"https:\/\/mills.no\/mills\/#\/schema\/logo\/image\/\",\"url\":\"https:\/\/mills.no\/content\/uploads\/sites\/2\/2022\/06\/Mills-logo-farger.svg\",\"contentUrl\":\"https:\/\/mills.no\/content\/uploads\/sites\/2\/2022\/06\/Mills-logo-farger.svg\",\"caption\":\"Mills\"},\"image\":{\"@id\":\"https:\/\/mills.no\/mills\/#\/schema\/logo\/image\/\"}}]}<\/script>\n<!-- \/ Yoast SEO Premium plugin. -->","yoast_head_json":{"title":"Mills Original kaviar - Mills","robots":{"index":"index","follow":"follow","max-snippet":"max-snippet:-1","max-image-preview":"max-image-preview:large","max-video-preview":"max-video-preview:-1"},"canonical":"https:\/\/mills.no\/mills\/produkt\/original-kaviar\/","og_locale":"nb_NO","og_type":"article","og_title":"Mills Original kaviar","og_description":"Mills kaviar er et tradisjonsrikt p\u00e5legg som generasjoner av nordmenn har hatt p\u00e5 br\u00f8dskivene gjennom oppveksten \u2013 og senere i&hellip;","og_url":"https:\/\/mills.no\/mills\/produkt\/original-kaviar\/","og_site_name":"Mills","article_modified_time":"2026-02-19T12:42:35+00:00","og_image":[{"url":"https:\/\/mills.no\/content\/uploads\/2023\/11\/Mills-Original-kaviar-1024x325.png","type":"","width":"","height":""}],"twitter_card":"summary_large_image","schema":{"@context":"https:\/\/schema.org","@graph":[{"@type":"WebPage","@id":"https:\/\/mills.no\/mills\/produkt\/original-kaviar\/","url":"https:\/\/mills.no\/mills\/produkt\/original-kaviar\/","name":"Mills Original kaviar - Mills","isPartOf":{"@id":"https:\/\/mills.no\/mills\/#website"},"primaryImageOfPage":{"@id":"https:\/\/mills.no\/mills\/produkt\/original-kaviar\/#primaryimage"},"image":{"@id":"https:\/\/mills.no\/mills\/produkt\/original-kaviar\/#primaryimage"},"thumbnailUrl":"https:\/\/mills.no\/content\/uploads\/2023\/11\/Mills-Original-kaviar-1024x325.png","datePublished":"2016-01-21T07:50:46+00:00","dateModified":"2026-02-19T12:42:35+00:00","breadcrumb":{"@id":"https:\/\/mills.no\/mills\/produkt\/original-kaviar\/#breadcrumb"},"inLanguage":"nb-NO","potentialAction":[{"@type":"ReadAction","target":["https:\/\/mills.no\/mills\/produkt\/original-kaviar\/"]}]},{"@type":"ImageObject","inLanguage":"nb-NO","@id":"https:\/\/mills.no\/mills\/produkt\/original-kaviar\/#primaryimage","url":"https:\/\/mills.no\/content\/uploads\/2023\/11\/Mills-Original-kaviar-1024x325.png","contentUrl":"https:\/\/mills.no\/content\/uploads\/2023\/11\/Mills-Original-kaviar-1024x325.png"},{"@type":"BreadcrumbList","@id":"https:\/\/mills.no\/mills\/produkt\/original-kaviar\/#breadcrumb","itemListElement":[{"@type":"ListItem","position":1,"name":"Home","item":"https:\/\/mills.no\/mills\/"},{"@type":"ListItem","position":2,"name":"Produkter","item":"https:\/\/mills.no\/mills\/produkter\/"},{"@type":"ListItem","position":3,"name":"Mills Original kaviar"}]},{"@type":"WebSite","@id":"https:\/\/mills.no\/mills\/#website","url":"https:\/\/mills.no\/mills\/","name":"Mills","description":"Smaken p\u00e5 det gode liv siden 1951","publisher":{"@id":"https:\/\/mills.no\/mills\/#organization"},"potentialAction":[{"@type":"SearchAction","target":{"@type":"EntryPoint","urlTemplate":"https:\/\/mills.no\/mills\/?s={search_term_string}"},"query-input":{"@type":"PropertyValueSpecification","valueRequired":true,"valueName":"search_term_string"}}],"inLanguage":"nb-NO"},{"@type":"Organization","@id":"https:\/\/mills.no\/mills\/#organization","name":"Mills","url":"https:\/\/mills.no\/mills\/","logo":{"@type":"ImageObject","inLanguage":"nb-NO","@id":"https:\/\/mills.no\/mills\/#\/schema\/logo\/image\/","url":"https:\/\/mills.no\/content\/uploads\/sites\/2\/2022\/06\/Mills-logo-farger.svg","contentUrl":"https:\/\/mills.no\/content\/uploads\/sites\/2\/2022\/06\/Mills-logo-farger.svg","caption":"Mills"},"image":{"@id":"https:\/\/mills.no\/mills\/#\/schema\/logo\/image\/"}}]}},"_links":{"self":[{"href":"https:\/\/mills.no\/mills\/wp-json\/wp\/v2\/product\/33033","targetHints":{"allow":["GET"]}}],"collection":[{"href":"https:\/\/mills.no\/mills\/wp-json\/wp\/v2\/product"}],"about":[{"href":"https:\/\/mills.no\/mills\/wp-json\/wp\/v2\/types\/product"}],"version-history":[{"count":0,"href":"https:\/\/mills.no\/mills\/wp-json\/wp\/v2\/product\/33033\/revisions"}],"wp:attachment":[{"href":"https:\/\/mills.no\/mills\/wp-json\/wp\/v2\/media?parent=33033"}],"wp:term":[{"taxonomy":"brand","embeddable":true,"href":"https:\/\/mills.no\/mills\/wp-json\/wp\/v2\/brand?post=33033"},{"taxonomy":"allergen","embeddable":true,"href":"https:\/\/mills.no\/mills\/wp-json\/wp\/v2\/allergen?post=33033"},{"taxonomy":"product_category","embeddable":true,"href":"https:\/\/mills.no\/mills\/wp-json\/wp\/v2\/product_category?post=33033"},{"taxonomy":"product_label","embeddable":true,"href":"https:\/\/mills.no\/mills\/wp-json\/wp\/v2\/product_label?post=33033"}],"curies":[{"name":"wp","href":"https:\/\/api.w.org\/{rel}","templated":true}]}}