{"id":33041,"date":"2016-01-21T08:50:43","date_gmt":"2016-01-21T07:50:43","guid":{"rendered":"https:\/\/mills.no\/produkt\/mills-ovnsbakt-bacon-og-pepperpostei\/"},"modified":"2024-02-07T09:13:45","modified_gmt":"2024-02-07T08:13:45","slug":"pepperbaconpostei","status":"publish","type":"product","link":"https:\/\/mills.no\/mills\/produkt\/pepperbaconpostei\/","title":{"rendered":"Mills Ovnsbakt Bacon- og pepperpostei"},"content":{"rendered":"<div class=\"mills-block-featured alignwide alignwide wp-block-mills-block-featured\"><div class=\"wp-block-cover__inner-container\">\n<h1 class=\"has-text-align-center wp-block-post-title has-text-color has-neutral-1000-color\">Mills Ovnsbakt Bacon- og pepperpostei<\/h1>\n\n<p class=\"t2-ingress has-text-align-center align wp-block-t2-ingress\">Mills Ovnsbakt Baconpostei er en av v\u00e5re bestselgere, og n\u00e5 tilbyr vi mer variasjon for de som er glad i mye smak. Med pepper blir baconposteien ekstra smakfull og hot. Posteien er som alltid bakt i v\u00e5re originale ovner, p\u00e5 den gode, gamle m\u00e5ten. Slik blir f\u00e5r smaken utvikle seg p\u00e5 den beste m\u00e5te, og posteien blir saftig og god! Og selvsagt er den toppet med deilig bacon. Baconpostei med pepper &#8211; m\u00e5 bare pr\u00f8ves! <\/p>\n<\/div><\/div>\n\n\n\t\t<div class=\"has-background has-neutral-0-background-color is-style-vertical-spacing is-style-horizontal-spacing alignwide wp-block-mills-section has-background has-neutral-0-background-color\">\n\t\t\t<div class=\"wp-block-mills-section__inner aligncenter\">\n\t\t\t\t\n\n<div class=\"wp-block-image\"><figure class=\"aligncenter size-full\"><img decoding=\"async\" src=\"https:\/\/mills.no\/content\/uploads\/2022\/05\/Mills-Bacon-og-Pepperpostei.png\" alt=\"\" class=\"wp-image-39156\"\/><\/figure><\/div>\n\n\n\t\t\t<\/div>\n\t\t<\/div>\n\n\n<div class=\"wp-block-cover alignwide has-custom-content-position is-position-center-right mills-did-you-know\"><img decoding=\"async\" class=\"wp-block-cover__image-background wp-image-36828\" alt=\"\" src=\"https:\/\/mills.no\/content\/uploads\/2022\/01\/BACONPO4_Posteier.jpg\" data-object-fit=\"cover\"\/><div class=\"wp-block-cover__inner-container is-layout-flow wp-block-cover-is-layout-flow\">\n<h3 class=\"has-text-align-center aligncenter wp-block-heading\" id=\"h-visste-du-at\">Visste du at?<\/h3>\n\n\n\n<p class=\"has-text-align-center\">Mills ovnsbakt Baconpostei er en av v\u00e5re bestselgere?<\/p>\n<\/div><\/div>\n\n\n","protected":false},"excerpt":{"rendered":"<p>Mills Ovnsbakt Baconpostei er en av v\u00e5re bestselgere, og n\u00e5 tilbyr vi mer variasjon for de som er glad i&hellip;<\/p>\n","protected":false},"featured_media":0,"menu_order":123,"template":"","meta":{"_searchwp_excluded":"","hide_post_title":false,"mills_central_gtin":"","footnotes":""},"brand":[],"allergen":[],"product_category":[],"product_label":[],"class_list":["post-33041","product","type-product","status-publish","hentry"],"yoast_head":"<!-- This site is optimized with the Yoast SEO Premium plugin v26.9 (Yoast SEO v26.9) - https:\/\/yoast.com\/product\/yoast-seo-premium-wordpress\/ -->\n<title>Mills Ovnsbakt Bacon- og pepperpostei - Mills<\/title>\n<meta name=\"robots\" content=\"index, follow, max-snippet:-1, max-image-preview:large, max-video-preview:-1\" \/>\n<link rel=\"canonical\" href=\"https:\/\/mills.no\/mills\/produkt\/pepperbaconpostei\/\" \/>\n<meta property=\"og:locale\" content=\"nb_NO\" \/>\n<meta property=\"og:type\" content=\"article\" \/>\n<meta property=\"og:title\" content=\"Mills Ovnsbakt Bacon- og pepperpostei\" \/>\n<meta property=\"og:description\" content=\"Mills Ovnsbakt Baconpostei er en av v\u00e5re bestselgere, og n\u00e5 tilbyr vi mer variasjon for de som er glad i&hellip;\" \/>\n<meta property=\"og:url\" content=\"https:\/\/mills.no\/mills\/produkt\/pepperbaconpostei\/\" \/>\n<meta property=\"og:site_name\" content=\"Mills\" \/>\n<meta property=\"article:modified_time\" content=\"2024-02-07T08:13:45+00:00\" \/>\n<meta property=\"og:image\" content=\"https:\/\/mills.no\/content\/uploads\/2022\/05\/Mills-Bacon-og-Pepperpostei.png\" \/>\n<meta name=\"twitter:card\" content=\"summary_large_image\" \/>\n<script type=\"application\/ld+json\" class=\"yoast-schema-graph\">{\"@context\":\"https:\/\/schema.org\",\"@graph\":[{\"@type\":\"WebPage\",\"@id\":\"https:\/\/mills.no\/mills\/produkt\/pepperbaconpostei\/\",\"url\":\"https:\/\/mills.no\/mills\/produkt\/pepperbaconpostei\/\",\"name\":\"Mills Ovnsbakt Bacon- og pepperpostei - Mills\",\"isPartOf\":{\"@id\":\"https:\/\/mills.no\/mills\/#website\"},\"primaryImageOfPage\":{\"@id\":\"https:\/\/mills.no\/mills\/produkt\/pepperbaconpostei\/#primaryimage\"},\"image\":{\"@id\":\"https:\/\/mills.no\/mills\/produkt\/pepperbaconpostei\/#primaryimage\"},\"thumbnailUrl\":\"https:\/\/mills.no\/content\/uploads\/2022\/05\/Mills-Bacon-og-Pepperpostei.png\",\"datePublished\":\"2016-01-21T07:50:43+00:00\",\"dateModified\":\"2024-02-07T08:13:45+00:00\",\"breadcrumb\":{\"@id\":\"https:\/\/mills.no\/mills\/produkt\/pepperbaconpostei\/#breadcrumb\"},\"inLanguage\":\"nb-NO\",\"potentialAction\":[{\"@type\":\"ReadAction\",\"target\":[\"https:\/\/mills.no\/mills\/produkt\/pepperbaconpostei\/\"]}]},{\"@type\":\"ImageObject\",\"inLanguage\":\"nb-NO\",\"@id\":\"https:\/\/mills.no\/mills\/produkt\/pepperbaconpostei\/#primaryimage\",\"url\":\"https:\/\/mills.no\/content\/uploads\/2022\/05\/Mills-Bacon-og-Pepperpostei.png\",\"contentUrl\":\"https:\/\/mills.no\/content\/uploads\/2022\/05\/Mills-Bacon-og-Pepperpostei.png\"},{\"@type\":\"BreadcrumbList\",\"@id\":\"https:\/\/mills.no\/mills\/produkt\/pepperbaconpostei\/#breadcrumb\",\"itemListElement\":[{\"@type\":\"ListItem\",\"position\":1,\"name\":\"Home\",\"item\":\"https:\/\/mills.no\/mills\/\"},{\"@type\":\"ListItem\",\"position\":2,\"name\":\"Produkter\",\"item\":\"https:\/\/mills.no\/mills\/produkter\/\"},{\"@type\":\"ListItem\",\"position\":3,\"name\":\"Mills Ovnsbakt Bacon- og pepperpostei\"}]},{\"@type\":\"WebSite\",\"@id\":\"https:\/\/mills.no\/mills\/#website\",\"url\":\"https:\/\/mills.no\/mills\/\",\"name\":\"Mills\",\"description\":\"Smaken p\u00e5 det gode liv siden 1951\",\"publisher\":{\"@id\":\"https:\/\/mills.no\/mills\/#organization\"},\"potentialAction\":[{\"@type\":\"SearchAction\",\"target\":{\"@type\":\"EntryPoint\",\"urlTemplate\":\"https:\/\/mills.no\/mills\/?s={search_term_string}\"},\"query-input\":{\"@type\":\"PropertyValueSpecification\",\"valueRequired\":true,\"valueName\":\"search_term_string\"}}],\"inLanguage\":\"nb-NO\"},{\"@type\":\"Organization\",\"@id\":\"https:\/\/mills.no\/mills\/#organization\",\"name\":\"Mills\",\"url\":\"https:\/\/mills.no\/mills\/\",\"logo\":{\"@type\":\"ImageObject\",\"inLanguage\":\"nb-NO\",\"@id\":\"https:\/\/mills.no\/mills\/#\/schema\/logo\/image\/\",\"url\":\"https:\/\/mills.no\/content\/uploads\/sites\/2\/2022\/06\/Mills-logo-farger.svg\",\"contentUrl\":\"https:\/\/mills.no\/content\/uploads\/sites\/2\/2022\/06\/Mills-logo-farger.svg\",\"caption\":\"Mills\"},\"image\":{\"@id\":\"https:\/\/mills.no\/mills\/#\/schema\/logo\/image\/\"}}]}<\/script>\n<!-- \/ Yoast SEO Premium plugin. -->","yoast_head_json":{"title":"Mills Ovnsbakt Bacon- og pepperpostei - Mills","robots":{"index":"index","follow":"follow","max-snippet":"max-snippet:-1","max-image-preview":"max-image-preview:large","max-video-preview":"max-video-preview:-1"},"canonical":"https:\/\/mills.no\/mills\/produkt\/pepperbaconpostei\/","og_locale":"nb_NO","og_type":"article","og_title":"Mills Ovnsbakt Bacon- og pepperpostei","og_description":"Mills Ovnsbakt Baconpostei er en av v\u00e5re bestselgere, og n\u00e5 tilbyr vi mer variasjon for de som er glad i&hellip;","og_url":"https:\/\/mills.no\/mills\/produkt\/pepperbaconpostei\/","og_site_name":"Mills","article_modified_time":"2024-02-07T08:13:45+00:00","og_image":[{"url":"https:\/\/mills.no\/content\/uploads\/2022\/05\/Mills-Bacon-og-Pepperpostei.png","type":"","width":"","height":""}],"twitter_card":"summary_large_image","schema":{"@context":"https:\/\/schema.org","@graph":[{"@type":"WebPage","@id":"https:\/\/mills.no\/mills\/produkt\/pepperbaconpostei\/","url":"https:\/\/mills.no\/mills\/produkt\/pepperbaconpostei\/","name":"Mills Ovnsbakt Bacon- og pepperpostei - Mills","isPartOf":{"@id":"https:\/\/mills.no\/mills\/#website"},"primaryImageOfPage":{"@id":"https:\/\/mills.no\/mills\/produkt\/pepperbaconpostei\/#primaryimage"},"image":{"@id":"https:\/\/mills.no\/mills\/produkt\/pepperbaconpostei\/#primaryimage"},"thumbnailUrl":"https:\/\/mills.no\/content\/uploads\/2022\/05\/Mills-Bacon-og-Pepperpostei.png","datePublished":"2016-01-21T07:50:43+00:00","dateModified":"2024-02-07T08:13:45+00:00","breadcrumb":{"@id":"https:\/\/mills.no\/mills\/produkt\/pepperbaconpostei\/#breadcrumb"},"inLanguage":"nb-NO","potentialAction":[{"@type":"ReadAction","target":["https:\/\/mills.no\/mills\/produkt\/pepperbaconpostei\/"]}]},{"@type":"ImageObject","inLanguage":"nb-NO","@id":"https:\/\/mills.no\/mills\/produkt\/pepperbaconpostei\/#primaryimage","url":"https:\/\/mills.no\/content\/uploads\/2022\/05\/Mills-Bacon-og-Pepperpostei.png","contentUrl":"https:\/\/mills.no\/content\/uploads\/2022\/05\/Mills-Bacon-og-Pepperpostei.png"},{"@type":"BreadcrumbList","@id":"https:\/\/mills.no\/mills\/produkt\/pepperbaconpostei\/#breadcrumb","itemListElement":[{"@type":"ListItem","position":1,"name":"Home","item":"https:\/\/mills.no\/mills\/"},{"@type":"ListItem","position":2,"name":"Produkter","item":"https:\/\/mills.no\/mills\/produkter\/"},{"@type":"ListItem","position":3,"name":"Mills Ovnsbakt Bacon- og pepperpostei"}]},{"@type":"WebSite","@id":"https:\/\/mills.no\/mills\/#website","url":"https:\/\/mills.no\/mills\/","name":"Mills","description":"Smaken p\u00e5 det gode liv siden 1951","publisher":{"@id":"https:\/\/mills.no\/mills\/#organization"},"potentialAction":[{"@type":"SearchAction","target":{"@type":"EntryPoint","urlTemplate":"https:\/\/mills.no\/mills\/?s={search_term_string}"},"query-input":{"@type":"PropertyValueSpecification","valueRequired":true,"valueName":"search_term_string"}}],"inLanguage":"nb-NO"},{"@type":"Organization","@id":"https:\/\/mills.no\/mills\/#organization","name":"Mills","url":"https:\/\/mills.no\/mills\/","logo":{"@type":"ImageObject","inLanguage":"nb-NO","@id":"https:\/\/mills.no\/mills\/#\/schema\/logo\/image\/","url":"https:\/\/mills.no\/content\/uploads\/sites\/2\/2022\/06\/Mills-logo-farger.svg","contentUrl":"https:\/\/mills.no\/content\/uploads\/sites\/2\/2022\/06\/Mills-logo-farger.svg","caption":"Mills"},"image":{"@id":"https:\/\/mills.no\/mills\/#\/schema\/logo\/image\/"}}]}},"_links":{"self":[{"href":"https:\/\/mills.no\/mills\/wp-json\/wp\/v2\/product\/33041","targetHints":{"allow":["GET"]}}],"collection":[{"href":"https:\/\/mills.no\/mills\/wp-json\/wp\/v2\/product"}],"about":[{"href":"https:\/\/mills.no\/mills\/wp-json\/wp\/v2\/types\/product"}],"version-history":[{"count":0,"href":"https:\/\/mills.no\/mills\/wp-json\/wp\/v2\/product\/33041\/revisions"}],"wp:attachment":[{"href":"https:\/\/mills.no\/mills\/wp-json\/wp\/v2\/media?parent=33041"}],"wp:term":[{"taxonomy":"brand","embeddable":true,"href":"https:\/\/mills.no\/mills\/wp-json\/wp\/v2\/brand?post=33041"},{"taxonomy":"allergen","embeddable":true,"href":"https:\/\/mills.no\/mills\/wp-json\/wp\/v2\/allergen?post=33041"},{"taxonomy":"product_category","embeddable":true,"href":"https:\/\/mills.no\/mills\/wp-json\/wp\/v2\/product_category?post=33041"},{"taxonomy":"product_label","embeddable":true,"href":"https:\/\/mills.no\/mills\/wp-json\/wp\/v2\/product_label?post=33041"}],"curies":[{"name":"wp","href":"https:\/\/api.w.org\/{rel}","templated":true}]}}