{"id":39029,"date":"2022-05-23T12:15:44","date_gmt":"2022-05-23T10:15:44","guid":{"rendered":"https:\/\/mills.no\/?post_type=product&#038;p=39029"},"modified":"2024-02-20T12:34:15","modified_gmt":"2024-02-20T11:34:15","slug":"mills-peppermajones","status":"publish","type":"product","link":"https:\/\/mills.no\/mills\/produkt\/mills-peppermajones\/","title":{"rendered":"Mills Peppermajones"},"content":{"rendered":"<div class=\"mills-block-featured alignwide alignwide wp-block-mills-block-featured\"><div class=\"wp-block-cover__inner-container\">\n<h1 class=\"has-text-align-center wp-block-post-title has-text-color has-neutral-1000-color\">Mills Peppermajones<\/h1>\n\n<p class=\"t2-ingress has-text-align-center align wp-block-t2-ingress\">Mills Peppermajones er laget p\u00e5 ekte majones med god smak av pepper. Denne peppermajonesen passer blant annet perfekt til krabbe, reker og annen sj\u00f8mat. Den er ogs\u00e5 ekstra god p\u00e5 burgeren, eller p\u00e5 br\u00f8dskiva med p\u00e5legg som skinke, ovnsbakt postei eller avokado.<\/p>\n<\/div><\/div>\n\n\n\t\t<div class=\"has-background has-neutral-0-background-color is-style-vertical-spacing alignwide is-section-text wp-block-mills-section has-background has-neutral-0-background-color\">\n\t\t\t<div class=\"wp-block-mills-section__inner alignwide\">\n\t\t\t\t\n\n<figure class=\"wp-block-image aligncenter size-full\"><img decoding=\"async\" src=\"https:\/\/mills.no\/content\/uploads\/2022\/05\/Mills_Peppermajones.png\" alt=\"\" class=\"wp-image-39127\"\/><\/figure>\n\n\n\n<p><\/p>\n\n\n\t\t\t<\/div>\n\t\t<\/div>\n\n\n\n\n\t\t<div class=\"is-style-vertical-spacing is-style-horizontal-spacing alignwide is-section-related alignwide wp-block-mills-section\">\n\t\t\t<div class=\"wp-block-mills-section__inner alignwide\">\n\t\t\t\t\n\n<h3 class=\"wp-block-heading\" id=\"h-relaterte-produkter\">Relaterte produkter<\/h3>\n\n\n<div class=\"t2-featured-content-layout alignwide alignwide wp-block-t2-featured-content-layout\" role=\"list\">\n<div class=\"t2-featured-single-post t2-featured-content is-post-type-product brand-mills allergen-egg product_category-palegg wp-block-t2-featured-single-post\" role=\"listitem\"><a class=\"t2-post-link wp-block-t2-post-link\" href=\"https:\/\/mills.no\/mills\/produkt\/mills-chilimajones\/\">\n<figure style=\"--t2-focal-point: 50% 50%;\" class=\"t2-post-featured-image has-image-ratio-16-9 wp-block-t2-post-featured-image\"><img loading=\"lazy\" decoding=\"async\" width=\"608\" height=\"860\" src=\"https:\/\/mills.no\/content\/uploads\/2018\/05\/Mills_Mango_Chilimajones.png\" class=\"attachment-medium-large size-medium-large wp-post-image\" alt=\"Mills Mango- og Chilimajones\" srcset=\"https:\/\/mills.no\/content\/uploads\/2018\/05\/Mills_Mango_Chilimajones.png 608w, https:\/\/mills.no\/content\/uploads\/2018\/05\/Mills_Mango_Chilimajones-212x300.png 212w, https:\/\/mills.no\/content\/uploads\/2018\/05\/Mills_Mango_Chilimajones-57x80.png 57w\" sizes=\"auto, (max-width: 608px) 100vw, 608px\" \/><\/figure>\n\n<div class=\"wp-block-group alignfull is-layout-flow wp-block-group-is-layout-flow\">\n\t\n\t\t<div class=\"tax-product_label wp-block-mills-post-terms\">\n\t\t\t\n\t\t<\/div>\n\t<h2 class=\"t2-post-title wp-block-t2-post-title\">Mills Chilimajones<\/h2>\n\t<div class=\"t2-post-excerpt wp-block-t2-post-excerpt\"><p>Mills Chilimajones har ogs\u00e5 en s\u00f8t smak fra mango i seg, noe som passer veldig godt til den sterke chilien.&hellip;<\/p><\/div>\n<\/div>\n\n<\/a>\n<\/div>\n\n<div class=\"t2-featured-single-post t2-featured-content is-post-type-product brand-mills allergen-egg product_category-palegg wp-block-t2-featured-single-post\" role=\"listitem\"><a class=\"t2-post-link wp-block-t2-post-link\" href=\"https:\/\/mills.no\/mills\/produkt\/sitronmajones\/\">\n<figure style=\"--t2-focal-point: 50% 50%;\" class=\"t2-post-featured-image has-image-ratio-16-9 wp-block-t2-post-featured-image\"><img loading=\"lazy\" decoding=\"async\" width=\"608\" height=\"860\" src=\"https:\/\/mills.no\/content\/uploads\/2022\/08\/Mills_Sitronmajones.png\" class=\"attachment-medium-large size-medium-large wp-post-image\" alt=\"Mills Sitronmajones\" srcset=\"https:\/\/mills.no\/content\/uploads\/2022\/08\/Mills_Sitronmajones.png 608w, https:\/\/mills.no\/content\/uploads\/2022\/08\/Mills_Sitronmajones-212x300.png 212w, https:\/\/mills.no\/content\/uploads\/2022\/08\/Mills_Sitronmajones-57x80.png 57w\" sizes=\"auto, (max-width: 608px) 100vw, 608px\" \/><\/figure>\n\n<div class=\"wp-block-group alignfull is-layout-flow wp-block-group-is-layout-flow\">\n\t\n\t\t<div class=\"tax-product_label wp-block-mills-post-terms\">\n\t\t\t\n\t\t<\/div>\n\t<h2 class=\"t2-post-title wp-block-t2-post-title\">Mills Sitronmajones<\/h2>\n\t<div class=\"t2-post-excerpt wp-block-t2-post-excerpt\"><p>Mills Sitronmajones er laget p\u00e5 ekte majones med frisk og god sitron. Denne friske sitronmajonesen passer blant annet perfekt til&hellip;<\/p><\/div>\n<\/div>\n\n<\/a>\n<\/div>\n\n<div class=\"t2-featured-single-post t2-featured-content is-post-type-product brand-mills allergen-egg product_category-palegg wp-block-t2-featured-single-post\" role=\"listitem\"><a class=\"t2-post-link wp-block-t2-post-link\" href=\"https:\/\/mills.no\/mills\/produkt\/hvitloksmajones\/\">\n<figure style=\"--t2-focal-point: 50% 50%;\" class=\"t2-post-featured-image has-image-ratio-16-9 wp-block-t2-post-featured-image\"><img loading=\"lazy\" decoding=\"async\" width=\"1080\" height=\"1920\" src=\"https:\/\/mills.no\/content\/uploads\/2022\/08\/Mills_hvitloksmajones.png\" class=\"attachment-medium-large size-medium-large wp-post-image\" alt=\"Tube med Mills Hvitl\u00f8ksmajones\" srcset=\"https:\/\/mills.no\/content\/uploads\/2022\/08\/Mills_hvitloksmajones.png 1080w, https:\/\/mills.no\/content\/uploads\/2022\/08\/Mills_hvitloksmajones-169x300.png 169w, https:\/\/mills.no\/content\/uploads\/2022\/08\/Mills_hvitloksmajones-576x1024.png 576w, https:\/\/mills.no\/content\/uploads\/2022\/08\/Mills_hvitloksmajones-768x1365.png 768w, https:\/\/mills.no\/content\/uploads\/2022\/08\/Mills_hvitloksmajones-864x1536.png 864w, https:\/\/mills.no\/content\/uploads\/2022\/08\/Mills_hvitloksmajones-45x80.png 45w\" sizes=\"auto, (max-width: 1080px) 100vw, 1080px\" \/><\/figure>\n\n<div class=\"wp-block-group alignfull is-layout-flow wp-block-group-is-layout-flow\">\n\t\n\t\t<div class=\"tax-product_label wp-block-mills-post-terms\">\n\t\t\t\n\t\t<\/div>\n\t<h2 class=\"t2-post-title wp-block-t2-post-title\">Mills Hvitl\u00f8ksmajones<\/h2>\n\t<div class=\"t2-post-excerpt wp-block-t2-post-excerpt\"><p>Mills Hvitl\u00f8ksmajones er kjempegod i salater, p\u00e5 burgere og p\u00e5 sm\u00f8rbr\u00f8d med godt p\u00e5legg. Hvitl\u00f8ksmajonesen smaker ogs\u00e5 fantastisk som dipp&hellip;<\/p><\/div>\n<\/div>\n\n<\/a>\n<\/div>\n<\/div>\n\n\t\t\t<\/div>\n\t\t<\/div>","protected":false},"excerpt":{"rendered":"<p>Mills Peppermajones er laget p\u00e5 ekte majones med god smak av pepper. Denne peppermajonesen passer blant annet perfekt til krabbe,&hellip;<\/p>\n","protected":false},"featured_media":0,"menu_order":0,"template":"","meta":{"_searchwp_excluded":"","hide_post_title":false,"mills_central_gtin":"","footnotes":""},"brand":[],"allergen":[],"product_category":[],"product_label":[],"class_list":["post-39029","product","type-product","status-publish","hentry"],"yoast_head":"<!-- This site is optimized with the Yoast SEO Premium plugin v26.9 (Yoast SEO v26.9) - https:\/\/yoast.com\/product\/yoast-seo-premium-wordpress\/ -->\n<title>Mills Peppermajones - Mills<\/title>\n<meta name=\"robots\" content=\"index, follow, max-snippet:-1, max-image-preview:large, max-video-preview:-1\" \/>\n<link rel=\"canonical\" href=\"https:\/\/mills.no\/mills\/produkt\/mills-peppermajones\/\" \/>\n<meta property=\"og:locale\" content=\"nb_NO\" \/>\n<meta property=\"og:type\" content=\"article\" \/>\n<meta property=\"og:title\" content=\"Mills Peppermajones\" \/>\n<meta property=\"og:description\" content=\"Mills Peppermajones er laget p\u00e5 ekte majones med god smak av pepper. Denne peppermajonesen passer blant annet perfekt til krabbe,&hellip;\" \/>\n<meta property=\"og:url\" content=\"https:\/\/mills.no\/mills\/produkt\/mills-peppermajones\/\" \/>\n<meta property=\"og:site_name\" content=\"Mills\" \/>\n<meta property=\"article:modified_time\" content=\"2024-02-20T11:34:15+00:00\" \/>\n<meta property=\"og:image\" content=\"https:\/\/mills.no\/content\/uploads\/2022\/05\/Mills_Peppermajones.png\" \/>\n<meta name=\"twitter:card\" content=\"summary_large_image\" \/>\n<script type=\"application\/ld+json\" class=\"yoast-schema-graph\">{\"@context\":\"https:\/\/schema.org\",\"@graph\":[{\"@type\":\"WebPage\",\"@id\":\"https:\/\/mills.no\/mills\/produkt\/mills-peppermajones\/\",\"url\":\"https:\/\/mills.no\/mills\/produkt\/mills-peppermajones\/\",\"name\":\"Mills Peppermajones - Mills\",\"isPartOf\":{\"@id\":\"https:\/\/mills.no\/mills\/#website\"},\"primaryImageOfPage\":{\"@id\":\"https:\/\/mills.no\/mills\/produkt\/mills-peppermajones\/#primaryimage\"},\"image\":{\"@id\":\"https:\/\/mills.no\/mills\/produkt\/mills-peppermajones\/#primaryimage\"},\"thumbnailUrl\":\"https:\/\/mills.no\/content\/uploads\/2022\/05\/Mills_Peppermajones.png\",\"datePublished\":\"2022-05-23T10:15:44+00:00\",\"dateModified\":\"2024-02-20T11:34:15+00:00\",\"breadcrumb\":{\"@id\":\"https:\/\/mills.no\/mills\/produkt\/mills-peppermajones\/#breadcrumb\"},\"inLanguage\":\"nb-NO\",\"potentialAction\":[{\"@type\":\"ReadAction\",\"target\":[\"https:\/\/mills.no\/mills\/produkt\/mills-peppermajones\/\"]}]},{\"@type\":\"ImageObject\",\"inLanguage\":\"nb-NO\",\"@id\":\"https:\/\/mills.no\/mills\/produkt\/mills-peppermajones\/#primaryimage\",\"url\":\"https:\/\/mills.no\/content\/uploads\/2022\/05\/Mills_Peppermajones.png\",\"contentUrl\":\"https:\/\/mills.no\/content\/uploads\/2022\/05\/Mills_Peppermajones.png\"},{\"@type\":\"BreadcrumbList\",\"@id\":\"https:\/\/mills.no\/mills\/produkt\/mills-peppermajones\/#breadcrumb\",\"itemListElement\":[{\"@type\":\"ListItem\",\"position\":1,\"name\":\"Home\",\"item\":\"https:\/\/mills.no\/mills\/\"},{\"@type\":\"ListItem\",\"position\":2,\"name\":\"Produkter\",\"item\":\"https:\/\/mills.no\/mills\/produkter\/\"},{\"@type\":\"ListItem\",\"position\":3,\"name\":\"Mills Peppermajones\"}]},{\"@type\":\"WebSite\",\"@id\":\"https:\/\/mills.no\/mills\/#website\",\"url\":\"https:\/\/mills.no\/mills\/\",\"name\":\"Mills\",\"description\":\"Smaken p\u00e5 det gode liv siden 1951\",\"publisher\":{\"@id\":\"https:\/\/mills.no\/mills\/#organization\"},\"potentialAction\":[{\"@type\":\"SearchAction\",\"target\":{\"@type\":\"EntryPoint\",\"urlTemplate\":\"https:\/\/mills.no\/mills\/?s={search_term_string}\"},\"query-input\":{\"@type\":\"PropertyValueSpecification\",\"valueRequired\":true,\"valueName\":\"search_term_string\"}}],\"inLanguage\":\"nb-NO\"},{\"@type\":\"Organization\",\"@id\":\"https:\/\/mills.no\/mills\/#organization\",\"name\":\"Mills\",\"url\":\"https:\/\/mills.no\/mills\/\",\"logo\":{\"@type\":\"ImageObject\",\"inLanguage\":\"nb-NO\",\"@id\":\"https:\/\/mills.no\/mills\/#\/schema\/logo\/image\/\",\"url\":\"https:\/\/mills.no\/content\/uploads\/sites\/2\/2022\/06\/Mills-logo-farger.svg\",\"contentUrl\":\"https:\/\/mills.no\/content\/uploads\/sites\/2\/2022\/06\/Mills-logo-farger.svg\",\"caption\":\"Mills\"},\"image\":{\"@id\":\"https:\/\/mills.no\/mills\/#\/schema\/logo\/image\/\"}}]}<\/script>\n<!-- \/ Yoast SEO Premium plugin. -->","yoast_head_json":{"title":"Mills Peppermajones - Mills","robots":{"index":"index","follow":"follow","max-snippet":"max-snippet:-1","max-image-preview":"max-image-preview:large","max-video-preview":"max-video-preview:-1"},"canonical":"https:\/\/mills.no\/mills\/produkt\/mills-peppermajones\/","og_locale":"nb_NO","og_type":"article","og_title":"Mills Peppermajones","og_description":"Mills Peppermajones er laget p\u00e5 ekte majones med god smak av pepper. Denne peppermajonesen passer blant annet perfekt til krabbe,&hellip;","og_url":"https:\/\/mills.no\/mills\/produkt\/mills-peppermajones\/","og_site_name":"Mills","article_modified_time":"2024-02-20T11:34:15+00:00","og_image":[{"url":"https:\/\/mills.no\/content\/uploads\/2022\/05\/Mills_Peppermajones.png","type":"","width":"","height":""}],"twitter_card":"summary_large_image","schema":{"@context":"https:\/\/schema.org","@graph":[{"@type":"WebPage","@id":"https:\/\/mills.no\/mills\/produkt\/mills-peppermajones\/","url":"https:\/\/mills.no\/mills\/produkt\/mills-peppermajones\/","name":"Mills Peppermajones - Mills","isPartOf":{"@id":"https:\/\/mills.no\/mills\/#website"},"primaryImageOfPage":{"@id":"https:\/\/mills.no\/mills\/produkt\/mills-peppermajones\/#primaryimage"},"image":{"@id":"https:\/\/mills.no\/mills\/produkt\/mills-peppermajones\/#primaryimage"},"thumbnailUrl":"https:\/\/mills.no\/content\/uploads\/2022\/05\/Mills_Peppermajones.png","datePublished":"2022-05-23T10:15:44+00:00","dateModified":"2024-02-20T11:34:15+00:00","breadcrumb":{"@id":"https:\/\/mills.no\/mills\/produkt\/mills-peppermajones\/#breadcrumb"},"inLanguage":"nb-NO","potentialAction":[{"@type":"ReadAction","target":["https:\/\/mills.no\/mills\/produkt\/mills-peppermajones\/"]}]},{"@type":"ImageObject","inLanguage":"nb-NO","@id":"https:\/\/mills.no\/mills\/produkt\/mills-peppermajones\/#primaryimage","url":"https:\/\/mills.no\/content\/uploads\/2022\/05\/Mills_Peppermajones.png","contentUrl":"https:\/\/mills.no\/content\/uploads\/2022\/05\/Mills_Peppermajones.png"},{"@type":"BreadcrumbList","@id":"https:\/\/mills.no\/mills\/produkt\/mills-peppermajones\/#breadcrumb","itemListElement":[{"@type":"ListItem","position":1,"name":"Home","item":"https:\/\/mills.no\/mills\/"},{"@type":"ListItem","position":2,"name":"Produkter","item":"https:\/\/mills.no\/mills\/produkter\/"},{"@type":"ListItem","position":3,"name":"Mills Peppermajones"}]},{"@type":"WebSite","@id":"https:\/\/mills.no\/mills\/#website","url":"https:\/\/mills.no\/mills\/","name":"Mills","description":"Smaken p\u00e5 det gode liv siden 1951","publisher":{"@id":"https:\/\/mills.no\/mills\/#organization"},"potentialAction":[{"@type":"SearchAction","target":{"@type":"EntryPoint","urlTemplate":"https:\/\/mills.no\/mills\/?s={search_term_string}"},"query-input":{"@type":"PropertyValueSpecification","valueRequired":true,"valueName":"search_term_string"}}],"inLanguage":"nb-NO"},{"@type":"Organization","@id":"https:\/\/mills.no\/mills\/#organization","name":"Mills","url":"https:\/\/mills.no\/mills\/","logo":{"@type":"ImageObject","inLanguage":"nb-NO","@id":"https:\/\/mills.no\/mills\/#\/schema\/logo\/image\/","url":"https:\/\/mills.no\/content\/uploads\/sites\/2\/2022\/06\/Mills-logo-farger.svg","contentUrl":"https:\/\/mills.no\/content\/uploads\/sites\/2\/2022\/06\/Mills-logo-farger.svg","caption":"Mills"},"image":{"@id":"https:\/\/mills.no\/mills\/#\/schema\/logo\/image\/"}}]}},"_links":{"self":[{"href":"https:\/\/mills.no\/mills\/wp-json\/wp\/v2\/product\/39029","targetHints":{"allow":["GET"]}}],"collection":[{"href":"https:\/\/mills.no\/mills\/wp-json\/wp\/v2\/product"}],"about":[{"href":"https:\/\/mills.no\/mills\/wp-json\/wp\/v2\/types\/product"}],"version-history":[{"count":0,"href":"https:\/\/mills.no\/mills\/wp-json\/wp\/v2\/product\/39029\/revisions"}],"wp:attachment":[{"href":"https:\/\/mills.no\/mills\/wp-json\/wp\/v2\/media?parent=39029"}],"wp:term":[{"taxonomy":"brand","embeddable":true,"href":"https:\/\/mills.no\/mills\/wp-json\/wp\/v2\/brand?post=39029"},{"taxonomy":"allergen","embeddable":true,"href":"https:\/\/mills.no\/mills\/wp-json\/wp\/v2\/allergen?post=39029"},{"taxonomy":"product_category","embeddable":true,"href":"https:\/\/mills.no\/mills\/wp-json\/wp\/v2\/product_category?post=39029"},{"taxonomy":"product_label","embeddable":true,"href":"https:\/\/mills.no\/mills\/wp-json\/wp\/v2\/product_label?post=39029"}],"curies":[{"name":"wp","href":"https:\/\/api.w.org\/{rel}","templated":true}]}}