{"id":40034,"date":"2023-04-24T13:11:13","date_gmt":"2023-04-24T11:11:13","guid":{"rendered":"https:\/\/mills.no\/?post_type=product&#038;p=40034"},"modified":"2024-02-07T09:01:47","modified_gmt":"2024-02-07T08:01:47","slug":"mills-majo-sriracha","status":"publish","type":"product","link":"https:\/\/mills.no\/mills\/produkt\/mills-majo-sriracha\/","title":{"rendered":"Mills MAJO Sriracha"},"content":{"rendered":"<div class=\"mills-block-featured alignwide alignwide wp-block-mills-block-featured\"><div class=\"wp-block-cover__inner-container\">\n<h1 class=\"has-text-align-center wp-block-post-title has-text-color has-neutral-1000-color\">Mills MAJO Sriracha<\/h1>\n\n<p class=\"t2-ingress has-text-align-center align wp-block-t2-ingress\"><br>Mills MAJO Sriracha er laget med den friske og luftige basen fra Mills MAJO og blandet inn med en av verdens mest popul\u00e6re chilisauser, nemlig srirachasaus! Dette er en sterk chilimajones som setter ekstra smak p\u00e5 maten. Mills MAJO Sriracha passer ekstra godt til burger og er et perfekt tilbeh\u00f8r til sesongens grillbord.<\/p>\n<\/div><\/div>\n\n\n\t\t<div class=\"has-background has-neutral-0-background-color is-style-vertical-spacing alignwide is-section-text wp-block-mills-section has-background has-neutral-0-background-color\">\n\t\t\t<div class=\"wp-block-mills-section__inner aligncenter\">\n\t\t\t\t\n\n<div class=\"wp-block-image\"><figure class=\"aligncenter size-full\"><img decoding=\"async\" src=\"https:\/\/mills.no\/content\/uploads\/2023\/04\/Mills-MAJO-Sriracha-glass.png\" alt=\"Mills MAJO Sriracha\" class=\"wp-image-40036\"\/><\/figure><\/div>\n\n\n\n<p><\/p>\n\n\n\n<p class=\"has-text-align-center\"><em>Mills MAJO Sriracha er et sesongprodukt som finnes i butikk fra mai til september.<\/em><\/p>\n\n\n\t\t\t<\/div>\n\t\t<\/div>\n\n","protected":false},"excerpt":{"rendered":"<p>Mills MAJO Sriracha er laget med den friske og luftige basen fra Mills MAJO og blandet inn med en av&hellip;<\/p>\n","protected":false},"featured_media":0,"menu_order":0,"template":"","meta":{"_searchwp_excluded":"","hide_post_title":false,"mills_central_gtin":"","footnotes":""},"brand":[],"allergen":[],"product_category":[],"product_label":[],"class_list":["post-40034","product","type-product","status-publish","hentry"],"yoast_head":"<!-- This site is optimized with the Yoast SEO Premium plugin v26.9 (Yoast SEO v26.9) - https:\/\/yoast.com\/product\/yoast-seo-premium-wordpress\/ -->\n<title>Mills MAJO Sriracha - Mills<\/title>\n<meta name=\"robots\" content=\"index, follow, max-snippet:-1, max-image-preview:large, max-video-preview:-1\" \/>\n<link rel=\"canonical\" href=\"https:\/\/mills.no\/mills\/produkt\/mills-majo-sriracha\/\" \/>\n<meta property=\"og:locale\" content=\"nb_NO\" \/>\n<meta property=\"og:type\" content=\"article\" \/>\n<meta property=\"og:title\" content=\"Mills MAJO Sriracha\" \/>\n<meta property=\"og:description\" content=\"Mills MAJO Sriracha er laget med den friske og luftige basen fra Mills MAJO og blandet inn med en av&hellip;\" \/>\n<meta property=\"og:url\" content=\"https:\/\/mills.no\/mills\/produkt\/mills-majo-sriracha\/\" \/>\n<meta property=\"og:site_name\" content=\"Mills\" \/>\n<meta property=\"article:modified_time\" content=\"2024-02-07T08:01:47+00:00\" \/>\n<meta property=\"og:image\" content=\"https:\/\/mills.no\/content\/uploads\/2023\/04\/Mills-MAJO-Sriracha-glass.png\" \/>\n<meta name=\"twitter:card\" content=\"summary_large_image\" \/>\n<script type=\"application\/ld+json\" class=\"yoast-schema-graph\">{\"@context\":\"https:\/\/schema.org\",\"@graph\":[{\"@type\":\"WebPage\",\"@id\":\"https:\/\/mills.no\/mills\/produkt\/mills-majo-sriracha\/\",\"url\":\"https:\/\/mills.no\/mills\/produkt\/mills-majo-sriracha\/\",\"name\":\"Mills MAJO Sriracha - Mills\",\"isPartOf\":{\"@id\":\"https:\/\/mills.no\/mills\/#website\"},\"primaryImageOfPage\":{\"@id\":\"https:\/\/mills.no\/mills\/produkt\/mills-majo-sriracha\/#primaryimage\"},\"image\":{\"@id\":\"https:\/\/mills.no\/mills\/produkt\/mills-majo-sriracha\/#primaryimage\"},\"thumbnailUrl\":\"https:\/\/mills.no\/content\/uploads\/2023\/04\/Mills-MAJO-Sriracha-glass.png\",\"datePublished\":\"2023-04-24T11:11:13+00:00\",\"dateModified\":\"2024-02-07T08:01:47+00:00\",\"breadcrumb\":{\"@id\":\"https:\/\/mills.no\/mills\/produkt\/mills-majo-sriracha\/#breadcrumb\"},\"inLanguage\":\"nb-NO\",\"potentialAction\":[{\"@type\":\"ReadAction\",\"target\":[\"https:\/\/mills.no\/mills\/produkt\/mills-majo-sriracha\/\"]}]},{\"@type\":\"ImageObject\",\"inLanguage\":\"nb-NO\",\"@id\":\"https:\/\/mills.no\/mills\/produkt\/mills-majo-sriracha\/#primaryimage\",\"url\":\"https:\/\/mills.no\/content\/uploads\/2023\/04\/Mills-MAJO-Sriracha-glass.png\",\"contentUrl\":\"https:\/\/mills.no\/content\/uploads\/2023\/04\/Mills-MAJO-Sriracha-glass.png\"},{\"@type\":\"BreadcrumbList\",\"@id\":\"https:\/\/mills.no\/mills\/produkt\/mills-majo-sriracha\/#breadcrumb\",\"itemListElement\":[{\"@type\":\"ListItem\",\"position\":1,\"name\":\"Home\",\"item\":\"https:\/\/mills.no\/mills\/\"},{\"@type\":\"ListItem\",\"position\":2,\"name\":\"Produkter\",\"item\":\"https:\/\/mills.no\/mills\/produkter\/\"},{\"@type\":\"ListItem\",\"position\":3,\"name\":\"Mills MAJO Sriracha\"}]},{\"@type\":\"WebSite\",\"@id\":\"https:\/\/mills.no\/mills\/#website\",\"url\":\"https:\/\/mills.no\/mills\/\",\"name\":\"Mills\",\"description\":\"Smaken p\u00e5 det gode liv siden 1951\",\"publisher\":{\"@id\":\"https:\/\/mills.no\/mills\/#organization\"},\"potentialAction\":[{\"@type\":\"SearchAction\",\"target\":{\"@type\":\"EntryPoint\",\"urlTemplate\":\"https:\/\/mills.no\/mills\/?s={search_term_string}\"},\"query-input\":{\"@type\":\"PropertyValueSpecification\",\"valueRequired\":true,\"valueName\":\"search_term_string\"}}],\"inLanguage\":\"nb-NO\"},{\"@type\":\"Organization\",\"@id\":\"https:\/\/mills.no\/mills\/#organization\",\"name\":\"Mills\",\"url\":\"https:\/\/mills.no\/mills\/\",\"logo\":{\"@type\":\"ImageObject\",\"inLanguage\":\"nb-NO\",\"@id\":\"https:\/\/mills.no\/mills\/#\/schema\/logo\/image\/\",\"url\":\"https:\/\/mills.no\/content\/uploads\/sites\/2\/2022\/06\/Mills-logo-farger.svg\",\"contentUrl\":\"https:\/\/mills.no\/content\/uploads\/sites\/2\/2022\/06\/Mills-logo-farger.svg\",\"caption\":\"Mills\"},\"image\":{\"@id\":\"https:\/\/mills.no\/mills\/#\/schema\/logo\/image\/\"}}]}<\/script>\n<!-- \/ Yoast SEO Premium plugin. -->","yoast_head_json":{"title":"Mills MAJO Sriracha - Mills","robots":{"index":"index","follow":"follow","max-snippet":"max-snippet:-1","max-image-preview":"max-image-preview:large","max-video-preview":"max-video-preview:-1"},"canonical":"https:\/\/mills.no\/mills\/produkt\/mills-majo-sriracha\/","og_locale":"nb_NO","og_type":"article","og_title":"Mills MAJO Sriracha","og_description":"Mills MAJO Sriracha er laget med den friske og luftige basen fra Mills MAJO og blandet inn med en av&hellip;","og_url":"https:\/\/mills.no\/mills\/produkt\/mills-majo-sriracha\/","og_site_name":"Mills","article_modified_time":"2024-02-07T08:01:47+00:00","og_image":[{"url":"https:\/\/mills.no\/content\/uploads\/2023\/04\/Mills-MAJO-Sriracha-glass.png","type":"","width":"","height":""}],"twitter_card":"summary_large_image","schema":{"@context":"https:\/\/schema.org","@graph":[{"@type":"WebPage","@id":"https:\/\/mills.no\/mills\/produkt\/mills-majo-sriracha\/","url":"https:\/\/mills.no\/mills\/produkt\/mills-majo-sriracha\/","name":"Mills MAJO Sriracha - Mills","isPartOf":{"@id":"https:\/\/mills.no\/mills\/#website"},"primaryImageOfPage":{"@id":"https:\/\/mills.no\/mills\/produkt\/mills-majo-sriracha\/#primaryimage"},"image":{"@id":"https:\/\/mills.no\/mills\/produkt\/mills-majo-sriracha\/#primaryimage"},"thumbnailUrl":"https:\/\/mills.no\/content\/uploads\/2023\/04\/Mills-MAJO-Sriracha-glass.png","datePublished":"2023-04-24T11:11:13+00:00","dateModified":"2024-02-07T08:01:47+00:00","breadcrumb":{"@id":"https:\/\/mills.no\/mills\/produkt\/mills-majo-sriracha\/#breadcrumb"},"inLanguage":"nb-NO","potentialAction":[{"@type":"ReadAction","target":["https:\/\/mills.no\/mills\/produkt\/mills-majo-sriracha\/"]}]},{"@type":"ImageObject","inLanguage":"nb-NO","@id":"https:\/\/mills.no\/mills\/produkt\/mills-majo-sriracha\/#primaryimage","url":"https:\/\/mills.no\/content\/uploads\/2023\/04\/Mills-MAJO-Sriracha-glass.png","contentUrl":"https:\/\/mills.no\/content\/uploads\/2023\/04\/Mills-MAJO-Sriracha-glass.png"},{"@type":"BreadcrumbList","@id":"https:\/\/mills.no\/mills\/produkt\/mills-majo-sriracha\/#breadcrumb","itemListElement":[{"@type":"ListItem","position":1,"name":"Home","item":"https:\/\/mills.no\/mills\/"},{"@type":"ListItem","position":2,"name":"Produkter","item":"https:\/\/mills.no\/mills\/produkter\/"},{"@type":"ListItem","position":3,"name":"Mills MAJO Sriracha"}]},{"@type":"WebSite","@id":"https:\/\/mills.no\/mills\/#website","url":"https:\/\/mills.no\/mills\/","name":"Mills","description":"Smaken p\u00e5 det gode liv siden 1951","publisher":{"@id":"https:\/\/mills.no\/mills\/#organization"},"potentialAction":[{"@type":"SearchAction","target":{"@type":"EntryPoint","urlTemplate":"https:\/\/mills.no\/mills\/?s={search_term_string}"},"query-input":{"@type":"PropertyValueSpecification","valueRequired":true,"valueName":"search_term_string"}}],"inLanguage":"nb-NO"},{"@type":"Organization","@id":"https:\/\/mills.no\/mills\/#organization","name":"Mills","url":"https:\/\/mills.no\/mills\/","logo":{"@type":"ImageObject","inLanguage":"nb-NO","@id":"https:\/\/mills.no\/mills\/#\/schema\/logo\/image\/","url":"https:\/\/mills.no\/content\/uploads\/sites\/2\/2022\/06\/Mills-logo-farger.svg","contentUrl":"https:\/\/mills.no\/content\/uploads\/sites\/2\/2022\/06\/Mills-logo-farger.svg","caption":"Mills"},"image":{"@id":"https:\/\/mills.no\/mills\/#\/schema\/logo\/image\/"}}]}},"_links":{"self":[{"href":"https:\/\/mills.no\/mills\/wp-json\/wp\/v2\/product\/40034","targetHints":{"allow":["GET"]}}],"collection":[{"href":"https:\/\/mills.no\/mills\/wp-json\/wp\/v2\/product"}],"about":[{"href":"https:\/\/mills.no\/mills\/wp-json\/wp\/v2\/types\/product"}],"version-history":[{"count":0,"href":"https:\/\/mills.no\/mills\/wp-json\/wp\/v2\/product\/40034\/revisions"}],"wp:attachment":[{"href":"https:\/\/mills.no\/mills\/wp-json\/wp\/v2\/media?parent=40034"}],"wp:term":[{"taxonomy":"brand","embeddable":true,"href":"https:\/\/mills.no\/mills\/wp-json\/wp\/v2\/brand?post=40034"},{"taxonomy":"allergen","embeddable":true,"href":"https:\/\/mills.no\/mills\/wp-json\/wp\/v2\/allergen?post=40034"},{"taxonomy":"product_category","embeddable":true,"href":"https:\/\/mills.no\/mills\/wp-json\/wp\/v2\/product_category?post=40034"},{"taxonomy":"product_label","embeddable":true,"href":"https:\/\/mills.no\/mills\/wp-json\/wp\/v2\/product_label?post=40034"}],"curies":[{"name":"wp","href":"https:\/\/api.w.org\/{rel}","templated":true}]}}