{"id":40830,"date":"2024-01-16T15:13:43","date_gmt":"2024-01-16T14:13:43","guid":{"rendered":"https:\/\/mills.no\/?post_type=product&#038;p=40830"},"modified":"2025-02-07T14:56:57","modified_gmt":"2025-02-07T13:56:57","slug":"no1","status":"publish","type":"product","link":"https:\/\/mills.no\/mills\/produkt\/no1\/","title":{"rendered":"Mills \u21161"},"content":{"rendered":"<div class=\"mills-block-featured alignwide alignwide wp-block-mills-block-featured\"><div class=\"wp-block-cover__inner-container\">\n<h1 class=\"has-text-align-center wp-block-post-title has-text-color has-neutral-1000-color\">Mills \u21161<\/h1>\n\n<p class=\"t2-ingress has-text-align-center align wp-block-t2-ingress\">Mills \u21161 har den samme gode smaken som tradisjonelt meierism\u00f8r, hele 40% lavere klimaavtrykk og 25% mindre mettet fett. Pr\u00f8v den neste gang du skal steke, bake eller lage en god saus!<\/p>\n<\/div><\/div>\n\n\n\t\t<div class=\"has-background has-neutral-0-background-color is-style-vertical-spacing alignwide is-section-text wp-block-mills-section has-background has-neutral-0-background-color\">\n\t\t\t<div class=\"wp-block-mills-section__inner alignwide\">\n\t\t\t\t\n\n<figure class=\"wp-block-image aligncenter size-full\"><img decoding=\"async\" src=\"https:\/\/mills.no\/content\/uploads\/2025\/01\/7036110210872_G1N1_600px.png\" alt=\"mills no1\" class=\"wp-image-42932\"\/><\/figure>\n\n\n\n\t\t<div class=\"is-style-vertical-spacing alignwide is-section-text wp-block-mills-section\">\n\t\t\t<div class=\"wp-block-mills-section__inner aligncenter\">\n\t\t\t\t\n\n<div class=\"wp-block-group has-background-3-background-color has-background is-nowrap is-layout-flex wp-container-core-group-is-layout-ad2f72ca wp-block-group-is-layout-flex\">\n<figure class=\"wp-block-image size-thumbnail is-resized\"><img loading=\"lazy\" decoding=\"async\" width=\"150\" height=\"150\" src=\"https:\/\/mills.no\/content\/uploads\/sites\/2\/2024\/02\/terningkast_5-150x150.png\" alt=\"\" class=\"wp-image-1994\" style=\"width:104px;height:auto\"\/><\/figure>\n\n\n\n<p>Mills \u21161 fikk terningkast fem i Dagbladets test av nye produkter februar 2024. <\/p>\n<\/div>\n\n\n\n<div style=\"height:39px;width:0px\" aria-hidden=\"true\" class=\"wp-block-spacer\"><\/div>\n\n\n\n<p>Vi vet at mange elsker smaken av sm\u00f8r og de gode bruksegenskapene sm\u00f8r har i matlagingen. Samtidig vet vi ogs\u00e5 at sm\u00f8r har h\u00f8yere klimaavtrykk enn mange andre produkter til samme bruk. Derfor har vi utviklet Mills \u21161. <\/p>\n\n\n\n<p><\/p>\n\n\n\n<p><strong>Tips!<\/strong> Den fine blandingen av klaret sm\u00f8r, rapsolje og kjernemelk gj\u00f8r at du ikke trenger \u00e5 temperere No.1 f\u00f8r bruk. <\/p>\n\n\n\t\t\t<\/div>\n\t\t<\/div>\n\n\n\t\t<div class=\"has-background has-background-3-background-color is-style-vertical-spacing is-style-horizontal-spacing alignfull is-section-text wp-block-mills-section has-background has-background-3-background-color\">\n\t\t\t<div class=\"wp-block-mills-section__inner alignwide\">\n\t\t\t\t\n\n\n\t\t\t<\/div>\n\t\t<\/div>\n\n\n\t\t<div class=\"has-background has-primary-light-background-color is-style-vertical-spacing is-style-horizontal-spacing alignfull is-section-text wp-block-mills-section has-background has-primary-light-background-color\">\n\t\t\t<div class=\"wp-block-mills-section__inner alignwide\">\n\t\t\t\t\n\n<h2 class=\"wp-block-heading\" id=\"h-40-prosent-lavere-klimaavtrykk\"><em>40 prosent lavere klimaavtrykk <\/em><\/h2>\n\n\n\n<p>Analyser utf\u00f8rt av Norsk institutt for b\u00e6rekraftsforskning (NORSUS) viser at Mills \u21161 har et klimaavtrykk som er 40 % lavere enn vanlig meierism\u00f8r. NORSUS har beregnet klimaavtrykket og andre b\u00e6rekraftsindikatorer p\u00e5 flere matfettprodukter innen margarin og sm\u00f8r, basert p\u00e5 data fra henholdsvis Mills og TINE. Resultatene av dette arbeidet viser at Mills No1 har mer enn 40% lavere klimaavtrykk enn norskprodusert meierism\u00f8r.<\/p>\n\n\n\t\t\t<\/div>\n\t\t<\/div>\n\n<div class=\"mills-block-food-labeling alignwide alignwide wp-block-mills-block-food-labeling\"><div class=\"left\"><section class=\"nutrients-section\"><header class\"nutrients-header\"><h3>N\u00e6ringsinnhold<\/h3><\/header><p class=\"nutrients-info\">100 gram gir.<\/p><div class=\"nutrients-list\"><div class=\"nutrient-item heading energy ENERGY_KJ\"><span>Energi<\/span><span>2690 kJ (720 kcal)<\/span><\/div><div class=\"empty-item\"><span>&nbsp;<\/span><\/div><div class=\"nutrient-item heading fat FAT\"><span>Fett<\/span><span>80 g<\/span><\/div><div class=\"nutrient-sub\"><span>Hvorav<\/span><\/div><div class=\"nutrient-item fat FASAT\"><span>&#8211; Mettet fett<\/span><span>39 g<\/span><\/div><div class=\"nutrient-item fat FAMSCIS\"><span>&#8211; Enumettet fett<\/span><span>27 g<\/span><\/div><div class=\"nutrient-item fat FAPUCIS\"><span>&#8211; Flerumettet fett<\/span><span>9 g<\/span><\/div><div class=\"empty-item\"><span>&nbsp;<\/span><\/div><div class=\"nutrient-item heading carbs CHOAVL\"><span>Karbohydrater<\/span><span>0.6 g<\/span><\/div><div class=\"nutrient-sub\"><span>Hvorav<\/span><\/div><div class=\"nutrient-item carbs SUGAR-\"><span>&#8211; Sukkerarter<\/span><span>0.6 g<\/span><\/div><div class=\"empty-item\"><span>&nbsp;<\/span><\/div><div class=\"nutrient-item heading protein PRO-\"><span>Protein<\/span><span>0.5 g<\/span><\/div><div class=\"empty-item\"><span>&nbsp;<\/span><\/div><div class=\"nutrient-item heading salt SALTEQ\"><span>Salt<\/span><span>1 g<\/span><\/div><div class=\"empty-item\"><span>&nbsp;<\/span><\/div><div class=\"nutrient-item heading vita \"><span>Vitamin A<\/span><span>900 \u00b5g<\/span><\/div><div class=\"nutrient-item vita \"><span>Vitamin D<\/span><span>10 \u00b5g<\/span><\/div><\/div><\/section><\/div><div class=\"right\"><section class=\"ingredients-section\"><header class=\"ingredients-header\"><h3>Ingredienser<\/h3><\/header><p class=\"ingredients-list\">Klaret sm\u00f8r (39 %) (fra fl\u00f8te\/sm\u00f8r) rapsolje (26 %), kjernemelk (13 %), kokosolje, fullherdet kokos- og rapsolje, vann, salt, emulgator (solsikkelecitin, monoglyserider av fettsyrer), naturlig sm\u00f8raroma, fargestoff (betakaroten), vitamin A, vitamin D<\/p><p class=\"ingredients-smallprint\"><small>Produktsammensetningen kan endres. Les derfor alltid ingredienslisten p\u00e5 emballasjen p\u00e5 produktet.<\/small><\/p><\/section>\n<section class=\"allergens-section contains\"><header class=\"allergens-header\"><h3>Allergener<\/h3><\/header><div class=\"wp-block-buttons\"><div class=\"wp-block-button is-style-outline AM\"><span class=\"wp-block-button__link\">Melk<i class=\"icon-IconAllergy-milk\"><\/i><\/span><\/div><\/div><\/section><\/div><\/div>\n\n\t\t\t<\/div>\n\t\t<\/div>","protected":false},"excerpt":{"rendered":"<p>Mills No1 lages med klaret sm\u00f8r, rapsolje og kjernemelk. Den kan brukes p\u00e5 samme m\u00e5te som meierism\u00f8r, men har 40%&hellip;<\/p>\n","protected":false},"featured_media":0,"menu_order":0,"template":"","meta":{"_searchwp_excluded":"","hide_post_title":false,"mills_central_gtin":"","footnotes":""},"brand":[],"allergen":[],"product_category":[],"product_label":[],"class_list":["post-40830","product","type-product","status-publish","hentry"],"yoast_head":"<!-- This site is optimized with the Yoast SEO Premium plugin v26.9 (Yoast SEO v26.9) - https:\/\/yoast.com\/product\/yoast-seo-premium-wordpress\/ -->\n<title>Mills \u21161 - Mills<\/title>\n<meta name=\"robots\" content=\"index, follow, max-snippet:-1, max-image-preview:large, max-video-preview:-1\" \/>\n<link rel=\"canonical\" href=\"https:\/\/mills.no\/mills\/produkt\/no1\/\" \/>\n<meta property=\"og:locale\" content=\"nb_NO\" \/>\n<meta property=\"og:type\" content=\"article\" \/>\n<meta property=\"og:title\" content=\"Mills \u21161\" \/>\n<meta property=\"og:description\" content=\"Mills No1 lages med klaret sm\u00f8r, rapsolje og kjernemelk. Den kan brukes p\u00e5 samme m\u00e5te som meierism\u00f8r, men har 40%&hellip;\" \/>\n<meta property=\"og:url\" content=\"https:\/\/mills.no\/mills\/produkt\/no1\/\" \/>\n<meta property=\"og:site_name\" content=\"Mills\" \/>\n<meta property=\"article:modified_time\" content=\"2025-02-07T13:56:57+00:00\" \/>\n<meta property=\"og:image\" content=\"https:\/\/mills.no\/content\/uploads\/2024\/01\/7036110210872_G1NB_600px.png\" \/>\n<meta name=\"twitter:card\" content=\"summary_large_image\" \/>\n<meta name=\"twitter:label1\" content=\"Ansl. lesetid\" \/>\n\t<meta name=\"twitter:data1\" content=\"1 minutt\" \/>\n<script type=\"application\/ld+json\" class=\"yoast-schema-graph\">{\"@context\":\"https:\/\/schema.org\",\"@graph\":[{\"@type\":\"WebPage\",\"@id\":\"https:\/\/mills.no\/mills\/produkt\/no1\/\",\"url\":\"https:\/\/mills.no\/mills\/produkt\/no1\/\",\"name\":\"Mills \u21161 - Mills\",\"isPartOf\":{\"@id\":\"https:\/\/mills.no\/mills\/#website\"},\"primaryImageOfPage\":{\"@id\":\"https:\/\/mills.no\/mills\/produkt\/no1\/#primaryimage\"},\"image\":{\"@id\":\"https:\/\/mills.no\/mills\/produkt\/no1\/#primaryimage\"},\"thumbnailUrl\":\"https:\/\/mills.no\/content\/uploads\/2025\/01\/7036110210872_G1N1_600px.png\",\"datePublished\":\"2024-01-16T14:13:43+00:00\",\"dateModified\":\"2025-02-07T13:56:57+00:00\",\"breadcrumb\":{\"@id\":\"https:\/\/mills.no\/mills\/produkt\/no1\/#breadcrumb\"},\"inLanguage\":\"nb-NO\",\"potentialAction\":[{\"@type\":\"ReadAction\",\"target\":[\"https:\/\/mills.no\/mills\/produkt\/no1\/\"]}]},{\"@type\":\"ImageObject\",\"inLanguage\":\"nb-NO\",\"@id\":\"https:\/\/mills.no\/mills\/produkt\/no1\/#primaryimage\",\"url\":\"https:\/\/mills.no\/content\/uploads\/2025\/01\/7036110210872_G1N1_600px.png\",\"contentUrl\":\"https:\/\/mills.no\/content\/uploads\/2025\/01\/7036110210872_G1N1_600px.png\"},{\"@type\":\"BreadcrumbList\",\"@id\":\"https:\/\/mills.no\/mills\/produkt\/no1\/#breadcrumb\",\"itemListElement\":[{\"@type\":\"ListItem\",\"position\":1,\"name\":\"Home\",\"item\":\"https:\/\/mills.no\/mills\/\"},{\"@type\":\"ListItem\",\"position\":2,\"name\":\"Produkter\",\"item\":\"https:\/\/mills.no\/mills\/produkter\/\"},{\"@type\":\"ListItem\",\"position\":3,\"name\":\"Mills \u21161\"}]},{\"@type\":\"WebSite\",\"@id\":\"https:\/\/mills.no\/mills\/#website\",\"url\":\"https:\/\/mills.no\/mills\/\",\"name\":\"Mills\",\"description\":\"Smaken p\u00e5 det gode liv siden 1951\",\"publisher\":{\"@id\":\"https:\/\/mills.no\/mills\/#organization\"},\"potentialAction\":[{\"@type\":\"SearchAction\",\"target\":{\"@type\":\"EntryPoint\",\"urlTemplate\":\"https:\/\/mills.no\/mills\/?s={search_term_string}\"},\"query-input\":{\"@type\":\"PropertyValueSpecification\",\"valueRequired\":true,\"valueName\":\"search_term_string\"}}],\"inLanguage\":\"nb-NO\"},{\"@type\":\"Organization\",\"@id\":\"https:\/\/mills.no\/mills\/#organization\",\"name\":\"Mills\",\"url\":\"https:\/\/mills.no\/mills\/\",\"logo\":{\"@type\":\"ImageObject\",\"inLanguage\":\"nb-NO\",\"@id\":\"https:\/\/mills.no\/mills\/#\/schema\/logo\/image\/\",\"url\":\"https:\/\/mills.no\/content\/uploads\/sites\/2\/2022\/06\/Mills-logo-farger.svg\",\"contentUrl\":\"https:\/\/mills.no\/content\/uploads\/sites\/2\/2022\/06\/Mills-logo-farger.svg\",\"caption\":\"Mills\"},\"image\":{\"@id\":\"https:\/\/mills.no\/mills\/#\/schema\/logo\/image\/\"}}]}<\/script>\n<!-- \/ Yoast SEO Premium plugin. -->","yoast_head_json":{"title":"Mills \u21161 - Mills","robots":{"index":"index","follow":"follow","max-snippet":"max-snippet:-1","max-image-preview":"max-image-preview:large","max-video-preview":"max-video-preview:-1"},"canonical":"https:\/\/mills.no\/mills\/produkt\/no1\/","og_locale":"nb_NO","og_type":"article","og_title":"Mills \u21161","og_description":"Mills No1 lages med klaret sm\u00f8r, rapsolje og kjernemelk. Den kan brukes p\u00e5 samme m\u00e5te som meierism\u00f8r, men har 40%&hellip;","og_url":"https:\/\/mills.no\/mills\/produkt\/no1\/","og_site_name":"Mills","article_modified_time":"2025-02-07T13:56:57+00:00","og_image":[{"url":"https:\/\/mills.no\/content\/uploads\/2024\/01\/7036110210872_G1NB_600px.png","type":"","width":"","height":""}],"twitter_card":"summary_large_image","twitter_misc":{"Ansl. lesetid":"1 minutt"},"schema":{"@context":"https:\/\/schema.org","@graph":[{"@type":"WebPage","@id":"https:\/\/mills.no\/mills\/produkt\/no1\/","url":"https:\/\/mills.no\/mills\/produkt\/no1\/","name":"Mills \u21161 - Mills","isPartOf":{"@id":"https:\/\/mills.no\/mills\/#website"},"primaryImageOfPage":{"@id":"https:\/\/mills.no\/mills\/produkt\/no1\/#primaryimage"},"image":{"@id":"https:\/\/mills.no\/mills\/produkt\/no1\/#primaryimage"},"thumbnailUrl":"https:\/\/mills.no\/content\/uploads\/2025\/01\/7036110210872_G1N1_600px.png","datePublished":"2024-01-16T14:13:43+00:00","dateModified":"2025-02-07T13:56:57+00:00","breadcrumb":{"@id":"https:\/\/mills.no\/mills\/produkt\/no1\/#breadcrumb"},"inLanguage":"nb-NO","potentialAction":[{"@type":"ReadAction","target":["https:\/\/mills.no\/mills\/produkt\/no1\/"]}]},{"@type":"ImageObject","inLanguage":"nb-NO","@id":"https:\/\/mills.no\/mills\/produkt\/no1\/#primaryimage","url":"https:\/\/mills.no\/content\/uploads\/2025\/01\/7036110210872_G1N1_600px.png","contentUrl":"https:\/\/mills.no\/content\/uploads\/2025\/01\/7036110210872_G1N1_600px.png"},{"@type":"BreadcrumbList","@id":"https:\/\/mills.no\/mills\/produkt\/no1\/#breadcrumb","itemListElement":[{"@type":"ListItem","position":1,"name":"Home","item":"https:\/\/mills.no\/mills\/"},{"@type":"ListItem","position":2,"name":"Produkter","item":"https:\/\/mills.no\/mills\/produkter\/"},{"@type":"ListItem","position":3,"name":"Mills \u21161"}]},{"@type":"WebSite","@id":"https:\/\/mills.no\/mills\/#website","url":"https:\/\/mills.no\/mills\/","name":"Mills","description":"Smaken p\u00e5 det gode liv siden 1951","publisher":{"@id":"https:\/\/mills.no\/mills\/#organization"},"potentialAction":[{"@type":"SearchAction","target":{"@type":"EntryPoint","urlTemplate":"https:\/\/mills.no\/mills\/?s={search_term_string}"},"query-input":{"@type":"PropertyValueSpecification","valueRequired":true,"valueName":"search_term_string"}}],"inLanguage":"nb-NO"},{"@type":"Organization","@id":"https:\/\/mills.no\/mills\/#organization","name":"Mills","url":"https:\/\/mills.no\/mills\/","logo":{"@type":"ImageObject","inLanguage":"nb-NO","@id":"https:\/\/mills.no\/mills\/#\/schema\/logo\/image\/","url":"https:\/\/mills.no\/content\/uploads\/sites\/2\/2022\/06\/Mills-logo-farger.svg","contentUrl":"https:\/\/mills.no\/content\/uploads\/sites\/2\/2022\/06\/Mills-logo-farger.svg","caption":"Mills"},"image":{"@id":"https:\/\/mills.no\/mills\/#\/schema\/logo\/image\/"}}]}},"_links":{"self":[{"href":"https:\/\/mills.no\/mills\/wp-json\/wp\/v2\/product\/40830","targetHints":{"allow":["GET"]}}],"collection":[{"href":"https:\/\/mills.no\/mills\/wp-json\/wp\/v2\/product"}],"about":[{"href":"https:\/\/mills.no\/mills\/wp-json\/wp\/v2\/types\/product"}],"version-history":[{"count":0,"href":"https:\/\/mills.no\/mills\/wp-json\/wp\/v2\/product\/40830\/revisions"}],"wp:attachment":[{"href":"https:\/\/mills.no\/mills\/wp-json\/wp\/v2\/media?parent=40830"}],"wp:term":[{"taxonomy":"brand","embeddable":true,"href":"https:\/\/mills.no\/mills\/wp-json\/wp\/v2\/brand?post=40830"},{"taxonomy":"allergen","embeddable":true,"href":"https:\/\/mills.no\/mills\/wp-json\/wp\/v2\/allergen?post=40830"},{"taxonomy":"product_category","embeddable":true,"href":"https:\/\/mills.no\/mills\/wp-json\/wp\/v2\/product_category?post=40830"},{"taxonomy":"product_label","embeddable":true,"href":"https:\/\/mills.no\/mills\/wp-json\/wp\/v2\/product_label?post=40830"}],"curies":[{"name":"wp","href":"https:\/\/api.w.org\/{rel}","templated":true}]}}