{"id":40927,"date":"2024-02-02T14:21:34","date_gmt":"2024-02-02T13:21:34","guid":{"rendered":"https:\/\/mills.no\/?post_type=product&#038;p=40927"},"modified":"2024-02-07T09:01:37","modified_gmt":"2024-02-07T08:01:37","slug":"waldorfsalat","status":"publish","type":"product","link":"https:\/\/mills.no\/mills\/produkt\/waldorfsalat\/","title":{"rendered":"Mills Waldorfsalat"},"content":{"rendered":"\n\t\t<div class=\"has-background has-secondary-background-color is-style-vertical-spacing alignwide is-section-text wp-block-mills-section has-background has-secondary-background-color\">\n\t\t\t<div class=\"wp-block-mills-section__inner aligncenter\">\n\t\t\t\t\n<h2 class=\"has-text-align-center wp-block-post-title\">Mills Waldorfsalat<\/h2>\n\n<p class=\"t2-ingress has-text-align-center align wp-block-t2-ingress\">Mills Waldorfsalat lages med stangselleri, eple, mandarin og druer. <\/p>\n\n\t\t\t<\/div>\n\t\t<\/div>\n\n\n\t\t<div class=\"has-background has-neutral-0-background-color is-style-vertical-spacing is-style-horizontal-spacing alignwide is-section-text wp-block-mills-section has-background has-neutral-0-background-color\">\n\t\t\t<div class=\"wp-block-mills-section__inner aligncenter\">\n\t\t\t\t\n<figure class=\"aligncenter wp-block-post-featured-image\"><img loading=\"lazy\" decoding=\"async\" width=\"600\" height=\"600\" src=\"https:\/\/mills.no\/content\/uploads\/2024\/01\/7036110211312_G1N1_600px.png\" class=\"attachment-post-thumbnail size-post-thumbnail wp-post-image\" alt=\"Mills Waldorfsalat pakningsbilde\" style=\"object-fit:cover;\" srcset=\"https:\/\/mills.no\/content\/uploads\/2024\/01\/7036110211312_G1N1_600px.png 600w, https:\/\/mills.no\/content\/uploads\/2024\/01\/7036110211312_G1N1_600px-300x300.png 300w, https:\/\/mills.no\/content\/uploads\/2024\/01\/7036110211312_G1N1_600px-150x150.png 150w, https:\/\/mills.no\/content\/uploads\/2024\/01\/7036110211312_G1N1_600px-80x80.png 80w\" sizes=\"auto, (max-width: 600px) 100vw, 600px\" \/><\/figure>\n\n\n<p class=\"has-text-align-center\"><\/p>\n\n\n\t\t\t<\/div>\n\t\t<\/div>\n\n<div class=\"mills-block-food-labeling alignwide alignwide wp-block-mills-block-food-labeling\"><div class=\"left\"><section class=\"nutrients-section\"><header class\"nutrients-header\"><h3>N\u00e6ringsinnhold<\/h3><\/header><p class=\"nutrients-info\">100 gram gir.<\/p><div class=\"nutrients-list\"><div class=\"nutrient-item heading energy ENERGY_KJ\"><span>Energi<\/span><span>1090 kJ (260 kcal)<\/span><\/div><div class=\"empty-item\"><span>&nbsp;<\/span><\/div><div class=\"nutrient-item heading fat FAT\"><span>Fett<\/span><span>25 g<\/span><\/div><div class=\"nutrient-sub\"><span>Hvorav<\/span><\/div><div class=\"nutrient-item fat FASAT\"><span>&#8211; Mettet fett<\/span><span>2 g<\/span><\/div><div class=\"nutrient-item fat FAMSCIS\"><span>&#8211; Enumettet fett<\/span><span>16 g<\/span><\/div><div class=\"nutrient-item fat FAPUCIS\"><span>&#8211; Flerumettet fett<\/span><span>7 g<\/span><\/div><div class=\"empty-item\"><span>&nbsp;<\/span><\/div><div class=\"nutrient-item heading carbs CHOAVL\"><span>Karbohydrater<\/span><span>8 g<\/span><\/div><div class=\"nutrient-sub\"><span>Hvorav<\/span><\/div><div class=\"nutrient-item carbs SUGAR-\"><span>&#8211; Sukkerarter<\/span><span>6 g<\/span><\/div><div class=\"empty-item\"><span>&nbsp;<\/span><\/div><div class=\"nutrient-item heading protein PRO-\"><span>Protein<\/span><span>1 g<\/span><\/div><div class=\"empty-item\"><span>&nbsp;<\/span><\/div><div class=\"nutrient-item heading salt SALTEQ\"><span>Salt<\/span><span>0.5 g<\/span><\/div><\/div><\/section><\/div><div class=\"right\"><section class=\"ingredients-section\"><header class=\"ingredients-header\"><h3>Ingredienser<\/h3><\/header><p class=\"ingredients-list\">Rapsolje, stangselleri (18 %), ananas (12 %), eple (11 %), fersken, mandarin (5 %), p\u00e6re, vann, sukker, drue (2 %), eggeplomme, fortykningsmiddel (guarkjernemel, xantangummi), fl\u00f8tepulver (melk), sennepsfr\u00f8, eddik, salt, glukose-fruktosesirup, konserveringsmiddel (kaliumsorbat, natriumbenzoat), surhetsregulerende middel (melkesyre), krydder, aroma<\/p><p class=\"ingredients-smallprint\"><small>Produktsammensetningen kan endres. Les derfor alltid ingredienslisten p\u00e5 emballasjen p\u00e5 produktet.<\/small><\/p><\/section>\n<section class=\"allergens-section contains\"><header class=\"allergens-header\"><h3>Allergener<\/h3><\/header><div class=\"wp-block-buttons\"><div class=\"wp-block-button is-style-outline AE\"><span class=\"wp-block-button__link\">Egg<i class=\"icon-IconAllergy-egg\"><\/i><\/span><\/div><div class=\"wp-block-button is-style-outline AM\"><span class=\"wp-block-button__link\">Melk<i class=\"icon-IconAllergy-milk\"><\/i><\/span><\/div><div class=\"wp-block-button is-style-outline BC\"><span class=\"wp-block-button__link\">Selleri<i class=\"icon-IconAllergy-sellery\"><\/i><\/span><\/div><div class=\"wp-block-button is-style-outline BM\"><span class=\"wp-block-button__link\">Sennep<i class=\"icon-IconAllergy-mustard\"><\/i><\/span><\/div><\/div><\/section><\/div><\/div>","protected":false},"excerpt":{"rendered":"<p>Mills Waldorfsalat lages med stangselleri, eple, mandarin og druer.<\/p>\n","protected":false},"featured_media":40930,"menu_order":0,"template":"","meta":{"_searchwp_excluded":"","hide_post_title":false,"mills_central_gtin":"07036110211312","footnotes":""},"brand":[439],"allergen":[423,417,407,405],"product_category":[438],"product_label":[],"class_list":["post-40927","product","type-product","status-publish","has-post-thumbnail","hentry","brand-mills","allergen-egg","allergen-melk","allergen-selleri","allergen-sennep","product_category-palegg"],"yoast_head":"<!-- This site is optimized with the Yoast SEO Premium plugin v26.9 (Yoast SEO v26.9) - https:\/\/yoast.com\/product\/yoast-seo-premium-wordpress\/ -->\n<title>Mills Waldorfsalat - Produkter - Mills AS<\/title>\n<meta name=\"description\" content=\"Mills Waldorfsalat lages med stangselleri, eple, mandarin og druer.\" \/>\n<meta name=\"robots\" content=\"index, follow, max-snippet:-1, max-image-preview:large, max-video-preview:-1\" \/>\n<link rel=\"canonical\" href=\"https:\/\/mills.no\/mills\/produkt\/waldorfsalat\/\" \/>\n<meta property=\"og:locale\" content=\"nb_NO\" \/>\n<meta property=\"og:type\" content=\"article\" \/>\n<meta property=\"og:title\" content=\"Mills Waldorfsalat\" \/>\n<meta property=\"og:description\" content=\"Mills Waldorfsalat lages med stangselleri, eple, mandarin og druer.\" \/>\n<meta property=\"og:url\" content=\"https:\/\/mills.no\/mills\/produkt\/waldorfsalat\/\" \/>\n<meta property=\"og:site_name\" content=\"Mills AS\" \/>\n<meta property=\"article:publisher\" content=\"https:\/\/www.facebook.com\/mills\" \/>\n<meta property=\"article:modified_time\" content=\"2024-02-07T08:01:37+00:00\" \/>\n<meta property=\"og:image\" content=\"https:\/\/mills.no\/content\/uploads\/2024\/01\/7036110211312_G1N1_600px.png\" \/>\n\t<meta property=\"og:image:width\" content=\"600\" \/>\n\t<meta property=\"og:image:height\" content=\"600\" \/>\n\t<meta property=\"og:image:type\" content=\"image\/png\" \/>\n<meta name=\"twitter:card\" content=\"summary_large_image\" \/>\n<script type=\"application\/ld+json\" class=\"yoast-schema-graph\">{\"@context\":\"https:\/\/schema.org\",\"@graph\":[{\"@type\":\"WebPage\",\"@id\":\"https:\/\/mills.no\/mills\/produkt\/waldorfsalat\/\",\"url\":\"https:\/\/mills.no\/mills\/produkt\/waldorfsalat\/\",\"name\":\"Mills Waldorfsalat - Produkter - Mills AS\",\"isPartOf\":{\"@id\":\"https:\/\/mills.no\/#website\"},\"primaryImageOfPage\":{\"@id\":\"https:\/\/mills.no\/mills\/produkt\/waldorfsalat\/#primaryimage\"},\"image\":{\"@id\":\"https:\/\/mills.no\/mills\/produkt\/waldorfsalat\/#primaryimage\"},\"thumbnailUrl\":\"https:\/\/mills.no\/content\/uploads\/2024\/01\/7036110211312_G1N1_600px.png\",\"datePublished\":\"2024-02-02T13:21:34+00:00\",\"dateModified\":\"2024-02-07T08:01:37+00:00\",\"description\":\"Mills Waldorfsalat lages med stangselleri, eple, mandarin og druer.\",\"breadcrumb\":{\"@id\":\"https:\/\/mills.no\/mills\/produkt\/waldorfsalat\/#breadcrumb\"},\"inLanguage\":\"nb-NO\",\"potentialAction\":[{\"@type\":\"ReadAction\",\"target\":[\"https:\/\/mills.no\/mills\/produkt\/waldorfsalat\/\"]}]},{\"@type\":\"ImageObject\",\"inLanguage\":\"nb-NO\",\"@id\":\"https:\/\/mills.no\/mills\/produkt\/waldorfsalat\/#primaryimage\",\"url\":\"https:\/\/mills.no\/content\/uploads\/2024\/01\/7036110211312_G1N1_600px.png\",\"contentUrl\":\"https:\/\/mills.no\/content\/uploads\/2024\/01\/7036110211312_G1N1_600px.png\",\"width\":600,\"height\":600,\"caption\":\"Mills Waldorfsalat pakningsbilde\"},{\"@type\":\"BreadcrumbList\",\"@id\":\"https:\/\/mills.no\/mills\/produkt\/waldorfsalat\/#breadcrumb\",\"itemListElement\":[{\"@type\":\"ListItem\",\"position\":1,\"name\":\"Hjem\",\"item\":\"https:\/\/mills.no\/\"},{\"@type\":\"ListItem\",\"position\":2,\"name\":\"Produkter\",\"item\":\"https:\/\/mills.no\/produkter\/\"},{\"@type\":\"ListItem\",\"position\":3,\"name\":\"Mills Waldorfsalat\"}]},{\"@type\":\"WebSite\",\"@id\":\"https:\/\/mills.no\/#website\",\"url\":\"https:\/\/mills.no\/\",\"name\":\"Mills AS\",\"description\":\"\",\"publisher\":{\"@id\":\"https:\/\/mills.no\/#organization\"},\"potentialAction\":[{\"@type\":\"SearchAction\",\"target\":{\"@type\":\"EntryPoint\",\"urlTemplate\":\"https:\/\/mills.no\/?s={search_term_string}\"},\"query-input\":{\"@type\":\"PropertyValueSpecification\",\"valueRequired\":true,\"valueName\":\"search_term_string\"}}],\"inLanguage\":\"nb-NO\"},{\"@type\":\"Organization\",\"@id\":\"https:\/\/mills.no\/#organization\",\"name\":\"Mills AS\",\"url\":\"https:\/\/mills.no\/\",\"logo\":{\"@type\":\"ImageObject\",\"inLanguage\":\"nb-NO\",\"@id\":\"https:\/\/mills.no\/#\/schema\/logo\/image\/\",\"url\":\"https:\/\/mills.no\/content\/uploads\/2022\/02\/logo-mills-fill.svg\",\"contentUrl\":\"https:\/\/mills.no\/content\/uploads\/2022\/02\/logo-mills-fill.svg\",\"width\":1,\"height\":1,\"caption\":\"Mills AS\"},\"image\":{\"@id\":\"https:\/\/mills.no\/#\/schema\/logo\/image\/\"},\"sameAs\":[\"https:\/\/www.facebook.com\/mills\",\"https:\/\/www.instagram.com\/mills_as\/\"]}]}<\/script>\n<!-- \/ Yoast SEO Premium plugin. -->","yoast_head_json":{"title":"Mills Waldorfsalat - Produkter - Mills AS","description":"Mills Waldorfsalat lages med stangselleri, eple, mandarin og druer.","robots":{"index":"index","follow":"follow","max-snippet":"max-snippet:-1","max-image-preview":"max-image-preview:large","max-video-preview":"max-video-preview:-1"},"canonical":"https:\/\/mills.no\/mills\/produkt\/waldorfsalat\/","og_locale":"nb_NO","og_type":"article","og_title":"Mills Waldorfsalat","og_description":"Mills Waldorfsalat lages med stangselleri, eple, mandarin og druer.","og_url":"https:\/\/mills.no\/mills\/produkt\/waldorfsalat\/","og_site_name":"Mills AS","article_publisher":"https:\/\/www.facebook.com\/mills","article_modified_time":"2024-02-07T08:01:37+00:00","og_image":[{"width":600,"height":600,"url":"https:\/\/mills.no\/content\/uploads\/2024\/01\/7036110211312_G1N1_600px.png","type":"image\/png"}],"twitter_card":"summary_large_image","schema":{"@context":"https:\/\/schema.org","@graph":[{"@type":"WebPage","@id":"https:\/\/mills.no\/mills\/produkt\/waldorfsalat\/","url":"https:\/\/mills.no\/mills\/produkt\/waldorfsalat\/","name":"Mills Waldorfsalat - Produkter - Mills AS","isPartOf":{"@id":"https:\/\/mills.no\/#website"},"primaryImageOfPage":{"@id":"https:\/\/mills.no\/mills\/produkt\/waldorfsalat\/#primaryimage"},"image":{"@id":"https:\/\/mills.no\/mills\/produkt\/waldorfsalat\/#primaryimage"},"thumbnailUrl":"https:\/\/mills.no\/content\/uploads\/2024\/01\/7036110211312_G1N1_600px.png","datePublished":"2024-02-02T13:21:34+00:00","dateModified":"2024-02-07T08:01:37+00:00","description":"Mills Waldorfsalat lages med stangselleri, eple, mandarin og druer.","breadcrumb":{"@id":"https:\/\/mills.no\/mills\/produkt\/waldorfsalat\/#breadcrumb"},"inLanguage":"nb-NO","potentialAction":[{"@type":"ReadAction","target":["https:\/\/mills.no\/mills\/produkt\/waldorfsalat\/"]}]},{"@type":"ImageObject","inLanguage":"nb-NO","@id":"https:\/\/mills.no\/mills\/produkt\/waldorfsalat\/#primaryimage","url":"https:\/\/mills.no\/content\/uploads\/2024\/01\/7036110211312_G1N1_600px.png","contentUrl":"https:\/\/mills.no\/content\/uploads\/2024\/01\/7036110211312_G1N1_600px.png","width":600,"height":600,"caption":"Mills Waldorfsalat pakningsbilde"},{"@type":"BreadcrumbList","@id":"https:\/\/mills.no\/mills\/produkt\/waldorfsalat\/#breadcrumb","itemListElement":[{"@type":"ListItem","position":1,"name":"Hjem","item":"https:\/\/mills.no\/"},{"@type":"ListItem","position":2,"name":"Produkter","item":"https:\/\/mills.no\/produkter\/"},{"@type":"ListItem","position":3,"name":"Mills Waldorfsalat"}]},{"@type":"WebSite","@id":"https:\/\/mills.no\/#website","url":"https:\/\/mills.no\/","name":"Mills AS","description":"","publisher":{"@id":"https:\/\/mills.no\/#organization"},"potentialAction":[{"@type":"SearchAction","target":{"@type":"EntryPoint","urlTemplate":"https:\/\/mills.no\/?s={search_term_string}"},"query-input":{"@type":"PropertyValueSpecification","valueRequired":true,"valueName":"search_term_string"}}],"inLanguage":"nb-NO"},{"@type":"Organization","@id":"https:\/\/mills.no\/#organization","name":"Mills AS","url":"https:\/\/mills.no\/","logo":{"@type":"ImageObject","inLanguage":"nb-NO","@id":"https:\/\/mills.no\/#\/schema\/logo\/image\/","url":"https:\/\/mills.no\/content\/uploads\/2022\/02\/logo-mills-fill.svg","contentUrl":"https:\/\/mills.no\/content\/uploads\/2022\/02\/logo-mills-fill.svg","width":1,"height":1,"caption":"Mills AS"},"image":{"@id":"https:\/\/mills.no\/#\/schema\/logo\/image\/"},"sameAs":["https:\/\/www.facebook.com\/mills","https:\/\/www.instagram.com\/mills_as\/"]}]}},"_links":{"self":[{"href":"https:\/\/mills.no\/wp-json\/wp\/v2\/product\/40927","targetHints":{"allow":["GET"]}}],"collection":[{"href":"https:\/\/mills.no\/wp-json\/wp\/v2\/product"}],"about":[{"href":"https:\/\/mills.no\/wp-json\/wp\/v2\/types\/product"}],"version-history":[{"count":2,"href":"https:\/\/mills.no\/wp-json\/wp\/v2\/product\/40927\/revisions"}],"predecessor-version":[{"id":40979,"href":"https:\/\/mills.no\/wp-json\/wp\/v2\/product\/40927\/revisions\/40979"}],"wp:featuredmedia":[{"embeddable":true,"href":"https:\/\/mills.no\/wp-json\/wp\/v2\/media\/40930"}],"wp:attachment":[{"href":"https:\/\/mills.no\/wp-json\/wp\/v2\/media?parent=40927"}],"wp:term":[{"taxonomy":"brand","embeddable":true,"href":"https:\/\/mills.no\/wp-json\/wp\/v2\/brand?post=40927"},{"taxonomy":"allergen","embeddable":true,"href":"https:\/\/mills.no\/wp-json\/wp\/v2\/allergen?post=40927"},{"taxonomy":"product_category","embeddable":true,"href":"https:\/\/mills.no\/wp-json\/wp\/v2\/product_category?post=40927"},{"taxonomy":"product_label","embeddable":true,"href":"https:\/\/mills.no\/wp-json\/wp\/v2\/product_label?post=40927"}],"curies":[{"name":"wp","href":"https:\/\/api.w.org\/{rel}","templated":true}]}}