{"id":40935,"date":"2024-01-31T15:09:19","date_gmt":"2024-01-31T14:09:19","guid":{"rendered":"https:\/\/mills.no\/?post_type=product&#038;p=40935"},"modified":"2024-02-07T09:01:42","modified_gmt":"2024-02-07T08:01:42","slug":"coleslaw","status":"publish","type":"product","link":"https:\/\/mills.no\/mills\/produkt\/coleslaw\/","title":{"rendered":"Mills Coleslaw"},"content":{"rendered":"\n\t\t<div class=\"has-background has-secondary-background-color is-style-vertical-spacing alignwide is-section-text wp-block-mills-section has-background has-secondary-background-color\">\n\t\t\t<div class=\"wp-block-mills-section__inner aligncenter\">\n\t\t\t\t\n<h2 class=\"has-text-align-center wp-block-post-title\">Mills Coleslaw<\/h2>\n\n<p class=\"t2-ingress has-text-align-center align wp-block-t2-ingress\">Mills Coleslaw lages med finsnittet k\u00e5l, gulrot og eple, i en frisk dressing av majones og cr\u00e8me fra\u00eeche. Passer til burger, spareribs, p\u00f8lser og pulled pork. <\/p>\n\n\t\t\t<\/div>\n\t\t<\/div>\n\n\n\t\t<div class=\"has-background has-neutral-0-background-color is-style-vertical-spacing is-style-horizontal-spacing alignwide is-section-text wp-block-mills-section has-background has-neutral-0-background-color\">\n\t\t\t<div class=\"wp-block-mills-section__inner aligncenter\">\n\t\t\t\t\n\n\n\n<p class=\"has-text-align-center\"><\/p>\n\n\n\t\t\t<\/div>\n\t\t<\/div>\n\n<div class=\"mills-block-food-labeling alignwide alignwide wp-block-mills-block-food-labeling\"><div class=\"left\"><section class=\"nutrients-section\"><header class\"nutrients-header\"><h3>N\u00e6ringsinnhold<\/h3><\/header><p class=\"nutrients-info\">100 gram gir.<\/p><div class=\"nutrients-list\"><div class=\"nutrient-item heading energy ENERGY_KJ\"><span>Energi<\/span><span>760 kJ (185 kcal)<\/span><\/div><div class=\"empty-item\"><span>&nbsp;<\/span><\/div><div class=\"nutrient-item heading fat FAT\"><span>Fett<\/span><span>17 g<\/span><\/div><div class=\"nutrient-sub\"><span>Hvorav<\/span><\/div><div class=\"nutrient-item fat FASAT\"><span>&#8211; Mettet fett<\/span><span>2 g<\/span><\/div><div class=\"nutrient-item fat FAMSCIS\"><span>&#8211; Enumettet fett<\/span><span>10 g<\/span><\/div><div class=\"nutrient-item fat FAPUCIS\"><span>&#8211; Flerumettet fett<\/span><span>4 g<\/span><\/div><div class=\"empty-item\"><span>&nbsp;<\/span><\/div><div class=\"nutrient-item heading carbs CHOAVL\"><span>Karbohydrater<\/span><span>6 g<\/span><\/div><div class=\"nutrient-sub\"><span>Hvorav<\/span><\/div><div class=\"nutrient-item carbs SUGAR-\"><span>&#8211; Sukkerarter<\/span><span>5 g<\/span><\/div><div class=\"empty-item\"><span>&nbsp;<\/span><\/div><div class=\"nutrient-item heading protein PRO-\"><span>Protein<\/span><span>1 g<\/span><\/div><div class=\"empty-item\"><span>&nbsp;<\/span><\/div><div class=\"nutrient-item heading salt SALTEQ\"><span>Salt<\/span><span>0.7 g<\/span><\/div><\/div><\/section><\/div><div class=\"right\"><section class=\"ingredients-section\"><header class=\"ingredients-header\"><h3>Ingredienser<\/h3><\/header><p class=\"ingredients-list\">K\u00e5l (37 %), rapsolje, vann, gulrot (18 %), cr\u00e8me fra\u00eeche (11 %) [ (fl\u00f8te, modifisert maisstivelse, emulgator (mono- og diglyserider av fettsyrer), stabilisator (pektin, guarkjernemel),\r\nmelkesyrekultur)], eple (7 %), sennepsfr\u00f8, eggeplomme, eddik,\r\nsalt, sukker, konserveringsmiddel (kaliumsorbat,\r\nnatriumbenzoat), pepper, hvitl\u00f8k, fortykningsmiddel\r\n(guarkjernemel, xantangummi), surhetsregulerende middel\r\n(melkesyre, eplesyre, sitronsyre), krydder, aroma<\/p><p class=\"ingredients-smallprint\"><small>Produktsammensetningen kan endres. Les derfor alltid ingredienslisten p\u00e5 emballasjen p\u00e5 produktet.<\/small><\/p><\/section>\n<section class=\"allergens-section contains\"><header class=\"allergens-header\"><h3>Allergener<\/h3><\/header><div class=\"wp-block-buttons\"><div class=\"wp-block-button is-style-outline AM\"><span class=\"wp-block-button__link\">Melk<i class=\"icon-IconAllergy-milk\"><\/i><\/span><\/div><div class=\"wp-block-button is-style-outline AE\"><span class=\"wp-block-button__link\">Egg<i class=\"icon-IconAllergy-egg\"><\/i><\/span><\/div><div class=\"wp-block-button is-style-outline BM\"><span class=\"wp-block-button__link\">Sennep<i class=\"icon-IconAllergy-mustard\"><\/i><\/span><\/div><\/div><\/section><\/div><\/div>","protected":false},"excerpt":{"rendered":"<p>Mills Coleslaw lages med finsnittet k\u00e5l, gulrot og eple, i en frisk dressing av majones og cr\u00e8me fra\u00eeche. Passer til&hellip;<\/p>\n","protected":false},"featured_media":0,"menu_order":0,"template":"","meta":{"_searchwp_excluded":"","hide_post_title":false,"mills_central_gtin":"","footnotes":""},"brand":[],"allergen":[],"product_category":[],"product_label":[],"class_list":["post-40935","product","type-product","status-publish","hentry"],"yoast_head":"<!-- This site is optimized with the Yoast SEO Premium plugin v26.9 (Yoast SEO v26.9) - https:\/\/yoast.com\/product\/yoast-seo-premium-wordpress\/ -->\n<title>Mills Coleslaw - Mills<\/title>\n<meta name=\"robots\" content=\"index, follow, max-snippet:-1, max-image-preview:large, max-video-preview:-1\" \/>\n<link rel=\"canonical\" href=\"https:\/\/mills.no\/mills\/produkt\/coleslaw\/\" \/>\n<meta property=\"og:locale\" content=\"nb_NO\" \/>\n<meta property=\"og:type\" content=\"article\" \/>\n<meta property=\"og:title\" content=\"Mills Coleslaw\" \/>\n<meta property=\"og:description\" content=\"Mills Coleslaw lages med finsnittet k\u00e5l, gulrot og eple, i en frisk dressing av majones og cr\u00e8me fra\u00eeche. Passer til&hellip;\" \/>\n<meta property=\"og:url\" content=\"https:\/\/mills.no\/mills\/produkt\/coleslaw\/\" \/>\n<meta property=\"og:site_name\" content=\"Mills\" \/>\n<meta property=\"article:modified_time\" content=\"2024-02-07T08:01:42+00:00\" \/>\n<meta name=\"twitter:card\" content=\"summary_large_image\" \/>\n<script type=\"application\/ld+json\" class=\"yoast-schema-graph\">{\"@context\":\"https:\/\/schema.org\",\"@graph\":[{\"@type\":\"WebPage\",\"@id\":\"https:\/\/mills.no\/mills\/produkt\/coleslaw\/\",\"url\":\"https:\/\/mills.no\/mills\/produkt\/coleslaw\/\",\"name\":\"Mills Coleslaw - Mills\",\"isPartOf\":{\"@id\":\"https:\/\/mills.no\/mills\/#website\"},\"datePublished\":\"2024-01-31T14:09:19+00:00\",\"dateModified\":\"2024-02-07T08:01:42+00:00\",\"breadcrumb\":{\"@id\":\"https:\/\/mills.no\/mills\/produkt\/coleslaw\/#breadcrumb\"},\"inLanguage\":\"nb-NO\",\"potentialAction\":[{\"@type\":\"ReadAction\",\"target\":[\"https:\/\/mills.no\/mills\/produkt\/coleslaw\/\"]}]},{\"@type\":\"BreadcrumbList\",\"@id\":\"https:\/\/mills.no\/mills\/produkt\/coleslaw\/#breadcrumb\",\"itemListElement\":[{\"@type\":\"ListItem\",\"position\":1,\"name\":\"Home\",\"item\":\"https:\/\/mills.no\/mills\/\"},{\"@type\":\"ListItem\",\"position\":2,\"name\":\"Produkter\",\"item\":\"https:\/\/mills.no\/mills\/produkter\/\"},{\"@type\":\"ListItem\",\"position\":3,\"name\":\"Mills Coleslaw\"}]},{\"@type\":\"WebSite\",\"@id\":\"https:\/\/mills.no\/mills\/#website\",\"url\":\"https:\/\/mills.no\/mills\/\",\"name\":\"Mills\",\"description\":\"Smaken p\u00e5 det gode liv siden 1951\",\"publisher\":{\"@id\":\"https:\/\/mills.no\/mills\/#organization\"},\"potentialAction\":[{\"@type\":\"SearchAction\",\"target\":{\"@type\":\"EntryPoint\",\"urlTemplate\":\"https:\/\/mills.no\/mills\/?s={search_term_string}\"},\"query-input\":{\"@type\":\"PropertyValueSpecification\",\"valueRequired\":true,\"valueName\":\"search_term_string\"}}],\"inLanguage\":\"nb-NO\"},{\"@type\":\"Organization\",\"@id\":\"https:\/\/mills.no\/mills\/#organization\",\"name\":\"Mills\",\"url\":\"https:\/\/mills.no\/mills\/\",\"logo\":{\"@type\":\"ImageObject\",\"inLanguage\":\"nb-NO\",\"@id\":\"https:\/\/mills.no\/mills\/#\/schema\/logo\/image\/\",\"url\":\"https:\/\/mills.no\/content\/uploads\/sites\/2\/2022\/06\/Mills-logo-farger.svg\",\"contentUrl\":\"https:\/\/mills.no\/content\/uploads\/sites\/2\/2022\/06\/Mills-logo-farger.svg\",\"caption\":\"Mills\"},\"image\":{\"@id\":\"https:\/\/mills.no\/mills\/#\/schema\/logo\/image\/\"}}]}<\/script>\n<!-- \/ Yoast SEO Premium plugin. -->","yoast_head_json":{"title":"Mills Coleslaw - Mills","robots":{"index":"index","follow":"follow","max-snippet":"max-snippet:-1","max-image-preview":"max-image-preview:large","max-video-preview":"max-video-preview:-1"},"canonical":"https:\/\/mills.no\/mills\/produkt\/coleslaw\/","og_locale":"nb_NO","og_type":"article","og_title":"Mills Coleslaw","og_description":"Mills Coleslaw lages med finsnittet k\u00e5l, gulrot og eple, i en frisk dressing av majones og cr\u00e8me fra\u00eeche. Passer til&hellip;","og_url":"https:\/\/mills.no\/mills\/produkt\/coleslaw\/","og_site_name":"Mills","article_modified_time":"2024-02-07T08:01:42+00:00","twitter_card":"summary_large_image","schema":{"@context":"https:\/\/schema.org","@graph":[{"@type":"WebPage","@id":"https:\/\/mills.no\/mills\/produkt\/coleslaw\/","url":"https:\/\/mills.no\/mills\/produkt\/coleslaw\/","name":"Mills Coleslaw - Mills","isPartOf":{"@id":"https:\/\/mills.no\/mills\/#website"},"datePublished":"2024-01-31T14:09:19+00:00","dateModified":"2024-02-07T08:01:42+00:00","breadcrumb":{"@id":"https:\/\/mills.no\/mills\/produkt\/coleslaw\/#breadcrumb"},"inLanguage":"nb-NO","potentialAction":[{"@type":"ReadAction","target":["https:\/\/mills.no\/mills\/produkt\/coleslaw\/"]}]},{"@type":"BreadcrumbList","@id":"https:\/\/mills.no\/mills\/produkt\/coleslaw\/#breadcrumb","itemListElement":[{"@type":"ListItem","position":1,"name":"Home","item":"https:\/\/mills.no\/mills\/"},{"@type":"ListItem","position":2,"name":"Produkter","item":"https:\/\/mills.no\/mills\/produkter\/"},{"@type":"ListItem","position":3,"name":"Mills Coleslaw"}]},{"@type":"WebSite","@id":"https:\/\/mills.no\/mills\/#website","url":"https:\/\/mills.no\/mills\/","name":"Mills","description":"Smaken p\u00e5 det gode liv siden 1951","publisher":{"@id":"https:\/\/mills.no\/mills\/#organization"},"potentialAction":[{"@type":"SearchAction","target":{"@type":"EntryPoint","urlTemplate":"https:\/\/mills.no\/mills\/?s={search_term_string}"},"query-input":{"@type":"PropertyValueSpecification","valueRequired":true,"valueName":"search_term_string"}}],"inLanguage":"nb-NO"},{"@type":"Organization","@id":"https:\/\/mills.no\/mills\/#organization","name":"Mills","url":"https:\/\/mills.no\/mills\/","logo":{"@type":"ImageObject","inLanguage":"nb-NO","@id":"https:\/\/mills.no\/mills\/#\/schema\/logo\/image\/","url":"https:\/\/mills.no\/content\/uploads\/sites\/2\/2022\/06\/Mills-logo-farger.svg","contentUrl":"https:\/\/mills.no\/content\/uploads\/sites\/2\/2022\/06\/Mills-logo-farger.svg","caption":"Mills"},"image":{"@id":"https:\/\/mills.no\/mills\/#\/schema\/logo\/image\/"}}]}},"_links":{"self":[{"href":"https:\/\/mills.no\/mills\/wp-json\/wp\/v2\/product\/40935","targetHints":{"allow":["GET"]}}],"collection":[{"href":"https:\/\/mills.no\/mills\/wp-json\/wp\/v2\/product"}],"about":[{"href":"https:\/\/mills.no\/mills\/wp-json\/wp\/v2\/types\/product"}],"version-history":[{"count":0,"href":"https:\/\/mills.no\/mills\/wp-json\/wp\/v2\/product\/40935\/revisions"}],"wp:attachment":[{"href":"https:\/\/mills.no\/mills\/wp-json\/wp\/v2\/media?parent=40935"}],"wp:term":[{"taxonomy":"brand","embeddable":true,"href":"https:\/\/mills.no\/mills\/wp-json\/wp\/v2\/brand?post=40935"},{"taxonomy":"allergen","embeddable":true,"href":"https:\/\/mills.no\/mills\/wp-json\/wp\/v2\/allergen?post=40935"},{"taxonomy":"product_category","embeddable":true,"href":"https:\/\/mills.no\/mills\/wp-json\/wp\/v2\/product_category?post=40935"},{"taxonomy":"product_label","embeddable":true,"href":"https:\/\/mills.no\/mills\/wp-json\/wp\/v2\/product_label?post=40935"}],"curies":[{"name":"wp","href":"https:\/\/api.w.org\/{rel}","templated":true}]}}