{"id":42958,"date":"2025-02-05T15:30:21","date_gmt":"2025-02-05T14:30:21","guid":{"rendered":"https:\/\/mills.no\/?post_type=product&#038;p=42958"},"modified":"2025-02-07T14:08:10","modified_gmt":"2025-02-07T13:08:10","slug":"mills-skinkesalat","status":"publish","type":"product","link":"https:\/\/mills.no\/mills\/produkt\/mills-skinkesalat\/","title":{"rendered":"Mills Skinkesalat"},"content":{"rendered":"\n\t\t<div class=\"has-background has-secondary-background-color is-style-vertical-spacing alignwide is-section-text wp-block-mills-section has-background has-secondary-background-color\">\n\t\t\t<div class=\"wp-block-mills-section__inner aligncenter\">\n\t\t\t\t\n<h2 class=\"has-text-align-center wp-block-post-title\">Mills Skinkesalat<\/h2>\n\n<p class=\"t2-ingress has-text-align-center align wp-block-t2-ingress\">Norges mest brukte kj\u00f8ttp\u00e5legg n\u00e5 som p\u00e5leggssalat! Mills Skinkesalat er en frisk og smakfull p\u00e5leggssalat laget med saftig kokt skinke, frisk v\u00e5rl\u00f8k, s\u00f8t mais og et hint av pepper. Denne kombinasjonen gir en lett og balansert smak som passer perfekt p\u00e5 br\u00f8dskiva. <\/p>\n\n\t\t\t<\/div>\n\t\t<\/div>\n\n\n\t\t<div class=\"has-background has-neutral-0-background-color is-style-vertical-spacing is-style-horizontal-spacing alignwide is-section-text wp-block-mills-section has-background has-neutral-0-background-color\">\n\t\t\t<div class=\"wp-block-mills-section__inner aligncenter\">\n\t\t\t\t\n<figure class=\"wp-block-post-featured-image\"><img loading=\"lazy\" decoding=\"async\" width=\"600\" height=\"505\" src=\"https:\/\/mills.no\/content\/uploads\/2025\/02\/7036110212371_G1N1_600px.png\" class=\"attachment-post-thumbnail size-post-thumbnail wp-post-image\" alt=\"Mills Skinkesalat\" style=\"object-fit:cover;\" srcset=\"https:\/\/mills.no\/content\/uploads\/2025\/02\/7036110212371_G1N1_600px.png 600w, https:\/\/mills.no\/content\/uploads\/2025\/02\/7036110212371_G1N1_600px-300x253.png 300w, https:\/\/mills.no\/content\/uploads\/2025\/02\/7036110212371_G1N1_600px-80x67.png 80w\" sizes=\"auto, (max-width: 600px) 100vw, 600px\" \/><\/figure>\n\n\n<p class=\"has-text-align-center\">Enkel og god hverdagsmat som hele familien vil sette pris p\u00e5. Salaten er produsert i Drammen med fokus p\u00e5 kvalitet, gode r\u00e5varer og den gode smaken.<\/p>\n\n\n\t\t\t<\/div>\n\t\t<\/div>\n\n<div class=\"mills-block-food-labeling alignwide alignwide wp-block-mills-block-food-labeling\"><div class=\"left\"><section class=\"nutrients-section\"><header class\"nutrients-header\"><h3>N\u00e6ringsinnhold<\/h3><\/header><p class=\"nutrients-info\">100 gram gir.<\/p><div class=\"nutrients-list\"><div class=\"nutrient-item heading energy ENERGY_KJ\"><span>Energi<\/span><span>1000 kJ (240 kcal)<\/span><\/div><div class=\"empty-item\"><span>&nbsp;<\/span><\/div><div class=\"nutrient-item heading fat FAT\"><span>Fett<\/span><span>23 g<\/span><\/div><div class=\"nutrient-sub\"><span>Hvorav<\/span><\/div><div class=\"nutrient-item fat FASAT\"><span>&#8211; Mettet fett<\/span><span>3 g<\/span><\/div><div class=\"nutrient-item fat FAMSCIS\"><span>&#8211; Enumettet fett<\/span><span>12 g<\/span><\/div><div class=\"nutrient-item fat FAPUCIS\"><span>&#8211; Flerumettet fett<\/span><span>5 g<\/span><\/div><div class=\"empty-item\"><span>&nbsp;<\/span><\/div><div class=\"nutrient-item heading carbs CHOAVL\"><span>Karbohydrater<\/span><span>5 g<\/span><\/div><div class=\"nutrient-sub\"><span>Hvorav<\/span><\/div><div class=\"nutrient-item carbs SUGAR-\"><span>&#8211; Sukkerarter<\/span><span>2 g<\/span><\/div><div class=\"empty-item\"><span>&nbsp;<\/span><\/div><div class=\"nutrient-item heading fiber FIBTG\"><span>Kostfiber<\/span><span>1 g<\/span><\/div><div class=\"empty-item\"><span>&nbsp;<\/span><\/div><div class=\"nutrient-item heading protein PRO-\"><span>Protein<\/span><span>3 g<\/span><\/div><div class=\"empty-item\"><span>&nbsp;<\/span><\/div><div class=\"nutrient-item heading salt SALTEQ\"><span>Salt<\/span><span>0.8 g<\/span><\/div><\/div><\/section><\/div><div class=\"right\"><section class=\"ingredients-section\"><header class=\"ingredients-header\"><h3>Ingredienser<\/h3><\/header><p class=\"ingredients-list\">Majones (vann, rapsolje, eggeplomme, modifisert maisstivelse, sennep, sukker, eddik, salt), skinke (20 %) [svinek\u00f8tt (62 %), vann, potetstivelse, stabilisator (E450, E451), dekstrose (mais), antioksidant (E326, E301), salt, konserveringsmiddel (natriumnitritt)], hvitbete, v\u00e5rl\u00f8k (6 %), mais (5%), fortykningsmiddel (guarkjernemel, xantangummi), konserveringsmiddel (natriumbenzoat, kaliumsorbat), surhetsregulerende middel (melkesyre, eplesyre), krydder, aroma<\/p><p class=\"ingredients-smallprint\"><small>Produktsammensetningen kan endres. Les derfor alltid ingredienslisten p\u00e5 emballasjen p\u00e5 produktet.<\/small><\/p><\/section>\n<section class=\"allergens-section contains\"><header class=\"allergens-header\"><h3>Allergener<\/h3><\/header><div class=\"wp-block-buttons\"><div class=\"wp-block-button is-style-outline AE\"><span class=\"wp-block-button__link\">Egg<i class=\"icon-IconAllergy-egg\"><\/i><\/span><\/div><div class=\"wp-block-button is-style-outline BM\"><span class=\"wp-block-button__link\">Sennep<i class=\"icon-IconAllergy-mustard\"><\/i><\/span><\/div><\/div><\/section><\/div><\/div>","protected":false},"excerpt":{"rendered":"","protected":false},"featured_media":42957,"menu_order":0,"template":"","meta":{"_searchwp_excluded":"","hide_post_title":false,"mills_central_gtin":"07036110212371","footnotes":""},"brand":[439],"allergen":[423,405],"product_category":[438],"product_label":[],"class_list":["post-42958","product","type-product","status-publish","has-post-thumbnail","hentry","brand-mills","allergen-egg","allergen-sennep","product_category-palegg"],"yoast_head":"<!-- This site is optimized with the Yoast SEO Premium plugin v26.9 (Yoast SEO v26.9) - https:\/\/yoast.com\/product\/yoast-seo-premium-wordpress\/ -->\n<title>Mills Skinkesalat - Produkter - Mills AS<\/title>\n<meta name=\"description\" content=\"En smakfull og god skinkesalat\" \/>\n<meta name=\"robots\" content=\"index, follow, max-snippet:-1, max-image-preview:large, max-video-preview:-1\" \/>\n<link rel=\"canonical\" href=\"https:\/\/mills.no\/mills\/produkt\/mills-skinkesalat\/\" \/>\n<meta property=\"og:locale\" content=\"nb_NO\" \/>\n<meta property=\"og:type\" content=\"article\" \/>\n<meta property=\"og:title\" content=\"Mills Skinkesalat\" \/>\n<meta property=\"og:description\" content=\"En smakfull og god skinkesalat\" \/>\n<meta property=\"og:url\" content=\"https:\/\/mills.no\/mills\/produkt\/mills-skinkesalat\/\" \/>\n<meta property=\"og:site_name\" content=\"Mills AS\" \/>\n<meta property=\"article:publisher\" content=\"https:\/\/www.facebook.com\/mills\" \/>\n<meta property=\"article:modified_time\" content=\"2025-02-07T13:08:10+00:00\" \/>\n<meta property=\"og:image\" content=\"https:\/\/mills.no\/content\/uploads\/2025\/02\/7036110212371_G1N1_600px.png\" \/>\n\t<meta property=\"og:image:width\" content=\"600\" \/>\n\t<meta property=\"og:image:height\" content=\"505\" \/>\n\t<meta property=\"og:image:type\" content=\"image\/png\" \/>\n<meta name=\"twitter:card\" content=\"summary_large_image\" \/>\n<meta name=\"twitter:label1\" content=\"Ansl. lesetid\" \/>\n\t<meta name=\"twitter:data1\" content=\"1 minutt\" \/>\n<script type=\"application\/ld+json\" class=\"yoast-schema-graph\">{\"@context\":\"https:\/\/schema.org\",\"@graph\":[{\"@type\":\"WebPage\",\"@id\":\"https:\/\/mills.no\/mills\/produkt\/mills-skinkesalat\/\",\"url\":\"https:\/\/mills.no\/mills\/produkt\/mills-skinkesalat\/\",\"name\":\"Mills Skinkesalat - Produkter - Mills AS\",\"isPartOf\":{\"@id\":\"https:\/\/mills.no\/#website\"},\"primaryImageOfPage\":{\"@id\":\"https:\/\/mills.no\/mills\/produkt\/mills-skinkesalat\/#primaryimage\"},\"image\":{\"@id\":\"https:\/\/mills.no\/mills\/produkt\/mills-skinkesalat\/#primaryimage\"},\"thumbnailUrl\":\"https:\/\/mills.no\/content\/uploads\/2025\/02\/7036110212371_G1N1_600px.png\",\"datePublished\":\"2025-02-05T14:30:21+00:00\",\"dateModified\":\"2025-02-07T13:08:10+00:00\",\"description\":\"En smakfull og god skinkesalat\",\"breadcrumb\":{\"@id\":\"https:\/\/mills.no\/mills\/produkt\/mills-skinkesalat\/#breadcrumb\"},\"inLanguage\":\"nb-NO\",\"potentialAction\":[{\"@type\":\"ReadAction\",\"target\":[\"https:\/\/mills.no\/mills\/produkt\/mills-skinkesalat\/\"]}]},{\"@type\":\"ImageObject\",\"inLanguage\":\"nb-NO\",\"@id\":\"https:\/\/mills.no\/mills\/produkt\/mills-skinkesalat\/#primaryimage\",\"url\":\"https:\/\/mills.no\/content\/uploads\/2025\/02\/7036110212371_G1N1_600px.png\",\"contentUrl\":\"https:\/\/mills.no\/content\/uploads\/2025\/02\/7036110212371_G1N1_600px.png\",\"width\":600,\"height\":505,\"caption\":\"Mills Skinkesalat\"},{\"@type\":\"BreadcrumbList\",\"@id\":\"https:\/\/mills.no\/mills\/produkt\/mills-skinkesalat\/#breadcrumb\",\"itemListElement\":[{\"@type\":\"ListItem\",\"position\":1,\"name\":\"Hjem\",\"item\":\"https:\/\/mills.no\/\"},{\"@type\":\"ListItem\",\"position\":2,\"name\":\"Produkter\",\"item\":\"https:\/\/mills.no\/produkter\/\"},{\"@type\":\"ListItem\",\"position\":3,\"name\":\"Mills Skinkesalat\"}]},{\"@type\":\"WebSite\",\"@id\":\"https:\/\/mills.no\/#website\",\"url\":\"https:\/\/mills.no\/\",\"name\":\"Mills AS\",\"description\":\"\",\"publisher\":{\"@id\":\"https:\/\/mills.no\/#organization\"},\"potentialAction\":[{\"@type\":\"SearchAction\",\"target\":{\"@type\":\"EntryPoint\",\"urlTemplate\":\"https:\/\/mills.no\/?s={search_term_string}\"},\"query-input\":{\"@type\":\"PropertyValueSpecification\",\"valueRequired\":true,\"valueName\":\"search_term_string\"}}],\"inLanguage\":\"nb-NO\"},{\"@type\":\"Organization\",\"@id\":\"https:\/\/mills.no\/#organization\",\"name\":\"Mills AS\",\"url\":\"https:\/\/mills.no\/\",\"logo\":{\"@type\":\"ImageObject\",\"inLanguage\":\"nb-NO\",\"@id\":\"https:\/\/mills.no\/#\/schema\/logo\/image\/\",\"url\":\"https:\/\/mills.no\/content\/uploads\/2022\/02\/logo-mills-fill.svg\",\"contentUrl\":\"https:\/\/mills.no\/content\/uploads\/2022\/02\/logo-mills-fill.svg\",\"width\":1,\"height\":1,\"caption\":\"Mills AS\"},\"image\":{\"@id\":\"https:\/\/mills.no\/#\/schema\/logo\/image\/\"},\"sameAs\":[\"https:\/\/www.facebook.com\/mills\",\"https:\/\/www.instagram.com\/mills_as\/\"]}]}<\/script>\n<!-- \/ Yoast SEO Premium plugin. -->","yoast_head_json":{"title":"Mills Skinkesalat - Produkter - Mills AS","description":"En smakfull og god skinkesalat","robots":{"index":"index","follow":"follow","max-snippet":"max-snippet:-1","max-image-preview":"max-image-preview:large","max-video-preview":"max-video-preview:-1"},"canonical":"https:\/\/mills.no\/mills\/produkt\/mills-skinkesalat\/","og_locale":"nb_NO","og_type":"article","og_title":"Mills Skinkesalat","og_description":"En smakfull og god skinkesalat","og_url":"https:\/\/mills.no\/mills\/produkt\/mills-skinkesalat\/","og_site_name":"Mills AS","article_publisher":"https:\/\/www.facebook.com\/mills","article_modified_time":"2025-02-07T13:08:10+00:00","og_image":[{"width":600,"height":505,"url":"https:\/\/mills.no\/content\/uploads\/2025\/02\/7036110212371_G1N1_600px.png","type":"image\/png"}],"twitter_card":"summary_large_image","twitter_misc":{"Ansl. lesetid":"1 minutt"},"schema":{"@context":"https:\/\/schema.org","@graph":[{"@type":"WebPage","@id":"https:\/\/mills.no\/mills\/produkt\/mills-skinkesalat\/","url":"https:\/\/mills.no\/mills\/produkt\/mills-skinkesalat\/","name":"Mills Skinkesalat - Produkter - Mills AS","isPartOf":{"@id":"https:\/\/mills.no\/#website"},"primaryImageOfPage":{"@id":"https:\/\/mills.no\/mills\/produkt\/mills-skinkesalat\/#primaryimage"},"image":{"@id":"https:\/\/mills.no\/mills\/produkt\/mills-skinkesalat\/#primaryimage"},"thumbnailUrl":"https:\/\/mills.no\/content\/uploads\/2025\/02\/7036110212371_G1N1_600px.png","datePublished":"2025-02-05T14:30:21+00:00","dateModified":"2025-02-07T13:08:10+00:00","description":"En smakfull og god skinkesalat","breadcrumb":{"@id":"https:\/\/mills.no\/mills\/produkt\/mills-skinkesalat\/#breadcrumb"},"inLanguage":"nb-NO","potentialAction":[{"@type":"ReadAction","target":["https:\/\/mills.no\/mills\/produkt\/mills-skinkesalat\/"]}]},{"@type":"ImageObject","inLanguage":"nb-NO","@id":"https:\/\/mills.no\/mills\/produkt\/mills-skinkesalat\/#primaryimage","url":"https:\/\/mills.no\/content\/uploads\/2025\/02\/7036110212371_G1N1_600px.png","contentUrl":"https:\/\/mills.no\/content\/uploads\/2025\/02\/7036110212371_G1N1_600px.png","width":600,"height":505,"caption":"Mills Skinkesalat"},{"@type":"BreadcrumbList","@id":"https:\/\/mills.no\/mills\/produkt\/mills-skinkesalat\/#breadcrumb","itemListElement":[{"@type":"ListItem","position":1,"name":"Hjem","item":"https:\/\/mills.no\/"},{"@type":"ListItem","position":2,"name":"Produkter","item":"https:\/\/mills.no\/produkter\/"},{"@type":"ListItem","position":3,"name":"Mills Skinkesalat"}]},{"@type":"WebSite","@id":"https:\/\/mills.no\/#website","url":"https:\/\/mills.no\/","name":"Mills AS","description":"","publisher":{"@id":"https:\/\/mills.no\/#organization"},"potentialAction":[{"@type":"SearchAction","target":{"@type":"EntryPoint","urlTemplate":"https:\/\/mills.no\/?s={search_term_string}"},"query-input":{"@type":"PropertyValueSpecification","valueRequired":true,"valueName":"search_term_string"}}],"inLanguage":"nb-NO"},{"@type":"Organization","@id":"https:\/\/mills.no\/#organization","name":"Mills AS","url":"https:\/\/mills.no\/","logo":{"@type":"ImageObject","inLanguage":"nb-NO","@id":"https:\/\/mills.no\/#\/schema\/logo\/image\/","url":"https:\/\/mills.no\/content\/uploads\/2022\/02\/logo-mills-fill.svg","contentUrl":"https:\/\/mills.no\/content\/uploads\/2022\/02\/logo-mills-fill.svg","width":1,"height":1,"caption":"Mills AS"},"image":{"@id":"https:\/\/mills.no\/#\/schema\/logo\/image\/"},"sameAs":["https:\/\/www.facebook.com\/mills","https:\/\/www.instagram.com\/mills_as\/"]}]}},"_links":{"self":[{"href":"https:\/\/mills.no\/wp-json\/wp\/v2\/product\/42958","targetHints":{"allow":["GET"]}}],"collection":[{"href":"https:\/\/mills.no\/wp-json\/wp\/v2\/product"}],"about":[{"href":"https:\/\/mills.no\/wp-json\/wp\/v2\/types\/product"}],"version-history":[{"count":3,"href":"https:\/\/mills.no\/wp-json\/wp\/v2\/product\/42958\/revisions"}],"predecessor-version":[{"id":42979,"href":"https:\/\/mills.no\/wp-json\/wp\/v2\/product\/42958\/revisions\/42979"}],"wp:featuredmedia":[{"embeddable":true,"href":"https:\/\/mills.no\/wp-json\/wp\/v2\/media\/42957"}],"wp:attachment":[{"href":"https:\/\/mills.no\/wp-json\/wp\/v2\/media?parent=42958"}],"wp:term":[{"taxonomy":"brand","embeddable":true,"href":"https:\/\/mills.no\/wp-json\/wp\/v2\/brand?post=42958"},{"taxonomy":"allergen","embeddable":true,"href":"https:\/\/mills.no\/wp-json\/wp\/v2\/allergen?post=42958"},{"taxonomy":"product_category","embeddable":true,"href":"https:\/\/mills.no\/wp-json\/wp\/v2\/product_category?post=42958"},{"taxonomy":"product_label","embeddable":true,"href":"https:\/\/mills.no\/wp-json\/wp\/v2\/product_label?post=42958"}],"curies":[{"name":"wp","href":"https:\/\/api.w.org\/{rel}","templated":true}]}}