{"id":42965,"date":"2025-02-05T15:32:27","date_gmt":"2025-02-05T14:32:27","guid":{"rendered":"https:\/\/mills.no\/?post_type=product&#038;p=42965"},"modified":"2025-02-07T14:11:01","modified_gmt":"2025-02-07T13:11:01","slug":"tasty-tex-mex","status":"publish","type":"product","link":"https:\/\/mills.no\/mills\/produkt\/tasty-tex-mex\/","title":{"rendered":"Delikat Tasty Tex-Mex"},"content":{"rendered":"\n\t\t<div class=\"has-background has-secondary-background-color is-style-vertical-spacing alignwide is-section-text wp-block-mills-section has-background has-secondary-background-color\">\n\t\t\t<div class=\"wp-block-mills-section__inner aligncenter\">\n\t\t\t\t\n<h2 class=\"has-text-align-center wp-block-post-title\">Delikat Tasty Tex-Mex<\/h2>\n\n<p class=\"t2-ingress has-text-align-center align wp-block-t2-ingress\">For deg som er p\u00e5 farten og trenger en smaksrik lunsj, er Delikat Tasty Tex-Mex det perfekte valget! Denne herlige p\u00e5leggssalaten byr p\u00e5 en fyldig kombinasjon av saftig tacokj\u00f8ttdeig, s\u00f8t mais, svarte b\u00f8nner og et hint av jalape\u00f1os for en spicy twist.<\/p>\n\n\t\t\t<\/div>\n\t\t<\/div>\n\n\n\t\t<div class=\"has-background has-neutral-0-background-color is-style-vertical-spacing is-style-horizontal-spacing alignwide is-section-text wp-block-mills-section has-background has-neutral-0-background-color\">\n\t\t\t<div class=\"wp-block-mills-section__inner aligncenter\">\n\t\t\t\t\n<figure class=\"wp-block-post-featured-image\"><img loading=\"lazy\" decoding=\"async\" width=\"600\" height=\"599\" src=\"https:\/\/mills.no\/content\/uploads\/2025\/02\/7036110212159_G1N1_600px.png\" class=\"attachment-post-thumbnail size-post-thumbnail wp-post-image\" alt=\"Delikat texmex\" style=\"object-fit:cover;\" srcset=\"https:\/\/mills.no\/content\/uploads\/2025\/02\/7036110212159_G1N1_600px.png 600w, https:\/\/mills.no\/content\/uploads\/2025\/02\/7036110212159_G1N1_600px-300x300.png 300w, https:\/\/mills.no\/content\/uploads\/2025\/02\/7036110212159_G1N1_600px-150x150.png 150w, https:\/\/mills.no\/content\/uploads\/2025\/02\/7036110212159_G1N1_600px-80x80.png 80w\" sizes=\"auto, (max-width: 600px) 100vw, 600px\" \/><\/figure>\n\n\n<p class=\"has-text-align-center\">  Med sin praktiske st\u00f8rrelse er den perfekt for deg som bruker matbutikken som jobbkantine og \u00f8nsker en rask, men smakfull lunsj. Nyt den p\u00e5 br\u00f8d, knekkebr\u00f8d eller baguett \u2013 uansett gir den en liten bit av Texas og Mexico, rett fra matpakka! Delikat Tasty Tex-Mex \u2013 en liten pakke med stor smak! Selges kun i COOP-butikker.<\/p>\n\n\n\t\t\t<\/div>\n\t\t<\/div>\n\n","protected":false},"excerpt":{"rendered":"","protected":false},"featured_media":42955,"menu_order":0,"template":"","meta":{"_searchwp_excluded":"","hide_post_title":false,"mills_central_gtin":"07036110212159","footnotes":""},"brand":[439],"allergen":[423,417,405,413],"product_category":[438],"product_label":[],"class_list":["post-42965","product","type-product","status-publish","has-post-thumbnail","hentry","brand-mills","allergen-egg","allergen-melk","allergen-sennep","allergen-soya","product_category-palegg"],"yoast_head":"<!-- This site is optimized with the Yoast SEO Premium plugin v26.9 (Yoast SEO v26.9) - https:\/\/yoast.com\/product\/yoast-seo-premium-wordpress\/ -->\n<title>Delikat Tasty Tex-Mex - Produkter - Mills AS<\/title>\n<meta name=\"description\" content=\"En smakfull salat med tacokj\u00f8ttdeig, tomater, b\u00f8nner og mais.\" \/>\n<meta name=\"robots\" content=\"index, follow, max-snippet:-1, max-image-preview:large, max-video-preview:-1\" \/>\n<link rel=\"canonical\" href=\"https:\/\/mills.no\/mills\/produkt\/tasty-tex-mex\/\" \/>\n<meta property=\"og:locale\" content=\"nb_NO\" \/>\n<meta property=\"og:type\" content=\"article\" \/>\n<meta property=\"og:title\" content=\"Delikat Tasty Tex-Mex\" \/>\n<meta property=\"og:description\" content=\"En smakfull salat med tacokj\u00f8ttdeig, tomater, b\u00f8nner og mais.\" \/>\n<meta property=\"og:url\" content=\"https:\/\/mills.no\/mills\/produkt\/tasty-tex-mex\/\" \/>\n<meta property=\"og:site_name\" content=\"Mills AS\" \/>\n<meta property=\"article:publisher\" content=\"https:\/\/www.facebook.com\/mills\" \/>\n<meta property=\"article:modified_time\" content=\"2025-02-07T13:11:01+00:00\" \/>\n<meta property=\"og:image\" content=\"https:\/\/mills.no\/content\/uploads\/2025\/02\/7036110212159_G1N1_600px.png\" \/>\n\t<meta property=\"og:image:width\" content=\"600\" \/>\n\t<meta property=\"og:image:height\" content=\"599\" \/>\n\t<meta property=\"og:image:type\" content=\"image\/png\" \/>\n<meta name=\"twitter:card\" content=\"summary_large_image\" \/>\n<meta name=\"twitter:label1\" content=\"Ansl. lesetid\" \/>\n\t<meta name=\"twitter:data1\" content=\"1 minutt\" \/>\n<script type=\"application\/ld+json\" class=\"yoast-schema-graph\">{\"@context\":\"https:\/\/schema.org\",\"@graph\":[{\"@type\":\"WebPage\",\"@id\":\"https:\/\/mills.no\/mills\/produkt\/tasty-tex-mex\/\",\"url\":\"https:\/\/mills.no\/mills\/produkt\/tasty-tex-mex\/\",\"name\":\"Delikat Tasty Tex-Mex - Produkter - Mills AS\",\"isPartOf\":{\"@id\":\"https:\/\/mills.no\/#website\"},\"primaryImageOfPage\":{\"@id\":\"https:\/\/mills.no\/mills\/produkt\/tasty-tex-mex\/#primaryimage\"},\"image\":{\"@id\":\"https:\/\/mills.no\/mills\/produkt\/tasty-tex-mex\/#primaryimage\"},\"thumbnailUrl\":\"https:\/\/mills.no\/content\/uploads\/2025\/02\/7036110212159_G1N1_600px.png\",\"datePublished\":\"2025-02-05T14:32:27+00:00\",\"dateModified\":\"2025-02-07T13:11:01+00:00\",\"description\":\"En smakfull salat med tacokj\u00f8ttdeig, tomater, b\u00f8nner og mais.\",\"breadcrumb\":{\"@id\":\"https:\/\/mills.no\/mills\/produkt\/tasty-tex-mex\/#breadcrumb\"},\"inLanguage\":\"nb-NO\",\"potentialAction\":[{\"@type\":\"ReadAction\",\"target\":[\"https:\/\/mills.no\/mills\/produkt\/tasty-tex-mex\/\"]}]},{\"@type\":\"ImageObject\",\"inLanguage\":\"nb-NO\",\"@id\":\"https:\/\/mills.no\/mills\/produkt\/tasty-tex-mex\/#primaryimage\",\"url\":\"https:\/\/mills.no\/content\/uploads\/2025\/02\/7036110212159_G1N1_600px.png\",\"contentUrl\":\"https:\/\/mills.no\/content\/uploads\/2025\/02\/7036110212159_G1N1_600px.png\",\"width\":600,\"height\":599,\"caption\":\"Delikat texmex\"},{\"@type\":\"BreadcrumbList\",\"@id\":\"https:\/\/mills.no\/mills\/produkt\/tasty-tex-mex\/#breadcrumb\",\"itemListElement\":[{\"@type\":\"ListItem\",\"position\":1,\"name\":\"Hjem\",\"item\":\"https:\/\/mills.no\/\"},{\"@type\":\"ListItem\",\"position\":2,\"name\":\"Produkter\",\"item\":\"https:\/\/mills.no\/produkter\/\"},{\"@type\":\"ListItem\",\"position\":3,\"name\":\"Delikat Tasty Tex-Mex\"}]},{\"@type\":\"WebSite\",\"@id\":\"https:\/\/mills.no\/#website\",\"url\":\"https:\/\/mills.no\/\",\"name\":\"Mills AS\",\"description\":\"\",\"publisher\":{\"@id\":\"https:\/\/mills.no\/#organization\"},\"potentialAction\":[{\"@type\":\"SearchAction\",\"target\":{\"@type\":\"EntryPoint\",\"urlTemplate\":\"https:\/\/mills.no\/?s={search_term_string}\"},\"query-input\":{\"@type\":\"PropertyValueSpecification\",\"valueRequired\":true,\"valueName\":\"search_term_string\"}}],\"inLanguage\":\"nb-NO\"},{\"@type\":\"Organization\",\"@id\":\"https:\/\/mills.no\/#organization\",\"name\":\"Mills AS\",\"url\":\"https:\/\/mills.no\/\",\"logo\":{\"@type\":\"ImageObject\",\"inLanguage\":\"nb-NO\",\"@id\":\"https:\/\/mills.no\/#\/schema\/logo\/image\/\",\"url\":\"https:\/\/mills.no\/content\/uploads\/2022\/02\/logo-mills-fill.svg\",\"contentUrl\":\"https:\/\/mills.no\/content\/uploads\/2022\/02\/logo-mills-fill.svg\",\"width\":1,\"height\":1,\"caption\":\"Mills AS\"},\"image\":{\"@id\":\"https:\/\/mills.no\/#\/schema\/logo\/image\/\"},\"sameAs\":[\"https:\/\/www.facebook.com\/mills\",\"https:\/\/www.instagram.com\/mills_as\/\"]}]}<\/script>\n<!-- \/ Yoast SEO Premium plugin. -->","yoast_head_json":{"title":"Delikat Tasty Tex-Mex - Produkter - Mills AS","description":"En smakfull salat med tacokj\u00f8ttdeig, tomater, b\u00f8nner og mais.","robots":{"index":"index","follow":"follow","max-snippet":"max-snippet:-1","max-image-preview":"max-image-preview:large","max-video-preview":"max-video-preview:-1"},"canonical":"https:\/\/mills.no\/mills\/produkt\/tasty-tex-mex\/","og_locale":"nb_NO","og_type":"article","og_title":"Delikat Tasty Tex-Mex","og_description":"En smakfull salat med tacokj\u00f8ttdeig, tomater, b\u00f8nner og mais.","og_url":"https:\/\/mills.no\/mills\/produkt\/tasty-tex-mex\/","og_site_name":"Mills AS","article_publisher":"https:\/\/www.facebook.com\/mills","article_modified_time":"2025-02-07T13:11:01+00:00","og_image":[{"width":600,"height":599,"url":"https:\/\/mills.no\/content\/uploads\/2025\/02\/7036110212159_G1N1_600px.png","type":"image\/png"}],"twitter_card":"summary_large_image","twitter_misc":{"Ansl. lesetid":"1 minutt"},"schema":{"@context":"https:\/\/schema.org","@graph":[{"@type":"WebPage","@id":"https:\/\/mills.no\/mills\/produkt\/tasty-tex-mex\/","url":"https:\/\/mills.no\/mills\/produkt\/tasty-tex-mex\/","name":"Delikat Tasty Tex-Mex - Produkter - Mills AS","isPartOf":{"@id":"https:\/\/mills.no\/#website"},"primaryImageOfPage":{"@id":"https:\/\/mills.no\/mills\/produkt\/tasty-tex-mex\/#primaryimage"},"image":{"@id":"https:\/\/mills.no\/mills\/produkt\/tasty-tex-mex\/#primaryimage"},"thumbnailUrl":"https:\/\/mills.no\/content\/uploads\/2025\/02\/7036110212159_G1N1_600px.png","datePublished":"2025-02-05T14:32:27+00:00","dateModified":"2025-02-07T13:11:01+00:00","description":"En smakfull salat med tacokj\u00f8ttdeig, tomater, b\u00f8nner og mais.","breadcrumb":{"@id":"https:\/\/mills.no\/mills\/produkt\/tasty-tex-mex\/#breadcrumb"},"inLanguage":"nb-NO","potentialAction":[{"@type":"ReadAction","target":["https:\/\/mills.no\/mills\/produkt\/tasty-tex-mex\/"]}]},{"@type":"ImageObject","inLanguage":"nb-NO","@id":"https:\/\/mills.no\/mills\/produkt\/tasty-tex-mex\/#primaryimage","url":"https:\/\/mills.no\/content\/uploads\/2025\/02\/7036110212159_G1N1_600px.png","contentUrl":"https:\/\/mills.no\/content\/uploads\/2025\/02\/7036110212159_G1N1_600px.png","width":600,"height":599,"caption":"Delikat texmex"},{"@type":"BreadcrumbList","@id":"https:\/\/mills.no\/mills\/produkt\/tasty-tex-mex\/#breadcrumb","itemListElement":[{"@type":"ListItem","position":1,"name":"Hjem","item":"https:\/\/mills.no\/"},{"@type":"ListItem","position":2,"name":"Produkter","item":"https:\/\/mills.no\/produkter\/"},{"@type":"ListItem","position":3,"name":"Delikat Tasty Tex-Mex"}]},{"@type":"WebSite","@id":"https:\/\/mills.no\/#website","url":"https:\/\/mills.no\/","name":"Mills AS","description":"","publisher":{"@id":"https:\/\/mills.no\/#organization"},"potentialAction":[{"@type":"SearchAction","target":{"@type":"EntryPoint","urlTemplate":"https:\/\/mills.no\/?s={search_term_string}"},"query-input":{"@type":"PropertyValueSpecification","valueRequired":true,"valueName":"search_term_string"}}],"inLanguage":"nb-NO"},{"@type":"Organization","@id":"https:\/\/mills.no\/#organization","name":"Mills AS","url":"https:\/\/mills.no\/","logo":{"@type":"ImageObject","inLanguage":"nb-NO","@id":"https:\/\/mills.no\/#\/schema\/logo\/image\/","url":"https:\/\/mills.no\/content\/uploads\/2022\/02\/logo-mills-fill.svg","contentUrl":"https:\/\/mills.no\/content\/uploads\/2022\/02\/logo-mills-fill.svg","width":1,"height":1,"caption":"Mills AS"},"image":{"@id":"https:\/\/mills.no\/#\/schema\/logo\/image\/"},"sameAs":["https:\/\/www.facebook.com\/mills","https:\/\/www.instagram.com\/mills_as\/"]}]}},"_links":{"self":[{"href":"https:\/\/mills.no\/wp-json\/wp\/v2\/product\/42965","targetHints":{"allow":["GET"]}}],"collection":[{"href":"https:\/\/mills.no\/wp-json\/wp\/v2\/product"}],"about":[{"href":"https:\/\/mills.no\/wp-json\/wp\/v2\/types\/product"}],"version-history":[{"count":3,"href":"https:\/\/mills.no\/wp-json\/wp\/v2\/product\/42965\/revisions"}],"predecessor-version":[{"id":42981,"href":"https:\/\/mills.no\/wp-json\/wp\/v2\/product\/42965\/revisions\/42981"}],"wp:featuredmedia":[{"embeddable":true,"href":"https:\/\/mills.no\/wp-json\/wp\/v2\/media\/42955"}],"wp:attachment":[{"href":"https:\/\/mills.no\/wp-json\/wp\/v2\/media?parent=42965"}],"wp:term":[{"taxonomy":"brand","embeddable":true,"href":"https:\/\/mills.no\/wp-json\/wp\/v2\/brand?post=42965"},{"taxonomy":"allergen","embeddable":true,"href":"https:\/\/mills.no\/wp-json\/wp\/v2\/allergen?post=42965"},{"taxonomy":"product_category","embeddable":true,"href":"https:\/\/mills.no\/wp-json\/wp\/v2\/product_category?post=42965"},{"taxonomy":"product_label","embeddable":true,"href":"https:\/\/mills.no\/wp-json\/wp\/v2\/product_label?post=42965"}],"curies":[{"name":"wp","href":"https:\/\/api.w.org\/{rel}","templated":true}]}}