{"id":43291,"date":"2026-01-28T15:26:01","date_gmt":"2026-01-28T14:26:01","guid":{"rendered":"https:\/\/mills.no\/?post_type=product&#038;p=43291"},"modified":"2026-02-24T08:39:50","modified_gmt":"2026-02-24T07:39:50","slug":"toasty-chicken-club","status":"publish","type":"product","link":"https:\/\/mills.no\/mills\/produkt\/toasty-chicken-club\/","title":{"rendered":"Toasty Chicken club"},"content":{"rendered":"\n\t\t<div class=\"has-background has-secondary-background-color is-style-vertical-spacing alignwide is-section-text wp-block-mills-section has-background has-secondary-background-color\">\n\t\t\t<div class=\"wp-block-mills-section__inner aligncenter\">\n\t\t\t\t\n<h2 class=\"has-text-align-center wp-block-post-title\">Toasty Chicken club<\/h2>\n\n<p class=\"t2-ingress has-text-align-center wp-block-t2-ingress\">Med Mills TOASTY kan du enkelt lage en saftig, smaksrik og superdigg toast p\u00e5 1-2-3!\u200b Sm\u00f8r Mills TOASTY mellom to skiver, varm i toast-jernet og se magien skje! Fyllet smelter til en perfekt, gyllen og spr\u00f8 toast klar til \u00e5 nytes \u2013 perfekt \u00e5 dele med venner eller bare nyte selv. <\/p>\n\n\t\t\t<\/div>\n\t\t<\/div>\n\n\n\t\t<div class=\"has-background has-neutral-0-background-color is-style-vertical-spacing is-style-horizontal-spacing alignwide is-section-text wp-block-mills-section has-background has-neutral-0-background-color\">\n\t\t\t<div class=\"wp-block-mills-section__inner aligncenter\">\n\t\t\t\t\n\n\n\n<p class=\"has-text-align-center\"><\/p>\n\n\n\n<p class=\"has-text-align-center\">Laget med saftig kylling, bacn og norsk ost.<\/p>\n\n\n\t\t\t<\/div>\n\t\t<\/div>\n\n<div class=\"mills-block-food-labeling alignwide alignwide wp-block-mills-block-food-labeling\"><div class=\"left\"><section class=\"nutrients-section\"><header class\"nutrients-header\"><h3>N\u00e6ringsinnhold<\/h3><\/header><p class=\"nutrients-info\">100 gram gir.<\/p><div class=\"nutrients-list\"><div class=\"nutrient-item heading energy ENERGY_KJ\"><span>Energi<\/span><span>1330 kJ (320 kcal)<\/span><\/div><div class=\"empty-item\"><span>&nbsp;<\/span><\/div><div class=\"nutrient-item heading fat FAT\"><span>Fett<\/span><span>28 g<\/span><\/div><div class=\"nutrient-sub\"><span>Hvorav<\/span><\/div><div class=\"nutrient-item fat FASAT\"><span>&#8211; Mettet fett<\/span><span>6 g<\/span><\/div><div class=\"nutrient-item fat FAMSCIS\"><span>&#8211; Enumettet fett<\/span><span>13 g<\/span><\/div><div class=\"nutrient-item fat FAPUCIS\"><span>&#8211; Flerumettet fett<\/span><span>5 g<\/span><\/div><div class=\"empty-item\"><span>&nbsp;<\/span><\/div><div class=\"nutrient-item heading carbs CHOAVL\"><span>Karbohydrater<\/span><span>5 g<\/span><\/div><div class=\"nutrient-sub\"><span>Hvorav<\/span><\/div><div class=\"nutrient-item carbs SUGAR-\"><span>&#8211; Sukkerarter<\/span><span>2 g<\/span><\/div><div class=\"empty-item\"><span>&nbsp;<\/span><\/div><div class=\"nutrient-item heading fiber FIBTG\"><span>Kostfiber<\/span><span>1 g<\/span><\/div><div class=\"empty-item\"><span>&nbsp;<\/span><\/div><div class=\"nutrient-item heading protein PRO-\"><span>Protein<\/span><span>12 g<\/span><\/div><div class=\"empty-item\"><span>&nbsp;<\/span><\/div><div class=\"nutrient-item heading salt SALTEQ\"><span>Salt<\/span><span>1.6 g<\/span><\/div><\/div><\/section><\/div><div class=\"right\"><section class=\"ingredients-section\"><header class=\"ingredients-header\"><h3>Ingredienser<\/h3><\/header><p class=\"ingredients-list\">Ost (21%) [ melk, syrekultur, salt, potetmel, l\u00f8pe ], rapsolje, cannelinib\u00f8nner, l\u00e5rkj\u00f8tt av saktevoksende kylling (13 %), vann, baconcut (9 %) [ svinekj\u00f8tt, stabilisator E451 (i), maltodekstrin, gelatin fra svin, dekstrose (mais), antioksidant, (askorbinsyre, natriumaskorbat), salt, konserveringsmiddel (natriumnitritt), aroma ], solt\u00f8rket tomat, sennepsfr\u00f8, eggeplomme, sukker, cheddarpulver (melk \/ ost, salt, emulgator E339, farge E160), eddik, salt, solsikkeolje, fortykningsmiddel (guarkjernemel, xantangummi, potetstivelse), surhetsregulerende middel (melkesyre, eplesyre, sitronsyre ), konserveringsmiddel (kaliumsorbat, natriumbensoat), gj\u00e6rekstrakt, krydder, aroma<\/p><p class=\"ingredients-smallprint\"><small>Produktsammensetningen kan endres. Les derfor alltid ingredienslisten p\u00e5 emballasjen p\u00e5 produktet.<\/small><\/p><\/section>\n<section class=\"allergens-section contains\"><header class=\"allergens-header\"><h3>Allergener<\/h3><\/header><div class=\"wp-block-buttons\"><div class=\"wp-block-button is-style-outline AE\"><span class=\"wp-block-button__link\">Egg<i class=\"icon-IconAllergy-egg\"><\/i><\/span><\/div><div class=\"wp-block-button is-style-outline AM\"><span class=\"wp-block-button__link\">Melk<i class=\"icon-IconAllergy-milk\"><\/i><\/span><\/div><div class=\"wp-block-button is-style-outline BM\"><span class=\"wp-block-button__link\">Sennep<i class=\"icon-IconAllergy-mustard\"><\/i><\/span><\/div><\/div><\/section><\/div><\/div>\n\n\n<p><\/p>\n","protected":false},"excerpt":{"rendered":"","protected":false},"featured_media":0,"menu_order":0,"template":"","meta":{"_searchwp_excluded":"","hide_post_title":false,"mills_central_gtin":"","footnotes":""},"brand":[],"allergen":[],"product_category":[],"product_label":[],"class_list":["post-43291","product","type-product","status-publish","hentry"],"yoast_head":"<!-- This site is optimized with the Yoast SEO Premium plugin v26.9 (Yoast SEO v26.9) - https:\/\/yoast.com\/product\/yoast-seo-premium-wordpress\/ -->\n<title>Toasty Chicken club - Mills<\/title>\n<meta name=\"robots\" content=\"index, follow, max-snippet:-1, max-image-preview:large, max-video-preview:-1\" \/>\n<link rel=\"canonical\" href=\"https:\/\/mills.no\/mills\/produkt\/toasty-chicken-club\/\" \/>\n<meta property=\"og:locale\" content=\"nb_NO\" \/>\n<meta property=\"og:type\" content=\"article\" \/>\n<meta property=\"og:title\" content=\"Toasty Chicken club\" \/>\n<meta property=\"og:url\" content=\"https:\/\/mills.no\/mills\/produkt\/toasty-chicken-club\/\" \/>\n<meta property=\"og:site_name\" content=\"Mills\" \/>\n<meta property=\"article:modified_time\" content=\"2026-02-24T07:39:50+00:00\" \/>\n<meta name=\"twitter:card\" content=\"summary_large_image\" \/>\n<script type=\"application\/ld+json\" class=\"yoast-schema-graph\">{\"@context\":\"https:\/\/schema.org\",\"@graph\":[{\"@type\":\"WebPage\",\"@id\":\"https:\/\/mills.no\/mills\/produkt\/toasty-chicken-club\/\",\"url\":\"https:\/\/mills.no\/mills\/produkt\/toasty-chicken-club\/\",\"name\":\"Toasty Chicken club - Mills\",\"isPartOf\":{\"@id\":\"https:\/\/mills.no\/mills\/#website\"},\"datePublished\":\"2026-01-28T14:26:01+00:00\",\"dateModified\":\"2026-02-24T07:39:50+00:00\",\"breadcrumb\":{\"@id\":\"https:\/\/mills.no\/mills\/produkt\/toasty-chicken-club\/#breadcrumb\"},\"inLanguage\":\"nb-NO\",\"potentialAction\":[{\"@type\":\"ReadAction\",\"target\":[\"https:\/\/mills.no\/mills\/produkt\/toasty-chicken-club\/\"]}]},{\"@type\":\"BreadcrumbList\",\"@id\":\"https:\/\/mills.no\/mills\/produkt\/toasty-chicken-club\/#breadcrumb\",\"itemListElement\":[{\"@type\":\"ListItem\",\"position\":1,\"name\":\"Home\",\"item\":\"https:\/\/mills.no\/mills\/\"},{\"@type\":\"ListItem\",\"position\":2,\"name\":\"Produkter\",\"item\":\"https:\/\/mills.no\/mills\/produkter\/\"},{\"@type\":\"ListItem\",\"position\":3,\"name\":\"Toasty Chicken club\"}]},{\"@type\":\"WebSite\",\"@id\":\"https:\/\/mills.no\/mills\/#website\",\"url\":\"https:\/\/mills.no\/mills\/\",\"name\":\"Mills\",\"description\":\"Smaken p\u00e5 det gode liv siden 1951\",\"publisher\":{\"@id\":\"https:\/\/mills.no\/mills\/#organization\"},\"potentialAction\":[{\"@type\":\"SearchAction\",\"target\":{\"@type\":\"EntryPoint\",\"urlTemplate\":\"https:\/\/mills.no\/mills\/?s={search_term_string}\"},\"query-input\":{\"@type\":\"PropertyValueSpecification\",\"valueRequired\":true,\"valueName\":\"search_term_string\"}}],\"inLanguage\":\"nb-NO\"},{\"@type\":\"Organization\",\"@id\":\"https:\/\/mills.no\/mills\/#organization\",\"name\":\"Mills\",\"url\":\"https:\/\/mills.no\/mills\/\",\"logo\":{\"@type\":\"ImageObject\",\"inLanguage\":\"nb-NO\",\"@id\":\"https:\/\/mills.no\/mills\/#\/schema\/logo\/image\/\",\"url\":\"https:\/\/mills.no\/content\/uploads\/sites\/2\/2022\/06\/Mills-logo-farger.svg\",\"contentUrl\":\"https:\/\/mills.no\/content\/uploads\/sites\/2\/2022\/06\/Mills-logo-farger.svg\",\"caption\":\"Mills\"},\"image\":{\"@id\":\"https:\/\/mills.no\/mills\/#\/schema\/logo\/image\/\"}}]}<\/script>\n<!-- \/ Yoast SEO Premium plugin. -->","yoast_head_json":{"title":"Toasty Chicken club - Mills","robots":{"index":"index","follow":"follow","max-snippet":"max-snippet:-1","max-image-preview":"max-image-preview:large","max-video-preview":"max-video-preview:-1"},"canonical":"https:\/\/mills.no\/mills\/produkt\/toasty-chicken-club\/","og_locale":"nb_NO","og_type":"article","og_title":"Toasty Chicken club","og_url":"https:\/\/mills.no\/mills\/produkt\/toasty-chicken-club\/","og_site_name":"Mills","article_modified_time":"2026-02-24T07:39:50+00:00","twitter_card":"summary_large_image","schema":{"@context":"https:\/\/schema.org","@graph":[{"@type":"WebPage","@id":"https:\/\/mills.no\/mills\/produkt\/toasty-chicken-club\/","url":"https:\/\/mills.no\/mills\/produkt\/toasty-chicken-club\/","name":"Toasty Chicken club - Mills","isPartOf":{"@id":"https:\/\/mills.no\/mills\/#website"},"datePublished":"2026-01-28T14:26:01+00:00","dateModified":"2026-02-24T07:39:50+00:00","breadcrumb":{"@id":"https:\/\/mills.no\/mills\/produkt\/toasty-chicken-club\/#breadcrumb"},"inLanguage":"nb-NO","potentialAction":[{"@type":"ReadAction","target":["https:\/\/mills.no\/mills\/produkt\/toasty-chicken-club\/"]}]},{"@type":"BreadcrumbList","@id":"https:\/\/mills.no\/mills\/produkt\/toasty-chicken-club\/#breadcrumb","itemListElement":[{"@type":"ListItem","position":1,"name":"Home","item":"https:\/\/mills.no\/mills\/"},{"@type":"ListItem","position":2,"name":"Produkter","item":"https:\/\/mills.no\/mills\/produkter\/"},{"@type":"ListItem","position":3,"name":"Toasty Chicken club"}]},{"@type":"WebSite","@id":"https:\/\/mills.no\/mills\/#website","url":"https:\/\/mills.no\/mills\/","name":"Mills","description":"Smaken p\u00e5 det gode liv siden 1951","publisher":{"@id":"https:\/\/mills.no\/mills\/#organization"},"potentialAction":[{"@type":"SearchAction","target":{"@type":"EntryPoint","urlTemplate":"https:\/\/mills.no\/mills\/?s={search_term_string}"},"query-input":{"@type":"PropertyValueSpecification","valueRequired":true,"valueName":"search_term_string"}}],"inLanguage":"nb-NO"},{"@type":"Organization","@id":"https:\/\/mills.no\/mills\/#organization","name":"Mills","url":"https:\/\/mills.no\/mills\/","logo":{"@type":"ImageObject","inLanguage":"nb-NO","@id":"https:\/\/mills.no\/mills\/#\/schema\/logo\/image\/","url":"https:\/\/mills.no\/content\/uploads\/sites\/2\/2022\/06\/Mills-logo-farger.svg","contentUrl":"https:\/\/mills.no\/content\/uploads\/sites\/2\/2022\/06\/Mills-logo-farger.svg","caption":"Mills"},"image":{"@id":"https:\/\/mills.no\/mills\/#\/schema\/logo\/image\/"}}]}},"_links":{"self":[{"href":"https:\/\/mills.no\/mills\/wp-json\/wp\/v2\/product\/43291","targetHints":{"allow":["GET"]}}],"collection":[{"href":"https:\/\/mills.no\/mills\/wp-json\/wp\/v2\/product"}],"about":[{"href":"https:\/\/mills.no\/mills\/wp-json\/wp\/v2\/types\/product"}],"version-history":[{"count":0,"href":"https:\/\/mills.no\/mills\/wp-json\/wp\/v2\/product\/43291\/revisions"}],"wp:attachment":[{"href":"https:\/\/mills.no\/mills\/wp-json\/wp\/v2\/media?parent=43291"}],"wp:term":[{"taxonomy":"brand","embeddable":true,"href":"https:\/\/mills.no\/mills\/wp-json\/wp\/v2\/brand?post=43291"},{"taxonomy":"allergen","embeddable":true,"href":"https:\/\/mills.no\/mills\/wp-json\/wp\/v2\/allergen?post=43291"},{"taxonomy":"product_category","embeddable":true,"href":"https:\/\/mills.no\/mills\/wp-json\/wp\/v2\/product_category?post=43291"},{"taxonomy":"product_label","embeddable":true,"href":"https:\/\/mills.no\/mills\/wp-json\/wp\/v2\/product_label?post=43291"}],"curies":[{"name":"wp","href":"https:\/\/api.w.org\/{rel}","templated":true}]}}