{"id":160,"date":"2017-02-14T13:23:39","date_gmt":"2017-02-14T12:23:39","guid":{"rendered":"https:\/\/mills.no\/olivero\/om-olivero\/"},"modified":"2024-02-07T09:16:30","modified_gmt":"2024-02-07T08:16:30","slug":"om-olivero","status":"publish","type":"page","link":"https:\/\/mills.no\/olivero\/om-olivero\/","title":{"rendered":"Om Olivero"},"content":{"rendered":"<div class=\"mills-block-featured alignwide alignwide wp-block-mills-block-featured\"><img loading=\"lazy\" decoding=\"async\" width=\"1920\" height=\"1086\" style=\"width:100%;height:100%;object-fit:cover\" src=\"https:\/\/mills.no\/content\/uploads\/sites\/7\/2017\/02\/olivero_skinkefat_br_1920.jpg\" class=\"wp-block-cover__image-background\" alt=\"Olivero i beger med spekemat\" srcset=\"https:\/\/mills.no\/content\/uploads\/sites\/7\/2017\/02\/olivero_skinkefat_br_1920.jpg 1920w, https:\/\/mills.no\/content\/uploads\/sites\/7\/2017\/02\/olivero_skinkefat_br_1920-300x170.jpg 300w, https:\/\/mills.no\/content\/uploads\/sites\/7\/2017\/02\/olivero_skinkefat_br_1920-1024x579.jpg 1024w, https:\/\/mills.no\/content\/uploads\/sites\/7\/2017\/02\/olivero_skinkefat_br_1920-768x434.jpg 768w, https:\/\/mills.no\/content\/uploads\/sites\/7\/2017\/02\/olivero_skinkefat_br_1920-1536x869.jpg 1536w, https:\/\/mills.no\/content\/uploads\/sites\/7\/2017\/02\/olivero_skinkefat_br_1920-80x45.jpg 80w\" sizes=\"auto, (max-width: 1920px) 100vw, 1920px\" \/><div class=\"wp-block-cover__inner-container\">\n<h1 class=\"has-text-align-center wp-block-post-title has-text-color has-neutral-1000-color\">Om Olivero<\/h1>\n<p class=\"t2-ingress has-text-align-center align wp-block-t2-ingress\">Olivero er en nyhet for deg som vil ha den gode sm\u00f8rsmaken kombinert med sunnheten fra olivenoljen. Den er sm\u00f8remyk rett fra kj\u00f8leskapet og passer ekstra godt n\u00e5r du skal ha br\u00f8d til suppe eller salater, eller bare vil ha mer smak p\u00e5 br\u00f8dskiva. \n<\/p>\n<div class=\"has-text-align-center mills-published-date wp-block-post-date has-text-color has-neutral-1000-color\"><time datetime=\"2017-02-14T13:23:39+01:00\">14. februar 2017<\/time><\/div>\n<\/div><\/div>\n\n\t\t<div class=\"has-background has-neutral-0-background-color is-style-vertical-spacing alignwide wp-block-mills-section has-background has-neutral-0-background-color\">\n\t\t\t<div class=\"wp-block-mills-section__inner aligncenter\">\n\t\t\t\t\n\n<p style=\"text-align:left;\">Sm\u00f8roljen i Olivero kommer fra Norge, mens olivenoljen kommer fra solrike omr\u00e5der ved Middelhavet, der produsenten har laget olivenolje i flere generasjoner.<\/p>\n\n\t\t\t<\/div>\n\t\t<\/div>\n\n\t\t<div class=\"has-background has-neutral-50-background-color is-style-vertical-spacing is-style-horizontal-spacing alignwide wp-block-mills-section has-background has-neutral-50-background-color\">\n\t\t\t<div class=\"wp-block-mills-section__inner alignwide\">\n\t\t\t\t\n\n<h2 class=\"has-text-align-center aligncenter wp-block-heading\">Produkter<\/h2>\n<div class=\"t2-featured-content-layout alignwide alignwide wp-block-t2-featured-content-layout\" role=\"list\">\n<div class=\"t2-featured-single-post t2-featured-content is-post-type-product brand-olivero allergen-melk allergen-soya product_category-margarin-og-olje wp-block-t2-featured-single-post\" role=\"listitem\"><a class=\"t2-post-link wp-block-t2-post-link\" href=\"https:\/\/mills.no\/olivero\/produkt\/olivero\/\">\n<figure style=\"--t2-focal-point: 50% 50%;\" class=\"t2-post-featured-image has-image-ratio-16-9 wp-block-t2-post-featured-image\"><img loading=\"lazy\" decoding=\"async\" width=\"600\" height=\"424\" src=\"https:\/\/mills.no\/content\/uploads\/2022\/03\/7036110009773_A1C1_600px.png\" class=\"attachment-medium-large size-medium-large wp-post-image\" alt=\"Olivero original pakning\" srcset=\"https:\/\/mills.no\/content\/uploads\/2022\/03\/7036110009773_A1C1_600px.png 600w, https:\/\/mills.no\/content\/uploads\/2022\/03\/7036110009773_A1C1_600px-300x212.png 300w, https:\/\/mills.no\/content\/uploads\/2022\/03\/7036110009773_A1C1_600px-80x57.png 80w\" sizes=\"auto, (max-width: 600px) 100vw, 600px\" \/><\/figure>\n\n<div class=\"wp-block-group alignfull is-layout-flow wp-block-group-is-layout-flow\">\n\t\n\t\t<div class=\"tax-product_label wp-block-mills-post-terms\">\n\t\t\t\n\t\t<\/div>\n\t<h2 class=\"t2-post-title wp-block-t2-post-title\">Olivero Original<\/h2>\n\t<div class=\"t2-post-excerpt wp-block-t2-post-excerpt\"><p>Olivero kombinerer sunnheten fra olivenoljen med den gode sm\u00f8rsmaken. Den egner seg til steking, baking og selvf\u00f8lgelig til br\u00f8dskiven. I&hellip;<\/p><\/div>\n<\/div>\n\n<\/a>\n<\/div>\n<\/div>\n\n\t\t\t<\/div>\n\t\t<\/div>","protected":false},"excerpt":{"rendered":"<p>Olivero er en nyhet for deg som vil ha den gode sm\u00f8rsmaken kombinert med sunnheten fra olivenoljen. Den er sm\u00f8remyk&hellip;<\/p>\n","protected":false},"author":1,"featured_media":161,"parent":0,"menu_order":5,"comment_status":"closed","ping_status":"closed","template":"","meta":{"_searchwp_excluded":"","hide_post_title":false,"footnotes":""},"class_list":["post-160","page","type-page","status-publish","has-post-thumbnail","hentry"],"yoast_head":"<!-- This site is optimized with the Yoast SEO Premium plugin v26.9 (Yoast SEO v26.9) - https:\/\/yoast.com\/product\/yoast-seo-premium-wordpress\/ -->\n<title>Om oss - Olivero<\/title>\n<meta name=\"robots\" content=\"index, follow, max-snippet:-1, max-image-preview:large, max-video-preview:-1\" \/>\n<link rel=\"canonical\" href=\"https:\/\/mills.no\/olivero\/om-olivero\/\" \/>\n<meta property=\"og:locale\" content=\"nb_NO\" \/>\n<meta property=\"og:type\" content=\"article\" \/>\n<meta property=\"og:title\" content=\"Om Olivero\" \/>\n<meta property=\"og:description\" content=\"Olivero er en nyhet for deg som vil ha den gode sm\u00f8rsmaken kombinert med sunnheten fra olivenoljen. Den er sm\u00f8remyk&hellip;\" \/>\n<meta property=\"og:url\" content=\"https:\/\/mills.no\/olivero\/om-olivero\/\" \/>\n<meta property=\"og:site_name\" content=\"Olivero\" \/>\n<meta property=\"article:modified_time\" content=\"2024-02-07T08:16:30+00:00\" \/>\n<meta property=\"og:image\" content=\"https:\/\/mills.no\/content\/uploads\/sites\/7\/2017\/02\/olivero_skinkefat_br_1920.jpg\" \/>\n\t<meta property=\"og:image:width\" content=\"1920\" \/>\n\t<meta property=\"og:image:height\" content=\"1086\" \/>\n\t<meta property=\"og:image:type\" content=\"image\/jpeg\" \/>\n<meta name=\"twitter:card\" content=\"summary_large_image\" \/>\n<script type=\"application\/ld+json\" class=\"yoast-schema-graph\">{\"@context\":\"https:\/\/schema.org\",\"@graph\":[{\"@type\":\"WebPage\",\"@id\":\"https:\/\/mills.no\/olivero\/om-olivero\/\",\"url\":\"https:\/\/mills.no\/olivero\/om-olivero\/\",\"name\":\"Om oss - Olivero\",\"isPartOf\":{\"@id\":\"https:\/\/mills.no\/olivero\/#website\"},\"primaryImageOfPage\":{\"@id\":\"https:\/\/mills.no\/olivero\/om-olivero\/#primaryimage\"},\"image\":{\"@id\":\"https:\/\/mills.no\/olivero\/om-olivero\/#primaryimage\"},\"thumbnailUrl\":\"https:\/\/mills.no\/content\/uploads\/sites\/7\/2017\/02\/olivero_skinkefat_br_1920.jpg\",\"datePublished\":\"2017-02-14T12:23:39+00:00\",\"dateModified\":\"2024-02-07T08:16:30+00:00\",\"breadcrumb\":{\"@id\":\"https:\/\/mills.no\/olivero\/om-olivero\/#breadcrumb\"},\"inLanguage\":\"nb-NO\",\"potentialAction\":[{\"@type\":\"ReadAction\",\"target\":[\"https:\/\/mills.no\/olivero\/om-olivero\/\"]}]},{\"@type\":\"ImageObject\",\"inLanguage\":\"nb-NO\",\"@id\":\"https:\/\/mills.no\/olivero\/om-olivero\/#primaryimage\",\"url\":\"https:\/\/mills.no\/content\/uploads\/sites\/7\/2017\/02\/olivero_skinkefat_br_1920.jpg\",\"contentUrl\":\"https:\/\/mills.no\/content\/uploads\/sites\/7\/2017\/02\/olivero_skinkefat_br_1920.jpg\",\"width\":1920,\"height\":1086,\"caption\":\"Olivero i beger med spekemat\"},{\"@type\":\"BreadcrumbList\",\"@id\":\"https:\/\/mills.no\/olivero\/om-olivero\/#breadcrumb\",\"itemListElement\":[{\"@type\":\"ListItem\",\"position\":1,\"name\":\"Home\",\"item\":\"https:\/\/mills.no\/olivero\/\"},{\"@type\":\"ListItem\",\"position\":2,\"name\":\"Om Olivero\"}]},{\"@type\":\"WebSite\",\"@id\":\"https:\/\/mills.no\/olivero\/#website\",\"url\":\"https:\/\/mills.no\/olivero\/\",\"name\":\"Olivero\",\"description\":\"\",\"publisher\":{\"@id\":\"https:\/\/mills.no\/olivero\/#organization\"},\"potentialAction\":[{\"@type\":\"SearchAction\",\"target\":{\"@type\":\"EntryPoint\",\"urlTemplate\":\"https:\/\/mills.no\/olivero\/?s={search_term_string}\"},\"query-input\":{\"@type\":\"PropertyValueSpecification\",\"valueRequired\":true,\"valueName\":\"search_term_string\"}}],\"inLanguage\":\"nb-NO\"},{\"@type\":\"Organization\",\"@id\":\"https:\/\/mills.no\/olivero\/#organization\",\"name\":\"Olivero\",\"url\":\"https:\/\/mills.no\/olivero\/\",\"logo\":{\"@type\":\"ImageObject\",\"inLanguage\":\"nb-NO\",\"@id\":\"https:\/\/mills.no\/olivero\/#\/schema\/logo\/image\/\",\"url\":\"https:\/\/mills.no\/content\/uploads\/sites\/7\/2026\/01\/Olivero_Logo_CMYK.svg\",\"contentUrl\":\"https:\/\/mills.no\/content\/uploads\/sites\/7\/2026\/01\/Olivero_Logo_CMYK.svg\",\"caption\":\"Olivero\"},\"image\":{\"@id\":\"https:\/\/mills.no\/olivero\/#\/schema\/logo\/image\/\"}}]}<\/script>\n<!-- \/ Yoast SEO Premium plugin. -->","yoast_head_json":{"title":"Om oss - Olivero","robots":{"index":"index","follow":"follow","max-snippet":"max-snippet:-1","max-image-preview":"max-image-preview:large","max-video-preview":"max-video-preview:-1"},"canonical":"https:\/\/mills.no\/olivero\/om-olivero\/","og_locale":"nb_NO","og_type":"article","og_title":"Om Olivero","og_description":"Olivero er en nyhet for deg som vil ha den gode sm\u00f8rsmaken kombinert med sunnheten fra olivenoljen. Den er sm\u00f8remyk&hellip;","og_url":"https:\/\/mills.no\/olivero\/om-olivero\/","og_site_name":"Olivero","article_modified_time":"2024-02-07T08:16:30+00:00","og_image":[{"width":1920,"height":1086,"url":"https:\/\/mills.no\/content\/uploads\/sites\/7\/2017\/02\/olivero_skinkefat_br_1920.jpg","type":"image\/jpeg"}],"twitter_card":"summary_large_image","schema":{"@context":"https:\/\/schema.org","@graph":[{"@type":"WebPage","@id":"https:\/\/mills.no\/olivero\/om-olivero\/","url":"https:\/\/mills.no\/olivero\/om-olivero\/","name":"Om oss - Olivero","isPartOf":{"@id":"https:\/\/mills.no\/olivero\/#website"},"primaryImageOfPage":{"@id":"https:\/\/mills.no\/olivero\/om-olivero\/#primaryimage"},"image":{"@id":"https:\/\/mills.no\/olivero\/om-olivero\/#primaryimage"},"thumbnailUrl":"https:\/\/mills.no\/content\/uploads\/sites\/7\/2017\/02\/olivero_skinkefat_br_1920.jpg","datePublished":"2017-02-14T12:23:39+00:00","dateModified":"2024-02-07T08:16:30+00:00","breadcrumb":{"@id":"https:\/\/mills.no\/olivero\/om-olivero\/#breadcrumb"},"inLanguage":"nb-NO","potentialAction":[{"@type":"ReadAction","target":["https:\/\/mills.no\/olivero\/om-olivero\/"]}]},{"@type":"ImageObject","inLanguage":"nb-NO","@id":"https:\/\/mills.no\/olivero\/om-olivero\/#primaryimage","url":"https:\/\/mills.no\/content\/uploads\/sites\/7\/2017\/02\/olivero_skinkefat_br_1920.jpg","contentUrl":"https:\/\/mills.no\/content\/uploads\/sites\/7\/2017\/02\/olivero_skinkefat_br_1920.jpg","width":1920,"height":1086,"caption":"Olivero i beger med spekemat"},{"@type":"BreadcrumbList","@id":"https:\/\/mills.no\/olivero\/om-olivero\/#breadcrumb","itemListElement":[{"@type":"ListItem","position":1,"name":"Home","item":"https:\/\/mills.no\/olivero\/"},{"@type":"ListItem","position":2,"name":"Om Olivero"}]},{"@type":"WebSite","@id":"https:\/\/mills.no\/olivero\/#website","url":"https:\/\/mills.no\/olivero\/","name":"Olivero","description":"","publisher":{"@id":"https:\/\/mills.no\/olivero\/#organization"},"potentialAction":[{"@type":"SearchAction","target":{"@type":"EntryPoint","urlTemplate":"https:\/\/mills.no\/olivero\/?s={search_term_string}"},"query-input":{"@type":"PropertyValueSpecification","valueRequired":true,"valueName":"search_term_string"}}],"inLanguage":"nb-NO"},{"@type":"Organization","@id":"https:\/\/mills.no\/olivero\/#organization","name":"Olivero","url":"https:\/\/mills.no\/olivero\/","logo":{"@type":"ImageObject","inLanguage":"nb-NO","@id":"https:\/\/mills.no\/olivero\/#\/schema\/logo\/image\/","url":"https:\/\/mills.no\/content\/uploads\/sites\/7\/2026\/01\/Olivero_Logo_CMYK.svg","contentUrl":"https:\/\/mills.no\/content\/uploads\/sites\/7\/2026\/01\/Olivero_Logo_CMYK.svg","caption":"Olivero"},"image":{"@id":"https:\/\/mills.no\/olivero\/#\/schema\/logo\/image\/"}}]}},"_links":{"self":[{"href":"https:\/\/mills.no\/olivero\/wp-json\/wp\/v2\/pages\/160","targetHints":{"allow":["GET"]}}],"collection":[{"href":"https:\/\/mills.no\/olivero\/wp-json\/wp\/v2\/pages"}],"about":[{"href":"https:\/\/mills.no\/olivero\/wp-json\/wp\/v2\/types\/page"}],"author":[{"embeddable":true,"href":"https:\/\/mills.no\/olivero\/wp-json\/wp\/v2\/users\/1"}],"replies":[{"embeddable":true,"href":"https:\/\/mills.no\/olivero\/wp-json\/wp\/v2\/comments?post=160"}],"version-history":[{"count":9,"href":"https:\/\/mills.no\/olivero\/wp-json\/wp\/v2\/pages\/160\/revisions"}],"predecessor-version":[{"id":399,"href":"https:\/\/mills.no\/olivero\/wp-json\/wp\/v2\/pages\/160\/revisions\/399"}],"wp:featuredmedia":[{"embeddable":true,"href":"https:\/\/mills.no\/olivero\/wp-json\/wp\/v2\/media\/161"}],"wp:attachment":[{"href":"https:\/\/mills.no\/olivero\/wp-json\/wp\/v2\/media?parent=160"}],"curies":[{"name":"wp","href":"https:\/\/api.w.org\/{rel}","templated":true}]}}