{"id":32971,"date":"2017-02-06T09:55:40","date_gmt":"2017-02-06T08:55:40","guid":{"rendered":"https:\/\/mills.no\/produkt\/olivero-original\/"},"modified":"2026-01-15T12:15:02","modified_gmt":"2026-01-15T11:15:02","slug":"olivero","status":"publish","type":"product","link":"https:\/\/mills.no\/olivero\/produkt\/olivero\/","title":{"rendered":"Olivero Original"},"content":{"rendered":"<div class=\"mills-block-featured alignwide alignwide wp-block-mills-block-featured\"><div class=\"wp-block-cover__inner-container\">\n<h1 class=\"has-text-align-center wp-block-post-title has-text-color has-neutral-1000-color\">Olivero Original<\/h1>\n\n<p class=\"t2-ingress has-text-align-center align wp-block-t2-ingress\">Olivero kombinerer sunnheten fra olivenoljen med den gode sm\u00f8rsmaken. Den egner seg til steking, baking og selvf\u00f8lgelig til br\u00f8dskiven.  I tillegg er den sm\u00f8remyk rett fra kj\u00f8leskapet. \n<\/p>\n<\/div><\/div>\n\n\n\t\t<div class=\"has-background has-neutral-0-background-color is-style-vertical-spacing is-style-horizontal-spacing alignwide wp-block-mills-section has-background has-neutral-0-background-color\">\n\t\t\t<div class=\"wp-block-mills-section__inner aligncenter\">\n\t\t\t\t\n\n<figure class=\"wp-block-image aligncenter size-full\"><img decoding=\"async\" src=\"https:\/\/mills.no\/content\/uploads\/2017\/02\/olivero_pakningsbilde.png\" alt=\"olivero pakningsbilde\" class=\"wp-image-43280\"\/><\/figure>\n\n\n\t\t\t<\/div>\n\t\t<\/div>\n\n\n\n\n<div class=\"wp-block-media-text alignwide has-media-on-the-right is-stacked-on-mobile is-image-fill-element has-neutral-1000-color has-neutral-0-background-color has-text-color has-background\"><div class=\"wp-block-media-text__content\">\n<div class=\"wp-block-group is-layout-flow wp-block-group-is-layout-flow\">\n<h2 class=\"wp-block-heading has-text-align-center\" id=\"h-prov-en-av-vare-oppskrifter-pa-retter-fra-middelhavslandene\">Pr\u00f8v en av v\u00e5re oppskrifter p\u00e5 retter fra Middelhavslandene<\/h2>\n\n\n\n<p class=\"has-text-align-left\">Visste du at du kan bruke Olivero b\u00e5de til matlaging og p\u00e5 br\u00f8dskiven? Her p\u00e5 olivero.no har vi samlet en rekke oppskrifter fra Frankrike, Hellas, Spania og Italia. Kanskje finner du en ny favoritt? <\/p>\n\n\n\n<div class=\"wp-block-button\"><a class=\"wp-block-button__link wp-element-button\" href=\"https:\/\/mills.no\/olivero\/?post_type=page&amp;p=158\">Se alle v\u00e5re oppskrifter her <\/a><\/div>\n<\/div>\n<\/div><figure class=\"wp-block-media-text__media\"><img decoding=\"async\" src=\"https:\/\/mills.no\/content\/uploads\/2019\/08\/Lasagne-Bolognese-C3A5pnet_1920.jpg\" alt=\"\" class=\"wp-image-33418 size-full\" style=\"object-position:50% 50%\"\/><\/figure><\/div>\n\n\n\n\t\t<div class=\"has-background has-neutral-50-background-color is-style-vertical-spacing is-style-horizontal-spacing alignwide wp-block-mills-section has-background has-neutral-50-background-color\">\n\t\t\t<div class=\"wp-block-mills-section__inner alignwide\">\n\t\t\t\t\n\n<h2 class=\"wp-block-heading has-text-align-center aligncenter\" id=\"h-vare-mest-populaere-oppskrifter\">V\u00e5re mest popul\u00e6re oppskrifter <\/h2>\n\n\n<div class=\"t2-featured-content-layout alignwide alignwide wp-block-t2-featured-content-layout\" role=\"list\">\n<div class=\"t2-featured-single-post t2-featured-content is-post-type-recipe brand-olivero recipe_category-bakst-og-brod recipe_category-snacks-og-tilbehor recipe_category-vegetar recipe_topic-tapas-og-koldtbord wp-block-t2-featured-single-post\" role=\"listitem\"><a class=\"t2-post-link wp-block-t2-post-link\" href=\"https:\/\/mills.no\/olivero\/oppskrift\/gougeres\/\">\n<figure style=\"--t2-focal-point: 50% 50%;\" class=\"t2-post-featured-image has-image-ratio-16-9 wp-block-t2-post-featured-image\"><img loading=\"lazy\" decoding=\"async\" width=\"1920\" height=\"1280\" src=\"https:\/\/mills.no\/content\/uploads\/2019\/02\/Gougeres_1920.jpg\" class=\"attachment-medium-large size-medium-large wp-post-image\" alt=\"Gougeres \u2013 franske ostebakkels\" srcset=\"https:\/\/mills.no\/content\/uploads\/2019\/02\/Gougeres_1920.jpg 1920w, https:\/\/mills.no\/content\/uploads\/2019\/02\/Gougeres_1920-300x200.jpg 300w, https:\/\/mills.no\/content\/uploads\/2019\/02\/Gougeres_1920-1024x683.jpg 1024w, https:\/\/mills.no\/content\/uploads\/2019\/02\/Gougeres_1920-768x512.jpg 768w, https:\/\/mills.no\/content\/uploads\/2019\/02\/Gougeres_1920-1536x1024.jpg 1536w, https:\/\/mills.no\/content\/uploads\/2019\/02\/Gougeres_1920-80x53.jpg 80w\" sizes=\"auto, (max-width: 1920px) 100vw, 1920px\" \/><\/figure>\n\n<div class=\"wp-block-group alignfull is-layout-flow wp-block-group-is-layout-flow\">\n\t<h2 class=\"t2-post-title wp-block-t2-post-title\">Gougeres \u2013 franske ostebakkels<\/h2>\n\t<div class=\"t2-post-excerpt wp-block-t2-post-excerpt\"><p>Gougeres er kanskje best kjent som ostebakkels p\u00e5 norsk, og er gylne og luftige bakverk fylt med smakfull ost. De&hellip;<\/p><\/div>\n\t\n\t\t<div class=\"wp-block-mills-block-recipe-info\">\n\t\t\t<div class=\"mills-block-recipe-info-item mills-block-recipe-info-item--difficulty\">Middels<\/div>\n\t\t\t<div class=\"mills-block-recipe-info-item mills-block-recipe-info-item--time\">1 t<\/div>\n\t\t<\/div>\n<\/div>\n\n<\/a>\n<\/div>\n\n<div class=\"t2-featured-single-post t2-featured-content is-post-type-recipe brand-olivero recipe_category-middag recipe_topic-fisk-og-sjomat wp-block-t2-featured-single-post\" role=\"listitem\"><a class=\"t2-post-link wp-block-t2-post-link\" href=\"https:\/\/mills.no\/olivero\/oppskrift\/bakaliaros-plaki-ovnsbakt-torsk\/\">\n<figure style=\"--t2-focal-point: 50% 50%;\" class=\"t2-post-featured-image has-image-ratio-16-9 wp-block-t2-post-featured-image\"><img loading=\"lazy\" decoding=\"async\" width=\"1920\" height=\"1217\" src=\"https:\/\/mills.no\/content\/uploads\/2019\/08\/Bakaliaros-plaki_1920.jpg\" class=\"attachment-medium-large size-medium-large wp-post-image\" alt=\"Bakaliaros plaki - gresk ovnsbakt torskegryte\" srcset=\"https:\/\/mills.no\/content\/uploads\/2019\/08\/Bakaliaros-plaki_1920.jpg 1920w, https:\/\/mills.no\/content\/uploads\/2019\/08\/Bakaliaros-plaki_1920-300x190.jpg 300w, https:\/\/mills.no\/content\/uploads\/2019\/08\/Bakaliaros-plaki_1920-1024x649.jpg 1024w, https:\/\/mills.no\/content\/uploads\/2019\/08\/Bakaliaros-plaki_1920-768x487.jpg 768w, https:\/\/mills.no\/content\/uploads\/2019\/08\/Bakaliaros-plaki_1920-1536x974.jpg 1536w, https:\/\/mills.no\/content\/uploads\/2019\/08\/Bakaliaros-plaki_1920-80x51.jpg 80w\" sizes=\"auto, (max-width: 1920px) 100vw, 1920px\" \/><\/figure>\n\n<div class=\"wp-block-group alignfull is-layout-flow wp-block-group-is-layout-flow\">\n\t<h2 class=\"t2-post-title wp-block-t2-post-title\">Bakaliaros plaki \u2013 ovnsbakt torsk med tomat, l\u00f8k og potet<\/h2>\n\t<div class=\"t2-post-excerpt wp-block-t2-post-excerpt\"><p>N\u00e5r grekerne feirer sin nasjonaldag den 25. mars er det tradisjon \u00e5 spise torsk. En av de vanligste rettene \u00e5&hellip;<\/p><\/div>\n\t\n\t\t<div class=\"wp-block-mills-block-recipe-info\">\n\t\t\t<div class=\"mills-block-recipe-info-item mills-block-recipe-info-item--difficulty\">Enkel<\/div>\n\t\t\t<div class=\"mills-block-recipe-info-item mills-block-recipe-info-item--time\">1 t 40 min<\/div>\n\t\t<\/div>\n<\/div>\n\n<\/a>\n<\/div>\n\n<div class=\"t2-featured-single-post t2-featured-content is-post-type-recipe brand-olivero recipe_category-middag wp-block-t2-featured-single-post\" role=\"listitem\"><a class=\"t2-post-link wp-block-t2-post-link\" href=\"https:\/\/mills.no\/olivero\/oppskrift\/greske-gyros\/\">\n<figure style=\"--t2-focal-point: 50% 50%;\" class=\"t2-post-featured-image has-image-ratio-16-9 wp-block-t2-post-featured-image\"><img loading=\"lazy\" decoding=\"async\" width=\"1920\" height=\"1280\" src=\"https:\/\/mills.no\/content\/uploads\/2017\/07\/Gyros_1920.jpg\" class=\"attachment-medium-large size-medium-large wp-post-image\" alt=\"Greske gyros oppskrift\" srcset=\"https:\/\/mills.no\/content\/uploads\/2017\/07\/Gyros_1920.jpg 1920w, https:\/\/mills.no\/content\/uploads\/2017\/07\/Gyros_1920-300x200.jpg 300w, https:\/\/mills.no\/content\/uploads\/2017\/07\/Gyros_1920-1024x683.jpg 1024w, https:\/\/mills.no\/content\/uploads\/2017\/07\/Gyros_1920-768x512.jpg 768w, https:\/\/mills.no\/content\/uploads\/2017\/07\/Gyros_1920-1536x1024.jpg 1536w, https:\/\/mills.no\/content\/uploads\/2017\/07\/Gyros_1920-80x53.jpg 80w\" sizes=\"auto, (max-width: 1920px) 100vw, 1920px\" \/><\/figure>\n\n<div class=\"wp-block-group alignfull is-layout-flow wp-block-group-is-layout-flow\">\n\t<h2 class=\"t2-post-title wp-block-t2-post-title\">Greske gyros i pita<\/h2>\n\t<div class=\"t2-post-excerpt wp-block-t2-post-excerpt\"><p>Grekernes mest popul\u00e6re gatemat smaker av deilige ferieminner. Heldigvis er det enkelt \u00e5 gjenskape ferief\u00f8lelsen ved \u00e5 lage de hjemme.&hellip;<\/p><\/div>\n\t\n\t\t<div class=\"wp-block-mills-block-recipe-info\">\n\t\t\t<div class=\"mills-block-recipe-info-item mills-block-recipe-info-item--difficulty\">Enkel<\/div>\n\t\t\t<div class=\"mills-block-recipe-info-item mills-block-recipe-info-item--time\">1 t<\/div>\n\t\t<\/div>\n<\/div>\n\n<\/a>\n<\/div>\n\n<div class=\"t2-featured-single-post t2-featured-content is-post-type-recipe brand-olivero recipe_category-middag wp-block-t2-featured-single-post\" role=\"listitem\"><a class=\"t2-post-link wp-block-t2-post-link\" href=\"https:\/\/mills.no\/olivero\/oppskrift\/gresk-stifado\/\">\n<figure style=\"--t2-focal-point: 50% 50%;\" class=\"t2-post-featured-image has-image-ratio-16-9 wp-block-t2-post-featured-image\"><img loading=\"lazy\" decoding=\"async\" width=\"1920\" height=\"1280\" src=\"https:\/\/mills.no\/content\/uploads\/2017\/08\/Stifado_1920.jpg\" class=\"attachment-medium-large size-medium-large wp-post-image\" alt=\"Gresk stifado\" srcset=\"https:\/\/mills.no\/content\/uploads\/2017\/08\/Stifado_1920.jpg 1920w, https:\/\/mills.no\/content\/uploads\/2017\/08\/Stifado_1920-300x200.jpg 300w, https:\/\/mills.no\/content\/uploads\/2017\/08\/Stifado_1920-1024x683.jpg 1024w, https:\/\/mills.no\/content\/uploads\/2017\/08\/Stifado_1920-768x512.jpg 768w, https:\/\/mills.no\/content\/uploads\/2017\/08\/Stifado_1920-1536x1024.jpg 1536w, https:\/\/mills.no\/content\/uploads\/2017\/08\/Stifado_1920-80x53.jpg 80w\" sizes=\"auto, (max-width: 1920px) 100vw, 1920px\" \/><\/figure>\n\n<div class=\"wp-block-group alignfull is-layout-flow wp-block-group-is-layout-flow\">\n\t<h2 class=\"t2-post-title wp-block-t2-post-title\">Gresk stifado<\/h2>\n\t<div class=\"t2-post-excerpt wp-block-t2-post-excerpt\"><p>Stifado er en gresk klassiker mange har f\u00e5tt stifte bekjentskap med p\u00e5 ferie. En smakfull tomatisert kj\u00f8ttgryte, krydret med nydelige&hellip;<\/p><\/div>\n\t\n\t\t<div class=\"wp-block-mills-block-recipe-info\">\n\t\t\t<div class=\"mills-block-recipe-info-item mills-block-recipe-info-item--difficulty\">Enkel<\/div>\n\t\t\t<div class=\"mills-block-recipe-info-item mills-block-recipe-info-item--time\">2 t 10 min<\/div>\n\t\t<\/div>\n<\/div>\n\n<\/a>\n<\/div>\n<\/div>\n\n\t\t\t<\/div>\n\t\t<\/div>","protected":false},"excerpt":{"rendered":"<p>Olivero kombinerer sunnheten fra olivenoljen med den gode sm\u00f8rsmaken. Den egner seg til steking, baking og selvf\u00f8lgelig til br\u00f8dskiven. I&hellip;<\/p>\n","protected":false},"featured_media":0,"menu_order":9,"template":"","meta":{"_searchwp_excluded":"","hide_post_title":false,"mills_central_gtin":"","footnotes":""},"brand":[],"allergen":[],"product_category":[],"product_label":[],"class_list":["post-32971","product","type-product","status-publish","hentry"],"yoast_head":"<!-- This site is optimized with the Yoast SEO Premium plugin v26.9 (Yoast SEO v26.9) - https:\/\/yoast.com\/product\/yoast-seo-premium-wordpress\/ -->\n<title>Olivero Original - Olivero<\/title>\n<meta name=\"robots\" content=\"index, follow, max-snippet:-1, max-image-preview:large, max-video-preview:-1\" \/>\n<link rel=\"canonical\" href=\"https:\/\/mills.no\/olivero\/produkt\/olivero\/\" \/>\n<meta property=\"og:locale\" content=\"nb_NO\" \/>\n<meta property=\"og:type\" content=\"article\" \/>\n<meta property=\"og:title\" content=\"Olivero Original\" \/>\n<meta property=\"og:description\" content=\"Olivero kombinerer sunnheten fra olivenoljen med den gode sm\u00f8rsmaken. Den egner seg til steking, baking og selvf\u00f8lgelig til br\u00f8dskiven. I&hellip;\" \/>\n<meta property=\"og:url\" content=\"https:\/\/mills.no\/olivero\/produkt\/olivero\/\" \/>\n<meta property=\"og:site_name\" content=\"Olivero\" \/>\n<meta property=\"article:modified_time\" content=\"2026-01-15T11:15:02+00:00\" \/>\n<meta property=\"og:image\" content=\"https:\/\/mills.no\/content\/uploads\/2022\/03\/7036110009773_A1C1_600px.png\" \/>\n<meta name=\"twitter:card\" content=\"summary_large_image\" \/>\n<script type=\"application\/ld+json\" class=\"yoast-schema-graph\">{\"@context\":\"https:\/\/schema.org\",\"@graph\":[{\"@type\":\"WebPage\",\"@id\":\"https:\/\/mills.no\/olivero\/produkt\/olivero\/\",\"url\":\"https:\/\/mills.no\/olivero\/produkt\/olivero\/\",\"name\":\"Olivero Original - Olivero\",\"isPartOf\":{\"@id\":\"https:\/\/mills.no\/olivero\/#website\"},\"primaryImageOfPage\":{\"@id\":\"https:\/\/mills.no\/olivero\/produkt\/olivero\/#primaryimage\"},\"image\":{\"@id\":\"https:\/\/mills.no\/olivero\/produkt\/olivero\/#primaryimage\"},\"thumbnailUrl\":\"https:\/\/mills.no\/content\/uploads\/2017\/02\/olivero_pakningsbilde.png\",\"datePublished\":\"2017-02-06T08:55:40+00:00\",\"dateModified\":\"2026-01-15T11:15:02+00:00\",\"breadcrumb\":{\"@id\":\"https:\/\/mills.no\/olivero\/produkt\/olivero\/#breadcrumb\"},\"inLanguage\":\"nb-NO\",\"potentialAction\":[{\"@type\":\"ReadAction\",\"target\":[\"https:\/\/mills.no\/olivero\/produkt\/olivero\/\"]}]},{\"@type\":\"ImageObject\",\"inLanguage\":\"nb-NO\",\"@id\":\"https:\/\/mills.no\/olivero\/produkt\/olivero\/#primaryimage\",\"url\":\"https:\/\/mills.no\/content\/uploads\/2017\/02\/olivero_pakningsbilde.png\",\"contentUrl\":\"https:\/\/mills.no\/content\/uploads\/2017\/02\/olivero_pakningsbilde.png\"},{\"@type\":\"BreadcrumbList\",\"@id\":\"https:\/\/mills.no\/olivero\/produkt\/olivero\/#breadcrumb\",\"itemListElement\":[{\"@type\":\"ListItem\",\"position\":1,\"name\":\"Home\",\"item\":\"https:\/\/mills.no\/olivero\/\"},{\"@type\":\"ListItem\",\"position\":2,\"name\":\"Produkter\",\"item\":\"https:\/\/mills.no\/olivero\/produkter\/\"},{\"@type\":\"ListItem\",\"position\":3,\"name\":\"Olivero Original\"}]},{\"@type\":\"WebSite\",\"@id\":\"https:\/\/mills.no\/olivero\/#website\",\"url\":\"https:\/\/mills.no\/olivero\/\",\"name\":\"Olivero\",\"description\":\"\",\"publisher\":{\"@id\":\"https:\/\/mills.no\/olivero\/#organization\"},\"potentialAction\":[{\"@type\":\"SearchAction\",\"target\":{\"@type\":\"EntryPoint\",\"urlTemplate\":\"https:\/\/mills.no\/olivero\/?s={search_term_string}\"},\"query-input\":{\"@type\":\"PropertyValueSpecification\",\"valueRequired\":true,\"valueName\":\"search_term_string\"}}],\"inLanguage\":\"nb-NO\"},{\"@type\":\"Organization\",\"@id\":\"https:\/\/mills.no\/olivero\/#organization\",\"name\":\"Olivero\",\"url\":\"https:\/\/mills.no\/olivero\/\",\"logo\":{\"@type\":\"ImageObject\",\"inLanguage\":\"nb-NO\",\"@id\":\"https:\/\/mills.no\/olivero\/#\/schema\/logo\/image\/\",\"url\":\"https:\/\/mills.no\/content\/uploads\/sites\/7\/2026\/01\/Olivero_Logo_CMYK.svg\",\"contentUrl\":\"https:\/\/mills.no\/content\/uploads\/sites\/7\/2026\/01\/Olivero_Logo_CMYK.svg\",\"caption\":\"Olivero\"},\"image\":{\"@id\":\"https:\/\/mills.no\/olivero\/#\/schema\/logo\/image\/\"}}]}<\/script>\n<!-- \/ Yoast SEO Premium plugin. -->","yoast_head_json":{"title":"Olivero Original - Olivero","robots":{"index":"index","follow":"follow","max-snippet":"max-snippet:-1","max-image-preview":"max-image-preview:large","max-video-preview":"max-video-preview:-1"},"canonical":"https:\/\/mills.no\/olivero\/produkt\/olivero\/","og_locale":"nb_NO","og_type":"article","og_title":"Olivero Original","og_description":"Olivero kombinerer sunnheten fra olivenoljen med den gode sm\u00f8rsmaken. Den egner seg til steking, baking og selvf\u00f8lgelig til br\u00f8dskiven. I&hellip;","og_url":"https:\/\/mills.no\/olivero\/produkt\/olivero\/","og_site_name":"Olivero","article_modified_time":"2026-01-15T11:15:02+00:00","og_image":[{"url":"https:\/\/mills.no\/content\/uploads\/2022\/03\/7036110009773_A1C1_600px.png","type":"","width":"","height":""}],"twitter_card":"summary_large_image","schema":{"@context":"https:\/\/schema.org","@graph":[{"@type":"WebPage","@id":"https:\/\/mills.no\/olivero\/produkt\/olivero\/","url":"https:\/\/mills.no\/olivero\/produkt\/olivero\/","name":"Olivero Original - Olivero","isPartOf":{"@id":"https:\/\/mills.no\/olivero\/#website"},"primaryImageOfPage":{"@id":"https:\/\/mills.no\/olivero\/produkt\/olivero\/#primaryimage"},"image":{"@id":"https:\/\/mills.no\/olivero\/produkt\/olivero\/#primaryimage"},"thumbnailUrl":"https:\/\/mills.no\/content\/uploads\/2017\/02\/olivero_pakningsbilde.png","datePublished":"2017-02-06T08:55:40+00:00","dateModified":"2026-01-15T11:15:02+00:00","breadcrumb":{"@id":"https:\/\/mills.no\/olivero\/produkt\/olivero\/#breadcrumb"},"inLanguage":"nb-NO","potentialAction":[{"@type":"ReadAction","target":["https:\/\/mills.no\/olivero\/produkt\/olivero\/"]}]},{"@type":"ImageObject","inLanguage":"nb-NO","@id":"https:\/\/mills.no\/olivero\/produkt\/olivero\/#primaryimage","url":"https:\/\/mills.no\/content\/uploads\/2017\/02\/olivero_pakningsbilde.png","contentUrl":"https:\/\/mills.no\/content\/uploads\/2017\/02\/olivero_pakningsbilde.png"},{"@type":"BreadcrumbList","@id":"https:\/\/mills.no\/olivero\/produkt\/olivero\/#breadcrumb","itemListElement":[{"@type":"ListItem","position":1,"name":"Home","item":"https:\/\/mills.no\/olivero\/"},{"@type":"ListItem","position":2,"name":"Produkter","item":"https:\/\/mills.no\/olivero\/produkter\/"},{"@type":"ListItem","position":3,"name":"Olivero Original"}]},{"@type":"WebSite","@id":"https:\/\/mills.no\/olivero\/#website","url":"https:\/\/mills.no\/olivero\/","name":"Olivero","description":"","publisher":{"@id":"https:\/\/mills.no\/olivero\/#organization"},"potentialAction":[{"@type":"SearchAction","target":{"@type":"EntryPoint","urlTemplate":"https:\/\/mills.no\/olivero\/?s={search_term_string}"},"query-input":{"@type":"PropertyValueSpecification","valueRequired":true,"valueName":"search_term_string"}}],"inLanguage":"nb-NO"},{"@type":"Organization","@id":"https:\/\/mills.no\/olivero\/#organization","name":"Olivero","url":"https:\/\/mills.no\/olivero\/","logo":{"@type":"ImageObject","inLanguage":"nb-NO","@id":"https:\/\/mills.no\/olivero\/#\/schema\/logo\/image\/","url":"https:\/\/mills.no\/content\/uploads\/sites\/7\/2026\/01\/Olivero_Logo_CMYK.svg","contentUrl":"https:\/\/mills.no\/content\/uploads\/sites\/7\/2026\/01\/Olivero_Logo_CMYK.svg","caption":"Olivero"},"image":{"@id":"https:\/\/mills.no\/olivero\/#\/schema\/logo\/image\/"}}]}},"_links":{"self":[{"href":"https:\/\/mills.no\/olivero\/wp-json\/wp\/v2\/product\/32971","targetHints":{"allow":["GET"]}}],"collection":[{"href":"https:\/\/mills.no\/olivero\/wp-json\/wp\/v2\/product"}],"about":[{"href":"https:\/\/mills.no\/olivero\/wp-json\/wp\/v2\/types\/product"}],"version-history":[{"count":0,"href":"https:\/\/mills.no\/olivero\/wp-json\/wp\/v2\/product\/32971\/revisions"}],"wp:attachment":[{"href":"https:\/\/mills.no\/olivero\/wp-json\/wp\/v2\/media?parent=32971"}],"wp:term":[{"taxonomy":"brand","embeddable":true,"href":"https:\/\/mills.no\/olivero\/wp-json\/wp\/v2\/brand?post=32971"},{"taxonomy":"allergen","embeddable":true,"href":"https:\/\/mills.no\/olivero\/wp-json\/wp\/v2\/allergen?post=32971"},{"taxonomy":"product_category","embeddable":true,"href":"https:\/\/mills.no\/olivero\/wp-json\/wp\/v2\/product_category?post=32971"},{"taxonomy":"product_label","embeddable":true,"href":"https:\/\/mills.no\/olivero\/wp-json\/wp\/v2\/product_label?post=32971"}],"curies":[{"name":"wp","href":"https:\/\/api.w.org\/{rel}","templated":true}]}}