{"id":75,"date":"2019-02-06T12:28:07","date_gmt":"2019-02-06T11:28:07","guid":{"rendered":"https:\/\/mills.no\/plantego\/plantego\/"},"modified":"2026-02-17T15:25:21","modified_gmt":"2026-02-17T14:25:21","slug":"plantego","status":"publish","type":"page","link":"https:\/\/mills.no\/plantego\/","title":{"rendered":"Plantego&#8217;"},"content":{"rendered":"<div class=\"mills-block-featured alignwide alignwide wp-block-mills-block-featured\"><img loading=\"lazy\" decoding=\"async\" width=\"1200\" height=\"800\" style=\"width:100%;height:100%;object-fit:cover\" src=\"https:\/\/mills.no\/content\/uploads\/sites\/8\/2026\/02\/MILLS_2012_MILLS_plantego_avocado__1200px-2.png\" class=\"wp-block-cover__image-background\" alt=\"br\u00f8dskiver med plantego avokado og kikert\" srcset=\"https:\/\/mills.no\/content\/uploads\/sites\/8\/2026\/02\/MILLS_2012_MILLS_plantego_avocado__1200px-2.png 1200w, https:\/\/mills.no\/content\/uploads\/sites\/8\/2026\/02\/MILLS_2012_MILLS_plantego_avocado__1200px-2-300x200.png 300w, https:\/\/mills.no\/content\/uploads\/sites\/8\/2026\/02\/MILLS_2012_MILLS_plantego_avocado__1200px-2-1024x683.png 1024w, https:\/\/mills.no\/content\/uploads\/sites\/8\/2026\/02\/MILLS_2012_MILLS_plantego_avocado__1200px-2-768x512.png 768w, https:\/\/mills.no\/content\/uploads\/sites\/8\/2026\/02\/MILLS_2012_MILLS_plantego_avocado__1200px-2-80x53.png 80w\" sizes=\"auto, (max-width: 1200px) 100vw, 1200px\" \/><div class=\"wp-block-cover__inner-container\">\n<h1 class=\"has-text-align-center wp-block-post-title has-text-color has-neutral-1000-color\">Plantego&#8217;<\/h1>\n\n\n<\/div><\/div>\n\n\n\t\t<div class=\"has-background has-neutral-50-background-color is-style-vertical-spacing is-style-horizontal-spacing alignwide is-section-cards alignwide wp-block-mills-section has-background has-neutral-50-background-color\">\n\t\t\t<div class=\"wp-block-mills-section__inner alignwide\">\n\t\t\t\t\n\n<h2 class=\"wp-block-heading has-text-align-center\" id=\"h-produkter-fra-plantego\">Produkter fra Plantego&#8217;<\/h2>\n\n\n<div class=\"t2-featured-content-layout align wp-block-t2-featured-content-layout\" role=\"list\">\n<div class=\"t2-featured-single-post t2-featured-content is-post-type-product brand-plantego allergen-soya product_category-middagstilbehor wp-block-t2-featured-single-post t2-featured-content-layout-col-6\" role=\"listitem\"><a class=\"t2-post-link wp-block-t2-post-link\" href=\"https:\/\/mills.no\/plantego\/produkt\/plantego-middelhavs-bonne-og-olivensalat\/\">\n<figure style=\"--t2-focal-point: 50% 50%;\" class=\"t2-post-featured-image has-image-ratio-16-9 wp-block-t2-post-featured-image\"><img loading=\"lazy\" decoding=\"async\" width=\"600\" height=\"600\" src=\"https:\/\/mills.no\/content\/uploads\/2021\/02\/Plantego-Middelhavs-salat.png\" class=\"attachment-medium-large size-medium-large wp-post-image\" alt=\"Plantego&#039; Middelhavssalat\" srcset=\"https:\/\/mills.no\/content\/uploads\/2021\/02\/Plantego-Middelhavs-salat.png 600w, https:\/\/mills.no\/content\/uploads\/2021\/02\/Plantego-Middelhavs-salat-300x300.png 300w, https:\/\/mills.no\/content\/uploads\/2021\/02\/Plantego-Middelhavs-salat-150x150.png 150w, https:\/\/mills.no\/content\/uploads\/2021\/02\/Plantego-Middelhavs-salat-80x80.png 80w\" sizes=\"auto, (max-width: 600px) 100vw, 600px\" \/><\/figure>\n\n<div class=\"wp-block-group alignfull is-layout-flow wp-block-group-is-layout-flow\">\n\t\n\t\t<div class=\"tax-product_label wp-block-mills-post-terms\">\n\t\t\t\n\t\t<\/div>\n\t<h2 class=\"t2-post-title wp-block-t2-post-title\">Plantego\u2019 Middelhavssalat<\/h2>\n\t<div class=\"t2-post-excerpt wp-block-t2-post-excerpt\"><p>Middelhavs b\u00f8nne- og olivensalat inneholder hele tre forskjellige b\u00f8nner: kidney, cannellini og soya &#8211; i tillegg til kikerter. En liten&hellip;<\/p><\/div>\n<\/div>\n\n<\/a>\n<\/div>\n\n<div class=\"t2-featured-single-post t2-featured-content is-post-type-product brand-plantego product_category-palegg wp-block-t2-featured-single-post t2-featured-content-layout-col-6\" role=\"listitem\"><a class=\"t2-post-link wp-block-t2-post-link\" href=\"https:\/\/mills.no\/plantego\/produkt\/plantego-avokado-kikerter\/\">\n<figure style=\"--t2-focal-point: 50% 50%;\" class=\"t2-post-featured-image has-image-ratio-16-9 wp-block-t2-post-featured-image\"><img loading=\"lazy\" decoding=\"async\" width=\"597\" height=\"700\" src=\"https:\/\/mills.no\/content\/uploads\/2019\/09\/Plantego-Avokado.png\" class=\"attachment-medium-large size-medium-large wp-post-image\" alt=\"Plantego&#039; Avokado\" srcset=\"https:\/\/mills.no\/content\/uploads\/2019\/09\/Plantego-Avokado.png 597w, https:\/\/mills.no\/content\/uploads\/2019\/09\/Plantego-Avokado-256x300.png 256w, https:\/\/mills.no\/content\/uploads\/2019\/09\/Plantego-Avokado-68x80.png 68w\" sizes=\"auto, (max-width: 597px) 100vw, 597px\" \/><\/figure>\n\n<div class=\"wp-block-group alignfull is-layout-flow wp-block-group-is-layout-flow\">\n\t\n\t\t<div class=\"tax-product_label wp-block-mills-post-terms\">\n\t\t\t\n\t\t<\/div>\n\t<h2 class=\"t2-post-title wp-block-t2-post-title\">Plantego&#8217; Avokado<\/h2>\n\t<div class=\"t2-post-excerpt wp-block-t2-post-excerpt\"><p>Plantego&#8217; Avokado &#038; Kikerter er en del av en serie helt nye, plantebaserte gr\u00f8nnsaksp\u00e5legg. Denne varianten er laget med avokado&hellip;<\/p><\/div>\n<\/div>\n\n<\/a>\n<\/div>\n<\/div>\n\n\t\t\t<\/div>\n\t\t<\/div>","protected":false},"excerpt":{"rendered":"<p>En serie helt plantebaserte produkter.<\/p>\n","protected":false},"author":2,"featured_media":365,"parent":0,"menu_order":9,"comment_status":"closed","ping_status":"closed","template":"","meta":{"_searchwp_excluded":"","hide_post_title":false,"footnotes":""},"class_list":["post-75","page","type-page","status-publish","has-post-thumbnail","hentry"],"yoast_head":"<!-- This site is optimized with the Yoast SEO Premium plugin v26.9 (Yoast SEO v26.9) - https:\/\/yoast.com\/product\/yoast-seo-premium-wordpress\/ -->\n<title>Plantego&#039; \u2013100% plantebasert. Bra for planeten og bra for deg<\/title>\n<meta name=\"description\" content=\"Plantego&#039; er plantebaserte produkter som skal gj\u00f8re det enkelt \u00e5 ta gr\u00f8nnere valg i hverdagen.\" \/>\n<meta name=\"robots\" content=\"index, follow, max-snippet:-1, max-image-preview:large, max-video-preview:-1\" \/>\n<link rel=\"canonical\" href=\"https:\/\/mills.no\/plantego\/\" \/>\n<meta property=\"og:locale\" content=\"nb_NO\" \/>\n<meta property=\"og:type\" content=\"article\" \/>\n<meta property=\"og:title\" content=\"Plantego&#039;\" \/>\n<meta property=\"og:description\" content=\"Plantego&#039; er plantebaserte produkter som skal gj\u00f8re det enkelt \u00e5 ta gr\u00f8nnere valg i hverdagen.\" \/>\n<meta property=\"og:url\" content=\"https:\/\/mills.no\/plantego\/\" \/>\n<meta property=\"og:site_name\" content=\"Plantego&#039;\" \/>\n<meta property=\"article:modified_time\" content=\"2026-02-17T14:25:21+00:00\" \/>\n<meta property=\"og:image\" content=\"https:\/\/mills.no\/content\/uploads\/sites\/8\/2026\/02\/MILLS_2012_MILLS_plantego_avocado__1200px-2.png\" \/>\n\t<meta property=\"og:image:width\" content=\"1200\" \/>\n\t<meta property=\"og:image:height\" content=\"800\" \/>\n\t<meta property=\"og:image:type\" content=\"image\/png\" \/>\n<meta name=\"twitter:card\" content=\"summary_large_image\" \/>\n<meta name=\"twitter:label1\" content=\"Ansl. lesetid\" \/>\n\t<meta name=\"twitter:data1\" content=\"1 minutt\" \/>\n<script type=\"application\/ld+json\" class=\"yoast-schema-graph\">{\"@context\":\"https:\/\/schema.org\",\"@graph\":[{\"@type\":\"WebPage\",\"@id\":\"https:\/\/mills.no\/plantego\/\",\"url\":\"https:\/\/mills.no\/plantego\/\",\"name\":\"Plantego' \u2013100% plantebasert. Bra for planeten og bra for deg\",\"isPartOf\":{\"@id\":\"https:\/\/mills.no\/plantego\/#website\"},\"primaryImageOfPage\":{\"@id\":\"https:\/\/mills.no\/plantego\/#primaryimage\"},\"image\":{\"@id\":\"https:\/\/mills.no\/plantego\/#primaryimage\"},\"thumbnailUrl\":\"https:\/\/mills.no\/content\/uploads\/sites\/8\/2026\/02\/MILLS_2012_MILLS_plantego_avocado__1200px-2.png\",\"datePublished\":\"2019-02-06T11:28:07+00:00\",\"dateModified\":\"2026-02-17T14:25:21+00:00\",\"description\":\"Plantego' er plantebaserte produkter som skal gj\u00f8re det enkelt \u00e5 ta gr\u00f8nnere valg i hverdagen.\",\"breadcrumb\":{\"@id\":\"https:\/\/mills.no\/plantego\/#breadcrumb\"},\"inLanguage\":\"nb-NO\",\"potentialAction\":[{\"@type\":\"ReadAction\",\"target\":[\"https:\/\/mills.no\/plantego\/\"]}]},{\"@type\":\"ImageObject\",\"inLanguage\":\"nb-NO\",\"@id\":\"https:\/\/mills.no\/plantego\/#primaryimage\",\"url\":\"https:\/\/mills.no\/content\/uploads\/sites\/8\/2026\/02\/MILLS_2012_MILLS_plantego_avocado__1200px-2.png\",\"contentUrl\":\"https:\/\/mills.no\/content\/uploads\/sites\/8\/2026\/02\/MILLS_2012_MILLS_plantego_avocado__1200px-2.png\",\"width\":1200,\"height\":800,\"caption\":\"br\u00f8dskiver med plantego avokado og kikert\"},{\"@type\":\"BreadcrumbList\",\"@id\":\"https:\/\/mills.no\/plantego\/#breadcrumb\",\"itemListElement\":[{\"@type\":\"ListItem\",\"position\":1,\"name\":\"Home\",\"item\":\"https:\/\/mills.no\/plantego\/\"},{\"@type\":\"ListItem\",\"position\":2,\"name\":\"Plantego&#8217;\"}]},{\"@type\":\"WebSite\",\"@id\":\"https:\/\/mills.no\/plantego\/#website\",\"url\":\"https:\/\/mills.no\/plantego\/\",\"name\":\"Plantego&#039;\",\"description\":\"100% plantebasert. Bra for planeten og bra for deg.\",\"publisher\":{\"@id\":\"https:\/\/mills.no\/plantego\/#organization\"},\"potentialAction\":[{\"@type\":\"SearchAction\",\"target\":{\"@type\":\"EntryPoint\",\"urlTemplate\":\"https:\/\/mills.no\/plantego\/?s={search_term_string}\"},\"query-input\":{\"@type\":\"PropertyValueSpecification\",\"valueRequired\":true,\"valueName\":\"search_term_string\"}}],\"inLanguage\":\"nb-NO\"},{\"@type\":\"Organization\",\"@id\":\"https:\/\/mills.no\/plantego\/#organization\",\"name\":\"Plantego&#039;\",\"url\":\"https:\/\/mills.no\/plantego\/\",\"logo\":{\"@type\":\"ImageObject\",\"inLanguage\":\"nb-NO\",\"@id\":\"https:\/\/mills.no\/plantego\/#\/schema\/logo\/image\/\",\"url\":\"https:\/\/mills.no\/content\/uploads\/sites\/8\/2024\/04\/Plantego-logo-nettside.svg\",\"contentUrl\":\"https:\/\/mills.no\/content\/uploads\/sites\/8\/2024\/04\/Plantego-logo-nettside.svg\",\"caption\":\"Plantego&#039;\"},\"image\":{\"@id\":\"https:\/\/mills.no\/plantego\/#\/schema\/logo\/image\/\"}}]}<\/script>\n<!-- \/ Yoast SEO Premium plugin. -->","yoast_head_json":{"title":"Plantego' \u2013100% plantebasert. Bra for planeten og bra for deg","description":"Plantego' er plantebaserte produkter som skal gj\u00f8re det enkelt \u00e5 ta gr\u00f8nnere valg i hverdagen.","robots":{"index":"index","follow":"follow","max-snippet":"max-snippet:-1","max-image-preview":"max-image-preview:large","max-video-preview":"max-video-preview:-1"},"canonical":"https:\/\/mills.no\/plantego\/","og_locale":"nb_NO","og_type":"article","og_title":"Plantego'","og_description":"Plantego' er plantebaserte produkter som skal gj\u00f8re det enkelt \u00e5 ta gr\u00f8nnere valg i hverdagen.","og_url":"https:\/\/mills.no\/plantego\/","og_site_name":"Plantego&#039;","article_modified_time":"2026-02-17T14:25:21+00:00","og_image":[{"width":1200,"height":800,"url":"https:\/\/mills.no\/content\/uploads\/sites\/8\/2026\/02\/MILLS_2012_MILLS_plantego_avocado__1200px-2.png","type":"image\/png"}],"twitter_card":"summary_large_image","twitter_misc":{"Ansl. lesetid":"1 minutt"},"schema":{"@context":"https:\/\/schema.org","@graph":[{"@type":"WebPage","@id":"https:\/\/mills.no\/plantego\/","url":"https:\/\/mills.no\/plantego\/","name":"Plantego' \u2013100% plantebasert. Bra for planeten og bra for deg","isPartOf":{"@id":"https:\/\/mills.no\/plantego\/#website"},"primaryImageOfPage":{"@id":"https:\/\/mills.no\/plantego\/#primaryimage"},"image":{"@id":"https:\/\/mills.no\/plantego\/#primaryimage"},"thumbnailUrl":"https:\/\/mills.no\/content\/uploads\/sites\/8\/2026\/02\/MILLS_2012_MILLS_plantego_avocado__1200px-2.png","datePublished":"2019-02-06T11:28:07+00:00","dateModified":"2026-02-17T14:25:21+00:00","description":"Plantego' er plantebaserte produkter som skal gj\u00f8re det enkelt \u00e5 ta gr\u00f8nnere valg i hverdagen.","breadcrumb":{"@id":"https:\/\/mills.no\/plantego\/#breadcrumb"},"inLanguage":"nb-NO","potentialAction":[{"@type":"ReadAction","target":["https:\/\/mills.no\/plantego\/"]}]},{"@type":"ImageObject","inLanguage":"nb-NO","@id":"https:\/\/mills.no\/plantego\/#primaryimage","url":"https:\/\/mills.no\/content\/uploads\/sites\/8\/2026\/02\/MILLS_2012_MILLS_plantego_avocado__1200px-2.png","contentUrl":"https:\/\/mills.no\/content\/uploads\/sites\/8\/2026\/02\/MILLS_2012_MILLS_plantego_avocado__1200px-2.png","width":1200,"height":800,"caption":"br\u00f8dskiver med plantego avokado og kikert"},{"@type":"BreadcrumbList","@id":"https:\/\/mills.no\/plantego\/#breadcrumb","itemListElement":[{"@type":"ListItem","position":1,"name":"Home","item":"https:\/\/mills.no\/plantego\/"},{"@type":"ListItem","position":2,"name":"Plantego&#8217;"}]},{"@type":"WebSite","@id":"https:\/\/mills.no\/plantego\/#website","url":"https:\/\/mills.no\/plantego\/","name":"Plantego&#039;","description":"100% plantebasert. Bra for planeten og bra for deg.","publisher":{"@id":"https:\/\/mills.no\/plantego\/#organization"},"potentialAction":[{"@type":"SearchAction","target":{"@type":"EntryPoint","urlTemplate":"https:\/\/mills.no\/plantego\/?s={search_term_string}"},"query-input":{"@type":"PropertyValueSpecification","valueRequired":true,"valueName":"search_term_string"}}],"inLanguage":"nb-NO"},{"@type":"Organization","@id":"https:\/\/mills.no\/plantego\/#organization","name":"Plantego&#039;","url":"https:\/\/mills.no\/plantego\/","logo":{"@type":"ImageObject","inLanguage":"nb-NO","@id":"https:\/\/mills.no\/plantego\/#\/schema\/logo\/image\/","url":"https:\/\/mills.no\/content\/uploads\/sites\/8\/2024\/04\/Plantego-logo-nettside.svg","contentUrl":"https:\/\/mills.no\/content\/uploads\/sites\/8\/2024\/04\/Plantego-logo-nettside.svg","caption":"Plantego&#039;"},"image":{"@id":"https:\/\/mills.no\/plantego\/#\/schema\/logo\/image\/"}}]}},"_links":{"self":[{"href":"https:\/\/mills.no\/plantego\/wp-json\/wp\/v2\/pages\/75","targetHints":{"allow":["GET"]}}],"collection":[{"href":"https:\/\/mills.no\/plantego\/wp-json\/wp\/v2\/pages"}],"about":[{"href":"https:\/\/mills.no\/plantego\/wp-json\/wp\/v2\/types\/page"}],"author":[{"embeddable":true,"href":"https:\/\/mills.no\/plantego\/wp-json\/wp\/v2\/users\/2"}],"replies":[{"embeddable":true,"href":"https:\/\/mills.no\/plantego\/wp-json\/wp\/v2\/comments?post=75"}],"version-history":[{"count":22,"href":"https:\/\/mills.no\/plantego\/wp-json\/wp\/v2\/pages\/75\/revisions"}],"predecessor-version":[{"id":366,"href":"https:\/\/mills.no\/plantego\/wp-json\/wp\/v2\/pages\/75\/revisions\/366"}],"wp:featuredmedia":[{"embeddable":true,"href":"https:\/\/mills.no\/plantego\/wp-json\/wp\/v2\/media\/365"}],"wp:attachment":[{"href":"https:\/\/mills.no\/plantego\/wp-json\/wp\/v2\/media?parent=75"}],"curies":[{"name":"wp","href":"https:\/\/api.w.org\/{rel}","templated":true}]}}