{"id":32931,"date":"2021-02-01T09:56:47","date_gmt":"2021-02-01T08:56:47","guid":{"rendered":"https:\/\/mills.no\/produkt\/plantego-middelhavs-bonne-og-olivensalat\/"},"modified":"2024-04-09T13:10:43","modified_gmt":"2024-04-09T11:10:43","slug":"plantego-middelhavs-bonne-og-olivensalat","status":"publish","type":"product","link":"https:\/\/mills.no\/plantego\/produkt\/plantego-middelhavs-bonne-og-olivensalat\/","title":{"rendered":"Plantego\u2019 Middelhavssalat"},"content":{"rendered":"<div class=\"mills-block-featured alignwide alignwide wp-block-mills-block-featured\"><img loading=\"lazy\" decoding=\"async\" width=\"2400\" height=\"1601\" style=\"width:100%;height:100%;object-fit:cover\" src=\"https:\/\/mills.no\/content\/uploads\/2024\/04\/Plantego-Middelhavssalat-miljobilde.png\" class=\"wp-block-cover__image-background\" alt=\"Plantego&#039; Middelhavssalat\" srcset=\"https:\/\/mills.no\/content\/uploads\/2024\/04\/Plantego-Middelhavssalat-miljobilde.png 2400w, https:\/\/mills.no\/content\/uploads\/2024\/04\/Plantego-Middelhavssalat-miljobilde-300x200.png 300w, https:\/\/mills.no\/content\/uploads\/2024\/04\/Plantego-Middelhavssalat-miljobilde-1024x683.png 1024w, https:\/\/mills.no\/content\/uploads\/2024\/04\/Plantego-Middelhavssalat-miljobilde-768x512.png 768w, https:\/\/mills.no\/content\/uploads\/2024\/04\/Plantego-Middelhavssalat-miljobilde-1536x1025.png 1536w, https:\/\/mills.no\/content\/uploads\/2024\/04\/Plantego-Middelhavssalat-miljobilde-2048x1366.png 2048w, https:\/\/mills.no\/content\/uploads\/2024\/04\/Plantego-Middelhavssalat-miljobilde-80x53.png 80w\" sizes=\"auto, (max-width: 2400px) 100vw, 2400px\" \/><div class=\"wp-block-cover__inner-container\">\n<h1 class=\"has-text-align-center wp-block-post-title has-text-color has-neutral-1000-color\">Plantego\u2019 Middelhavssalat<\/h1>\n\n<p class=\"t2-ingress has-text-align-center align wp-block-t2-ingress\">Middelhavs b\u00f8nne- og olivensalat inneholder hele tre forskjellige b\u00f8nner: kidney, cannellini og soya &#8211; i tillegg til kikerter. En liten fest av belgvekster! I tillegg har den paprika, mais, gulrot og selvf\u00f8lgelig oliven, i tillegg til en urte- og hvitl\u00f8ksdressing. Pr\u00f8v den for eksempel sammen med falafel og hummus, som tilbeh\u00f8r til middagen eller bland den med pastarestene og f\u00e5 en fiks ferdig og mettende lunsj. \n<\/p>\n<\/div><\/div>\n\n\n\t\t<div class=\"has-background has-neutral-0-background-color is-style-vertical-spacing is-style-horizontal-spacing alignwide wp-block-mills-section has-background has-neutral-0-background-color\">\n\t\t\t<div class=\"wp-block-mills-section__inner aligncenter\">\n\t\t\t\t\n\n<figure class=\"wp-block-image aligncenter size-full\"><img loading=\"lazy\" decoding=\"async\" width=\"600\" height=\"600\" src=\"https:\/\/mills.no\/content\/uploads\/2021\/02\/Plantego-Middelhavs-salat.png\" alt=\"Plantego' Middelhavssalat\" class=\"wp-image-42376\" srcset=\"https:\/\/mills.no\/content\/uploads\/2021\/02\/Plantego-Middelhavs-salat.png 600w, https:\/\/mills.no\/content\/uploads\/2021\/02\/Plantego-Middelhavs-salat-300x300.png 300w, https:\/\/mills.no\/content\/uploads\/2021\/02\/Plantego-Middelhavs-salat-150x150.png 150w, https:\/\/mills.no\/content\/uploads\/2021\/02\/Plantego-Middelhavs-salat-80x80.png 80w\" sizes=\"auto, (max-width: 600px) 100vw, 600px\" \/><\/figure>\n\n\n\t\t\t<\/div>\n\t\t<\/div>\n\n<div class=\"mills-block-food-labeling alignwide alignwide wp-block-mills-block-food-labeling\"><div class=\"left\"><section class=\"nutrients-section\"><header class\"nutrients-header\"><h3>N\u00e6ringsinnhold<\/h3><\/header><p class=\"nutrients-info\">100 gram gir.<\/p><div class=\"nutrients-list\"><div class=\"nutrient-item heading energy ENERGY_KJ\"><span>Energi<\/span><span>760 kJ (180 kcal)<\/span><\/div><div class=\"empty-item\"><span>&nbsp;<\/span><\/div><div class=\"nutrient-item heading fat FAT\"><span>Fett<\/span><span>12 g<\/span><\/div><div class=\"nutrient-sub\"><span>Hvorav<\/span><\/div><div class=\"nutrient-item fat FASAT\"><span>&#8211; Mettet fett<\/span><span>1 g<\/span><\/div><div class=\"nutrient-item fat FAMSCIS\"><span>&#8211; Enumettet fett<\/span><span>7 g<\/span><\/div><div class=\"nutrient-item fat FAPUCIS\"><span>&#8211; Flerumettet fett<\/span><span>3 g<\/span><\/div><div class=\"empty-item\"><span>&nbsp;<\/span><\/div><div class=\"nutrient-item heading carbs CHOAVL\"><span>Karbohydrater<\/span><span>12 g<\/span><\/div><div class=\"nutrient-sub\"><span>Hvorav<\/span><\/div><div class=\"nutrient-item carbs SUGAR-\"><span>&#8211; Sukkerarter<\/span><span>2 g<\/span><\/div><div class=\"empty-item\"><span>&nbsp;<\/span><\/div><div class=\"nutrient-item heading fiber FIBTG\"><span>Kostfiber<\/span><span>3 g<\/span><\/div><div class=\"empty-item\"><span>&nbsp;<\/span><\/div><div class=\"nutrient-item heading protein PRO-\"><span>Protein<\/span><span>5 g<\/span><\/div><div class=\"empty-item\"><span>&nbsp;<\/span><\/div><div class=\"nutrient-item heading salt SALTEQ\"><span>Salt<\/span><span>1.4 g<\/span><\/div><\/div><\/section><\/div><div class=\"right\"><section class=\"ingredients-section\"><header class=\"ingredients-header\"><h3>Ingredienser<\/h3><\/header><p class=\"ingredients-list\">B\u00f8nner [kidney (11 %)-, cannellini (11 %)- og soyab\u00f8nner (edamame) (11 %), kikerter (12 %)], paprika (11 %), mais (10 %), rapsolje (10 %), gulrot (8 %), gr\u00f8nne oliven (7 %), purre (5 %), sitronjuice, persille, hvitl\u00f8k, krydder, sukker, konserveringsmiddel (kaliumsorbat, natriumbenzoat), surhetsregulerende middel (melkesyre, eplesyre, sitronsyre, askorbinsyre), salt<\/p><p class=\"ingredients-smallprint\"><small>Produktsammensetningen kan endres. Les derfor alltid ingredienslisten p\u00e5 emballasjen p\u00e5 produktet.<\/small><\/p><\/section>\n<section class=\"allergens-section contains\"><header class=\"allergens-header\"><h3>Allergener<\/h3><\/header><div class=\"wp-block-buttons\"><div class=\"wp-block-button is-style-outline AY\"><span class=\"wp-block-button__link\">Soyab\u00f8nner<i class=\"icon-IconAllergy-soy\"><\/i><\/span><\/div><\/div><\/section><\/div><\/div>","protected":false},"excerpt":{"rendered":"<p>Middelhavs b\u00f8nne- og olivensalat inneholder hele tre forskjellige b\u00f8nner: kidney, cannellini og soya &#8211; i tillegg til kikerter. En liten&hellip;<\/p>\n","protected":false},"featured_media":42376,"menu_order":0,"template":"","meta":{"_searchwp_excluded":"","hide_post_title":false,"mills_central_gtin":"07036110011547","footnotes":""},"brand":[442],"allergen":[413],"product_category":[440],"product_label":[],"class_list":["post-32931","product","type-product","status-publish","has-post-thumbnail","hentry","brand-plantego","allergen-soya","product_category-middagstilbehor"],"yoast_head":"<!-- This site is optimized with the Yoast SEO Premium plugin v26.9 (Yoast SEO v26.9) - https:\/\/yoast.com\/product\/yoast-seo-premium-wordpress\/ -->\n<title>Plantego\u2019 Middelhavs b\u00f8nne- og olivensalat | Plantego&#039;<\/title>\n<meta name=\"description\" content=\"Middelhavs b\u00f8nne- og olivensalat inneholder hele tre forskjellige b\u00f8nner: kidney, cannellini og soya - i tillegg til kikerter. En liten fest av belgvekster\" \/>\n<meta name=\"robots\" content=\"index, follow, max-snippet:-1, max-image-preview:large, max-video-preview:-1\" \/>\n<link rel=\"canonical\" href=\"https:\/\/mills.no\/plantego\/produkt\/plantego-middelhavs-bonne-og-olivensalat\/\" \/>\n<meta property=\"og:locale\" content=\"nb_NO\" \/>\n<meta property=\"og:type\" content=\"article\" \/>\n<meta property=\"og:title\" content=\"Plantego\u2019 Middelhavssalat\" \/>\n<meta property=\"og:description\" content=\"Middelhavs b\u00f8nne- og olivensalat inneholder hele tre forskjellige b\u00f8nner: kidney, cannellini og soya - i tillegg til kikerter. En liten fest av belgvekster\" \/>\n<meta property=\"og:url\" content=\"https:\/\/mills.no\/plantego\/produkt\/plantego-middelhavs-bonne-og-olivensalat\/\" \/>\n<meta property=\"og:site_name\" content=\"Mills AS\" \/>\n<meta property=\"article:publisher\" content=\"https:\/\/www.facebook.com\/mills\" \/>\n<meta property=\"article:modified_time\" content=\"2024-04-09T11:10:43+00:00\" \/>\n<meta property=\"og:image\" content=\"https:\/\/mills.no\/content\/uploads\/2021\/02\/Plantego-Middelhavs-salat.png\" \/>\n\t<meta property=\"og:image:width\" content=\"600\" \/>\n\t<meta property=\"og:image:height\" content=\"600\" \/>\n\t<meta property=\"og:image:type\" content=\"image\/png\" \/>\n<meta name=\"twitter:card\" content=\"summary_large_image\" \/>\n<meta name=\"twitter:label1\" content=\"Ansl. lesetid\" \/>\n\t<meta name=\"twitter:data1\" content=\"1 minutt\" \/>\n<script type=\"application\/ld+json\" class=\"yoast-schema-graph\">{\"@context\":\"https:\/\/schema.org\",\"@graph\":[{\"@type\":\"WebPage\",\"@id\":\"https:\/\/mills.no\/plantego\/produkt\/plantego-middelhavs-bonne-og-olivensalat\/\",\"url\":\"https:\/\/mills.no\/plantego\/produkt\/plantego-middelhavs-bonne-og-olivensalat\/\",\"name\":\"Plantego\u2019 Middelhavs b\u00f8nne- og olivensalat | Plantego'\",\"isPartOf\":{\"@id\":\"https:\/\/mills.no\/#website\"},\"primaryImageOfPage\":{\"@id\":\"https:\/\/mills.no\/plantego\/produkt\/plantego-middelhavs-bonne-og-olivensalat\/#primaryimage\"},\"image\":{\"@id\":\"https:\/\/mills.no\/plantego\/produkt\/plantego-middelhavs-bonne-og-olivensalat\/#primaryimage\"},\"thumbnailUrl\":\"https:\/\/mills.no\/content\/uploads\/2021\/02\/Plantego-Middelhavs-salat.png\",\"datePublished\":\"2021-02-01T08:56:47+00:00\",\"dateModified\":\"2024-04-09T11:10:43+00:00\",\"description\":\"Middelhavs b\u00f8nne- og olivensalat inneholder hele tre forskjellige b\u00f8nner: kidney, cannellini og soya - i tillegg til kikerter. En liten fest av belgvekster\",\"breadcrumb\":{\"@id\":\"https:\/\/mills.no\/plantego\/produkt\/plantego-middelhavs-bonne-og-olivensalat\/#breadcrumb\"},\"inLanguage\":\"nb-NO\",\"potentialAction\":[{\"@type\":\"ReadAction\",\"target\":[\"https:\/\/mills.no\/plantego\/produkt\/plantego-middelhavs-bonne-og-olivensalat\/\"]}]},{\"@type\":\"ImageObject\",\"inLanguage\":\"nb-NO\",\"@id\":\"https:\/\/mills.no\/plantego\/produkt\/plantego-middelhavs-bonne-og-olivensalat\/#primaryimage\",\"url\":\"https:\/\/mills.no\/content\/uploads\/2021\/02\/Plantego-Middelhavs-salat.png\",\"contentUrl\":\"https:\/\/mills.no\/content\/uploads\/2021\/02\/Plantego-Middelhavs-salat.png\",\"width\":600,\"height\":600,\"caption\":\"Plantego' Middelhavssalat\"},{\"@type\":\"BreadcrumbList\",\"@id\":\"https:\/\/mills.no\/plantego\/produkt\/plantego-middelhavs-bonne-og-olivensalat\/#breadcrumb\",\"itemListElement\":[{\"@type\":\"ListItem\",\"position\":1,\"name\":\"Hjem\",\"item\":\"https:\/\/mills.no\/\"},{\"@type\":\"ListItem\",\"position\":2,\"name\":\"Produkter\",\"item\":\"https:\/\/mills.no\/produkter\/\"},{\"@type\":\"ListItem\",\"position\":3,\"name\":\"Plantego\u2019 Middelhavssalat\"}]},{\"@type\":\"WebSite\",\"@id\":\"https:\/\/mills.no\/#website\",\"url\":\"https:\/\/mills.no\/\",\"name\":\"Mills AS\",\"description\":\"\",\"publisher\":{\"@id\":\"https:\/\/mills.no\/#organization\"},\"potentialAction\":[{\"@type\":\"SearchAction\",\"target\":{\"@type\":\"EntryPoint\",\"urlTemplate\":\"https:\/\/mills.no\/?s={search_term_string}\"},\"query-input\":{\"@type\":\"PropertyValueSpecification\",\"valueRequired\":true,\"valueName\":\"search_term_string\"}}],\"inLanguage\":\"nb-NO\"},{\"@type\":\"Organization\",\"@id\":\"https:\/\/mills.no\/#organization\",\"name\":\"Mills AS\",\"url\":\"https:\/\/mills.no\/\",\"logo\":{\"@type\":\"ImageObject\",\"inLanguage\":\"nb-NO\",\"@id\":\"https:\/\/mills.no\/#\/schema\/logo\/image\/\",\"url\":\"https:\/\/mills.no\/content\/uploads\/2022\/02\/logo-mills-fill.svg\",\"contentUrl\":\"https:\/\/mills.no\/content\/uploads\/2022\/02\/logo-mills-fill.svg\",\"width\":1,\"height\":1,\"caption\":\"Mills AS\"},\"image\":{\"@id\":\"https:\/\/mills.no\/#\/schema\/logo\/image\/\"},\"sameAs\":[\"https:\/\/www.facebook.com\/mills\",\"https:\/\/www.instagram.com\/mills_as\/\"]}]}<\/script>\n<!-- \/ Yoast SEO Premium plugin. -->","yoast_head_json":{"title":"Plantego\u2019 Middelhavs b\u00f8nne- og olivensalat | Plantego'","description":"Middelhavs b\u00f8nne- og olivensalat inneholder hele tre forskjellige b\u00f8nner: kidney, cannellini og soya - i tillegg til kikerter. En liten fest av belgvekster","robots":{"index":"index","follow":"follow","max-snippet":"max-snippet:-1","max-image-preview":"max-image-preview:large","max-video-preview":"max-video-preview:-1"},"canonical":"https:\/\/mills.no\/plantego\/produkt\/plantego-middelhavs-bonne-og-olivensalat\/","og_locale":"nb_NO","og_type":"article","og_title":"Plantego\u2019 Middelhavssalat","og_description":"Middelhavs b\u00f8nne- og olivensalat inneholder hele tre forskjellige b\u00f8nner: kidney, cannellini og soya - i tillegg til kikerter. En liten fest av belgvekster","og_url":"https:\/\/mills.no\/plantego\/produkt\/plantego-middelhavs-bonne-og-olivensalat\/","og_site_name":"Mills AS","article_publisher":"https:\/\/www.facebook.com\/mills","article_modified_time":"2024-04-09T11:10:43+00:00","og_image":[{"width":600,"height":600,"url":"https:\/\/mills.no\/content\/uploads\/2021\/02\/Plantego-Middelhavs-salat.png","type":"image\/png"}],"twitter_card":"summary_large_image","twitter_misc":{"Ansl. lesetid":"1 minutt"},"schema":{"@context":"https:\/\/schema.org","@graph":[{"@type":"WebPage","@id":"https:\/\/mills.no\/plantego\/produkt\/plantego-middelhavs-bonne-og-olivensalat\/","url":"https:\/\/mills.no\/plantego\/produkt\/plantego-middelhavs-bonne-og-olivensalat\/","name":"Plantego\u2019 Middelhavs b\u00f8nne- og olivensalat | Plantego'","isPartOf":{"@id":"https:\/\/mills.no\/#website"},"primaryImageOfPage":{"@id":"https:\/\/mills.no\/plantego\/produkt\/plantego-middelhavs-bonne-og-olivensalat\/#primaryimage"},"image":{"@id":"https:\/\/mills.no\/plantego\/produkt\/plantego-middelhavs-bonne-og-olivensalat\/#primaryimage"},"thumbnailUrl":"https:\/\/mills.no\/content\/uploads\/2021\/02\/Plantego-Middelhavs-salat.png","datePublished":"2021-02-01T08:56:47+00:00","dateModified":"2024-04-09T11:10:43+00:00","description":"Middelhavs b\u00f8nne- og olivensalat inneholder hele tre forskjellige b\u00f8nner: kidney, cannellini og soya - i tillegg til kikerter. En liten fest av belgvekster","breadcrumb":{"@id":"https:\/\/mills.no\/plantego\/produkt\/plantego-middelhavs-bonne-og-olivensalat\/#breadcrumb"},"inLanguage":"nb-NO","potentialAction":[{"@type":"ReadAction","target":["https:\/\/mills.no\/plantego\/produkt\/plantego-middelhavs-bonne-og-olivensalat\/"]}]},{"@type":"ImageObject","inLanguage":"nb-NO","@id":"https:\/\/mills.no\/plantego\/produkt\/plantego-middelhavs-bonne-og-olivensalat\/#primaryimage","url":"https:\/\/mills.no\/content\/uploads\/2021\/02\/Plantego-Middelhavs-salat.png","contentUrl":"https:\/\/mills.no\/content\/uploads\/2021\/02\/Plantego-Middelhavs-salat.png","width":600,"height":600,"caption":"Plantego' Middelhavssalat"},{"@type":"BreadcrumbList","@id":"https:\/\/mills.no\/plantego\/produkt\/plantego-middelhavs-bonne-og-olivensalat\/#breadcrumb","itemListElement":[{"@type":"ListItem","position":1,"name":"Hjem","item":"https:\/\/mills.no\/"},{"@type":"ListItem","position":2,"name":"Produkter","item":"https:\/\/mills.no\/produkter\/"},{"@type":"ListItem","position":3,"name":"Plantego\u2019 Middelhavssalat"}]},{"@type":"WebSite","@id":"https:\/\/mills.no\/#website","url":"https:\/\/mills.no\/","name":"Mills AS","description":"","publisher":{"@id":"https:\/\/mills.no\/#organization"},"potentialAction":[{"@type":"SearchAction","target":{"@type":"EntryPoint","urlTemplate":"https:\/\/mills.no\/?s={search_term_string}"},"query-input":{"@type":"PropertyValueSpecification","valueRequired":true,"valueName":"search_term_string"}}],"inLanguage":"nb-NO"},{"@type":"Organization","@id":"https:\/\/mills.no\/#organization","name":"Mills AS","url":"https:\/\/mills.no\/","logo":{"@type":"ImageObject","inLanguage":"nb-NO","@id":"https:\/\/mills.no\/#\/schema\/logo\/image\/","url":"https:\/\/mills.no\/content\/uploads\/2022\/02\/logo-mills-fill.svg","contentUrl":"https:\/\/mills.no\/content\/uploads\/2022\/02\/logo-mills-fill.svg","width":1,"height":1,"caption":"Mills AS"},"image":{"@id":"https:\/\/mills.no\/#\/schema\/logo\/image\/"},"sameAs":["https:\/\/www.facebook.com\/mills","https:\/\/www.instagram.com\/mills_as\/"]}]}},"_links":{"self":[{"href":"https:\/\/mills.no\/wp-json\/wp\/v2\/product\/32931","targetHints":{"allow":["GET"]}}],"collection":[{"href":"https:\/\/mills.no\/wp-json\/wp\/v2\/product"}],"about":[{"href":"https:\/\/mills.no\/wp-json\/wp\/v2\/types\/product"}],"version-history":[{"count":5,"href":"https:\/\/mills.no\/wp-json\/wp\/v2\/product\/32931\/revisions"}],"predecessor-version":[{"id":42379,"href":"https:\/\/mills.no\/wp-json\/wp\/v2\/product\/32931\/revisions\/42379"}],"wp:featuredmedia":[{"embeddable":true,"href":"https:\/\/mills.no\/wp-json\/wp\/v2\/media\/42376"}],"wp:attachment":[{"href":"https:\/\/mills.no\/wp-json\/wp\/v2\/media?parent=32931"}],"wp:term":[{"taxonomy":"brand","embeddable":true,"href":"https:\/\/mills.no\/wp-json\/wp\/v2\/brand?post=32931"},{"taxonomy":"allergen","embeddable":true,"href":"https:\/\/mills.no\/wp-json\/wp\/v2\/allergen?post=32931"},{"taxonomy":"product_category","embeddable":true,"href":"https:\/\/mills.no\/wp-json\/wp\/v2\/product_category?post=32931"},{"taxonomy":"product_label","embeddable":true,"href":"https:\/\/mills.no\/wp-json\/wp\/v2\/product_label?post=32931"}],"curies":[{"name":"wp","href":"https:\/\/api.w.org\/{rel}","templated":true}]}}