{"id":32951,"date":"2019-09-06T13:33:33","date_gmt":"2019-09-06T11:33:33","guid":{"rendered":"https:\/\/mills.no\/produkt\/plantego-avokado-kikerter\/"},"modified":"2024-04-09T13:22:36","modified_gmt":"2024-04-09T11:22:36","slug":"plantego-avokado-kikerter","status":"publish","type":"product","link":"https:\/\/mills.no\/plantego\/produkt\/plantego-avokado-kikerter\/","title":{"rendered":"Plantego&#8217; Avokado"},"content":{"rendered":"<div class=\"mills-block-featured alignwide alignwide wp-block-mills-block-featured\"><div class=\"wp-block-cover__inner-container\">\n<h1 class=\"has-text-align-center wp-block-post-title has-text-color has-neutral-1000-color\">Plantego&#8217; Avokado<\/h1>\n\n<p class=\"t2-ingress has-text-align-center align wp-block-t2-ingress\">Plantego&#8217; Avokado er en del av en serie helt nye, plantebaserte gr\u00f8nnsaksp\u00e5legg. Denne varianten er laget med avokado og kikerter, og inneholder hele 89 % gr\u00f8nnsaker. Kjempegod p\u00e5 br\u00f8dskiva eller p\u00e5 knekkebr\u00f8d, men kan ogs\u00e5 brukes som dipp eller i en wrap. Det m\u00e5 oppbevares kj\u00f8lt, og finnes i kj\u00f8ledisken i butikk. En god nyhet for alle som vil bli litt mer Plantego\u2019 \u2013 mot seg selv og milj\u00f8et!  <\/p>\n<\/div><\/div>\n\n\n\t\t<div class=\"has-background has-neutral-0-background-color is-style-vertical-spacing is-style-horizontal-spacing alignwide wp-block-mills-section has-background has-neutral-0-background-color\">\n\t\t\t<div class=\"wp-block-mills-section__inner aligncenter\">\n\t\t\t\t\n\n<figure class=\"wp-block-image aligncenter size-full\"><img decoding=\"async\" src=\"https:\/\/mills.no\/content\/uploads\/2019\/09\/Plantego-Avokado.png\" alt=\"Plantego' Avokado\" class=\"wp-image-42396\"\/><\/figure>\n\n\n\t\t\t<\/div>\n\t\t<\/div>\n\n","protected":false},"excerpt":{"rendered":"<p>Plantego&#8217; Avokado &#038; Kikerter er en del av en serie helt nye, plantebaserte gr\u00f8nnsaksp\u00e5legg. Denne varianten er laget med avokado&hellip;<\/p>\n","protected":false},"featured_media":0,"menu_order":0,"template":"","meta":{"_searchwp_excluded":"","hide_post_title":false,"mills_central_gtin":"","footnotes":""},"brand":[],"allergen":[],"product_category":[],"product_label":[],"class_list":["post-32951","product","type-product","status-publish","hentry"],"yoast_head":"<!-- This site is optimized with the Yoast SEO Premium plugin v26.9 (Yoast SEO v26.9) - https:\/\/yoast.com\/product\/yoast-seo-premium-wordpress\/ -->\n<title>Plantego&#039; Avokado - Plantego&#039;<\/title>\n<meta name=\"robots\" content=\"index, follow, max-snippet:-1, max-image-preview:large, max-video-preview:-1\" \/>\n<link rel=\"canonical\" href=\"https:\/\/mills.no\/plantego\/produkt\/plantego-avokado-kikerter\/\" \/>\n<meta property=\"og:locale\" content=\"nb_NO\" \/>\n<meta property=\"og:type\" content=\"article\" \/>\n<meta property=\"og:title\" content=\"Plantego&#039; Avokado\" \/>\n<meta property=\"og:description\" content=\"Plantego&#039; Avokado &amp; Kikerter er en del av en serie helt nye, plantebaserte gr\u00f8nnsaksp\u00e5legg. Denne varianten er laget med avokado&hellip;\" \/>\n<meta property=\"og:url\" content=\"https:\/\/mills.no\/plantego\/produkt\/plantego-avokado-kikerter\/\" \/>\n<meta property=\"og:site_name\" content=\"Plantego&#039;\" \/>\n<meta property=\"article:modified_time\" content=\"2024-04-09T11:22:36+00:00\" \/>\n<meta property=\"og:image\" content=\"https:\/\/mills.no\/content\/uploads\/2019\/09\/Plantego-Avokado.png\" \/>\n<meta name=\"twitter:card\" content=\"summary_large_image\" \/>\n<script type=\"application\/ld+json\" class=\"yoast-schema-graph\">{\"@context\":\"https:\/\/schema.org\",\"@graph\":[{\"@type\":\"WebPage\",\"@id\":\"https:\/\/mills.no\/plantego\/produkt\/plantego-avokado-kikerter\/\",\"url\":\"https:\/\/mills.no\/plantego\/produkt\/plantego-avokado-kikerter\/\",\"name\":\"Plantego' Avokado - Plantego&#039;\",\"isPartOf\":{\"@id\":\"https:\/\/mills.no\/plantego\/#website\"},\"primaryImageOfPage\":{\"@id\":\"https:\/\/mills.no\/plantego\/produkt\/plantego-avokado-kikerter\/#primaryimage\"},\"image\":{\"@id\":\"https:\/\/mills.no\/plantego\/produkt\/plantego-avokado-kikerter\/#primaryimage\"},\"thumbnailUrl\":\"https:\/\/mills.no\/content\/uploads\/2019\/09\/Plantego-Avokado.png\",\"datePublished\":\"2019-09-06T11:33:33+00:00\",\"dateModified\":\"2024-04-09T11:22:36+00:00\",\"breadcrumb\":{\"@id\":\"https:\/\/mills.no\/plantego\/produkt\/plantego-avokado-kikerter\/#breadcrumb\"},\"inLanguage\":\"nb-NO\",\"potentialAction\":[{\"@type\":\"ReadAction\",\"target\":[\"https:\/\/mills.no\/plantego\/produkt\/plantego-avokado-kikerter\/\"]}]},{\"@type\":\"ImageObject\",\"inLanguage\":\"nb-NO\",\"@id\":\"https:\/\/mills.no\/plantego\/produkt\/plantego-avokado-kikerter\/#primaryimage\",\"url\":\"https:\/\/mills.no\/content\/uploads\/2019\/09\/Plantego-Avokado.png\",\"contentUrl\":\"https:\/\/mills.no\/content\/uploads\/2019\/09\/Plantego-Avokado.png\"},{\"@type\":\"BreadcrumbList\",\"@id\":\"https:\/\/mills.no\/plantego\/produkt\/plantego-avokado-kikerter\/#breadcrumb\",\"itemListElement\":[{\"@type\":\"ListItem\",\"position\":1,\"name\":\"Home\",\"item\":\"https:\/\/mills.no\/plantego\/\"},{\"@type\":\"ListItem\",\"position\":2,\"name\":\"Produkter\",\"item\":\"https:\/\/mills.no\/plantego\/produkter\/\"},{\"@type\":\"ListItem\",\"position\":3,\"name\":\"Plantego&#8217; Avokado\"}]},{\"@type\":\"WebSite\",\"@id\":\"https:\/\/mills.no\/plantego\/#website\",\"url\":\"https:\/\/mills.no\/plantego\/\",\"name\":\"Plantego&#039;\",\"description\":\"100% plantebasert. Bra for planeten og bra for deg.\",\"publisher\":{\"@id\":\"https:\/\/mills.no\/plantego\/#organization\"},\"potentialAction\":[{\"@type\":\"SearchAction\",\"target\":{\"@type\":\"EntryPoint\",\"urlTemplate\":\"https:\/\/mills.no\/plantego\/?s={search_term_string}\"},\"query-input\":{\"@type\":\"PropertyValueSpecification\",\"valueRequired\":true,\"valueName\":\"search_term_string\"}}],\"inLanguage\":\"nb-NO\"},{\"@type\":\"Organization\",\"@id\":\"https:\/\/mills.no\/plantego\/#organization\",\"name\":\"Plantego&#039;\",\"url\":\"https:\/\/mills.no\/plantego\/\",\"logo\":{\"@type\":\"ImageObject\",\"inLanguage\":\"nb-NO\",\"@id\":\"https:\/\/mills.no\/plantego\/#\/schema\/logo\/image\/\",\"url\":\"https:\/\/mills.no\/content\/uploads\/sites\/8\/2024\/04\/Plantego-logo-nettside.svg\",\"contentUrl\":\"https:\/\/mills.no\/content\/uploads\/sites\/8\/2024\/04\/Plantego-logo-nettside.svg\",\"caption\":\"Plantego&#039;\"},\"image\":{\"@id\":\"https:\/\/mills.no\/plantego\/#\/schema\/logo\/image\/\"}}]}<\/script>\n<!-- \/ Yoast SEO Premium plugin. -->","yoast_head_json":{"title":"Plantego' Avokado - Plantego&#039;","robots":{"index":"index","follow":"follow","max-snippet":"max-snippet:-1","max-image-preview":"max-image-preview:large","max-video-preview":"max-video-preview:-1"},"canonical":"https:\/\/mills.no\/plantego\/produkt\/plantego-avokado-kikerter\/","og_locale":"nb_NO","og_type":"article","og_title":"Plantego' Avokado","og_description":"Plantego' Avokado & Kikerter er en del av en serie helt nye, plantebaserte gr\u00f8nnsaksp\u00e5legg. Denne varianten er laget med avokado&hellip;","og_url":"https:\/\/mills.no\/plantego\/produkt\/plantego-avokado-kikerter\/","og_site_name":"Plantego&#039;","article_modified_time":"2024-04-09T11:22:36+00:00","og_image":[{"url":"https:\/\/mills.no\/content\/uploads\/2019\/09\/Plantego-Avokado.png","type":"","width":"","height":""}],"twitter_card":"summary_large_image","schema":{"@context":"https:\/\/schema.org","@graph":[{"@type":"WebPage","@id":"https:\/\/mills.no\/plantego\/produkt\/plantego-avokado-kikerter\/","url":"https:\/\/mills.no\/plantego\/produkt\/plantego-avokado-kikerter\/","name":"Plantego' Avokado - Plantego&#039;","isPartOf":{"@id":"https:\/\/mills.no\/plantego\/#website"},"primaryImageOfPage":{"@id":"https:\/\/mills.no\/plantego\/produkt\/plantego-avokado-kikerter\/#primaryimage"},"image":{"@id":"https:\/\/mills.no\/plantego\/produkt\/plantego-avokado-kikerter\/#primaryimage"},"thumbnailUrl":"https:\/\/mills.no\/content\/uploads\/2019\/09\/Plantego-Avokado.png","datePublished":"2019-09-06T11:33:33+00:00","dateModified":"2024-04-09T11:22:36+00:00","breadcrumb":{"@id":"https:\/\/mills.no\/plantego\/produkt\/plantego-avokado-kikerter\/#breadcrumb"},"inLanguage":"nb-NO","potentialAction":[{"@type":"ReadAction","target":["https:\/\/mills.no\/plantego\/produkt\/plantego-avokado-kikerter\/"]}]},{"@type":"ImageObject","inLanguage":"nb-NO","@id":"https:\/\/mills.no\/plantego\/produkt\/plantego-avokado-kikerter\/#primaryimage","url":"https:\/\/mills.no\/content\/uploads\/2019\/09\/Plantego-Avokado.png","contentUrl":"https:\/\/mills.no\/content\/uploads\/2019\/09\/Plantego-Avokado.png"},{"@type":"BreadcrumbList","@id":"https:\/\/mills.no\/plantego\/produkt\/plantego-avokado-kikerter\/#breadcrumb","itemListElement":[{"@type":"ListItem","position":1,"name":"Home","item":"https:\/\/mills.no\/plantego\/"},{"@type":"ListItem","position":2,"name":"Produkter","item":"https:\/\/mills.no\/plantego\/produkter\/"},{"@type":"ListItem","position":3,"name":"Plantego&#8217; Avokado"}]},{"@type":"WebSite","@id":"https:\/\/mills.no\/plantego\/#website","url":"https:\/\/mills.no\/plantego\/","name":"Plantego&#039;","description":"100% plantebasert. Bra for planeten og bra for deg.","publisher":{"@id":"https:\/\/mills.no\/plantego\/#organization"},"potentialAction":[{"@type":"SearchAction","target":{"@type":"EntryPoint","urlTemplate":"https:\/\/mills.no\/plantego\/?s={search_term_string}"},"query-input":{"@type":"PropertyValueSpecification","valueRequired":true,"valueName":"search_term_string"}}],"inLanguage":"nb-NO"},{"@type":"Organization","@id":"https:\/\/mills.no\/plantego\/#organization","name":"Plantego&#039;","url":"https:\/\/mills.no\/plantego\/","logo":{"@type":"ImageObject","inLanguage":"nb-NO","@id":"https:\/\/mills.no\/plantego\/#\/schema\/logo\/image\/","url":"https:\/\/mills.no\/content\/uploads\/sites\/8\/2024\/04\/Plantego-logo-nettside.svg","contentUrl":"https:\/\/mills.no\/content\/uploads\/sites\/8\/2024\/04\/Plantego-logo-nettside.svg","caption":"Plantego&#039;"},"image":{"@id":"https:\/\/mills.no\/plantego\/#\/schema\/logo\/image\/"}}]}},"_links":{"self":[{"href":"https:\/\/mills.no\/plantego\/wp-json\/wp\/v2\/product\/32951","targetHints":{"allow":["GET"]}}],"collection":[{"href":"https:\/\/mills.no\/plantego\/wp-json\/wp\/v2\/product"}],"about":[{"href":"https:\/\/mills.no\/plantego\/wp-json\/wp\/v2\/types\/product"}],"version-history":[{"count":0,"href":"https:\/\/mills.no\/plantego\/wp-json\/wp\/v2\/product\/32951\/revisions"}],"wp:attachment":[{"href":"https:\/\/mills.no\/plantego\/wp-json\/wp\/v2\/media?parent=32951"}],"wp:term":[{"taxonomy":"brand","embeddable":true,"href":"https:\/\/mills.no\/plantego\/wp-json\/wp\/v2\/brand?post=32951"},{"taxonomy":"allergen","embeddable":true,"href":"https:\/\/mills.no\/plantego\/wp-json\/wp\/v2\/allergen?post=32951"},{"taxonomy":"product_category","embeddable":true,"href":"https:\/\/mills.no\/plantego\/wp-json\/wp\/v2\/product_category?post=32951"},{"taxonomy":"product_label","embeddable":true,"href":"https:\/\/mills.no\/plantego\/wp-json\/wp\/v2\/product_label?post=32951"}],"curies":[{"name":"wp","href":"https:\/\/api.w.org\/{rel}","templated":true}]}}