{"id":33013,"date":"2016-01-21T08:50:52","date_gmt":"2016-01-21T07:50:52","guid":{"rendered":"https:\/\/mills.no\/produkt\/soft-flora-lett\/"},"modified":"2024-12-17T12:31:53","modified_gmt":"2024-12-17T11:31:53","slug":"soft-flora-lett","status":"publish","type":"product","link":"https:\/\/mills.no\/soft-flora\/produkt\/soft-flora-lett\/","title":{"rendered":"Soft Flora Lett"},"content":{"rendered":"<div class=\"mills-block-featured alignwide alignwide wp-block-mills-block-featured\"><div class=\"wp-block-cover__inner-container\">\n<h1 class=\"has-text-align-center wp-block-post-title has-text-color has-neutral-1000-color\">Soft Flora Lett<\/h1>\n\n<p class=\"t2-ingress has-text-align-center align wp-block-t2-ingress\">Soft Flora Lett har et redusert fettinnhold og er et bra alternativ for deg som \u00f8nsker \u00e5 redusere fettinntaket. Soft Flora Lett er n\u00f8kkelhullsmerket fordi den tilfredsstiller kravene til fettinnhold, saltinnhold og andelen mettet fett.\n<\/p>\n<\/div><\/div>\n\n\n\t\t<div class=\"has-background has-neutral-0-background-color is-style-vertical-spacing is-style-horizontal-spacing alignwide wp-block-mills-section has-background has-neutral-0-background-color\">\n\t\t\t<div class=\"wp-block-mills-section__inner aligncenter\">\n\t\t\t\t\n\n<figure class=\"wp-block-image aligncenter size-large\"><img decoding=\"async\" src=\"https:\/\/mills.no\/content\/uploads\/2024\/12\/7036110010175_G1N1_1200px-1024x762.png\" alt=\"Soft Flora Lett\" class=\"wp-image-42859\"\/><figcaption class=\"wp-element-caption\">Soft Flora Lett<\/figcaption><\/figure>\n\n\n\t\t\t<\/div>\n\t\t<\/div>\n\n<div class=\"mills-block-food-labeling alignwide alignwide wp-block-mills-block-food-labeling\"><div class=\"left\"><section class=\"nutrients-section\"><header class\"nutrients-header\"><h3>N\u00e6ringsinnhold<\/h3><\/header><p class=\"nutrients-info\">100 gram gir.<\/p><div class=\"nutrients-list\"><div class=\"nutrient-item heading energy ENERGY_KJ\"><span>Energi<\/span><span>1490 kJ (360 kcal)<\/span><\/div><div class=\"empty-item\"><span>&nbsp;<\/span><\/div><div class=\"nutrient-item heading fat FAT\"><span>Fett<\/span><span>40 g<\/span><\/div><div class=\"nutrient-sub\"><span>Hvorav<\/span><\/div><div class=\"nutrient-item fat FASAT\"><span>&#8211; Mettet fett<\/span><span>8 g<\/span><\/div><div class=\"nutrient-item fat FAMSCIS\"><span>&#8211; Enumettet fett<\/span><span>20 g<\/span><\/div><div class=\"nutrient-item fat FAPUCIS\"><span>&#8211; Flerumettet fett<\/span><span>9 g<\/span><\/div><div class=\"empty-item\"><span>&nbsp;<\/span><\/div><div class=\"nutrient-item heading carbs CHOAVL\"><span>Karbohydrater<\/span><span>0.5 g<\/span><\/div><div class=\"nutrient-sub\"><span>Hvorav<\/span><\/div><div class=\"nutrient-item carbs SUGAR-\"><span>&#8211; Sukkerarter<\/span><span>0.5 g<\/span><\/div><div class=\"empty-item\"><span>&nbsp;<\/span><\/div><div class=\"nutrient-item heading protein PRO-\"><span>Protein<\/span><span>0.5 g<\/span><\/div><div class=\"empty-item\"><span>&nbsp;<\/span><\/div><div class=\"nutrient-item heading salt SALTEQ\"><span>Salt<\/span><span>1 g<\/span><\/div><div class=\"empty-item\"><span>&nbsp;<\/span><\/div><div class=\"nutrient-item heading vita \"><span>Vitamin A<\/span><span>900 \u00b5g<\/span><\/div><div class=\"nutrient-item vita \"><span>Vitamin D<\/span><span>10 \u00b5g<\/span><\/div><div class=\"nutrient-item vita \"><span>Vitamin E<\/span><span>9 mg<\/span><\/div><\/div><\/section><\/div><div class=\"right\"><section class=\"ingredients-section\"><header class=\"ingredients-header\"><h3>Ingredienser<\/h3><\/header><p class=\"ingredients-list\">Vann, rapsolje (33 %), skummet melk, fullherdet kokos- og rapsolje, kokosolje, salt, stabilisator (pektin), emulgator (monoglyserider av fettsyrer, soyalecitin), naturlig aroma, konserveringsmiddel (kaliumsorbat), vitamin A, vitamin D, fargestoff (betakaroten)<\/p><p class=\"ingredients-smallprint\"><small>Produktsammensetningen kan endres. Les derfor alltid ingredienslisten p\u00e5 emballasjen p\u00e5 produktet.<\/small><\/p><\/section>\n<section class=\"allergens-section contains\"><header class=\"allergens-header\"><h3>Allergener<\/h3><\/header><div class=\"wp-block-buttons\"><div class=\"wp-block-button is-style-outline AM\"><span class=\"wp-block-button__link\">Melk<i class=\"icon-IconAllergy-milk\"><\/i><\/span><\/div><div class=\"wp-block-button is-style-outline AY\"><span class=\"wp-block-button__link\">Soyab\u00f8nner<i class=\"icon-IconAllergy-soy\"><\/i><\/span><\/div><\/div><\/section><\/div><\/div>\n\n\n\t\t<div class=\"has-background has-neutral-50-background-color is-style-vertical-spacing is-style-horizontal-spacing alignwide wp-block-mills-section has-background has-neutral-50-background-color\">\n\t\t\t<div class=\"wp-block-mills-section__inner alignwide\">\n\t\t\t\t\n\n<h2 class=\"wp-block-heading has-text-align-center aligncenter\" id=\"h-mest-populaere-brodoppskrifter\">Mest popul\u00e6re br\u00f8doppskrifter<\/h2>\n\n\n<div class=\"t2-featured-content-layout alignwide alignwide wp-block-t2-featured-content-layout\" role=\"list\">\n<div class=\"t2-featured-single-post t2-featured-content is-post-type-recipe brand-soft-flora recipe_category-bakst-og-brod recipe_category-frokost-og-lunsj recipe_topic-brodmat recipe_topic-gjaerbakst wp-block-t2-featured-single-post\" role=\"listitem\"><a class=\"t2-post-link wp-block-t2-post-link\" href=\"https:\/\/mills.no\/soft-flora\/oppskrift\/gulrotbrod\/\">\n<figure style=\"--t2-focal-point: 50% 50%;\" class=\"t2-post-featured-image has-image-ratio-16-9 wp-block-t2-post-featured-image\"><img loading=\"lazy\" decoding=\"async\" width=\"1920\" height=\"1280\" src=\"https:\/\/mills.no\/content\/uploads\/2017\/11\/Eltefritt-gulrotbrC3B8d_1920.jpg\" class=\"attachment-medium-large size-medium-large wp-post-image\" alt=\"Eltefritt gulrotbr\u00f8d\" srcset=\"https:\/\/mills.no\/content\/uploads\/2017\/11\/Eltefritt-gulrotbrC3B8d_1920.jpg 1920w, https:\/\/mills.no\/content\/uploads\/2017\/11\/Eltefritt-gulrotbrC3B8d_1920-300x200.jpg 300w, https:\/\/mills.no\/content\/uploads\/2017\/11\/Eltefritt-gulrotbrC3B8d_1920-1024x683.jpg 1024w, https:\/\/mills.no\/content\/uploads\/2017\/11\/Eltefritt-gulrotbrC3B8d_1920-768x512.jpg 768w, https:\/\/mills.no\/content\/uploads\/2017\/11\/Eltefritt-gulrotbrC3B8d_1920-1536x1024.jpg 1536w, https:\/\/mills.no\/content\/uploads\/2017\/11\/Eltefritt-gulrotbrC3B8d_1920-80x53.jpg 80w\" sizes=\"auto, (max-width: 1920px) 100vw, 1920px\" \/><\/figure>\n\n<div class=\"wp-block-group alignfull is-layout-flow wp-block-group-is-layout-flow\">\n\t<h2 class=\"t2-post-title wp-block-t2-post-title\">Eltefritt gulrotbr\u00f8d<\/h2>\n\t<div class=\"t2-post-excerpt wp-block-t2-post-excerpt\"><p>Det finnes flere grunner til \u00e5 tilsette litt revet gulrot i br\u00f8det. Gulroten gir en nydelig s\u00f8tlig smak p\u00e5 br\u00f8det,&hellip;<\/p><\/div>\n\t\n\t\t<div class=\"wp-block-mills-block-recipe-info\">\n\t\t\t<div class=\"mills-block-recipe-info-item mills-block-recipe-info-item--difficulty\">Enkel<\/div>\n\t\t\t<div class=\"mills-block-recipe-info-item mills-block-recipe-info-item--time\">1 t 50 min<\/div>\n\t\t<\/div>\n<\/div>\n\n<\/a>\n<\/div>\n\n<div class=\"t2-featured-single-post t2-featured-content is-post-type-recipe brand-soft-flora recipe_category-bakst-og-brod recipe_category-frokost-og-lunsj wp-block-t2-featured-single-post\" role=\"listitem\"><a class=\"t2-post-link wp-block-t2-post-link\" href=\"https:\/\/mills.no\/soft-flora\/oppskrift\/speltknekkebrod\/\">\n<figure style=\"--t2-focal-point: 50% 50%;\" class=\"t2-post-featured-image has-image-ratio-16-9 wp-block-t2-post-featured-image\"><img loading=\"lazy\" decoding=\"async\" width=\"1920\" height=\"1280\" src=\"https:\/\/mills.no\/content\/uploads\/2017\/07\/Lyse-speltknekkebrC3B8d_1920.jpg\" class=\"attachment-medium-large size-medium-large wp-post-image\" alt=\"Lyse speltknekkebr\u00f8d\" srcset=\"https:\/\/mills.no\/content\/uploads\/2017\/07\/Lyse-speltknekkebrC3B8d_1920.jpg 1920w, https:\/\/mills.no\/content\/uploads\/2017\/07\/Lyse-speltknekkebrC3B8d_1920-300x200.jpg 300w, https:\/\/mills.no\/content\/uploads\/2017\/07\/Lyse-speltknekkebrC3B8d_1920-1024x683.jpg 1024w, https:\/\/mills.no\/content\/uploads\/2017\/07\/Lyse-speltknekkebrC3B8d_1920-768x512.jpg 768w, https:\/\/mills.no\/content\/uploads\/2017\/07\/Lyse-speltknekkebrC3B8d_1920-1536x1024.jpg 1536w, https:\/\/mills.no\/content\/uploads\/2017\/07\/Lyse-speltknekkebrC3B8d_1920-80x53.jpg 80w\" sizes=\"auto, (max-width: 1920px) 100vw, 1920px\" \/><\/figure>\n\n<div class=\"wp-block-group alignfull is-layout-flow wp-block-group-is-layout-flow\">\n\t<h2 class=\"t2-post-title wp-block-t2-post-title\">Lyse speltknekkebr\u00f8d<\/h2>\n\t<div class=\"t2-post-excerpt wp-block-t2-post-excerpt\"><p>\u00c5 lage knekkebr\u00f8dene selv er en suveren m\u00e5te \u00e5 s\u00f8rge for at knekkebr\u00f8dene inneholder mye fiber og sunt fett. Dessverre&hellip;<\/p><\/div>\n\t\n\t\t<div class=\"wp-block-mills-block-recipe-info\">\n\t\t\t<div class=\"mills-block-recipe-info-item mills-block-recipe-info-item--difficulty\">Enkel<\/div>\n\t\t\t<div class=\"mills-block-recipe-info-item mills-block-recipe-info-item--time\">1 t 20 min<\/div>\n\t\t<\/div>\n<\/div>\n\n<\/a>\n<\/div>\n\n<div class=\"t2-featured-single-post t2-featured-content is-post-type-recipe brand-soft-flora recipe_category-bakst-og-brod recipe_topic-brodmat recipe_topic-gjaerbakst wp-block-t2-featured-single-post\" role=\"listitem\"><a class=\"t2-post-link wp-block-t2-post-link\" href=\"https:\/\/mills.no\/soft-flora\/oppskrift\/eltefritt-havrebrod\/\">\n<figure style=\"--t2-focal-point: 50% 50%;\" class=\"t2-post-featured-image has-image-ratio-16-9 wp-block-t2-post-featured-image\"><img loading=\"lazy\" decoding=\"async\" width=\"1600\" height=\"1067\" src=\"https:\/\/mills.no\/content\/uploads\/2017\/10\/HavrebrC3B8d_1920.jpg\" class=\"attachment-medium-large size-medium-large wp-post-image\" alt=\"Eltefritt havrebr\u00f8d\" srcset=\"https:\/\/mills.no\/content\/uploads\/2017\/10\/HavrebrC3B8d_1920.jpg 1600w, https:\/\/mills.no\/content\/uploads\/2017\/10\/HavrebrC3B8d_1920-300x200.jpg 300w, https:\/\/mills.no\/content\/uploads\/2017\/10\/HavrebrC3B8d_1920-1024x683.jpg 1024w, https:\/\/mills.no\/content\/uploads\/2017\/10\/HavrebrC3B8d_1920-768x512.jpg 768w, https:\/\/mills.no\/content\/uploads\/2017\/10\/HavrebrC3B8d_1920-1536x1024.jpg 1536w, https:\/\/mills.no\/content\/uploads\/2017\/10\/HavrebrC3B8d_1920-80x53.jpg 80w\" sizes=\"auto, (max-width: 1600px) 100vw, 1600px\" \/><\/figure>\n\n<div class=\"wp-block-group alignfull is-layout-flow wp-block-group-is-layout-flow\">\n\t<h2 class=\"t2-post-title wp-block-t2-post-title\">Eltefritt havrebr\u00f8d<\/h2>\n\t<div class=\"t2-post-excerpt wp-block-t2-post-excerpt\"><p>Et luftig og saftig br\u00f8d som er perfekt n\u00e5r du vil ha nystekt br\u00f8d til frokost, men ikke vil bruke&hellip;<\/p><\/div>\n\t\n\t\t<div class=\"wp-block-mills-block-recipe-info\">\n\t\t\t<div class=\"mills-block-recipe-info-item mills-block-recipe-info-item--difficulty\">Enkel<\/div>\n\t\t\t<div class=\"mills-block-recipe-info-item mills-block-recipe-info-item--time\">1 t 45 min<\/div>\n\t\t<\/div>\n<\/div>\n\n<\/a>\n<\/div>\n\n<div class=\"t2-featured-single-post t2-featured-content is-post-type-recipe brand-soft-flora recipe_category-bakst-og-brod recipe_category-frokost-og-lunsj wp-block-t2-featured-single-post\" role=\"listitem\"><a class=\"t2-post-link wp-block-t2-post-link\" href=\"https:\/\/mills.no\/soft-flora\/oppskrift\/grove-polarbrod\/\">\n<figure style=\"--t2-focal-point: 50% 50%;\" class=\"t2-post-featured-image has-image-ratio-16-9 wp-block-t2-post-featured-image\"><img loading=\"lazy\" decoding=\"async\" width=\"1920\" height=\"1280\" src=\"https:\/\/mills.no\/content\/uploads\/2017\/09\/PolarbrC3B8d_1920.jpg\" class=\"attachment-medium-large size-medium-large wp-post-image\" alt=\"Grove polarbr\u00f8d\" srcset=\"https:\/\/mills.no\/content\/uploads\/2017\/09\/PolarbrC3B8d_1920.jpg 1920w, https:\/\/mills.no\/content\/uploads\/2017\/09\/PolarbrC3B8d_1920-300x200.jpg 300w, https:\/\/mills.no\/content\/uploads\/2017\/09\/PolarbrC3B8d_1920-1024x683.jpg 1024w, https:\/\/mills.no\/content\/uploads\/2017\/09\/PolarbrC3B8d_1920-768x512.jpg 768w, https:\/\/mills.no\/content\/uploads\/2017\/09\/PolarbrC3B8d_1920-1536x1024.jpg 1536w, https:\/\/mills.no\/content\/uploads\/2017\/09\/PolarbrC3B8d_1920-80x53.jpg 80w\" sizes=\"auto, (max-width: 1920px) 100vw, 1920px\" \/><\/figure>\n\n<div class=\"wp-block-group alignfull is-layout-flow wp-block-group-is-layout-flow\">\n\t<h2 class=\"t2-post-title wp-block-t2-post-title\">Grove polarbr\u00f8d<\/h2>\n\t<div class=\"t2-post-excerpt wp-block-t2-post-excerpt\"><p>Polarbr\u00f8d har p\u00e5 noen \u00e5r blitt en klar matpakkefavoritt. Denne varianten krever hverken elting eller heving, og resultatet er luftige&hellip;<\/p><\/div>\n\t\n\t\t<div class=\"wp-block-mills-block-recipe-info\">\n\t\t\t<div class=\"mills-block-recipe-info-item mills-block-recipe-info-item--difficulty\">Enkel<\/div>\n\t\t\t<div class=\"mills-block-recipe-info-item mills-block-recipe-info-item--time\">35 min<\/div>\n\t\t<\/div>\n<\/div>\n\n<\/a>\n<\/div>\n<\/div>\n\n\t\t\t<\/div>\n\t\t<\/div>","protected":false},"excerpt":{"rendered":"<p>Soft Flora Lett har et redusert fettinnhold og er et bra alternativ for deg som \u00f8nsker \u00e5 redusere fettinntaket. Soft&hellip;<\/p>\n","protected":false},"featured_media":0,"menu_order":142,"template":"","meta":{"_searchwp_excluded":"","hide_post_title":false,"mills_central_gtin":"","footnotes":""},"brand":[],"allergen":[],"product_category":[],"product_label":[],"class_list":["post-33013","product","type-product","status-publish","hentry"],"yoast_head":"<!-- This site is optimized with the Yoast SEO Premium plugin v26.9 (Yoast SEO v26.9) - https:\/\/yoast.com\/product\/yoast-seo-premium-wordpress\/ -->\n<title>Soft Flora Lett - Soft Flora<\/title>\n<meta name=\"robots\" content=\"index, follow, max-snippet:-1, max-image-preview:large, max-video-preview:-1\" \/>\n<link rel=\"canonical\" href=\"https:\/\/mills.no\/soft-flora\/produkt\/soft-flora-lett\/\" \/>\n<meta property=\"og:locale\" content=\"nb_NO\" \/>\n<meta property=\"og:type\" content=\"article\" \/>\n<meta property=\"og:title\" content=\"Soft Flora Lett\" \/>\n<meta property=\"og:description\" content=\"Soft Flora Lett har et redusert fettinnhold og er et bra alternativ for deg som \u00f8nsker \u00e5 redusere fettinntaket. Soft&hellip;\" \/>\n<meta property=\"og:url\" content=\"https:\/\/mills.no\/soft-flora\/produkt\/soft-flora-lett\/\" \/>\n<meta property=\"og:site_name\" content=\"Soft Flora\" \/>\n<meta property=\"article:modified_time\" content=\"2024-12-17T11:31:53+00:00\" \/>\n<meta property=\"og:image\" content=\"https:\/\/mills.no\/content\/uploads\/2023\/08\/7036110010175_G1C1_2400px-1024x681.png\" \/>\n<meta name=\"twitter:card\" content=\"summary_large_image\" \/>\n<script type=\"application\/ld+json\" class=\"yoast-schema-graph\">{\"@context\":\"https:\/\/schema.org\",\"@graph\":[{\"@type\":\"WebPage\",\"@id\":\"https:\/\/mills.no\/soft-flora\/produkt\/soft-flora-lett\/\",\"url\":\"https:\/\/mills.no\/soft-flora\/produkt\/soft-flora-lett\/\",\"name\":\"Soft Flora Lett - Soft Flora\",\"isPartOf\":{\"@id\":\"https:\/\/mills.no\/soft-flora\/#website\"},\"primaryImageOfPage\":{\"@id\":\"https:\/\/mills.no\/soft-flora\/produkt\/soft-flora-lett\/#primaryimage\"},\"image\":{\"@id\":\"https:\/\/mills.no\/soft-flora\/produkt\/soft-flora-lett\/#primaryimage\"},\"thumbnailUrl\":\"https:\/\/mills.no\/content\/uploads\/2024\/12\/7036110010175_G1N1_1200px-1024x762.png\",\"datePublished\":\"2016-01-21T07:50:52+00:00\",\"dateModified\":\"2024-12-17T11:31:53+00:00\",\"breadcrumb\":{\"@id\":\"https:\/\/mills.no\/soft-flora\/produkt\/soft-flora-lett\/#breadcrumb\"},\"inLanguage\":\"nb-NO\",\"potentialAction\":[{\"@type\":\"ReadAction\",\"target\":[\"https:\/\/mills.no\/soft-flora\/produkt\/soft-flora-lett\/\"]}]},{\"@type\":\"ImageObject\",\"inLanguage\":\"nb-NO\",\"@id\":\"https:\/\/mills.no\/soft-flora\/produkt\/soft-flora-lett\/#primaryimage\",\"url\":\"https:\/\/mills.no\/content\/uploads\/2024\/12\/7036110010175_G1N1_1200px-1024x762.png\",\"contentUrl\":\"https:\/\/mills.no\/content\/uploads\/2024\/12\/7036110010175_G1N1_1200px-1024x762.png\"},{\"@type\":\"BreadcrumbList\",\"@id\":\"https:\/\/mills.no\/soft-flora\/produkt\/soft-flora-lett\/#breadcrumb\",\"itemListElement\":[{\"@type\":\"ListItem\",\"position\":1,\"name\":\"Home\",\"item\":\"https:\/\/mills.no\/soft-flora\/\"},{\"@type\":\"ListItem\",\"position\":2,\"name\":\"Produkter\",\"item\":\"https:\/\/mills.no\/soft-flora\/produkter\/\"},{\"@type\":\"ListItem\",\"position\":3,\"name\":\"Soft Flora Lett\"}]},{\"@type\":\"WebSite\",\"@id\":\"https:\/\/mills.no\/soft-flora\/#website\",\"url\":\"https:\/\/mills.no\/soft-flora\/\",\"name\":\"Soft Flora\",\"description\":\"En naturlig familiefavoritt\",\"publisher\":{\"@id\":\"https:\/\/mills.no\/soft-flora\/#organization\"},\"potentialAction\":[{\"@type\":\"SearchAction\",\"target\":{\"@type\":\"EntryPoint\",\"urlTemplate\":\"https:\/\/mills.no\/soft-flora\/?s={search_term_string}\"},\"query-input\":{\"@type\":\"PropertyValueSpecification\",\"valueRequired\":true,\"valueName\":\"search_term_string\"}}],\"inLanguage\":\"nb-NO\"},{\"@type\":\"Organization\",\"@id\":\"https:\/\/mills.no\/soft-flora\/#organization\",\"name\":\"Soft Flora\",\"url\":\"https:\/\/mills.no\/soft-flora\/\",\"logo\":{\"@type\":\"ImageObject\",\"inLanguage\":\"nb-NO\",\"@id\":\"https:\/\/mills.no\/soft-flora\/#\/schema\/logo\/image\/\",\"url\":\"https:\/\/mills.no\/content\/uploads\/sites\/6\/2023\/08\/Soft-Flora_hovedlogo_1.svg\",\"contentUrl\":\"https:\/\/mills.no\/content\/uploads\/sites\/6\/2023\/08\/Soft-Flora_hovedlogo_1.svg\",\"caption\":\"Soft Flora\"},\"image\":{\"@id\":\"https:\/\/mills.no\/soft-flora\/#\/schema\/logo\/image\/\"}}]}<\/script>\n<!-- \/ Yoast SEO Premium plugin. -->","yoast_head_json":{"title":"Soft Flora Lett - Soft Flora","robots":{"index":"index","follow":"follow","max-snippet":"max-snippet:-1","max-image-preview":"max-image-preview:large","max-video-preview":"max-video-preview:-1"},"canonical":"https:\/\/mills.no\/soft-flora\/produkt\/soft-flora-lett\/","og_locale":"nb_NO","og_type":"article","og_title":"Soft Flora Lett","og_description":"Soft Flora Lett har et redusert fettinnhold og er et bra alternativ for deg som \u00f8nsker \u00e5 redusere fettinntaket. Soft&hellip;","og_url":"https:\/\/mills.no\/soft-flora\/produkt\/soft-flora-lett\/","og_site_name":"Soft Flora","article_modified_time":"2024-12-17T11:31:53+00:00","og_image":[{"url":"https:\/\/mills.no\/content\/uploads\/2023\/08\/7036110010175_G1C1_2400px-1024x681.png","type":"","width":"","height":""}],"twitter_card":"summary_large_image","schema":{"@context":"https:\/\/schema.org","@graph":[{"@type":"WebPage","@id":"https:\/\/mills.no\/soft-flora\/produkt\/soft-flora-lett\/","url":"https:\/\/mills.no\/soft-flora\/produkt\/soft-flora-lett\/","name":"Soft Flora Lett - Soft Flora","isPartOf":{"@id":"https:\/\/mills.no\/soft-flora\/#website"},"primaryImageOfPage":{"@id":"https:\/\/mills.no\/soft-flora\/produkt\/soft-flora-lett\/#primaryimage"},"image":{"@id":"https:\/\/mills.no\/soft-flora\/produkt\/soft-flora-lett\/#primaryimage"},"thumbnailUrl":"https:\/\/mills.no\/content\/uploads\/2024\/12\/7036110010175_G1N1_1200px-1024x762.png","datePublished":"2016-01-21T07:50:52+00:00","dateModified":"2024-12-17T11:31:53+00:00","breadcrumb":{"@id":"https:\/\/mills.no\/soft-flora\/produkt\/soft-flora-lett\/#breadcrumb"},"inLanguage":"nb-NO","potentialAction":[{"@type":"ReadAction","target":["https:\/\/mills.no\/soft-flora\/produkt\/soft-flora-lett\/"]}]},{"@type":"ImageObject","inLanguage":"nb-NO","@id":"https:\/\/mills.no\/soft-flora\/produkt\/soft-flora-lett\/#primaryimage","url":"https:\/\/mills.no\/content\/uploads\/2024\/12\/7036110010175_G1N1_1200px-1024x762.png","contentUrl":"https:\/\/mills.no\/content\/uploads\/2024\/12\/7036110010175_G1N1_1200px-1024x762.png"},{"@type":"BreadcrumbList","@id":"https:\/\/mills.no\/soft-flora\/produkt\/soft-flora-lett\/#breadcrumb","itemListElement":[{"@type":"ListItem","position":1,"name":"Home","item":"https:\/\/mills.no\/soft-flora\/"},{"@type":"ListItem","position":2,"name":"Produkter","item":"https:\/\/mills.no\/soft-flora\/produkter\/"},{"@type":"ListItem","position":3,"name":"Soft Flora Lett"}]},{"@type":"WebSite","@id":"https:\/\/mills.no\/soft-flora\/#website","url":"https:\/\/mills.no\/soft-flora\/","name":"Soft Flora","description":"En naturlig familiefavoritt","publisher":{"@id":"https:\/\/mills.no\/soft-flora\/#organization"},"potentialAction":[{"@type":"SearchAction","target":{"@type":"EntryPoint","urlTemplate":"https:\/\/mills.no\/soft-flora\/?s={search_term_string}"},"query-input":{"@type":"PropertyValueSpecification","valueRequired":true,"valueName":"search_term_string"}}],"inLanguage":"nb-NO"},{"@type":"Organization","@id":"https:\/\/mills.no\/soft-flora\/#organization","name":"Soft Flora","url":"https:\/\/mills.no\/soft-flora\/","logo":{"@type":"ImageObject","inLanguage":"nb-NO","@id":"https:\/\/mills.no\/soft-flora\/#\/schema\/logo\/image\/","url":"https:\/\/mills.no\/content\/uploads\/sites\/6\/2023\/08\/Soft-Flora_hovedlogo_1.svg","contentUrl":"https:\/\/mills.no\/content\/uploads\/sites\/6\/2023\/08\/Soft-Flora_hovedlogo_1.svg","caption":"Soft Flora"},"image":{"@id":"https:\/\/mills.no\/soft-flora\/#\/schema\/logo\/image\/"}}]}},"_links":{"self":[{"href":"https:\/\/mills.no\/soft-flora\/wp-json\/wp\/v2\/product\/33013","targetHints":{"allow":["GET"]}}],"collection":[{"href":"https:\/\/mills.no\/soft-flora\/wp-json\/wp\/v2\/product"}],"about":[{"href":"https:\/\/mills.no\/soft-flora\/wp-json\/wp\/v2\/types\/product"}],"version-history":[{"count":0,"href":"https:\/\/mills.no\/soft-flora\/wp-json\/wp\/v2\/product\/33013\/revisions"}],"wp:attachment":[{"href":"https:\/\/mills.no\/soft-flora\/wp-json\/wp\/v2\/media?parent=33013"}],"wp:term":[{"taxonomy":"brand","embeddable":true,"href":"https:\/\/mills.no\/soft-flora\/wp-json\/wp\/v2\/brand?post=33013"},{"taxonomy":"allergen","embeddable":true,"href":"https:\/\/mills.no\/soft-flora\/wp-json\/wp\/v2\/allergen?post=33013"},{"taxonomy":"product_category","embeddable":true,"href":"https:\/\/mills.no\/soft-flora\/wp-json\/wp\/v2\/product_category?post=33013"},{"taxonomy":"product_label","embeddable":true,"href":"https:\/\/mills.no\/soft-flora\/wp-json\/wp\/v2\/product_label?post=33013"}],"curies":[{"name":"wp","href":"https:\/\/api.w.org\/{rel}","templated":true}]}}