{"id":33017,"date":"2016-01-21T08:50:49","date_gmt":"2016-01-21T07:50:49","guid":{"rendered":"https:\/\/mills.no\/produkt\/soft-flora-spesial\/"},"modified":"2024-12-17T12:32:24","modified_gmt":"2024-12-17T11:32:24","slug":"soft-flora-spesial","status":"publish","type":"product","link":"https:\/\/mills.no\/soft-flora\/produkt\/soft-flora-spesial\/","title":{"rendered":"Soft Flora Uten melk og soya"},"content":{"rendered":"<div class=\"mills-block-featured alignwide alignwide wp-block-mills-block-featured\"><div class=\"wp-block-cover__inner-container\">\n<h1 class=\"has-text-align-center wp-block-post-title has-text-color has-neutral-1000-color\">Soft Flora Uten melk og soya<\/h1>\n\n<p class=\"t2-ingress has-text-align-center align wp-block-t2-ingress\">Soft Flora Uten melk og soya er beregnet for deg som har intoleranse eller er allergisk mot melk og soya. <\/p>\n<\/div><\/div>\n\n\n\t\t<div class=\"has-background has-neutral-0-background-color is-style-vertical-spacing is-style-horizontal-spacing alignwide wp-block-mills-section has-background has-neutral-0-background-color\">\n\t\t\t<div class=\"wp-block-mills-section__inner aligncenter\">\n\t\t\t\t\n\n<figure class=\"wp-block-image aligncenter size-large\"><img decoding=\"async\" src=\"https:\/\/mills.no\/content\/uploads\/2024\/12\/7036110008172_G1N1_1200px-1024x762.png\" alt=\"\" class=\"wp-image-42861\"\/><figcaption class=\"wp-element-caption\">Soft Flora Spesial<\/figcaption><\/figure>\n\n\n\n<p class=\"has-text-align-center\">Soft Flora Uten melk og soya lages n\u00e5 med vegansk D-vitamin og er dermed ogs\u00e5 egnet for veganere. <\/p>\n\n\n\t\t\t<\/div>\n\t\t<\/div>\n\n\n\n\n\t\t<div class=\"has-background has-neutral-50-background-color is-style-vertical-spacing is-style-horizontal-spacing alignwide wp-block-mills-section has-background has-neutral-50-background-color\">\n\t\t\t<div class=\"wp-block-mills-section__inner alignwide\">\n\t\t\t\t\n\n<h2 class=\"wp-block-heading has-text-align-center aligncenter\" id=\"h-melkefrie-oppskrifter\">Melkefrie oppskrifter<\/h2>\n\n\n<div class=\"t2-featured-content-layout alignwide alignwide wp-block-t2-featured-content-layout\" role=\"list\">\n<div class=\"t2-featured-single-post t2-featured-content is-post-type-recipe brand-soft-flora recipe_category-allergivennlig recipe_category-frokost-og-lunsj recipe_category-jul wp-block-t2-featured-single-post\" role=\"listitem\"><a class=\"t2-post-link wp-block-t2-post-link\" href=\"https:\/\/mills.no\/soft-flora\/oppskrift\/melkefri-mandelgrot\/\">\n<figure style=\"--t2-focal-point: 50% 50%;\" class=\"t2-post-featured-image has-image-ratio-16-9 wp-block-t2-post-featured-image\"><img loading=\"lazy\" decoding=\"async\" width=\"1920\" height=\"930\" src=\"https:\/\/mills.no\/content\/uploads\/2016\/12\/mandelgrC3B8t_1920.jpg\" class=\"attachment-medium-large size-medium-large wp-post-image\" alt=\"Mandelgr\u00f8t med bl\u00e5b\u00e6r\" srcset=\"https:\/\/mills.no\/content\/uploads\/2016\/12\/mandelgrC3B8t_1920.jpg 1920w, https:\/\/mills.no\/content\/uploads\/2016\/12\/mandelgrC3B8t_1920-300x145.jpg 300w, https:\/\/mills.no\/content\/uploads\/2016\/12\/mandelgrC3B8t_1920-1024x496.jpg 1024w, https:\/\/mills.no\/content\/uploads\/2016\/12\/mandelgrC3B8t_1920-768x372.jpg 768w, https:\/\/mills.no\/content\/uploads\/2016\/12\/mandelgrC3B8t_1920-1536x744.jpg 1536w, https:\/\/mills.no\/content\/uploads\/2016\/12\/mandelgrC3B8t_1920-80x39.jpg 80w\" sizes=\"auto, (max-width: 1920px) 100vw, 1920px\" \/><\/figure>\n\n<div class=\"wp-block-group alignfull is-layout-flow wp-block-group-is-layout-flow\">\n\t<h2 class=\"t2-post-title wp-block-t2-post-title\">Melkefri mandelgr\u00f8t<\/h2>\n\t<div class=\"t2-post-excerpt wp-block-t2-post-excerpt\"><p>Gr\u00f8t kokt p\u00e5 mandelmel og mandelmelk smaker nydelig og metter godt. Mandlegr\u00f8t er enkelt \u00e5 lage og kan spises p\u00e5&hellip;<\/p><\/div>\n\t\n\t\t<div class=\"wp-block-mills-block-recipe-info\">\n\t\t\t<div class=\"mills-block-recipe-info-item mills-block-recipe-info-item--difficulty\">Enkel<\/div>\n\t\t\t<div class=\"mills-block-recipe-info-item mills-block-recipe-info-item--time\">10 min<\/div>\n\t\t<\/div>\n<\/div>\n\n<\/a>\n<\/div>\n\n<div class=\"t2-featured-single-post t2-featured-content is-post-type-recipe brand-soft-flora recipe_category-allergivennlig recipe_category-frokost-og-lunsj wp-block-t2-featured-single-post\" role=\"listitem\"><a class=\"t2-post-link wp-block-t2-post-link\" href=\"https:\/\/mills.no\/soft-flora\/oppskrift\/melkefrie-frokostlapper\/\">\n<figure style=\"--t2-focal-point: 50% 50%;\" class=\"t2-post-featured-image has-image-ratio-16-9 wp-block-t2-post-featured-image\"><img loading=\"lazy\" decoding=\"async\" width=\"1920\" height=\"930\" src=\"https:\/\/mills.no\/content\/uploads\/2016\/09\/melkefrielapper_1920.jpg\" class=\"attachment-medium-large size-medium-large wp-post-image\" alt=\"Melkefrie frokostlapper\" srcset=\"https:\/\/mills.no\/content\/uploads\/2016\/09\/melkefrielapper_1920.jpg 1920w, https:\/\/mills.no\/content\/uploads\/2016\/09\/melkefrielapper_1920-300x145.jpg 300w, https:\/\/mills.no\/content\/uploads\/2016\/09\/melkefrielapper_1920-1024x496.jpg 1024w, https:\/\/mills.no\/content\/uploads\/2016\/09\/melkefrielapper_1920-768x372.jpg 768w, https:\/\/mills.no\/content\/uploads\/2016\/09\/melkefrielapper_1920-1536x744.jpg 1536w, https:\/\/mills.no\/content\/uploads\/2016\/09\/melkefrielapper_1920-80x39.jpg 80w\" sizes=\"auto, (max-width: 1920px) 100vw, 1920px\" \/><\/figure>\n\n<div class=\"wp-block-group alignfull is-layout-flow wp-block-group-is-layout-flow\">\n\t<h2 class=\"t2-post-title wp-block-t2-post-title\">Melkefrie frokostlapper med p\u00e6re og ingef\u00e6r<\/h2>\n\t<div class=\"t2-post-excerpt wp-block-t2-post-excerpt\"><p>Disse herlige lappene smaker s\u00f8tt og friskt av p\u00e6re og ingef\u00e6r, og passer perfekt n\u00e5r du har litt ekstra tid&hellip;<\/p><\/div>\n\t\n\t\t<div class=\"wp-block-mills-block-recipe-info\">\n\t\t\t<div class=\"mills-block-recipe-info-item mills-block-recipe-info-item--difficulty\">Enkel<\/div>\n\t\t\t<div class=\"mills-block-recipe-info-item mills-block-recipe-info-item--time\">1 t<\/div>\n\t\t<\/div>\n<\/div>\n\n<\/a>\n<\/div>\n\n<div class=\"t2-featured-single-post t2-featured-content is-post-type-recipe brand-soft-flora recipe_category-allergivennlig recipe_category-bakst-og-brod recipe_topic-bakst recipe_topic-bursdag recipe_topic-gjaerbakst wp-block-t2-featured-single-post\" role=\"listitem\"><a class=\"t2-post-link wp-block-t2-post-link\" href=\"https:\/\/mills.no\/soft-flora\/oppskrift\/eltefrie-boller-uten-melk\/\">\n<figure style=\"--t2-focal-point: 50% 50%;\" class=\"t2-post-featured-image has-image-ratio-16-9 wp-block-t2-post-featured-image\"><img loading=\"lazy\" decoding=\"async\" width=\"1920\" height=\"1280\" src=\"https:\/\/mills.no\/content\/uploads\/2018\/02\/eltefrie-boller_1920.jpg\" class=\"attachment-medium-large size-medium-large wp-post-image\" alt=\"eltefrie boller uten melk\" srcset=\"https:\/\/mills.no\/content\/uploads\/2018\/02\/eltefrie-boller_1920.jpg 1920w, https:\/\/mills.no\/content\/uploads\/2018\/02\/eltefrie-boller_1920-300x200.jpg 300w, https:\/\/mills.no\/content\/uploads\/2018\/02\/eltefrie-boller_1920-1024x683.jpg 1024w, https:\/\/mills.no\/content\/uploads\/2018\/02\/eltefrie-boller_1920-768x512.jpg 768w, https:\/\/mills.no\/content\/uploads\/2018\/02\/eltefrie-boller_1920-1536x1024.jpg 1536w, https:\/\/mills.no\/content\/uploads\/2018\/02\/eltefrie-boller_1920-80x53.jpg 80w\" sizes=\"auto, (max-width: 1920px) 100vw, 1920px\" \/><\/figure>\n\n<div class=\"wp-block-group alignfull is-layout-flow wp-block-group-is-layout-flow\">\n\t<h2 class=\"t2-post-title wp-block-t2-post-title\">Eltefrie boller uten melk<\/h2>\n\t<div class=\"t2-post-excerpt wp-block-t2-post-excerpt\"><p>Det er to grunner til at eltefrie deiger er fantastiske. De gj\u00f8r det enkelt for deg som ikke har kj\u00f8kkenmaskin&hellip;<\/p><\/div>\n\t\n\t\t<div class=\"wp-block-mills-block-recipe-info\">\n\t\t\t<div class=\"mills-block-recipe-info-item mills-block-recipe-info-item--difficulty\">Enkel<\/div>\n\t\t\t<div class=\"mills-block-recipe-info-item mills-block-recipe-info-item--time\">3 t 30 min<\/div>\n\t\t<\/div>\n<\/div>\n\n<\/a>\n<\/div>\n\n<div class=\"t2-featured-single-post t2-featured-content is-post-type-recipe brand-soft-flora recipe_category-allergivennlig recipe_category-frokost-og-lunsj recipe_category-kaker-kos wp-block-t2-featured-single-post\" role=\"listitem\"><a class=\"t2-post-link wp-block-t2-post-link\" href=\"https:\/\/mills.no\/soft-flora\/oppskrift\/grove-glutenfrie-vafler\/\">\n<figure style=\"--t2-focal-point: 50% 50%;\" class=\"t2-post-featured-image has-image-ratio-16-9 wp-block-t2-post-featured-image\"><img loading=\"lazy\" decoding=\"async\" width=\"1600\" height=\"1067\" src=\"https:\/\/mills.no\/content\/uploads\/2017\/12\/Grove-glutenfrie-vafler-uten-melk-3_1920.jpg\" class=\"attachment-medium-large size-medium-large wp-post-image\" alt=\"grove glutenfrie vafler\" srcset=\"https:\/\/mills.no\/content\/uploads\/2017\/12\/Grove-glutenfrie-vafler-uten-melk-3_1920.jpg 1600w, https:\/\/mills.no\/content\/uploads\/2017\/12\/Grove-glutenfrie-vafler-uten-melk-3_1920-300x200.jpg 300w, https:\/\/mills.no\/content\/uploads\/2017\/12\/Grove-glutenfrie-vafler-uten-melk-3_1920-1024x683.jpg 1024w, https:\/\/mills.no\/content\/uploads\/2017\/12\/Grove-glutenfrie-vafler-uten-melk-3_1920-768x512.jpg 768w, https:\/\/mills.no\/content\/uploads\/2017\/12\/Grove-glutenfrie-vafler-uten-melk-3_1920-1536x1024.jpg 1536w, https:\/\/mills.no\/content\/uploads\/2017\/12\/Grove-glutenfrie-vafler-uten-melk-3_1920-80x53.jpg 80w\" sizes=\"auto, (max-width: 1600px) 100vw, 1600px\" \/><\/figure>\n\n<div class=\"wp-block-group alignfull is-layout-flow wp-block-group-is-layout-flow\">\n\t<h2 class=\"t2-post-title wp-block-t2-post-title\">Grove, glutenfrie vafler uten melk<\/h2>\n\t<div class=\"t2-post-excerpt wp-block-t2-post-excerpt\"><p>Disse nydelige vaflene smaker fantastisk og er helt frie for b\u00e5de melk og gluten. Perfekt n\u00e5r det er allergier \u00e5&hellip;<\/p><\/div>\n\t\n\t\t<div class=\"wp-block-mills-block-recipe-info\">\n\t\t\t<div class=\"mills-block-recipe-info-item mills-block-recipe-info-item--difficulty\">Enkel<\/div>\n\t\t\t<div class=\"mills-block-recipe-info-item mills-block-recipe-info-item--time\">40 min<\/div>\n\t\t<\/div>\n<\/div>\n\n<\/a>\n<\/div>\n\n<div class=\"t2-featured-single-post t2-featured-content is-post-type-recipe brand-soft-flora recipe_category-frokost-og-lunsj recipe_category-kaker-kos wp-block-t2-featured-single-post\" role=\"listitem\"><a class=\"t2-post-link wp-block-t2-post-link\" href=\"https:\/\/mills.no\/soft-flora\/oppskrift\/lapper-uten-melk\/\">\n<figure style=\"--t2-focal-point: 50% 50%;\" class=\"t2-post-featured-image has-image-ratio-16-9 wp-block-t2-post-featured-image\"><img loading=\"lazy\" decoding=\"async\" width=\"1920\" height=\"1280\" src=\"https:\/\/mills.no\/content\/uploads\/2017\/02\/lapper-uten-melk_1920-focalcropped.jpg\" class=\"attachment-medium-large size-medium-large wp-post-image\" alt=\"Lapper uten melk - med eplesaus\" srcset=\"https:\/\/mills.no\/content\/uploads\/2017\/02\/lapper-uten-melk_1920-focalcropped.jpg 1920w, https:\/\/mills.no\/content\/uploads\/2017\/02\/lapper-uten-melk_1920-focalcropped-300x200.jpg 300w, https:\/\/mills.no\/content\/uploads\/2017\/02\/lapper-uten-melk_1920-focalcropped-1024x683.jpg 1024w, https:\/\/mills.no\/content\/uploads\/2017\/02\/lapper-uten-melk_1920-focalcropped-768x512.jpg 768w, https:\/\/mills.no\/content\/uploads\/2017\/02\/lapper-uten-melk_1920-focalcropped-1536x1024.jpg 1536w, https:\/\/mills.no\/content\/uploads\/2017\/02\/lapper-uten-melk_1920-focalcropped-80x53.jpg 80w\" sizes=\"auto, (max-width: 1920px) 100vw, 1920px\" \/><\/figure>\n\n<div class=\"wp-block-group alignfull is-layout-flow wp-block-group-is-layout-flow\">\n\t<h2 class=\"t2-post-title wp-block-t2-post-title\">Lapper uten melk<\/h2>\n\t<div class=\"t2-post-excerpt wp-block-t2-post-excerpt\"><p>Det g\u00e5r fint an \u00e5 lage lapper uten melk. I denne oppskriften har vi brukt havremelk og Soft Flora spesial,&hellip;<\/p><\/div>\n\t\n\t\t<div class=\"wp-block-mills-block-recipe-info\">\n\t\t\t<div class=\"mills-block-recipe-info-item mills-block-recipe-info-item--difficulty\">Enkel<\/div>\n\t\t\t<div class=\"mills-block-recipe-info-item mills-block-recipe-info-item--time\">30 min<\/div>\n\t\t<\/div>\n<\/div>\n\n<\/a>\n<\/div>\n\n<div class=\"t2-featured-single-post t2-featured-content is-post-type-recipe brand-soft-flora recipe_category-frokost-og-lunsj recipe_category-kaker-kos wp-block-t2-featured-single-post\" role=\"listitem\"><a class=\"t2-post-link wp-block-t2-post-link\" href=\"https:\/\/mills.no\/soft-flora\/oppskrift\/bananbrod\/\">\n<figure style=\"--t2-focal-point: 50% 50%;\" class=\"t2-post-featured-image has-image-ratio-16-9 wp-block-t2-post-featured-image\"><img loading=\"lazy\" decoding=\"async\" width=\"1920\" height=\"1280\" src=\"https:\/\/mills.no\/content\/uploads\/2017\/02\/bananbrC3B8d_nytt_1920.jpg\" class=\"attachment-medium-large size-medium-large wp-post-image\" alt=\"Bananbr\u00f8d\" srcset=\"https:\/\/mills.no\/content\/uploads\/2017\/02\/bananbrC3B8d_nytt_1920.jpg 1920w, https:\/\/mills.no\/content\/uploads\/2017\/02\/bananbrC3B8d_nytt_1920-300x200.jpg 300w, https:\/\/mills.no\/content\/uploads\/2017\/02\/bananbrC3B8d_nytt_1920-1024x683.jpg 1024w, https:\/\/mills.no\/content\/uploads\/2017\/02\/bananbrC3B8d_nytt_1920-768x512.jpg 768w, https:\/\/mills.no\/content\/uploads\/2017\/02\/bananbrC3B8d_nytt_1920-1536x1024.jpg 1536w, https:\/\/mills.no\/content\/uploads\/2017\/02\/bananbrC3B8d_nytt_1920-80x53.jpg 80w\" sizes=\"auto, (max-width: 1920px) 100vw, 1920px\" \/><\/figure>\n\n<div class=\"wp-block-group alignfull is-layout-flow wp-block-group-is-layout-flow\">\n\t<h2 class=\"t2-post-title wp-block-t2-post-title\">Saftig bananbr\u00f8d uten melk, gluten og tilsatt sukker<\/h2>\n\t<div class=\"t2-post-excerpt wp-block-t2-post-excerpt\"><p>Har du bananer som begynner \u00e5 bli brune i skallet? Da har du en perfekt anledning til \u00e5 lage deilig&hellip;<\/p><\/div>\n\t\n\t\t<div class=\"wp-block-mills-block-recipe-info\">\n\t\t\t<div class=\"mills-block-recipe-info-item mills-block-recipe-info-item--difficulty\">Enkel<\/div>\n\t\t\t<div class=\"mills-block-recipe-info-item mills-block-recipe-info-item--time\">1 t<\/div>\n\t\t<\/div>\n<\/div>\n\n<\/a>\n<\/div>\n\n<div class=\"t2-featured-single-post t2-featured-content is-post-type-recipe brand-soft-flora recipe_category-bakst-og-brod recipe_category-frokost-og-lunsj wp-block-t2-featured-single-post\" role=\"listitem\"><a class=\"t2-post-link wp-block-t2-post-link\" href=\"https:\/\/mills.no\/soft-flora\/oppskrift\/scones-uten-melk\/\">\n<figure style=\"--t2-focal-point: 50% 50%;\" class=\"t2-post-featured-image has-image-ratio-16-9 wp-block-t2-post-featured-image\"><img loading=\"lazy\" decoding=\"async\" width=\"1920\" height=\"930\" src=\"https:\/\/mills.no\/content\/uploads\/2016\/11\/Scones-uten-melk-1920-e1484900507696.jpg\" class=\"attachment-medium-large size-medium-large wp-post-image\" alt=\"Scones uten melk med p\u00e5legg\" srcset=\"https:\/\/mills.no\/content\/uploads\/2016\/11\/Scones-uten-melk-1920-e1484900507696.jpg 1920w, https:\/\/mills.no\/content\/uploads\/2016\/11\/Scones-uten-melk-1920-e1484900507696-300x145.jpg 300w, https:\/\/mills.no\/content\/uploads\/2016\/11\/Scones-uten-melk-1920-e1484900507696-1024x496.jpg 1024w, https:\/\/mills.no\/content\/uploads\/2016\/11\/Scones-uten-melk-1920-e1484900507696-768x372.jpg 768w, https:\/\/mills.no\/content\/uploads\/2016\/11\/Scones-uten-melk-1920-e1484900507696-1536x744.jpg 1536w, https:\/\/mills.no\/content\/uploads\/2016\/11\/Scones-uten-melk-1920-e1484900507696-80x39.jpg 80w\" sizes=\"auto, (max-width: 1920px) 100vw, 1920px\" \/><\/figure>\n\n<div class=\"wp-block-group alignfull is-layout-flow wp-block-group-is-layout-flow\">\n\t<h2 class=\"t2-post-title wp-block-t2-post-title\">Scones uten melk<\/h2>\n\t<div class=\"t2-post-excerpt wp-block-t2-post-excerpt\"><p>Ingenting smaker bedre enn rykende ferske scones til helgefrokosten! Disse er uten melk, halvgrove og inneholder lite sukker &#8211; i&hellip;<\/p><\/div>\n\t\n\t\t<div class=\"wp-block-mills-block-recipe-info\">\n\t\t\t<div class=\"mills-block-recipe-info-item mills-block-recipe-info-item--difficulty\">Enkel<\/div>\n\t\t\t<div class=\"mills-block-recipe-info-item mills-block-recipe-info-item--time\">30 min<\/div>\n\t\t<\/div>\n<\/div>\n\n<\/a>\n<\/div>\n<\/div>\n\n\t\t\t<\/div>\n\t\t<\/div>","protected":false},"excerpt":{"rendered":"<p>Soft Flora Uten melk og soya er beregnet for deg som har intoleranse eller er allergisk mot melk og soya.<\/p>\n","protected":false},"featured_media":0,"menu_order":143,"template":"","meta":{"_searchwp_excluded":"","hide_post_title":false,"mills_central_gtin":"","footnotes":""},"brand":[],"allergen":[],"product_category":[],"product_label":[],"class_list":["post-33017","product","type-product","status-publish","hentry"],"yoast_head":"<!-- This site is optimized with the Yoast SEO Premium plugin v26.9 (Yoast SEO v26.9) - https:\/\/yoast.com\/product\/yoast-seo-premium-wordpress\/ -->\n<title>Soft Flora Uten melk og soya - Soft Flora<\/title>\n<meta name=\"robots\" content=\"index, follow, max-snippet:-1, max-image-preview:large, max-video-preview:-1\" \/>\n<link rel=\"canonical\" href=\"https:\/\/mills.no\/soft-flora\/produkt\/soft-flora-spesial\/\" \/>\n<meta property=\"og:locale\" content=\"nb_NO\" \/>\n<meta property=\"og:type\" content=\"article\" \/>\n<meta property=\"og:title\" content=\"Soft Flora Uten melk og soya\" \/>\n<meta property=\"og:description\" content=\"Soft Flora Uten melk og soya er beregnet for deg som har intoleranse eller er allergisk mot melk og soya.\" \/>\n<meta property=\"og:url\" content=\"https:\/\/mills.no\/soft-flora\/produkt\/soft-flora-spesial\/\" \/>\n<meta property=\"og:site_name\" content=\"Soft Flora\" \/>\n<meta property=\"article:modified_time\" content=\"2024-12-17T11:32:24+00:00\" \/>\n<meta property=\"og:image\" content=\"https:\/\/mills.no\/content\/uploads\/2023\/08\/7036110008172_G1C1_2400px-1024x681.png\" \/>\n<meta name=\"twitter:card\" content=\"summary_large_image\" \/>\n<script type=\"application\/ld+json\" class=\"yoast-schema-graph\">{\"@context\":\"https:\/\/schema.org\",\"@graph\":[{\"@type\":\"WebPage\",\"@id\":\"https:\/\/mills.no\/soft-flora\/produkt\/soft-flora-spesial\/\",\"url\":\"https:\/\/mills.no\/soft-flora\/produkt\/soft-flora-spesial\/\",\"name\":\"Soft Flora Uten melk og soya - Soft Flora\",\"isPartOf\":{\"@id\":\"https:\/\/mills.no\/soft-flora\/#website\"},\"primaryImageOfPage\":{\"@id\":\"https:\/\/mills.no\/soft-flora\/produkt\/soft-flora-spesial\/#primaryimage\"},\"image\":{\"@id\":\"https:\/\/mills.no\/soft-flora\/produkt\/soft-flora-spesial\/#primaryimage\"},\"thumbnailUrl\":\"https:\/\/mills.no\/content\/uploads\/2024\/12\/7036110008172_G1N1_1200px-1024x762.png\",\"datePublished\":\"2016-01-21T07:50:49+00:00\",\"dateModified\":\"2024-12-17T11:32:24+00:00\",\"breadcrumb\":{\"@id\":\"https:\/\/mills.no\/soft-flora\/produkt\/soft-flora-spesial\/#breadcrumb\"},\"inLanguage\":\"nb-NO\",\"potentialAction\":[{\"@type\":\"ReadAction\",\"target\":[\"https:\/\/mills.no\/soft-flora\/produkt\/soft-flora-spesial\/\"]}]},{\"@type\":\"ImageObject\",\"inLanguage\":\"nb-NO\",\"@id\":\"https:\/\/mills.no\/soft-flora\/produkt\/soft-flora-spesial\/#primaryimage\",\"url\":\"https:\/\/mills.no\/content\/uploads\/2024\/12\/7036110008172_G1N1_1200px-1024x762.png\",\"contentUrl\":\"https:\/\/mills.no\/content\/uploads\/2024\/12\/7036110008172_G1N1_1200px-1024x762.png\"},{\"@type\":\"BreadcrumbList\",\"@id\":\"https:\/\/mills.no\/soft-flora\/produkt\/soft-flora-spesial\/#breadcrumb\",\"itemListElement\":[{\"@type\":\"ListItem\",\"position\":1,\"name\":\"Home\",\"item\":\"https:\/\/mills.no\/soft-flora\/\"},{\"@type\":\"ListItem\",\"position\":2,\"name\":\"Produkter\",\"item\":\"https:\/\/mills.no\/soft-flora\/produkter\/\"},{\"@type\":\"ListItem\",\"position\":3,\"name\":\"Soft Flora Uten melk og soya\"}]},{\"@type\":\"WebSite\",\"@id\":\"https:\/\/mills.no\/soft-flora\/#website\",\"url\":\"https:\/\/mills.no\/soft-flora\/\",\"name\":\"Soft Flora\",\"description\":\"En naturlig familiefavoritt\",\"publisher\":{\"@id\":\"https:\/\/mills.no\/soft-flora\/#organization\"},\"potentialAction\":[{\"@type\":\"SearchAction\",\"target\":{\"@type\":\"EntryPoint\",\"urlTemplate\":\"https:\/\/mills.no\/soft-flora\/?s={search_term_string}\"},\"query-input\":{\"@type\":\"PropertyValueSpecification\",\"valueRequired\":true,\"valueName\":\"search_term_string\"}}],\"inLanguage\":\"nb-NO\"},{\"@type\":\"Organization\",\"@id\":\"https:\/\/mills.no\/soft-flora\/#organization\",\"name\":\"Soft Flora\",\"url\":\"https:\/\/mills.no\/soft-flora\/\",\"logo\":{\"@type\":\"ImageObject\",\"inLanguage\":\"nb-NO\",\"@id\":\"https:\/\/mills.no\/soft-flora\/#\/schema\/logo\/image\/\",\"url\":\"https:\/\/mills.no\/content\/uploads\/sites\/6\/2023\/08\/Soft-Flora_hovedlogo_1.svg\",\"contentUrl\":\"https:\/\/mills.no\/content\/uploads\/sites\/6\/2023\/08\/Soft-Flora_hovedlogo_1.svg\",\"caption\":\"Soft Flora\"},\"image\":{\"@id\":\"https:\/\/mills.no\/soft-flora\/#\/schema\/logo\/image\/\"}}]}<\/script>\n<!-- \/ Yoast SEO Premium plugin. -->","yoast_head_json":{"title":"Soft Flora Uten melk og soya - Soft Flora","robots":{"index":"index","follow":"follow","max-snippet":"max-snippet:-1","max-image-preview":"max-image-preview:large","max-video-preview":"max-video-preview:-1"},"canonical":"https:\/\/mills.no\/soft-flora\/produkt\/soft-flora-spesial\/","og_locale":"nb_NO","og_type":"article","og_title":"Soft Flora Uten melk og soya","og_description":"Soft Flora Uten melk og soya er beregnet for deg som har intoleranse eller er allergisk mot melk og soya.","og_url":"https:\/\/mills.no\/soft-flora\/produkt\/soft-flora-spesial\/","og_site_name":"Soft Flora","article_modified_time":"2024-12-17T11:32:24+00:00","og_image":[{"url":"https:\/\/mills.no\/content\/uploads\/2023\/08\/7036110008172_G1C1_2400px-1024x681.png","type":"","width":"","height":""}],"twitter_card":"summary_large_image","schema":{"@context":"https:\/\/schema.org","@graph":[{"@type":"WebPage","@id":"https:\/\/mills.no\/soft-flora\/produkt\/soft-flora-spesial\/","url":"https:\/\/mills.no\/soft-flora\/produkt\/soft-flora-spesial\/","name":"Soft Flora Uten melk og soya - Soft Flora","isPartOf":{"@id":"https:\/\/mills.no\/soft-flora\/#website"},"primaryImageOfPage":{"@id":"https:\/\/mills.no\/soft-flora\/produkt\/soft-flora-spesial\/#primaryimage"},"image":{"@id":"https:\/\/mills.no\/soft-flora\/produkt\/soft-flora-spesial\/#primaryimage"},"thumbnailUrl":"https:\/\/mills.no\/content\/uploads\/2024\/12\/7036110008172_G1N1_1200px-1024x762.png","datePublished":"2016-01-21T07:50:49+00:00","dateModified":"2024-12-17T11:32:24+00:00","breadcrumb":{"@id":"https:\/\/mills.no\/soft-flora\/produkt\/soft-flora-spesial\/#breadcrumb"},"inLanguage":"nb-NO","potentialAction":[{"@type":"ReadAction","target":["https:\/\/mills.no\/soft-flora\/produkt\/soft-flora-spesial\/"]}]},{"@type":"ImageObject","inLanguage":"nb-NO","@id":"https:\/\/mills.no\/soft-flora\/produkt\/soft-flora-spesial\/#primaryimage","url":"https:\/\/mills.no\/content\/uploads\/2024\/12\/7036110008172_G1N1_1200px-1024x762.png","contentUrl":"https:\/\/mills.no\/content\/uploads\/2024\/12\/7036110008172_G1N1_1200px-1024x762.png"},{"@type":"BreadcrumbList","@id":"https:\/\/mills.no\/soft-flora\/produkt\/soft-flora-spesial\/#breadcrumb","itemListElement":[{"@type":"ListItem","position":1,"name":"Home","item":"https:\/\/mills.no\/soft-flora\/"},{"@type":"ListItem","position":2,"name":"Produkter","item":"https:\/\/mills.no\/soft-flora\/produkter\/"},{"@type":"ListItem","position":3,"name":"Soft Flora Uten melk og soya"}]},{"@type":"WebSite","@id":"https:\/\/mills.no\/soft-flora\/#website","url":"https:\/\/mills.no\/soft-flora\/","name":"Soft Flora","description":"En naturlig familiefavoritt","publisher":{"@id":"https:\/\/mills.no\/soft-flora\/#organization"},"potentialAction":[{"@type":"SearchAction","target":{"@type":"EntryPoint","urlTemplate":"https:\/\/mills.no\/soft-flora\/?s={search_term_string}"},"query-input":{"@type":"PropertyValueSpecification","valueRequired":true,"valueName":"search_term_string"}}],"inLanguage":"nb-NO"},{"@type":"Organization","@id":"https:\/\/mills.no\/soft-flora\/#organization","name":"Soft Flora","url":"https:\/\/mills.no\/soft-flora\/","logo":{"@type":"ImageObject","inLanguage":"nb-NO","@id":"https:\/\/mills.no\/soft-flora\/#\/schema\/logo\/image\/","url":"https:\/\/mills.no\/content\/uploads\/sites\/6\/2023\/08\/Soft-Flora_hovedlogo_1.svg","contentUrl":"https:\/\/mills.no\/content\/uploads\/sites\/6\/2023\/08\/Soft-Flora_hovedlogo_1.svg","caption":"Soft Flora"},"image":{"@id":"https:\/\/mills.no\/soft-flora\/#\/schema\/logo\/image\/"}}]}},"_links":{"self":[{"href":"https:\/\/mills.no\/soft-flora\/wp-json\/wp\/v2\/product\/33017","targetHints":{"allow":["GET"]}}],"collection":[{"href":"https:\/\/mills.no\/soft-flora\/wp-json\/wp\/v2\/product"}],"about":[{"href":"https:\/\/mills.no\/soft-flora\/wp-json\/wp\/v2\/types\/product"}],"version-history":[{"count":0,"href":"https:\/\/mills.no\/soft-flora\/wp-json\/wp\/v2\/product\/33017\/revisions"}],"wp:attachment":[{"href":"https:\/\/mills.no\/soft-flora\/wp-json\/wp\/v2\/media?parent=33017"}],"wp:term":[{"taxonomy":"brand","embeddable":true,"href":"https:\/\/mills.no\/soft-flora\/wp-json\/wp\/v2\/brand?post=33017"},{"taxonomy":"allergen","embeddable":true,"href":"https:\/\/mills.no\/soft-flora\/wp-json\/wp\/v2\/allergen?post=33017"},{"taxonomy":"product_category","embeddable":true,"href":"https:\/\/mills.no\/soft-flora\/wp-json\/wp\/v2\/product_category?post=33017"},{"taxonomy":"product_label","embeddable":true,"href":"https:\/\/mills.no\/soft-flora\/wp-json\/wp\/v2\/product_label?post=33017"}],"curies":[{"name":"wp","href":"https:\/\/api.w.org\/{rel}","templated":true}]}}