{"id":33019,"date":"2016-01-21T08:50:49","date_gmt":"2016-01-21T07:50:49","guid":{"rendered":"https:\/\/mills.no\/produkt\/soft-flora-original\/"},"modified":"2024-12-17T12:28:08","modified_gmt":"2024-12-17T11:28:08","slug":"soft-flora-original","status":"publish","type":"product","link":"https:\/\/mills.no\/soft-flora\/produkt\/soft-flora-original\/","title":{"rendered":"Soft Flora Original"},"content":{"rendered":"<div class=\"mills-block-featured alignwide alignwide wp-block-mills-block-featured\"><div class=\"wp-block-cover__inner-container\">\n<h1 class=\"has-text-align-center wp-block-post-title has-text-color has-neutral-1000-color\">Soft Flora Original<\/h1>\n\n<p class=\"t2-ingress has-text-align-center align wp-block-t2-ingress\">Soft Flora er laget av rapsolje som gir mild og god smak, og sm\u00f8remykhet rett fra kj\u00f8leskapet. Den milde og gode smaken passer til alle p\u00e5legg og til hele familien, ogs\u00e5 til babyer som skal begynne \u00e5 spise br\u00f8d for f\u00f8rste gang. \n<\/p>\n<\/div><\/div>\n\n\n\t\t<div class=\"has-background has-neutral-0-background-color is-style-vertical-spacing is-style-horizontal-spacing alignwide wp-block-mills-section has-background has-neutral-0-background-color\">\n\t\t\t<div class=\"wp-block-mills-section__inner aligncenter\">\n\t\t\t\t\n\n<figure class=\"wp-block-image aligncenter size-large\"><img decoding=\"async\" src=\"https:\/\/mills.no\/content\/uploads\/2024\/12\/7036110010472_A1N1_1200px-1024x761.png\" alt=\"\" class=\"wp-image-42863\"\/><figcaption class=\"wp-element-caption\">Soft Flora Original<\/figcaption><\/figure>\n\n\n\t\t\t<\/div>\n\t\t<\/div>\n\n<div class=\"mills-block-food-labeling alignwide alignwide wp-block-mills-block-food-labeling\"><div class=\"left\"><section class=\"nutrients-section\"><header class\"nutrients-header\"><h3>N\u00e6ringsinnhold<\/h3><\/header><p class=\"nutrients-info\">100 gram gir.<\/p><div class=\"nutrients-list\"><div class=\"nutrient-item heading energy ENERGY_KJ\"><span>Energi<\/span><span>2220 kJ (540 kcal)<\/span><\/div><div class=\"empty-item\"><span>&nbsp;<\/span><\/div><div class=\"nutrient-item heading fat FAT\"><span>Fett<\/span><span>60 g<\/span><\/div><div class=\"nutrient-sub\"><span>Hvorav<\/span><\/div><div class=\"nutrient-item fat FASAT\"><span>&#8211; Mettet fett<\/span><span>12 g<\/span><\/div><div class=\"nutrient-item fat FAMSCIS\"><span>&#8211; Enumettet fett<\/span><span>30 g<\/span><\/div><div class=\"nutrient-item fat FAPUCIS\"><span>&#8211; Flerumettet fett<\/span><span>14 g<\/span><\/div><div class=\"empty-item\"><span>&nbsp;<\/span><\/div><div class=\"nutrient-item heading carbs CHOAVL\"><span>Karbohydrater<\/span><span>0.5 g<\/span><\/div><div class=\"nutrient-sub\"><span>Hvorav<\/span><\/div><div class=\"nutrient-item carbs SUGAR-\"><span>&#8211; Sukkerarter<\/span><span>0.5 g<\/span><\/div><div class=\"empty-item\"><span>&nbsp;<\/span><\/div><div class=\"nutrient-item heading protein PRO-\"><span>Protein<\/span><span>0.5 g<\/span><\/div><div class=\"empty-item\"><span>&nbsp;<\/span><\/div><div class=\"nutrient-item heading salt SALTEQ\"><span>Salt<\/span><span>1 g<\/span><\/div><div class=\"empty-item\"><span>&nbsp;<\/span><\/div><div class=\"nutrient-item heading vita \"><span>Vitamin A<\/span><span>900 \u00b5g<\/span><\/div><div class=\"nutrient-item vita \"><span>Vitamin D<\/span><span>10 \u00b5g<\/span><\/div><div class=\"nutrient-item vita \"><span>Vitamin E<\/span><span>13 mg<\/span><\/div><\/div><\/section><\/div><div class=\"right\"><section class=\"ingredients-section\"><header class=\"ingredients-header\"><h3>Ingredienser<\/h3><\/header><p class=\"ingredients-list\">Rapsolje (49 %), vann, fullherdet kokos- og rapsolje, skummet melk, kokosolje, salt, emulgator (soyalecitin, monoglyserider av fettsyrer), konserveringsmiddel (kaliumsorbat), surhetsregulerende middel (melkesyre), vitamin A, vitamin D, fargestoff (betakaroten), naturlig aroma<\/p><p class=\"ingredients-smallprint\"><small>Produktsammensetningen kan endres. Les derfor alltid ingredienslisten p\u00e5 emballasjen p\u00e5 produktet.<\/small><\/p><\/section>\n<section class=\"allergens-section contains\"><header class=\"allergens-header\"><h3>Allergener<\/h3><\/header><div class=\"wp-block-buttons\"><div class=\"wp-block-button is-style-outline AM\"><span class=\"wp-block-button__link\">Melk<i class=\"icon-IconAllergy-milk\"><\/i><\/span><\/div><div class=\"wp-block-button is-style-outline AY\"><span class=\"wp-block-button__link\">Soyab\u00f8nner<i class=\"icon-IconAllergy-soy\"><\/i><\/span><\/div><\/div><\/section><\/div><\/div>","protected":false},"excerpt":{"rendered":"<p>Soft Flora er laget av rapsolje som gir mild og god smak, og sm\u00f8remykhet rett fra kj\u00f8leskapet. Den milde og&hellip;<\/p>\n","protected":false},"featured_media":0,"menu_order":141,"template":"","meta":{"_searchwp_excluded":"","hide_post_title":false,"mills_central_gtin":"","footnotes":""},"brand":[],"allergen":[],"product_category":[],"product_label":[],"class_list":["post-33019","product","type-product","status-publish","hentry"],"yoast_head":"<!-- This site is optimized with the Yoast SEO Premium plugin v26.9 (Yoast SEO v26.9) - https:\/\/yoast.com\/product\/yoast-seo-premium-wordpress\/ -->\n<title>Soft Flora Original - Soft Flora<\/title>\n<meta name=\"robots\" content=\"index, follow, max-snippet:-1, max-image-preview:large, max-video-preview:-1\" \/>\n<link rel=\"canonical\" href=\"https:\/\/mills.no\/soft-flora\/produkt\/soft-flora-original\/\" \/>\n<meta property=\"og:locale\" content=\"nb_NO\" \/>\n<meta property=\"og:type\" content=\"article\" \/>\n<meta property=\"og:title\" content=\"Soft Flora Original\" \/>\n<meta property=\"og:description\" content=\"Soft Flora er laget av rapsolje som gir mild og god smak, og sm\u00f8remykhet rett fra kj\u00f8leskapet. Den milde og&hellip;\" \/>\n<meta property=\"og:url\" content=\"https:\/\/mills.no\/soft-flora\/produkt\/soft-flora-original\/\" \/>\n<meta property=\"og:site_name\" content=\"Soft Flora\" \/>\n<meta property=\"article:modified_time\" content=\"2024-12-17T11:28:08+00:00\" \/>\n<meta property=\"og:image\" content=\"https:\/\/mills.no\/content\/uploads\/2023\/08\/7036110010472_G1C1_2400px-1024x681.png\" \/>\n<meta name=\"twitter:card\" content=\"summary_large_image\" \/>\n<script type=\"application\/ld+json\" class=\"yoast-schema-graph\">{\"@context\":\"https:\/\/schema.org\",\"@graph\":[{\"@type\":\"WebPage\",\"@id\":\"https:\/\/mills.no\/soft-flora\/produkt\/soft-flora-original\/\",\"url\":\"https:\/\/mills.no\/soft-flora\/produkt\/soft-flora-original\/\",\"name\":\"Soft Flora Original - Soft Flora\",\"isPartOf\":{\"@id\":\"https:\/\/mills.no\/soft-flora\/#website\"},\"primaryImageOfPage\":{\"@id\":\"https:\/\/mills.no\/soft-flora\/produkt\/soft-flora-original\/#primaryimage\"},\"image\":{\"@id\":\"https:\/\/mills.no\/soft-flora\/produkt\/soft-flora-original\/#primaryimage\"},\"thumbnailUrl\":\"https:\/\/mills.no\/content\/uploads\/2024\/12\/7036110010472_A1N1_1200px-1024x761.png\",\"datePublished\":\"2016-01-21T07:50:49+00:00\",\"dateModified\":\"2024-12-17T11:28:08+00:00\",\"breadcrumb\":{\"@id\":\"https:\/\/mills.no\/soft-flora\/produkt\/soft-flora-original\/#breadcrumb\"},\"inLanguage\":\"nb-NO\",\"potentialAction\":[{\"@type\":\"ReadAction\",\"target\":[\"https:\/\/mills.no\/soft-flora\/produkt\/soft-flora-original\/\"]}]},{\"@type\":\"ImageObject\",\"inLanguage\":\"nb-NO\",\"@id\":\"https:\/\/mills.no\/soft-flora\/produkt\/soft-flora-original\/#primaryimage\",\"url\":\"https:\/\/mills.no\/content\/uploads\/2024\/12\/7036110010472_A1N1_1200px-1024x761.png\",\"contentUrl\":\"https:\/\/mills.no\/content\/uploads\/2024\/12\/7036110010472_A1N1_1200px-1024x761.png\"},{\"@type\":\"BreadcrumbList\",\"@id\":\"https:\/\/mills.no\/soft-flora\/produkt\/soft-flora-original\/#breadcrumb\",\"itemListElement\":[{\"@type\":\"ListItem\",\"position\":1,\"name\":\"Home\",\"item\":\"https:\/\/mills.no\/soft-flora\/\"},{\"@type\":\"ListItem\",\"position\":2,\"name\":\"Produkter\",\"item\":\"https:\/\/mills.no\/soft-flora\/produkter\/\"},{\"@type\":\"ListItem\",\"position\":3,\"name\":\"Soft Flora Original\"}]},{\"@type\":\"WebSite\",\"@id\":\"https:\/\/mills.no\/soft-flora\/#website\",\"url\":\"https:\/\/mills.no\/soft-flora\/\",\"name\":\"Soft Flora\",\"description\":\"En naturlig familiefavoritt\",\"publisher\":{\"@id\":\"https:\/\/mills.no\/soft-flora\/#organization\"},\"potentialAction\":[{\"@type\":\"SearchAction\",\"target\":{\"@type\":\"EntryPoint\",\"urlTemplate\":\"https:\/\/mills.no\/soft-flora\/?s={search_term_string}\"},\"query-input\":{\"@type\":\"PropertyValueSpecification\",\"valueRequired\":true,\"valueName\":\"search_term_string\"}}],\"inLanguage\":\"nb-NO\"},{\"@type\":\"Organization\",\"@id\":\"https:\/\/mills.no\/soft-flora\/#organization\",\"name\":\"Soft Flora\",\"url\":\"https:\/\/mills.no\/soft-flora\/\",\"logo\":{\"@type\":\"ImageObject\",\"inLanguage\":\"nb-NO\",\"@id\":\"https:\/\/mills.no\/soft-flora\/#\/schema\/logo\/image\/\",\"url\":\"https:\/\/mills.no\/content\/uploads\/sites\/6\/2023\/08\/Soft-Flora_hovedlogo_1.svg\",\"contentUrl\":\"https:\/\/mills.no\/content\/uploads\/sites\/6\/2023\/08\/Soft-Flora_hovedlogo_1.svg\",\"caption\":\"Soft Flora\"},\"image\":{\"@id\":\"https:\/\/mills.no\/soft-flora\/#\/schema\/logo\/image\/\"}}]}<\/script>\n<!-- \/ Yoast SEO Premium plugin. -->","yoast_head_json":{"title":"Soft Flora Original - Soft Flora","robots":{"index":"index","follow":"follow","max-snippet":"max-snippet:-1","max-image-preview":"max-image-preview:large","max-video-preview":"max-video-preview:-1"},"canonical":"https:\/\/mills.no\/soft-flora\/produkt\/soft-flora-original\/","og_locale":"nb_NO","og_type":"article","og_title":"Soft Flora Original","og_description":"Soft Flora er laget av rapsolje som gir mild og god smak, og sm\u00f8remykhet rett fra kj\u00f8leskapet. Den milde og&hellip;","og_url":"https:\/\/mills.no\/soft-flora\/produkt\/soft-flora-original\/","og_site_name":"Soft Flora","article_modified_time":"2024-12-17T11:28:08+00:00","og_image":[{"url":"https:\/\/mills.no\/content\/uploads\/2023\/08\/7036110010472_G1C1_2400px-1024x681.png","type":"","width":"","height":""}],"twitter_card":"summary_large_image","schema":{"@context":"https:\/\/schema.org","@graph":[{"@type":"WebPage","@id":"https:\/\/mills.no\/soft-flora\/produkt\/soft-flora-original\/","url":"https:\/\/mills.no\/soft-flora\/produkt\/soft-flora-original\/","name":"Soft Flora Original - Soft Flora","isPartOf":{"@id":"https:\/\/mills.no\/soft-flora\/#website"},"primaryImageOfPage":{"@id":"https:\/\/mills.no\/soft-flora\/produkt\/soft-flora-original\/#primaryimage"},"image":{"@id":"https:\/\/mills.no\/soft-flora\/produkt\/soft-flora-original\/#primaryimage"},"thumbnailUrl":"https:\/\/mills.no\/content\/uploads\/2024\/12\/7036110010472_A1N1_1200px-1024x761.png","datePublished":"2016-01-21T07:50:49+00:00","dateModified":"2024-12-17T11:28:08+00:00","breadcrumb":{"@id":"https:\/\/mills.no\/soft-flora\/produkt\/soft-flora-original\/#breadcrumb"},"inLanguage":"nb-NO","potentialAction":[{"@type":"ReadAction","target":["https:\/\/mills.no\/soft-flora\/produkt\/soft-flora-original\/"]}]},{"@type":"ImageObject","inLanguage":"nb-NO","@id":"https:\/\/mills.no\/soft-flora\/produkt\/soft-flora-original\/#primaryimage","url":"https:\/\/mills.no\/content\/uploads\/2024\/12\/7036110010472_A1N1_1200px-1024x761.png","contentUrl":"https:\/\/mills.no\/content\/uploads\/2024\/12\/7036110010472_A1N1_1200px-1024x761.png"},{"@type":"BreadcrumbList","@id":"https:\/\/mills.no\/soft-flora\/produkt\/soft-flora-original\/#breadcrumb","itemListElement":[{"@type":"ListItem","position":1,"name":"Home","item":"https:\/\/mills.no\/soft-flora\/"},{"@type":"ListItem","position":2,"name":"Produkter","item":"https:\/\/mills.no\/soft-flora\/produkter\/"},{"@type":"ListItem","position":3,"name":"Soft Flora Original"}]},{"@type":"WebSite","@id":"https:\/\/mills.no\/soft-flora\/#website","url":"https:\/\/mills.no\/soft-flora\/","name":"Soft Flora","description":"En naturlig familiefavoritt","publisher":{"@id":"https:\/\/mills.no\/soft-flora\/#organization"},"potentialAction":[{"@type":"SearchAction","target":{"@type":"EntryPoint","urlTemplate":"https:\/\/mills.no\/soft-flora\/?s={search_term_string}"},"query-input":{"@type":"PropertyValueSpecification","valueRequired":true,"valueName":"search_term_string"}}],"inLanguage":"nb-NO"},{"@type":"Organization","@id":"https:\/\/mills.no\/soft-flora\/#organization","name":"Soft Flora","url":"https:\/\/mills.no\/soft-flora\/","logo":{"@type":"ImageObject","inLanguage":"nb-NO","@id":"https:\/\/mills.no\/soft-flora\/#\/schema\/logo\/image\/","url":"https:\/\/mills.no\/content\/uploads\/sites\/6\/2023\/08\/Soft-Flora_hovedlogo_1.svg","contentUrl":"https:\/\/mills.no\/content\/uploads\/sites\/6\/2023\/08\/Soft-Flora_hovedlogo_1.svg","caption":"Soft Flora"},"image":{"@id":"https:\/\/mills.no\/soft-flora\/#\/schema\/logo\/image\/"}}]}},"_links":{"self":[{"href":"https:\/\/mills.no\/soft-flora\/wp-json\/wp\/v2\/product\/33019","targetHints":{"allow":["GET"]}}],"collection":[{"href":"https:\/\/mills.no\/soft-flora\/wp-json\/wp\/v2\/product"}],"about":[{"href":"https:\/\/mills.no\/soft-flora\/wp-json\/wp\/v2\/types\/product"}],"version-history":[{"count":0,"href":"https:\/\/mills.no\/soft-flora\/wp-json\/wp\/v2\/product\/33019\/revisions"}],"wp:attachment":[{"href":"https:\/\/mills.no\/soft-flora\/wp-json\/wp\/v2\/media?parent=33019"}],"wp:term":[{"taxonomy":"brand","embeddable":true,"href":"https:\/\/mills.no\/soft-flora\/wp-json\/wp\/v2\/brand?post=33019"},{"taxonomy":"allergen","embeddable":true,"href":"https:\/\/mills.no\/soft-flora\/wp-json\/wp\/v2\/allergen?post=33019"},{"taxonomy":"product_category","embeddable":true,"href":"https:\/\/mills.no\/soft-flora\/wp-json\/wp\/v2\/product_category?post=33019"},{"taxonomy":"product_label","embeddable":true,"href":"https:\/\/mills.no\/soft-flora\/wp-json\/wp\/v2\/product_label?post=33019"}],"curies":[{"name":"wp","href":"https:\/\/api.w.org\/{rel}","templated":true}]}}